{"id":94,"date":"2016-02-02T10:47:35","date_gmt":"2016-02-02T08:47:35","guid":{"rendered":"http:\/\/wi.ee\/voro\/?page_id=94"},"modified":"2023-01-09T14:45:58","modified_gmt":"2023-01-09T12:45:58","slug":"kauksi-ulle","status":"publish","type":"page","link":"https:\/\/wi.ee\/voro\/kiranigu\/kauksi-ulle\/","title":{"rendered":"Kauksi \u00dclle"},"content":{"rendered":"<p><strong><img loading=\"lazy\" decoding=\"async\" class=\"alignleft size-full wp-image-106\" src=\"http:\/\/wi.ee\/voro\/wp-content\/uploads\/2016\/02\/kauksi-ulle.jpg\" alt=\"kauksi-ulle\" width=\"190\" height=\"202\" \/>Kauksi \u00dclle<\/strong> s\u00fcnd\u00fc 23. septembril 1962 V\u00f5ro haig\u00f5majan. \u00dcles kasvi t\u00e4 P\u00e4rlij\u00f5\u00f5 veeren Saarlas\u00f5 k\u00fcl\u00e4n vanaim\u00e4 Kauksi Elisabethi hool\u00f5 all. Suguv\u00f5sast ja kotus\u00f5st um kuigiv\u00f5rd juttu novellikogon \u201cS\u00e4ng\u201d.<\/p>\n<p>Kauksi \u00dclle l\u00f5p\u00f5t R\u00f5ug\u00f5 8-klassilise kooli, V\u00f5ro I Keskkooli umm\u00f5lus\u00f5klassi. 1981. ast Tartu \u00fclikooli aokir\u00e4nd\u00fcse osakonda, mink l\u00f5p\u00f5t 1986.<\/p>\n<p>1997 ast Tartu \u00fclikooli v\u00f5rdl\u00f5va rahvaluul\u00f5 opp\u00f5tooli mano magistrantuuri.<\/p>\n<p>1986-1987 oll Kauksi \u00dclle aokir\u00e4 Kultuur ja Elu korrespondent, 1987-1990 Kirjanik\u00f5 Liidu Tartu osakonna metoodik, 1990. aastagast um t\u00e4 Eesti Kirjanik\u00f5 Liidu liig\u00f5.<\/p>\n<p>1991-1993 t\u00fc\u00fct V\u00f5ru Raadio p\u00e4\u00e4toim\u00f5tajana ja per\u00e4n tegevdirektorina. Tekk s\u00e4\u00e4l v\u00f5rokiilsid latsisaatid ja toim\u00f5t seto saad\u00f5t. Muut V\u00f5ro raadio suur\u00f5n osan v\u00f5rokiilses.<\/p>\n<p>1993. aastagast alat\u00f5n oll\u00a0Kauksi \u00dclle Sihtasutus\u00f5 Fenno-Ugria Tartu osakonna sekret\u00e4r, 1998 -2004 juhataja.<\/p>\n<p>1994. aastal k\u00f5rrald\u00a0rahvusvaihelidse Soome-Ugri Noorte Loojate I konverentsi ja 1999. aastal Soomeugri Noorte Loojate III Etnofuturismikonverentsi, 1997. aastal Soome Ugri Rahvaste VII Folkloorifestivali Eestin (\u00fcten Jaak Prozesega), 1999. aastal H\u00f5imurahvaste Lastefolkloorifestivali \u201cSuveharja Ilo\u201d (\u00fcten Ahto Raudojaga).<\/p>\n<p>1998-1999 &#8211;\u00a0 V\u00f5ro Kirjand\u00fcse Aasta 1999 loominguline juht:\u00a0Juhan Jaigile p\u00fchendet konverentse sari Talnan, Tartun ja V\u00f5rol jaanuarin\u00a01999, niisamat\u00f5 t\u00f5isi kir\u00e4nike juubelite t\u00e4hist\u00e4mise ja ilokir\u00e4nduse avaldamine.<\/p>\n<p>K\u00f5rrald ja juhat Kaika Suv\u00f5\u00fclikuuli (1993 Urvast\u00f5 kihlkunnan Sulbin ja 1996 R\u00f5ug\u00f5 kihlkunnan Viitin\u00e4n, 2022 matkap\u00e4iv\u00e4 R\u00f5ug\u00f5n)<\/p>\n<p>1990-2000 &#8211; Eesti Kostabi Seltsi asutajaliig\u00f5 ja juhatus\u00f5 liig\u00f5<\/p>\n<p>V\u00f5ro Keele ja Kultuuri Fondi asutajaliig\u00f5<\/p>\n<p>2001. aastagast ansambli \u201cL\u00f5k\u00f5riq\u201d <em>manager<\/em> (ilmunu <em>CD<\/em> \u201cS\u00fc\u00e4 kisk\u201d ja \u201cUnds\u00f5n ilman\u201d)<\/p>\n<p>2005. aastagast Seto Kongressi Vanembite Kogo liig\u00f5<\/p>\n<p>1998-2001 &#8211; Soome-Ugri Kirjanike Assotsiooni juhatuse liig\u00f5<\/p>\n<p>2005. aastagast MT\u00dc Seto Ateljee Galerii juhatus\u00f5 liig\u00f5<\/p>\n<p>Toim\u00f5tas aokirj\u00e4 Peko Hel\u00fc (nr 1-8 2005-2016)<\/p>\n<p>2015. aastagast aolehe Setomaa p\u00e4\u00e4toim\u00f5ndaja<\/p>\n<p>&nbsp;<\/p>\n<p><a href=\"https:\/\/wi.ee\/voro\/wp-content\/uploads\/2018\/07\/Kauksi_Ylle.pdf\" target=\"_blank\" rel=\"noopener\">Kauksi \u00dclle looming ja retseptsioon (vastav\u00f5tt)<\/a><\/p>\n<p><a href=\"http:\/\/haldjas.folklore.ee\/ugri\/ylle\/\" target=\"_blank\" rel=\"noopener noreferrer\">Kauksi \u00dclle kodolehek\u00fclg\u00b4 &gt;&gt;<\/a><\/p>\n<h3>Kauksi \u00dclle loomingut:<\/h3>\n<p><a href=\"http:\/\/wi.ee\/voro\/kiranigu\/kauksi-ulle\/kurrikuulum-viitae\/\">Lucretia Southern &gt;&gt;<\/a><br \/>\n<a href=\"http:\/\/wi.ee\/voro\/kiranigu\/kauksi-ulle\/kalmuneiu\/\">Kalmuneiu (Seto ooper) &gt;&gt;<\/a><br \/>\n<a href=\"http:\/\/wi.ee\/voro\/kiranigu\/kauksi-ulle\/harmahalluh\/\">Avaldamata luul\u00f5tusi &gt;&gt;<\/a><br \/>\n<a href=\"http:\/\/wi.ee\/voro\/kiranigu\/kauksi-ulle\/luulotuisi\/\">Luul\u00f5tuisi &gt;&gt;<\/a><\/p>\n","protected":false},"excerpt":{"rendered":"<p>Kauksi \u00dclle s\u00fcnd\u00fc 23. septembril 1962 V\u00f5ro haig\u00f5majan. \u00dcles kasvi t\u00e4 P\u00e4rlij\u00f5\u00f5 veeren Saarlas\u00f5 k\u00fcl\u00e4n vanaim\u00e4 Kauksi Elisabethi hool\u00f5 all. Suguv\u00f5sast ja kotus\u00f5st um kuigiv\u00f5rd juttu novellikogon \u201cS\u00e4ng\u201d. Kauksi \u00dclle l\u00f5p\u00f5t R\u00f5ug\u00f5 8-klassilise kooli, V\u00f5ro I Keskkooli umm\u00f5lus\u00f5klassi. 1981. ast Tartu \u00fclikooli aokir\u00e4nd\u00fcse osakonda, mink l\u00f5p\u00f5t 1986. 1997 ast Tartu \u00fclikooli v\u00f5rdl\u00f5va rahvaluul\u00f5 opp\u00f5tooli mano [&hellip;]<\/p>\n","protected":false},"author":1,"featured_media":0,"parent":9,"menu_order":17,"comment_status":"closed","ping_status":"closed","template":"","meta":{"footnotes":""},"class_list":["post-94","page","type-page","status-publish","hentry"],"yoast_head":"<!-- This site is optimized with the Yoast SEO plugin v27.4 - https:\/\/yoast.com\/product\/yoast-seo-wordpress\/ -->\n<title>Kauksi \u00dclle - V\u00f5ro kir\u00e4nd\u00fcs<\/title>\n<meta name=\"robots\" content=\"index, follow, max-snippet:-1, max-image-preview:large, max-video-preview:-1\" \/>\n<link rel=\"canonical\" href=\"https:\/\/wi.ee\/voro\/kiranigu\/kauksi-ulle\/\" \/>\n<meta property=\"og:locale\" content=\"et_EE\" \/>\n<meta property=\"og:type\" content=\"article\" \/>\n<meta property=\"og:title\" content=\"Kauksi \u00dclle - V\u00f5ro kir\u00e4nd\u00fcs\" \/>\n<meta property=\"og:description\" content=\"Kauksi \u00dclle s\u00fcnd\u00fc 23. septembril 1962 V\u00f5ro haig\u00f5majan. \u00dcles kasvi t\u00e4 P\u00e4rlij\u00f5\u00f5 veeren Saarlas\u00f5 k\u00fcl\u00e4n vanaim\u00e4 Kauksi Elisabethi hool\u00f5 all. Suguv\u00f5sast ja kotus\u00f5st um kuigiv\u00f5rd juttu novellikogon \u201cS\u00e4ng\u201d. Kauksi \u00dclle l\u00f5p\u00f5t R\u00f5ug\u00f5 8-klassilise kooli, V\u00f5ro I Keskkooli umm\u00f5lus\u00f5klassi. 1981. ast Tartu \u00fclikooli aokir\u00e4nd\u00fcse osakonda, mink l\u00f5p\u00f5t 1986. 1997 ast Tartu \u00fclikooli v\u00f5rdl\u00f5va rahvaluul\u00f5 opp\u00f5tooli mano [&hellip;]\" \/>\n<meta property=\"og:url\" content=\"https:\/\/wi.ee\/voro\/kiranigu\/kauksi-ulle\/\" \/>\n<meta property=\"og:site_name\" content=\"V\u00f5ro kir\u00e4nd\u00fcs\" \/>\n<meta property=\"article:modified_time\" content=\"2023-01-09T12:45:58+00:00\" \/>\n<meta property=\"og:image\" content=\"http:\/\/wi.ee\/voro\/wp-content\/uploads\/2016\/02\/kauksi-ulle.jpg\" \/>\n<meta name=\"twitter:card\" content=\"summary_large_image\" \/>\n<meta name=\"twitter:label1\" content=\"Est. reading time\" \/>\n\t<meta name=\"twitter:data1\" content=\"2 minutit\" \/>\n<script type=\"application\/ld+json\" class=\"yoast-schema-graph\">{\"@context\":\"https:\\\/\\\/schema.org\",\"@graph\":[{\"@type\":\"WebPage\",\"@id\":\"https:\\\/\\\/wi.ee\\\/voro\\\/kiranigu\\\/kauksi-ulle\\\/\",\"url\":\"https:\\\/\\\/wi.ee\\\/voro\\\/kiranigu\\\/kauksi-ulle\\\/\",\"name\":\"Kauksi \u00dclle - V\u00f5ro kir\u00e4nd\u00fcs\",\"isPartOf\":{\"@id\":\"https:\\\/\\\/wi.ee\\\/voro\\\/#website\"},\"primaryImageOfPage\":{\"@id\":\"https:\\\/\\\/wi.ee\\\/voro\\\/kiranigu\\\/kauksi-ulle\\\/#primaryimage\"},\"image\":{\"@id\":\"https:\\\/\\\/wi.ee\\\/voro\\\/kiranigu\\\/kauksi-ulle\\\/#primaryimage\"},\"thumbnailUrl\":\"http:\\\/\\\/wi.ee\\\/voro\\\/wp-content\\\/uploads\\\/2016\\\/02\\\/kauksi-ulle.jpg\",\"datePublished\":\"2016-02-02T08:47:35+00:00\",\"dateModified\":\"2023-01-09T12:45:58+00:00\",\"breadcrumb\":{\"@id\":\"https:\\\/\\\/wi.ee\\\/voro\\\/kiranigu\\\/kauksi-ulle\\\/#breadcrumb\"},\"inLanguage\":\"et\",\"potentialAction\":[{\"@type\":\"ReadAction\",\"target\":[\"https:\\\/\\\/wi.ee\\\/voro\\\/kiranigu\\\/kauksi-ulle\\\/\"]}]},{\"@type\":\"ImageObject\",\"inLanguage\":\"et\",\"@id\":\"https:\\\/\\\/wi.ee\\\/voro\\\/kiranigu\\\/kauksi-ulle\\\/#primaryimage\",\"url\":\"http:\\\/\\\/wi.ee\\\/voro\\\/wp-content\\\/uploads\\\/2016\\\/02\\\/kauksi-ulle.jpg\",\"contentUrl\":\"http:\\\/\\\/wi.ee\\\/voro\\\/wp-content\\\/uploads\\\/2016\\\/02\\\/kauksi-ulle.jpg\"},{\"@type\":\"BreadcrumbList\",\"@id\":\"https:\\\/\\\/wi.ee\\\/voro\\\/kiranigu\\\/kauksi-ulle\\\/#breadcrumb\",\"itemListElement\":[{\"@type\":\"ListItem\",\"position\":1,\"name\":\"Home\",\"item\":\"https:\\\/\\\/wi.ee\\\/voro\\\/\"},{\"@type\":\"ListItem\",\"position\":2,\"name\":\"KI\u00c4 OMMA V\u00d5RO KIR\u00c4NIGU\",\"item\":\"https:\\\/\\\/wi.ee\\\/voro\\\/kiranigu\\\/\"},{\"@type\":\"ListItem\",\"position\":3,\"name\":\"Kauksi \u00dclle\"}]},{\"@type\":\"WebSite\",\"@id\":\"https:\\\/\\\/wi.ee\\\/voro\\\/#website\",\"url\":\"https:\\\/\\\/wi.ee\\\/voro\\\/\",\"name\":\"V\u00f5ro kir\u00e4nd\u00fcs\",\"description\":\"V\u00f5ro kir\u00e4nd\u00fcse kodoleht\",\"potentialAction\":[{\"@type\":\"SearchAction\",\"target\":{\"@type\":\"EntryPoint\",\"urlTemplate\":\"https:\\\/\\\/wi.ee\\\/voro\\\/?s={search_term_string}\"},\"query-input\":{\"@type\":\"PropertyValueSpecification\",\"valueRequired\":true,\"valueName\":\"search_term_string\"}}],\"inLanguage\":\"et\"}]}<\/script>\n<!-- \/ Yoast SEO plugin. -->","yoast_head_json":{"title":"Kauksi \u00dclle - V\u00f5ro kir\u00e4nd\u00fcs","robots":{"index":"index","follow":"follow","max-snippet":"max-snippet:-1","max-image-preview":"max-image-preview:large","max-video-preview":"max-video-preview:-1"},"canonical":"https:\/\/wi.ee\/voro\/kiranigu\/kauksi-ulle\/","og_locale":"et_EE","og_type":"article","og_title":"Kauksi \u00dclle - V\u00f5ro kir\u00e4nd\u00fcs","og_description":"Kauksi \u00dclle s\u00fcnd\u00fc 23. septembril 1962 V\u00f5ro haig\u00f5majan. \u00dcles kasvi t\u00e4 P\u00e4rlij\u00f5\u00f5 veeren Saarlas\u00f5 k\u00fcl\u00e4n vanaim\u00e4 Kauksi Elisabethi hool\u00f5 all. Suguv\u00f5sast ja kotus\u00f5st um kuigiv\u00f5rd juttu novellikogon \u201cS\u00e4ng\u201d. Kauksi \u00dclle l\u00f5p\u00f5t R\u00f5ug\u00f5 8-klassilise kooli, V\u00f5ro I Keskkooli umm\u00f5lus\u00f5klassi. 1981. ast Tartu \u00fclikooli aokir\u00e4nd\u00fcse osakonda, mink l\u00f5p\u00f5t 1986. 1997 ast Tartu \u00fclikooli v\u00f5rdl\u00f5va rahvaluul\u00f5 opp\u00f5tooli mano [&hellip;]","og_url":"https:\/\/wi.ee\/voro\/kiranigu\/kauksi-ulle\/","og_site_name":"V\u00f5ro kir\u00e4nd\u00fcs","article_modified_time":"2023-01-09T12:45:58+00:00","og_image":[{"url":"http:\/\/wi.ee\/voro\/wp-content\/uploads\/2016\/02\/kauksi-ulle.jpg","type":"","width":"","height":""}],"twitter_card":"summary_large_image","twitter_misc":{"Est. reading time":"2 minutit"},"schema":{"@context":"https:\/\/schema.org","@graph":[{"@type":"WebPage","@id":"https:\/\/wi.ee\/voro\/kiranigu\/kauksi-ulle\/","url":"https:\/\/wi.ee\/voro\/kiranigu\/kauksi-ulle\/","name":"Kauksi \u00dclle - V\u00f5ro kir\u00e4nd\u00fcs","isPartOf":{"@id":"https:\/\/wi.ee\/voro\/#website"},"primaryImageOfPage":{"@id":"https:\/\/wi.ee\/voro\/kiranigu\/kauksi-ulle\/#primaryimage"},"image":{"@id":"https:\/\/wi.ee\/voro\/kiranigu\/kauksi-ulle\/#primaryimage"},"thumbnailUrl":"http:\/\/wi.ee\/voro\/wp-content\/uploads\/2016\/02\/kauksi-ulle.jpg","datePublished":"2016-02-02T08:47:35+00:00","dateModified":"2023-01-09T12:45:58+00:00","breadcrumb":{"@id":"https:\/\/wi.ee\/voro\/kiranigu\/kauksi-ulle\/#breadcrumb"},"inLanguage":"et","potentialAction":[{"@type":"ReadAction","target":["https:\/\/wi.ee\/voro\/kiranigu\/kauksi-ulle\/"]}]},{"@type":"ImageObject","inLanguage":"et","@id":"https:\/\/wi.ee\/voro\/kiranigu\/kauksi-ulle\/#primaryimage","url":"http:\/\/wi.ee\/voro\/wp-content\/uploads\/2016\/02\/kauksi-ulle.jpg","contentUrl":"http:\/\/wi.ee\/voro\/wp-content\/uploads\/2016\/02\/kauksi-ulle.jpg"},{"@type":"BreadcrumbList","@id":"https:\/\/wi.ee\/voro\/kiranigu\/kauksi-ulle\/#breadcrumb","itemListElement":[{"@type":"ListItem","position":1,"name":"Home","item":"https:\/\/wi.ee\/voro\/"},{"@type":"ListItem","position":2,"name":"KI\u00c4 OMMA V\u00d5RO KIR\u00c4NIGU","item":"https:\/\/wi.ee\/voro\/kiranigu\/"},{"@type":"ListItem","position":3,"name":"Kauksi \u00dclle"}]},{"@type":"WebSite","@id":"https:\/\/wi.ee\/voro\/#website","url":"https:\/\/wi.ee\/voro\/","name":"V\u00f5ro kir\u00e4nd\u00fcs","description":"V\u00f5ro kir\u00e4nd\u00fcse kodoleht","potentialAction":[{"@type":"SearchAction","target":{"@type":"EntryPoint","urlTemplate":"https:\/\/wi.ee\/voro\/?s={search_term_string}"},"query-input":{"@type":"PropertyValueSpecification","valueRequired":true,"valueName":"search_term_string"}}],"inLanguage":"et"}]}},"_links":{"self":[{"href":"https:\/\/wi.ee\/voro\/wp-json\/wp\/v2\/pages\/94","targetHints":{"allow":["GET"]}}],"collection":[{"href":"https:\/\/wi.ee\/voro\/wp-json\/wp\/v2\/pages"}],"about":[{"href":"https:\/\/wi.ee\/voro\/wp-json\/wp\/v2\/types\/page"}],"author":[{"embeddable":true,"href":"https:\/\/wi.ee\/voro\/wp-json\/wp\/v2\/users\/1"}],"replies":[{"embeddable":true,"href":"https:\/\/wi.ee\/voro\/wp-json\/wp\/v2\/comments?post=94"}],"version-history":[{"count":10,"href":"https:\/\/wi.ee\/voro\/wp-json\/wp\/v2\/pages\/94\/revisions"}],"predecessor-version":[{"id":951,"href":"https:\/\/wi.ee\/voro\/wp-json\/wp\/v2\/pages\/94\/revisions\/951"}],"up":[{"embeddable":true,"href":"https:\/\/wi.ee\/voro\/wp-json\/wp\/v2\/pages\/9"}],"wp:attachment":[{"href":"https:\/\/wi.ee\/voro\/wp-json\/wp\/v2\/media?parent=94"}],"curies":[{"name":"wp","href":"https:\/\/api.w.org\/{rel}","templated":true}]}}