{"id":80,"date":"2016-02-02T10:30:53","date_gmt":"2016-02-02T08:30:53","guid":{"rendered":"http:\/\/wi.ee\/voro\/?page_id=80"},"modified":"2023-01-07T12:14:39","modified_gmt":"2023-01-07T10:14:39","slug":"juva-sullov","status":"publish","type":"page","link":"https:\/\/wi.ee\/voro\/kiranigu\/juva-sullov\/","title":{"rendered":"J\u00fcv\u00e4 Sull\u00f5v"},"content":{"rendered":"<p><img loading=\"lazy\" decoding=\"async\" class=\"alignleft size-full wp-image-81\" src=\"http:\/\/wi.ee\/voro\/wp-content\/uploads\/2016\/02\/juva-sullov.gif\" alt=\"juva-sullov\" width=\"81\" height=\"104\" \/>V\u00f5ro kir\u00e4viisi \u00fcts luujid, toim\u00f5taja ni luul\u00f5taja J\u00fcv\u00e4 Sull\u00f5v (passi perr\u00e4 Sulev Iva), s\u00fcnd\u00fc rehekuu 3. p\u00e4\u00e4v\u00e4l 1969. El\u00e4s Navi k\u00fcl\u00e4n. Juur\u00f5 ommaq t\u00e4l Haani m\u00e4ki l\u00f5unajaon, Puspuri k\u00fcl\u00e4n. Im\u00e4keeles om v\u00f5ro keele Haani-Vahts\u00f5liina murrak. J\u00fcv\u00e4 Sull\u00f5v ops\u00f5 V\u00f5ro I P\u00f5hikoolin, V\u00f5ro T\u00f6\u00f6stustehnikumin ja Tartu \u00dclikoolin eesti filoloogiat. T\u00fc\u00fct\u00e4n\u00fcq V\u00f5ro Instituudin, tenn\u00fcq v\u00f5rokiilset last\u00f5saad\u00f5t V\u00f5ro Raadion, olnu v\u00f5ro keele oppaja, toim\u00f5tanu v\u00f5rokiilsid raamatit. Luul\u00f5tusi (ka<br \/>\nH\u00e4rm\u00e4 H\u00e4rb\u00e4 nime all) ilmunuq Viruskundran, V\u00f5ro Seto t\u00e4htraamatin,Viruskundran, V\u00f5ro Seto t\u00e4htraamatin, V\u00f5rok\u00f5st\u00f5 lug\u00f5mikun, ABC kir\u00e4oppus\u00f5n jne.<\/p>\n<h3>J\u00fcv\u00e4 Sull\u00f5vi luul\u00f5t<\/h3>\n<p><strong>LUUL\u00d5TUISI JA JUTTLUUL\u00d5TUISI<\/strong><\/p>\n<p><strong>NAVIK\u00dcL\u00c4 NAABRICURR\u00d5 HAANI-NARKOMAANIA<\/strong><\/p>\n<p>Haanih, \u00f5kva Munam\u00e4e takah, Trolla, Plaksi ja Purka k\u00fcl\u00e4 vaihh\u00f5l um Vaskna j\u00e4rv &#8211; sopp\u00f5 ja puulsaar\u00f5k\u00f5isi t\u00e4\u00fcs perviga, pikk ja puhas m\u00e4gestiguj\u00e4rv.<\/p>\n<p>J\u00e4rve mant Munam\u00e4e pool\u00f5 minn\u00e4q j\u00e4\u00e4s \u00fcc v\u00e4ega \u00e4kiline korg\u00f5 perv. Ja tuu perv, rass\u00f5 ronni, n\u00f5rgahunul rass\u00f5 n\u00f5sta, um kev\u00e4jide t\u00e4\u00fcs helle &#8211; helehhehe h\u00e4icvit kikkakaadzu. Naid\u00f5 p\u00e4\u00e4v\u00e4k\u00f5llacid\u00f5 ninne cillok\u00f5isi h\u00e4icecjauku h\u00f5rn h\u00f5ng um miist mag\u00f5h\u00f5mbas meelem\u00fcrg\u00fcs pik\u00e4st talv\u00f5st ja rass\u00f5st ronimisest kurnatuisil\u00f5, narkootikumis, unistavid\u00f5 ullik\u00f5isi n\u00f5g\u00f5lter\u00e4ville n\u00f5nnol\u00f5 nuhuta.<\/p>\n<p>Kae s\u00e4\u00e4nest hoimastajat h\u00f5ngu heng\u00e4 mi tah kuiva kulo p\u00e4\u00e4l k\u00f5tuli, halla haina p\u00e4\u00e4l harguli, rohilads\u00f5 p\u00e4\u00e4l rinnuli.<\/p>\n<p>Mi j\u00e4\u00e4 taahha m\u00e4en\u00f5lval\u00f5 maahha kavvas aos kosuma, pallogi pik\u00e4lt piislem\u00e4. Hoimah iloc\u00f5ld\u00f5h n\u00f5sta \u00f5i mi viil niipiagi n\u00f5nna naist narkootiliidsist kikkah\u00e4iermist.<\/p>\n<p><strong>RUUSATII<\/strong><\/p>\n<p>Matal p\u00e4iv tull pilvi takast v\u00e4ll\u00e4 ja paists\u00f5 halli haavistigu p\u00e4\u00e4le, \u00f5kva silm\u00e4 sisse ol\u00f5tatavall\u00f5 oravall\u00f5, kinkal rohiline sambl\u00f5nutsak suuh.<\/p>\n<p>Uja, mustvalg\u00f5, ij\u00e4k\u00fclm, l\u00e4ts umma tiid ja ai\u00f5 mullik\u00f5isi. Halla k\u00f5rr\u00f5hainalehe kallutiva hinn\u00e4st otsa piteh vette.<\/p>\n<p>Vana raag ikk umma pikk\u00e4 ikku nigu \u00f5liunistusih uss\u00f5heng.<\/p>\n<p>Kolm veoautut s\u00f5idi \u00fcle silla. Tamm\u00f5lehekene h\u00fc\u00fcrd\u00fc n\u00e4ile perr\u00e4, liina pool\u00f5.<\/p>\n<p><strong>\u00d5DAGUTUUL<\/strong><\/p>\n<p>K\u00f5g\u00f5st \u00fcle k\u00e4ve tuul, \u00f5dagu puult, suur\u00f5lt merelt peri pilvelaadung s\u00e4l\u00e4h: vei vihma Vinnemaal\u00f5, r\u00e4\u00fcss\u00e4 R\u00e4pin\u00e4he, lumm\u00f5 Luuga liina p\u00e4\u00e4le, esi kurguni t\u00e4\u00fcs vannu vaakvit var\u00f5ssit. P\u00fcs\u00fc-s tii p\u00e4\u00e4l, koob\u00f5rd, kurinahk, r\u00fc\u00e4rohiliidsi ni vere-k\u00f5lla-pruunis k\u00fcnt\u00fcid k\u00fcl\u00e4v\u00e4ljo piteh. M\u00e4e ala, koh uja holisi, ja m\u00f5tsuhe, koh orrav, ol\u00f5s tim\u00e4l asja. T\u00e4 jo asalik miiss, nigu t\u00e4 esi k\u00f5g\u00f5 kitt, et:<\/p>\n<p>\u00f5hutransportt\u00fc\u00fcline,<br \/>\ntaivaes\u00e4 kodaline,<br \/>\n\u00fcle-ilma hiiglan\u00f5,<br \/>\nlondonlan\u00f5, riiglan\u00f5.<\/p>\n<p><strong>IM\u00c4KEELELAUL<\/strong><\/p>\n<p>Ma iks m\u00f5tl\u00f5 umah meeleh<br \/>\nUmah meeleh umah keeleh<br \/>\nV\u00f5romaal iks k\u00f5n\u00f5la \u00f5nn\u00f5 v\u00f5ro keeleh<br \/>\nSetomaalla selg\u00fctele seto keeleh<br \/>\nEestimaal pi\u00e4t k\u00f5n\u00f5lama kir\u00e4keeleh<br \/>\nVinnemaal tul\u00f5 veer\u00fctell\u00e4 vinne keeleh<br \/>\nV\u00e4ll\u00e4maalla v\u00e4ll\u00e4 tulla v\u00f5\u00f5rah keeleh<\/p>\n<p>V\u00f5romaal um asi untsuh<br \/>\nAsi untsuh elo hukah<br \/>\nAolugu un\u00f5ht\u00f5du<br \/>\nP\u00f5latas meil umma miilt<br \/>\nH\u00e4bend\u00e4d\u00e4s im\u00e4kiilt<br \/>\nKirotadas kir\u00e4keeleh<br \/>\nM\u00f5t\u00f5ldas muuh keeleh<br \/>\nLatsiga k\u00f5n\u00f5ldas lapi keeleh<br \/>\nUma velega vinne keeleh<br \/>\nS\u00f5saraga soom\u00f5 keeleh<br \/>\nLauluilo k\u00f5ik ingliskeeleh<br \/>\nVanaim\u00e4ga \u00f5nn\u00f5 kohki v\u00f5su veereh<br \/>\nVana sanna nulga takah v\u00f5ro keeleh<br \/>\nMarak\u00f5s\u00f5 jal maakeeleh<br \/>\nKu no umm\u00f5 kiilt viil meeleh<\/p>\n<p>Tul\u00f5 meeli mudsu sisse<br \/>\nUma keeli j\u00e4l kutsu sisse<br \/>\nTekke t\u00fc\u00fcd ja n\u00e4kke illo<br \/>\nLask\u00f5q laulu hel\u00fcillo<br \/>\nTekke lossi laan\u00f5 viirde<br \/>\nUhk\u00f5 m\u00f5isa m\u00f5tsa viirde<br \/>\nTekke aida akn\u00f5 ala<br \/>\nM\u00f5tsavarik aia ala<br \/>\nIlo seeh s\u00e4\u00e4l illos ell\u00e4<br \/>\nT\u00fc\u00fcd tet\u00e4q r\u00f5\u00f5msa olla<\/p>\n<p>Tul\u00f5va liki linnuki<br \/>\nTuldas meile illo kaema<br \/>\nTuldas leelot linti p\u00fc\u00fcdm\u00e4<br \/>\nMaaliillo imehtlem\u00e4<br \/>\nK\u00f5nn\u00f5 illo k\u00f5lahtama<br \/>\nL\u00e4tt mi miil nii \u00fcle ilma<br \/>\nK\u00fc\u00fcn\u00fcs mi kiil kavv\u00f5ndall\u00f5<br \/>\nLeelolaul l\u00e4tt lakja ilma<br \/>\nMaaliilo maailmahe<\/p>\n<p>(VIRUSKUNDRA mai 1992)<\/p>\n<p><strong>TORM<\/strong><\/p>\n<p>Tormas torm<br \/>\nmarsse maro<br \/>\nraostikoh<br \/>\nRao-oss raksahtu<br \/>\nhaavikoh j\u00e4ie<br \/>\nhaavapuu hannalda<br \/>\nvahtrikoh m\u00fcrc\u00e4ht\u00fc<br \/>\nvahtretaat maaha<br \/>\nvawarnavarikoh<br \/>\nvarisi vawarnit<br \/>\nette ja taaha<\/p>\n<p>(VIRUSKONDRA veeb. 1991)<\/p>\n<p><strong>PINI<\/strong><\/p>\n<p>Pini illos, nuur, sai vanas, kuuli,<br \/>\nsai saina pini pilt,<\/p>\n<p>pini illos, nuur, kaess saina p\u00e4\u00e4lt,<br \/>\nvana koolnuq pini pildi p\u00e4\u00e4lt,<\/p>\n<p>tii\u00e4kin\u00e4-i eg\u00e4\u00fcts, et vana koolnu pini<br \/>\nkaess sjoo noor\u00f5 pini pildi p\u00e4\u00e4lt.<\/p>\n<p><strong>*<\/strong><\/p>\n<p>Urva nii raoh ku paiuh<br \/>\nlats\u00f5 latsiaiuh<br \/>\npussaht\u00f5du ped\u00e4j\u00e4puu<br \/>\nm\u00e4\u00e4n\u00fc aiavajjuh<br \/>\nel\u00e4j\u00e4 el\u00e4se majjuh<br \/>\nn\u00e4l\u00e4dse silm\u00e4<br \/>\nku rosina saiuh<br \/>\notsjaqess\u00fcn\u00fc rajjuh<br \/>\ntiiraa v\u00e4lih lajjuh<br \/>\nhel\u00fc kajas\u00f5 kajjuh<\/p>\n","protected":false},"excerpt":{"rendered":"<p>V\u00f5ro kir\u00e4viisi \u00fcts luujid, toim\u00f5taja ni luul\u00f5taja J\u00fcv\u00e4 Sull\u00f5v (passi perr\u00e4 Sulev Iva), s\u00fcnd\u00fc rehekuu 3. p\u00e4\u00e4v\u00e4l 1969. El\u00e4s Navi k\u00fcl\u00e4n. Juur\u00f5 ommaq t\u00e4l Haani m\u00e4ki l\u00f5unajaon, Puspuri k\u00fcl\u00e4n. Im\u00e4keeles om v\u00f5ro keele Haani-Vahts\u00f5liina murrak. J\u00fcv\u00e4 Sull\u00f5v ops\u00f5 V\u00f5ro I P\u00f5hikoolin, V\u00f5ro T\u00f6\u00f6stustehnikumin ja Tartu \u00dclikoolin eesti filoloogiat. T\u00fc\u00fct\u00e4n\u00fcq V\u00f5ro Instituudin, tenn\u00fcq v\u00f5rokiilset last\u00f5saad\u00f5t V\u00f5ro [&hellip;]<\/p>\n","protected":false},"author":1,"featured_media":0,"parent":9,"menu_order":13,"comment_status":"closed","ping_status":"closed","template":"","meta":{"footnotes":""},"class_list":["post-80","page","type-page","status-publish","hentry"],"yoast_head":"<!-- This site is optimized with the Yoast SEO plugin v27.4 - https:\/\/yoast.com\/product\/yoast-seo-wordpress\/ -->\n<title>J\u00fcv\u00e4 Sull\u00f5v - V\u00f5ro kir\u00e4nd\u00fcs<\/title>\n<meta name=\"robots\" content=\"index, follow, max-snippet:-1, max-image-preview:large, max-video-preview:-1\" \/>\n<link rel=\"canonical\" href=\"https:\/\/wi.ee\/voro\/kiranigu\/juva-sullov\/\" \/>\n<meta property=\"og:locale\" content=\"et_EE\" \/>\n<meta property=\"og:type\" content=\"article\" \/>\n<meta property=\"og:title\" content=\"J\u00fcv\u00e4 Sull\u00f5v - V\u00f5ro kir\u00e4nd\u00fcs\" \/>\n<meta property=\"og:description\" content=\"V\u00f5ro kir\u00e4viisi \u00fcts luujid, toim\u00f5taja ni luul\u00f5taja J\u00fcv\u00e4 Sull\u00f5v (passi perr\u00e4 Sulev Iva), s\u00fcnd\u00fc rehekuu 3. p\u00e4\u00e4v\u00e4l 1969. El\u00e4s Navi k\u00fcl\u00e4n. Juur\u00f5 ommaq t\u00e4l Haani m\u00e4ki l\u00f5unajaon, Puspuri k\u00fcl\u00e4n. Im\u00e4keeles om v\u00f5ro keele Haani-Vahts\u00f5liina murrak. J\u00fcv\u00e4 Sull\u00f5v ops\u00f5 V\u00f5ro I P\u00f5hikoolin, V\u00f5ro T\u00f6\u00f6stustehnikumin ja Tartu \u00dclikoolin eesti filoloogiat. T\u00fc\u00fct\u00e4n\u00fcq V\u00f5ro Instituudin, tenn\u00fcq v\u00f5rokiilset last\u00f5saad\u00f5t V\u00f5ro [&hellip;]\" \/>\n<meta property=\"og:url\" content=\"https:\/\/wi.ee\/voro\/kiranigu\/juva-sullov\/\" \/>\n<meta property=\"og:site_name\" content=\"V\u00f5ro kir\u00e4nd\u00fcs\" \/>\n<meta property=\"article:modified_time\" content=\"2023-01-07T10:14:39+00:00\" \/>\n<meta property=\"og:image\" content=\"http:\/\/wi.ee\/voro\/wp-content\/uploads\/2016\/02\/juva-sullov.gif\" \/>\n<meta name=\"twitter:card\" content=\"summary_large_image\" \/>\n<meta name=\"twitter:label1\" content=\"Est. reading time\" \/>\n\t<meta name=\"twitter:data1\" content=\"4 minutit\" \/>\n<script type=\"application\/ld+json\" class=\"yoast-schema-graph\">{\"@context\":\"https:\\\/\\\/schema.org\",\"@graph\":[{\"@type\":\"WebPage\",\"@id\":\"https:\\\/\\\/wi.ee\\\/voro\\\/kiranigu\\\/juva-sullov\\\/\",\"url\":\"https:\\\/\\\/wi.ee\\\/voro\\\/kiranigu\\\/juva-sullov\\\/\",\"name\":\"J\u00fcv\u00e4 Sull\u00f5v - V\u00f5ro kir\u00e4nd\u00fcs\",\"isPartOf\":{\"@id\":\"https:\\\/\\\/wi.ee\\\/voro\\\/#website\"},\"primaryImageOfPage\":{\"@id\":\"https:\\\/\\\/wi.ee\\\/voro\\\/kiranigu\\\/juva-sullov\\\/#primaryimage\"},\"image\":{\"@id\":\"https:\\\/\\\/wi.ee\\\/voro\\\/kiranigu\\\/juva-sullov\\\/#primaryimage\"},\"thumbnailUrl\":\"http:\\\/\\\/wi.ee\\\/voro\\\/wp-content\\\/uploads\\\/2016\\\/02\\\/juva-sullov.gif\",\"datePublished\":\"2016-02-02T08:30:53+00:00\",\"dateModified\":\"2023-01-07T10:14:39+00:00\",\"breadcrumb\":{\"@id\":\"https:\\\/\\\/wi.ee\\\/voro\\\/kiranigu\\\/juva-sullov\\\/#breadcrumb\"},\"inLanguage\":\"et\",\"potentialAction\":[{\"@type\":\"ReadAction\",\"target\":[\"https:\\\/\\\/wi.ee\\\/voro\\\/kiranigu\\\/juva-sullov\\\/\"]}]},{\"@type\":\"ImageObject\",\"inLanguage\":\"et\",\"@id\":\"https:\\\/\\\/wi.ee\\\/voro\\\/kiranigu\\\/juva-sullov\\\/#primaryimage\",\"url\":\"http:\\\/\\\/wi.ee\\\/voro\\\/wp-content\\\/uploads\\\/2016\\\/02\\\/juva-sullov.gif\",\"contentUrl\":\"http:\\\/\\\/wi.ee\\\/voro\\\/wp-content\\\/uploads\\\/2016\\\/02\\\/juva-sullov.gif\"},{\"@type\":\"BreadcrumbList\",\"@id\":\"https:\\\/\\\/wi.ee\\\/voro\\\/kiranigu\\\/juva-sullov\\\/#breadcrumb\",\"itemListElement\":[{\"@type\":\"ListItem\",\"position\":1,\"name\":\"Home\",\"item\":\"https:\\\/\\\/wi.ee\\\/voro\\\/\"},{\"@type\":\"ListItem\",\"position\":2,\"name\":\"KI\u00c4 OMMA V\u00d5RO KIR\u00c4NIGU\",\"item\":\"https:\\\/\\\/wi.ee\\\/voro\\\/kiranigu\\\/\"},{\"@type\":\"ListItem\",\"position\":3,\"name\":\"J\u00fcv\u00e4 Sull\u00f5v\"}]},{\"@type\":\"WebSite\",\"@id\":\"https:\\\/\\\/wi.ee\\\/voro\\\/#website\",\"url\":\"https:\\\/\\\/wi.ee\\\/voro\\\/\",\"name\":\"V\u00f5ro kir\u00e4nd\u00fcs\",\"description\":\"V\u00f5ro kir\u00e4nd\u00fcse kodoleht\",\"potentialAction\":[{\"@type\":\"SearchAction\",\"target\":{\"@type\":\"EntryPoint\",\"urlTemplate\":\"https:\\\/\\\/wi.ee\\\/voro\\\/?s={search_term_string}\"},\"query-input\":{\"@type\":\"PropertyValueSpecification\",\"valueRequired\":true,\"valueName\":\"search_term_string\"}}],\"inLanguage\":\"et\"}]}<\/script>\n<!-- \/ Yoast SEO plugin. -->","yoast_head_json":{"title":"J\u00fcv\u00e4 Sull\u00f5v - V\u00f5ro kir\u00e4nd\u00fcs","robots":{"index":"index","follow":"follow","max-snippet":"max-snippet:-1","max-image-preview":"max-image-preview:large","max-video-preview":"max-video-preview:-1"},"canonical":"https:\/\/wi.ee\/voro\/kiranigu\/juva-sullov\/","og_locale":"et_EE","og_type":"article","og_title":"J\u00fcv\u00e4 Sull\u00f5v - V\u00f5ro kir\u00e4nd\u00fcs","og_description":"V\u00f5ro kir\u00e4viisi \u00fcts luujid, toim\u00f5taja ni luul\u00f5taja J\u00fcv\u00e4 Sull\u00f5v (passi perr\u00e4 Sulev Iva), s\u00fcnd\u00fc rehekuu 3. p\u00e4\u00e4v\u00e4l 1969. El\u00e4s Navi k\u00fcl\u00e4n. Juur\u00f5 ommaq t\u00e4l Haani m\u00e4ki l\u00f5unajaon, Puspuri k\u00fcl\u00e4n. Im\u00e4keeles om v\u00f5ro keele Haani-Vahts\u00f5liina murrak. J\u00fcv\u00e4 Sull\u00f5v ops\u00f5 V\u00f5ro I P\u00f5hikoolin, V\u00f5ro T\u00f6\u00f6stustehnikumin ja Tartu \u00dclikoolin eesti filoloogiat. T\u00fc\u00fct\u00e4n\u00fcq V\u00f5ro Instituudin, tenn\u00fcq v\u00f5rokiilset last\u00f5saad\u00f5t V\u00f5ro [&hellip;]","og_url":"https:\/\/wi.ee\/voro\/kiranigu\/juva-sullov\/","og_site_name":"V\u00f5ro kir\u00e4nd\u00fcs","article_modified_time":"2023-01-07T10:14:39+00:00","og_image":[{"url":"http:\/\/wi.ee\/voro\/wp-content\/uploads\/2016\/02\/juva-sullov.gif","type":"","width":"","height":""}],"twitter_card":"summary_large_image","twitter_misc":{"Est. reading time":"4 minutit"},"schema":{"@context":"https:\/\/schema.org","@graph":[{"@type":"WebPage","@id":"https:\/\/wi.ee\/voro\/kiranigu\/juva-sullov\/","url":"https:\/\/wi.ee\/voro\/kiranigu\/juva-sullov\/","name":"J\u00fcv\u00e4 Sull\u00f5v - V\u00f5ro kir\u00e4nd\u00fcs","isPartOf":{"@id":"https:\/\/wi.ee\/voro\/#website"},"primaryImageOfPage":{"@id":"https:\/\/wi.ee\/voro\/kiranigu\/juva-sullov\/#primaryimage"},"image":{"@id":"https:\/\/wi.ee\/voro\/kiranigu\/juva-sullov\/#primaryimage"},"thumbnailUrl":"http:\/\/wi.ee\/voro\/wp-content\/uploads\/2016\/02\/juva-sullov.gif","datePublished":"2016-02-02T08:30:53+00:00","dateModified":"2023-01-07T10:14:39+00:00","breadcrumb":{"@id":"https:\/\/wi.ee\/voro\/kiranigu\/juva-sullov\/#breadcrumb"},"inLanguage":"et","potentialAction":[{"@type":"ReadAction","target":["https:\/\/wi.ee\/voro\/kiranigu\/juva-sullov\/"]}]},{"@type":"ImageObject","inLanguage":"et","@id":"https:\/\/wi.ee\/voro\/kiranigu\/juva-sullov\/#primaryimage","url":"http:\/\/wi.ee\/voro\/wp-content\/uploads\/2016\/02\/juva-sullov.gif","contentUrl":"http:\/\/wi.ee\/voro\/wp-content\/uploads\/2016\/02\/juva-sullov.gif"},{"@type":"BreadcrumbList","@id":"https:\/\/wi.ee\/voro\/kiranigu\/juva-sullov\/#breadcrumb","itemListElement":[{"@type":"ListItem","position":1,"name":"Home","item":"https:\/\/wi.ee\/voro\/"},{"@type":"ListItem","position":2,"name":"KI\u00c4 OMMA V\u00d5RO KIR\u00c4NIGU","item":"https:\/\/wi.ee\/voro\/kiranigu\/"},{"@type":"ListItem","position":3,"name":"J\u00fcv\u00e4 Sull\u00f5v"}]},{"@type":"WebSite","@id":"https:\/\/wi.ee\/voro\/#website","url":"https:\/\/wi.ee\/voro\/","name":"V\u00f5ro kir\u00e4nd\u00fcs","description":"V\u00f5ro kir\u00e4nd\u00fcse kodoleht","potentialAction":[{"@type":"SearchAction","target":{"@type":"EntryPoint","urlTemplate":"https:\/\/wi.ee\/voro\/?s={search_term_string}"},"query-input":{"@type":"PropertyValueSpecification","valueRequired":true,"valueName":"search_term_string"}}],"inLanguage":"et"}]}},"_links":{"self":[{"href":"https:\/\/wi.ee\/voro\/wp-json\/wp\/v2\/pages\/80","targetHints":{"allow":["GET"]}}],"collection":[{"href":"https:\/\/wi.ee\/voro\/wp-json\/wp\/v2\/pages"}],"about":[{"href":"https:\/\/wi.ee\/voro\/wp-json\/wp\/v2\/types\/page"}],"author":[{"embeddable":true,"href":"https:\/\/wi.ee\/voro\/wp-json\/wp\/v2\/users\/1"}],"replies":[{"embeddable":true,"href":"https:\/\/wi.ee\/voro\/wp-json\/wp\/v2\/comments?post=80"}],"version-history":[{"count":3,"href":"https:\/\/wi.ee\/voro\/wp-json\/wp\/v2\/pages\/80\/revisions"}],"predecessor-version":[{"id":938,"href":"https:\/\/wi.ee\/voro\/wp-json\/wp\/v2\/pages\/80\/revisions\/938"}],"up":[{"embeddable":true,"href":"https:\/\/wi.ee\/voro\/wp-json\/wp\/v2\/pages\/9"}],"wp:attachment":[{"href":"https:\/\/wi.ee\/voro\/wp-json\/wp\/v2\/media?parent=80"}],"curies":[{"name":"wp","href":"https:\/\/api.w.org\/{rel}","templated":true}]}}