{"id":77,"date":"2016-02-01T16:28:41","date_gmt":"2016-02-01T14:28:41","guid":{"rendered":"http:\/\/wi.ee\/voro\/?page_id=77"},"modified":"2023-01-07T12:10:49","modified_gmt":"2023-01-07T10:10:49","slug":"juhan-jaik","status":"publish","type":"page","link":"https:\/\/wi.ee\/voro\/kiranigu\/juhan-jaik\/","title":{"rendered":"Juhan Jaik"},"content":{"rendered":"<p><img loading=\"lazy\" decoding=\"async\" class=\"alignleft size-full wp-image-78\" src=\"http:\/\/wi.ee\/voro\/wp-content\/uploads\/2016\/02\/juhan-jaik.jpg\" alt=\"juhan-jaik\" width=\"150\" height=\"175\" \/>Juhan Jaik s\u00fcnd\u00fc 13. jaanuaril (vana kallendri perr\u00e4 1. jaanuaril) 1899 V\u00f5romaal S\u00e4nn\u00e4n m\u00f5isat\u00fc\u00fclise perrehe ni kasvi \u00fcles Tsooru valla Roosiku m\u00f5isan ja Luham\u00f5tsan. Perren oll viis last, p\u00e4\u00e4le Juhani viil neli t\u00fct\u00e4rlast.<\/p>\n<p>Jaik opp\u00f5 Tsooru ministeeriumikoolin ja l\u00f5p\u00f5t tuu \u00e4r 1913. aastagal. Per\u00e4n l\u00f5p\u00f5tamist l\u00e4ts el\u00e4m\u00e4 V\u00f5rol\u00f5. 1915. aastaga v\u00f5eti t\u00e4 kinni salajads\u00f5 nuuriringi iistvid\u00e4mise iist Tsoorun ja saad\u00f5ti v\u00e4ll\u00e4 Volga viirde. S\u00e4\u00e4l Volga-viirsin liinun, (R\u00f5binskin ja muial) tiinse t\u00e4 raha kontorit\u00fc\u00fcga.<\/p>\n<p>1917 tull t\u00e4 tagasi V\u00f5rol\u00f5, a 1918 v\u00f5ti bol\u0161evikuq t\u00e4 kinni. Kui t\u00e4 vabas sai, l\u00e4ts t\u00e4 Talinal\u00f5, kon nakas opma \u00f5dagukeskkoolin ja s\u00f5akoolin. Pia l\u00e4ts t\u00e4 Vabaduss\u00f5tta.<\/p>\n<p>1920-1924 t\u00fc\u00fct Talinan Eesti Kirjastus-\u00dchisus\u00f5n, sis P\u00e4\u00e4v\u00e4lehe toim\u00f5tus\u00f5n, 1926-27 toim\u00f5t Kaitseliidu aokirj\u00e4 \u201cKaitse Kodu!\u201d, 1928-35 aastani esind Postimehe toim\u00f5tust Talinan.<\/p>\n<p>1935-1936 oll Jaik Eesti Raamatuaasta p\u00e4\u00e4sekret\u00e4r, 1936-1940 Haridusministri n\u00f5unik.<\/p>\n<p>V\u00f5tt ossa Autorikaitse \u00dchingu asutamisest ja tuu tegevus\u00f5 k\u00f5rraldamisest 1934-1938.<\/p>\n<p>EKLi liig\u00f5 1926. aastagast<\/p>\n<p>1941 V\u00f5rumaa Teataja toim\u00f5taja<\/p>\n<p>9. aprillil 1927 abiellu Juhan Jaik Wilhelmine Kanarikuga Tartust, ki\u00e4 oll Jakob Kanariku ja Marie-Helene Adamsi t\u00fct\u00e4r. Laulatus oll Jaani kerigun Talinan. 1930 s\u00fcnd\u00fc edim\u00e4ne lats Peep, ki\u00e4 3-aastagads\u00f5lt sarlakile kuuli. Edesi s\u00fcnd\u00fcv\u00e4 Ilo, Koit ja S\u00e4de.<\/p>\n<p>1944 l\u00e4ts Juhan Jaik Eestist Saksamaal\u00f5, s\u00e4\u00e4lt Prantsusmaa kaudu Ruutsi, kon elli Norrk\u00f6pingi l\u00e4h\u00fckesen St. Malmin. Juhan Jaik kuuli Katrineholmi haiglan 10. detsembril 1948. Algus\u00f5n oll annum tuhaga Katrineholmi krematooriumin hoiul, sis osti lats\u00f5 havvaplatsi Stockholmi M\u00f5tsakalmistu p\u00e4\u00e4le. 1990 mat\u00f5ti t\u00e4 p\u00f5rm \u00fcmbre Talina Rahum\u00e4e surnuaida.<\/p>\n<h3>Looming:<\/h3>\n<h3>Luul\u00f5kogo:<\/h3>\n<p>\u201cR\u00f5uge kiriku kell\u201d Tallinn 1924<\/p>\n<h3>Proosa (nuursuujutustus\u00f5q, novelliq, romaaniq)<\/h3>\n<p>\u201cV\u00f5rumaa jutud\u201d I Tallinn 1924<br \/>\n\u201cV\u00f5rumaa jutud\u201d II Tallinn 1933<br \/>\n\u201cKaamelid pasunapuhujatega\u201d Tartu 1928<br \/>\n\u201cUhhuu jutustused\u201d Tartu 1929<br \/>\n\u201cRannaliivast taevani\u201d Tartu 1931<br \/>\n\u201cKaarnakivi\u201d Tallinn 1931<br \/>\n\u201cPombi ja \u00dcdsim\u00e4rdi n\u00f5iad\u201d Tartu 1932<br \/>\n\u201cVanapagan ja seitse venda\u201d Tartu 1932<br \/>\n\u201cVanaisa kasukas\u201d Tallinn 1933<br \/>\n\u201cPombi ja esivanemate kuld\u201d Tartu 1934<br \/>\n\u201cPombi ja Siukuningas\u201d Tartu 1934<br \/>\n\u201cJuudasoo\u201d Tartu 1934<br \/>\n\u201cKuut\u00f5rvajad\u201d Tartu 1934<br \/>\n\u201cTondijutud\u201d Tartu 1936<br \/>\n\u201cPajupill\u201d 1937<br \/>\n\u201cTolmukull\u201d 1939<br \/>\n\u201cKuldne Elu\u201d Vadstena 1946 (novellikogo)<br \/>\n\u201cKondijahil Tiroolis. S\u00f5najala\u00f5is\u201d Stockholm 1947<br \/>\n\u201cKaarnakivi\u201d 1980 Tallinn (valikkogo)<br \/>\nPombi-kolmikraamadu vahts\u00f5n\u00f5 v\u00e4ll\u00e4andmine Tallinn Kupar 1993<\/p>\n<p>&#8220;Tundmata palu&#8221; (kokko pannu ja per\u00e4s\u00f5na kirotanu Lauri Sommer) Kaarnakivi Selts 2019<\/p>\n<h3>Latsiraamadu:<\/h3>\n<p>\u201cHunt\u201d Tallinn 1942<br \/>\n\u201cN\u00f5iutud Tuks\u201d Tallinn 1944<\/p>\n<h3>N\u00e4\u00fctem\u00e4ngu, millest in\u00e4mb\u00fcs omma latsin\u00e4idendi:<\/h3>\n<p>\u201cIsa liivapurgis\u201d Tallinn 1932<br \/>\n\u201cTooma poisid\u201d Tallinn 1932<br \/>\n\u201cVanapagan ja seitse venda\u201d Tartu 1932<br \/>\n\u201cVanaisa kasukas\u201d Tallinn 1938<br \/>\n\u201cH\u00f5bedane karjakell\u201d Tallinn 1933<br \/>\n\u201cK\u00e4ttemaks\u201d Tartu 1934<br \/>\n\u201cH\u00e4dastvere poiste ninamees\u201d Tartu 1934<br \/>\n\u201cEsivanemate kuld\u201d Tallinn 1934<br \/>\n\u201cAhvimaa\u201d Tallinn 1934<br \/>\n\u201cS\u00e4rumeeste r\u00fcgement\u201d Tartu 1935<br \/>\n\u201cSinep ja sool\u201d 1936<br \/>\n\u201cKuri loom\u201d Tallinn 1939<br \/>\n\u201cMeie ei abiellu\u201d Tallinn 1939<\/p>\n<p>Aokir\u00e4nd\u00fcsen om ilmunu hulga J. Jaigi loomingut, nt v\u00e4ll\u00e4andiin \u201c\u00d5itsituled\u201d, \u201cNoorusmaa\u201d ja muial.<\/p>\n<p>T\u00f5lknu om Jaik vene keelest Gorkit, Katajevit, Uspenskit jt.<\/p>\n<p>Jaigi 100. aastaga s\u00fcnnip\u00e4\u00e4v\u00e4 puhul anti v\u00e4ll\u00e4 s\u00e4\u00e4ndse raamadu:<\/p>\n<p>\u201cN\u00f5iutud Tuks\u201d (kir\u00e4st\u00fcs Steamark 1999)<\/p>\n<p>\u201cK\u00e4ok\u00fcbarad\u201d (kir\u00e4st\u00fcse Eesti Raamat \u201cEesti novellivara\u201d sarjan 1999)<\/p>\n<p>Raamaduk\u00f5s\u00f5 J. Jaigi l\u00fchk\u00fc elu- ja loominguluu \u00fclekaetus\u00f5ga and v\u00e4ll\u00e4 R\u00f5ug\u00f5 vald (koostaja Juhan Saar) 1999<\/p>\n<p>\u201cTiroliaana\u201d (Tallinna Tehnikakooli kir\u00e4st\u00fcs 1999)<br \/>\n\u201cKaie ajaviide\u201d (Juhan Jaigi p\u00e4rijad 1998)<br \/>\n\u201cKesv\u00e4es\u00e4\u201d (V\u00f5ro Selts VKKF 1998)<br \/>\n\u201cValg\u00f5 kivi\u201d (V\u00f5ro Instituut 1999)<\/p>\n<h3>Tim\u00e4 kotsil\u00f5 saa luk\u00f5:<\/h3>\n<p>Looming 1924-3 (Mart Raud)<\/p>\n<p>Looming 1924-10 (August Alle)<\/p>\n<p>Looming 1928-8 (Oskar Urgart)<\/p>\n<p>Looming 1932-4 (Jaan K\u00e4rner)<\/p>\n<p>EK 1935-3 (Friedebert Tuglas)<\/p>\n<p>Post 12. I 1939<\/p>\n<p>Eesti Teataja 1948 16. dets (nekroloog)<\/p>\n<p>almanahh \u201cKoguja\u201d I (Geislingen 1949) Artur Adson<\/p>\n<p>Sirp ja Vasar 21. XI 1980 (Toomas Haug)<\/p>\n<p>Looming 1989-12 (Ruth Mirov)<\/p>\n<p>Viruskundra 1990-8 (Oskar Kruus)<\/p>\n<p>Viruskundra 1990-9 (Heino Sikk)<\/p>\n<p>Looming 1999-1 ja 2 (Madis K\u00f5iv \u201cJuhan Jaik. Vihmatark ja luudermikk\u201d)<\/p>\n<p>Keel ja Kirjandus, 1999-9 (Hasso Krull &#8220;Tung ja iha: Juhan Jaigi muinasjutulised fantaasiad&#8221;)<\/p>\n","protected":false},"excerpt":{"rendered":"<p>Juhan Jaik s\u00fcnd\u00fc 13. jaanuaril (vana kallendri perr\u00e4 1. jaanuaril) 1899 V\u00f5romaal S\u00e4nn\u00e4n m\u00f5isat\u00fc\u00fclise perrehe ni kasvi \u00fcles Tsooru valla Roosiku m\u00f5isan ja Luham\u00f5tsan. Perren oll viis last, p\u00e4\u00e4le Juhani viil neli t\u00fct\u00e4rlast. Jaik opp\u00f5 Tsooru ministeeriumikoolin ja l\u00f5p\u00f5t tuu \u00e4r 1913. aastagal. Per\u00e4n l\u00f5p\u00f5tamist l\u00e4ts el\u00e4m\u00e4 V\u00f5rol\u00f5. 1915. aastaga v\u00f5eti t\u00e4 kinni salajads\u00f5 nuuriringi [&hellip;]<\/p>\n","protected":false},"author":1,"featured_media":0,"parent":9,"menu_order":12,"comment_status":"closed","ping_status":"closed","template":"","meta":{"footnotes":""},"class_list":["post-77","page","type-page","status-publish","hentry"],"yoast_head":"<!-- This site is optimized with the Yoast SEO plugin v27.4 - https:\/\/yoast.com\/product\/yoast-seo-wordpress\/ -->\n<title>Juhan Jaik - V\u00f5ro kir\u00e4nd\u00fcs<\/title>\n<meta name=\"robots\" content=\"index, follow, max-snippet:-1, max-image-preview:large, max-video-preview:-1\" \/>\n<link rel=\"canonical\" href=\"https:\/\/wi.ee\/voro\/kiranigu\/juhan-jaik\/\" \/>\n<meta property=\"og:locale\" content=\"et_EE\" \/>\n<meta property=\"og:type\" content=\"article\" \/>\n<meta property=\"og:title\" content=\"Juhan Jaik - V\u00f5ro kir\u00e4nd\u00fcs\" \/>\n<meta property=\"og:description\" content=\"Juhan Jaik s\u00fcnd\u00fc 13. jaanuaril (vana kallendri perr\u00e4 1. jaanuaril) 1899 V\u00f5romaal S\u00e4nn\u00e4n m\u00f5isat\u00fc\u00fclise perrehe ni kasvi \u00fcles Tsooru valla Roosiku m\u00f5isan ja Luham\u00f5tsan. Perren oll viis last, p\u00e4\u00e4le Juhani viil neli t\u00fct\u00e4rlast. Jaik opp\u00f5 Tsooru ministeeriumikoolin ja l\u00f5p\u00f5t tuu \u00e4r 1913. aastagal. Per\u00e4n l\u00f5p\u00f5tamist l\u00e4ts el\u00e4m\u00e4 V\u00f5rol\u00f5. 1915. aastaga v\u00f5eti t\u00e4 kinni salajads\u00f5 nuuriringi [&hellip;]\" \/>\n<meta property=\"og:url\" content=\"https:\/\/wi.ee\/voro\/kiranigu\/juhan-jaik\/\" \/>\n<meta property=\"og:site_name\" content=\"V\u00f5ro kir\u00e4nd\u00fcs\" \/>\n<meta property=\"article:modified_time\" content=\"2023-01-07T10:10:49+00:00\" \/>\n<meta property=\"og:image\" content=\"http:\/\/wi.ee\/voro\/wp-content\/uploads\/2016\/02\/juhan-jaik.jpg\" \/>\n<meta name=\"twitter:card\" content=\"summary_large_image\" \/>\n<meta name=\"twitter:label1\" content=\"Est. reading time\" \/>\n\t<meta name=\"twitter:data1\" content=\"4 minutit\" \/>\n<script type=\"application\/ld+json\" class=\"yoast-schema-graph\">{\"@context\":\"https:\\\/\\\/schema.org\",\"@graph\":[{\"@type\":\"WebPage\",\"@id\":\"https:\\\/\\\/wi.ee\\\/voro\\\/kiranigu\\\/juhan-jaik\\\/\",\"url\":\"https:\\\/\\\/wi.ee\\\/voro\\\/kiranigu\\\/juhan-jaik\\\/\",\"name\":\"Juhan Jaik - V\u00f5ro kir\u00e4nd\u00fcs\",\"isPartOf\":{\"@id\":\"https:\\\/\\\/wi.ee\\\/voro\\\/#website\"},\"primaryImageOfPage\":{\"@id\":\"https:\\\/\\\/wi.ee\\\/voro\\\/kiranigu\\\/juhan-jaik\\\/#primaryimage\"},\"image\":{\"@id\":\"https:\\\/\\\/wi.ee\\\/voro\\\/kiranigu\\\/juhan-jaik\\\/#primaryimage\"},\"thumbnailUrl\":\"http:\\\/\\\/wi.ee\\\/voro\\\/wp-content\\\/uploads\\\/2016\\\/02\\\/juhan-jaik.jpg\",\"datePublished\":\"2016-02-01T14:28:41+00:00\",\"dateModified\":\"2023-01-07T10:10:49+00:00\",\"breadcrumb\":{\"@id\":\"https:\\\/\\\/wi.ee\\\/voro\\\/kiranigu\\\/juhan-jaik\\\/#breadcrumb\"},\"inLanguage\":\"et\",\"potentialAction\":[{\"@type\":\"ReadAction\",\"target\":[\"https:\\\/\\\/wi.ee\\\/voro\\\/kiranigu\\\/juhan-jaik\\\/\"]}]},{\"@type\":\"ImageObject\",\"inLanguage\":\"et\",\"@id\":\"https:\\\/\\\/wi.ee\\\/voro\\\/kiranigu\\\/juhan-jaik\\\/#primaryimage\",\"url\":\"http:\\\/\\\/wi.ee\\\/voro\\\/wp-content\\\/uploads\\\/2016\\\/02\\\/juhan-jaik.jpg\",\"contentUrl\":\"http:\\\/\\\/wi.ee\\\/voro\\\/wp-content\\\/uploads\\\/2016\\\/02\\\/juhan-jaik.jpg\"},{\"@type\":\"BreadcrumbList\",\"@id\":\"https:\\\/\\\/wi.ee\\\/voro\\\/kiranigu\\\/juhan-jaik\\\/#breadcrumb\",\"itemListElement\":[{\"@type\":\"ListItem\",\"position\":1,\"name\":\"Home\",\"item\":\"https:\\\/\\\/wi.ee\\\/voro\\\/\"},{\"@type\":\"ListItem\",\"position\":2,\"name\":\"KI\u00c4 OMMA V\u00d5RO KIR\u00c4NIGU\",\"item\":\"https:\\\/\\\/wi.ee\\\/voro\\\/kiranigu\\\/\"},{\"@type\":\"ListItem\",\"position\":3,\"name\":\"Juhan Jaik\"}]},{\"@type\":\"WebSite\",\"@id\":\"https:\\\/\\\/wi.ee\\\/voro\\\/#website\",\"url\":\"https:\\\/\\\/wi.ee\\\/voro\\\/\",\"name\":\"V\u00f5ro kir\u00e4nd\u00fcs\",\"description\":\"V\u00f5ro kir\u00e4nd\u00fcse kodoleht\",\"potentialAction\":[{\"@type\":\"SearchAction\",\"target\":{\"@type\":\"EntryPoint\",\"urlTemplate\":\"https:\\\/\\\/wi.ee\\\/voro\\\/?s={search_term_string}\"},\"query-input\":{\"@type\":\"PropertyValueSpecification\",\"valueRequired\":true,\"valueName\":\"search_term_string\"}}],\"inLanguage\":\"et\"}]}<\/script>\n<!-- \/ Yoast SEO plugin. -->","yoast_head_json":{"title":"Juhan Jaik - V\u00f5ro kir\u00e4nd\u00fcs","robots":{"index":"index","follow":"follow","max-snippet":"max-snippet:-1","max-image-preview":"max-image-preview:large","max-video-preview":"max-video-preview:-1"},"canonical":"https:\/\/wi.ee\/voro\/kiranigu\/juhan-jaik\/","og_locale":"et_EE","og_type":"article","og_title":"Juhan Jaik - V\u00f5ro kir\u00e4nd\u00fcs","og_description":"Juhan Jaik s\u00fcnd\u00fc 13. jaanuaril (vana kallendri perr\u00e4 1. jaanuaril) 1899 V\u00f5romaal S\u00e4nn\u00e4n m\u00f5isat\u00fc\u00fclise perrehe ni kasvi \u00fcles Tsooru valla Roosiku m\u00f5isan ja Luham\u00f5tsan. Perren oll viis last, p\u00e4\u00e4le Juhani viil neli t\u00fct\u00e4rlast. Jaik opp\u00f5 Tsooru ministeeriumikoolin ja l\u00f5p\u00f5t tuu \u00e4r 1913. aastagal. Per\u00e4n l\u00f5p\u00f5tamist l\u00e4ts el\u00e4m\u00e4 V\u00f5rol\u00f5. 1915. aastaga v\u00f5eti t\u00e4 kinni salajads\u00f5 nuuriringi [&hellip;]","og_url":"https:\/\/wi.ee\/voro\/kiranigu\/juhan-jaik\/","og_site_name":"V\u00f5ro kir\u00e4nd\u00fcs","article_modified_time":"2023-01-07T10:10:49+00:00","og_image":[{"url":"http:\/\/wi.ee\/voro\/wp-content\/uploads\/2016\/02\/juhan-jaik.jpg","type":"","width":"","height":""}],"twitter_card":"summary_large_image","twitter_misc":{"Est. reading time":"4 minutit"},"schema":{"@context":"https:\/\/schema.org","@graph":[{"@type":"WebPage","@id":"https:\/\/wi.ee\/voro\/kiranigu\/juhan-jaik\/","url":"https:\/\/wi.ee\/voro\/kiranigu\/juhan-jaik\/","name":"Juhan Jaik - V\u00f5ro kir\u00e4nd\u00fcs","isPartOf":{"@id":"https:\/\/wi.ee\/voro\/#website"},"primaryImageOfPage":{"@id":"https:\/\/wi.ee\/voro\/kiranigu\/juhan-jaik\/#primaryimage"},"image":{"@id":"https:\/\/wi.ee\/voro\/kiranigu\/juhan-jaik\/#primaryimage"},"thumbnailUrl":"http:\/\/wi.ee\/voro\/wp-content\/uploads\/2016\/02\/juhan-jaik.jpg","datePublished":"2016-02-01T14:28:41+00:00","dateModified":"2023-01-07T10:10:49+00:00","breadcrumb":{"@id":"https:\/\/wi.ee\/voro\/kiranigu\/juhan-jaik\/#breadcrumb"},"inLanguage":"et","potentialAction":[{"@type":"ReadAction","target":["https:\/\/wi.ee\/voro\/kiranigu\/juhan-jaik\/"]}]},{"@type":"ImageObject","inLanguage":"et","@id":"https:\/\/wi.ee\/voro\/kiranigu\/juhan-jaik\/#primaryimage","url":"http:\/\/wi.ee\/voro\/wp-content\/uploads\/2016\/02\/juhan-jaik.jpg","contentUrl":"http:\/\/wi.ee\/voro\/wp-content\/uploads\/2016\/02\/juhan-jaik.jpg"},{"@type":"BreadcrumbList","@id":"https:\/\/wi.ee\/voro\/kiranigu\/juhan-jaik\/#breadcrumb","itemListElement":[{"@type":"ListItem","position":1,"name":"Home","item":"https:\/\/wi.ee\/voro\/"},{"@type":"ListItem","position":2,"name":"KI\u00c4 OMMA V\u00d5RO KIR\u00c4NIGU","item":"https:\/\/wi.ee\/voro\/kiranigu\/"},{"@type":"ListItem","position":3,"name":"Juhan Jaik"}]},{"@type":"WebSite","@id":"https:\/\/wi.ee\/voro\/#website","url":"https:\/\/wi.ee\/voro\/","name":"V\u00f5ro kir\u00e4nd\u00fcs","description":"V\u00f5ro kir\u00e4nd\u00fcse kodoleht","potentialAction":[{"@type":"SearchAction","target":{"@type":"EntryPoint","urlTemplate":"https:\/\/wi.ee\/voro\/?s={search_term_string}"},"query-input":{"@type":"PropertyValueSpecification","valueRequired":true,"valueName":"search_term_string"}}],"inLanguage":"et"}]}},"_links":{"self":[{"href":"https:\/\/wi.ee\/voro\/wp-json\/wp\/v2\/pages\/77","targetHints":{"allow":["GET"]}}],"collection":[{"href":"https:\/\/wi.ee\/voro\/wp-json\/wp\/v2\/pages"}],"about":[{"href":"https:\/\/wi.ee\/voro\/wp-json\/wp\/v2\/types\/page"}],"author":[{"embeddable":true,"href":"https:\/\/wi.ee\/voro\/wp-json\/wp\/v2\/users\/1"}],"replies":[{"embeddable":true,"href":"https:\/\/wi.ee\/voro\/wp-json\/wp\/v2\/comments?post=77"}],"version-history":[{"count":5,"href":"https:\/\/wi.ee\/voro\/wp-json\/wp\/v2\/pages\/77\/revisions"}],"predecessor-version":[{"id":936,"href":"https:\/\/wi.ee\/voro\/wp-json\/wp\/v2\/pages\/77\/revisions\/936"}],"up":[{"embeddable":true,"href":"https:\/\/wi.ee\/voro\/wp-json\/wp\/v2\/pages\/9"}],"wp:attachment":[{"href":"https:\/\/wi.ee\/voro\/wp-json\/wp\/v2\/media?parent=77"}],"curies":[{"name":"wp","href":"https:\/\/api.w.org\/{rel}","templated":true}]}}