{"id":759,"date":"2021-06-07T15:55:16","date_gmt":"2021-06-07T12:55:16","guid":{"rendered":"https:\/\/wi.ee\/voro\/?page_id=759"},"modified":"2023-06-02T12:15:42","modified_gmt":"2023-06-02T09:15:42","slug":"triinu-laan","status":"publish","type":"page","link":"https:\/\/wi.ee\/voro\/kiranigu\/triinu-laan\/","title":{"rendered":"TRIINU LAAN"},"content":{"rendered":"<p><img loading=\"lazy\" decoding=\"async\" class=\"alignleft wp-image-44\" src=\"https:\/\/wi.ee\/voro\/wp-content\/uploads\/2021\/06\/triinu_laan-600x600-1.jpg\" alt=\"artur-adson\" width=\"286\" height=\"286\" \/><\/p>\n<p>&nbsp;<\/p>\n<p>&nbsp;<\/p>\n<p>&nbsp;<\/p>\n<p>&nbsp;<\/p>\n<p>&nbsp;<\/p>\n<p>&nbsp;<\/p>\n<p>&nbsp;<\/p>\n<p>&nbsp;<\/p>\n<p>&nbsp;<\/p>\n<p><strong>Laan\u00f5 Triinu<\/strong> (varrampa Laanej\u00f5e, 1993-2016 Ojar) s\u00fcnd\u00fc 6. lehekuul 1975. aastagal V\u00f5rol. Tan l\u00f5p\u00f5t ka V\u00f5ro I \u00a0P\u00f5hikooli 1990. ja V\u00f5ru Kreutzwaldi G\u00fcmnaasiumi saksa keele eriklassi 1993. aastagal.<\/p>\n<p>Magistrikraadi sai 2018. aastagal Tartu \u00dclikoolist kultuurik\u00f5rraldus\u00f5 erialal l\u00f5put\u00fc\u00fcga \u201eV\u00f5rukeelne laulu- ja rahvapidu Uma Pido \u2013 korraldusprotsessi ja vaimse kultuurip\u00e4randi kasutuse anal\u00fc\u00fcs\u201c.<\/p>\n<ol start=\"1998\">\n<li>aastagast p\u00e4\u00e4le t\u00fc\u00fct\u00e4s Triinu Laan V\u00f5ro Instituudin \u2013 edim\u00e4lt sekret\u00e4r-projektijuhina ja 2006-2021\u00a0 projektijuhi amm\u00f5ti p\u00e4\u00e4l.<\/li>\n<\/ol>\n<p>Aastil 2005-2013 oll MT\u00dc V\u00f5ro Selts VKKF juhatus\u00f5 edemiis, 2015. aastagast juhatus\u00f5 liig\u00f5. \u00a0Kaika suv\u00f5\u00fclikooli toimusiva Triinu iistv\u00f5tt\u00f5l aastil 2000-2012.<\/p>\n<ol start=\"2007\">\n<li>aastagast kooni 2017 om Triinu Laan k\u00f5rraldanu v\u00f5rokeelist laulu- ja rahvapito Uma Pido, oll\u00f5n taa p\u00e4\u00e4iistv\u00f5tja 2008.; 2010. ja 2013. aastagal.<\/li>\n<li>aastaga k\u00e4ivit t\u00e4 Hel\u00fcaida https:\/\/xn--helait-5ya.ee\/, kost saa kull\u00f5lda v\u00f5rokiilset kir\u00e4nd\u00fcst ni perim\u00fcst.<\/li>\n<\/ol>\n<p>Para el\u00e4s Triinu Laan P\u00f5lva maakunnan Vardja k\u00fcl\u00e4n Palli talon. T\u00e4 om viie lats\u00f5 im\u00e4 ja viie (v\u00f5rokeelitse) latsiraamatu autur.<\/p>\n<ol start=\"2007\">\n<li>aastaga kujun\u00f5si Laan\u00f5 Triinul j\u00f5vvulidselt mitundmuudu tul\u00f5kis kir\u00e4nd\u00fcste. Aokir\u00e4n T\u00e4heke ilmu kolm tim\u00e4 juttu (\u201eKoer ja talv. Pini ja talv\u201c, \u201eKoer ja lumest naine. Pini ja lum\u00f5st naan\u00f5\u201c, \u201eKoerale tuleb uus aasta. Pinil\u00f5 tul\u00f5 vahts\u00f5n\u00f5 aastak\u201c). Kogumikun \u201eKuldmuna\u201c n\u00e4kse tr\u00fck\u00fcvalgust l\u00fchk\u00fc n\u00e4\u00fcdend latsil\u00f5 \u201eKuis siil hind\u00e4le n\u00f5glaq sai\u201c, mi\u00e4 kirut\u00f5t \u00fcten t\u00fctre Ojari Eliisabetiga. Valmis sai edim\u00e4ne raamat \u201eSuur must pini. Suur must koer\u201c (kull\u00f5ldav https:\/\/xn--helait-5ya.ee\/suur-must-pini\/), kon luu nii kir\u00e4- ku v\u00f5ro keelen. 2007. aastal ilmu ka Hasso Krulli mitmakiilne luul\u00f5kogo \u201eJatulintarha &#8211; Hussaid &#8211; Kiviring\u201c, minka v\u00f5rokiilse luul\u00f5tus\u00f5 omma Laan\u00f5 Triinu \u00fcmbre pant. Triinu toim\u00f5t \u00fcten Fastr\u00f5 Marikoga ka 2007. aastaga V\u00f5ro-Seto t\u00e4htraamatut, mid\u00e4 t\u00e4 tekse ka n\u00e4\u00fctes 2005. aastaga ja 2008. \u00fcten Leelo Lauritsaga.<\/li>\n<\/ol>\n<p>2016 n\u00e4kse tr\u00fck\u00fcvalgust v\u00f5ro- ja eestikiilne latsiraamat \u201eVana katskin\u00f5 kass. Vana katkine kass\u201c (kull\u00f5ldav https:\/\/xn--helait-5ya.ee\/vana-katskino-kass\/).<\/p>\n<ol start=\"2019\">\n<li>aastagal ilmu \u201eKrutskiline tita. P\u00e4\u00e4h\u00e4k\u00e4\u00e4nt\u00e4v tita\u201c (katskiilne latsiraamat, kir\u00e4st\u00fcs Hea Lugu; kull\u00f5ldav https:\/\/xn--helait-5ya.ee\/heluraamat-krutskiline-tita-paahakaantav-tita\/) ja 2020 \u201eLuukere Juhani juhtumised\u201c (latsiraamat, kir\u00e4st\u00fcs P\u00e4ike ja Pilv; audioraamatuna ol\u00f5man ka v\u00f5rokiilsena https:\/\/xn--helait-5ya.ee\/luukere-juhani-juhtumiso\/).<\/li>\n<\/ol>\n<p>Laan\u00f5 Triinu latsijutt\u00f5 l\u00f6vv\u00fcs pi\u00e4 egan v\u00f5rokiilsen T\u00e4hekesen 2007. aastagast alat\u00f5n. 2011. aastaga V\u00f5ro-Seto t\u00e4htraamatun om p\u00e4\u00e4v\u00e4raamatu muudu novellisug\u00f5midega jutt \u201e\u00dcleskirotuisi jumalihemineki aost\u201c.<\/p>\n<p>Laan\u00f5 Triinu latsiraamatu omma p\u00e4lvn\u00fc mitmit tunnustuisi \u2013 n\u00e4\u00fctes raamat \u201eSuur must koer. Suur must pini\u201c oll\u00a0 2008 Eesti Kultuurkapitali kir\u00e4nd\u00fcse tsihtkapitali aastaavvuhinna nominent 2007 latsikir\u00e4nd\u00fcse jaon.\u00a0 Sama oll raamatuga \u201eVana katkine kass. Vana katskin\u00f5 kass\u201c 2017. aastagal, ku taa oll Eesti Kultuurkapitali kir\u00e4nd\u00fcse tsihtkapitali aastaavvuhinna nominent 2016 latsikir\u00e4nd\u00fcse valdkunnan.<\/p>\n<ol start=\"2016\">\n<li>aastagal sai Triinu Laan Eesti Latsikir\u00e4nd\u00fcse Keskus\u00f5 Aasta Rosina preemi\u00e4 raamatu \u201eVana katkine kass. Vana katskin\u00f5 kass\u201c iist.<\/li>\n<\/ol>\n<p>2021 &#8211; Eesti Kultuurkapitali kir\u00e4nd\u00fcse tsihtkapitali aastaavvuhinna nominent 2020 latsikir\u00e4nd\u00fcse jaon raamadu\u00a0 \u201eLuukere Juhani juhtumised\u201c iist. \u201eLuukere Juhani juhtumised\u201c t\u00f5i Triinu Laan\u00f5l\u00f5 ka 2021. aastaga Tartu Latsikir\u00e4nd\u00fcse preemi\u00e4 (https:\/\/tartu.postimees.ee\/7231908\/kultuurihuviline-luukere-kippus-parast-naitusi-lasteraamatusse).<\/p>\n<p>Tim\u00e4 raamatit om t\u00f5lgit ka mitmal\u00f5 v\u00f5\u00f5rkiilde \u2013 nii nt ilmu 2008. aastal eesti ja vinnekiilsen\u00e4\u00a0\u00a0 \u201eSuur must koer. Bol\u0161aja t\u0161jornaja sobaka\u201c ja 2017 korea keelen \u201eVana katskin\u00f5 kass\u201c.<\/p>\n<p>Laan\u00f5 Triinu loomingut om ka viisistet\u00a0 \u2013 nt \u201eMa nakka puus!\u201c Mari Kalkuni esit\u00fcsen ja viie perr\u00e4 (https:\/\/music.apple.com\/ee\/album\/ma-nakka-puus\/1518216551?i=1518216882&amp;uo=4&amp;app=music), nisamat\u00f5 \u201eNaas\u00f5 ei j\u00e4t\u00e4\u201c Triin Araku viisist\u00fcsen.<\/p>\n<h2>Laan\u00f5 Triinu loomingu kotsil\u00f5 om luk\u00f5:<\/h2>\n<p><strong>Palm, J<\/strong>. Loe-\u00e4ra-loe! Eesti lastekirjandus 2007. Sirp, 14.III 2008<\/p>\n<blockquote class=\"wp-embedded-content\" data-secret=\"72ibLP6Qc2\"><p><a href=\"https:\/\/sirp.ee\/s1-artiklid\/c7-kirjandus\/loe-ra-loe-eesti-lastekirjandus-2007\/\">Loe-\u00e4ra-loe! Eesti lastekirjandus 2007<\/a><\/p><\/blockquote>\n<p><iframe loading=\"lazy\" class=\"wp-embedded-content\" sandbox=\"allow-scripts\" security=\"restricted\" style=\"position: absolute; clip: rect(1px, 1px, 1px, 1px);\" title=\"&#8220;Loe-\u00e4ra-loe! Eesti lastekirjandus 2007&#8221; &#8212; Sirp\" src=\"https:\/\/sirp.ee\/s1-artiklid\/c7-kirjandus\/loe-ra-loe-eesti-lastekirjandus-2007\/embed\/#?secret=hojpVY65XV#?secret=72ibLP6Qc2\" data-secret=\"72ibLP6Qc2\" width=\"310\" height=\"200\" frameborder=\"0\" marginwidth=\"0\" marginheight=\"0\" scrolling=\"no\"><\/iframe><\/p>\n<p>&nbsp;<\/p>\n<ul>\n<li><strong>Velsker, M. <\/strong>K\u00fctioru asjade sumin. Looming 2\/2015<\/li>\n<\/ul>\n<p><a href=\"https:\/\/www.looming.ee\/artiklid\/kutioru-asjade-sumin\/\"><span style=\"color: #000000;\">https:\/\/www.looming.ee\/artiklid\/kutioru-asjade-sumin\/<\/span><\/a> (Rmt: \u201eSuur must koer. Suur must pini\u201c. P\u00e4ike ja Pilv 2007)<\/p>\n<p>&#8211;\u00a0\u00a0\u00a0\u00a0\u00a0\u00a0 Triinu Laan kirjutas oma t\u00fctarde vempudest raamatu. L\u00f5unaleht 25. V 2019 <span style=\"color: #000000;\"><a style=\"color: #000000;\" href=\"http:\/\/lounaleht.ee\/?page=1&amp;id=26712\">http:\/\/lounaleht.ee\/?page=1&amp;id=26712<\/a><\/span><\/p>\n<ul>\n<li><strong>Kumberg, K<\/strong>. Kontmees ilmus kooljakuul. Postimees 18. XII 2020 (Rmt: Laan, Triinu \u201e<em>Luukere Juhani juhtumised<\/em>\u201c. Pildi tsehkend\u00e4n\u00fc\u00a0Marja-Liisa Plats. P\u00e4ike ja Pilv 2020) <span style=\"color: #000000;\"><a style=\"color: #000000;\" href=\"https:\/\/leht.postimees.ee\/7136255\/kontmees-ilmus-kooljakuul\">https:\/\/leht.postimees.ee\/7136255\/kontmees-ilmus-kooljakuul<\/a><\/span><\/li>\n<\/ul>\n<p>&nbsp;<\/p>\n<ul>\n<li><strong>Vaiksoo, J<\/strong>. Seitseteist kevadist hetke eesti lastekirjandusega. Sirp 19. III 2021<\/li>\n<\/ul>\n<p>(Rmt: Laan, Triinu \u201e<em>Luukere Juhani juhtumised<\/em>\u201c. Pildi tsehkend\u00e4n\u00fc\u00a0Marja-Liisa Plats. P\u00e4ike ja Pilv 2020)<\/p>\n<blockquote class=\"wp-embedded-content\" data-secret=\"7Lpe4MDYMU\"><p><a href=\"https:\/\/www.sirp.ee\/s1-artiklid\/c7-kirjandus\/seitseteist-kevadist-hetke-eesti-lastekirjandusega\/\">Seitseteist kevadist hetke eesti lastekirjandusega<\/a><\/p><\/blockquote>\n<p><iframe loading=\"lazy\" class=\"wp-embedded-content\" sandbox=\"allow-scripts\" security=\"restricted\" style=\"position: absolute; clip: rect(1px, 1px, 1px, 1px);\" title=\"&#8220;Seitseteist kevadist hetke eesti lastekirjandusega&#8221; &#8212; Sirp\" src=\"https:\/\/www.sirp.ee\/s1-artiklid\/c7-kirjandus\/seitseteist-kevadist-hetke-eesti-lastekirjandusega\/embed\/#?secret=187ozaknil#?secret=7Lpe4MDYMU\" data-secret=\"7Lpe4MDYMU\" width=\"310\" height=\"200\" frameborder=\"0\" marginwidth=\"0\" marginheight=\"0\" scrolling=\"no\"><\/iframe><\/p>\n<p>&nbsp;<\/p>\n","protected":false},"excerpt":{"rendered":"<p>&nbsp; &nbsp; &nbsp; &nbsp; &nbsp; &nbsp; &nbsp; &nbsp; &nbsp; Laan\u00f5 Triinu (varrampa Laanej\u00f5e, 1993-2016 Ojar) s\u00fcnd\u00fc 6. lehekuul 1975. aastagal V\u00f5rol. Tan l\u00f5p\u00f5t ka V\u00f5ro I \u00a0P\u00f5hikooli 1990. ja V\u00f5ru Kreutzwaldi G\u00fcmnaasiumi saksa keele eriklassi 1993. aastagal. Magistrikraadi sai 2018. aastagal Tartu \u00dclikoolist kultuurik\u00f5rraldus\u00f5 erialal l\u00f5put\u00fc\u00fcga \u201eV\u00f5rukeelne laulu- ja rahvapidu Uma Pido \u2013 korraldusprotsessi ja [&hellip;]<\/p>\n","protected":false},"author":2,"featured_media":0,"parent":9,"menu_order":20,"comment_status":"closed","ping_status":"closed","template":"","meta":{"footnotes":""},"class_list":["post-759","page","type-page","status-publish","hentry"],"yoast_head":"<!-- This site is optimized with the Yoast SEO plugin v27.3 - https:\/\/yoast.com\/product\/yoast-seo-wordpress\/ -->\n<title>TRIINU LAAN - V\u00f5ro kir\u00e4nd\u00fcs<\/title>\n<meta name=\"robots\" content=\"index, follow, max-snippet:-1, max-image-preview:large, max-video-preview:-1\" \/>\n<link rel=\"canonical\" href=\"https:\/\/wi.ee\/voro\/kiranigu\/triinu-laan\/\" \/>\n<meta property=\"og:locale\" content=\"et_EE\" \/>\n<meta property=\"og:type\" content=\"article\" \/>\n<meta property=\"og:title\" content=\"TRIINU LAAN - V\u00f5ro kir\u00e4nd\u00fcs\" \/>\n<meta property=\"og:description\" content=\"&nbsp; &nbsp; &nbsp; &nbsp; &nbsp; &nbsp; &nbsp; &nbsp; &nbsp; Laan\u00f5 Triinu (varrampa Laanej\u00f5e, 1993-2016 Ojar) s\u00fcnd\u00fc 6. lehekuul 1975. aastagal V\u00f5rol. Tan l\u00f5p\u00f5t ka V\u00f5ro I \u00a0P\u00f5hikooli 1990. ja V\u00f5ru Kreutzwaldi G\u00fcmnaasiumi saksa keele eriklassi 1993. aastagal. Magistrikraadi sai 2018. aastagal Tartu \u00dclikoolist kultuurik\u00f5rraldus\u00f5 erialal l\u00f5put\u00fc\u00fcga \u201eV\u00f5rukeelne laulu- ja rahvapidu Uma Pido \u2013 korraldusprotsessi ja [&hellip;]\" \/>\n<meta property=\"og:url\" content=\"https:\/\/wi.ee\/voro\/kiranigu\/triinu-laan\/\" \/>\n<meta property=\"og:site_name\" content=\"V\u00f5ro kir\u00e4nd\u00fcs\" \/>\n<meta property=\"article:modified_time\" content=\"2023-06-02T09:15:42+00:00\" \/>\n<meta property=\"og:image\" content=\"https:\/\/wi.ee\/voro\/wp-content\/uploads\/2021\/06\/triinu_laan-600x600-1.jpg\" \/>\n<meta name=\"twitter:card\" content=\"summary_large_image\" \/>\n<meta name=\"twitter:label1\" content=\"Est. reading time\" \/>\n\t<meta name=\"twitter:data1\" content=\"4 minutit\" \/>\n<script type=\"application\/ld+json\" class=\"yoast-schema-graph\">{\"@context\":\"https:\\\/\\\/schema.org\",\"@graph\":[{\"@type\":\"WebPage\",\"@id\":\"https:\\\/\\\/wi.ee\\\/voro\\\/kiranigu\\\/triinu-laan\\\/\",\"url\":\"https:\\\/\\\/wi.ee\\\/voro\\\/kiranigu\\\/triinu-laan\\\/\",\"name\":\"TRIINU LAAN - V\u00f5ro kir\u00e4nd\u00fcs\",\"isPartOf\":{\"@id\":\"https:\\\/\\\/wi.ee\\\/voro\\\/#website\"},\"primaryImageOfPage\":{\"@id\":\"https:\\\/\\\/wi.ee\\\/voro\\\/kiranigu\\\/triinu-laan\\\/#primaryimage\"},\"image\":{\"@id\":\"https:\\\/\\\/wi.ee\\\/voro\\\/kiranigu\\\/triinu-laan\\\/#primaryimage\"},\"thumbnailUrl\":\"https:\\\/\\\/wi.ee\\\/voro\\\/wp-content\\\/uploads\\\/2021\\\/06\\\/triinu_laan-600x600-1.jpg\",\"datePublished\":\"2021-06-07T12:55:16+00:00\",\"dateModified\":\"2023-06-02T09:15:42+00:00\",\"breadcrumb\":{\"@id\":\"https:\\\/\\\/wi.ee\\\/voro\\\/kiranigu\\\/triinu-laan\\\/#breadcrumb\"},\"inLanguage\":\"et\",\"potentialAction\":[{\"@type\":\"ReadAction\",\"target\":[\"https:\\\/\\\/wi.ee\\\/voro\\\/kiranigu\\\/triinu-laan\\\/\"]}]},{\"@type\":\"ImageObject\",\"inLanguage\":\"et\",\"@id\":\"https:\\\/\\\/wi.ee\\\/voro\\\/kiranigu\\\/triinu-laan\\\/#primaryimage\",\"url\":\"https:\\\/\\\/wi.ee\\\/voro\\\/wp-content\\\/uploads\\\/2021\\\/06\\\/triinu_laan-600x600-1.jpg\",\"contentUrl\":\"https:\\\/\\\/wi.ee\\\/voro\\\/wp-content\\\/uploads\\\/2021\\\/06\\\/triinu_laan-600x600-1.jpg\",\"width\":600,\"height\":600},{\"@type\":\"BreadcrumbList\",\"@id\":\"https:\\\/\\\/wi.ee\\\/voro\\\/kiranigu\\\/triinu-laan\\\/#breadcrumb\",\"itemListElement\":[{\"@type\":\"ListItem\",\"position\":1,\"name\":\"Home\",\"item\":\"https:\\\/\\\/wi.ee\\\/voro\\\/\"},{\"@type\":\"ListItem\",\"position\":2,\"name\":\"KI\u00c4 OMMA V\u00d5RO KIR\u00c4NIGU\",\"item\":\"https:\\\/\\\/wi.ee\\\/voro\\\/kiranigu\\\/\"},{\"@type\":\"ListItem\",\"position\":3,\"name\":\"TRIINU LAAN\"}]},{\"@type\":\"WebSite\",\"@id\":\"https:\\\/\\\/wi.ee\\\/voro\\\/#website\",\"url\":\"https:\\\/\\\/wi.ee\\\/voro\\\/\",\"name\":\"V\u00f5ro kir\u00e4nd\u00fcs\",\"description\":\"V\u00f5ro kir\u00e4nd\u00fcse kodoleht\",\"potentialAction\":[{\"@type\":\"SearchAction\",\"target\":{\"@type\":\"EntryPoint\",\"urlTemplate\":\"https:\\\/\\\/wi.ee\\\/voro\\\/?s={search_term_string}\"},\"query-input\":{\"@type\":\"PropertyValueSpecification\",\"valueRequired\":true,\"valueName\":\"search_term_string\"}}],\"inLanguage\":\"et\"}]}<\/script>\n<!-- \/ Yoast SEO plugin. -->","yoast_head_json":{"title":"TRIINU LAAN - V\u00f5ro kir\u00e4nd\u00fcs","robots":{"index":"index","follow":"follow","max-snippet":"max-snippet:-1","max-image-preview":"max-image-preview:large","max-video-preview":"max-video-preview:-1"},"canonical":"https:\/\/wi.ee\/voro\/kiranigu\/triinu-laan\/","og_locale":"et_EE","og_type":"article","og_title":"TRIINU LAAN - V\u00f5ro kir\u00e4nd\u00fcs","og_description":"&nbsp; &nbsp; &nbsp; &nbsp; &nbsp; &nbsp; &nbsp; &nbsp; &nbsp; Laan\u00f5 Triinu (varrampa Laanej\u00f5e, 1993-2016 Ojar) s\u00fcnd\u00fc 6. lehekuul 1975. aastagal V\u00f5rol. Tan l\u00f5p\u00f5t ka V\u00f5ro I \u00a0P\u00f5hikooli 1990. ja V\u00f5ru Kreutzwaldi G\u00fcmnaasiumi saksa keele eriklassi 1993. aastagal. Magistrikraadi sai 2018. aastagal Tartu \u00dclikoolist kultuurik\u00f5rraldus\u00f5 erialal l\u00f5put\u00fc\u00fcga \u201eV\u00f5rukeelne laulu- ja rahvapidu Uma Pido \u2013 korraldusprotsessi ja [&hellip;]","og_url":"https:\/\/wi.ee\/voro\/kiranigu\/triinu-laan\/","og_site_name":"V\u00f5ro kir\u00e4nd\u00fcs","article_modified_time":"2023-06-02T09:15:42+00:00","og_image":[{"url":"https:\/\/wi.ee\/voro\/wp-content\/uploads\/2021\/06\/triinu_laan-600x600-1.jpg","type":"","width":"","height":""}],"twitter_card":"summary_large_image","twitter_misc":{"Est. reading time":"4 minutit"},"schema":{"@context":"https:\/\/schema.org","@graph":[{"@type":"WebPage","@id":"https:\/\/wi.ee\/voro\/kiranigu\/triinu-laan\/","url":"https:\/\/wi.ee\/voro\/kiranigu\/triinu-laan\/","name":"TRIINU LAAN - V\u00f5ro kir\u00e4nd\u00fcs","isPartOf":{"@id":"https:\/\/wi.ee\/voro\/#website"},"primaryImageOfPage":{"@id":"https:\/\/wi.ee\/voro\/kiranigu\/triinu-laan\/#primaryimage"},"image":{"@id":"https:\/\/wi.ee\/voro\/kiranigu\/triinu-laan\/#primaryimage"},"thumbnailUrl":"https:\/\/wi.ee\/voro\/wp-content\/uploads\/2021\/06\/triinu_laan-600x600-1.jpg","datePublished":"2021-06-07T12:55:16+00:00","dateModified":"2023-06-02T09:15:42+00:00","breadcrumb":{"@id":"https:\/\/wi.ee\/voro\/kiranigu\/triinu-laan\/#breadcrumb"},"inLanguage":"et","potentialAction":[{"@type":"ReadAction","target":["https:\/\/wi.ee\/voro\/kiranigu\/triinu-laan\/"]}]},{"@type":"ImageObject","inLanguage":"et","@id":"https:\/\/wi.ee\/voro\/kiranigu\/triinu-laan\/#primaryimage","url":"https:\/\/wi.ee\/voro\/wp-content\/uploads\/2021\/06\/triinu_laan-600x600-1.jpg","contentUrl":"https:\/\/wi.ee\/voro\/wp-content\/uploads\/2021\/06\/triinu_laan-600x600-1.jpg","width":600,"height":600},{"@type":"BreadcrumbList","@id":"https:\/\/wi.ee\/voro\/kiranigu\/triinu-laan\/#breadcrumb","itemListElement":[{"@type":"ListItem","position":1,"name":"Home","item":"https:\/\/wi.ee\/voro\/"},{"@type":"ListItem","position":2,"name":"KI\u00c4 OMMA V\u00d5RO KIR\u00c4NIGU","item":"https:\/\/wi.ee\/voro\/kiranigu\/"},{"@type":"ListItem","position":3,"name":"TRIINU LAAN"}]},{"@type":"WebSite","@id":"https:\/\/wi.ee\/voro\/#website","url":"https:\/\/wi.ee\/voro\/","name":"V\u00f5ro kir\u00e4nd\u00fcs","description":"V\u00f5ro kir\u00e4nd\u00fcse kodoleht","potentialAction":[{"@type":"SearchAction","target":{"@type":"EntryPoint","urlTemplate":"https:\/\/wi.ee\/voro\/?s={search_term_string}"},"query-input":{"@type":"PropertyValueSpecification","valueRequired":true,"valueName":"search_term_string"}}],"inLanguage":"et"}]}},"_links":{"self":[{"href":"https:\/\/wi.ee\/voro\/wp-json\/wp\/v2\/pages\/759","targetHints":{"allow":["GET"]}}],"collection":[{"href":"https:\/\/wi.ee\/voro\/wp-json\/wp\/v2\/pages"}],"about":[{"href":"https:\/\/wi.ee\/voro\/wp-json\/wp\/v2\/types\/page"}],"author":[{"embeddable":true,"href":"https:\/\/wi.ee\/voro\/wp-json\/wp\/v2\/users\/2"}],"replies":[{"embeddable":true,"href":"https:\/\/wi.ee\/voro\/wp-json\/wp\/v2\/comments?post=759"}],"version-history":[{"count":8,"href":"https:\/\/wi.ee\/voro\/wp-json\/wp\/v2\/pages\/759\/revisions"}],"predecessor-version":[{"id":1047,"href":"https:\/\/wi.ee\/voro\/wp-json\/wp\/v2\/pages\/759\/revisions\/1047"}],"up":[{"embeddable":true,"href":"https:\/\/wi.ee\/voro\/wp-json\/wp\/v2\/pages\/9"}],"wp:attachment":[{"href":"https:\/\/wi.ee\/voro\/wp-json\/wp\/v2\/media?parent=759"}],"curies":[{"name":"wp","href":"https:\/\/api.w.org\/{rel}","templated":true}]}}