{"id":74,"date":"2016-02-01T16:26:11","date_gmt":"2016-02-01T14:26:11","guid":{"rendered":"http:\/\/wi.ee\/voro\/?page_id=74"},"modified":"2023-01-07T12:00:03","modified_gmt":"2023-01-07T10:00:03","slug":"rihhard-iher","status":"publish","type":"page","link":"https:\/\/wi.ee\/voro\/kiranigu\/rihhard-iher\/","title":{"rendered":"Rihhard Iher"},"content":{"rendered":"<p><img loading=\"lazy\" decoding=\"async\" class=\"alignleft size-full wp-image-75\" src=\"http:\/\/wi.ee\/voro\/wp-content\/uploads\/2016\/02\/rihhard-iher.jpg\" alt=\"rihhard-iher\" width=\"170\" height=\"211\" \/>Rihhard Iher (RI) om s\u00fcnd\u00fcn\u00fc 1. mahlakuu p\u00e4\u00e4v\u00e4l 1910. aastagal Osolan Kivi talon. Elo joosul pidi t\u00e4\u00e4 pik\u00e4lt V\u00f5romaalt kavv\u00f5dal ol\u00f5ma &#8211; tuuiist om tim\u00e4 luul\u00f5 pi\u00e4 t\u00e4vveniste v\u00f5rokiilne.<\/p>\n<p>Harid\u00fcse sai RI Prassi algkoolin (1916-20), V\u00f5ro Poiglatsi G\u00fcmnaasiumin, mille l\u00f5p\u00f5t 1928. A-il 1935-37 ops\u00f5 Tallinna Pedagoogikumin kuulmeistre amm\u00f5tit.<\/p>\n<p>Inne Tallinna-kuuli tiinse RI 1932-35 koolirahha vangivalvurina Haapsalun ni Harkun.<\/p>\n<p>1937-39 oll koolioppaja Vana-Antsla Peetri algkoolin, s\u00e4\u00e4lt edesi 1944. aastaga radokuuni<br \/>\nS\u00f5mm\u00f5rpalo algkoolin, kon tull juhataq ka laulukuuri, n\u00e4\u00fctem\u00e4nguringi ja mandoliiniorkestrit. S\u00e4ks\u00e4 okupatsiooni l\u00f5puaigu oll RI l\u00fchk\u00fct aigu V\u00f5rumaa Teataja p\u00e4\u00e4toim\u00f5ndaja. Vinne ao tull\u00f5n tull minn\u00e4 Haromaal\u00f5 Aruk\u00fcll\u00e4. S\u00e4\u00e4l tekk RI edim\u00e4lt traktorijaama man puusep\u00e4t\u00fc\u00fcd, 1949. a-st oll Oktoobri V\u00f5idu kolhoosin p\u00f5llumiis.<\/p>\n<p>1967. a-l j\u00e4i RI p\u00e4\u00e4le infarkti kodo, 1969 tull viim\u00e4ss s\u00f5sara manoq Osolahe, kon elli 9 aastakka. Inne surma elli viil paar aastakka Rannu vallan Tartumaal, kon 31. p\u00f5imukuu p\u00e4\u00e4v\u00e4l 1980 kuuli. Mat\u00f5t om RI Osola surnuaida.<\/p>\n<p>Jo g\u00fcmnaasiumip\u00e4ivil tekk RI suv\u00f5l Osola latsiga n\u00e4\u00fctem\u00e4nge, mid\u00e4 ka esiq kirot. T\u00f5sits\u00f5mb kir\u00e4tegev\u00fcs nakas eestikeelitsid\u00f5 romaan\u00f5ga \u201cKaheksa kellal\u00f6\u00f6ki\u201d (ilmu 6. IX -17. XII 1943 \u201cEesti S\u00f5nan\u201d) ja \u201cTagasi ellu\u201d (2. XII 1943 &#8211; 29. II 1944 \u201cV\u00f5rumaa Teatajan\u201d), ilmu ka kir\u00e4kiilset luul\u00f5t. Uma v\u00f5rokiilse luul\u00f5tus\u00f5, minka RI kir\u00e4nd\u00fcsluun om, kirot t\u00e4 p\u00e4\u00e4asaligult 1967-68 rass\u00f5 haigus\u00f5 aigu. Tuuaig k\u00e4ve ka tr\u00fck\u00fcs\u00f5nan v\u00e4iku poleemika murd\u00f5keele kotsil\u00f5. \u00dcts puultkyn\u00f5l\u00f5jid &#8211; Ain Kaalep &#8211; toim\u00f5nd 1980 ka RI luul\u00f5kogo. Ilmumadaj\u00e4\u00e4n\u00fc kir\u00e4t\u00f6iest, mid\u00e4 om hulga rohk\u00f5mb, and RI t\u00fct\u00e4r kir\u00e4nd\u00fcskriitik Leili Iher, v\u00e4ll\u00e4 t\u00f5s\u00f5 kogo. K\u00e4sikir\u00e4n om nii v\u00f5ro- ku eestikiilset luul\u00f5t ja muudki viil.<\/p>\n<h3>Luul\u00f5kogo:<\/h3>\n<p>Kassim\u00e4rss. Luul\u00f5tuisi v\u00f5ro murd\u00f5n ER 1980<br \/>\nHavva-kivi. Luul\u00f5tuisi 1967-68 1998<\/p>\n<h3>RI kotsil\u00f5 om kirot\u00f5t:<\/h3>\n<p>S&amp;V 25. VII 1980 (S. Nagelmaa)<br \/>\nLng VII 1980 (A. L\u00f5hmus)<br \/>\nKK VIII 1980 (O. Kruus)<br \/>\nNoorus II 1988 (L. Iher)<br \/>\nVT 2. IV 1991 (E. Saar)<br \/>\nVir IV 1995 (M. Sikk)<br \/>\nVir IX 1998 (V. Valper)<\/p>\n<h3>Rihhard Iheri luul\u00f5t<\/h3>\n<p><strong>IM\u00c4LE<\/strong><\/p>\n<p>Es l\u00f6vv\u00e4 s\u00f5ski leso p\u00e4\u00e4lt<br \/>\nsa, im\u00e4, keskm\u00e4st poiga,<br \/>\nes riibu hiirepiim\u00e4 p\u00e4\u00e4lt<br \/>\nsa ted\u00e4 siidihoiga!<\/p>\n<p>Sul ted\u00e4 kand\u00f5n tihtigi<br \/>\nj\u00f5ud justku v\u00f5eti jalost,<br \/>\nku vaiva tulli hulgani<br \/>\ns\u00e4\u00e4lt v\u00e4ikost, vaes\u00f5st talost<\/p>\n<p>Sa ted\u00e4 s\u00f5ski truvvist\u00f5<br \/>\nk\u00f5ik s\u00e4et\u00fc p\u00e4\u00e4v\u00e4 kands\u00f5t,<br \/>\nja \u00fcs\u00e4st ol\u00f5kotil\u00f5<br \/>\nnii hell\u00e4lt h\u00e4ll\u00fc pands\u00f5t. &#8211;<\/p>\n<p>Tuust saand\u00f5 aastit tull ja l\u00e4ts<br \/>\noh, aastit terve rida!<br \/>\nSai mehes tuugi h\u00e4ll\u00fclats<br \/>\nja mehes hinn\u00e4st pid\u00e4 &#8230;<\/p>\n<p>N\u00fc\u00fcd tii\u00e4 maki, mis um vaiv<br \/>\nja tuudki, mis um valu,<br \/>\nkah tuud, kuis rappus elolaiv,<br \/>\nku tsuskas ted\u00e4 halu<\/p>\n<p>N\u00fc\u00fcd umb\u00f5s tii\u00e4 todagi,<br \/>\nmis sull\u00f5 v\u00f5lgu ol\u00f5,<br \/>\nja toda, im\u00e4, todagiq,<br \/>\net masjat miust ei ol\u00f5.<\/p>\n","protected":false},"excerpt":{"rendered":"<p>Rihhard Iher (RI) om s\u00fcnd\u00fcn\u00fc 1. mahlakuu p\u00e4\u00e4v\u00e4l 1910. aastagal Osolan Kivi talon. Elo joosul pidi t\u00e4\u00e4 pik\u00e4lt V\u00f5romaalt kavv\u00f5dal ol\u00f5ma &#8211; tuuiist om tim\u00e4 luul\u00f5 pi\u00e4 t\u00e4vveniste v\u00f5rokiilne. Harid\u00fcse sai RI Prassi algkoolin (1916-20), V\u00f5ro Poiglatsi G\u00fcmnaasiumin, mille l\u00f5p\u00f5t 1928. A-il 1935-37 ops\u00f5 Tallinna Pedagoogikumin kuulmeistre amm\u00f5tit. Inne Tallinna-kuuli tiinse RI 1932-35 koolirahha vangivalvurina [&hellip;]<\/p>\n","protected":false},"author":1,"featured_media":0,"parent":9,"menu_order":11,"comment_status":"closed","ping_status":"closed","template":"","meta":{"footnotes":""},"class_list":["post-74","page","type-page","status-publish","hentry"],"yoast_head":"<!-- This site is optimized with the Yoast SEO plugin v27.4 - https:\/\/yoast.com\/product\/yoast-seo-wordpress\/ -->\n<title>Rihhard Iher - V\u00f5ro kir\u00e4nd\u00fcs<\/title>\n<meta name=\"robots\" content=\"index, follow, max-snippet:-1, max-image-preview:large, max-video-preview:-1\" \/>\n<link rel=\"canonical\" href=\"https:\/\/wi.ee\/voro\/kiranigu\/rihhard-iher\/\" \/>\n<meta property=\"og:locale\" content=\"et_EE\" \/>\n<meta property=\"og:type\" content=\"article\" \/>\n<meta property=\"og:title\" content=\"Rihhard Iher - V\u00f5ro kir\u00e4nd\u00fcs\" \/>\n<meta property=\"og:description\" content=\"Rihhard Iher (RI) om s\u00fcnd\u00fcn\u00fc 1. mahlakuu p\u00e4\u00e4v\u00e4l 1910. aastagal Osolan Kivi talon. Elo joosul pidi t\u00e4\u00e4 pik\u00e4lt V\u00f5romaalt kavv\u00f5dal ol\u00f5ma &#8211; tuuiist om tim\u00e4 luul\u00f5 pi\u00e4 t\u00e4vveniste v\u00f5rokiilne. Harid\u00fcse sai RI Prassi algkoolin (1916-20), V\u00f5ro Poiglatsi G\u00fcmnaasiumin, mille l\u00f5p\u00f5t 1928. A-il 1935-37 ops\u00f5 Tallinna Pedagoogikumin kuulmeistre amm\u00f5tit. Inne Tallinna-kuuli tiinse RI 1932-35 koolirahha vangivalvurina [&hellip;]\" \/>\n<meta property=\"og:url\" content=\"https:\/\/wi.ee\/voro\/kiranigu\/rihhard-iher\/\" \/>\n<meta property=\"og:site_name\" content=\"V\u00f5ro kir\u00e4nd\u00fcs\" \/>\n<meta property=\"article:modified_time\" content=\"2023-01-07T10:00:03+00:00\" \/>\n<meta property=\"og:image\" content=\"http:\/\/wi.ee\/voro\/wp-content\/uploads\/2016\/02\/rihhard-iher.jpg\" \/>\n<meta name=\"twitter:card\" content=\"summary_large_image\" \/>\n<meta name=\"twitter:label1\" content=\"Est. reading time\" \/>\n\t<meta name=\"twitter:data1\" content=\"3 minutit\" \/>\n<script type=\"application\/ld+json\" class=\"yoast-schema-graph\">{\"@context\":\"https:\\\/\\\/schema.org\",\"@graph\":[{\"@type\":\"WebPage\",\"@id\":\"https:\\\/\\\/wi.ee\\\/voro\\\/kiranigu\\\/rihhard-iher\\\/\",\"url\":\"https:\\\/\\\/wi.ee\\\/voro\\\/kiranigu\\\/rihhard-iher\\\/\",\"name\":\"Rihhard Iher - V\u00f5ro kir\u00e4nd\u00fcs\",\"isPartOf\":{\"@id\":\"https:\\\/\\\/wi.ee\\\/voro\\\/#website\"},\"primaryImageOfPage\":{\"@id\":\"https:\\\/\\\/wi.ee\\\/voro\\\/kiranigu\\\/rihhard-iher\\\/#primaryimage\"},\"image\":{\"@id\":\"https:\\\/\\\/wi.ee\\\/voro\\\/kiranigu\\\/rihhard-iher\\\/#primaryimage\"},\"thumbnailUrl\":\"http:\\\/\\\/wi.ee\\\/voro\\\/wp-content\\\/uploads\\\/2016\\\/02\\\/rihhard-iher.jpg\",\"datePublished\":\"2016-02-01T14:26:11+00:00\",\"dateModified\":\"2023-01-07T10:00:03+00:00\",\"breadcrumb\":{\"@id\":\"https:\\\/\\\/wi.ee\\\/voro\\\/kiranigu\\\/rihhard-iher\\\/#breadcrumb\"},\"inLanguage\":\"et\",\"potentialAction\":[{\"@type\":\"ReadAction\",\"target\":[\"https:\\\/\\\/wi.ee\\\/voro\\\/kiranigu\\\/rihhard-iher\\\/\"]}]},{\"@type\":\"ImageObject\",\"inLanguage\":\"et\",\"@id\":\"https:\\\/\\\/wi.ee\\\/voro\\\/kiranigu\\\/rihhard-iher\\\/#primaryimage\",\"url\":\"http:\\\/\\\/wi.ee\\\/voro\\\/wp-content\\\/uploads\\\/2016\\\/02\\\/rihhard-iher.jpg\",\"contentUrl\":\"http:\\\/\\\/wi.ee\\\/voro\\\/wp-content\\\/uploads\\\/2016\\\/02\\\/rihhard-iher.jpg\"},{\"@type\":\"BreadcrumbList\",\"@id\":\"https:\\\/\\\/wi.ee\\\/voro\\\/kiranigu\\\/rihhard-iher\\\/#breadcrumb\",\"itemListElement\":[{\"@type\":\"ListItem\",\"position\":1,\"name\":\"Home\",\"item\":\"https:\\\/\\\/wi.ee\\\/voro\\\/\"},{\"@type\":\"ListItem\",\"position\":2,\"name\":\"KI\u00c4 OMMA V\u00d5RO KIR\u00c4NIGU\",\"item\":\"https:\\\/\\\/wi.ee\\\/voro\\\/kiranigu\\\/\"},{\"@type\":\"ListItem\",\"position\":3,\"name\":\"Rihhard Iher\"}]},{\"@type\":\"WebSite\",\"@id\":\"https:\\\/\\\/wi.ee\\\/voro\\\/#website\",\"url\":\"https:\\\/\\\/wi.ee\\\/voro\\\/\",\"name\":\"V\u00f5ro kir\u00e4nd\u00fcs\",\"description\":\"V\u00f5ro kir\u00e4nd\u00fcse kodoleht\",\"potentialAction\":[{\"@type\":\"SearchAction\",\"target\":{\"@type\":\"EntryPoint\",\"urlTemplate\":\"https:\\\/\\\/wi.ee\\\/voro\\\/?s={search_term_string}\"},\"query-input\":{\"@type\":\"PropertyValueSpecification\",\"valueRequired\":true,\"valueName\":\"search_term_string\"}}],\"inLanguage\":\"et\"}]}<\/script>\n<!-- \/ Yoast SEO plugin. -->","yoast_head_json":{"title":"Rihhard Iher - V\u00f5ro kir\u00e4nd\u00fcs","robots":{"index":"index","follow":"follow","max-snippet":"max-snippet:-1","max-image-preview":"max-image-preview:large","max-video-preview":"max-video-preview:-1"},"canonical":"https:\/\/wi.ee\/voro\/kiranigu\/rihhard-iher\/","og_locale":"et_EE","og_type":"article","og_title":"Rihhard Iher - V\u00f5ro kir\u00e4nd\u00fcs","og_description":"Rihhard Iher (RI) om s\u00fcnd\u00fcn\u00fc 1. mahlakuu p\u00e4\u00e4v\u00e4l 1910. aastagal Osolan Kivi talon. Elo joosul pidi t\u00e4\u00e4 pik\u00e4lt V\u00f5romaalt kavv\u00f5dal ol\u00f5ma &#8211; tuuiist om tim\u00e4 luul\u00f5 pi\u00e4 t\u00e4vveniste v\u00f5rokiilne. Harid\u00fcse sai RI Prassi algkoolin (1916-20), V\u00f5ro Poiglatsi G\u00fcmnaasiumin, mille l\u00f5p\u00f5t 1928. A-il 1935-37 ops\u00f5 Tallinna Pedagoogikumin kuulmeistre amm\u00f5tit. Inne Tallinna-kuuli tiinse RI 1932-35 koolirahha vangivalvurina [&hellip;]","og_url":"https:\/\/wi.ee\/voro\/kiranigu\/rihhard-iher\/","og_site_name":"V\u00f5ro kir\u00e4nd\u00fcs","article_modified_time":"2023-01-07T10:00:03+00:00","og_image":[{"url":"http:\/\/wi.ee\/voro\/wp-content\/uploads\/2016\/02\/rihhard-iher.jpg","type":"","width":"","height":""}],"twitter_card":"summary_large_image","twitter_misc":{"Est. reading time":"3 minutit"},"schema":{"@context":"https:\/\/schema.org","@graph":[{"@type":"WebPage","@id":"https:\/\/wi.ee\/voro\/kiranigu\/rihhard-iher\/","url":"https:\/\/wi.ee\/voro\/kiranigu\/rihhard-iher\/","name":"Rihhard Iher - V\u00f5ro kir\u00e4nd\u00fcs","isPartOf":{"@id":"https:\/\/wi.ee\/voro\/#website"},"primaryImageOfPage":{"@id":"https:\/\/wi.ee\/voro\/kiranigu\/rihhard-iher\/#primaryimage"},"image":{"@id":"https:\/\/wi.ee\/voro\/kiranigu\/rihhard-iher\/#primaryimage"},"thumbnailUrl":"http:\/\/wi.ee\/voro\/wp-content\/uploads\/2016\/02\/rihhard-iher.jpg","datePublished":"2016-02-01T14:26:11+00:00","dateModified":"2023-01-07T10:00:03+00:00","breadcrumb":{"@id":"https:\/\/wi.ee\/voro\/kiranigu\/rihhard-iher\/#breadcrumb"},"inLanguage":"et","potentialAction":[{"@type":"ReadAction","target":["https:\/\/wi.ee\/voro\/kiranigu\/rihhard-iher\/"]}]},{"@type":"ImageObject","inLanguage":"et","@id":"https:\/\/wi.ee\/voro\/kiranigu\/rihhard-iher\/#primaryimage","url":"http:\/\/wi.ee\/voro\/wp-content\/uploads\/2016\/02\/rihhard-iher.jpg","contentUrl":"http:\/\/wi.ee\/voro\/wp-content\/uploads\/2016\/02\/rihhard-iher.jpg"},{"@type":"BreadcrumbList","@id":"https:\/\/wi.ee\/voro\/kiranigu\/rihhard-iher\/#breadcrumb","itemListElement":[{"@type":"ListItem","position":1,"name":"Home","item":"https:\/\/wi.ee\/voro\/"},{"@type":"ListItem","position":2,"name":"KI\u00c4 OMMA V\u00d5RO KIR\u00c4NIGU","item":"https:\/\/wi.ee\/voro\/kiranigu\/"},{"@type":"ListItem","position":3,"name":"Rihhard Iher"}]},{"@type":"WebSite","@id":"https:\/\/wi.ee\/voro\/#website","url":"https:\/\/wi.ee\/voro\/","name":"V\u00f5ro kir\u00e4nd\u00fcs","description":"V\u00f5ro kir\u00e4nd\u00fcse kodoleht","potentialAction":[{"@type":"SearchAction","target":{"@type":"EntryPoint","urlTemplate":"https:\/\/wi.ee\/voro\/?s={search_term_string}"},"query-input":{"@type":"PropertyValueSpecification","valueRequired":true,"valueName":"search_term_string"}}],"inLanguage":"et"}]}},"_links":{"self":[{"href":"https:\/\/wi.ee\/voro\/wp-json\/wp\/v2\/pages\/74","targetHints":{"allow":["GET"]}}],"collection":[{"href":"https:\/\/wi.ee\/voro\/wp-json\/wp\/v2\/pages"}],"about":[{"href":"https:\/\/wi.ee\/voro\/wp-json\/wp\/v2\/types\/page"}],"author":[{"embeddable":true,"href":"https:\/\/wi.ee\/voro\/wp-json\/wp\/v2\/users\/1"}],"replies":[{"embeddable":true,"href":"https:\/\/wi.ee\/voro\/wp-json\/wp\/v2\/comments?post=74"}],"version-history":[{"count":3,"href":"https:\/\/wi.ee\/voro\/wp-json\/wp\/v2\/pages\/74\/revisions"}],"predecessor-version":[{"id":932,"href":"https:\/\/wi.ee\/voro\/wp-json\/wp\/v2\/pages\/74\/revisions\/932"}],"up":[{"embeddable":true,"href":"https:\/\/wi.ee\/voro\/wp-json\/wp\/v2\/pages\/9"}],"wp:attachment":[{"href":"https:\/\/wi.ee\/voro\/wp-json\/wp\/v2\/media?parent=74"}],"curies":[{"name":"wp","href":"https:\/\/api.w.org\/{rel}","templated":true}]}}