{"id":65,"date":"2016-02-01T16:17:13","date_gmt":"2016-02-01T14:17:13","guid":{"rendered":"http:\/\/wi.ee\/voro\/?page_id=65"},"modified":"2023-01-07T11:37:49","modified_gmt":"2023-01-07T09:37:49","slug":"hanilane","status":"publish","type":"page","link":"https:\/\/wi.ee\/voro\/kiranigu\/hanilane\/","title":{"rendered":"H\u00e4nil\u00e4ne"},"content":{"rendered":"<p><a href=\"http:\/\/wi.ee\/voro\/wp-content\/uploads\/2016\/02\/hanilane.jpg\" rel=\"attachment wp-att-68\" data-rel=\"lightbox-image-0\" data-rl_title=\"\" data-rl_caption=\"\" title=\"\"><img loading=\"lazy\" decoding=\"async\" class=\"alignleft wp-image-68 size-medium\" src=\"http:\/\/wi.ee\/voro\/wp-content\/uploads\/2016\/02\/hanilane-208x300.jpg\" alt=\"H\u00e4nilane\" width=\"208\" height=\"300\" srcset=\"https:\/\/wi.ee\/voro\/wp-content\/uploads\/2016\/02\/hanilane-208x300.jpg 208w, https:\/\/wi.ee\/voro\/wp-content\/uploads\/2016\/02\/hanilane-768x1110.jpg 768w, https:\/\/wi.ee\/voro\/wp-content\/uploads\/2016\/02\/hanilane-708x1024.jpg 708w\" sizes=\"auto, (max-width: 208px) 100vw, 208px\" \/><\/a>H\u00e4nil\u00e4ne s\u00fcnd\u00fc 13.01.1953. a V\u00f5rumaal Antsla vallan Ala-Siimani talun. Aastil 1960\u20131971 k\u00e4ve ti\u00e4 Antsla Keskkoolin, p\u00e4\u00e4lt tuu (1971\u20131976) ops\u00f5 Tartu Riiklikun \u00dclikoolin eesti kiilt ja kir\u00e4nd\u00fcst nink Tallinna Pedagoogika\u00fclikoolin (1992\u20131995) soom\u00f5 kiilt ja kultuuri. Ti\u00e4 um eluaig ollu eesti keele ja kir\u00e4nd\u00fcse oppaja: edim\u00e4lt Varstun, Alatskivil ja Sauel, 1988. a alat\u00f5n el\u00e4s ja t\u00fc\u00fct\u00e4s Harjumaal Rae vallan Lagedil.<\/p>\n<p>Luul\u00f5tuisi kirut H\u00e4nil\u00e4ne veid\u00fckese 1989. a, s\u00f5s pidi pikk\u00e4 aigu vahet ja vahts\u00f5 v\u00e4rsi sai valmis 2005. a.<\/p>\n<p>H\u00e4nil\u00e4se luul\u00f5tuisi um ilmunu Viruskundran, Eesti Kerikun, V\u00f5ro-Seto t\u00e4htraamatun ja Loomingun.<\/p>\n<p>1989. a sai tim\u00e4 murd\u00f5loominguv\u00f5istlus\u00f5l \u201eRahva kiil ja miil\u201c edimidse kotus\u00f5, 2008. a v\u00f5it Hendrik Adamsoni murd\u00f5luul\u00f5v\u00f5istlus\u00f5 ja 2009. a anti t\u00e4lle Loomingu aastapreemi\u00e4. Aokir\u00e4 Looming aastapreemi\u00e4 p\u00e4lvse H\u00e4nil\u00e4ne ka 2019. aastagal ilmunu v\u00f5rokiilside luul\u00f5tuisi iist, minkast \u00fctega oll H\u00e4nil\u00e4ne ka 2020. aastaga Juhan Liivi avvuhinna nominent.<\/p>\n<p>2010. a ilmunu \u201eMa p\u00fch\u00e4p\u00e4\u00e4v\u00e4p\u00f5ll\u00f5 m\u00f5si\u201c um H\u00e4nil\u00e4se edimine v\u00e4rsikogu. T\u00f5n\u00f5 kogo &#8220;Lugu rohiliidsi silmiga kuulmeistrist n\u00e4kse tr\u00fck\u00fcvalgust 2014. aastal ja kolmas &#8220;Viiulim\u00e4ng vanan vaksalin&#8221; 2016. Kat\u00f5 per\u00e4m\u00e4dse kogo k\u00fclen omma\u00a0<em>CD<\/em> auturi hind\u00e4 loet v\u00e4rssega. Kogon &#8220;Viiulim\u00e4ng vanan vaksalin&#8221; l\u00f6vv\u00fcs ka kolm l\u00fchk\u00fct juttu. Kogomikun &#8220;Kib\u00f5na \u00fctest r\u00e4nd\u00e4misest&#8221; (2018) l\u00f6vv\u00fcs nisamat\u00f5 jutt\u00f5 ja luul\u00f5tuisi, mi\u00e4 ka H\u00e4nil\u00e4ne esi <em>CD<\/em> p\u00e4\u00e4le lug\u00f5nu.<\/p>\n<p><strong>H\u00e4nil\u00e4se loomingu kotsile om luk\u00f5:<\/strong><br \/>\nVelsker, M. V\u00f5rukeelne p\u00f6\u00f6rdumine. (Rmt:\u201eMa p\u00fch\u00e4p\u00e4\u00e4v\u00e4p\u00f5ll\u00f5 m\u00f5si\u201c. V\u00f5ro, 2010) Vikerkaar nr 6, 2011, lk 106-109<\/p>\n<p><a href=\"http:\/\/wi.ee\/voro\/wp-content\/uploads\/2016\/02\/Hanilase_luulet.pdf\" target=\"_blank\" rel=\"noopener noreferrer\">H\u00e4nil\u00e4se luul\u00f5t<\/a><\/p>\n","protected":false},"excerpt":{"rendered":"<p>H\u00e4nil\u00e4ne s\u00fcnd\u00fc 13.01.1953. a V\u00f5rumaal Antsla vallan Ala-Siimani talun. Aastil 1960\u20131971 k\u00e4ve ti\u00e4 Antsla Keskkoolin, p\u00e4\u00e4lt tuu (1971\u20131976) ops\u00f5 Tartu Riiklikun \u00dclikoolin eesti kiilt ja kir\u00e4nd\u00fcst nink Tallinna Pedagoogika\u00fclikoolin (1992\u20131995) soom\u00f5 kiilt ja kultuuri. Ti\u00e4 um eluaig ollu eesti keele ja kir\u00e4nd\u00fcse oppaja: edim\u00e4lt Varstun, Alatskivil ja Sauel, 1988. a alat\u00f5n el\u00e4s ja t\u00fc\u00fct\u00e4s Harjumaal [&hellip;]<\/p>\n","protected":false},"author":1,"featured_media":0,"parent":9,"menu_order":9,"comment_status":"closed","ping_status":"closed","template":"","meta":{"footnotes":""},"class_list":["post-65","page","type-page","status-publish","hentry"],"yoast_head":"<!-- This site is optimized with the Yoast SEO plugin v27.4 - https:\/\/yoast.com\/product\/yoast-seo-wordpress\/ -->\n<title>H\u00e4nil\u00e4ne - V\u00f5ro kir\u00e4nd\u00fcs<\/title>\n<meta name=\"robots\" content=\"index, follow, max-snippet:-1, max-image-preview:large, max-video-preview:-1\" \/>\n<link rel=\"canonical\" href=\"https:\/\/wi.ee\/voro\/kiranigu\/hanilane\/\" \/>\n<meta property=\"og:locale\" content=\"et_EE\" \/>\n<meta property=\"og:type\" content=\"article\" \/>\n<meta property=\"og:title\" content=\"H\u00e4nil\u00e4ne - V\u00f5ro kir\u00e4nd\u00fcs\" \/>\n<meta property=\"og:description\" content=\"H\u00e4nil\u00e4ne s\u00fcnd\u00fc 13.01.1953. a V\u00f5rumaal Antsla vallan Ala-Siimani talun. Aastil 1960\u20131971 k\u00e4ve ti\u00e4 Antsla Keskkoolin, p\u00e4\u00e4lt tuu (1971\u20131976) ops\u00f5 Tartu Riiklikun \u00dclikoolin eesti kiilt ja kir\u00e4nd\u00fcst nink Tallinna Pedagoogika\u00fclikoolin (1992\u20131995) soom\u00f5 kiilt ja kultuuri. Ti\u00e4 um eluaig ollu eesti keele ja kir\u00e4nd\u00fcse oppaja: edim\u00e4lt Varstun, Alatskivil ja Sauel, 1988. a alat\u00f5n el\u00e4s ja t\u00fc\u00fct\u00e4s Harjumaal [&hellip;]\" \/>\n<meta property=\"og:url\" content=\"https:\/\/wi.ee\/voro\/kiranigu\/hanilane\/\" \/>\n<meta property=\"og:site_name\" content=\"V\u00f5ro kir\u00e4nd\u00fcs\" \/>\n<meta property=\"article:modified_time\" content=\"2023-01-07T09:37:49+00:00\" \/>\n<meta property=\"og:image\" content=\"http:\/\/wi.ee\/voro\/wp-content\/uploads\/2016\/02\/hanilane-208x300.jpg\" \/>\n<meta name=\"twitter:card\" content=\"summary_large_image\" \/>\n<meta name=\"twitter:label1\" content=\"Est. reading time\" \/>\n\t<meta name=\"twitter:data1\" content=\"2 minutit\" \/>\n<script type=\"application\/ld+json\" class=\"yoast-schema-graph\">{\"@context\":\"https:\\\/\\\/schema.org\",\"@graph\":[{\"@type\":\"WebPage\",\"@id\":\"https:\\\/\\\/wi.ee\\\/voro\\\/kiranigu\\\/hanilane\\\/\",\"url\":\"https:\\\/\\\/wi.ee\\\/voro\\\/kiranigu\\\/hanilane\\\/\",\"name\":\"H\u00e4nil\u00e4ne - V\u00f5ro kir\u00e4nd\u00fcs\",\"isPartOf\":{\"@id\":\"https:\\\/\\\/wi.ee\\\/voro\\\/#website\"},\"primaryImageOfPage\":{\"@id\":\"https:\\\/\\\/wi.ee\\\/voro\\\/kiranigu\\\/hanilane\\\/#primaryimage\"},\"image\":{\"@id\":\"https:\\\/\\\/wi.ee\\\/voro\\\/kiranigu\\\/hanilane\\\/#primaryimage\"},\"thumbnailUrl\":\"http:\\\/\\\/wi.ee\\\/voro\\\/wp-content\\\/uploads\\\/2016\\\/02\\\/hanilane-208x300.jpg\",\"datePublished\":\"2016-02-01T14:17:13+00:00\",\"dateModified\":\"2023-01-07T09:37:49+00:00\",\"breadcrumb\":{\"@id\":\"https:\\\/\\\/wi.ee\\\/voro\\\/kiranigu\\\/hanilane\\\/#breadcrumb\"},\"inLanguage\":\"et\",\"potentialAction\":[{\"@type\":\"ReadAction\",\"target\":[\"https:\\\/\\\/wi.ee\\\/voro\\\/kiranigu\\\/hanilane\\\/\"]}]},{\"@type\":\"ImageObject\",\"inLanguage\":\"et\",\"@id\":\"https:\\\/\\\/wi.ee\\\/voro\\\/kiranigu\\\/hanilane\\\/#primaryimage\",\"url\":\"http:\\\/\\\/wi.ee\\\/voro\\\/wp-content\\\/uploads\\\/2016\\\/02\\\/hanilane-208x300.jpg\",\"contentUrl\":\"http:\\\/\\\/wi.ee\\\/voro\\\/wp-content\\\/uploads\\\/2016\\\/02\\\/hanilane-208x300.jpg\"},{\"@type\":\"BreadcrumbList\",\"@id\":\"https:\\\/\\\/wi.ee\\\/voro\\\/kiranigu\\\/hanilane\\\/#breadcrumb\",\"itemListElement\":[{\"@type\":\"ListItem\",\"position\":1,\"name\":\"Home\",\"item\":\"https:\\\/\\\/wi.ee\\\/voro\\\/\"},{\"@type\":\"ListItem\",\"position\":2,\"name\":\"KI\u00c4 OMMA V\u00d5RO KIR\u00c4NIGU\",\"item\":\"https:\\\/\\\/wi.ee\\\/voro\\\/kiranigu\\\/\"},{\"@type\":\"ListItem\",\"position\":3,\"name\":\"H\u00e4nil\u00e4ne\"}]},{\"@type\":\"WebSite\",\"@id\":\"https:\\\/\\\/wi.ee\\\/voro\\\/#website\",\"url\":\"https:\\\/\\\/wi.ee\\\/voro\\\/\",\"name\":\"V\u00f5ro kir\u00e4nd\u00fcs\",\"description\":\"V\u00f5ro kir\u00e4nd\u00fcse kodoleht\",\"potentialAction\":[{\"@type\":\"SearchAction\",\"target\":{\"@type\":\"EntryPoint\",\"urlTemplate\":\"https:\\\/\\\/wi.ee\\\/voro\\\/?s={search_term_string}\"},\"query-input\":{\"@type\":\"PropertyValueSpecification\",\"valueRequired\":true,\"valueName\":\"search_term_string\"}}],\"inLanguage\":\"et\"}]}<\/script>\n<!-- \/ Yoast SEO plugin. -->","yoast_head_json":{"title":"H\u00e4nil\u00e4ne - V\u00f5ro kir\u00e4nd\u00fcs","robots":{"index":"index","follow":"follow","max-snippet":"max-snippet:-1","max-image-preview":"max-image-preview:large","max-video-preview":"max-video-preview:-1"},"canonical":"https:\/\/wi.ee\/voro\/kiranigu\/hanilane\/","og_locale":"et_EE","og_type":"article","og_title":"H\u00e4nil\u00e4ne - V\u00f5ro kir\u00e4nd\u00fcs","og_description":"H\u00e4nil\u00e4ne s\u00fcnd\u00fc 13.01.1953. a V\u00f5rumaal Antsla vallan Ala-Siimani talun. Aastil 1960\u20131971 k\u00e4ve ti\u00e4 Antsla Keskkoolin, p\u00e4\u00e4lt tuu (1971\u20131976) ops\u00f5 Tartu Riiklikun \u00dclikoolin eesti kiilt ja kir\u00e4nd\u00fcst nink Tallinna Pedagoogika\u00fclikoolin (1992\u20131995) soom\u00f5 kiilt ja kultuuri. Ti\u00e4 um eluaig ollu eesti keele ja kir\u00e4nd\u00fcse oppaja: edim\u00e4lt Varstun, Alatskivil ja Sauel, 1988. a alat\u00f5n el\u00e4s ja t\u00fc\u00fct\u00e4s Harjumaal [&hellip;]","og_url":"https:\/\/wi.ee\/voro\/kiranigu\/hanilane\/","og_site_name":"V\u00f5ro kir\u00e4nd\u00fcs","article_modified_time":"2023-01-07T09:37:49+00:00","og_image":[{"url":"http:\/\/wi.ee\/voro\/wp-content\/uploads\/2016\/02\/hanilane-208x300.jpg","type":"","width":"","height":""}],"twitter_card":"summary_large_image","twitter_misc":{"Est. reading time":"2 minutit"},"schema":{"@context":"https:\/\/schema.org","@graph":[{"@type":"WebPage","@id":"https:\/\/wi.ee\/voro\/kiranigu\/hanilane\/","url":"https:\/\/wi.ee\/voro\/kiranigu\/hanilane\/","name":"H\u00e4nil\u00e4ne - V\u00f5ro kir\u00e4nd\u00fcs","isPartOf":{"@id":"https:\/\/wi.ee\/voro\/#website"},"primaryImageOfPage":{"@id":"https:\/\/wi.ee\/voro\/kiranigu\/hanilane\/#primaryimage"},"image":{"@id":"https:\/\/wi.ee\/voro\/kiranigu\/hanilane\/#primaryimage"},"thumbnailUrl":"http:\/\/wi.ee\/voro\/wp-content\/uploads\/2016\/02\/hanilane-208x300.jpg","datePublished":"2016-02-01T14:17:13+00:00","dateModified":"2023-01-07T09:37:49+00:00","breadcrumb":{"@id":"https:\/\/wi.ee\/voro\/kiranigu\/hanilane\/#breadcrumb"},"inLanguage":"et","potentialAction":[{"@type":"ReadAction","target":["https:\/\/wi.ee\/voro\/kiranigu\/hanilane\/"]}]},{"@type":"ImageObject","inLanguage":"et","@id":"https:\/\/wi.ee\/voro\/kiranigu\/hanilane\/#primaryimage","url":"http:\/\/wi.ee\/voro\/wp-content\/uploads\/2016\/02\/hanilane-208x300.jpg","contentUrl":"http:\/\/wi.ee\/voro\/wp-content\/uploads\/2016\/02\/hanilane-208x300.jpg"},{"@type":"BreadcrumbList","@id":"https:\/\/wi.ee\/voro\/kiranigu\/hanilane\/#breadcrumb","itemListElement":[{"@type":"ListItem","position":1,"name":"Home","item":"https:\/\/wi.ee\/voro\/"},{"@type":"ListItem","position":2,"name":"KI\u00c4 OMMA V\u00d5RO KIR\u00c4NIGU","item":"https:\/\/wi.ee\/voro\/kiranigu\/"},{"@type":"ListItem","position":3,"name":"H\u00e4nil\u00e4ne"}]},{"@type":"WebSite","@id":"https:\/\/wi.ee\/voro\/#website","url":"https:\/\/wi.ee\/voro\/","name":"V\u00f5ro kir\u00e4nd\u00fcs","description":"V\u00f5ro kir\u00e4nd\u00fcse kodoleht","potentialAction":[{"@type":"SearchAction","target":{"@type":"EntryPoint","urlTemplate":"https:\/\/wi.ee\/voro\/?s={search_term_string}"},"query-input":{"@type":"PropertyValueSpecification","valueRequired":true,"valueName":"search_term_string"}}],"inLanguage":"et"}]}},"_links":{"self":[{"href":"https:\/\/wi.ee\/voro\/wp-json\/wp\/v2\/pages\/65","targetHints":{"allow":["GET"]}}],"collection":[{"href":"https:\/\/wi.ee\/voro\/wp-json\/wp\/v2\/pages"}],"about":[{"href":"https:\/\/wi.ee\/voro\/wp-json\/wp\/v2\/types\/page"}],"author":[{"embeddable":true,"href":"https:\/\/wi.ee\/voro\/wp-json\/wp\/v2\/users\/1"}],"replies":[{"embeddable":true,"href":"https:\/\/wi.ee\/voro\/wp-json\/wp\/v2\/comments?post=65"}],"version-history":[{"count":10,"href":"https:\/\/wi.ee\/voro\/wp-json\/wp\/v2\/pages\/65\/revisions"}],"predecessor-version":[{"id":928,"href":"https:\/\/wi.ee\/voro\/wp-json\/wp\/v2\/pages\/65\/revisions\/928"}],"up":[{"embeddable":true,"href":"https:\/\/wi.ee\/voro\/wp-json\/wp\/v2\/pages\/9"}],"wp:attachment":[{"href":"https:\/\/wi.ee\/voro\/wp-json\/wp\/v2\/media?parent=65"}],"curies":[{"name":"wp","href":"https:\/\/api.w.org\/{rel}","templated":true}]}}