{"id":61,"date":"2016-02-01T16:13:59","date_gmt":"2016-02-01T14:13:59","guid":{"rendered":"http:\/\/wi.ee\/voro\/?page_id=61"},"modified":"2023-01-07T11:37:00","modified_gmt":"2023-01-07T09:37:00","slug":"jakob-hurt","status":"publish","type":"page","link":"https:\/\/wi.ee\/voro\/kiranigu\/jakob-hurt\/","title":{"rendered":"Jakob Hurt"},"content":{"rendered":"<p><img loading=\"lazy\" decoding=\"async\" class=\"alignleft size-full wp-image-63\" src=\"http:\/\/wi.ee\/voro\/wp-content\/uploads\/2016\/02\/jakob-hurt.jpg\" alt=\"jakob-hurt\" width=\"100\" height=\"144\" \/>Rahvaluul\u00f5uurja ni korjajana tunt Jakob Hurt om kirotanu ka v\u00f5rokiilsit luul\u00f5tuisi. Esier\u00e4nis huvitav om heksameetrin luud \u201cTatreko pud\u00f5r\u201d.<\/p>\n<p>Jakob Hurt s\u00fcnd\u00fc V\u00f5romaal P\u00f5lva kihelkonna Himmast\u00f5 k\u00fcl\u00e4 Lep\u00e4 talu kuulmeistre pujana 22.\/10.VII 1839. Haridus\u00f5 sai edim\u00e4lt es\u00e4 man P\u00f5lva kihelkonnakoolin, sis Tartu kreisikoolin ja kroonug\u00fcmnaasiumin, mille l\u00f5p\u00f5t 1858. 1859-1863 opp\u00f5 Tartu \u00fclikoolin usuteadust ni 1865 sai teoloogiakandidaadi kraadi.<\/p>\n<p>J. Hurt om olnuq kodoop\u00f5taja A. T. von Middendorffi man<br \/>\nHellenurm\u00f5 m\u00f5isan, op\u00f5taja Kuressaare g\u00fcmnaasiumin.<\/p>\n<p>1868-1872 Tartu kroonug\u00fcmnaasiumi vannu kiili ja geograafia op\u00f5taja.<\/p>\n<p>1872 Otep\u00e4\u00e4 pastor<\/p>\n<p>1880 Peterburi eesti Jaani kogudus\u00f5 pastor, 1901 l\u00e4ts pensionil\u00f5<\/p>\n<p>1870-1883 Eesti Aleksandrikooli p\u00e4\u00e4komitee president<\/p>\n<p>Eesti Kirjameeste Seltsi president 1872-1881<\/p>\n<p>Kuuli Peterburin 13. I 1907\/31. XII 1906. Mat\u00f5t Tartu Raadi surnuaia p\u00e4\u00e4le. M\u00e4lest\u00fcskiviq P\u00f5lvan Lep\u00e4 talu iin (1964), tahvli Otep\u00e4\u00e4 pastoraadi sain\u00e4 p\u00e4\u00e4l, m\u00e4lest\u00fcssammas P\u00f5lvan (1989, A. Rimm) ja Ot\u00f5p\u00e4\u00e4l (V. Jaansoo), Tartun Vanemuise v\u00e4ikese maja k\u00f5rval.<\/p>\n<h3>Looming<\/h3>\n<p>Noor\u00f5mban i\u00e4n kirot Hurt myn\u00f5 luul\u00f5tus\u00f5 ja kallendrijutu, t\u00f5lk ja mugand ka saksa keelest. Joba koolipoisina nakas Hurt kogoma rahvaluul\u00f5t.<\/p>\n<p>And v\u00e4ll\u00e4 \u201cVana Kandl\u00f5\u201d I k\u00f6\u00fcte P\u00f5lva kihelkonna laul\u00f5ga (1875-1886) ja II k\u00f6\u00fcte Kolga-Jaani (1884-86) laul\u00f5ga. Kaast\u00fc\u00fcliisiga \u00fcten kogusi Hurt 160 k\u00e4sikir\u00e4list k\u00f6\u00fcdet rahvaluul\u00f5t. Toim\u00f5t tr\u00fckki \u201cSetukeste laulud\u201d I-III (Helsingi 1904-1907)<\/p>\n<h3>Tim\u00e4 sul\u00f5st omma viil ilmunu:<\/h3>\n<p>\u201cJakob Hurda k\u00f5ned ja avalikud kirjad\u201d 1939 Tartu<\/p>\n<p>\u201cK\u00f5ned ja kirjad\u201d Loomingu Raamatukogu 1989<\/p>\n<p>\u201cMida rahvam\u00e4lestustest pidada\u201d 1989<\/p>\n<h3>Jakob Hurda kotsil\u00f5 om kirot\u00f5t:<\/h3>\n<p>J. Roos \u201cJakob Hurt\u201d 1936 Tallinn<\/p>\n<p>R. Viidalepp \u201cJakob Hurt\u201d 1939 Tartu<\/p>\n<p>Rudolf P\u00f5ldm\u00e4e \u201cNoor Jakob Hurt\u201d (1989)<\/p>\n<p>\u201cJakob Hurt 1839-1907\u201d (1989, album koostanuq M. Laar, R.Saukas ja \u00dc.Tedre)<\/p>\n<p>Aika 1907-4 (A. R. Niemi)<\/p>\n<p>Friedebert Tuglas \u201cEesti Kirjameeste Selts \u201c (1932, 2. Tr. 1958)<\/p>\n<p>EK 1933 1-2<\/p>\n<p>Keel ja Kirjandus 1959-7 (R. P\u00f5ldm\u00e4e)<\/p>\n<p>Sirp ja Vasar 12.VI 1987<\/p>\n<p>KK 1987-3 (M. Laar)<\/p>\n<p>Looming 1988-2 (E. Jansen)<\/p>\n<p>Keel ja Kirjandus 1989-7 (\u00dc. Tedre, M. Laar, H. R\u00e4tsep, V. Pino, R. Mirov, S. Olesk, A. J\u00e4rv, A. Viires, K. Salve)<\/p>\n<p>Looming 1989-7 (J. Roos, M. Laar).<\/p>\n<h3>Jakob Hurda &#8220;Tatreko pud\u00f5r&#8221;<\/h3>\n<p>TATREKO PUD\u00d5R<\/p>\n<p>Tatreko pud\u00f5r um valmis, noh! tulg\u00f5, lats\u00f5, ja s\u00f6\u00f6ge!<br \/>\nPall\u00f5lg\u00f5: \u201ck\u00f5iki silm\u00e4\u201d &#8211; ja kaeg\u00f5 ette, et ki\u00e4ki<br \/>\nN\u00f5ids\u00f5 poti k\u00fcleh ei tii umma k\u00e4\u00fcsekeist mustas.<br \/>\nS\u00f6\u00f6ge n\u00fc\u00fcd, ja Jummal ango teil j\u00f5udu ja kasvo!<br \/>\nTatreko ter\u00e4kese k\u00fclv es\u00e4 kev\u00e4j\u00e4 varra<br \/>\nVirga k\u00e4ega maaha ja k\u00fcnde ja \u00e4est tim\u00e4 sisse.<br \/>\nEt taa s\u00e4\u00e4l kasvi ja valmis sai\u00f5, sed\u00e4 es tii joht<br \/>\nmii es\u00e4 &#8211; sed\u00e4 tegi t a i v a n \u00f5 es\u00e4.<br \/>\nM\u00f5t\u00f5lg\u00f5 um\u00f5ht, lats\u00f5, jahuds\u00f5 tatriku ter\u00e4<br \/>\nsiseh maka \u00fcts tillun\u00f5 luum, ei tii taa teil vika,<br \/>\nei taa maka, ei lausu s\u00f5nnagi, ei s\u00fc\u00fc taa, ei juu taa<br \/>\nInnegu maaha saa h\u00e4\u00e4 kohila mulla sisse.<\/p>\n","protected":false},"excerpt":{"rendered":"<p>Rahvaluul\u00f5uurja ni korjajana tunt Jakob Hurt om kirotanu ka v\u00f5rokiilsit luul\u00f5tuisi. Esier\u00e4nis huvitav om heksameetrin luud \u201cTatreko pud\u00f5r\u201d. Jakob Hurt s\u00fcnd\u00fc V\u00f5romaal P\u00f5lva kihelkonna Himmast\u00f5 k\u00fcl\u00e4 Lep\u00e4 talu kuulmeistre pujana 22.\/10.VII 1839. Haridus\u00f5 sai edim\u00e4lt es\u00e4 man P\u00f5lva kihelkonnakoolin, sis Tartu kreisikoolin ja kroonug\u00fcmnaasiumin, mille l\u00f5p\u00f5t 1858. 1859-1863 opp\u00f5 Tartu \u00fclikoolin usuteadust ni 1865 sai [&hellip;]<\/p>\n","protected":false},"author":1,"featured_media":0,"parent":9,"menu_order":8,"comment_status":"closed","ping_status":"closed","template":"","meta":{"footnotes":""},"class_list":["post-61","page","type-page","status-publish","hentry"],"yoast_head":"<!-- This site is optimized with the Yoast SEO plugin v27.3 - https:\/\/yoast.com\/product\/yoast-seo-wordpress\/ -->\n<title>Jakob Hurt - V\u00f5ro kir\u00e4nd\u00fcs<\/title>\n<meta name=\"robots\" content=\"index, follow, max-snippet:-1, max-image-preview:large, max-video-preview:-1\" \/>\n<link rel=\"canonical\" href=\"https:\/\/wi.ee\/voro\/kiranigu\/jakob-hurt\/\" \/>\n<meta property=\"og:locale\" content=\"et_EE\" \/>\n<meta property=\"og:type\" content=\"article\" \/>\n<meta property=\"og:title\" content=\"Jakob Hurt - V\u00f5ro kir\u00e4nd\u00fcs\" \/>\n<meta property=\"og:description\" content=\"Rahvaluul\u00f5uurja ni korjajana tunt Jakob Hurt om kirotanu ka v\u00f5rokiilsit luul\u00f5tuisi. Esier\u00e4nis huvitav om heksameetrin luud \u201cTatreko pud\u00f5r\u201d. Jakob Hurt s\u00fcnd\u00fc V\u00f5romaal P\u00f5lva kihelkonna Himmast\u00f5 k\u00fcl\u00e4 Lep\u00e4 talu kuulmeistre pujana 22.\/10.VII 1839. Haridus\u00f5 sai edim\u00e4lt es\u00e4 man P\u00f5lva kihelkonnakoolin, sis Tartu kreisikoolin ja kroonug\u00fcmnaasiumin, mille l\u00f5p\u00f5t 1858. 1859-1863 opp\u00f5 Tartu \u00fclikoolin usuteadust ni 1865 sai [&hellip;]\" \/>\n<meta property=\"og:url\" content=\"https:\/\/wi.ee\/voro\/kiranigu\/jakob-hurt\/\" \/>\n<meta property=\"og:site_name\" content=\"V\u00f5ro kir\u00e4nd\u00fcs\" \/>\n<meta property=\"article:modified_time\" content=\"2023-01-07T09:37:00+00:00\" \/>\n<meta property=\"og:image\" content=\"http:\/\/wi.ee\/voro\/wp-content\/uploads\/2016\/02\/jakob-hurt.jpg\" \/>\n<meta name=\"twitter:card\" content=\"summary_large_image\" \/>\n<meta name=\"twitter:label1\" content=\"Est. reading time\" \/>\n\t<meta name=\"twitter:data1\" content=\"3 minutit\" \/>\n<script type=\"application\/ld+json\" class=\"yoast-schema-graph\">{\"@context\":\"https:\\\/\\\/schema.org\",\"@graph\":[{\"@type\":\"WebPage\",\"@id\":\"https:\\\/\\\/wi.ee\\\/voro\\\/kiranigu\\\/jakob-hurt\\\/\",\"url\":\"https:\\\/\\\/wi.ee\\\/voro\\\/kiranigu\\\/jakob-hurt\\\/\",\"name\":\"Jakob Hurt - V\u00f5ro kir\u00e4nd\u00fcs\",\"isPartOf\":{\"@id\":\"https:\\\/\\\/wi.ee\\\/voro\\\/#website\"},\"primaryImageOfPage\":{\"@id\":\"https:\\\/\\\/wi.ee\\\/voro\\\/kiranigu\\\/jakob-hurt\\\/#primaryimage\"},\"image\":{\"@id\":\"https:\\\/\\\/wi.ee\\\/voro\\\/kiranigu\\\/jakob-hurt\\\/#primaryimage\"},\"thumbnailUrl\":\"http:\\\/\\\/wi.ee\\\/voro\\\/wp-content\\\/uploads\\\/2016\\\/02\\\/jakob-hurt.jpg\",\"datePublished\":\"2016-02-01T14:13:59+00:00\",\"dateModified\":\"2023-01-07T09:37:00+00:00\",\"breadcrumb\":{\"@id\":\"https:\\\/\\\/wi.ee\\\/voro\\\/kiranigu\\\/jakob-hurt\\\/#breadcrumb\"},\"inLanguage\":\"et\",\"potentialAction\":[{\"@type\":\"ReadAction\",\"target\":[\"https:\\\/\\\/wi.ee\\\/voro\\\/kiranigu\\\/jakob-hurt\\\/\"]}]},{\"@type\":\"ImageObject\",\"inLanguage\":\"et\",\"@id\":\"https:\\\/\\\/wi.ee\\\/voro\\\/kiranigu\\\/jakob-hurt\\\/#primaryimage\",\"url\":\"http:\\\/\\\/wi.ee\\\/voro\\\/wp-content\\\/uploads\\\/2016\\\/02\\\/jakob-hurt.jpg\",\"contentUrl\":\"http:\\\/\\\/wi.ee\\\/voro\\\/wp-content\\\/uploads\\\/2016\\\/02\\\/jakob-hurt.jpg\"},{\"@type\":\"BreadcrumbList\",\"@id\":\"https:\\\/\\\/wi.ee\\\/voro\\\/kiranigu\\\/jakob-hurt\\\/#breadcrumb\",\"itemListElement\":[{\"@type\":\"ListItem\",\"position\":1,\"name\":\"Home\",\"item\":\"https:\\\/\\\/wi.ee\\\/voro\\\/\"},{\"@type\":\"ListItem\",\"position\":2,\"name\":\"KI\u00c4 OMMA V\u00d5RO KIR\u00c4NIGU\",\"item\":\"https:\\\/\\\/wi.ee\\\/voro\\\/kiranigu\\\/\"},{\"@type\":\"ListItem\",\"position\":3,\"name\":\"Jakob Hurt\"}]},{\"@type\":\"WebSite\",\"@id\":\"https:\\\/\\\/wi.ee\\\/voro\\\/#website\",\"url\":\"https:\\\/\\\/wi.ee\\\/voro\\\/\",\"name\":\"V\u00f5ro kir\u00e4nd\u00fcs\",\"description\":\"V\u00f5ro kir\u00e4nd\u00fcse kodoleht\",\"potentialAction\":[{\"@type\":\"SearchAction\",\"target\":{\"@type\":\"EntryPoint\",\"urlTemplate\":\"https:\\\/\\\/wi.ee\\\/voro\\\/?s={search_term_string}\"},\"query-input\":{\"@type\":\"PropertyValueSpecification\",\"valueRequired\":true,\"valueName\":\"search_term_string\"}}],\"inLanguage\":\"et\"}]}<\/script>\n<!-- \/ Yoast SEO plugin. -->","yoast_head_json":{"title":"Jakob Hurt - V\u00f5ro kir\u00e4nd\u00fcs","robots":{"index":"index","follow":"follow","max-snippet":"max-snippet:-1","max-image-preview":"max-image-preview:large","max-video-preview":"max-video-preview:-1"},"canonical":"https:\/\/wi.ee\/voro\/kiranigu\/jakob-hurt\/","og_locale":"et_EE","og_type":"article","og_title":"Jakob Hurt - V\u00f5ro kir\u00e4nd\u00fcs","og_description":"Rahvaluul\u00f5uurja ni korjajana tunt Jakob Hurt om kirotanu ka v\u00f5rokiilsit luul\u00f5tuisi. Esier\u00e4nis huvitav om heksameetrin luud \u201cTatreko pud\u00f5r\u201d. Jakob Hurt s\u00fcnd\u00fc V\u00f5romaal P\u00f5lva kihelkonna Himmast\u00f5 k\u00fcl\u00e4 Lep\u00e4 talu kuulmeistre pujana 22.\/10.VII 1839. Haridus\u00f5 sai edim\u00e4lt es\u00e4 man P\u00f5lva kihelkonnakoolin, sis Tartu kreisikoolin ja kroonug\u00fcmnaasiumin, mille l\u00f5p\u00f5t 1858. 1859-1863 opp\u00f5 Tartu \u00fclikoolin usuteadust ni 1865 sai [&hellip;]","og_url":"https:\/\/wi.ee\/voro\/kiranigu\/jakob-hurt\/","og_site_name":"V\u00f5ro kir\u00e4nd\u00fcs","article_modified_time":"2023-01-07T09:37:00+00:00","og_image":[{"url":"http:\/\/wi.ee\/voro\/wp-content\/uploads\/2016\/02\/jakob-hurt.jpg","type":"","width":"","height":""}],"twitter_card":"summary_large_image","twitter_misc":{"Est. reading time":"3 minutit"},"schema":{"@context":"https:\/\/schema.org","@graph":[{"@type":"WebPage","@id":"https:\/\/wi.ee\/voro\/kiranigu\/jakob-hurt\/","url":"https:\/\/wi.ee\/voro\/kiranigu\/jakob-hurt\/","name":"Jakob Hurt - V\u00f5ro kir\u00e4nd\u00fcs","isPartOf":{"@id":"https:\/\/wi.ee\/voro\/#website"},"primaryImageOfPage":{"@id":"https:\/\/wi.ee\/voro\/kiranigu\/jakob-hurt\/#primaryimage"},"image":{"@id":"https:\/\/wi.ee\/voro\/kiranigu\/jakob-hurt\/#primaryimage"},"thumbnailUrl":"http:\/\/wi.ee\/voro\/wp-content\/uploads\/2016\/02\/jakob-hurt.jpg","datePublished":"2016-02-01T14:13:59+00:00","dateModified":"2023-01-07T09:37:00+00:00","breadcrumb":{"@id":"https:\/\/wi.ee\/voro\/kiranigu\/jakob-hurt\/#breadcrumb"},"inLanguage":"et","potentialAction":[{"@type":"ReadAction","target":["https:\/\/wi.ee\/voro\/kiranigu\/jakob-hurt\/"]}]},{"@type":"ImageObject","inLanguage":"et","@id":"https:\/\/wi.ee\/voro\/kiranigu\/jakob-hurt\/#primaryimage","url":"http:\/\/wi.ee\/voro\/wp-content\/uploads\/2016\/02\/jakob-hurt.jpg","contentUrl":"http:\/\/wi.ee\/voro\/wp-content\/uploads\/2016\/02\/jakob-hurt.jpg"},{"@type":"BreadcrumbList","@id":"https:\/\/wi.ee\/voro\/kiranigu\/jakob-hurt\/#breadcrumb","itemListElement":[{"@type":"ListItem","position":1,"name":"Home","item":"https:\/\/wi.ee\/voro\/"},{"@type":"ListItem","position":2,"name":"KI\u00c4 OMMA V\u00d5RO KIR\u00c4NIGU","item":"https:\/\/wi.ee\/voro\/kiranigu\/"},{"@type":"ListItem","position":3,"name":"Jakob Hurt"}]},{"@type":"WebSite","@id":"https:\/\/wi.ee\/voro\/#website","url":"https:\/\/wi.ee\/voro\/","name":"V\u00f5ro kir\u00e4nd\u00fcs","description":"V\u00f5ro kir\u00e4nd\u00fcse kodoleht","potentialAction":[{"@type":"SearchAction","target":{"@type":"EntryPoint","urlTemplate":"https:\/\/wi.ee\/voro\/?s={search_term_string}"},"query-input":{"@type":"PropertyValueSpecification","valueRequired":true,"valueName":"search_term_string"}}],"inLanguage":"et"}]}},"_links":{"self":[{"href":"https:\/\/wi.ee\/voro\/wp-json\/wp\/v2\/pages\/61","targetHints":{"allow":["GET"]}}],"collection":[{"href":"https:\/\/wi.ee\/voro\/wp-json\/wp\/v2\/pages"}],"about":[{"href":"https:\/\/wi.ee\/voro\/wp-json\/wp\/v2\/types\/page"}],"author":[{"embeddable":true,"href":"https:\/\/wi.ee\/voro\/wp-json\/wp\/v2\/users\/1"}],"replies":[{"embeddable":true,"href":"https:\/\/wi.ee\/voro\/wp-json\/wp\/v2\/comments?post=61"}],"version-history":[{"count":5,"href":"https:\/\/wi.ee\/voro\/wp-json\/wp\/v2\/pages\/61\/revisions"}],"predecessor-version":[{"id":927,"href":"https:\/\/wi.ee\/voro\/wp-json\/wp\/v2\/pages\/61\/revisions\/927"}],"up":[{"embeddable":true,"href":"https:\/\/wi.ee\/voro\/wp-json\/wp\/v2\/pages\/9"}],"wp:attachment":[{"href":"https:\/\/wi.ee\/voro\/wp-json\/wp\/v2\/media?parent=61"}],"curies":[{"name":"wp","href":"https:\/\/api.w.org\/{rel}","templated":true}]}}