{"id":58,"date":"2016-02-01T16:11:42","date_gmt":"2016-02-01T14:11:42","guid":{"rendered":"http:\/\/wi.ee\/voro\/?page_id=58"},"modified":"2023-01-07T11:30:33","modified_gmt":"2023-01-07T09:30:33","slug":"leila-holts","status":"publish","type":"page","link":"https:\/\/wi.ee\/voro\/kiranigu\/leila-holts\/","title":{"rendered":"Leila Holts"},"content":{"rendered":"<p><strong>Holtsi Leila<\/strong> s\u00fcnd\u00fc 14. elokuu p\u00e4\u00e4v\u00e4l 1981 (14.08.81). T\u00e4 kasvi \u00fcles P\u00f5lva vallah K\u00e4hri k\u00fcl\u00e4h mitte v\u00e4eg\u00e4 kavv\u00f5l K\u00f5ivo jutt\u00f5st tuntu K\u00e4hri kerikost. 1988. aastagast 2000. aastagani k\u00e4ve t\u00e4 P\u00f5lva \u00dctisg\u00fcmnaasiumih ni ast\u2019 2000.aastaga s\u00fcg\u00fcse Tarto \u00dclikuuli. S\u00e4\u00e4l opp\u00f5 t\u00e4 eesti kir\u00e4nd\u00fcst ni eesti kiilt. Jo inne l\u00f5p\u00f5t\u00e4mist nakas Leila kiilt toim\u00f5ndama P\u00f5lva maakunna aolehe Koit man, koh t\u00fc\u00fct 2005. aastaga l\u00f5puni. Sis kolisi t\u00e4 Ingl\u00fcsmaal\u00f5 Newcastle\u2019ihe, koh el\u00e4s ka parhillats\u00f5l aol.<\/p>\n<h3>Kir\u00e4nd\u00fcslik tegev\u00fcs<\/h3>\n<p>Holtsi Leila nakas kirotama jo koolih k\u00e4vven, ku t\u00e4 edim\u00e4dseq luul\u00f5tus\u00f5q kirja pand\u2019. Kir\u00e4nd\u00fcsoppaja Pintsoni Merle k\u00e4e all sai tim\u00e4st g\u00fcmnaasiumi l\u00f5pus nuur kir\u00e4nik, kelle luul\u00f5tus\u00f5q ilmusivaq nii \u00fctisg\u00fcmnaasiumi almanahhin P\u00f5lvep\u00f5llud, kohaligun aolehen ni saivaq h\u00e4id kotussid opilaisi luul\u00f5v\u00f5istluisil.<\/p>\n<p>\u00dclikoolih luul\u00f5t\u2019 Leila edesi. Kotost kavv\u00f5l oll\u00f5n nakas\u2019 t\u00e4 v\u00f5ro keeleh kirotama. Nigu Kauksi \u00dclle \u00fctel\u2019, nii ka l\u00e4ts \u2013 et v\u00f5ro kir\u00e4niguq nakkas\u00f5 umah keeleh kirotama kotost kavv\u00f5l oll\u00f5n. \u00dcts suur m\u00f5otaja oll\u2019 rahvalauluansambli Sinimaniseele, koh nuur kir\u00e4nik tei l\u00e4hk\u00fcmb\u00e4t tutvust Eesti van\u00f5mba rahvalauluga. Oma osa Leila loominguh oll\u2019 ka Tartu \u00dclikooli L\u00f5una-Eesti keskus\u00f5l, Tarto tandsuklubil ni V\u00f5ro Instituudil.<\/p>\n<p>Inne Ingl\u00fcsmaale kolimist avald\u2019 Leila oma edim\u00e4dse luul\u00f5kogo \u201eP\u00f5imaja kuu all\u201c, mis oll\u2019 l\u00e4bil\u00f5ig\u00f5 tim\u00e4 luudust inne ja per\u00e4st \u00fclikuuli. T\u00f5n\u00f5 luul\u00f5kogo &#8220;Veere p\u00e4\u00e4lt lauld\u00f5n&#8221; n\u00e4kk tr\u00fck\u00fcvalgust 2016. aasta kev\u00e4j\u00e4. Viil om t\u00e4 avaldanu umma loomingut aokir\u00e4h T\u00e4heke (v\u00f5rokiilsin), nuuri kir\u00e4nd\u00fcsaokir\u00e4h V\u00e4rske R\u00f5hk ni t\u00e4l om ka uma v\u00f5rokiiln\u00f5 luul\u00f5 aoveeb Aotsib\u00f5naq (<a href=\"http:\/\/www.leilahella.wordpress.com\/\" target=\"_blank\" rel=\"noopener noreferrer\">www.leilahella.wordpress.com<\/a>).<\/p>\n<h3>Holtsi Leila loomingu kotsile om luk\u00f5:<\/h3>\n<p><strong>Allas, T<\/strong>. Noor\u00f5 naas\u00f5 luul\u00f5 om tsipa Kaplinski muudu. Uma Leht 14. II 2006, lk 1<br \/>\n<strong>Kuningas, J<\/strong>. K\u00e4hri k\u00fclast p\u00e4rit neid sirutab oman\u00e4olisi s\u00f5nu kuu poole.\u00a0Koit 18. II 2006, lk 5. (Rmt: Holts, Leila. P\u00f5imaja kuu all. K\u00e4hri 2005)<br \/>\n<strong>P\u00f5dersalu, K<\/strong>. Loomulikkus. V\u00e4rske R\u00f5hk 2006 nr 8, lk 70-72.\u00a0(Rmt: Holts, Leila. P\u00f5imaja kuu all. K\u00e4hri 2005)<\/p>\n<p><strong>Kauksi, \u00dc<\/strong>. Veereq ja viirm\u00e4ne, veeremaa ja ilmaviir Holtsi Leila luul\u00f5tuisih. Looming 2016 nr 8, lk 1194-1195. (Rmat: Holts, Leila. Veere p\u00e4\u00e4lt lauld\u00f5n. V\u00f5ro Instituut 2016)<\/p>\n<p><a href=\"http:\/\/wi.ee\/voro\/wp-content\/uploads\/2016\/02\/Holtsi_Leila_luultus.pdf\" target=\"_blank\" rel=\"noopener noreferrer\">Holtsi Leila luul\u00f5t<\/a><\/p>\n","protected":false},"excerpt":{"rendered":"<p>Holtsi Leila s\u00fcnd\u00fc 14. elokuu p\u00e4\u00e4v\u00e4l 1981 (14.08.81). T\u00e4 kasvi \u00fcles P\u00f5lva vallah K\u00e4hri k\u00fcl\u00e4h mitte v\u00e4eg\u00e4 kavv\u00f5l K\u00f5ivo jutt\u00f5st tuntu K\u00e4hri kerikost. 1988. aastagast 2000. aastagani k\u00e4ve t\u00e4 P\u00f5lva \u00dctisg\u00fcmnaasiumih ni ast\u2019 2000.aastaga s\u00fcg\u00fcse Tarto \u00dclikuuli. S\u00e4\u00e4l opp\u00f5 t\u00e4 eesti kir\u00e4nd\u00fcst ni eesti kiilt. Jo inne l\u00f5p\u00f5t\u00e4mist nakas Leila kiilt toim\u00f5ndama P\u00f5lva maakunna aolehe [&hellip;]<\/p>\n","protected":false},"author":1,"featured_media":0,"parent":9,"menu_order":7,"comment_status":"closed","ping_status":"closed","template":"","meta":{"footnotes":""},"class_list":["post-58","page","type-page","status-publish","hentry"],"yoast_head":"<!-- This site is optimized with the Yoast SEO plugin v27.4 - https:\/\/yoast.com\/product\/yoast-seo-wordpress\/ -->\n<title>Leila Holts - V\u00f5ro kir\u00e4nd\u00fcs<\/title>\n<meta name=\"robots\" content=\"index, follow, max-snippet:-1, max-image-preview:large, max-video-preview:-1\" \/>\n<link rel=\"canonical\" href=\"https:\/\/wi.ee\/voro\/kiranigu\/leila-holts\/\" \/>\n<meta property=\"og:locale\" content=\"et_EE\" \/>\n<meta property=\"og:type\" content=\"article\" \/>\n<meta property=\"og:title\" content=\"Leila Holts - V\u00f5ro kir\u00e4nd\u00fcs\" \/>\n<meta property=\"og:description\" content=\"Holtsi Leila s\u00fcnd\u00fc 14. elokuu p\u00e4\u00e4v\u00e4l 1981 (14.08.81). T\u00e4 kasvi \u00fcles P\u00f5lva vallah K\u00e4hri k\u00fcl\u00e4h mitte v\u00e4eg\u00e4 kavv\u00f5l K\u00f5ivo jutt\u00f5st tuntu K\u00e4hri kerikost. 1988. aastagast 2000. aastagani k\u00e4ve t\u00e4 P\u00f5lva \u00dctisg\u00fcmnaasiumih ni ast\u2019 2000.aastaga s\u00fcg\u00fcse Tarto \u00dclikuuli. S\u00e4\u00e4l opp\u00f5 t\u00e4 eesti kir\u00e4nd\u00fcst ni eesti kiilt. Jo inne l\u00f5p\u00f5t\u00e4mist nakas Leila kiilt toim\u00f5ndama P\u00f5lva maakunna aolehe [&hellip;]\" \/>\n<meta property=\"og:url\" content=\"https:\/\/wi.ee\/voro\/kiranigu\/leila-holts\/\" \/>\n<meta property=\"og:site_name\" content=\"V\u00f5ro kir\u00e4nd\u00fcs\" \/>\n<meta property=\"article:modified_time\" content=\"2023-01-07T09:30:33+00:00\" \/>\n<meta name=\"twitter:card\" content=\"summary_large_image\" \/>\n<meta name=\"twitter:label1\" content=\"Est. reading time\" \/>\n\t<meta name=\"twitter:data1\" content=\"2 minutit\" \/>\n<script type=\"application\/ld+json\" class=\"yoast-schema-graph\">{\"@context\":\"https:\\\/\\\/schema.org\",\"@graph\":[{\"@type\":\"WebPage\",\"@id\":\"https:\\\/\\\/wi.ee\\\/voro\\\/kiranigu\\\/leila-holts\\\/\",\"url\":\"https:\\\/\\\/wi.ee\\\/voro\\\/kiranigu\\\/leila-holts\\\/\",\"name\":\"Leila Holts - V\u00f5ro kir\u00e4nd\u00fcs\",\"isPartOf\":{\"@id\":\"https:\\\/\\\/wi.ee\\\/voro\\\/#website\"},\"datePublished\":\"2016-02-01T14:11:42+00:00\",\"dateModified\":\"2023-01-07T09:30:33+00:00\",\"breadcrumb\":{\"@id\":\"https:\\\/\\\/wi.ee\\\/voro\\\/kiranigu\\\/leila-holts\\\/#breadcrumb\"},\"inLanguage\":\"et\",\"potentialAction\":[{\"@type\":\"ReadAction\",\"target\":[\"https:\\\/\\\/wi.ee\\\/voro\\\/kiranigu\\\/leila-holts\\\/\"]}]},{\"@type\":\"BreadcrumbList\",\"@id\":\"https:\\\/\\\/wi.ee\\\/voro\\\/kiranigu\\\/leila-holts\\\/#breadcrumb\",\"itemListElement\":[{\"@type\":\"ListItem\",\"position\":1,\"name\":\"Home\",\"item\":\"https:\\\/\\\/wi.ee\\\/voro\\\/\"},{\"@type\":\"ListItem\",\"position\":2,\"name\":\"KI\u00c4 OMMA V\u00d5RO KIR\u00c4NIGU\",\"item\":\"https:\\\/\\\/wi.ee\\\/voro\\\/kiranigu\\\/\"},{\"@type\":\"ListItem\",\"position\":3,\"name\":\"Leila Holts\"}]},{\"@type\":\"WebSite\",\"@id\":\"https:\\\/\\\/wi.ee\\\/voro\\\/#website\",\"url\":\"https:\\\/\\\/wi.ee\\\/voro\\\/\",\"name\":\"V\u00f5ro kir\u00e4nd\u00fcs\",\"description\":\"V\u00f5ro kir\u00e4nd\u00fcse kodoleht\",\"potentialAction\":[{\"@type\":\"SearchAction\",\"target\":{\"@type\":\"EntryPoint\",\"urlTemplate\":\"https:\\\/\\\/wi.ee\\\/voro\\\/?s={search_term_string}\"},\"query-input\":{\"@type\":\"PropertyValueSpecification\",\"valueRequired\":true,\"valueName\":\"search_term_string\"}}],\"inLanguage\":\"et\"}]}<\/script>\n<!-- \/ Yoast SEO plugin. -->","yoast_head_json":{"title":"Leila Holts - V\u00f5ro kir\u00e4nd\u00fcs","robots":{"index":"index","follow":"follow","max-snippet":"max-snippet:-1","max-image-preview":"max-image-preview:large","max-video-preview":"max-video-preview:-1"},"canonical":"https:\/\/wi.ee\/voro\/kiranigu\/leila-holts\/","og_locale":"et_EE","og_type":"article","og_title":"Leila Holts - V\u00f5ro kir\u00e4nd\u00fcs","og_description":"Holtsi Leila s\u00fcnd\u00fc 14. elokuu p\u00e4\u00e4v\u00e4l 1981 (14.08.81). T\u00e4 kasvi \u00fcles P\u00f5lva vallah K\u00e4hri k\u00fcl\u00e4h mitte v\u00e4eg\u00e4 kavv\u00f5l K\u00f5ivo jutt\u00f5st tuntu K\u00e4hri kerikost. 1988. aastagast 2000. aastagani k\u00e4ve t\u00e4 P\u00f5lva \u00dctisg\u00fcmnaasiumih ni ast\u2019 2000.aastaga s\u00fcg\u00fcse Tarto \u00dclikuuli. S\u00e4\u00e4l opp\u00f5 t\u00e4 eesti kir\u00e4nd\u00fcst ni eesti kiilt. Jo inne l\u00f5p\u00f5t\u00e4mist nakas Leila kiilt toim\u00f5ndama P\u00f5lva maakunna aolehe [&hellip;]","og_url":"https:\/\/wi.ee\/voro\/kiranigu\/leila-holts\/","og_site_name":"V\u00f5ro kir\u00e4nd\u00fcs","article_modified_time":"2023-01-07T09:30:33+00:00","twitter_card":"summary_large_image","twitter_misc":{"Est. reading time":"2 minutit"},"schema":{"@context":"https:\/\/schema.org","@graph":[{"@type":"WebPage","@id":"https:\/\/wi.ee\/voro\/kiranigu\/leila-holts\/","url":"https:\/\/wi.ee\/voro\/kiranigu\/leila-holts\/","name":"Leila Holts - V\u00f5ro kir\u00e4nd\u00fcs","isPartOf":{"@id":"https:\/\/wi.ee\/voro\/#website"},"datePublished":"2016-02-01T14:11:42+00:00","dateModified":"2023-01-07T09:30:33+00:00","breadcrumb":{"@id":"https:\/\/wi.ee\/voro\/kiranigu\/leila-holts\/#breadcrumb"},"inLanguage":"et","potentialAction":[{"@type":"ReadAction","target":["https:\/\/wi.ee\/voro\/kiranigu\/leila-holts\/"]}]},{"@type":"BreadcrumbList","@id":"https:\/\/wi.ee\/voro\/kiranigu\/leila-holts\/#breadcrumb","itemListElement":[{"@type":"ListItem","position":1,"name":"Home","item":"https:\/\/wi.ee\/voro\/"},{"@type":"ListItem","position":2,"name":"KI\u00c4 OMMA V\u00d5RO KIR\u00c4NIGU","item":"https:\/\/wi.ee\/voro\/kiranigu\/"},{"@type":"ListItem","position":3,"name":"Leila Holts"}]},{"@type":"WebSite","@id":"https:\/\/wi.ee\/voro\/#website","url":"https:\/\/wi.ee\/voro\/","name":"V\u00f5ro kir\u00e4nd\u00fcs","description":"V\u00f5ro kir\u00e4nd\u00fcse kodoleht","potentialAction":[{"@type":"SearchAction","target":{"@type":"EntryPoint","urlTemplate":"https:\/\/wi.ee\/voro\/?s={search_term_string}"},"query-input":{"@type":"PropertyValueSpecification","valueRequired":true,"valueName":"search_term_string"}}],"inLanguage":"et"}]}},"_links":{"self":[{"href":"https:\/\/wi.ee\/voro\/wp-json\/wp\/v2\/pages\/58","targetHints":{"allow":["GET"]}}],"collection":[{"href":"https:\/\/wi.ee\/voro\/wp-json\/wp\/v2\/pages"}],"about":[{"href":"https:\/\/wi.ee\/voro\/wp-json\/wp\/v2\/types\/page"}],"author":[{"embeddable":true,"href":"https:\/\/wi.ee\/voro\/wp-json\/wp\/v2\/users\/1"}],"replies":[{"embeddable":true,"href":"https:\/\/wi.ee\/voro\/wp-json\/wp\/v2\/comments?post=58"}],"version-history":[{"count":5,"href":"https:\/\/wi.ee\/voro\/wp-json\/wp\/v2\/pages\/58\/revisions"}],"predecessor-version":[{"id":924,"href":"https:\/\/wi.ee\/voro\/wp-json\/wp\/v2\/pages\/58\/revisions\/924"}],"up":[{"embeddable":true,"href":"https:\/\/wi.ee\/voro\/wp-json\/wp\/v2\/pages\/9"}],"wp:attachment":[{"href":"https:\/\/wi.ee\/voro\/wp-json\/wp\/v2\/media?parent=58"}],"curies":[{"name":"wp","href":"https:\/\/api.w.org\/{rel}","templated":true}]}}