{"id":56,"date":"2016-02-01T16:04:38","date_gmt":"2016-02-01T14:04:38","guid":{"rendered":"http:\/\/wi.ee\/voro\/?page_id=56"},"modified":"2023-01-07T11:29:10","modified_gmt":"2023-01-07T09:29:10","slug":"nele-hollo","status":"publish","type":"page","link":"https:\/\/wi.ee\/voro\/kiranigu\/nele-hollo\/","title":{"rendered":"Nele Hollo"},"content":{"rendered":"<p>Nele Hollo om s\u00fcnd\u00fcn\u00fc 31. lehekuu p\u00e4\u00e4val 1978 P\u00f5lvan kunstnigu ja oppaja peren. 1980. aastagal kolisi perega V\u00f5ro liina. Peris liinalats t\u00e4\u00e4 joht ol\u00f5-i &#8211; varats\u00f5mb lats\u00f5p\u00f5lv l\u00e4ts m\u00fc\u00fcd\u00e4 Misson im\u00e4 van\u00f5mbide puul. Hild\u00e4mbki om Nele Hollo eg\u00e4l vyimalus\u00f5l umma lats\u00f5p\u00f5lv\u00f5kodo k\u00fcl\u00e4st\u00e4n\u00fc.<\/p>\n<p>P\u00e4\u00e4leq null klassi V\u00f5ro 3. p\u00f5hikoolin ops\u00f5 Nele Hollo 1985-1996 V\u00f5ro 1. Keskkoolin inglis\u00f5 keele klassin. Kooliaigu v\u00f5tse Nele osa ka kunsti- ja balletiringi t\u00fc\u00fcst. 1996. aastagast opp t\u00e4 Tartu \u00dclikoolin norra kiilt ni kir\u00e4nd\u00fcst, 1997. aastagast Avatu \u00dclikoolin flamencokultuuri.<\/p>\n<p>Nele Hollo om t\u00fc\u00fctan\u00fc sekret\u00e4rin\u00e4q, norra, taani ja inglise keele t\u00f5lkjana, oppajana, t\u00fc\u00fcd om t\u00e4 saanu ka V\u00f5ro kodoluumuuseumin, V\u00f5ro Instituudin. Nele Hollo om Skandinaaviamaie seldsi \u201cSleipnir\u201d liig\u00f5.<\/p>\n<p>1993. aastagal esit NH nuuri Soom\u00f5-Ugri rahvid\u00f5 konverendsil Izhevskin (Udmurdimaa) ettekand\u00f5 v\u00f5ro keele kotsil\u00f5.<\/p>\n<p>Kir\u00e4t\u00f6iega tegeles Nele kah jo nuurus\u00f5st p\u00e4\u00e4le. Et t\u00e4 uma peris im\u00e4keeles pid\u00e4 v\u00f5ro kiilt, om t\u00e4\u00e4 pall\u00f3 k\u00f5rdi v\u00f5tnuq osa Mino V\u00f5romaa v\u00f5istluisist. \u00d5ga osal\u00f5t k\u00f5rd sai Nele avvuhinna kah. Nele Hollo om avitanu tet\u00e4q 9. Mino V\u00f5romaad ja Julius Ungru raamadut \u201cPaganamaa-mehe m\u00e4lestused\u201d (V\u00f5ro Instituut 1996). Viil om t\u00e4\u00e4 t\u00f5lknu norra keele tr\u00f5sdili murd\u00f5st v\u00f5ro kiilde Einar Skj\u00e6raaseni ja Tor Jonssoni luul\u00f5t.<\/p>\n<h3>Nele Hollo kir\u00e4t\u00f6id om ilmunu:<\/h3>\n<p>Mino V\u00f5romaa 2 &#8211; 9<br \/>\nViruskundra veebruar 1995<br \/>\nViruskundra juuni 1955<br \/>\nMeie Meel<br \/>\nLauluisa radadel (V\u00f5ro 1. Keskkuul 1996)<\/p>\n","protected":false},"excerpt":{"rendered":"<p>Nele Hollo om s\u00fcnd\u00fcn\u00fc 31. lehekuu p\u00e4\u00e4val 1978 P\u00f5lvan kunstnigu ja oppaja peren. 1980. aastagal kolisi perega V\u00f5ro liina. Peris liinalats t\u00e4\u00e4 joht ol\u00f5-i &#8211; varats\u00f5mb lats\u00f5p\u00f5lv l\u00e4ts m\u00fc\u00fcd\u00e4 Misson im\u00e4 van\u00f5mbide puul. Hild\u00e4mbki om Nele Hollo eg\u00e4l vyimalus\u00f5l umma lats\u00f5p\u00f5lv\u00f5kodo k\u00fcl\u00e4st\u00e4n\u00fc. P\u00e4\u00e4leq null klassi V\u00f5ro 3. p\u00f5hikoolin ops\u00f5 Nele Hollo 1985-1996 V\u00f5ro 1. Keskkoolin [&hellip;]<\/p>\n","protected":false},"author":1,"featured_media":0,"parent":9,"menu_order":6,"comment_status":"closed","ping_status":"closed","template":"","meta":{"footnotes":""},"class_list":["post-56","page","type-page","status-publish","hentry"],"yoast_head":"<!-- This site is optimized with the Yoast SEO plugin v27.3 - https:\/\/yoast.com\/product\/yoast-seo-wordpress\/ -->\n<title>Nele Hollo - V\u00f5ro kir\u00e4nd\u00fcs<\/title>\n<meta name=\"robots\" content=\"index, follow, max-snippet:-1, max-image-preview:large, max-video-preview:-1\" \/>\n<link rel=\"canonical\" href=\"https:\/\/wi.ee\/voro\/kiranigu\/nele-hollo\/\" \/>\n<meta property=\"og:locale\" content=\"et_EE\" \/>\n<meta property=\"og:type\" content=\"article\" \/>\n<meta property=\"og:title\" content=\"Nele Hollo - V\u00f5ro kir\u00e4nd\u00fcs\" \/>\n<meta property=\"og:description\" content=\"Nele Hollo om s\u00fcnd\u00fcn\u00fc 31. lehekuu p\u00e4\u00e4val 1978 P\u00f5lvan kunstnigu ja oppaja peren. 1980. aastagal kolisi perega V\u00f5ro liina. Peris liinalats t\u00e4\u00e4 joht ol\u00f5-i &#8211; varats\u00f5mb lats\u00f5p\u00f5lv l\u00e4ts m\u00fc\u00fcd\u00e4 Misson im\u00e4 van\u00f5mbide puul. Hild\u00e4mbki om Nele Hollo eg\u00e4l vyimalus\u00f5l umma lats\u00f5p\u00f5lv\u00f5kodo k\u00fcl\u00e4st\u00e4n\u00fc. P\u00e4\u00e4leq null klassi V\u00f5ro 3. p\u00f5hikoolin ops\u00f5 Nele Hollo 1985-1996 V\u00f5ro 1. Keskkoolin [&hellip;]\" \/>\n<meta property=\"og:url\" content=\"https:\/\/wi.ee\/voro\/kiranigu\/nele-hollo\/\" \/>\n<meta property=\"og:site_name\" content=\"V\u00f5ro kir\u00e4nd\u00fcs\" \/>\n<meta property=\"article:modified_time\" content=\"2023-01-07T09:29:10+00:00\" \/>\n<meta name=\"twitter:card\" content=\"summary_large_image\" \/>\n<meta name=\"twitter:label1\" content=\"Est. reading time\" \/>\n\t<meta name=\"twitter:data1\" content=\"2 minutit\" \/>\n<script type=\"application\/ld+json\" class=\"yoast-schema-graph\">{\"@context\":\"https:\\\/\\\/schema.org\",\"@graph\":[{\"@type\":\"WebPage\",\"@id\":\"https:\\\/\\\/wi.ee\\\/voro\\\/kiranigu\\\/nele-hollo\\\/\",\"url\":\"https:\\\/\\\/wi.ee\\\/voro\\\/kiranigu\\\/nele-hollo\\\/\",\"name\":\"Nele Hollo - V\u00f5ro kir\u00e4nd\u00fcs\",\"isPartOf\":{\"@id\":\"https:\\\/\\\/wi.ee\\\/voro\\\/#website\"},\"datePublished\":\"2016-02-01T14:04:38+00:00\",\"dateModified\":\"2023-01-07T09:29:10+00:00\",\"breadcrumb\":{\"@id\":\"https:\\\/\\\/wi.ee\\\/voro\\\/kiranigu\\\/nele-hollo\\\/#breadcrumb\"},\"inLanguage\":\"et\",\"potentialAction\":[{\"@type\":\"ReadAction\",\"target\":[\"https:\\\/\\\/wi.ee\\\/voro\\\/kiranigu\\\/nele-hollo\\\/\"]}]},{\"@type\":\"BreadcrumbList\",\"@id\":\"https:\\\/\\\/wi.ee\\\/voro\\\/kiranigu\\\/nele-hollo\\\/#breadcrumb\",\"itemListElement\":[{\"@type\":\"ListItem\",\"position\":1,\"name\":\"Home\",\"item\":\"https:\\\/\\\/wi.ee\\\/voro\\\/\"},{\"@type\":\"ListItem\",\"position\":2,\"name\":\"KI\u00c4 OMMA V\u00d5RO KIR\u00c4NIGU\",\"item\":\"https:\\\/\\\/wi.ee\\\/voro\\\/kiranigu\\\/\"},{\"@type\":\"ListItem\",\"position\":3,\"name\":\"Nele Hollo\"}]},{\"@type\":\"WebSite\",\"@id\":\"https:\\\/\\\/wi.ee\\\/voro\\\/#website\",\"url\":\"https:\\\/\\\/wi.ee\\\/voro\\\/\",\"name\":\"V\u00f5ro kir\u00e4nd\u00fcs\",\"description\":\"V\u00f5ro kir\u00e4nd\u00fcse kodoleht\",\"potentialAction\":[{\"@type\":\"SearchAction\",\"target\":{\"@type\":\"EntryPoint\",\"urlTemplate\":\"https:\\\/\\\/wi.ee\\\/voro\\\/?s={search_term_string}\"},\"query-input\":{\"@type\":\"PropertyValueSpecification\",\"valueRequired\":true,\"valueName\":\"search_term_string\"}}],\"inLanguage\":\"et\"}]}<\/script>\n<!-- \/ Yoast SEO plugin. -->","yoast_head_json":{"title":"Nele Hollo - V\u00f5ro kir\u00e4nd\u00fcs","robots":{"index":"index","follow":"follow","max-snippet":"max-snippet:-1","max-image-preview":"max-image-preview:large","max-video-preview":"max-video-preview:-1"},"canonical":"https:\/\/wi.ee\/voro\/kiranigu\/nele-hollo\/","og_locale":"et_EE","og_type":"article","og_title":"Nele Hollo - V\u00f5ro kir\u00e4nd\u00fcs","og_description":"Nele Hollo om s\u00fcnd\u00fcn\u00fc 31. lehekuu p\u00e4\u00e4val 1978 P\u00f5lvan kunstnigu ja oppaja peren. 1980. aastagal kolisi perega V\u00f5ro liina. Peris liinalats t\u00e4\u00e4 joht ol\u00f5-i &#8211; varats\u00f5mb lats\u00f5p\u00f5lv l\u00e4ts m\u00fc\u00fcd\u00e4 Misson im\u00e4 van\u00f5mbide puul. Hild\u00e4mbki om Nele Hollo eg\u00e4l vyimalus\u00f5l umma lats\u00f5p\u00f5lv\u00f5kodo k\u00fcl\u00e4st\u00e4n\u00fc. P\u00e4\u00e4leq null klassi V\u00f5ro 3. p\u00f5hikoolin ops\u00f5 Nele Hollo 1985-1996 V\u00f5ro 1. Keskkoolin [&hellip;]","og_url":"https:\/\/wi.ee\/voro\/kiranigu\/nele-hollo\/","og_site_name":"V\u00f5ro kir\u00e4nd\u00fcs","article_modified_time":"2023-01-07T09:29:10+00:00","twitter_card":"summary_large_image","twitter_misc":{"Est. reading time":"2 minutit"},"schema":{"@context":"https:\/\/schema.org","@graph":[{"@type":"WebPage","@id":"https:\/\/wi.ee\/voro\/kiranigu\/nele-hollo\/","url":"https:\/\/wi.ee\/voro\/kiranigu\/nele-hollo\/","name":"Nele Hollo - V\u00f5ro kir\u00e4nd\u00fcs","isPartOf":{"@id":"https:\/\/wi.ee\/voro\/#website"},"datePublished":"2016-02-01T14:04:38+00:00","dateModified":"2023-01-07T09:29:10+00:00","breadcrumb":{"@id":"https:\/\/wi.ee\/voro\/kiranigu\/nele-hollo\/#breadcrumb"},"inLanguage":"et","potentialAction":[{"@type":"ReadAction","target":["https:\/\/wi.ee\/voro\/kiranigu\/nele-hollo\/"]}]},{"@type":"BreadcrumbList","@id":"https:\/\/wi.ee\/voro\/kiranigu\/nele-hollo\/#breadcrumb","itemListElement":[{"@type":"ListItem","position":1,"name":"Home","item":"https:\/\/wi.ee\/voro\/"},{"@type":"ListItem","position":2,"name":"KI\u00c4 OMMA V\u00d5RO KIR\u00c4NIGU","item":"https:\/\/wi.ee\/voro\/kiranigu\/"},{"@type":"ListItem","position":3,"name":"Nele Hollo"}]},{"@type":"WebSite","@id":"https:\/\/wi.ee\/voro\/#website","url":"https:\/\/wi.ee\/voro\/","name":"V\u00f5ro kir\u00e4nd\u00fcs","description":"V\u00f5ro kir\u00e4nd\u00fcse kodoleht","potentialAction":[{"@type":"SearchAction","target":{"@type":"EntryPoint","urlTemplate":"https:\/\/wi.ee\/voro\/?s={search_term_string}"},"query-input":{"@type":"PropertyValueSpecification","valueRequired":true,"valueName":"search_term_string"}}],"inLanguage":"et"}]}},"_links":{"self":[{"href":"https:\/\/wi.ee\/voro\/wp-json\/wp\/v2\/pages\/56","targetHints":{"allow":["GET"]}}],"collection":[{"href":"https:\/\/wi.ee\/voro\/wp-json\/wp\/v2\/pages"}],"about":[{"href":"https:\/\/wi.ee\/voro\/wp-json\/wp\/v2\/types\/page"}],"author":[{"embeddable":true,"href":"https:\/\/wi.ee\/voro\/wp-json\/wp\/v2\/users\/1"}],"replies":[{"embeddable":true,"href":"https:\/\/wi.ee\/voro\/wp-json\/wp\/v2\/comments?post=56"}],"version-history":[{"count":3,"href":"https:\/\/wi.ee\/voro\/wp-json\/wp\/v2\/pages\/56\/revisions"}],"predecessor-version":[{"id":923,"href":"https:\/\/wi.ee\/voro\/wp-json\/wp\/v2\/pages\/56\/revisions\/923"}],"up":[{"embeddable":true,"href":"https:\/\/wi.ee\/voro\/wp-json\/wp\/v2\/pages\/9"}],"wp:attachment":[{"href":"https:\/\/wi.ee\/voro\/wp-json\/wp\/v2\/media?parent=56"}],"curies":[{"name":"wp","href":"https:\/\/api.w.org\/{rel}","templated":true}]}}