{"id":54,"date":"2016-02-01T16:03:29","date_gmt":"2016-02-01T14:03:29","guid":{"rendered":"http:\/\/wi.ee\/voro\/?page_id=54"},"modified":"2023-01-07T11:23:50","modified_gmt":"2023-01-07T09:23:50","slug":"paul-haavaoks","status":"publish","type":"page","link":"https:\/\/wi.ee\/voro\/kiranigu\/paul-haavaoks\/","title":{"rendered":"Paul Haavaoks"},"content":{"rendered":"<p>Paul Haavaoks (12.06.1924\u2013 30.09.1983) om j\u00e4rekindlambit kodukotuss\u00f5laulikit eesti kir\u00e4nd\u00fcs\u00f5n. Sisendusj\u00f5vvu saavut erksate kaemismuljete emotsionaals\u00f5 loendiga, v\u00e4hemb om \u00f5nnestunu inemise siseilma kajastus\u00f5. Eriti edimesen kogoden esines kompositsiooni ja v\u00e4llenduse eba\u00fchtlust. Sjoost perioodist n\u00f5s\u00f5s\u00f5 esile poeedi eepikutalendile osutavaq kodonulga ainestikulo tugiva poeemi: &#8220;R\u00e4ndajad maanteel&#8221; ja loodushoidu propagiiriv &#8220;Metsad kohisevad&#8221;.<\/p>\n<p>1960-ndate t\u00f5s\u00f5st poolest alaten avald Haavaoks ka setokeelist luul\u00f5t ja rakend kohati leelo v\u00f5ttid. Latsiluul\u00f5 ain\u00f5t ammut t\u00e4 sammamuudu kodo\u00fcmbrusest, poetisiiren latsi m\u00e4nge ja t\u00f6id, innek\u00f5kk\u00f5 aga loodust tim\u00e4 mitmapalgelisusen. Paul Haavaoksast om kiroutanud J. Smuul poeemin &#8220;J\u00e4rvesuu poiste brigaad&#8221;. 2020. aastagal ilmu Paul Haavaossa koondkogo &#8220;Palumaad ja rannah\u00e4\u00e4led&#8221;, minka pands\u00f5va kokko Ilme Hoidmets ja Nele Reimann.<\/p>\n<h3>Paul Haavaoksa luulet<\/h3>\n<p><strong>SETOJUTT<\/strong><br \/>\n(Kausi-Karla pajatuisi)<\/p>\n<p>Meil Saar\u00f5p\u00e4l om samovari<br \/>\nja Ts\u00e4tski kandih ts\u00e4ssona.<br \/>\nKa Peipsi p\u00e4\u00e4l om uma k\u00e4ri &#8211;<br \/>\nm\u00f5nt ajava \u00f5ks n\u00e4sso n\u00e4\u00e4.<\/p>\n<p>Ma kai: \u00f5i in\u00e4mb vii p\u00e4\u00e4l m\u00fcll\u00e4,<br \/>\nlas lain\u00f5h laisalt n\u00f5ris\u00f5s!<br \/>\nNii vallast valda, k\u00fcl\u00e4st k\u00fcll\u00e4<br \/>\nmu vana vankri p\u00f5ris\u00f5s.<\/p>\n<p>Mokk oll mul voh! Ja k\u00fcl ma kits\u00f5<br \/>\nk\u00e4eh poripott vai kumm\u00f5 kauss:<br \/>\n&#8220;\u00d5i ol\u00f5 joht mul piinit pitse,<br \/>\na tuugiper\u00e4st kaup om auss!<\/p>\n<p>Kae, n\u00e4itsik &#8211; sjoo \u00f5i ol\u00f5q lori,<br \/>\nkae esi &#8211; sjoo \u00f5i ol\u00f5 l\u00f5\u00f5p:<br \/>\nkuuh saksa savi, preisi pori,<br \/>\nh\u00fc\u00e4 seto sehvt ja vinne v\u00f5\u00f5p!&#8221;<\/p>\n<p>Ma pallo paki, v\u00e4h\u00e4 tinge &#8211;<br \/>\nmis tost! Las kaubal linnata!<br \/>\nKu n\u00e4go miild\u00fc, muido kinge,<br \/>\nku k\u00f5ik, sis anni hinnata &#8230;<\/p>\n<p>\u00dc\u00fc otsa mn\u00f5h k\u00f6\u00f6ginulgah<br \/>\nai juttu k\u00fclm\u00e4 ahoga.<br \/>\nMust m\u00f5t\u00f5h m\u00f6ir\u00e4s t\u00f5ist\u00f5 hulgah~:<br \/>\n&#8220;J\u00e4l, veli, kaupl\u00f5t kahoga!&#8221;<\/p>\n<p>M\u00fc\u00fc liud vai inglikroonid\u00f5ga,<br \/>\na justkui juudast saat sind laim.<br \/>\nP\u00e4iv m\u00e4ss\u00e4 vai ikoonid\u00f5ga,<br \/>\na tiid ks juht \u00fcts paha vaim.<\/p>\n<p>K\u00fcl kiusas t\u00e4\u00e4 ja n\u00e4\u00fct\u00e4s n\u00e4kse,<br \/>\nt\u00f5\u00f5 seeh mul painus s\u00fc\u00e4mepars.<br \/>\nRoisk r\u00f5\u00f5mu suurd\u00f5 m\u00f5tsa k\u00e4kse:<br \/>\nrao tiid, mu vaen\u00f5 roosavars!<\/p>\n<p>S\u00e4\u00e4l par\u00f5mb pajokuurt ma kiso,<br \/>\ntii pilli mitm\u00f5 keelega.<br \/>\nMu tuhhin om \u00fcts eloiso,<br \/>\nma el\u00e4 s\u00fcnds\u00e4 meelega.<\/p>\n","protected":false},"excerpt":{"rendered":"<p>Paul Haavaoks (12.06.1924\u2013 30.09.1983) om j\u00e4rekindlambit kodukotuss\u00f5laulikit eesti kir\u00e4nd\u00fcs\u00f5n. Sisendusj\u00f5vvu saavut erksate kaemismuljete emotsionaals\u00f5 loendiga, v\u00e4hemb om \u00f5nnestunu inemise siseilma kajastus\u00f5. Eriti edimesen kogoden esines kompositsiooni ja v\u00e4llenduse eba\u00fchtlust. Sjoost perioodist n\u00f5s\u00f5s\u00f5 esile poeedi eepikutalendile osutavaq kodonulga ainestikulo tugiva poeemi: &#8220;R\u00e4ndajad maanteel&#8221; ja loodushoidu propagiiriv &#8220;Metsad kohisevad&#8221;. 1960-ndate t\u00f5s\u00f5st poolest alaten avald Haavaoks ka setokeelist [&hellip;]<\/p>\n","protected":false},"author":1,"featured_media":0,"parent":9,"menu_order":5,"comment_status":"closed","ping_status":"closed","template":"","meta":{"footnotes":""},"class_list":["post-54","page","type-page","status-publish","hentry"],"yoast_head":"<!-- This site is optimized with the Yoast SEO plugin v27.4 - https:\/\/yoast.com\/product\/yoast-seo-wordpress\/ -->\n<title>Paul Haavaoks - V\u00f5ro kir\u00e4nd\u00fcs<\/title>\n<meta name=\"robots\" content=\"index, follow, max-snippet:-1, max-image-preview:large, max-video-preview:-1\" \/>\n<link rel=\"canonical\" href=\"https:\/\/wi.ee\/voro\/kiranigu\/paul-haavaoks\/\" \/>\n<meta property=\"og:locale\" content=\"et_EE\" \/>\n<meta property=\"og:type\" content=\"article\" \/>\n<meta property=\"og:title\" content=\"Paul Haavaoks - V\u00f5ro kir\u00e4nd\u00fcs\" \/>\n<meta property=\"og:description\" content=\"Paul Haavaoks (12.06.1924\u2013 30.09.1983) om j\u00e4rekindlambit kodukotuss\u00f5laulikit eesti kir\u00e4nd\u00fcs\u00f5n. Sisendusj\u00f5vvu saavut erksate kaemismuljete emotsionaals\u00f5 loendiga, v\u00e4hemb om \u00f5nnestunu inemise siseilma kajastus\u00f5. Eriti edimesen kogoden esines kompositsiooni ja v\u00e4llenduse eba\u00fchtlust. Sjoost perioodist n\u00f5s\u00f5s\u00f5 esile poeedi eepikutalendile osutavaq kodonulga ainestikulo tugiva poeemi: &#8220;R\u00e4ndajad maanteel&#8221; ja loodushoidu propagiiriv &#8220;Metsad kohisevad&#8221;. 1960-ndate t\u00f5s\u00f5st poolest alaten avald Haavaoks ka setokeelist [&hellip;]\" \/>\n<meta property=\"og:url\" content=\"https:\/\/wi.ee\/voro\/kiranigu\/paul-haavaoks\/\" \/>\n<meta property=\"og:site_name\" content=\"V\u00f5ro kir\u00e4nd\u00fcs\" \/>\n<meta property=\"article:modified_time\" content=\"2023-01-07T09:23:50+00:00\" \/>\n<meta name=\"twitter:card\" content=\"summary_large_image\" \/>\n<meta name=\"twitter:label1\" content=\"Est. reading time\" \/>\n\t<meta name=\"twitter:data1\" content=\"2 minutit\" \/>\n<script type=\"application\/ld+json\" class=\"yoast-schema-graph\">{\"@context\":\"https:\\\/\\\/schema.org\",\"@graph\":[{\"@type\":\"WebPage\",\"@id\":\"https:\\\/\\\/wi.ee\\\/voro\\\/kiranigu\\\/paul-haavaoks\\\/\",\"url\":\"https:\\\/\\\/wi.ee\\\/voro\\\/kiranigu\\\/paul-haavaoks\\\/\",\"name\":\"Paul Haavaoks - V\u00f5ro kir\u00e4nd\u00fcs\",\"isPartOf\":{\"@id\":\"https:\\\/\\\/wi.ee\\\/voro\\\/#website\"},\"datePublished\":\"2016-02-01T14:03:29+00:00\",\"dateModified\":\"2023-01-07T09:23:50+00:00\",\"breadcrumb\":{\"@id\":\"https:\\\/\\\/wi.ee\\\/voro\\\/kiranigu\\\/paul-haavaoks\\\/#breadcrumb\"},\"inLanguage\":\"et\",\"potentialAction\":[{\"@type\":\"ReadAction\",\"target\":[\"https:\\\/\\\/wi.ee\\\/voro\\\/kiranigu\\\/paul-haavaoks\\\/\"]}]},{\"@type\":\"BreadcrumbList\",\"@id\":\"https:\\\/\\\/wi.ee\\\/voro\\\/kiranigu\\\/paul-haavaoks\\\/#breadcrumb\",\"itemListElement\":[{\"@type\":\"ListItem\",\"position\":1,\"name\":\"Home\",\"item\":\"https:\\\/\\\/wi.ee\\\/voro\\\/\"},{\"@type\":\"ListItem\",\"position\":2,\"name\":\"KI\u00c4 OMMA V\u00d5RO KIR\u00c4NIGU\",\"item\":\"https:\\\/\\\/wi.ee\\\/voro\\\/kiranigu\\\/\"},{\"@type\":\"ListItem\",\"position\":3,\"name\":\"Paul Haavaoks\"}]},{\"@type\":\"WebSite\",\"@id\":\"https:\\\/\\\/wi.ee\\\/voro\\\/#website\",\"url\":\"https:\\\/\\\/wi.ee\\\/voro\\\/\",\"name\":\"V\u00f5ro kir\u00e4nd\u00fcs\",\"description\":\"V\u00f5ro kir\u00e4nd\u00fcse kodoleht\",\"potentialAction\":[{\"@type\":\"SearchAction\",\"target\":{\"@type\":\"EntryPoint\",\"urlTemplate\":\"https:\\\/\\\/wi.ee\\\/voro\\\/?s={search_term_string}\"},\"query-input\":{\"@type\":\"PropertyValueSpecification\",\"valueRequired\":true,\"valueName\":\"search_term_string\"}}],\"inLanguage\":\"et\"}]}<\/script>\n<!-- \/ Yoast SEO plugin. -->","yoast_head_json":{"title":"Paul Haavaoks - V\u00f5ro kir\u00e4nd\u00fcs","robots":{"index":"index","follow":"follow","max-snippet":"max-snippet:-1","max-image-preview":"max-image-preview:large","max-video-preview":"max-video-preview:-1"},"canonical":"https:\/\/wi.ee\/voro\/kiranigu\/paul-haavaoks\/","og_locale":"et_EE","og_type":"article","og_title":"Paul Haavaoks - V\u00f5ro kir\u00e4nd\u00fcs","og_description":"Paul Haavaoks (12.06.1924\u2013 30.09.1983) om j\u00e4rekindlambit kodukotuss\u00f5laulikit eesti kir\u00e4nd\u00fcs\u00f5n. Sisendusj\u00f5vvu saavut erksate kaemismuljete emotsionaals\u00f5 loendiga, v\u00e4hemb om \u00f5nnestunu inemise siseilma kajastus\u00f5. Eriti edimesen kogoden esines kompositsiooni ja v\u00e4llenduse eba\u00fchtlust. Sjoost perioodist n\u00f5s\u00f5s\u00f5 esile poeedi eepikutalendile osutavaq kodonulga ainestikulo tugiva poeemi: &#8220;R\u00e4ndajad maanteel&#8221; ja loodushoidu propagiiriv &#8220;Metsad kohisevad&#8221;. 1960-ndate t\u00f5s\u00f5st poolest alaten avald Haavaoks ka setokeelist [&hellip;]","og_url":"https:\/\/wi.ee\/voro\/kiranigu\/paul-haavaoks\/","og_site_name":"V\u00f5ro kir\u00e4nd\u00fcs","article_modified_time":"2023-01-07T09:23:50+00:00","twitter_card":"summary_large_image","twitter_misc":{"Est. reading time":"2 minutit"},"schema":{"@context":"https:\/\/schema.org","@graph":[{"@type":"WebPage","@id":"https:\/\/wi.ee\/voro\/kiranigu\/paul-haavaoks\/","url":"https:\/\/wi.ee\/voro\/kiranigu\/paul-haavaoks\/","name":"Paul Haavaoks - V\u00f5ro kir\u00e4nd\u00fcs","isPartOf":{"@id":"https:\/\/wi.ee\/voro\/#website"},"datePublished":"2016-02-01T14:03:29+00:00","dateModified":"2023-01-07T09:23:50+00:00","breadcrumb":{"@id":"https:\/\/wi.ee\/voro\/kiranigu\/paul-haavaoks\/#breadcrumb"},"inLanguage":"et","potentialAction":[{"@type":"ReadAction","target":["https:\/\/wi.ee\/voro\/kiranigu\/paul-haavaoks\/"]}]},{"@type":"BreadcrumbList","@id":"https:\/\/wi.ee\/voro\/kiranigu\/paul-haavaoks\/#breadcrumb","itemListElement":[{"@type":"ListItem","position":1,"name":"Home","item":"https:\/\/wi.ee\/voro\/"},{"@type":"ListItem","position":2,"name":"KI\u00c4 OMMA V\u00d5RO KIR\u00c4NIGU","item":"https:\/\/wi.ee\/voro\/kiranigu\/"},{"@type":"ListItem","position":3,"name":"Paul Haavaoks"}]},{"@type":"WebSite","@id":"https:\/\/wi.ee\/voro\/#website","url":"https:\/\/wi.ee\/voro\/","name":"V\u00f5ro kir\u00e4nd\u00fcs","description":"V\u00f5ro kir\u00e4nd\u00fcse kodoleht","potentialAction":[{"@type":"SearchAction","target":{"@type":"EntryPoint","urlTemplate":"https:\/\/wi.ee\/voro\/?s={search_term_string}"},"query-input":{"@type":"PropertyValueSpecification","valueRequired":true,"valueName":"search_term_string"}}],"inLanguage":"et"}]}},"_links":{"self":[{"href":"https:\/\/wi.ee\/voro\/wp-json\/wp\/v2\/pages\/54","targetHints":{"allow":["GET"]}}],"collection":[{"href":"https:\/\/wi.ee\/voro\/wp-json\/wp\/v2\/pages"}],"about":[{"href":"https:\/\/wi.ee\/voro\/wp-json\/wp\/v2\/types\/page"}],"author":[{"embeddable":true,"href":"https:\/\/wi.ee\/voro\/wp-json\/wp\/v2\/users\/1"}],"replies":[{"embeddable":true,"href":"https:\/\/wi.ee\/voro\/wp-json\/wp\/v2\/comments?post=54"}],"version-history":[{"count":4,"href":"https:\/\/wi.ee\/voro\/wp-json\/wp\/v2\/pages\/54\/revisions"}],"predecessor-version":[{"id":921,"href":"https:\/\/wi.ee\/voro\/wp-json\/wp\/v2\/pages\/54\/revisions\/921"}],"up":[{"embeddable":true,"href":"https:\/\/wi.ee\/voro\/wp-json\/wp\/v2\/pages\/9"}],"wp:attachment":[{"href":"https:\/\/wi.ee\/voro\/wp-json\/wp\/v2\/media?parent=54"}],"curies":[{"name":"wp","href":"https:\/\/api.w.org\/{rel}","templated":true}]}}