{"id":48,"date":"2016-02-01T15:55:09","date_gmt":"2016-02-01T13:55:09","guid":{"rendered":"http:\/\/wi.ee\/voro\/?page_id=48"},"modified":"2023-01-06T20:31:35","modified_gmt":"2023-01-06T18:31:35","slug":"kalju-ahven","status":"publish","type":"page","link":"https:\/\/wi.ee\/voro\/kiranigu\/kalju-ahven\/","title":{"rendered":"Kalju Ahven"},"content":{"rendered":"<p><strong>Kalju Ahven<\/strong> nakas luul\u00f5tama jo koolipoisina. Tim\u00e4 eesti- ja v\u00f5rokiilse luul\u00f5tus\u00f5 ilmu per\u00e4st t\u00e4 surma Saksamaal vangilaagrin v\u00e4liseesti aokir\u00e4nd\u00fcsen.<\/p>\n<p>Kalju Ahven s\u00fcnd\u00fc 11. IX 1921 R\u00e4pin\u00e4 papr\u00f5vabrigu raamadupid\u00e4j\u00e4 pujana. 1929-35 ops\u00f5 t\u00e4 R\u00e4pin\u00e4 algkoolin, 1935-39 R\u00e4pin\u00e4 aianduskeskkoolin ni 1942-43 Tartu \u00d5petajate seminarin. 1939-1940 t\u00fc\u00fct R\u00e4pin\u00e4 pangan praktikandina, 1940-42 Abja g\u00fcmnaasiumi asjaajajana, 1943. a m\u00e4rdsikuust p\u00e4\u00e4le oll Saksa s\u00f5av\u00e4e teenist\u00fcsen Tartu s\u00f5av\u00e4ehaiglan. 1944 oll tegevv\u00e4en ja tagan\u00f5si Tartust Saar\u00f5maa kaudu Danzigil\u00f5. 1945 j\u00e4ije K. Ahvenal jalg haig\u00f5s ja t\u00e4 oll ravil laatsaretin, edesi s\u00f5av\u00e4evangilaagrin Taanin Holsteinin.<\/p>\n<p>K. Ahven kuuli s\u00f5avangina tiisikust\u00f5 L\u00fc\u00fcbeki Niendorfin, mat\u00f5t om L\u00fc\u00fcbeki Vorwerki surnuaida<\/p>\n<p>Luul\u00f5tama nakas K. Ahven jo koolipoisina. Tim\u00e4 luul\u00f5tus\u00f5q ommaq ilmunu per\u00e4n t\u00e4 kuulmist v\u00e4liseesti aokir\u00e4nd\u00fcsen.<\/p>\n<p>O. A. Webermann kogusi kokku perr\u00e4j\u00e4\u00e4n\u00fcq k\u00e4sikir\u00e4q, kirot` noist doktoriv\u00e4itekir\u00e4 \u201cKalju Ahven. Leben und Werk eines estnischen Dichters der Gegenwart\u201d (G\u00f6ttingen 1951).<\/p>\n<p>\u201cKas m\u00e4letad?\u201d (Stockholm 1956). Toim\u00f5t` A. O. Webermann. Raamadug\u00f5s\u00f5n omma nii eesti- ku v\u00f5rokiilseq luul\u00f5tus\u00f5q.<\/p>\n<h3>Tim\u00e4 kotsil\u00f5 v\u00f5i luk\u00f5q:<\/h3>\n<p>S\u00f5na 1950-1 (Raimond Kolk)<\/p>\n<p>O. A. Webermann \u201cDas dichterische Bild bei Kalju Ahven\u201d. &#8211; Commentationes Balticae I (Bonn 1954), lk. 207-223<\/p>\n<p>Eesti Kiranikud paguluses (Lund 1973)<\/p>\n<h3>Kalju Ahvena luul\u00f5tuisi<\/h3>\n<p><strong>P\u00dcH\u00c4P\u00c4IV<\/strong><\/p>\n<p>Kell taresainal pik\u00e4lt l\u00fc\u00fcp &#8211;<br \/>\nom p\u00fch\u00e4p\u00e4iv.<br \/>\nViil une makus viinar\u00fc\u00fcp<br \/>\nmu ihhu j\u00e4i.<\/p>\n<p>K\u00f5ik akna per\u00e4ni om tett,<br \/>\nja mull\u00f5 n\u00e4\u00fcs,<br \/>\net p\u00e4iv\u00e4 tsilgus nigu mett<br \/>\nk\u00f5ik p\u00f5rmand t\u00e4\u00fcs.<\/p>\n<p>\u00dcts tsirk k\u00fcll h\u00f5iskas akna all,<br \/>\net hell\u00e4s aid.<br \/>\nJa upin nigu roosa pall<br \/>\nmu suuhte sai!<\/p>\n<p>L\u00fc\u00fcp tornikell, ja kerkotiid<br \/>\njo im\u00e4 l\u00e4tt,<br \/>\nnink es\u00e4l r\u00fc\u00e4nurm\u00f5siid<br \/>\nk\u00fcll paitas k\u00e4tt.<\/p>\n<p>Om p\u00fch\u00e4p\u00e4iv; om \u00f5dagu,<br \/>\nom vakka k\u00f5ik.<br \/>\n\u00dcts vaene pini p\u00f5lato<br \/>\nkuu pool\u00f5 h\u00f5ik.<\/p>\n<p>Uklei, 29.7.45<\/p>\n<p><strong>ES\u00c4<\/strong><\/p>\n<p>Juuskvavalust puusa kange,<br \/>\nt\u00f6nts om silm\u00e4valgus,<br \/>\nhiusse h\u00e4rm\u00e4t\u00e4n\u00fc hange &#8211;<br \/>\nelotalve algus.<\/p>\n<p>Kes sul koolutanu s\u00e4lg\u00e4?-<br \/>\nMina mito k\u00f5rda.<br \/>\nN\u00fc\u00fcd ma aga suur\u00f5st pelg\u00e4-<br \/>\nsurm su p\u00fcvv\u00e4p m\u00f5rda,<\/p>\n<p>enne kui ma t\u00f5sta talla<br \/>\nkodol\u00e4vest \u00fcle,<br \/>\nj\u00f5vvat musta kaane alla<br \/>\nkinni kaivet k\u00fcle.<\/p>\n<p>Rass\u00f5 aim mu tiile n\u00f5vvap-<br \/>\nkodo kavveh liiga!<br \/>\nKas sa mulle vasta j\u00f5vvat<br \/>\nselle rass\u00f5 tiiga?<\/p>\n<p>Vaiva mulge, p\u00f5lveh vesi,<br \/>\nsinol juuskvavaluh.<br \/>\nKokko tahas katekesi<br \/>\ns\u00fc\u00e4mide valuh.<\/p>\n<p>Uklei, 29.7.45<\/p>\n<p><strong>S\u00dc\u00c4 IKK<\/strong><\/p>\n<p>S\u00fc\u00e4 ikk nii Sino per\u00e4st<br \/>\nl\u00e4bi p\u00e4iv\u00e4, \u00fc\u00fc.<br \/>\nValu kasvi v\u00e4ikost ter\u00e4st<br \/>\nsuur\u00f5s nigu s\u00fc\u00fc!<\/p>\n<p>Ik\u00e4v &#8211; Sinno tahas n\u00e4t\u00e4<br \/>\nperis hind\u00e4 man.<br \/>\nKatekesi jakas h\u00e4t\u00e4,<br \/>\nkodos kas vai sann.<\/p>\n<p>Saatus aga t\u00f5isit tahtse,<br \/>\nlahku meid ta vei,<br \/>\nkipe t\u00f5d\u00f5 n\u00e4kko vahtse:<br \/>\nkes su s\u00f5na sei?<\/p>\n<p>Esi &#8211; n\u00fc\u00fcd om s\u00fc\u00fc mul s\u00e4l\u00e4h:<br \/>\n\u00e4r\u00e4 tulli ma!<br \/>\nN\u00fc\u00fcd ma ole k\u00f5g\u00f5st v\u00e4l\u00e4h,<br \/>\nmis oll kodo, maa&#8230;<\/p>\n<p>Kodo &#8211; Sina, nim\u00e4 j\u00e4\u00e4nq<br \/>\nkavvedehe k\u00f5ik.<br \/>\nTusk ja vaiv must \u00fcle k\u00e4\u00fcn\u00fc<br \/>\nnigu surmas\u00f5it.<\/p>\n<p>Ei mul ole \u00f5igust uuta &#8211;<br \/>\nminno oodas Sa!<br \/>\nMino asi ainult luuta &#8211;<br \/>\nk\u00f5rd Su siske saa!<\/p>\n<p>Sielbeck, 2.9.45<\/p>\n","protected":false},"excerpt":{"rendered":"<p>Kalju Ahven nakas luul\u00f5tama jo koolipoisina. Tim\u00e4 eesti- ja v\u00f5rokiilse luul\u00f5tus\u00f5 ilmu per\u00e4st t\u00e4 surma Saksamaal vangilaagrin v\u00e4liseesti aokir\u00e4nd\u00fcsen. Kalju Ahven s\u00fcnd\u00fc 11. IX 1921 R\u00e4pin\u00e4 papr\u00f5vabrigu raamadupid\u00e4j\u00e4 pujana. 1929-35 ops\u00f5 t\u00e4 R\u00e4pin\u00e4 algkoolin, 1935-39 R\u00e4pin\u00e4 aianduskeskkoolin ni 1942-43 Tartu \u00d5petajate seminarin. 1939-1940 t\u00fc\u00fct R\u00e4pin\u00e4 pangan praktikandina, 1940-42 Abja g\u00fcmnaasiumi asjaajajana, 1943. a m\u00e4rdsikuust p\u00e4\u00e4le [&hellip;]<\/p>\n","protected":false},"author":1,"featured_media":0,"parent":9,"menu_order":3,"comment_status":"closed","ping_status":"closed","template":"","meta":{"footnotes":""},"class_list":["post-48","page","type-page","status-publish","hentry"],"yoast_head":"<!-- This site is optimized with the Yoast SEO plugin v27.4 - https:\/\/yoast.com\/product\/yoast-seo-wordpress\/ -->\n<title>Kalju Ahven - V\u00f5ro kir\u00e4nd\u00fcs<\/title>\n<meta name=\"robots\" content=\"index, follow, max-snippet:-1, max-image-preview:large, max-video-preview:-1\" \/>\n<link rel=\"canonical\" href=\"https:\/\/wi.ee\/voro\/kiranigu\/kalju-ahven\/\" \/>\n<meta property=\"og:locale\" content=\"et_EE\" \/>\n<meta property=\"og:type\" content=\"article\" \/>\n<meta property=\"og:title\" content=\"Kalju Ahven - V\u00f5ro kir\u00e4nd\u00fcs\" \/>\n<meta property=\"og:description\" content=\"Kalju Ahven nakas luul\u00f5tama jo koolipoisina. Tim\u00e4 eesti- ja v\u00f5rokiilse luul\u00f5tus\u00f5 ilmu per\u00e4st t\u00e4 surma Saksamaal vangilaagrin v\u00e4liseesti aokir\u00e4nd\u00fcsen. Kalju Ahven s\u00fcnd\u00fc 11. IX 1921 R\u00e4pin\u00e4 papr\u00f5vabrigu raamadupid\u00e4j\u00e4 pujana. 1929-35 ops\u00f5 t\u00e4 R\u00e4pin\u00e4 algkoolin, 1935-39 R\u00e4pin\u00e4 aianduskeskkoolin ni 1942-43 Tartu \u00d5petajate seminarin. 1939-1940 t\u00fc\u00fct R\u00e4pin\u00e4 pangan praktikandina, 1940-42 Abja g\u00fcmnaasiumi asjaajajana, 1943. a m\u00e4rdsikuust p\u00e4\u00e4le [&hellip;]\" \/>\n<meta property=\"og:url\" content=\"https:\/\/wi.ee\/voro\/kiranigu\/kalju-ahven\/\" \/>\n<meta property=\"og:site_name\" content=\"V\u00f5ro kir\u00e4nd\u00fcs\" \/>\n<meta property=\"article:modified_time\" content=\"2023-01-06T18:31:35+00:00\" \/>\n<meta name=\"twitter:card\" content=\"summary_large_image\" \/>\n<meta name=\"twitter:label1\" content=\"Est. reading time\" \/>\n\t<meta name=\"twitter:data1\" content=\"3 minutit\" \/>\n<script type=\"application\/ld+json\" class=\"yoast-schema-graph\">{\"@context\":\"https:\\\/\\\/schema.org\",\"@graph\":[{\"@type\":\"WebPage\",\"@id\":\"https:\\\/\\\/wi.ee\\\/voro\\\/kiranigu\\\/kalju-ahven\\\/\",\"url\":\"https:\\\/\\\/wi.ee\\\/voro\\\/kiranigu\\\/kalju-ahven\\\/\",\"name\":\"Kalju Ahven - V\u00f5ro kir\u00e4nd\u00fcs\",\"isPartOf\":{\"@id\":\"https:\\\/\\\/wi.ee\\\/voro\\\/#website\"},\"datePublished\":\"2016-02-01T13:55:09+00:00\",\"dateModified\":\"2023-01-06T18:31:35+00:00\",\"breadcrumb\":{\"@id\":\"https:\\\/\\\/wi.ee\\\/voro\\\/kiranigu\\\/kalju-ahven\\\/#breadcrumb\"},\"inLanguage\":\"et\",\"potentialAction\":[{\"@type\":\"ReadAction\",\"target\":[\"https:\\\/\\\/wi.ee\\\/voro\\\/kiranigu\\\/kalju-ahven\\\/\"]}]},{\"@type\":\"BreadcrumbList\",\"@id\":\"https:\\\/\\\/wi.ee\\\/voro\\\/kiranigu\\\/kalju-ahven\\\/#breadcrumb\",\"itemListElement\":[{\"@type\":\"ListItem\",\"position\":1,\"name\":\"Home\",\"item\":\"https:\\\/\\\/wi.ee\\\/voro\\\/\"},{\"@type\":\"ListItem\",\"position\":2,\"name\":\"KI\u00c4 OMMA V\u00d5RO KIR\u00c4NIGU\",\"item\":\"https:\\\/\\\/wi.ee\\\/voro\\\/kiranigu\\\/\"},{\"@type\":\"ListItem\",\"position\":3,\"name\":\"Kalju Ahven\"}]},{\"@type\":\"WebSite\",\"@id\":\"https:\\\/\\\/wi.ee\\\/voro\\\/#website\",\"url\":\"https:\\\/\\\/wi.ee\\\/voro\\\/\",\"name\":\"V\u00f5ro kir\u00e4nd\u00fcs\",\"description\":\"V\u00f5ro kir\u00e4nd\u00fcse kodoleht\",\"potentialAction\":[{\"@type\":\"SearchAction\",\"target\":{\"@type\":\"EntryPoint\",\"urlTemplate\":\"https:\\\/\\\/wi.ee\\\/voro\\\/?s={search_term_string}\"},\"query-input\":{\"@type\":\"PropertyValueSpecification\",\"valueRequired\":true,\"valueName\":\"search_term_string\"}}],\"inLanguage\":\"et\"}]}<\/script>\n<!-- \/ Yoast SEO plugin. -->","yoast_head_json":{"title":"Kalju Ahven - V\u00f5ro kir\u00e4nd\u00fcs","robots":{"index":"index","follow":"follow","max-snippet":"max-snippet:-1","max-image-preview":"max-image-preview:large","max-video-preview":"max-video-preview:-1"},"canonical":"https:\/\/wi.ee\/voro\/kiranigu\/kalju-ahven\/","og_locale":"et_EE","og_type":"article","og_title":"Kalju Ahven - V\u00f5ro kir\u00e4nd\u00fcs","og_description":"Kalju Ahven nakas luul\u00f5tama jo koolipoisina. Tim\u00e4 eesti- ja v\u00f5rokiilse luul\u00f5tus\u00f5 ilmu per\u00e4st t\u00e4 surma Saksamaal vangilaagrin v\u00e4liseesti aokir\u00e4nd\u00fcsen. Kalju Ahven s\u00fcnd\u00fc 11. IX 1921 R\u00e4pin\u00e4 papr\u00f5vabrigu raamadupid\u00e4j\u00e4 pujana. 1929-35 ops\u00f5 t\u00e4 R\u00e4pin\u00e4 algkoolin, 1935-39 R\u00e4pin\u00e4 aianduskeskkoolin ni 1942-43 Tartu \u00d5petajate seminarin. 1939-1940 t\u00fc\u00fct R\u00e4pin\u00e4 pangan praktikandina, 1940-42 Abja g\u00fcmnaasiumi asjaajajana, 1943. a m\u00e4rdsikuust p\u00e4\u00e4le [&hellip;]","og_url":"https:\/\/wi.ee\/voro\/kiranigu\/kalju-ahven\/","og_site_name":"V\u00f5ro kir\u00e4nd\u00fcs","article_modified_time":"2023-01-06T18:31:35+00:00","twitter_card":"summary_large_image","twitter_misc":{"Est. reading time":"3 minutit"},"schema":{"@context":"https:\/\/schema.org","@graph":[{"@type":"WebPage","@id":"https:\/\/wi.ee\/voro\/kiranigu\/kalju-ahven\/","url":"https:\/\/wi.ee\/voro\/kiranigu\/kalju-ahven\/","name":"Kalju Ahven - V\u00f5ro kir\u00e4nd\u00fcs","isPartOf":{"@id":"https:\/\/wi.ee\/voro\/#website"},"datePublished":"2016-02-01T13:55:09+00:00","dateModified":"2023-01-06T18:31:35+00:00","breadcrumb":{"@id":"https:\/\/wi.ee\/voro\/kiranigu\/kalju-ahven\/#breadcrumb"},"inLanguage":"et","potentialAction":[{"@type":"ReadAction","target":["https:\/\/wi.ee\/voro\/kiranigu\/kalju-ahven\/"]}]},{"@type":"BreadcrumbList","@id":"https:\/\/wi.ee\/voro\/kiranigu\/kalju-ahven\/#breadcrumb","itemListElement":[{"@type":"ListItem","position":1,"name":"Home","item":"https:\/\/wi.ee\/voro\/"},{"@type":"ListItem","position":2,"name":"KI\u00c4 OMMA V\u00d5RO KIR\u00c4NIGU","item":"https:\/\/wi.ee\/voro\/kiranigu\/"},{"@type":"ListItem","position":3,"name":"Kalju Ahven"}]},{"@type":"WebSite","@id":"https:\/\/wi.ee\/voro\/#website","url":"https:\/\/wi.ee\/voro\/","name":"V\u00f5ro kir\u00e4nd\u00fcs","description":"V\u00f5ro kir\u00e4nd\u00fcse kodoleht","potentialAction":[{"@type":"SearchAction","target":{"@type":"EntryPoint","urlTemplate":"https:\/\/wi.ee\/voro\/?s={search_term_string}"},"query-input":{"@type":"PropertyValueSpecification","valueRequired":true,"valueName":"search_term_string"}}],"inLanguage":"et"}]}},"_links":{"self":[{"href":"https:\/\/wi.ee\/voro\/wp-json\/wp\/v2\/pages\/48","targetHints":{"allow":["GET"]}}],"collection":[{"href":"https:\/\/wi.ee\/voro\/wp-json\/wp\/v2\/pages"}],"about":[{"href":"https:\/\/wi.ee\/voro\/wp-json\/wp\/v2\/types\/page"}],"author":[{"embeddable":true,"href":"https:\/\/wi.ee\/voro\/wp-json\/wp\/v2\/users\/1"}],"replies":[{"embeddable":true,"href":"https:\/\/wi.ee\/voro\/wp-json\/wp\/v2\/comments?post=48"}],"version-history":[{"count":3,"href":"https:\/\/wi.ee\/voro\/wp-json\/wp\/v2\/pages\/48\/revisions"}],"predecessor-version":[{"id":919,"href":"https:\/\/wi.ee\/voro\/wp-json\/wp\/v2\/pages\/48\/revisions\/919"}],"up":[{"embeddable":true,"href":"https:\/\/wi.ee\/voro\/wp-json\/wp\/v2\/pages\/9"}],"wp:attachment":[{"href":"https:\/\/wi.ee\/voro\/wp-json\/wp\/v2\/media?parent=48"}],"curies":[{"name":"wp","href":"https:\/\/api.w.org\/{rel}","templated":true}]}}