{"id":46,"date":"2016-02-01T15:52:31","date_gmt":"2016-02-01T13:52:31","guid":{"rendered":"http:\/\/wi.ee\/voro\/?page_id=46"},"modified":"2023-01-06T20:29:04","modified_gmt":"2023-01-06T18:29:04","slug":"elise-aun","status":"publish","type":"page","link":"https:\/\/wi.ee\/voro\/kiranigu\/elise-aun\/","title":{"rendered":"Elise Aun"},"content":{"rendered":"<p>Eesti her\u00e4nemisaigs\u00f5 luul\u00f5tajana tunt <strong>Elise Aun<\/strong> om avaldanu kirjeld\u00fcisi seto elust ja kogunu Hurdal\u00f5 seto rahvaluul\u00f5t.<\/p>\n<p><strong>Elise Rosalie Aun<\/strong> (aastast 1903 Raup) s\u00fcnd\u00fc 15.VI 1863 V\u00f5romaal Kanepi kihlkunnan Valgj\u00e4rve vallan Pik\u00e4reinu talun rentnigu k\u00f5g\u00f5 noor\u00f5mba t\u00fctren\u00e4. Tim\u00e4 es\u00e4 Peeter Aun oll peri Laius\u00f5lt, kon oll saanu kihlkonnakoolin haridus\u00f5. Im\u00e4 Ellu Tamm oll vaen\u00f5 popsit\u00fct\u00e4r, a m\u00f5ist luk\u00f5. Per\u00e4npool\u00f5 l\u00e4ts \u00fcten van\u00f5mbidega el\u00e4m\u00e4 Setomaal\u00f5 Ulitina m\u00f5isahe. 1879. a p\u00e4ssi R\u00e4pin\u00e4-Lokuta t\u00fct\u00e4rlatsikuuli, minka l\u00f5p\u00f5t 1882. a. Ops\u00f5 V\u00e4ndran kurtumm\u00f5 kasvatajas. 1888. aastast oll vaheldumisi Tartumaal V\u00f5tikveren, Riian ja P\u00e4rnun. 1890. a alost t\u00fc\u00fcd \u201cLinda\u201d toim\u00f5tus\u00f5n. Edespidi elli Riian, Kroonliinan ja Valgan, oll haig\u00f5ravits\u00f5ja, guvernant, raamadupoodin m\u00fc\u00fcj\u00e4. 1898. a nakas j\u00e4lki vahts\u00f5l\u00f5 \u201cLinda\u201d toim\u00f5tus\u00f5n t\u00fc\u00fcle. Viil om E. Aun t\u00fc\u00fct\u00e4n\u00fc P\u00e4rnun r\u00f5ivakauplus\u00f5 kassapid\u00e4j\u00e4n\u00e4 ja 1902. a Tallinna Kristliku Rahvakirjanduse Agentuuri abipoodi juhatajana. 1903 abiellu Friedrich Raupiga, Talina alai\u00e4liste kurategijide parandusmaja juhatajaga. L\u00e4ts per\u00e4n abiellumist Simbirskihe, a 1911 tull tagasi Talliina, kohe j\u00e4i elu l\u00f5puni. Elise Aun kuuli 2.VI 1932.<\/p>\n<h3>Kir\u00e4nd\u00fcs<\/h3>\n<p><strong>Luul\u00f5tuskogo<\/strong><\/p>\n<p>\u201cKibuvitsa \u00f5ied\u201d (Tartu 1888)<br \/>\n\u201cLaane linnuke\u201d (Tartu 1889)<br \/>\n\u201cMetsalilled\u201d (Tallinn 1890)<br \/>\n\u201cKibuvitsa\u00f5ied\u201dII (Tartu 1895)<br \/>\n\u201cKibuvitsa\u00f5ied\u201d III (Tallinn 1901)<\/p>\n<p><strong>Proosa<\/strong><\/p>\n<p>\u201cTosin jutukesi\u201d (Tartu 1898)<br \/>\n\u201cViisakad kombed\u201d 1897<br \/>\n\u201cNeli jutukest lastele\u201d 1897<br \/>\n\u201cKuldterad\u201d 1899<br \/>\n\u201cKasuline k\u00f6\u00f6gi- ja s\u00f6\u00f6giraamat 1900<\/p>\n<p><strong>Tim\u00e4 kotsil\u00f5<\/strong><\/p>\n<p>Keel ja Kirjandus 1963-6 (A. Undla P\u00f5ldm\u00e4e)<br \/>\n\u201cOlevik\u201d 1888 nr. 29 18 XII<br \/>\n\u201cP\u00e4evaleht\u201d 1923. Nr.145 15. VI 60 aasta juubeliartikli<br \/>\n\u201cKodu\u201d 1923 13.VII<br \/>\n\u201cKaitse Kodu!\u201d 1929 nr 49\/50<br \/>\n\u201cVaba maa\u201d 1932 nr. 130 5.VI lk.5<br \/>\n\u201cP\u00e4evaleht\u201d 1932 nr. 150 5.VI<br \/>\n\u201cRahvaleht\u201d 1932 nr. 67 9.VI<br \/>\n\u201cEesti naine\u201d 1933 nr. 6<br \/>\n\u201cKoit\u201d 1963 11. juuni<br \/>\n\u201cLooming\u201d 1963 nr. 7<\/p>\n","protected":false},"excerpt":{"rendered":"<p>Eesti her\u00e4nemisaigs\u00f5 luul\u00f5tajana tunt Elise Aun om avaldanu kirjeld\u00fcisi seto elust ja kogunu Hurdal\u00f5 seto rahvaluul\u00f5t. Elise Rosalie Aun (aastast 1903 Raup) s\u00fcnd\u00fc 15.VI 1863 V\u00f5romaal Kanepi kihlkunnan Valgj\u00e4rve vallan Pik\u00e4reinu talun rentnigu k\u00f5g\u00f5 noor\u00f5mba t\u00fctren\u00e4. Tim\u00e4 es\u00e4 Peeter Aun oll peri Laius\u00f5lt, kon oll saanu kihlkonnakoolin haridus\u00f5. Im\u00e4 Ellu Tamm oll vaen\u00f5 popsit\u00fct\u00e4r, a [&hellip;]<\/p>\n","protected":false},"author":1,"featured_media":0,"parent":9,"menu_order":2,"comment_status":"closed","ping_status":"closed","template":"","meta":{"footnotes":""},"class_list":["post-46","page","type-page","status-publish","hentry"],"yoast_head":"<!-- This site is optimized with the Yoast SEO plugin v27.4 - https:\/\/yoast.com\/product\/yoast-seo-wordpress\/ -->\n<title>Elise Aun - V\u00f5ro kir\u00e4nd\u00fcs<\/title>\n<meta name=\"robots\" content=\"index, follow, max-snippet:-1, max-image-preview:large, max-video-preview:-1\" \/>\n<link rel=\"canonical\" href=\"https:\/\/wi.ee\/voro\/kiranigu\/elise-aun\/\" \/>\n<meta property=\"og:locale\" content=\"et_EE\" \/>\n<meta property=\"og:type\" content=\"article\" \/>\n<meta property=\"og:title\" content=\"Elise Aun - V\u00f5ro kir\u00e4nd\u00fcs\" \/>\n<meta property=\"og:description\" content=\"Eesti her\u00e4nemisaigs\u00f5 luul\u00f5tajana tunt Elise Aun om avaldanu kirjeld\u00fcisi seto elust ja kogunu Hurdal\u00f5 seto rahvaluul\u00f5t. Elise Rosalie Aun (aastast 1903 Raup) s\u00fcnd\u00fc 15.VI 1863 V\u00f5romaal Kanepi kihlkunnan Valgj\u00e4rve vallan Pik\u00e4reinu talun rentnigu k\u00f5g\u00f5 noor\u00f5mba t\u00fctren\u00e4. Tim\u00e4 es\u00e4 Peeter Aun oll peri Laius\u00f5lt, kon oll saanu kihlkonnakoolin haridus\u00f5. Im\u00e4 Ellu Tamm oll vaen\u00f5 popsit\u00fct\u00e4r, a [&hellip;]\" \/>\n<meta property=\"og:url\" content=\"https:\/\/wi.ee\/voro\/kiranigu\/elise-aun\/\" \/>\n<meta property=\"og:site_name\" content=\"V\u00f5ro kir\u00e4nd\u00fcs\" \/>\n<meta property=\"article:modified_time\" content=\"2023-01-06T18:29:04+00:00\" \/>\n<meta name=\"twitter:card\" content=\"summary_large_image\" \/>\n<meta name=\"twitter:label1\" content=\"Est. reading time\" \/>\n\t<meta name=\"twitter:data1\" content=\"2 minutit\" \/>\n<script type=\"application\/ld+json\" class=\"yoast-schema-graph\">{\"@context\":\"https:\\\/\\\/schema.org\",\"@graph\":[{\"@type\":\"WebPage\",\"@id\":\"https:\\\/\\\/wi.ee\\\/voro\\\/kiranigu\\\/elise-aun\\\/\",\"url\":\"https:\\\/\\\/wi.ee\\\/voro\\\/kiranigu\\\/elise-aun\\\/\",\"name\":\"Elise Aun - V\u00f5ro kir\u00e4nd\u00fcs\",\"isPartOf\":{\"@id\":\"https:\\\/\\\/wi.ee\\\/voro\\\/#website\"},\"datePublished\":\"2016-02-01T13:52:31+00:00\",\"dateModified\":\"2023-01-06T18:29:04+00:00\",\"breadcrumb\":{\"@id\":\"https:\\\/\\\/wi.ee\\\/voro\\\/kiranigu\\\/elise-aun\\\/#breadcrumb\"},\"inLanguage\":\"et\",\"potentialAction\":[{\"@type\":\"ReadAction\",\"target\":[\"https:\\\/\\\/wi.ee\\\/voro\\\/kiranigu\\\/elise-aun\\\/\"]}]},{\"@type\":\"BreadcrumbList\",\"@id\":\"https:\\\/\\\/wi.ee\\\/voro\\\/kiranigu\\\/elise-aun\\\/#breadcrumb\",\"itemListElement\":[{\"@type\":\"ListItem\",\"position\":1,\"name\":\"Home\",\"item\":\"https:\\\/\\\/wi.ee\\\/voro\\\/\"},{\"@type\":\"ListItem\",\"position\":2,\"name\":\"KI\u00c4 OMMA V\u00d5RO KIR\u00c4NIGU\",\"item\":\"https:\\\/\\\/wi.ee\\\/voro\\\/kiranigu\\\/\"},{\"@type\":\"ListItem\",\"position\":3,\"name\":\"Elise Aun\"}]},{\"@type\":\"WebSite\",\"@id\":\"https:\\\/\\\/wi.ee\\\/voro\\\/#website\",\"url\":\"https:\\\/\\\/wi.ee\\\/voro\\\/\",\"name\":\"V\u00f5ro kir\u00e4nd\u00fcs\",\"description\":\"V\u00f5ro kir\u00e4nd\u00fcse kodoleht\",\"potentialAction\":[{\"@type\":\"SearchAction\",\"target\":{\"@type\":\"EntryPoint\",\"urlTemplate\":\"https:\\\/\\\/wi.ee\\\/voro\\\/?s={search_term_string}\"},\"query-input\":{\"@type\":\"PropertyValueSpecification\",\"valueRequired\":true,\"valueName\":\"search_term_string\"}}],\"inLanguage\":\"et\"}]}<\/script>\n<!-- \/ Yoast SEO plugin. -->","yoast_head_json":{"title":"Elise Aun - V\u00f5ro kir\u00e4nd\u00fcs","robots":{"index":"index","follow":"follow","max-snippet":"max-snippet:-1","max-image-preview":"max-image-preview:large","max-video-preview":"max-video-preview:-1"},"canonical":"https:\/\/wi.ee\/voro\/kiranigu\/elise-aun\/","og_locale":"et_EE","og_type":"article","og_title":"Elise Aun - V\u00f5ro kir\u00e4nd\u00fcs","og_description":"Eesti her\u00e4nemisaigs\u00f5 luul\u00f5tajana tunt Elise Aun om avaldanu kirjeld\u00fcisi seto elust ja kogunu Hurdal\u00f5 seto rahvaluul\u00f5t. Elise Rosalie Aun (aastast 1903 Raup) s\u00fcnd\u00fc 15.VI 1863 V\u00f5romaal Kanepi kihlkunnan Valgj\u00e4rve vallan Pik\u00e4reinu talun rentnigu k\u00f5g\u00f5 noor\u00f5mba t\u00fctren\u00e4. Tim\u00e4 es\u00e4 Peeter Aun oll peri Laius\u00f5lt, kon oll saanu kihlkonnakoolin haridus\u00f5. Im\u00e4 Ellu Tamm oll vaen\u00f5 popsit\u00fct\u00e4r, a [&hellip;]","og_url":"https:\/\/wi.ee\/voro\/kiranigu\/elise-aun\/","og_site_name":"V\u00f5ro kir\u00e4nd\u00fcs","article_modified_time":"2023-01-06T18:29:04+00:00","twitter_card":"summary_large_image","twitter_misc":{"Est. reading time":"2 minutit"},"schema":{"@context":"https:\/\/schema.org","@graph":[{"@type":"WebPage","@id":"https:\/\/wi.ee\/voro\/kiranigu\/elise-aun\/","url":"https:\/\/wi.ee\/voro\/kiranigu\/elise-aun\/","name":"Elise Aun - V\u00f5ro kir\u00e4nd\u00fcs","isPartOf":{"@id":"https:\/\/wi.ee\/voro\/#website"},"datePublished":"2016-02-01T13:52:31+00:00","dateModified":"2023-01-06T18:29:04+00:00","breadcrumb":{"@id":"https:\/\/wi.ee\/voro\/kiranigu\/elise-aun\/#breadcrumb"},"inLanguage":"et","potentialAction":[{"@type":"ReadAction","target":["https:\/\/wi.ee\/voro\/kiranigu\/elise-aun\/"]}]},{"@type":"BreadcrumbList","@id":"https:\/\/wi.ee\/voro\/kiranigu\/elise-aun\/#breadcrumb","itemListElement":[{"@type":"ListItem","position":1,"name":"Home","item":"https:\/\/wi.ee\/voro\/"},{"@type":"ListItem","position":2,"name":"KI\u00c4 OMMA V\u00d5RO KIR\u00c4NIGU","item":"https:\/\/wi.ee\/voro\/kiranigu\/"},{"@type":"ListItem","position":3,"name":"Elise Aun"}]},{"@type":"WebSite","@id":"https:\/\/wi.ee\/voro\/#website","url":"https:\/\/wi.ee\/voro\/","name":"V\u00f5ro kir\u00e4nd\u00fcs","description":"V\u00f5ro kir\u00e4nd\u00fcse kodoleht","potentialAction":[{"@type":"SearchAction","target":{"@type":"EntryPoint","urlTemplate":"https:\/\/wi.ee\/voro\/?s={search_term_string}"},"query-input":{"@type":"PropertyValueSpecification","valueRequired":true,"valueName":"search_term_string"}}],"inLanguage":"et"}]}},"_links":{"self":[{"href":"https:\/\/wi.ee\/voro\/wp-json\/wp\/v2\/pages\/46","targetHints":{"allow":["GET"]}}],"collection":[{"href":"https:\/\/wi.ee\/voro\/wp-json\/wp\/v2\/pages"}],"about":[{"href":"https:\/\/wi.ee\/voro\/wp-json\/wp\/v2\/types\/page"}],"author":[{"embeddable":true,"href":"https:\/\/wi.ee\/voro\/wp-json\/wp\/v2\/users\/1"}],"replies":[{"embeddable":true,"href":"https:\/\/wi.ee\/voro\/wp-json\/wp\/v2\/comments?post=46"}],"version-history":[{"count":3,"href":"https:\/\/wi.ee\/voro\/wp-json\/wp\/v2\/pages\/46\/revisions"}],"predecessor-version":[{"id":917,"href":"https:\/\/wi.ee\/voro\/wp-json\/wp\/v2\/pages\/46\/revisions\/917"}],"up":[{"embeddable":true,"href":"https:\/\/wi.ee\/voro\/wp-json\/wp\/v2\/pages\/9"}],"wp:attachment":[{"href":"https:\/\/wi.ee\/voro\/wp-json\/wp\/v2\/media?parent=46"}],"curies":[{"name":"wp","href":"https:\/\/api.w.org\/{rel}","templated":true}]}}