{"id":441,"date":"2018-07-04T16:10:55","date_gmt":"2018-07-04T13:10:55","guid":{"rendered":"https:\/\/wi.ee\/voro\/?page_id=441"},"modified":"2023-06-02T11:47:58","modified_gmt":"2023-06-02T08:47:58","slug":"jaan-kaplinski","status":"publish","type":"page","link":"https:\/\/wi.ee\/voro\/kiranigu\/jaan-kaplinski\/","title":{"rendered":"Jaan Kaplinski"},"content":{"rendered":"<p>Jaan Kaplinski (s. 22. n\u00e4\u00e4rikuu p. 1941 Tartun &#8211; 8. p\u00f5imukuu p\u00e4\u00e4v\u00e4ni 2021) om v\u00f5rok\u00f5n\u00f5 im\u00e4 puult &#8211; Nora Kaplinsi es\u00e4 Jaan Raudsepp oll raamadukaupmiis ja kuulmeistri, tim\u00e4lt om Jaan Kaplinski (JK) perin\u00fc looduse- ni poliidigahuvi. Kir\u00e4nd\u00fcshuvi tull koolin ja sugulaisi man Pindin, kon oll s\u00f5ast ja okupatsjoonest putmalda j\u00e4\u00e4n\u00fc k\u00f5rralik raamadukogo.\u00a0 JK im\u00e4 sugulaisi el\u00e4s eg\u00e4l puul L\u00f5una-Eestin, kir\u00e4nigul om suv\u00f5kodo parhilladse Tartu- ja P\u00f5lvamaa piiri p\u00e4\u00e4l Mutikul. Taa kotus and p\u00f5hja ka Kaplinski v\u00f5rokiilsele m\u00f5t\u00f5lusraamatul\u00f5 \u201cM\u00f5tsa ja tagasi\u201d (2014). Kaplinski lats\u00f5p\u00f5lv\u00f5raa P\u00f5lva l\u00e4hk\u00fcn Eost\u00f5n, Orava kandin P\u00e4\u00e4v\u00e4keisil ja Tammiku talon V\u00f5ro-R\u00e4pin\u00e4 tii veeren saiva el\u00e4v\u00e4s tim\u00e4 m\u00e4leht\u00fcisiraamatun &#8220;<wbr \/>Latsep\u00f5lve suve&#8221; (2019), minka iist sai t\u00e4 ka Bernard Kangro nimelise kir\u00e4nd\u00fcspreemi\u00e4 2020. aastaga s\u00fck\u00fcskuul. Kaplinski pi\u00e4 k\u00f5ik\u00f5 v\u00f5ro keelen ja V\u00f5romaast kirotatut koondas &#8220;Kultuurist v\u00e4l\u00e4h om h\u00e4\u00e4 olla&#8221;, mi\u00e4 ilmu 2023. aastagal.<\/p>\n<p>Jaan Kaplinski es\u00e4, T\u00dc poola keele lektor Jerzy-Bonifacius-Edouard Kaplinsky k\u00fc\u00fcditedi, ku poig oll viiekuune, \u00e4r Vinne vangilaagrihe, kon t\u00e4\u00e4 paari aastaga per\u00e4st hukka sai. <em>S\u00fc\u00fcd oll veren<strong> &#8211; <\/strong><\/em>rahvusen.<\/p>\n<p>Jaan Kaplinski lats\u00f5i\u00e4 ja sugulaisi kotsile v\u00f5i luk\u00f5 tim\u00e4 raamadust \u201cKust tuli \u00f6\u00f6\u201d. Jutun \u201cMina\u201d om kir\u00e4nik uma esivan\u00f5mbis arvanu v\u00f5rok\u00f5s\u00f5, mulgi, seto, vindl\u00e4se, s\u00e4ksl\u00e4se, poolaka, juudi, leeduka ni tatarlase (lk. 51). Perekonnaluku lahksas Kaplinski ka kiri- ja\/vai m\u00e4leht\u00fcisiromaan \u201cIsale\u201d (2003).<\/p>\n<p>1947-58 opse Jaan Kaplinski Tartu I Keskkoolin, 1958-64 Tartu Riikligun \u00dclikoolin, mink l\u00f5p\u00f5t prantsus\u00f5 filolooginq. Erikava perr\u00e4 opse viil strukturaal- ni rakend\u00fcskeeleteed\u00fcst.<\/p>\n<p>Amm\u00f5tid om Kaplinski pid\u00e4n\u00fc hulka. P\u00e4\u00e4lt \u00fclikuuli (1964-72) t\u00fc\u00fct t\u00e4\u00e4 s\u00e4\u00e4lsaman rehkend\u00fcskesk\u00fcse ja \u00fctiskunnalabori man, 1968-70 oll viil eesti kir\u00e4nd\u00fcse opituuli aspirant. 1974-80 oll JK amm\u00f5tin Tal\u0144a Botaanikaaian. 1980 tull Tartule j\u00e4l ja oll (Viljandi) Ugala-teatri kir\u00e4nd\u00fcsala juhataja, 1983-88 vahts\u00f5st \u00fclikuuli man, seok\u00f5rd v\u00e4liskir\u00e4nd\u00fcse opitoolin. 1992-95 t\u00fc\u00fct Jaan Kaplinski EV Riigikogon.<\/p>\n<p>N\u00fcg\u00e4dse aoni om JK-l ilmunuq kokko u 20 luul\u00f5kogo (n\u00e4ist kats latsile) ja u 10 proosaraamatut. Tegeligult om Kaplinski loomingut rass\u00f5 jakka nii luul\u00f5-proosa ku ilukir\u00e4nd\u00fcs-publitsistiga telgi pitten. V\u00f5rokeelitsit v\u00e4rsse pakva kogoq <em>Tolmust ja v\u00e4rvidest, Ma vaatasin P\u00e4ikese aknasse, Uute kivide kasvamine, Tule tagasi helmem\u00e4nd<\/em> ja<em> K\u00e4oraamat<\/em>. Kats viim\u00e4st ommaq (<em>Helmem\u00e4nd<\/em> mitte t\u00e4vveniste) valikkogoq.<em> \u00d5htu toob tagasi k\u00f5ik<\/em> esit\u00e4s autoritekste manoq ka eesti rahvaluul\u00f5katkit, sh ka V\u00f5ro- ja Setomaalt. Kogon <em>Valge joon V\u00f5rumaa kohale<\/em> om \u00fcts K\u00e4so Hanso kiilne tekst. S\u00f5ski pia eg\u00e4n kogon om tunda L\u00f5una-Eesti luudust ja inemist.<\/p>\n<p>Heino Sikk om JK 50-aastaga juub\u00f5liss t\u00f5lknuq v\u00f5ro kiilde 6 v\u00e4rssi kogost <em>Valge joon&#8230; <\/em>(Viruskundra 2; 1991). Jaan Kaplinski tekste inglise kiilde t\u00f5lkmisel ol\u00f5-i eesti ja v\u00f5ro originaalkeelil vahet tett\u00fc.<\/p>\n<p>Jaan Kaplinski puhtani l\u00f5un\u00f5eestikiilne luul\u00f5kogo \u201cTaivahe heidet tsirk\u201d ilmu 2012. aastal ja tan om ka vannu hiina luul\u00f5tuisi l\u00f5unaeesti kiilde \u00fcmbre pant.<\/p>\n<p>2006. aastagal ilmu muinasjuturaamat \u201cP\u00f5hjatuul ja l\u00f5unatuul\u201d, kos mitma jutu nt \u201cTsiga taivatamm\u00f5 all\u201d ja \u201cKask ja k\u00f5iv\u201d omma nii kir\u00e4- ku v\u00f5ro keelen.<\/p>\n<p>\u201cKaplinski on otsustanud t\u00f5mbuda \u00fchelt poolt eesti keelest tagasi v\u00f5ru keelde kui \u00fcrgsemasse, seadustest ja ettekirjutustest vabasse keeleruumi. Ja teisalt eelistab ta suhelda soome, inglise ja vene keeles,\u201d vahendas Peeter Helme klassiku m\u00f5ttid aolehen Eesti Ekspress (\u201cJaan Kaplinski: klassiku h\u00fcvastij\u00e4tt emakeelega\u201d, EE 23.01.2011).<\/p>\n<p>Hulka avvuhindu se\u00e4n, mis Jaan Kaplinski saanu, oll \u00fcts edimiisi L\u00f5una-Eesti kolhoose murd\u00f5luul\u00f5preemj\u00e4 1969, luul\u00f5tus\u00f5 \u201cV\u00e4l\u00e4h om suur tuul\u201d iist (ilmunuq kogon <em>Ma vaatasin P\u00e4ikese aknasse<\/em>). Viil om JK avaldanuq novelle perioodikan, kirotanu filmiskripte, lavale om tuud tim\u00e4 n\u00e4\u00fctem\u00e4nge: <em>Liblikas ja peegel<\/em>, lav. Ugala 82; <em>P\u00f5genik<\/em>, Noorsooteater 76; <em>Neljakuningap\u00e4ev<\/em>, Draamateater 77, Noorsooteater 87, Pori Linnateater 91.<\/p>\n<p><em>\u00a0<\/em><em>\u00a0<\/em>\u00a0\u00a0\u00a0\u00a0\u00a0\u00a0\u00a0\u00a0 Luule:<\/p>\n<p>J\u00e4ljed allikal\u00a0 \u00a0 \u00a0 \u00a0 \u00a0 \u00a0 \u00a0 \u00a0 \u00a0 \u00a0 \u00a0 \u00a0 \u00a0 \u00a0 \u00a0 \u00a0 \u00a0 \u00a0 \u00a0 \u00a0 \u00a0 \u00a0 \u00a0 \u00a0 \u00a0ER\u00a0\u00a0\u00a0\u00a0\u00a0\u00a0\u00a0\u00a0\u00a0\u00a0\u00a0\u00a0\u00a0 1965<\/p>\n<p>Kalad punuvad pesi\u00a0\u00a0\u00a0\u00a0\u00a0\u00a0\u00a0\u00a0\u00a0\u00a0\u00a0\u00a0\u00a0\u00a0\u00a0\u00a0\u00a0\u00a0\u00a0\u00a0\u00a0\u00a0\u00a0\u00a0\u00a0\u00a0\u00a0\u00a0\u00a0\u00a0\u00a0\u00a0\u00a0\u00a0\u00a0 ERKI\u00a0\u00a0\u00a0\u00a0\u00a0\u00a0\u00a0\u00a0\u00a0 1966<\/p>\n<p>Tolmust ja v\u00e4rvidest\u00a0\u00a0\u00a0\u00a0\u00a0\u00a0\u00a0\u00a0\u00a0\u00a0\u00a0\u00a0\u00a0\u00a0\u00a0\u00a0\u00a0\u00a0\u00a0\u00a0\u00a0\u00a0\u00a0\u00a0\u00a0\u00a0\u00a0\u00a0\u00a0\u00a0\u00a0\u00a0\u00a0\u00a0\u00a0 Perioodika \u00a0 1967<\/p>\n<p>Valge joon V\u00f5rumaa kohale\u00a0\u00a0\u00a0\u00a0\u00a0\u00a0\u00a0\u00a0\u00a0\u00a0\u00a0\u00a0\u00a0\u00a0\u00a0\u00a0\u00a0\u00a0\u00a0\u00a0\u00a0\u00a0\u00a0\u00a0 ER\u00a0\u00a0\u00a0\u00a0\u00a0\u00a0\u00a0\u00a0\u00a0\u00a0\u00a0\u00a0\u00a0 1972<\/p>\n<p>Kuhu need v\u00e4rvid j\u00e4\u00e4vad (JK ja Tiia Toomet)ER\u00a0\u00a0\u00a0\u00a0\u00a0\u00a0\u00a0\u00a0\u00a0\u00a0\u00a0\u00a0 1975<\/p>\n<p>Ma vaatasin P\u00e4ikese aknasse\u00a0\u00a0\u00a0\u00a0\u00a0\u00a0\u00a0\u00a0\u00a0\u00a0\u00a0\u00a0\u00a0\u00a0\u00a0\u00a0\u00a0\u00a0\u00a0\u00a0\u00a0\u00a0 ER\u00a0\u00a0\u00a0\u00a0\u00a0\u00a0\u00a0\u00a0\u00a0\u00a0\u00a0\u00a0\u00a0 1976<\/p>\n<p>Uute kivide kasvamine\u00a0 \u00a0 \u00a0 \u00a0 \u00a0 \u00a0 \u00a0 \u00a0 \u00a0 \u00a0 \u00a0 \u00a0 \u00a0 \u00a0 \u00a0 \u00a0 \u00a0 ER\u00a0\u00a0\u00a0\u00a0\u00a0\u00a0\u00a0\u00a0\u00a0\u00a0\u00a0\u00a0\u00a0 1977<\/p>\n<p>Raske on kergeks saada\u00a0 \u00a0 \u00a0 \u00a0 \u00a0 \u00a0 \u00a0 \u00a0 \u00a0 \u00a0 \u00a0 \u00a0 \u00a0 \u00a0 \u00a0 \u00a0ER\u00a0\u00a0\u00a0\u00a0\u00a0\u00a0\u00a0\u00a0\u00a0\u00a0\u00a0\u00a0\u00a0 1982<\/p>\n<p>Tule tagasi helmem\u00e4nd\u00a0\u00a0\u00a0\u00a0\u00a0\u00a0\u00a0\u00a0\u00a0\u00a0\u00a0\u00a0\u00a0\u00a0\u00a0\u00a0\u00a0\u00a0\u00a0\u00a0\u00a0\u00a0\u00a0\u00a0\u00a0\u00a0\u00a0\u00a0\u00a0\u00a0\u00a0 ER \u00a0\u00a0\u00a0\u00a0\u00a0\u00a0\u00a0\u00a0\u00a0\u00a0\u00a0\u00a0 1984<\/p>\n<p>\u00d5htu toob tagasi k\u00f5ik\u00a0 \u00a0 \u00a0 \u00a0 \u00a0 \u00a0 \u00a0 \u00a0 \u00a0 \u00a0 \u00a0 \u00a0 \u00a0 \u00a0 \u00a0 \u00a0 \u00a0 \u00a0ER\u00a0\u00a0\u00a0\u00a0\u00a0\u00a0\u00a0\u00a0\u00a0\u00a0\u00a0\u00a0\u00a0 1985<\/p>\n<p>K\u00e4oraamat\u00a0 \u00a0 \u00a0 \u00a0 \u00a0 \u00a0 \u00a0 \u00a0 \u00a0 \u00a0 \u00a0 \u00a0 \u00a0 \u00a0 \u00a0 \u00a0 \u00a0 \u00a0 \u00a0 \u00a0 \u00a0 \u00a0 \u00a0 \u00a0 \u00a0 \u00a0 ER\u00a0\u00a0\u00a0\u00a0\u00a0\u00a0\u00a0\u00a0\u00a0\u00a0\u00a0\u00a0\u00a0 1986<\/p>\n<p>Jalgrataste talveuni\u00a0 \u00a0 \u00a0 \u00a0 \u00a0 \u00a0 \u00a0 \u00a0 \u00a0 \u00a0 \u00a0 \u00a0 \u00a0 \u00a0 \u00a0 \u00a0 \u00a0 \u00a0 ER\u00a0\u00a0\u00a0\u00a0\u00a0\u00a0\u00a0\u00a0\u00a0\u00a0\u00a0\u00a0\u00a0 1987<\/p>\n<p>Hinge tagasitulek\u00a0\u00a0\u00a0\u00a0\u00a0\u00a0\u00a0\u00a0\u00a0\u00a0\u00a0\u00a0\u00a0\u00a0\u00a0\u00a0\u00a0\u00a0\u00a0\u00a0\u00a0\u00a0\u00a0\u00a0\u00a0\u00a0\u00a0\u00a0\u00a0\u00a0\u00a0\u00a0\u00a0\u00a0\u00a0\u00a0\u00a0\u00a0\u00a0\u00a0 ER\u00a0\u00a0\u00a0\u00a0\u00a0\u00a0\u00a0\u00a0\u00a0\u00a0\u00a0\u00a0\u00a0 1990<\/p>\n<p>T\u00fckk elatud elu\u00a0\u00a0\u00a0\u00a0\u00a0\u00a0\u00a0\u00a0\u00a0\u00a0\u00a0\u00a0\u00a0\u00a0\u00a0\u00a0\u00a0\u00a0\u00a0\u00a0\u00a0\u00a0\u00a0\u00a0\u00a0\u00a0\u00a0\u00a0\u00a0\u00a0\u00a0\u00a0\u00a0\u00a0\u00a0\u00a0\u00a0\u00a0\u00a0\u00a0\u00a0\u00a0 EK$\u00a0\u00a0\u00a0\u00a0\u00a0\u00a0\u00a0\u00a0\u00a0\u00a0\u00a0 1991<\/p>\n<p>Mitu suve ja kevadet\u00a0\u00a0\u00a0\u00a0\u00a0\u00a0\u00a0\u00a0\u00a0\u00a0\u00a0\u00a0\u00a0\u00a0\u00a0\u00a0\u00a0\u00a0\u00a0\u00a0\u00a0\u00a0\u00a0\u00a0\u00a0\u00a0\u00a0\u00a0\u00a0\u00a0\u00a0\u00a0\u00a0\u00a0 Vagabund \u00a0\u00a0 1995<\/p>\n<p>\u00d6\u00f6linnud, \u00f6\u00f6m\u00f5tted \\ Y\u00f6lintuja, y\u00f6ajatelia \\ Nightbirds, nightthoughts<\/p>\n<p>Vagabund \u00a0\u00a0 1998<\/p>\n<p>\u00d5htu on \u00f5unapuu\u00a0 \u00a0 \u00a0 \u00a0 \u00a0 \u00a0 \u00a0 \u00a0 \u00a0 \u00a0 \u00a0 \u00a0 \u00a0 \u00a0 \u00a0 \u00a0 \u00a0 \u00a0 TEA Kirjastus\u00a0\u00a0\u00a0\u00a0\u00a0 2007<\/p>\n<p>Taivahe heidet tsirk\u00a0 \u00a0 \u00a0 \u00a0 \u00a0 \u00a0 \u00a0 \u00a0 \u00a0 \u00a0 \u00a0 \u00a0 \u00a0 \u00a0 \u00a0 \u00a0 \u00a0Verb\u00a0 \u00a0 \u00a0 \u00a0 \u00a0 \u00a0 \u00a0 \u00a0 \u00a0 \u00a0 \u00a02012<\/p>\n<p>&nbsp;<\/p>\n<p>Jutu:<\/p>\n<p>Kes mida s\u00f6\u00f6b, kes keda s\u00f6\u00f6b\u00a0\u00a0\u00a0\u00a0\u00a0\u00a0\u00a0\u00a0\u00a0\u00a0\u00a0\u00a0\u00a0\u00a0\u00a0\u00a0\u00a0\u00a0\u00a0 ER\u00a0\u00a0\u00a0\u00a0 \u00a0\u00a0\u00a0\u00a0\u00a0\u00a0\u00a0\u00a0 1977<\/p>\n<p>Udujutt\u00a0\u00a0\u00a0\u00a0\u00a0\u00a0\u00a0\u00a0\u00a0\u00a0\u00a0\u00a0\u00a0\u00a0\u00a0\u00a0\u00a0\u00a0\u00a0\u00a0\u00a0\u00a0\u00a0\u00a0\u00a0\u00a0\u00a0\u00a0\u00a0\u00a0\u00a0\u00a0\u00a0\u00a0\u00a0\u00a0\u00a0\u00a0\u00a0\u00a0\u00a0\u00a0\u00a0\u00a0\u00a0\u00a0\u00a0\u00a0\u00a0\u00a0\u00a0\u00a0\u00a0\u00a0 ER\u00a0\u00a0\u00a0\u00a0\u00a0\u00a0\u00a0\u00a0\u00a0\u00a0\u00a0\u00a0\u00a0 1977<\/p>\n<p>J\u00e4nes\u00a0 \u00a0 \u00a0 \u00a0 \u00a0 \u00a0 \u00a0 \u00a0 \u00a0 \u00a0 \u00a0 \u00a0 \u00a0 \u00a0 \u00a0 \u00a0 \u00a0 \u00a0 \u00a0 \u00a0 \u00a0 \u00a0 \u00a0 \u00a0 \u00a0 \u00a0 \u00a0 \u00a0 \u00a0 Kunst\u00a0\u00a0\u00a0\u00a0\u00a0\u00a0\u00a0\u00a0\u00a0 1980<\/p>\n<p>Kust tuli \u00f6\u00f6\u00a0\u00a0\u00a0\u00a0\u00a0\u00a0\u00a0\u00a0\u00a0\u00a0\u00a0\u00a0\u00a0\u00a0\u00a0\u00a0\u00a0\u00a0\u00a0\u00a0\u00a0\u00a0\u00a0\u00a0\u00a0\u00a0\u00a0\u00a0\u00a0\u00a0\u00a0\u00a0\u00a0\u00a0\u00a0\u00a0\u00a0\u00a0 \u00a0\u00a0\u00a0\u00a0\u00a0\u00a0\u00a0\u00a0 ER\u00a0\u00a0\u00a0\u00a0\u00a0\u00a0\u00a0\u00a0\u00a0\u00a0\u00a0\u00a0\u00a0 1990<\/p>\n<p>Teekond Ayia Triadasse\u00a0\u00a0\u00a0\u00a0\u00a0\u00a0\u00a0\u00a0\u00a0\u00a0\u00a0\u00a0\u00a0\u00a0\u00a0\u00a0\u00a0\u00a0\u00a0\u00a0\u00a0\u00a0\u00a0\u00a0\u00a0\u00a0\u00a0\u00a0 Greif\u00a0\u00a0\u00a0\u00a0\u00a0\u00a0\u00a0\u00a0\u00a0\u00a0 1993<\/p>\n<p>Isale\u00a0 \u00a0 \u00a0 \u00a0 \u00a0 \u00a0 \u00a0 \u00a0 \u00a0 \u00a0 \u00a0 \u00a0 \u00a0 \u00a0 \u00a0 \u00a0 \u00a0 \u00a0 \u00a0 \u00a0 \u00a0 \u00a0 \u00a0 \u00a0 \u00a0 \u00a0 \u00a0 \u00a0 \u00a0 \u00a0Varrak\u00a0\u00a0\u00a0\u00a0\u00a0\u00a0\u00a0\u00a0\u00a0\u00a0\u00a0\u00a0\u00a0\u00a0\u00a0\u00a0\u00a0 2003<\/p>\n<p>P\u00f5hjatuul ja l\u00f5unatuul\u00a0\u00a0\u00a0\u00a0\u00a0\u00a0\u00a0\u00a0\u00a0\u00a0\u00a0\u00a0\u00a0\u00a0\u00a0\u00a0\u00a0\u00a0\u00a0\u00a0\u00a0\u00a0\u00a0\u00a0 T\u00e4nap\u00e4ev\u00a0\u00a0\u00a0\u00a0\u00a0\u00a0\u00a0\u00a0\u00a0\u00a0\u00a0\u00a0\u00a0 2006<\/p>\n<p>Lahkujad\u00a0\u00a0\u00a0\u00a0\u00a0\u00a0\u00a0\u00a0\u00a0\u00a0\u00a0\u00a0\u00a0\u00a0\u00a0\u00a0\u00a0\u00a0\u00a0\u00a0\u00a0\u00a0\u00a0\u00a0\u00a0\u00a0\u00a0\u00a0\u00a0\u00a0\u00a0\u00a0\u00a0\u00a0\u00a0\u00a0\u00a0\u00a0\u00a0\u00a0\u00a0\u00a0 T\u00e4nap\u00e4ev\u00a0\u00a0\u00a0\u00a0\u00a0\u00a0\u00a0\u00a0\u00a0\u00a0\u00a0\u00a0\u00a0 2009<\/p>\n<p>Jutte\u00a0\u00a0\u00a0\u00a0\u00a0\u00a0\u00a0\u00a0\u00a0\u00a0\u00a0\u00a0\u00a0\u00a0\u00a0\u00a0\u00a0\u00a0\u00a0\u00a0\u00a0\u00a0\u00a0\u00a0\u00a0\u00a0\u00a0\u00a0\u00a0\u00a0\u00a0\u00a0\u00a0\u00a0\u00a0\u00a0\u00a0\u00a0\u00a0\u00a0\u00a0\u00a0\u00a0\u00a0\u00a0\u00a0\u00a0\u00a0\u00a0 O\u00dc Hea Lugu\u00a0\u00a0\u00a0\u00a0\u00a0\u00a0 2014<\/p>\n<p>M\u00f5tsa ja tagasi\u00a0\u00a0\u00a0\u00a0\u00a0\u00a0\u00a0\u00a0\u00a0\u00a0\u00a0\u00a0\u00a0\u00a0\u00a0\u00a0\u00a0\u00a0\u00a0\u00a0\u00a0\u00a0\u00a0\u00a0\u00a0\u00a0\u00a0\u00a0\u00a0\u00a0\u00a0\u00a0\u00a0 V\u00f5ru Instituut \u00a0\u00a0\u00a0\u00a0\u00a0 2014<\/p>\n<p>Latsep\u00f5lve suve\u00a0 \u00a0 \u00a0 \u00a0 \u00a0 \u00a0 \u00a0 \u00a0 \u00a0 \u00a0 \u00a0 \u00a0 \u00a0 \u00a0 \u00a0 \u00a0 V\u00f5ru Instituut\u00a0 \u00a0 \u00a0 \u00a0 2019<\/p>\n<p>&nbsp;<\/p>\n<p>Essee:<\/p>\n<p>Poliitika ja antipoliitika\u00a0\u00a0\u00a0\u00a0\u00a0\u00a0\u00a0\u00a0\u00a0\u00a0\u00a0\u00a0\u00a0\u00a0\u00a0\u00a0\u00a0\u00a0\u00a0\u00a0\u00a0\u00a0\u00a0\u00a0\u00a0\u00a0\u00a0\u00a0\u00a0\u00a0\u00a0\u00a0 Olion\u00a0\u00a0\u00a0\u00a0\u00a0\u00a0\u00a0\u00a0\u00a0\u00a0 1992<\/p>\n<p>See ja teine\u00a0\u00a0\u00a0\u00a0\u00a0\u00a0\u00a0\u00a0\u00a0\u00a0\u00a0\u00a0\u00a0\u00a0\u00a0\u00a0\u00a0\u00a0\u00a0\u00a0\u00a0\u00a0\u00a0\u00a0\u00a0\u00a0\u00a0\u00a0\u00a0\u00a0\u00a0\u00a0\u00a0\u00a0\u00a0\u00a0\u00a0\u00a0\u00a0 \u00a0\u00a0\u00a0\u00a0\u00a0\u00a0\u00a0\u00a0 T\u00dc\u00a0\u00a0\u00a0\u00a0\u00a0\u00a0\u00a0\u00a0\u00a0\u00a0\u00a0\u00a0\u00a0 1996<\/p>\n<p>V\u00f5imaluste v\u00f5imalikkus\u00a0\u00a0\u00a0\u00a0\u00a0\u00a0\u00a0\u00a0\u00a0\u00a0\u00a0\u00a0\u00a0\u00a0\u00a0\u00a0\u00a0\u00a0\u00a0\u00a0\u00a0\u00a0\u00a0\u00a0\u00a0\u00a0\u00a0\u00a0\u00a0\u00a0 Vagabund \u00a0\u00a0 1997<\/p>\n<p>Usk on uskmatus\u00a0\u00a0\u00a0\u00a0\u00a0\u00a0\u00a0\u00a0\u00a0\u00a0\u00a0\u00a0\u00a0\u00a0\u00a0\u00a0\u00a0\u00a0\u00a0\u00a0\u00a0\u00a0\u00a0\u00a0\u00a0\u00a0\u00a0\u00a0\u00a0\u00a0\u00a0\u00a0\u00a0\u00a0\u00a0\u00a0\u00a0\u00a0\u00a0 Vagabund \u00a0\u00a0 1998<\/p>\n<p>&nbsp;<\/p>\n<p>JK ja tim\u00e4 luudu kotsile om kirotet pall\u00f3, tan om tuudu \u00f5nn\u00f5 v\u00e4iku osa.<\/p>\n<p>Edasi \u00a0\u00a0\u00a0 2.\u00a0 XI \u00a0\u00a0\u00a0\u00a0 69\u00a0\u00a0\u00a0\u00a0\u00a0 (K.Muru)<\/p>\n<p>KK\u00a0\u00a0\u00a0\u00a0\u00a0\u00a0\u00a0\u00a0\u00a0\u00a0\u00a0\u00a0\u00a0 XI \u00a0\u00a0\u00a0\u00a0 73 \u00a0\u00a0\u00a0\u00a0 \u00a0(esiqhind\u00e4st)<\/p>\n<p>Lng\u00a0\u00a0\u00a0\u00a0\u00a0\u00a0\u00a0\u00a0\u00a0\u00a0\u00a0\u00a0 IX\u00a0\u00a0\u00a0\u00a0\u00a0 77 \u00a0\u00a0\u00a0\u00a0 (S. Nagelmaa)<\/p>\n<p>Edasi\u00a0 \u00a0\u00a0\u00a0\u00a0\u00a0\u00a0\u00a0\u00a0 \u00a0\u00a0\u00a016. VII \u00a0\u00a0 83 \u00a0\u00a0\u00a0\u00a0 (J. \u00dcrt)<\/p>\n<p>KK\u00a0\u00a0\u00a0\u00a0\u00a0\u00a0\u00a0\u00a0\u00a0\u00a0\u00a0\u00a0\u00a0 IV \u00a0\u00a0\u00a0\u00a0 85\u00a0\u00a0\u00a0\u00a0\u00a0 (M. M\u00e4ger)<\/p>\n<p>Tulimuld\u00a0 \u00a0\u00a0\u00a0 \u00a0IV \u00a0\u00a0\u00a0 85\u00a0\u00a0\u00a0\u00a0\u00a0 (M. Valgem\u00e4e)<\/p>\n<p>Edasi\u00a0\u00a0 \u00a0\u00a0\u00a0\u00a0\u00a0\u00a0\u00a0 \u00a0\u00a0\u00a0\u00a014.\u00a0 \u00a0\u00a0\u00a0\u00a0\u00a0\u00a0\u00a0 IX\u00a0\u00a0\u00a0\u00a0\u00a0 85 \u00a0\u00a0\u00a0 (intervjuu)<\/p>\n<p>Maaleht\u00a0\u00a0\u00a0\u00a0\u00a0 20.\u00a0\u00a0\u00a0\u00a0 XII \u00a0\u00a0\u00a0 90 \u00a0\u00a0\u00a0\u00a0 (intervjuu)<\/p>\n<p>Vk\u00a0\u00a0\u00a0\u00a0\u00a0\u00a0\u00a0\u00a0\u00a0\u00a0\u00a0\u00a0\u00a0 I, II \u00a0 91\u00a0\u00a0\u00a0\u00a0\u00a0 (H. Krull)<\/p>\n<p>KK\u00a0\u00a0\u00a0\u00a0\u00a0 \u00a0\u00a0\u00a0\u00a0\u00a0\u00a0\u00a0 \u00a0\u00a0\u00a0\u00a0\u00a0\u00a0\u00a0\u00a0 \u00a0\u00a0I \u00a0\u00a0\u00a0\u00a0 \u00a091 \u00a0\u00a0\u00a0 (intervjuu)<\/p>\n<p>Sirp\u00a0\u00a0\u00a0\u00a0\u00a0 \u00a0\u00a0\u00a0\u00a0\u00a0\u00a0 \u00a0\u00a0\u00a0\u00a0\u00a05. IV\u00a0\u00a0\u00a0\u00a0\u00a0 91\u00a0\u00a0\u00a0\u00a0\u00a0 (S: Kuusisto)<\/p>\n<p>KK\u00a0\u00a0\u00a0\u00a0\u00a0\u00a0\u00a0\u00a0\u00a0\u00a0\u00a0\u00a0\u00a0 V \u00a0\u00a0\u00a0\u00a0 91 \u00a0\u00a0\u00a0\u00a0 (T. Trubon)<\/p>\n<p>PmExtra\u00a0\u00a0\u00a0 26. \u00a0\u00a0\u00a0\u00a0\u00a0 II\u00a0\u00a0\u00a0\u00a0\u00a0\u00a0\u00a0\u00a0\u00a0\u00a0\u00a0 94 \u00a0\u00a0\u00a0\u00a0\u00a0\u00a0\u00a0\u00a0 (intervjuu)<\/p>\n<p>Luk\u00f5 v\u00f5i ka Eesti kirjanduse ajaloo 5. osa t\u00f5ist raamatut.<\/p>\n<p>Ojar, T.\u00a0[raamat &#8220;P\u00f5hjatuul ja l\u00f5unatuul&#8221;\u00a0] <em>Areen<\/em> (Eesti Ekspressi kultuurilisa) 25.01. 2007<\/p>\n<p>Helme, P. Jaan Kaplinski: klassiku h\u00fcvastij\u00e4tt emakeelega, <em>Eesti Ekspress <\/em>23.01.2011<\/p>\n<p>Ojar, T. M\u00f5tsakeelen m\u00f5tsast [raamat \u00abM\u00f5tsa ja tagasi\u00bb], <em>Uma Leht<\/em> 9. IX 2014<\/p>\n<p>Ojar, T. [raamat \u201c P\u00f5hjatuul ja l\u00f5unatuul] <em>T\u00e4heke<\/em> 2007, nr. 4, lk 14.<\/p>\n<p>Soovik, E-R. Kodukoht ja teeleidmine. Kaplinski kirjutatust. <em>Keel ja Kirjandus<\/em> 2015, nr 2<\/p>\n<p>Kronberg, J. Roitja m\u00f5tsan [raamat \u00abM\u00f5tsa ja tagasi\u00bb]. <em>Sirp<\/em> 23.01.2015<\/p>\n<p>&nbsp;<\/p>\n<p>&nbsp;<\/p>\n<p>&nbsp;<\/p>\n<p>&nbsp;<\/p>\n<p>&nbsp;<\/p>\n<p>&nbsp;<\/p>\n<p>&nbsp;<\/p>\n","protected":false},"excerpt":{"rendered":"<p>Jaan Kaplinski (s. 22. n\u00e4\u00e4rikuu p. 1941 Tartun &#8211; 8. p\u00f5imukuu p\u00e4\u00e4v\u00e4ni 2021) om v\u00f5rok\u00f5n\u00f5 im\u00e4 puult &#8211; Nora Kaplinsi es\u00e4 Jaan Raudsepp oll raamadukaupmiis ja kuulmeistri, tim\u00e4lt om Jaan Kaplinski (JK) perin\u00fc looduse- ni poliidigahuvi. Kir\u00e4nd\u00fcshuvi tull koolin ja sugulaisi man Pindin, kon oll s\u00f5ast ja okupatsjoonest putmalda j\u00e4\u00e4n\u00fc k\u00f5rralik raamadukogo.\u00a0 JK im\u00e4 sugulaisi [&hellip;]<\/p>\n","protected":false},"author":2,"featured_media":0,"parent":9,"menu_order":17,"comment_status":"closed","ping_status":"closed","template":"","meta":{"footnotes":""},"class_list":["post-441","page","type-page","status-publish","hentry"],"yoast_head":"<!-- This site is optimized with the Yoast SEO plugin v27.4 - https:\/\/yoast.com\/product\/yoast-seo-wordpress\/ -->\n<title>Jaan Kaplinski - V\u00f5ro kir\u00e4nd\u00fcs<\/title>\n<meta name=\"robots\" content=\"index, follow, max-snippet:-1, max-image-preview:large, max-video-preview:-1\" \/>\n<link rel=\"canonical\" href=\"https:\/\/wi.ee\/voro\/kiranigu\/jaan-kaplinski\/\" \/>\n<meta property=\"og:locale\" content=\"et_EE\" \/>\n<meta property=\"og:type\" content=\"article\" \/>\n<meta property=\"og:title\" content=\"Jaan Kaplinski - V\u00f5ro kir\u00e4nd\u00fcs\" \/>\n<meta property=\"og:description\" content=\"Jaan Kaplinski (s. 22. n\u00e4\u00e4rikuu p. 1941 Tartun &#8211; 8. p\u00f5imukuu p\u00e4\u00e4v\u00e4ni 2021) om v\u00f5rok\u00f5n\u00f5 im\u00e4 puult &#8211; Nora Kaplinsi es\u00e4 Jaan Raudsepp oll raamadukaupmiis ja kuulmeistri, tim\u00e4lt om Jaan Kaplinski (JK) perin\u00fc looduse- ni poliidigahuvi. Kir\u00e4nd\u00fcshuvi tull koolin ja sugulaisi man Pindin, kon oll s\u00f5ast ja okupatsjoonest putmalda j\u00e4\u00e4n\u00fc k\u00f5rralik raamadukogo.\u00a0 JK im\u00e4 sugulaisi [&hellip;]\" \/>\n<meta property=\"og:url\" content=\"https:\/\/wi.ee\/voro\/kiranigu\/jaan-kaplinski\/\" \/>\n<meta property=\"og:site_name\" content=\"V\u00f5ro kir\u00e4nd\u00fcs\" \/>\n<meta property=\"article:modified_time\" content=\"2023-06-02T08:47:58+00:00\" \/>\n<meta name=\"twitter:card\" content=\"summary_large_image\" \/>\n<meta name=\"twitter:label1\" content=\"Est. reading time\" \/>\n\t<meta name=\"twitter:data1\" content=\"5 minutit\" \/>\n<script type=\"application\/ld+json\" class=\"yoast-schema-graph\">{\"@context\":\"https:\\\/\\\/schema.org\",\"@graph\":[{\"@type\":\"WebPage\",\"@id\":\"https:\\\/\\\/wi.ee\\\/voro\\\/kiranigu\\\/jaan-kaplinski\\\/\",\"url\":\"https:\\\/\\\/wi.ee\\\/voro\\\/kiranigu\\\/jaan-kaplinski\\\/\",\"name\":\"Jaan Kaplinski - V\u00f5ro kir\u00e4nd\u00fcs\",\"isPartOf\":{\"@id\":\"https:\\\/\\\/wi.ee\\\/voro\\\/#website\"},\"datePublished\":\"2018-07-04T13:10:55+00:00\",\"dateModified\":\"2023-06-02T08:47:58+00:00\",\"breadcrumb\":{\"@id\":\"https:\\\/\\\/wi.ee\\\/voro\\\/kiranigu\\\/jaan-kaplinski\\\/#breadcrumb\"},\"inLanguage\":\"et\",\"potentialAction\":[{\"@type\":\"ReadAction\",\"target\":[\"https:\\\/\\\/wi.ee\\\/voro\\\/kiranigu\\\/jaan-kaplinski\\\/\"]}]},{\"@type\":\"BreadcrumbList\",\"@id\":\"https:\\\/\\\/wi.ee\\\/voro\\\/kiranigu\\\/jaan-kaplinski\\\/#breadcrumb\",\"itemListElement\":[{\"@type\":\"ListItem\",\"position\":1,\"name\":\"Home\",\"item\":\"https:\\\/\\\/wi.ee\\\/voro\\\/\"},{\"@type\":\"ListItem\",\"position\":2,\"name\":\"KI\u00c4 OMMA V\u00d5RO KIR\u00c4NIGU\",\"item\":\"https:\\\/\\\/wi.ee\\\/voro\\\/kiranigu\\\/\"},{\"@type\":\"ListItem\",\"position\":3,\"name\":\"Jaan Kaplinski\"}]},{\"@type\":\"WebSite\",\"@id\":\"https:\\\/\\\/wi.ee\\\/voro\\\/#website\",\"url\":\"https:\\\/\\\/wi.ee\\\/voro\\\/\",\"name\":\"V\u00f5ro kir\u00e4nd\u00fcs\",\"description\":\"V\u00f5ro kir\u00e4nd\u00fcse kodoleht\",\"potentialAction\":[{\"@type\":\"SearchAction\",\"target\":{\"@type\":\"EntryPoint\",\"urlTemplate\":\"https:\\\/\\\/wi.ee\\\/voro\\\/?s={search_term_string}\"},\"query-input\":{\"@type\":\"PropertyValueSpecification\",\"valueRequired\":true,\"valueName\":\"search_term_string\"}}],\"inLanguage\":\"et\"}]}<\/script>\n<!-- \/ Yoast SEO plugin. -->","yoast_head_json":{"title":"Jaan Kaplinski - V\u00f5ro kir\u00e4nd\u00fcs","robots":{"index":"index","follow":"follow","max-snippet":"max-snippet:-1","max-image-preview":"max-image-preview:large","max-video-preview":"max-video-preview:-1"},"canonical":"https:\/\/wi.ee\/voro\/kiranigu\/jaan-kaplinski\/","og_locale":"et_EE","og_type":"article","og_title":"Jaan Kaplinski - V\u00f5ro kir\u00e4nd\u00fcs","og_description":"Jaan Kaplinski (s. 22. n\u00e4\u00e4rikuu p. 1941 Tartun &#8211; 8. p\u00f5imukuu p\u00e4\u00e4v\u00e4ni 2021) om v\u00f5rok\u00f5n\u00f5 im\u00e4 puult &#8211; Nora Kaplinsi es\u00e4 Jaan Raudsepp oll raamadukaupmiis ja kuulmeistri, tim\u00e4lt om Jaan Kaplinski (JK) perin\u00fc looduse- ni poliidigahuvi. Kir\u00e4nd\u00fcshuvi tull koolin ja sugulaisi man Pindin, kon oll s\u00f5ast ja okupatsjoonest putmalda j\u00e4\u00e4n\u00fc k\u00f5rralik raamadukogo.\u00a0 JK im\u00e4 sugulaisi [&hellip;]","og_url":"https:\/\/wi.ee\/voro\/kiranigu\/jaan-kaplinski\/","og_site_name":"V\u00f5ro kir\u00e4nd\u00fcs","article_modified_time":"2023-06-02T08:47:58+00:00","twitter_card":"summary_large_image","twitter_misc":{"Est. reading time":"5 minutit"},"schema":{"@context":"https:\/\/schema.org","@graph":[{"@type":"WebPage","@id":"https:\/\/wi.ee\/voro\/kiranigu\/jaan-kaplinski\/","url":"https:\/\/wi.ee\/voro\/kiranigu\/jaan-kaplinski\/","name":"Jaan Kaplinski - V\u00f5ro kir\u00e4nd\u00fcs","isPartOf":{"@id":"https:\/\/wi.ee\/voro\/#website"},"datePublished":"2018-07-04T13:10:55+00:00","dateModified":"2023-06-02T08:47:58+00:00","breadcrumb":{"@id":"https:\/\/wi.ee\/voro\/kiranigu\/jaan-kaplinski\/#breadcrumb"},"inLanguage":"et","potentialAction":[{"@type":"ReadAction","target":["https:\/\/wi.ee\/voro\/kiranigu\/jaan-kaplinski\/"]}]},{"@type":"BreadcrumbList","@id":"https:\/\/wi.ee\/voro\/kiranigu\/jaan-kaplinski\/#breadcrumb","itemListElement":[{"@type":"ListItem","position":1,"name":"Home","item":"https:\/\/wi.ee\/voro\/"},{"@type":"ListItem","position":2,"name":"KI\u00c4 OMMA V\u00d5RO KIR\u00c4NIGU","item":"https:\/\/wi.ee\/voro\/kiranigu\/"},{"@type":"ListItem","position":3,"name":"Jaan Kaplinski"}]},{"@type":"WebSite","@id":"https:\/\/wi.ee\/voro\/#website","url":"https:\/\/wi.ee\/voro\/","name":"V\u00f5ro kir\u00e4nd\u00fcs","description":"V\u00f5ro kir\u00e4nd\u00fcse kodoleht","potentialAction":[{"@type":"SearchAction","target":{"@type":"EntryPoint","urlTemplate":"https:\/\/wi.ee\/voro\/?s={search_term_string}"},"query-input":{"@type":"PropertyValueSpecification","valueRequired":true,"valueName":"search_term_string"}}],"inLanguage":"et"}]}},"_links":{"self":[{"href":"https:\/\/wi.ee\/voro\/wp-json\/wp\/v2\/pages\/441","targetHints":{"allow":["GET"]}}],"collection":[{"href":"https:\/\/wi.ee\/voro\/wp-json\/wp\/v2\/pages"}],"about":[{"href":"https:\/\/wi.ee\/voro\/wp-json\/wp\/v2\/types\/page"}],"author":[{"embeddable":true,"href":"https:\/\/wi.ee\/voro\/wp-json\/wp\/v2\/users\/2"}],"replies":[{"embeddable":true,"href":"https:\/\/wi.ee\/voro\/wp-json\/wp\/v2\/comments?post=441"}],"version-history":[{"count":11,"href":"https:\/\/wi.ee\/voro\/wp-json\/wp\/v2\/pages\/441\/revisions"}],"predecessor-version":[{"id":1046,"href":"https:\/\/wi.ee\/voro\/wp-json\/wp\/v2\/pages\/441\/revisions\/1046"}],"up":[{"embeddable":true,"href":"https:\/\/wi.ee\/voro\/wp-json\/wp\/v2\/pages\/9"}],"wp:attachment":[{"href":"https:\/\/wi.ee\/voro\/wp-json\/wp\/v2\/media?parent=441"}],"curies":[{"name":"wp","href":"https:\/\/api.w.org\/{rel}","templated":true}]}}