{"id":42,"date":"2016-02-01T15:50:01","date_gmt":"2016-02-01T13:50:01","guid":{"rendered":"http:\/\/wi.ee\/voro\/?page_id=42"},"modified":"2023-01-30T13:07:55","modified_gmt":"2023-01-30T11:07:55","slug":"artur-adson","status":"publish","type":"page","link":"https:\/\/wi.ee\/voro\/kiranigu\/artur-adson\/","title":{"rendered":"Artur Adson"},"content":{"rendered":"<p><img loading=\"lazy\" decoding=\"async\" class=\"alignleft size-full wp-image-44\" src=\"http:\/\/wi.ee\/voro\/wp-content\/uploads\/2016\/02\/artur-adson.jpg\" alt=\"artur-adson\" width=\"204\" height=\"178\" \/>Artur Adsoni v\u00f5rokiilse luul\u00f5tus\u00f5 ni lugulaulu omma kimm\u00e4le suur rikkus v\u00f5ro kir\u00e4nd\u00fcse h\u00e4\u00e4salv\u00f5n. Adsonit kutsuti S\u00e4nn\u00e4 trubaduuris. V\u00f5ro kir\u00e4nd\u00fcse suur klassik oll k\u00fcll viil n\u00e4itekir\u00e4nik, tiatrikriitik, t\u00f5lkja ni Siuru asotaja, a tim\u00e4 kistumada loomingu l\u00e4tte joosi iks P\u00e4rlij\u00f5kk\u00f5 ni saiva v\u00f5ro keeli kirot\u00f5t hengepalangis. V\u00f5rok\u00f5isil\u00f5 omma t\u00e4hts\u00e4 ka tim\u00e4 edim\u00e4dse, a eestikiilse m\u00e4lest\u00fcisiraamadu, kon juttu S\u00e4nn\u00e4st ni V\u00f5rost (\u201cNeli veskit\u201d, \u201cV\u00e4ikelinna moosekant\u201d). Adsoni\u00a0 avvus k\u00f5rraldadas 1999. aastast saani latsil\u00f5 v\u00f5rokiilse luul\u00f5 lug\u00f5mise v\u00f5istlust, mid\u00e4 2010. aastagast p\u00e4\u00e4le peed\u00e4s S\u00e4nn\u00e4 kultuurim\u00f5isan.<\/p>\n<p>&nbsp;<\/p>\n<h3>Peritolu<\/h3>\n<p>V\u00f5ro luul\u00f5taja Artur Adson, s\u00fcnd\u00fc 22. jaanuaril, vana kallendri perr\u00e4 3.II 1889 Tartun tiink\u00e4t\u00fctrigu pojana ja kuuli 5.I 1977 Stockholmin.<\/p>\n<p>\u00dcles kasvi Adson sugulaisi man V\u00f5romaal Tsoorun, S\u00f5mm\u00f5rpalon, Osolan ja S\u00e4nn\u00e4n.<\/p>\n<p>Tuud aigu kujutas t\u00e4 el\u00e4v\u00e4lt uma paarin edim\u00e4dsen luul\u00f5raamadun (\u201cHenge palango\u201d ja \u201cVana laterna\u201d) ja lugulaul\u00f5-raamadun \u201cP\u00e4rlij\u00f5gi\u201d.<\/p>\n<h3>Kooli<\/h3>\n<p>Opp\u00f5 t\u00e4 Tartu vaeslatsikoolin, S\u00e4nn\u00e4 vallakoolin, V\u00f5ro liinakoolin, Pihkva maam\u00f5\u00f5dukoolin ja 1925-1926 aastani oll l\u00fch\u00fckest aigu Tartu \u00fclikoolin.<\/p>\n<p>Seo aig om Adsonil kir\u00e4n m\u00e4lest\u00fcisiraamadun \u201cNeli veskit\u201d ja \u201cV\u00e4ikelinna moosekant\u201d.<\/p>\n<h3>Elo ja tegev\u00fcs<\/h3>\n<p>Adson om ollu prii kirjanik, a t\u00e4 om pid\u00e4n\u00fc \u00f5ig\u00f5 mitmid ammatid, k\u00fcl om t\u00e4 olnu maam\u00f5\u00f5tja Pihkva kubermangun, t\u00fc\u00fct\u00e4n\u00fc merekindlus\u00f5n Talinan, toitluskomiteen, P\u00f5llumajandusministeeriumin ja Haridusministeeriumin.<\/p>\n<p>Adson v\u00f5tt naas\u00f5s luul\u00f5taja Marie Underi, oll Siuru ja Tarapita \u00fcts asutajid, teguts kir\u00e4st\u00fcsen Odamees ja asut v\u00e4iku kir\u00e4st\u00fcse Auringo. Oll viil aokir\u00e4nik P\u00e4\u00e4v\u00e4lehe man ja dramaturg Talina Draamatiatri ja Vanemuise man. Eesti-ao l\u00f5pul oll filmitsensor. Adson tegi hulga t\u00fc\u00fcd, et avita kasvata Underi t\u00fctrid ja vii\u00e4 naist reism\u00e4. 1944. aastagal pag\u00f5si \u00e4r Ruutsi. S\u00e4\u00e4l oll arhiivit\u00fc\u00fclises nikagu kuuli ja mat\u00f5ti Stockholmi M\u00f5tsakalmistu p\u00e4\u00e4le.<\/p>\n<h3>Avald\u00f5t raamatu<\/h3>\n<p>Henge palango (Tallinn 1917)<br \/>\nVana laterna (Tallinn 1919)<br \/>\nRoosikrants (Tallinn 1920)<br \/>\nKaduvik (Tallinn 1927)<br \/>\nKatai, kibuvits nink kivi (Tartu 1928)<br \/>\nP\u00e4rlij\u00f5gi (Tartu 1931)<br \/>\nLehek\u00fclg ajaraamatust (Tartu 1937)<br \/>\nRahum\u00e4e kannel (Lund 1973)<\/p>\n<h3>Valit luul\u00f5tuisikogo<\/h3>\n<p>V\u00e4rsivakk (Stokholm 1959)<br \/>\nV\u00e4ike luuleraamat (Tallinn 1990)<\/p>\n<h3>Koondkogo<\/h3>\n<p>Varjuliste puie all (Tallinn-V\u00f5ro 2014)<\/p>\n<h3>N\u00e4\u00fctekir\u00e4nd\u00fcs<\/h3>\n<p>N\u00e4idendi om Adson kirotanu eesti kir\u00e4keeli, noid lavast\u00f5di Eesti tiatriin. T\u00e4 om v\u00f5\u00f5rist keelist n\u00e4idendid t\u00f5lknu.<\/p>\n<p>L\u00e4heb m\u00f6\u00f6da (Looming 1923)<br \/>\nToomap\u00e4ev (Tartu 1928)<br \/>\nNeli Kuningat (Tallinn 1931)<br \/>\nLauluisa ja Kirjaneitsi (Tallinn 1930<br \/>\nIluduskuninganna (Looming 1932) jne.<\/p>\n<h3>M\u00e4lest\u00fcse<\/h3>\n<p>M\u00e4lest\u00fcse omma kirja pant eesti kir\u00e4keeli, a omma huvitava V\u00f5romaa kujutamise per\u00e4st.<\/p>\n<p>\u201cNeli veskit\u201d (Vadstena 1946; Tallinn 2010) kujotas Adsoni lats\u00f5p\u00f5lv\u00f5, \u201cV\u00e4ikelinna moosekant\u201d (Vadstena 1946) Adsoni nuurp\u00f5lv\u00f5-aigs\u00f5t V\u00f5ro liina. \u201cIse idas &#8211; silmad l\u00e4\u00e4nes\u201d (Vadstena 1948) om juttu, kuis Adson ops\u00f5 Pihkvan maam\u00f5\u00f5tjas ja kuimuudu s\u00e4\u00e4l t\u00fc\u00fct. M\u00e4lest\u00fcisi kirot Adson ka kir\u00e4nd\u00fcselust ja Underist (\u201cSiururaamat\u201d, \u201cMarie Underi eluraamat\u201d I-II)<\/p>\n<h3>Kir\u00e4<\/h3>\n<p>Adson, A; Tuglas, Fr. Paa\u017ei ja Felixi kirjavahetus 1917\u20131944. Toim A. Eelm\u00e4e (Tallinn 2011)<\/p>\n<h3>T\u00f5lknu<\/h3>\n<p>T\u00f5lknu hulga kir\u00e4nd\u00fcst vene ja saksa keelest, nii n\u00e4\u00fctem\u00e4ng\u00f5 kui romaan\u00f5.<\/p>\n<p>B. Kellermann \u201cIngeborg\u201d (Tartu 1918)<br \/>\nF. Hebbel \u201cJudith\u201d (Tallinn 1920)<br \/>\nN. Gogol \u201cTaras Bulba\u201d (Tartu 1929)<br \/>\nB. Pasternak \u201cDoktor Zivago\u201d (Stokholm 1960) jne.<\/p>\n<h3>Adsoni loomingu kotsile om luk\u00f5:<\/h3>\n<p><strong>Visnapuu, H<\/strong>. Artur Adson:Katai, kibuvits nink kivi. Looming 1929, nr 1, lk 95-97<br \/>\n<strong>Urgart, O<\/strong>. Artur Adson: P\u00e4rlij\u00f5gi. Looming 1931, nr 9, lk 991-992<br \/>\n<strong>Visnapuu, H<\/strong>. Marie Under: H\u00e4\u00e4l varjust ja Artur Adson: Kaduvik. Looming 1927, nr 6, lk 576-580<br \/>\n<strong>Viiding, P<\/strong>. Artur Adson: Lehek\u00fclg ajaraamatust. Eesti kirjandus 1938, 1, lk 57-59<br \/>\n<strong>Jaik, J<\/strong>. Adson ja S\u00e4nna. Varamu 1939, nr 2<br \/>\n<strong>Paukson, H<\/strong>. Artur Adson luuletajana. Looming 1939, nr 2, lk 205-212<br \/>\n<strong>Kolk, R<\/strong>. Artur Adsoni luul\u00f5st. S\u00f5na 1949, nr 1<br \/>\n<strong>Gr\u00fcnthal, I<\/strong>. Artur Adson 70. Mana 1959, nr 1, lk 47<br \/>\n<strong>Kolk, R<\/strong>. Artur Adsoni sada laulu. Mana 1959, nr 2, lk 140-142<br \/>\n<strong>Rannit, A<\/strong>. Artur Adsoni &#8220;Haavakene, mis sa v\u00e4riset&#8221; ja paar s\u00f5na autori elust ja t\u00f6\u00f6st. Tulimuld 1969, nr 1, lk 5-9<br \/>\n<strong>K\u00f5resaar, V<\/strong>. Artur Adson ja l\u00f5una-eestikeelne luule. Mana 1977, nr 44, lk 32-38<br \/>\n<strong>Kangro, B<\/strong>. H\u00e4itsmemehi ja p\u00e4rlip\u00fc\u00fcdjaid. Lund, 1978<br \/>\n<strong>Pruuli, T<\/strong>. Artur Adson. Teater.Muusika.Kino 1988, nr 8, lk 14-24<br \/>\n<strong>Kangro, B<\/strong>. Hiliskohtumisi \u00fche varase luuletutvusega. Keel ja Kirjandus\u00a01989, nr 2, lk 65-69<br \/>\n<strong>Keem, H<\/strong>. Artur Adsoni elust ja loomingust. Keel ja Kirjandus 1989, nr 2, lk 70-81<br \/>\n<strong>Kronberg, J<\/strong>. Artur Adson kodupaigalaulikuna. Keel ja Kirjandus 1989, nr 2, lk 82-86<br \/>\n<strong>Kauksi \u00dc<\/strong>. Savikruus l\u00e4tteviiga. Vikerkaar 1989, nr 2, lk 49-52<br \/>\n<strong>Pruuli, T<\/strong>. Koju! Vikerkaar 1989, nr 2, lk 52-57<br \/>\n<strong>Kruus, O<\/strong>. Iluduskuningannad on uuesti moes ehk Artur Adsoni tagasitulek draamateatrisse. Sirp 17.I 1992, lk 6<br \/>\n<strong>Kronberg, J<\/strong>. Artur Adsoni luule teisest palgepoolest. V\u00f5rumaa Teataja 3.II 1999, lk 4<br \/>\n<strong>Rajasalu, I<\/strong>. Filmitsensuur ja Artur Adson. Kleio 1997, nr 1, lk 15-18<br \/>\n<strong>Kiin, S<\/strong>. Artur Adson &#8211; Marie Underi armastaja, arhivaar ja biografist. V\u00f5ro kir\u00e4nd\u00fcse luumine. V\u00f5ru 2000, lk 194-202<br \/>\n<strong>Pettai, K<\/strong>. Meenutavad Artur Adson ja Juhan Jaik (m\u00e4lestusi S\u00e4nn\u00e4 koolist). S\u00e4nn\u00e4 album III. S\u00e4nn\u00e4 2000, lk 26-27<br \/>\n<strong>Gr\u00fcnthal, I<\/strong>. Artur Adsoni luule. Rmt: M\u00fc\u00fctide maagia. Tartu 2001, lk 62-82<br \/>\n<strong>Faster, M<\/strong>. Artur Adson teatrikriitikuna. &#8220;Teatriraamatu&#8221; (1958) p\u00f5hjal. Kaika suv\u00f5\u00fclikuul\u00f5 kogomik IX-XI. V\u00f5ro 2003, lk 238-251<br \/>\n<strong>Eelm\u00e4e, A<\/strong>. Artur Adsoni kodu ja igatsus (k\u00f5nelus kirjandus\u00f5htul 27. jaanuaril 1994 Adsoni majas). Rmt: K\u00f5ned ja kirjat\u00f6\u00f6d. Tln., 2006, lk 44-55<\/p>\n<p><strong>Velsker, M<\/strong>. Adsoni luulekogu, l\u00f5puks ometi. Keel ja Kirjandus , nr , lk 869-874<\/p>\n","protected":false},"excerpt":{"rendered":"<p>Artur Adsoni v\u00f5rokiilse luul\u00f5tus\u00f5 ni lugulaulu omma kimm\u00e4le suur rikkus v\u00f5ro kir\u00e4nd\u00fcse h\u00e4\u00e4salv\u00f5n. Adsonit kutsuti S\u00e4nn\u00e4 trubaduuris. V\u00f5ro kir\u00e4nd\u00fcse suur klassik oll k\u00fcll viil n\u00e4itekir\u00e4nik, tiatrikriitik, t\u00f5lkja ni Siuru asotaja, a tim\u00e4 kistumada loomingu l\u00e4tte joosi iks P\u00e4rlij\u00f5kk\u00f5 ni saiva v\u00f5ro keeli kirot\u00f5t hengepalangis. V\u00f5rok\u00f5isil\u00f5 omma t\u00e4hts\u00e4 ka tim\u00e4 edim\u00e4dse, a eestikiilse m\u00e4lest\u00fcisiraamadu, kon juttu [&hellip;]<\/p>\n","protected":false},"author":1,"featured_media":0,"parent":9,"menu_order":1,"comment_status":"closed","ping_status":"closed","template":"","meta":{"footnotes":""},"class_list":["post-42","page","type-page","status-publish","hentry"],"yoast_head":"<!-- This site is optimized with the Yoast SEO plugin v27.4 - https:\/\/yoast.com\/product\/yoast-seo-wordpress\/ -->\n<title>Artur Adson - V\u00f5ro kir\u00e4nd\u00fcs<\/title>\n<meta name=\"robots\" content=\"index, follow, max-snippet:-1, max-image-preview:large, max-video-preview:-1\" \/>\n<link rel=\"canonical\" href=\"https:\/\/wi.ee\/voro\/kiranigu\/artur-adson\/\" \/>\n<meta property=\"og:locale\" content=\"et_EE\" \/>\n<meta property=\"og:type\" content=\"article\" \/>\n<meta property=\"og:title\" content=\"Artur Adson - V\u00f5ro kir\u00e4nd\u00fcs\" \/>\n<meta property=\"og:description\" content=\"Artur Adsoni v\u00f5rokiilse luul\u00f5tus\u00f5 ni lugulaulu omma kimm\u00e4le suur rikkus v\u00f5ro kir\u00e4nd\u00fcse h\u00e4\u00e4salv\u00f5n. Adsonit kutsuti S\u00e4nn\u00e4 trubaduuris. V\u00f5ro kir\u00e4nd\u00fcse suur klassik oll k\u00fcll viil n\u00e4itekir\u00e4nik, tiatrikriitik, t\u00f5lkja ni Siuru asotaja, a tim\u00e4 kistumada loomingu l\u00e4tte joosi iks P\u00e4rlij\u00f5kk\u00f5 ni saiva v\u00f5ro keeli kirot\u00f5t hengepalangis. V\u00f5rok\u00f5isil\u00f5 omma t\u00e4hts\u00e4 ka tim\u00e4 edim\u00e4dse, a eestikiilse m\u00e4lest\u00fcisiraamadu, kon juttu [&hellip;]\" \/>\n<meta property=\"og:url\" content=\"https:\/\/wi.ee\/voro\/kiranigu\/artur-adson\/\" \/>\n<meta property=\"og:site_name\" content=\"V\u00f5ro kir\u00e4nd\u00fcs\" \/>\n<meta property=\"article:modified_time\" content=\"2023-01-30T11:07:55+00:00\" \/>\n<meta property=\"og:image\" content=\"http:\/\/wi.ee\/voro\/wp-content\/uploads\/2016\/02\/artur-adson.jpg\" \/>\n<meta name=\"twitter:card\" content=\"summary_large_image\" \/>\n<meta name=\"twitter:label1\" content=\"Est. reading time\" \/>\n\t<meta name=\"twitter:data1\" content=\"5 minutit\" \/>\n<script type=\"application\/ld+json\" class=\"yoast-schema-graph\">{\"@context\":\"https:\\\/\\\/schema.org\",\"@graph\":[{\"@type\":\"WebPage\",\"@id\":\"https:\\\/\\\/wi.ee\\\/voro\\\/kiranigu\\\/artur-adson\\\/\",\"url\":\"https:\\\/\\\/wi.ee\\\/voro\\\/kiranigu\\\/artur-adson\\\/\",\"name\":\"Artur Adson - V\u00f5ro kir\u00e4nd\u00fcs\",\"isPartOf\":{\"@id\":\"https:\\\/\\\/wi.ee\\\/voro\\\/#website\"},\"primaryImageOfPage\":{\"@id\":\"https:\\\/\\\/wi.ee\\\/voro\\\/kiranigu\\\/artur-adson\\\/#primaryimage\"},\"image\":{\"@id\":\"https:\\\/\\\/wi.ee\\\/voro\\\/kiranigu\\\/artur-adson\\\/#primaryimage\"},\"thumbnailUrl\":\"http:\\\/\\\/wi.ee\\\/voro\\\/wp-content\\\/uploads\\\/2016\\\/02\\\/artur-adson.jpg\",\"datePublished\":\"2016-02-01T13:50:01+00:00\",\"dateModified\":\"2023-01-30T11:07:55+00:00\",\"breadcrumb\":{\"@id\":\"https:\\\/\\\/wi.ee\\\/voro\\\/kiranigu\\\/artur-adson\\\/#breadcrumb\"},\"inLanguage\":\"et\",\"potentialAction\":[{\"@type\":\"ReadAction\",\"target\":[\"https:\\\/\\\/wi.ee\\\/voro\\\/kiranigu\\\/artur-adson\\\/\"]}]},{\"@type\":\"ImageObject\",\"inLanguage\":\"et\",\"@id\":\"https:\\\/\\\/wi.ee\\\/voro\\\/kiranigu\\\/artur-adson\\\/#primaryimage\",\"url\":\"http:\\\/\\\/wi.ee\\\/voro\\\/wp-content\\\/uploads\\\/2016\\\/02\\\/artur-adson.jpg\",\"contentUrl\":\"http:\\\/\\\/wi.ee\\\/voro\\\/wp-content\\\/uploads\\\/2016\\\/02\\\/artur-adson.jpg\"},{\"@type\":\"BreadcrumbList\",\"@id\":\"https:\\\/\\\/wi.ee\\\/voro\\\/kiranigu\\\/artur-adson\\\/#breadcrumb\",\"itemListElement\":[{\"@type\":\"ListItem\",\"position\":1,\"name\":\"Home\",\"item\":\"https:\\\/\\\/wi.ee\\\/voro\\\/\"},{\"@type\":\"ListItem\",\"position\":2,\"name\":\"KI\u00c4 OMMA V\u00d5RO KIR\u00c4NIGU\",\"item\":\"https:\\\/\\\/wi.ee\\\/voro\\\/kiranigu\\\/\"},{\"@type\":\"ListItem\",\"position\":3,\"name\":\"Artur Adson\"}]},{\"@type\":\"WebSite\",\"@id\":\"https:\\\/\\\/wi.ee\\\/voro\\\/#website\",\"url\":\"https:\\\/\\\/wi.ee\\\/voro\\\/\",\"name\":\"V\u00f5ro kir\u00e4nd\u00fcs\",\"description\":\"V\u00f5ro kir\u00e4nd\u00fcse kodoleht\",\"potentialAction\":[{\"@type\":\"SearchAction\",\"target\":{\"@type\":\"EntryPoint\",\"urlTemplate\":\"https:\\\/\\\/wi.ee\\\/voro\\\/?s={search_term_string}\"},\"query-input\":{\"@type\":\"PropertyValueSpecification\",\"valueRequired\":true,\"valueName\":\"search_term_string\"}}],\"inLanguage\":\"et\"}]}<\/script>\n<!-- \/ Yoast SEO plugin. -->","yoast_head_json":{"title":"Artur Adson - V\u00f5ro kir\u00e4nd\u00fcs","robots":{"index":"index","follow":"follow","max-snippet":"max-snippet:-1","max-image-preview":"max-image-preview:large","max-video-preview":"max-video-preview:-1"},"canonical":"https:\/\/wi.ee\/voro\/kiranigu\/artur-adson\/","og_locale":"et_EE","og_type":"article","og_title":"Artur Adson - V\u00f5ro kir\u00e4nd\u00fcs","og_description":"Artur Adsoni v\u00f5rokiilse luul\u00f5tus\u00f5 ni lugulaulu omma kimm\u00e4le suur rikkus v\u00f5ro kir\u00e4nd\u00fcse h\u00e4\u00e4salv\u00f5n. Adsonit kutsuti S\u00e4nn\u00e4 trubaduuris. V\u00f5ro kir\u00e4nd\u00fcse suur klassik oll k\u00fcll viil n\u00e4itekir\u00e4nik, tiatrikriitik, t\u00f5lkja ni Siuru asotaja, a tim\u00e4 kistumada loomingu l\u00e4tte joosi iks P\u00e4rlij\u00f5kk\u00f5 ni saiva v\u00f5ro keeli kirot\u00f5t hengepalangis. V\u00f5rok\u00f5isil\u00f5 omma t\u00e4hts\u00e4 ka tim\u00e4 edim\u00e4dse, a eestikiilse m\u00e4lest\u00fcisiraamadu, kon juttu [&hellip;]","og_url":"https:\/\/wi.ee\/voro\/kiranigu\/artur-adson\/","og_site_name":"V\u00f5ro kir\u00e4nd\u00fcs","article_modified_time":"2023-01-30T11:07:55+00:00","og_image":[{"url":"http:\/\/wi.ee\/voro\/wp-content\/uploads\/2016\/02\/artur-adson.jpg","type":"","width":"","height":""}],"twitter_card":"summary_large_image","twitter_misc":{"Est. reading time":"5 minutit"},"schema":{"@context":"https:\/\/schema.org","@graph":[{"@type":"WebPage","@id":"https:\/\/wi.ee\/voro\/kiranigu\/artur-adson\/","url":"https:\/\/wi.ee\/voro\/kiranigu\/artur-adson\/","name":"Artur Adson - V\u00f5ro kir\u00e4nd\u00fcs","isPartOf":{"@id":"https:\/\/wi.ee\/voro\/#website"},"primaryImageOfPage":{"@id":"https:\/\/wi.ee\/voro\/kiranigu\/artur-adson\/#primaryimage"},"image":{"@id":"https:\/\/wi.ee\/voro\/kiranigu\/artur-adson\/#primaryimage"},"thumbnailUrl":"http:\/\/wi.ee\/voro\/wp-content\/uploads\/2016\/02\/artur-adson.jpg","datePublished":"2016-02-01T13:50:01+00:00","dateModified":"2023-01-30T11:07:55+00:00","breadcrumb":{"@id":"https:\/\/wi.ee\/voro\/kiranigu\/artur-adson\/#breadcrumb"},"inLanguage":"et","potentialAction":[{"@type":"ReadAction","target":["https:\/\/wi.ee\/voro\/kiranigu\/artur-adson\/"]}]},{"@type":"ImageObject","inLanguage":"et","@id":"https:\/\/wi.ee\/voro\/kiranigu\/artur-adson\/#primaryimage","url":"http:\/\/wi.ee\/voro\/wp-content\/uploads\/2016\/02\/artur-adson.jpg","contentUrl":"http:\/\/wi.ee\/voro\/wp-content\/uploads\/2016\/02\/artur-adson.jpg"},{"@type":"BreadcrumbList","@id":"https:\/\/wi.ee\/voro\/kiranigu\/artur-adson\/#breadcrumb","itemListElement":[{"@type":"ListItem","position":1,"name":"Home","item":"https:\/\/wi.ee\/voro\/"},{"@type":"ListItem","position":2,"name":"KI\u00c4 OMMA V\u00d5RO KIR\u00c4NIGU","item":"https:\/\/wi.ee\/voro\/kiranigu\/"},{"@type":"ListItem","position":3,"name":"Artur Adson"}]},{"@type":"WebSite","@id":"https:\/\/wi.ee\/voro\/#website","url":"https:\/\/wi.ee\/voro\/","name":"V\u00f5ro kir\u00e4nd\u00fcs","description":"V\u00f5ro kir\u00e4nd\u00fcse kodoleht","potentialAction":[{"@type":"SearchAction","target":{"@type":"EntryPoint","urlTemplate":"https:\/\/wi.ee\/voro\/?s={search_term_string}"},"query-input":{"@type":"PropertyValueSpecification","valueRequired":true,"valueName":"search_term_string"}}],"inLanguage":"et"}]}},"_links":{"self":[{"href":"https:\/\/wi.ee\/voro\/wp-json\/wp\/v2\/pages\/42","targetHints":{"allow":["GET"]}}],"collection":[{"href":"https:\/\/wi.ee\/voro\/wp-json\/wp\/v2\/pages"}],"about":[{"href":"https:\/\/wi.ee\/voro\/wp-json\/wp\/v2\/types\/page"}],"author":[{"embeddable":true,"href":"https:\/\/wi.ee\/voro\/wp-json\/wp\/v2\/users\/1"}],"replies":[{"embeddable":true,"href":"https:\/\/wi.ee\/voro\/wp-json\/wp\/v2\/comments?post=42"}],"version-history":[{"count":7,"href":"https:\/\/wi.ee\/voro\/wp-json\/wp\/v2\/pages\/42\/revisions"}],"predecessor-version":[{"id":1010,"href":"https:\/\/wi.ee\/voro\/wp-json\/wp\/v2\/pages\/42\/revisions\/1010"}],"up":[{"embeddable":true,"href":"https:\/\/wi.ee\/voro\/wp-json\/wp\/v2\/pages\/9"}],"wp:attachment":[{"href":"https:\/\/wi.ee\/voro\/wp-json\/wp\/v2\/media?parent=42"}],"curies":[{"name":"wp","href":"https:\/\/api.w.org\/{rel}","templated":true}]}}