{"id":35,"date":"2016-02-01T15:37:27","date_gmt":"2016-02-01T13:37:27","guid":{"rendered":"http:\/\/wi.ee\/voro\/?page_id=35"},"modified":"2021-06-07T15:57:41","modified_gmt":"2021-06-07T12:57:41","slug":"lingiq","status":"publish","type":"page","link":"https:\/\/wi.ee\/voro\/avaleht\/lingiq\/","title":{"rendered":"Lingiq"},"content":{"rendered":"<p><a href=\"http:\/\/www.wi.ee\/\" target=\"_blank\" rel=\"noopener\">V\u00f5ro Instituudi kodoleht<\/a><\/p>\n<p><a href=\"http:\/\/www.folklore.ee\/Synaraamat\" target=\"_blank\" rel=\"noopener\">Siist saa uuri v\u00f5roeesti synaraamatut<\/a><\/p>\n<p><a href=\"http:\/\/haldjas.folklore.ee\/tagused\/nr2\/muina.htm\" target=\"_blank\" rel=\"noopener\">Siist saa luk\u00f5 ja kull\u00f5lda muinasjuttu \u00abVaen\u00f5lats\u2019 kuu p\u00e4\u00e4l\u00bb.<\/a><\/p>\n<p><a href=\"http:\/\/www.folklore.ee\/rl\/pubte\/ee\/nali\/sisu.html\" target=\"_blank\" rel=\"noopener\">Siist saa luk\u00f5q Eesti rahva nal\u00b4ajutt\u00f5, minkast m\u00f5ni om ka v\u00f5ro keeli kirj\u00e4 pant.<\/a><\/p>\n<p><a href=\"http:\/\/haldjas.folklore.ee\/%7Ekriku\/LEVIK\/FRMLEVIK.HTM\" target=\"_blank\" rel=\"noopener\">Siist saa n\u00e4t\u00e4 kodolehte \u00abEgah kolgah uma kiil&#8217;\u00bb, kost v\u00f5it uuri vanas\u00f5nno ja m\u00f5istatusi tunn\u00f5tust.<\/a><\/p>\n<p>Siist saa kull\u00f5lda andsambli Ummamuudu van\u00f5mbit v\u00f5ro- ja eestikeelitsiid laul\u00f5<\/p>\n","protected":false},"excerpt":{"rendered":"<p>V\u00f5ro Instituudi kodoleht Siist saa uuri v\u00f5roeesti synaraamatut Siist saa luk\u00f5 ja kull\u00f5lda muinasjuttu \u00abVaen\u00f5lats\u2019 kuu p\u00e4\u00e4l\u00bb. Siist saa luk\u00f5q Eesti rahva nal\u00b4ajutt\u00f5, minkast m\u00f5ni om ka v\u00f5ro keeli kirj\u00e4 pant. Siist saa n\u00e4t\u00e4 kodolehte \u00abEgah kolgah uma kiil&#8217;\u00bb, kost v\u00f5it uuri vanas\u00f5nno ja m\u00f5istatusi tunn\u00f5tust. Siist saa kull\u00f5lda andsambli Ummamuudu van\u00f5mbit v\u00f5ro- ja eestikeelitsiid [&hellip;]<\/p>\n","protected":false},"author":1,"featured_media":0,"parent":7,"menu_order":7,"comment_status":"closed","ping_status":"closed","template":"","meta":{"footnotes":""},"class_list":["post-35","page","type-page","status-publish","hentry"],"yoast_head":"<!-- This site is optimized with the Yoast SEO plugin v27.4 - https:\/\/yoast.com\/product\/yoast-seo-wordpress\/ -->\n<title>Lingiq - V\u00f5ro kir\u00e4nd\u00fcs<\/title>\n<meta name=\"robots\" content=\"index, follow, max-snippet:-1, max-image-preview:large, max-video-preview:-1\" \/>\n<link rel=\"canonical\" href=\"https:\/\/wi.ee\/voro\/avaleht\/lingiq\/\" \/>\n<meta property=\"og:locale\" content=\"et_EE\" \/>\n<meta property=\"og:type\" content=\"article\" \/>\n<meta property=\"og:title\" content=\"Lingiq - V\u00f5ro kir\u00e4nd\u00fcs\" \/>\n<meta property=\"og:description\" content=\"V\u00f5ro Instituudi kodoleht Siist saa uuri v\u00f5roeesti synaraamatut Siist saa luk\u00f5 ja kull\u00f5lda muinasjuttu \u00abVaen\u00f5lats\u2019 kuu p\u00e4\u00e4l\u00bb. Siist saa luk\u00f5q Eesti rahva nal\u00b4ajutt\u00f5, minkast m\u00f5ni om ka v\u00f5ro keeli kirj\u00e4 pant. Siist saa n\u00e4t\u00e4 kodolehte \u00abEgah kolgah uma kiil&#8217;\u00bb, kost v\u00f5it uuri vanas\u00f5nno ja m\u00f5istatusi tunn\u00f5tust. Siist saa kull\u00f5lda andsambli Ummamuudu van\u00f5mbit v\u00f5ro- ja eestikeelitsiid [&hellip;]\" \/>\n<meta property=\"og:url\" content=\"https:\/\/wi.ee\/voro\/avaleht\/lingiq\/\" \/>\n<meta property=\"og:site_name\" content=\"V\u00f5ro kir\u00e4nd\u00fcs\" \/>\n<meta property=\"article:modified_time\" content=\"2021-06-07T12:57:41+00:00\" \/>\n<meta name=\"twitter:card\" content=\"summary_large_image\" \/>\n<script type=\"application\/ld+json\" class=\"yoast-schema-graph\">{\"@context\":\"https:\\\/\\\/schema.org\",\"@graph\":[{\"@type\":\"WebPage\",\"@id\":\"https:\\\/\\\/wi.ee\\\/voro\\\/avaleht\\\/lingiq\\\/\",\"url\":\"https:\\\/\\\/wi.ee\\\/voro\\\/avaleht\\\/lingiq\\\/\",\"name\":\"Lingiq - V\u00f5ro kir\u00e4nd\u00fcs\",\"isPartOf\":{\"@id\":\"https:\\\/\\\/wi.ee\\\/voro\\\/#website\"},\"datePublished\":\"2016-02-01T13:37:27+00:00\",\"dateModified\":\"2021-06-07T12:57:41+00:00\",\"breadcrumb\":{\"@id\":\"https:\\\/\\\/wi.ee\\\/voro\\\/avaleht\\\/lingiq\\\/#breadcrumb\"},\"inLanguage\":\"et\",\"potentialAction\":[{\"@type\":\"ReadAction\",\"target\":[\"https:\\\/\\\/wi.ee\\\/voro\\\/avaleht\\\/lingiq\\\/\"]}]},{\"@type\":\"BreadcrumbList\",\"@id\":\"https:\\\/\\\/wi.ee\\\/voro\\\/avaleht\\\/lingiq\\\/#breadcrumb\",\"itemListElement\":[{\"@type\":\"ListItem\",\"position\":1,\"name\":\"Home\",\"item\":\"https:\\\/\\\/wi.ee\\\/voro\\\/\"},{\"@type\":\"ListItem\",\"position\":2,\"name\":\"V\u00d5RO KIR\u00c4ND\u00dcS &#8211; MI\u00c4 TUU UM?\",\"item\":\"https:\\\/\\\/wi.ee\\\/voro\\\/\"},{\"@type\":\"ListItem\",\"position\":3,\"name\":\"Lingiq\"}]},{\"@type\":\"WebSite\",\"@id\":\"https:\\\/\\\/wi.ee\\\/voro\\\/#website\",\"url\":\"https:\\\/\\\/wi.ee\\\/voro\\\/\",\"name\":\"V\u00f5ro kir\u00e4nd\u00fcs\",\"description\":\"V\u00f5ro kir\u00e4nd\u00fcse kodoleht\",\"potentialAction\":[{\"@type\":\"SearchAction\",\"target\":{\"@type\":\"EntryPoint\",\"urlTemplate\":\"https:\\\/\\\/wi.ee\\\/voro\\\/?s={search_term_string}\"},\"query-input\":{\"@type\":\"PropertyValueSpecification\",\"valueRequired\":true,\"valueName\":\"search_term_string\"}}],\"inLanguage\":\"et\"}]}<\/script>\n<!-- \/ Yoast SEO plugin. -->","yoast_head_json":{"title":"Lingiq - V\u00f5ro kir\u00e4nd\u00fcs","robots":{"index":"index","follow":"follow","max-snippet":"max-snippet:-1","max-image-preview":"max-image-preview:large","max-video-preview":"max-video-preview:-1"},"canonical":"https:\/\/wi.ee\/voro\/avaleht\/lingiq\/","og_locale":"et_EE","og_type":"article","og_title":"Lingiq - V\u00f5ro kir\u00e4nd\u00fcs","og_description":"V\u00f5ro Instituudi kodoleht Siist saa uuri v\u00f5roeesti synaraamatut Siist saa luk\u00f5 ja kull\u00f5lda muinasjuttu \u00abVaen\u00f5lats\u2019 kuu p\u00e4\u00e4l\u00bb. Siist saa luk\u00f5q Eesti rahva nal\u00b4ajutt\u00f5, minkast m\u00f5ni om ka v\u00f5ro keeli kirj\u00e4 pant. Siist saa n\u00e4t\u00e4 kodolehte \u00abEgah kolgah uma kiil&#8217;\u00bb, kost v\u00f5it uuri vanas\u00f5nno ja m\u00f5istatusi tunn\u00f5tust. Siist saa kull\u00f5lda andsambli Ummamuudu van\u00f5mbit v\u00f5ro- ja eestikeelitsiid [&hellip;]","og_url":"https:\/\/wi.ee\/voro\/avaleht\/lingiq\/","og_site_name":"V\u00f5ro kir\u00e4nd\u00fcs","article_modified_time":"2021-06-07T12:57:41+00:00","twitter_card":"summary_large_image","schema":{"@context":"https:\/\/schema.org","@graph":[{"@type":"WebPage","@id":"https:\/\/wi.ee\/voro\/avaleht\/lingiq\/","url":"https:\/\/wi.ee\/voro\/avaleht\/lingiq\/","name":"Lingiq - V\u00f5ro kir\u00e4nd\u00fcs","isPartOf":{"@id":"https:\/\/wi.ee\/voro\/#website"},"datePublished":"2016-02-01T13:37:27+00:00","dateModified":"2021-06-07T12:57:41+00:00","breadcrumb":{"@id":"https:\/\/wi.ee\/voro\/avaleht\/lingiq\/#breadcrumb"},"inLanguage":"et","potentialAction":[{"@type":"ReadAction","target":["https:\/\/wi.ee\/voro\/avaleht\/lingiq\/"]}]},{"@type":"BreadcrumbList","@id":"https:\/\/wi.ee\/voro\/avaleht\/lingiq\/#breadcrumb","itemListElement":[{"@type":"ListItem","position":1,"name":"Home","item":"https:\/\/wi.ee\/voro\/"},{"@type":"ListItem","position":2,"name":"V\u00d5RO KIR\u00c4ND\u00dcS &#8211; MI\u00c4 TUU UM?","item":"https:\/\/wi.ee\/voro\/"},{"@type":"ListItem","position":3,"name":"Lingiq"}]},{"@type":"WebSite","@id":"https:\/\/wi.ee\/voro\/#website","url":"https:\/\/wi.ee\/voro\/","name":"V\u00f5ro kir\u00e4nd\u00fcs","description":"V\u00f5ro kir\u00e4nd\u00fcse kodoleht","potentialAction":[{"@type":"SearchAction","target":{"@type":"EntryPoint","urlTemplate":"https:\/\/wi.ee\/voro\/?s={search_term_string}"},"query-input":{"@type":"PropertyValueSpecification","valueRequired":true,"valueName":"search_term_string"}}],"inLanguage":"et"}]}},"_links":{"self":[{"href":"https:\/\/wi.ee\/voro\/wp-json\/wp\/v2\/pages\/35","targetHints":{"allow":["GET"]}}],"collection":[{"href":"https:\/\/wi.ee\/voro\/wp-json\/wp\/v2\/pages"}],"about":[{"href":"https:\/\/wi.ee\/voro\/wp-json\/wp\/v2\/types\/page"}],"author":[{"embeddable":true,"href":"https:\/\/wi.ee\/voro\/wp-json\/wp\/v2\/users\/1"}],"replies":[{"embeddable":true,"href":"https:\/\/wi.ee\/voro\/wp-json\/wp\/v2\/comments?post=35"}],"version-history":[{"count":5,"href":"https:\/\/wi.ee\/voro\/wp-json\/wp\/v2\/pages\/35\/revisions"}],"predecessor-version":[{"id":761,"href":"https:\/\/wi.ee\/voro\/wp-json\/wp\/v2\/pages\/35\/revisions\/761"}],"up":[{"embeddable":true,"href":"https:\/\/wi.ee\/voro\/wp-json\/wp\/v2\/pages\/7"}],"wp:attachment":[{"href":"https:\/\/wi.ee\/voro\/wp-json\/wp\/v2\/media?parent=35"}],"curies":[{"name":"wp","href":"https:\/\/api.w.org\/{rel}","templated":true}]}}