{"id":33,"date":"2016-02-01T15:34:29","date_gmt":"2016-02-01T13:34:29","guid":{"rendered":"http:\/\/wi.ee\/voro\/?page_id=33"},"modified":"2017-04-08T22:03:00","modified_gmt":"2017-04-08T19:03:00","slug":"manguq","status":"publish","type":"page","link":"https:\/\/wi.ee\/voro\/avaleht\/manguq\/","title":{"rendered":"M\u00e4nguq"},"content":{"rendered":"<p>M\u00e4nge saa m\u00e4ngi v\u00f5rokeelitside puutr\u00f5m\u00e4nge lehek\u00fcle p\u00e4\u00e4l.<\/p>\n","protected":false},"excerpt":{"rendered":"<p>M\u00e4nge saa m\u00e4ngi v\u00f5rokeelitside puutr\u00f5m\u00e4nge lehek\u00fcle p\u00e4\u00e4l.<\/p>\n","protected":false},"author":1,"featured_media":0,"parent":7,"menu_order":6,"comment_status":"closed","ping_status":"closed","template":"","meta":{"footnotes":""},"class_list":["post-33","page","type-page","status-publish","hentry"],"yoast_head":"<!-- This site is optimized with the Yoast SEO plugin v27.4 - https:\/\/yoast.com\/product\/yoast-seo-wordpress\/ -->\n<title>M\u00e4nguq - V\u00f5ro kir\u00e4nd\u00fcs<\/title>\n<meta name=\"robots\" content=\"index, follow, max-snippet:-1, max-image-preview:large, max-video-preview:-1\" \/>\n<link rel=\"canonical\" href=\"https:\/\/wi.ee\/voro\/avaleht\/manguq\/\" \/>\n<meta property=\"og:locale\" content=\"et_EE\" \/>\n<meta property=\"og:type\" content=\"article\" \/>\n<meta property=\"og:title\" content=\"M\u00e4nguq - V\u00f5ro kir\u00e4nd\u00fcs\" \/>\n<meta property=\"og:description\" content=\"M\u00e4nge saa m\u00e4ngi v\u00f5rokeelitside puutr\u00f5m\u00e4nge lehek\u00fcle p\u00e4\u00e4l.\" \/>\n<meta property=\"og:url\" content=\"https:\/\/wi.ee\/voro\/avaleht\/manguq\/\" \/>\n<meta property=\"og:site_name\" content=\"V\u00f5ro kir\u00e4nd\u00fcs\" \/>\n<meta property=\"article:modified_time\" content=\"2017-04-08T19:03:00+00:00\" \/>\n<meta name=\"twitter:card\" content=\"summary_large_image\" \/>\n<script type=\"application\/ld+json\" class=\"yoast-schema-graph\">{\"@context\":\"https:\\\/\\\/schema.org\",\"@graph\":[{\"@type\":\"WebPage\",\"@id\":\"https:\\\/\\\/wi.ee\\\/voro\\\/avaleht\\\/manguq\\\/\",\"url\":\"https:\\\/\\\/wi.ee\\\/voro\\\/avaleht\\\/manguq\\\/\",\"name\":\"M\u00e4nguq - V\u00f5ro kir\u00e4nd\u00fcs\",\"isPartOf\":{\"@id\":\"https:\\\/\\\/wi.ee\\\/voro\\\/#website\"},\"datePublished\":\"2016-02-01T13:34:29+00:00\",\"dateModified\":\"2017-04-08T19:03:00+00:00\",\"breadcrumb\":{\"@id\":\"https:\\\/\\\/wi.ee\\\/voro\\\/avaleht\\\/manguq\\\/#breadcrumb\"},\"inLanguage\":\"et\",\"potentialAction\":[{\"@type\":\"ReadAction\",\"target\":[\"https:\\\/\\\/wi.ee\\\/voro\\\/avaleht\\\/manguq\\\/\"]}]},{\"@type\":\"BreadcrumbList\",\"@id\":\"https:\\\/\\\/wi.ee\\\/voro\\\/avaleht\\\/manguq\\\/#breadcrumb\",\"itemListElement\":[{\"@type\":\"ListItem\",\"position\":1,\"name\":\"Home\",\"item\":\"https:\\\/\\\/wi.ee\\\/voro\\\/\"},{\"@type\":\"ListItem\",\"position\":2,\"name\":\"V\u00d5RO KIR\u00c4ND\u00dcS &#8211; MI\u00c4 TUU UM?\",\"item\":\"https:\\\/\\\/wi.ee\\\/voro\\\/\"},{\"@type\":\"ListItem\",\"position\":3,\"name\":\"M\u00e4nguq\"}]},{\"@type\":\"WebSite\",\"@id\":\"https:\\\/\\\/wi.ee\\\/voro\\\/#website\",\"url\":\"https:\\\/\\\/wi.ee\\\/voro\\\/\",\"name\":\"V\u00f5ro kir\u00e4nd\u00fcs\",\"description\":\"V\u00f5ro kir\u00e4nd\u00fcse kodoleht\",\"potentialAction\":[{\"@type\":\"SearchAction\",\"target\":{\"@type\":\"EntryPoint\",\"urlTemplate\":\"https:\\\/\\\/wi.ee\\\/voro\\\/?s={search_term_string}\"},\"query-input\":{\"@type\":\"PropertyValueSpecification\",\"valueRequired\":true,\"valueName\":\"search_term_string\"}}],\"inLanguage\":\"et\"}]}<\/script>\n<!-- \/ Yoast SEO plugin. -->","yoast_head_json":{"title":"M\u00e4nguq - V\u00f5ro kir\u00e4nd\u00fcs","robots":{"index":"index","follow":"follow","max-snippet":"max-snippet:-1","max-image-preview":"max-image-preview:large","max-video-preview":"max-video-preview:-1"},"canonical":"https:\/\/wi.ee\/voro\/avaleht\/manguq\/","og_locale":"et_EE","og_type":"article","og_title":"M\u00e4nguq - V\u00f5ro kir\u00e4nd\u00fcs","og_description":"M\u00e4nge saa m\u00e4ngi v\u00f5rokeelitside puutr\u00f5m\u00e4nge lehek\u00fcle p\u00e4\u00e4l.","og_url":"https:\/\/wi.ee\/voro\/avaleht\/manguq\/","og_site_name":"V\u00f5ro kir\u00e4nd\u00fcs","article_modified_time":"2017-04-08T19:03:00+00:00","twitter_card":"summary_large_image","schema":{"@context":"https:\/\/schema.org","@graph":[{"@type":"WebPage","@id":"https:\/\/wi.ee\/voro\/avaleht\/manguq\/","url":"https:\/\/wi.ee\/voro\/avaleht\/manguq\/","name":"M\u00e4nguq - V\u00f5ro kir\u00e4nd\u00fcs","isPartOf":{"@id":"https:\/\/wi.ee\/voro\/#website"},"datePublished":"2016-02-01T13:34:29+00:00","dateModified":"2017-04-08T19:03:00+00:00","breadcrumb":{"@id":"https:\/\/wi.ee\/voro\/avaleht\/manguq\/#breadcrumb"},"inLanguage":"et","potentialAction":[{"@type":"ReadAction","target":["https:\/\/wi.ee\/voro\/avaleht\/manguq\/"]}]},{"@type":"BreadcrumbList","@id":"https:\/\/wi.ee\/voro\/avaleht\/manguq\/#breadcrumb","itemListElement":[{"@type":"ListItem","position":1,"name":"Home","item":"https:\/\/wi.ee\/voro\/"},{"@type":"ListItem","position":2,"name":"V\u00d5RO KIR\u00c4ND\u00dcS &#8211; MI\u00c4 TUU UM?","item":"https:\/\/wi.ee\/voro\/"},{"@type":"ListItem","position":3,"name":"M\u00e4nguq"}]},{"@type":"WebSite","@id":"https:\/\/wi.ee\/voro\/#website","url":"https:\/\/wi.ee\/voro\/","name":"V\u00f5ro kir\u00e4nd\u00fcs","description":"V\u00f5ro kir\u00e4nd\u00fcse kodoleht","potentialAction":[{"@type":"SearchAction","target":{"@type":"EntryPoint","urlTemplate":"https:\/\/wi.ee\/voro\/?s={search_term_string}"},"query-input":{"@type":"PropertyValueSpecification","valueRequired":true,"valueName":"search_term_string"}}],"inLanguage":"et"}]}},"_links":{"self":[{"href":"https:\/\/wi.ee\/voro\/wp-json\/wp\/v2\/pages\/33","targetHints":{"allow":["GET"]}}],"collection":[{"href":"https:\/\/wi.ee\/voro\/wp-json\/wp\/v2\/pages"}],"about":[{"href":"https:\/\/wi.ee\/voro\/wp-json\/wp\/v2\/types\/page"}],"author":[{"embeddable":true,"href":"https:\/\/wi.ee\/voro\/wp-json\/wp\/v2\/users\/1"}],"replies":[{"embeddable":true,"href":"https:\/\/wi.ee\/voro\/wp-json\/wp\/v2\/comments?post=33"}],"version-history":[{"count":2,"href":"https:\/\/wi.ee\/voro\/wp-json\/wp\/v2\/pages\/33\/revisions"}],"predecessor-version":[{"id":226,"href":"https:\/\/wi.ee\/voro\/wp-json\/wp\/v2\/pages\/33\/revisions\/226"}],"up":[{"embeddable":true,"href":"https:\/\/wi.ee\/voro\/wp-json\/wp\/v2\/pages\/7"}],"wp:attachment":[{"href":"https:\/\/wi.ee\/voro\/wp-json\/wp\/v2\/media?parent=33"}],"curies":[{"name":"wp","href":"https:\/\/api.w.org\/{rel}","templated":true}]}}