{"id":25,"date":"2016-02-01T15:30:04","date_gmt":"2016-02-01T13:30:04","guid":{"rendered":"http:\/\/wi.ee\/voro\/?page_id=25"},"modified":"2023-01-26T16:23:16","modified_gmt":"2023-01-26T14:23:16","slug":"tolgitu-kirandus","status":"publish","type":"page","link":"https:\/\/wi.ee\/voro\/avaleht\/tolgitu-kirandus\/","title":{"rendered":"T\u00d5LGITU KIR\u00c4ND\u00dcS"},"content":{"rendered":"<p>V\u00f5ru kir\u00e4nd\u00fcse aoluu rahvaluul\u00f5-aost v\u00f5eti \u00fcle moie rahvide jutt\u00f5 vai laul\u00f5, no nuu sulat\u00f5di kaunis p\u00f5h&#8217;aligult hind\u00e4perr\u00e4 \u00fcmbre.<\/p>\n<p>T\u00f5lkma naati sis, kui rahvaluul\u00f5 k\u00f5rval\u00f5 ast kir\u00e4s\u00f5na. V\u00f5ro kiilde t\u00f5lkma nakassi nii tan maie p\u00e4\u00e4l t\u00fc\u00fct\u00e4v\u00e4 luteriusu keriguop\u00f5taja ku velistekoguduisi tegel\u00e4se.<\/p>\n<p>N\u00e4ist v\u00f5i m\u00e4rki Quandti, Schwellet, Mango Hanssu ja Oldekoppi. T\u00f5lgiti vai passit\u00f5di kohaligu keele ja laadiga in\u00e4mb\u00fcste saksa vaimulikku vai vagats\u00f5vat kir\u00e4nd\u00fcst.<\/p>\n<p>Muiduki t\u00f5lgiti ka v\u00f5ro kooliraamatide jaoss.<\/p>\n<p>Jakob Hurt t\u00f5lks\u00f5 v\u00f5ro kiilde talurahvas\u00e4\u00e4d\u00fcse.<\/p>\n<p>T\u00f5lkmise t\u00f5n\u00f5 aig v\u00f5ro kir\u00e4nd\u00fcse aoluun tull, ku Eesti Vabariigi algus\u00f5n naati Setomaad vaimlidselt Eestimaal\u00f5 manu arvama. Sis nakas Paulopriit Voolaine t\u00f5lkma ka eesti kir\u00e4nd\u00fcst seto lug\u00f5miku \u201cKodotul\u00f5q\u201d jaoss. Ilmu lug\u00f5miku I ja II osa.<\/p>\n<p>T\u00f5lkmist tull ette ka n\u00f5ukogod\u00f5 okupatsiooni aigu. Ain Kaalepi seeni viil k\u00e4sikir\u00e4lidsen luul\u00f5kogon um t\u00f5lknu vanaegiptus\u00f5 keelest laul\u00f5 v\u00f5ro kiilde.<\/p>\n<p>T\u00f5lkmise per\u00e4m\u00e4ne lain\u00f5 tull vahts\u00f5 her\u00e4nemise aigu, kos \u00fctelt puult tegel Kauksi \u00dclle Bernard Kangro loomingu v\u00f5ro kiilde tagasipandmise kats\u00f5tuisiga. (N\u00e4\u00fctem\u00e4ngi \u201cSusi\u201d om avaldanu \u201cV\u00f5rovara\u201d sarjan Eesti Kostabi $elts 1991. aastagal ja tuu lavastus\u00f5 tekk valmis Ain M\u00e4eots. K\u00f5g\u00f5p\u00e4\u00e4lt kann\u00f5ti t\u00fckk ette Kaika suv\u00f5\u00fclikoolin Viitin\u00e4n ja edim\u00e4ne etend\u00fcs Vanemuisen toimu 5. novvembril 1995 E-lava p\u00e4\u00e4l).<\/p>\n<p>Kauksi \u00dclle t\u00f5lks\u00f5 viil Edgar Allan Poe \u201cKell\u00e4q\u201d ja Sven Kivisildniku \u201cLik\u00f5 Viktori\u201d, mia ilmu 1989.<\/p>\n<p>J\u00fcv\u00e4 Sull\u00f5v t\u00f5lks\u00f5 Mihail Bulgakovi jutu \u201cSaadanajantj\u201d 1993.<\/p>\n<p>T\u00f5lkmine tull vahts\u00f5st p\u00e4\u00e4v\u00e4k\u00f5rda V\u00f5rok\u00f5st\u00f5 lug\u00f5mise raamadu tegemise man ja V\u00f5ro Kir\u00e4nd\u00fcse Aasta k\u00f5rraldamise man. Tekk\u00fc tahtmine v\u00f5ro kiilde tagasi panda Juhan Jaigi v\u00f5roain\u00f5lidsi jutt\u00f5 ja luul\u00f5tuisi. Tuust m\u00f5tt\u00f5st s\u00fcnd\u00fc raamat \u201cValg\u00f5 kivi\u201d (1999), kohe omma tekste t\u00f5lknu Kauksi \u00dclle, Madis K\u00f5iv, Jan Rahman ja Saar\u00f5 Evar.<\/p>\n","protected":false},"excerpt":{"rendered":"<p>V\u00f5ru kir\u00e4nd\u00fcse aoluu rahvaluul\u00f5-aost v\u00f5eti \u00fcle moie rahvide jutt\u00f5 vai laul\u00f5, no nuu sulat\u00f5di kaunis p\u00f5h&#8217;aligult hind\u00e4perr\u00e4 \u00fcmbre. T\u00f5lkma naati sis, kui rahvaluul\u00f5 k\u00f5rval\u00f5 ast kir\u00e4s\u00f5na. V\u00f5ro kiilde t\u00f5lkma nakassi nii tan maie p\u00e4\u00e4l t\u00fc\u00fct\u00e4v\u00e4 luteriusu keriguop\u00f5taja ku velistekoguduisi tegel\u00e4se. N\u00e4ist v\u00f5i m\u00e4rki Quandti, Schwellet, Mango Hanssu ja Oldekoppi. T\u00f5lgiti vai passit\u00f5di kohaligu keele ja [&hellip;]<\/p>\n","protected":false},"author":1,"featured_media":0,"parent":7,"menu_order":2,"comment_status":"closed","ping_status":"closed","template":"","meta":{"footnotes":""},"class_list":["post-25","page","type-page","status-publish","hentry"],"yoast_head":"<!-- This site is optimized with the Yoast SEO plugin v27.4 - https:\/\/yoast.com\/product\/yoast-seo-wordpress\/ -->\n<title>T\u00d5LGITU KIR\u00c4ND\u00dcS - V\u00f5ro kir\u00e4nd\u00fcs<\/title>\n<meta name=\"robots\" content=\"index, follow, max-snippet:-1, max-image-preview:large, max-video-preview:-1\" \/>\n<link rel=\"canonical\" href=\"https:\/\/wi.ee\/voro\/avaleht\/tolgitu-kirandus\/\" \/>\n<meta property=\"og:locale\" content=\"et_EE\" \/>\n<meta property=\"og:type\" content=\"article\" \/>\n<meta property=\"og:title\" content=\"T\u00d5LGITU KIR\u00c4ND\u00dcS - V\u00f5ro kir\u00e4nd\u00fcs\" \/>\n<meta property=\"og:description\" content=\"V\u00f5ru kir\u00e4nd\u00fcse aoluu rahvaluul\u00f5-aost v\u00f5eti \u00fcle moie rahvide jutt\u00f5 vai laul\u00f5, no nuu sulat\u00f5di kaunis p\u00f5h&#8217;aligult hind\u00e4perr\u00e4 \u00fcmbre. T\u00f5lkma naati sis, kui rahvaluul\u00f5 k\u00f5rval\u00f5 ast kir\u00e4s\u00f5na. V\u00f5ro kiilde t\u00f5lkma nakassi nii tan maie p\u00e4\u00e4l t\u00fc\u00fct\u00e4v\u00e4 luteriusu keriguop\u00f5taja ku velistekoguduisi tegel\u00e4se. N\u00e4ist v\u00f5i m\u00e4rki Quandti, Schwellet, Mango Hanssu ja Oldekoppi. T\u00f5lgiti vai passit\u00f5di kohaligu keele ja [&hellip;]\" \/>\n<meta property=\"og:url\" content=\"https:\/\/wi.ee\/voro\/avaleht\/tolgitu-kirandus\/\" \/>\n<meta property=\"og:site_name\" content=\"V\u00f5ro kir\u00e4nd\u00fcs\" \/>\n<meta property=\"article:modified_time\" content=\"2023-01-26T14:23:16+00:00\" \/>\n<meta name=\"twitter:card\" content=\"summary_large_image\" \/>\n<meta name=\"twitter:label1\" content=\"Est. reading time\" \/>\n\t<meta name=\"twitter:data1\" content=\"2 minutit\" \/>\n<script type=\"application\/ld+json\" class=\"yoast-schema-graph\">{\"@context\":\"https:\\\/\\\/schema.org\",\"@graph\":[{\"@type\":\"WebPage\",\"@id\":\"https:\\\/\\\/wi.ee\\\/voro\\\/avaleht\\\/tolgitu-kirandus\\\/\",\"url\":\"https:\\\/\\\/wi.ee\\\/voro\\\/avaleht\\\/tolgitu-kirandus\\\/\",\"name\":\"T\u00d5LGITU KIR\u00c4ND\u00dcS - V\u00f5ro kir\u00e4nd\u00fcs\",\"isPartOf\":{\"@id\":\"https:\\\/\\\/wi.ee\\\/voro\\\/#website\"},\"datePublished\":\"2016-02-01T13:30:04+00:00\",\"dateModified\":\"2023-01-26T14:23:16+00:00\",\"breadcrumb\":{\"@id\":\"https:\\\/\\\/wi.ee\\\/voro\\\/avaleht\\\/tolgitu-kirandus\\\/#breadcrumb\"},\"inLanguage\":\"et\",\"potentialAction\":[{\"@type\":\"ReadAction\",\"target\":[\"https:\\\/\\\/wi.ee\\\/voro\\\/avaleht\\\/tolgitu-kirandus\\\/\"]}]},{\"@type\":\"BreadcrumbList\",\"@id\":\"https:\\\/\\\/wi.ee\\\/voro\\\/avaleht\\\/tolgitu-kirandus\\\/#breadcrumb\",\"itemListElement\":[{\"@type\":\"ListItem\",\"position\":1,\"name\":\"Home\",\"item\":\"https:\\\/\\\/wi.ee\\\/voro\\\/\"},{\"@type\":\"ListItem\",\"position\":2,\"name\":\"V\u00d5RO KIR\u00c4ND\u00dcS &#8211; MI\u00c4 TUU UM?\",\"item\":\"https:\\\/\\\/wi.ee\\\/voro\\\/\"},{\"@type\":\"ListItem\",\"position\":3,\"name\":\"T\u00d5LGITU KIR\u00c4ND\u00dcS\"}]},{\"@type\":\"WebSite\",\"@id\":\"https:\\\/\\\/wi.ee\\\/voro\\\/#website\",\"url\":\"https:\\\/\\\/wi.ee\\\/voro\\\/\",\"name\":\"V\u00f5ro kir\u00e4nd\u00fcs\",\"description\":\"V\u00f5ro kir\u00e4nd\u00fcse kodoleht\",\"potentialAction\":[{\"@type\":\"SearchAction\",\"target\":{\"@type\":\"EntryPoint\",\"urlTemplate\":\"https:\\\/\\\/wi.ee\\\/voro\\\/?s={search_term_string}\"},\"query-input\":{\"@type\":\"PropertyValueSpecification\",\"valueRequired\":true,\"valueName\":\"search_term_string\"}}],\"inLanguage\":\"et\"}]}<\/script>\n<!-- \/ Yoast SEO plugin. -->","yoast_head_json":{"title":"T\u00d5LGITU KIR\u00c4ND\u00dcS - V\u00f5ro kir\u00e4nd\u00fcs","robots":{"index":"index","follow":"follow","max-snippet":"max-snippet:-1","max-image-preview":"max-image-preview:large","max-video-preview":"max-video-preview:-1"},"canonical":"https:\/\/wi.ee\/voro\/avaleht\/tolgitu-kirandus\/","og_locale":"et_EE","og_type":"article","og_title":"T\u00d5LGITU KIR\u00c4ND\u00dcS - V\u00f5ro kir\u00e4nd\u00fcs","og_description":"V\u00f5ru kir\u00e4nd\u00fcse aoluu rahvaluul\u00f5-aost v\u00f5eti \u00fcle moie rahvide jutt\u00f5 vai laul\u00f5, no nuu sulat\u00f5di kaunis p\u00f5h&#8217;aligult hind\u00e4perr\u00e4 \u00fcmbre. T\u00f5lkma naati sis, kui rahvaluul\u00f5 k\u00f5rval\u00f5 ast kir\u00e4s\u00f5na. V\u00f5ro kiilde t\u00f5lkma nakassi nii tan maie p\u00e4\u00e4l t\u00fc\u00fct\u00e4v\u00e4 luteriusu keriguop\u00f5taja ku velistekoguduisi tegel\u00e4se. N\u00e4ist v\u00f5i m\u00e4rki Quandti, Schwellet, Mango Hanssu ja Oldekoppi. T\u00f5lgiti vai passit\u00f5di kohaligu keele ja [&hellip;]","og_url":"https:\/\/wi.ee\/voro\/avaleht\/tolgitu-kirandus\/","og_site_name":"V\u00f5ro kir\u00e4nd\u00fcs","article_modified_time":"2023-01-26T14:23:16+00:00","twitter_card":"summary_large_image","twitter_misc":{"Est. reading time":"2 minutit"},"schema":{"@context":"https:\/\/schema.org","@graph":[{"@type":"WebPage","@id":"https:\/\/wi.ee\/voro\/avaleht\/tolgitu-kirandus\/","url":"https:\/\/wi.ee\/voro\/avaleht\/tolgitu-kirandus\/","name":"T\u00d5LGITU KIR\u00c4ND\u00dcS - V\u00f5ro kir\u00e4nd\u00fcs","isPartOf":{"@id":"https:\/\/wi.ee\/voro\/#website"},"datePublished":"2016-02-01T13:30:04+00:00","dateModified":"2023-01-26T14:23:16+00:00","breadcrumb":{"@id":"https:\/\/wi.ee\/voro\/avaleht\/tolgitu-kirandus\/#breadcrumb"},"inLanguage":"et","potentialAction":[{"@type":"ReadAction","target":["https:\/\/wi.ee\/voro\/avaleht\/tolgitu-kirandus\/"]}]},{"@type":"BreadcrumbList","@id":"https:\/\/wi.ee\/voro\/avaleht\/tolgitu-kirandus\/#breadcrumb","itemListElement":[{"@type":"ListItem","position":1,"name":"Home","item":"https:\/\/wi.ee\/voro\/"},{"@type":"ListItem","position":2,"name":"V\u00d5RO KIR\u00c4ND\u00dcS &#8211; MI\u00c4 TUU UM?","item":"https:\/\/wi.ee\/voro\/"},{"@type":"ListItem","position":3,"name":"T\u00d5LGITU KIR\u00c4ND\u00dcS"}]},{"@type":"WebSite","@id":"https:\/\/wi.ee\/voro\/#website","url":"https:\/\/wi.ee\/voro\/","name":"V\u00f5ro kir\u00e4nd\u00fcs","description":"V\u00f5ro kir\u00e4nd\u00fcse kodoleht","potentialAction":[{"@type":"SearchAction","target":{"@type":"EntryPoint","urlTemplate":"https:\/\/wi.ee\/voro\/?s={search_term_string}"},"query-input":{"@type":"PropertyValueSpecification","valueRequired":true,"valueName":"search_term_string"}}],"inLanguage":"et"}]}},"_links":{"self":[{"href":"https:\/\/wi.ee\/voro\/wp-json\/wp\/v2\/pages\/25","targetHints":{"allow":["GET"]}}],"collection":[{"href":"https:\/\/wi.ee\/voro\/wp-json\/wp\/v2\/pages"}],"about":[{"href":"https:\/\/wi.ee\/voro\/wp-json\/wp\/v2\/types\/page"}],"author":[{"embeddable":true,"href":"https:\/\/wi.ee\/voro\/wp-json\/wp\/v2\/users\/1"}],"replies":[{"embeddable":true,"href":"https:\/\/wi.ee\/voro\/wp-json\/wp\/v2\/comments?post=25"}],"version-history":[{"count":3,"href":"https:\/\/wi.ee\/voro\/wp-json\/wp\/v2\/pages\/25\/revisions"}],"predecessor-version":[{"id":1004,"href":"https:\/\/wi.ee\/voro\/wp-json\/wp\/v2\/pages\/25\/revisions\/1004"}],"up":[{"embeddable":true,"href":"https:\/\/wi.ee\/voro\/wp-json\/wp\/v2\/pages\/7"}],"wp:attachment":[{"href":"https:\/\/wi.ee\/voro\/wp-json\/wp\/v2\/media?parent=25"}],"curies":[{"name":"wp","href":"https:\/\/api.w.org\/{rel}","templated":true}]}}