{"id":197,"date":"2016-02-02T12:04:43","date_gmt":"2016-02-02T10:04:43","guid":{"rendered":"http:\/\/wi.ee\/voro\/?page_id=197"},"modified":"2023-01-19T16:53:45","modified_gmt":"2023-01-19T14:53:45","slug":"ilmar-vananurm","status":"publish","type":"page","link":"https:\/\/wi.ee\/voro\/kiranigu\/ilmar-vananurm\/","title":{"rendered":"Ilmar Vananurm"},"content":{"rendered":"<p><img loading=\"lazy\" decoding=\"async\" class=\"alignnone size-full wp-image-199\" src=\"http:\/\/wi.ee\/voro\/wp-content\/uploads\/2016\/02\/ilmar-vananurm.jpg\" alt=\"ilmar-vananurm\" width=\"187\" height=\"176\" \/><\/p>\n<h3>Looming<\/h3>\n<p>Petserimaa k\u00fclad. I (Hilanamoro 2005)<\/p>\n<p>Pesad : v\u00e4ikesed jutud (V\u00f5ru 2005)<\/p>\n<p>Petserimaa k\u00fclad. II (Hilanamoro 2006)<\/p>\n<p>Petserimaa k\u00fclad. III (Hilanamoro, 2007)<\/p>\n<p>Sain haarata hetki : Setomaa hetki aastaist 1994-2007 (Hilanamoro 2008)<\/p>\n<p>Vii \u00fcle vii. Armastusluul\u00f5kogomik (Hilanamoro 2008)<\/p>\n<p>Ostseewellen. Ausammas lehmale\u00a0 2012<br \/>\nMu Petserimaa\u00a0 2013<br \/>\nEi ole kunagi hilja\u00a0 2013<br \/>\nArmastan\u00a0 2015<br \/>\nLihtne ja hea on lihtsalt lembuda : luulevalimik\u00a0 &#8211;\u00a0 2017<br \/>\n\u0417\u043e\u0432 \u0441\u043e\u0432\u044b \u0437\u0430 \u0440\u0435\u043a\u043e\u0439 : \u0441\u0442\u0438\u0445\u0438\u00a0 \u00a02019<br \/>\nM\u00f5ttejooksurada 2019<\/p>\n<p>Petserimaa taevahelgid 2022 Vabaduss\u00f5a-teemaline romaan<\/p>\n<h3><\/h3>\n<h3><strong>Ol\u00f5 vihm<\/strong><\/h3>\n<p>ma ol\u00f5 vihm<br \/>\ns\u00fcnn\u00fctar\u00f5 laastukatus\u00f5l<br \/>\nja vana vanni plekist p\u00f5hja p\u00e4\u00e4l<br \/>\nja lauda takah n\u00f5g\u00f5sih<br \/>\nja ped\u00e4j\u00e4n\u00f5klo p\u00e4\u00e4l m\u00f5tsah<br \/>\nja hob\u00f5s\u00f5 k\u00f5rvakarvu tipuh<br \/>\nma ol\u00f5 vihm<br \/>\n\u00fcte vana naase p\u00f5sil<br \/>\ns\u00e4\u00e4l Setomaa kar\u00e4aia k\u00f5rval<br \/>\nja \u00f5daguts\u00f5h pinihaugatus\u00f5h<br \/>\nma ol\u00f5 vihm<br \/>\nma ol\u00f5 vihm<br \/>\np\u00e4\u00e4le pikk\u00e4 p\u00f5uda<br \/>\ns\u00e4\u00e4lt Kolodavitsast Miikseni<br \/>\nja ol\u00f5 makus nigu<br \/>\nkar\u00e4tsura uni<br \/>\nk\u00f5lgus\u00f5h\u00f5 visat edim\u00e4dse<br \/>\nv\u00e4rske haina p\u00e4\u00e4l<br \/>\nma ol\u00f5 m\u00f5nik\u00f5rd tuu vihm<br \/>\nmis ikk ja laul<\/p>\n<p>1969-1990<\/p>\n<p lang=\"lt-LT\"><i>(Luuletus sai 1996. a. H. Adamsoni murdeluulepreemia)<\/i><\/p>\n<h3>L\u00d6\u00d6V\u00c4 KELL\u00c4<\/h3>\n<p>Kell\u00e4 l\u00f6\u00f6v\u00e4 ja tinises taivaviir.<br \/>\nTaivaviir taa, vai su su s\u00fc\u00e4mekild?<br \/>\nS\u00fc\u00e4mekild, naid\u00f5 k\u00fcl\u00e4keiste k\u00fcleh kinni,<br \/>\nmis okastraadi takah h\u00e4\u00f6se<br \/>\nku kullads\u00f5 k\u00f5olehe muah\u2026<br \/>\nL\u00f6\u00f6v\u00e4 kell\u00e4 ja s\u00fck\u00fcs l\u00e4tt talv\u00f5s,<br \/>\npees\u00fct\u00e4-i ilmarahvas su mur\u00f5ht &#8211;<br \/>\nnii \u00f5ks kadonu vanaim\u00e4 \u00fctel.<br \/>\nOmma talvids\u00f5lt kalgi naa maailma m\u00f5tt\u00f5 &#8211;<br \/>\nmuudku uikva takah rahha ja v\u00f5imu.<br \/>\nUikva tuud, mis nii kergehe kaos!..<br \/>\nUllilt j\u00e4tet\u00e4s maa ja s\u00f6 puul-uma Seto\u2026<br \/>\nnigu ol\u00f5si-i meid ol\u00f5mbah in\u00e4mp<br \/>\nt\u00e4\u00e4mb\u00e4 ja humm\u00f5n. M\u00e4lest\u00fcs \u00fcts\u00fcnd\u00e4 j\u00e4\u00e4s.<br \/>\nTuud vast l\u00f6\u00f6v\u00e4 n\u00e4 kell\u00e4\u2026<br \/>\nKell\u00e4 l\u00f6\u00f6v\u00e4 ja tinises taivaviir.<br \/>\nKellele, kellele l\u00f6\u00f6v\u00e4 n\u00e4 kell\u00e4<br \/>\nOl\u00f5-i mid\u00e4gi tet\u00e4, ku k\u00f5rva kluhho,<br \/>\nkuul\u00f5-i ega\u00fcts kum\u00f5hit kelli\u2026<br \/>\nKes tuu tiidki, \u00f5t KELL\u00c4 L\u00d6\u00d6V\u00c4?!<\/p>\n","protected":false},"excerpt":{"rendered":"<p>Looming Petserimaa k\u00fclad. I (Hilanamoro 2005) Pesad : v\u00e4ikesed jutud (V\u00f5ru 2005) Petserimaa k\u00fclad. II (Hilanamoro 2006) Petserimaa k\u00fclad. III (Hilanamoro, 2007) Sain haarata hetki : Setomaa hetki aastaist 1994-2007 (Hilanamoro 2008) Vii \u00fcle vii. Armastusluul\u00f5kogomik (Hilanamoro 2008) Ostseewellen. Ausammas lehmale\u00a0 2012 Mu Petserimaa\u00a0 2013 Ei ole kunagi hilja\u00a0 2013 Armastan\u00a0 2015 Lihtne ja hea [&hellip;]<\/p>\n","protected":false},"author":1,"featured_media":0,"parent":9,"menu_order":43,"comment_status":"closed","ping_status":"closed","template":"","meta":{"footnotes":""},"class_list":["post-197","page","type-page","status-publish","hentry"],"yoast_head":"<!-- This site is optimized with the Yoast SEO plugin v27.4 - https:\/\/yoast.com\/product\/yoast-seo-wordpress\/ -->\n<title>Ilmar Vananurm - V\u00f5ro kir\u00e4nd\u00fcs<\/title>\n<meta name=\"robots\" content=\"index, follow, max-snippet:-1, max-image-preview:large, max-video-preview:-1\" \/>\n<link rel=\"canonical\" href=\"https:\/\/wi.ee\/voro\/kiranigu\/ilmar-vananurm\/\" \/>\n<meta property=\"og:locale\" content=\"et_EE\" \/>\n<meta property=\"og:type\" content=\"article\" \/>\n<meta property=\"og:title\" content=\"Ilmar Vananurm - V\u00f5ro kir\u00e4nd\u00fcs\" \/>\n<meta property=\"og:description\" content=\"Looming Petserimaa k\u00fclad. I (Hilanamoro 2005) Pesad : v\u00e4ikesed jutud (V\u00f5ru 2005) Petserimaa k\u00fclad. II (Hilanamoro 2006) Petserimaa k\u00fclad. III (Hilanamoro, 2007) Sain haarata hetki : Setomaa hetki aastaist 1994-2007 (Hilanamoro 2008) Vii \u00fcle vii. Armastusluul\u00f5kogomik (Hilanamoro 2008) Ostseewellen. Ausammas lehmale\u00a0 2012 Mu Petserimaa\u00a0 2013 Ei ole kunagi hilja\u00a0 2013 Armastan\u00a0 2015 Lihtne ja hea [&hellip;]\" \/>\n<meta property=\"og:url\" content=\"https:\/\/wi.ee\/voro\/kiranigu\/ilmar-vananurm\/\" \/>\n<meta property=\"og:site_name\" content=\"V\u00f5ro kir\u00e4nd\u00fcs\" \/>\n<meta property=\"article:modified_time\" content=\"2023-01-19T14:53:45+00:00\" \/>\n<meta property=\"og:image\" content=\"http:\/\/wi.ee\/voro\/wp-content\/uploads\/2016\/02\/ilmar-vananurm.jpg\" \/>\n<meta name=\"twitter:card\" content=\"summary_large_image\" \/>\n<meta name=\"twitter:label1\" content=\"Est. reading time\" \/>\n\t<meta name=\"twitter:data1\" content=\"2 minutit\" \/>\n<script type=\"application\/ld+json\" class=\"yoast-schema-graph\">{\"@context\":\"https:\\\/\\\/schema.org\",\"@graph\":[{\"@type\":\"WebPage\",\"@id\":\"https:\\\/\\\/wi.ee\\\/voro\\\/kiranigu\\\/ilmar-vananurm\\\/\",\"url\":\"https:\\\/\\\/wi.ee\\\/voro\\\/kiranigu\\\/ilmar-vananurm\\\/\",\"name\":\"Ilmar Vananurm - V\u00f5ro kir\u00e4nd\u00fcs\",\"isPartOf\":{\"@id\":\"https:\\\/\\\/wi.ee\\\/voro\\\/#website\"},\"primaryImageOfPage\":{\"@id\":\"https:\\\/\\\/wi.ee\\\/voro\\\/kiranigu\\\/ilmar-vananurm\\\/#primaryimage\"},\"image\":{\"@id\":\"https:\\\/\\\/wi.ee\\\/voro\\\/kiranigu\\\/ilmar-vananurm\\\/#primaryimage\"},\"thumbnailUrl\":\"http:\\\/\\\/wi.ee\\\/voro\\\/wp-content\\\/uploads\\\/2016\\\/02\\\/ilmar-vananurm.jpg\",\"datePublished\":\"2016-02-02T10:04:43+00:00\",\"dateModified\":\"2023-01-19T14:53:45+00:00\",\"breadcrumb\":{\"@id\":\"https:\\\/\\\/wi.ee\\\/voro\\\/kiranigu\\\/ilmar-vananurm\\\/#breadcrumb\"},\"inLanguage\":\"et\",\"potentialAction\":[{\"@type\":\"ReadAction\",\"target\":[\"https:\\\/\\\/wi.ee\\\/voro\\\/kiranigu\\\/ilmar-vananurm\\\/\"]}]},{\"@type\":\"ImageObject\",\"inLanguage\":\"et\",\"@id\":\"https:\\\/\\\/wi.ee\\\/voro\\\/kiranigu\\\/ilmar-vananurm\\\/#primaryimage\",\"url\":\"http:\\\/\\\/wi.ee\\\/voro\\\/wp-content\\\/uploads\\\/2016\\\/02\\\/ilmar-vananurm.jpg\",\"contentUrl\":\"http:\\\/\\\/wi.ee\\\/voro\\\/wp-content\\\/uploads\\\/2016\\\/02\\\/ilmar-vananurm.jpg\"},{\"@type\":\"BreadcrumbList\",\"@id\":\"https:\\\/\\\/wi.ee\\\/voro\\\/kiranigu\\\/ilmar-vananurm\\\/#breadcrumb\",\"itemListElement\":[{\"@type\":\"ListItem\",\"position\":1,\"name\":\"Home\",\"item\":\"https:\\\/\\\/wi.ee\\\/voro\\\/\"},{\"@type\":\"ListItem\",\"position\":2,\"name\":\"KI\u00c4 OMMA V\u00d5RO KIR\u00c4NIGU\",\"item\":\"https:\\\/\\\/wi.ee\\\/voro\\\/kiranigu\\\/\"},{\"@type\":\"ListItem\",\"position\":3,\"name\":\"Ilmar Vananurm\"}]},{\"@type\":\"WebSite\",\"@id\":\"https:\\\/\\\/wi.ee\\\/voro\\\/#website\",\"url\":\"https:\\\/\\\/wi.ee\\\/voro\\\/\",\"name\":\"V\u00f5ro kir\u00e4nd\u00fcs\",\"description\":\"V\u00f5ro kir\u00e4nd\u00fcse kodoleht\",\"potentialAction\":[{\"@type\":\"SearchAction\",\"target\":{\"@type\":\"EntryPoint\",\"urlTemplate\":\"https:\\\/\\\/wi.ee\\\/voro\\\/?s={search_term_string}\"},\"query-input\":{\"@type\":\"PropertyValueSpecification\",\"valueRequired\":true,\"valueName\":\"search_term_string\"}}],\"inLanguage\":\"et\"}]}<\/script>\n<!-- \/ Yoast SEO plugin. -->","yoast_head_json":{"title":"Ilmar Vananurm - V\u00f5ro kir\u00e4nd\u00fcs","robots":{"index":"index","follow":"follow","max-snippet":"max-snippet:-1","max-image-preview":"max-image-preview:large","max-video-preview":"max-video-preview:-1"},"canonical":"https:\/\/wi.ee\/voro\/kiranigu\/ilmar-vananurm\/","og_locale":"et_EE","og_type":"article","og_title":"Ilmar Vananurm - V\u00f5ro kir\u00e4nd\u00fcs","og_description":"Looming Petserimaa k\u00fclad. I (Hilanamoro 2005) Pesad : v\u00e4ikesed jutud (V\u00f5ru 2005) Petserimaa k\u00fclad. II (Hilanamoro 2006) Petserimaa k\u00fclad. III (Hilanamoro, 2007) Sain haarata hetki : Setomaa hetki aastaist 1994-2007 (Hilanamoro 2008) Vii \u00fcle vii. Armastusluul\u00f5kogomik (Hilanamoro 2008) Ostseewellen. Ausammas lehmale\u00a0 2012 Mu Petserimaa\u00a0 2013 Ei ole kunagi hilja\u00a0 2013 Armastan\u00a0 2015 Lihtne ja hea [&hellip;]","og_url":"https:\/\/wi.ee\/voro\/kiranigu\/ilmar-vananurm\/","og_site_name":"V\u00f5ro kir\u00e4nd\u00fcs","article_modified_time":"2023-01-19T14:53:45+00:00","og_image":[{"url":"http:\/\/wi.ee\/voro\/wp-content\/uploads\/2016\/02\/ilmar-vananurm.jpg","type":"","width":"","height":""}],"twitter_card":"summary_large_image","twitter_misc":{"Est. reading time":"2 minutit"},"schema":{"@context":"https:\/\/schema.org","@graph":[{"@type":"WebPage","@id":"https:\/\/wi.ee\/voro\/kiranigu\/ilmar-vananurm\/","url":"https:\/\/wi.ee\/voro\/kiranigu\/ilmar-vananurm\/","name":"Ilmar Vananurm - V\u00f5ro kir\u00e4nd\u00fcs","isPartOf":{"@id":"https:\/\/wi.ee\/voro\/#website"},"primaryImageOfPage":{"@id":"https:\/\/wi.ee\/voro\/kiranigu\/ilmar-vananurm\/#primaryimage"},"image":{"@id":"https:\/\/wi.ee\/voro\/kiranigu\/ilmar-vananurm\/#primaryimage"},"thumbnailUrl":"http:\/\/wi.ee\/voro\/wp-content\/uploads\/2016\/02\/ilmar-vananurm.jpg","datePublished":"2016-02-02T10:04:43+00:00","dateModified":"2023-01-19T14:53:45+00:00","breadcrumb":{"@id":"https:\/\/wi.ee\/voro\/kiranigu\/ilmar-vananurm\/#breadcrumb"},"inLanguage":"et","potentialAction":[{"@type":"ReadAction","target":["https:\/\/wi.ee\/voro\/kiranigu\/ilmar-vananurm\/"]}]},{"@type":"ImageObject","inLanguage":"et","@id":"https:\/\/wi.ee\/voro\/kiranigu\/ilmar-vananurm\/#primaryimage","url":"http:\/\/wi.ee\/voro\/wp-content\/uploads\/2016\/02\/ilmar-vananurm.jpg","contentUrl":"http:\/\/wi.ee\/voro\/wp-content\/uploads\/2016\/02\/ilmar-vananurm.jpg"},{"@type":"BreadcrumbList","@id":"https:\/\/wi.ee\/voro\/kiranigu\/ilmar-vananurm\/#breadcrumb","itemListElement":[{"@type":"ListItem","position":1,"name":"Home","item":"https:\/\/wi.ee\/voro\/"},{"@type":"ListItem","position":2,"name":"KI\u00c4 OMMA V\u00d5RO KIR\u00c4NIGU","item":"https:\/\/wi.ee\/voro\/kiranigu\/"},{"@type":"ListItem","position":3,"name":"Ilmar Vananurm"}]},{"@type":"WebSite","@id":"https:\/\/wi.ee\/voro\/#website","url":"https:\/\/wi.ee\/voro\/","name":"V\u00f5ro kir\u00e4nd\u00fcs","description":"V\u00f5ro kir\u00e4nd\u00fcse kodoleht","potentialAction":[{"@type":"SearchAction","target":{"@type":"EntryPoint","urlTemplate":"https:\/\/wi.ee\/voro\/?s={search_term_string}"},"query-input":{"@type":"PropertyValueSpecification","valueRequired":true,"valueName":"search_term_string"}}],"inLanguage":"et"}]}},"_links":{"self":[{"href":"https:\/\/wi.ee\/voro\/wp-json\/wp\/v2\/pages\/197","targetHints":{"allow":["GET"]}}],"collection":[{"href":"https:\/\/wi.ee\/voro\/wp-json\/wp\/v2\/pages"}],"about":[{"href":"https:\/\/wi.ee\/voro\/wp-json\/wp\/v2\/types\/page"}],"author":[{"embeddable":true,"href":"https:\/\/wi.ee\/voro\/wp-json\/wp\/v2\/users\/1"}],"replies":[{"embeddable":true,"href":"https:\/\/wi.ee\/voro\/wp-json\/wp\/v2\/comments?post=197"}],"version-history":[{"count":6,"href":"https:\/\/wi.ee\/voro\/wp-json\/wp\/v2\/pages\/197\/revisions"}],"predecessor-version":[{"id":995,"href":"https:\/\/wi.ee\/voro\/wp-json\/wp\/v2\/pages\/197\/revisions\/995"}],"up":[{"embeddable":true,"href":"https:\/\/wi.ee\/voro\/wp-json\/wp\/v2\/pages\/9"}],"wp:attachment":[{"href":"https:\/\/wi.ee\/voro\/wp-json\/wp\/v2\/media?parent=197"}],"curies":[{"name":"wp","href":"https:\/\/api.w.org\/{rel}","templated":true}]}}