{"id":195,"date":"2016-02-02T12:03:39","date_gmt":"2016-02-02T10:03:39","guid":{"rendered":"http:\/\/wi.ee\/voro\/?page_id=195"},"modified":"2023-01-19T16:47:14","modified_gmt":"2023-01-19T14:47:14","slug":"jaan-vahtra","status":"publish","type":"page","link":"https:\/\/wi.ee\/voro\/kiranigu\/jaan-vahtra\/","title":{"rendered":"Jaan Vahtra"},"content":{"rendered":"<p><strong>Jaan Vahtra<\/strong> om v\u00f5ro kir\u00e4nd\u00fcse jaoss t\u00e4hts\u00e4 tim\u00e4aigs\u00f5 rahva elo kujutajana ni setokiilse nallaraamadu kokkos\u00e4\u00e4dj\u00e4n\u00e4.<\/p>\n<p>Kir\u00e4nik ja kunstnik Jaan Vahtra s\u00fcnd\u00fc 23. mail 1882 Moost\u00f5 valla Kaaru k\u00fcl\u00e4 Kits\u00f5 talun k\u00e4sit\u00fc\u00fclise ja talurentniku pojana. 1893-96 ops\u00f5 Vahtra Koiola valla Vanak\u00fcl\u00e4 koolin, 1896-99 R\u00e4pin\u00e4 kihlkunnakoolin. Edesi ops\u00f5 esi.<\/p>\n<p>1911 k\u00e4ve Riia kunstikoolin, 1913 ast Peterburi Kunst\u00f5 Edend\u00e4mise Seltsi kunstikuuli, mink l\u00f5p\u00f5t 1916 maali, joonistamise ja kunstipedagoogika ala p\u00e4\u00e4l.<\/p>\n<p>1916 ast Peterburi Kunstiakadeemial\u00f5, kohe j\u00e4i 1918. aastagani.<\/p>\n<p>1900-1901 t\u00fc\u00fct kantseleiamm\u00f5tniguna R\u00e4pin\u00e4 ja Miikse vallan<\/p>\n<p>1901-1902 oll kuulmeistre Parapalu k\u00fcl\u00e4koolin<\/p>\n<p>1902-1909 kuulmeistre Peri valla M\u00f5tst\u00f5 koolin<\/p>\n<p>1910-1911 t\u00fc\u00fct aolehe Viljandi Teataja toim\u00f5tus\u00f5n<\/p>\n<p>1915-1917 Petrogradin aolehe Pealinna Teataja toim\u00f5tus\u00f5n<\/p>\n<p>1918 \u201cEesti P\u00e4evaleht Peterburis\u201d toim\u00f5tus\u00f5n<\/p>\n<p>1917-1918 joonistamise oppaja Peterburi Jaani kerigu eestikiilsen koolin<\/p>\n<p>Eesti T\u00f6\u00f6rahva Kommuuni aigu 1918. a oll Vahtra V\u00f5run tekev kunstivarad\u00f5 kaitsmisel ja s\u00e4ilit\u00e4misel<\/p>\n<p>1918-1921 joonistusop\u00f5taja V\u00f5ru t\u00fct\u00e4rlatsi g\u00fcmnaasiumin<\/p>\n<p>1921-1924 joonistusop\u00f5taja V\u00f5ru \u00d5petajate Seminarin<\/p>\n<p>1924-1925 joonistusop\u00f5taja Tartu kommertsg\u00fcmnaasiumin<\/p>\n<p>1924-1926 joonistusop\u00f5taja Tartu t\u00fct\u00e4rlatsi g\u00fcmnaasiumin<\/p>\n<p>1926-1933 ja 1935 Pallass\u00f5 kunstikooli opp\u00f5j\u00f5ud<\/p>\n<p>1936-1940 Noor-Eesti Kir\u00e4st\u00fcse kunstiline konsultant<\/p>\n<p>1940 m\u00e4\u00e4r\u00e4ti V\u00f5ru maakonna keskkultuurimaja direktoris<\/p>\n<p>1944 asut aolehe T\u00f6\u00f6rahva Elu ja oll 1944-1945 tuu edim\u00e4ne toim\u00f5taja.<\/p>\n<p>K\u00f5ik aig teguts kunstniguna. Maali ja vabagraafika k\u00f5rval loonu hulga raamadugraafikat (J. Barbarus\u00f5, A. H. Tammsaar\u00f5, L. Koidula, V. Ridala, A. Jakobsoni, J.Jaigi ja t\u00f5isi raamatile)<\/p>\n<p>J. Vahtra kuuli V\u00f5run 27. jaanuaril 1947, mat\u00f5t om t\u00e4 P\u00f5lva surnuaida.<\/p>\n<p>Kir\u00e4nd\u00fcslikku tegots\u00f5mist alost 1900. aastagal. Aolehin avald luul\u00f5tuisi, l\u00fch\u00fcjutt\u00f5, t\u00f5lkid vene, saksa, soom\u00f5 kirotajilt.<\/p>\n<h3>Raamadu<\/h3>\n<p>\u201cSeto nali\u201d 1905 (Tartu) v\u00f5rokiilne raamat, kost v\u00f5i luk\u00f5 rahvanalandid.<\/p>\n<p>\u201cT\u00f5rre talu tagatoas\u201d 1914 (Viljandi) ilmu var&#8217;onime Anni Paluoja all<\/p>\n<p>\u201cMinu noorusmaalt\u201d I-III (Tartu 1934, 1935, 1936) &#8211; tan om kujot\u00f5t kir\u00e4nigu ello 1918. aastani<\/p>\n<p>\u201cLaane kurus\u201d 1935 (Tartu)<\/p>\n<p>\u201cOhvrikivi\u201d 1937 (Tartu) om rahvaperim\u00fcisi kogo<\/p>\n<p>\u201cKuldne laev\u201d 1938 (Tartu)<\/p>\n<p>\u201cMetsaj\u00e4rv\u201d 1940 (Tartu)<\/p>\n<p>\u201cTaevaskoja ja Valgemetsa\u201d 1940 (Tartu)<\/p>\n<p>\u201c\u00d5ngitsemas\u201d 1946 Tallinn<\/p>\n<p>\u201cNoorusmaa\u201d 1947 &#8211; avaldas vahts\u00f5st m\u00e4lest\u00fcisi algusosa<\/p>\n<p>\u201cValitud t\u00f6\u00f6d\u201d 1961 (koostajaq T. Huik ja \u00dc. Poots) memuaari ja publitsistika<\/p>\n<p>T\u00f5lknu om J. Verne\u2019i romaani \u201cDraama Liivimaal\u201d 1937 Tartu<\/p>\n<h3>Jaan Vahtra kotsil\u00f5 saa luk\u00f5:<\/h3>\n<p>J. Barbarus, Jaan Vahtra (Tartu 1933)<\/p>\n<p>Eesti Kirjandus 1934-12 (A. Palm)<\/p>\n<p>Sirp ja Vasar 1. II 1947 (nekroloog)<\/p>\n<p>Keel ja Kirjandus 1971-5 (E. Ploom)<\/p>\n<p>Keel ja Kirjandus 1982-5 (E. Teder)<\/p>\n<p>Looming 1982-11 (K. Laane)<\/p>\n","protected":false},"excerpt":{"rendered":"<p>Jaan Vahtra om v\u00f5ro kir\u00e4nd\u00fcse jaoss t\u00e4hts\u00e4 tim\u00e4aigs\u00f5 rahva elo kujutajana ni setokiilse nallaraamadu kokkos\u00e4\u00e4dj\u00e4n\u00e4. Kir\u00e4nik ja kunstnik Jaan Vahtra s\u00fcnd\u00fc 23. mail 1882 Moost\u00f5 valla Kaaru k\u00fcl\u00e4 Kits\u00f5 talun k\u00e4sit\u00fc\u00fclise ja talurentniku pojana. 1893-96 ops\u00f5 Vahtra Koiola valla Vanak\u00fcl\u00e4 koolin, 1896-99 R\u00e4pin\u00e4 kihlkunnakoolin. Edesi ops\u00f5 esi. 1911 k\u00e4ve Riia kunstikoolin, 1913 ast Peterburi Kunst\u00f5 [&hellip;]<\/p>\n","protected":false},"author":1,"featured_media":0,"parent":9,"menu_order":42,"comment_status":"closed","ping_status":"closed","template":"","meta":{"footnotes":""},"class_list":["post-195","page","type-page","status-publish","hentry"],"yoast_head":"<!-- This site is optimized with the Yoast SEO plugin v27.4 - https:\/\/yoast.com\/product\/yoast-seo-wordpress\/ -->\n<title>Jaan Vahtra - V\u00f5ro kir\u00e4nd\u00fcs<\/title>\n<meta name=\"robots\" content=\"index, follow, max-snippet:-1, max-image-preview:large, max-video-preview:-1\" \/>\n<link rel=\"canonical\" href=\"https:\/\/wi.ee\/voro\/kiranigu\/jaan-vahtra\/\" \/>\n<meta property=\"og:locale\" content=\"et_EE\" \/>\n<meta property=\"og:type\" content=\"article\" \/>\n<meta property=\"og:title\" content=\"Jaan Vahtra - V\u00f5ro kir\u00e4nd\u00fcs\" \/>\n<meta property=\"og:description\" content=\"Jaan Vahtra om v\u00f5ro kir\u00e4nd\u00fcse jaoss t\u00e4hts\u00e4 tim\u00e4aigs\u00f5 rahva elo kujutajana ni setokiilse nallaraamadu kokkos\u00e4\u00e4dj\u00e4n\u00e4. Kir\u00e4nik ja kunstnik Jaan Vahtra s\u00fcnd\u00fc 23. mail 1882 Moost\u00f5 valla Kaaru k\u00fcl\u00e4 Kits\u00f5 talun k\u00e4sit\u00fc\u00fclise ja talurentniku pojana. 1893-96 ops\u00f5 Vahtra Koiola valla Vanak\u00fcl\u00e4 koolin, 1896-99 R\u00e4pin\u00e4 kihlkunnakoolin. Edesi ops\u00f5 esi. 1911 k\u00e4ve Riia kunstikoolin, 1913 ast Peterburi Kunst\u00f5 [&hellip;]\" \/>\n<meta property=\"og:url\" content=\"https:\/\/wi.ee\/voro\/kiranigu\/jaan-vahtra\/\" \/>\n<meta property=\"og:site_name\" content=\"V\u00f5ro kir\u00e4nd\u00fcs\" \/>\n<meta property=\"article:modified_time\" content=\"2023-01-19T14:47:14+00:00\" \/>\n<meta name=\"twitter:card\" content=\"summary_large_image\" \/>\n<meta name=\"twitter:label1\" content=\"Est. reading time\" \/>\n\t<meta name=\"twitter:data1\" content=\"2 minutit\" \/>\n<script type=\"application\/ld+json\" class=\"yoast-schema-graph\">{\"@context\":\"https:\\\/\\\/schema.org\",\"@graph\":[{\"@type\":\"WebPage\",\"@id\":\"https:\\\/\\\/wi.ee\\\/voro\\\/kiranigu\\\/jaan-vahtra\\\/\",\"url\":\"https:\\\/\\\/wi.ee\\\/voro\\\/kiranigu\\\/jaan-vahtra\\\/\",\"name\":\"Jaan Vahtra - V\u00f5ro kir\u00e4nd\u00fcs\",\"isPartOf\":{\"@id\":\"https:\\\/\\\/wi.ee\\\/voro\\\/#website\"},\"datePublished\":\"2016-02-02T10:03:39+00:00\",\"dateModified\":\"2023-01-19T14:47:14+00:00\",\"breadcrumb\":{\"@id\":\"https:\\\/\\\/wi.ee\\\/voro\\\/kiranigu\\\/jaan-vahtra\\\/#breadcrumb\"},\"inLanguage\":\"et\",\"potentialAction\":[{\"@type\":\"ReadAction\",\"target\":[\"https:\\\/\\\/wi.ee\\\/voro\\\/kiranigu\\\/jaan-vahtra\\\/\"]}]},{\"@type\":\"BreadcrumbList\",\"@id\":\"https:\\\/\\\/wi.ee\\\/voro\\\/kiranigu\\\/jaan-vahtra\\\/#breadcrumb\",\"itemListElement\":[{\"@type\":\"ListItem\",\"position\":1,\"name\":\"Home\",\"item\":\"https:\\\/\\\/wi.ee\\\/voro\\\/\"},{\"@type\":\"ListItem\",\"position\":2,\"name\":\"KI\u00c4 OMMA V\u00d5RO KIR\u00c4NIGU\",\"item\":\"https:\\\/\\\/wi.ee\\\/voro\\\/kiranigu\\\/\"},{\"@type\":\"ListItem\",\"position\":3,\"name\":\"Jaan Vahtra\"}]},{\"@type\":\"WebSite\",\"@id\":\"https:\\\/\\\/wi.ee\\\/voro\\\/#website\",\"url\":\"https:\\\/\\\/wi.ee\\\/voro\\\/\",\"name\":\"V\u00f5ro kir\u00e4nd\u00fcs\",\"description\":\"V\u00f5ro kir\u00e4nd\u00fcse kodoleht\",\"potentialAction\":[{\"@type\":\"SearchAction\",\"target\":{\"@type\":\"EntryPoint\",\"urlTemplate\":\"https:\\\/\\\/wi.ee\\\/voro\\\/?s={search_term_string}\"},\"query-input\":{\"@type\":\"PropertyValueSpecification\",\"valueRequired\":true,\"valueName\":\"search_term_string\"}}],\"inLanguage\":\"et\"}]}<\/script>\n<!-- \/ Yoast SEO plugin. -->","yoast_head_json":{"title":"Jaan Vahtra - V\u00f5ro kir\u00e4nd\u00fcs","robots":{"index":"index","follow":"follow","max-snippet":"max-snippet:-1","max-image-preview":"max-image-preview:large","max-video-preview":"max-video-preview:-1"},"canonical":"https:\/\/wi.ee\/voro\/kiranigu\/jaan-vahtra\/","og_locale":"et_EE","og_type":"article","og_title":"Jaan Vahtra - V\u00f5ro kir\u00e4nd\u00fcs","og_description":"Jaan Vahtra om v\u00f5ro kir\u00e4nd\u00fcse jaoss t\u00e4hts\u00e4 tim\u00e4aigs\u00f5 rahva elo kujutajana ni setokiilse nallaraamadu kokkos\u00e4\u00e4dj\u00e4n\u00e4. Kir\u00e4nik ja kunstnik Jaan Vahtra s\u00fcnd\u00fc 23. mail 1882 Moost\u00f5 valla Kaaru k\u00fcl\u00e4 Kits\u00f5 talun k\u00e4sit\u00fc\u00fclise ja talurentniku pojana. 1893-96 ops\u00f5 Vahtra Koiola valla Vanak\u00fcl\u00e4 koolin, 1896-99 R\u00e4pin\u00e4 kihlkunnakoolin. Edesi ops\u00f5 esi. 1911 k\u00e4ve Riia kunstikoolin, 1913 ast Peterburi Kunst\u00f5 [&hellip;]","og_url":"https:\/\/wi.ee\/voro\/kiranigu\/jaan-vahtra\/","og_site_name":"V\u00f5ro kir\u00e4nd\u00fcs","article_modified_time":"2023-01-19T14:47:14+00:00","twitter_card":"summary_large_image","twitter_misc":{"Est. reading time":"2 minutit"},"schema":{"@context":"https:\/\/schema.org","@graph":[{"@type":"WebPage","@id":"https:\/\/wi.ee\/voro\/kiranigu\/jaan-vahtra\/","url":"https:\/\/wi.ee\/voro\/kiranigu\/jaan-vahtra\/","name":"Jaan Vahtra - V\u00f5ro kir\u00e4nd\u00fcs","isPartOf":{"@id":"https:\/\/wi.ee\/voro\/#website"},"datePublished":"2016-02-02T10:03:39+00:00","dateModified":"2023-01-19T14:47:14+00:00","breadcrumb":{"@id":"https:\/\/wi.ee\/voro\/kiranigu\/jaan-vahtra\/#breadcrumb"},"inLanguage":"et","potentialAction":[{"@type":"ReadAction","target":["https:\/\/wi.ee\/voro\/kiranigu\/jaan-vahtra\/"]}]},{"@type":"BreadcrumbList","@id":"https:\/\/wi.ee\/voro\/kiranigu\/jaan-vahtra\/#breadcrumb","itemListElement":[{"@type":"ListItem","position":1,"name":"Home","item":"https:\/\/wi.ee\/voro\/"},{"@type":"ListItem","position":2,"name":"KI\u00c4 OMMA V\u00d5RO KIR\u00c4NIGU","item":"https:\/\/wi.ee\/voro\/kiranigu\/"},{"@type":"ListItem","position":3,"name":"Jaan Vahtra"}]},{"@type":"WebSite","@id":"https:\/\/wi.ee\/voro\/#website","url":"https:\/\/wi.ee\/voro\/","name":"V\u00f5ro kir\u00e4nd\u00fcs","description":"V\u00f5ro kir\u00e4nd\u00fcse kodoleht","potentialAction":[{"@type":"SearchAction","target":{"@type":"EntryPoint","urlTemplate":"https:\/\/wi.ee\/voro\/?s={search_term_string}"},"query-input":{"@type":"PropertyValueSpecification","valueRequired":true,"valueName":"search_term_string"}}],"inLanguage":"et"}]}},"_links":{"self":[{"href":"https:\/\/wi.ee\/voro\/wp-json\/wp\/v2\/pages\/195","targetHints":{"allow":["GET"]}}],"collection":[{"href":"https:\/\/wi.ee\/voro\/wp-json\/wp\/v2\/pages"}],"about":[{"href":"https:\/\/wi.ee\/voro\/wp-json\/wp\/v2\/types\/page"}],"author":[{"embeddable":true,"href":"https:\/\/wi.ee\/voro\/wp-json\/wp\/v2\/users\/1"}],"replies":[{"embeddable":true,"href":"https:\/\/wi.ee\/voro\/wp-json\/wp\/v2\/comments?post=195"}],"version-history":[{"count":3,"href":"https:\/\/wi.ee\/voro\/wp-json\/wp\/v2\/pages\/195\/revisions"}],"predecessor-version":[{"id":993,"href":"https:\/\/wi.ee\/voro\/wp-json\/wp\/v2\/pages\/195\/revisions\/993"}],"up":[{"embeddable":true,"href":"https:\/\/wi.ee\/voro\/wp-json\/wp\/v2\/pages\/9"}],"wp:attachment":[{"href":"https:\/\/wi.ee\/voro\/wp-json\/wp\/v2\/media?parent=195"}],"curies":[{"name":"wp","href":"https:\/\/api.w.org\/{rel}","templated":true}]}}