{"id":192,"date":"2016-02-02T12:02:32","date_gmt":"2016-02-02T10:02:32","guid":{"rendered":"http:\/\/wi.ee\/voro\/?page_id=192"},"modified":"2018-06-29T15:29:35","modified_gmt":"2018-06-29T12:29:35","slug":"lauri-sommer","status":"publish","type":"page","link":"https:\/\/wi.ee\/voro\/kiranigu\/lauri-sommer\/","title":{"rendered":"Lauri Sommer"},"content":{"rendered":"<p><a href=\"http:\/\/wi.ee\/voro\/wp-content\/uploads\/2016\/02\/lauri-sommer.jpg\" rel=\"attachment wp-att-193\" data-rel=\"lightbox-image-0\" data-rl_title=\"\" data-rl_caption=\"\" title=\"\"><img loading=\"lazy\" decoding=\"async\" class=\"alignleft size-medium wp-image-193\" src=\"http:\/\/wi.ee\/voro\/wp-content\/uploads\/2016\/02\/lauri-sommer-300x288.jpg\" alt=\"lauri-sommer\" width=\"300\" height=\"288\" srcset=\"https:\/\/wi.ee\/voro\/wp-content\/uploads\/2016\/02\/lauri-sommer-300x288.jpg 300w, https:\/\/wi.ee\/voro\/wp-content\/uploads\/2016\/02\/lauri-sommer.jpg 542w\" sizes=\"auto, (max-width: 300px) 100vw, 300px\" \/><\/a>Sommeri Lauri s\u00fcnd\u00fc 2. mahlakuu (aprilli) p\u00e4\u00e4v\u00e4l 1973. aastagal J\u00e4mejala k\u00fcl\u00e4n Vil\u00e4ndi k\u00fcle all. T\u00e4 es \u00fctles jutun \u201dLats\u00f5p\u00f5li S\u00e4nn\u00e4h\u201d nii: \u201dMino elo om \u00e4rq m\u00e4\u00e4r\u00e4n\u00fcq kats paika \u2013 edim\u00e4lt, Vil\u00e4ndi k\u00fcle alon\u00f5 J\u00e4mmejala uma aia ni pargiga. S\u00e4\u00e4l ma elli nelli edim\u00e4st eloaastakka. Ja t\u00f5s\u00f5s, V\u00f5romain\u00f5 S\u00e4nn\u00e4, koh olli lats\u00f5p\u00f5lv\u00f5h 70ndite l\u00f5pu ni 80ndide suv\u00f5q ni m\u00f5n\u00f5q koolivaheaoq ni n\u00e4d\u00e4livahetus\u00f5q muiel kuil.\u201d<\/p>\n<p>Parhillaki el\u00e4s Sommeri Lauri kas S\u00e4nn\u00e4-l\u00e4hk\u00fcdsen R\u00e4est\u00fc k\u00fcl\u00e4n V\u00f5romaal vai s\u00f5s Tarton Toom\u00f5m\u00e4el.<br \/>\nSommeri Lauri luul\u00f5tas, kirotas jutt\u00f5 jm, minkast paljod\u00f5l om selge l\u00f5un\u00f5eestiline kum\u00f5hus. T\u00e4 kuulus kir\u00e4nd\u00fcs\u00fctist\u00fcste Erakkond. Magistrikraadi kir\u00e4nd\u00fcsen sai 2003. aastagal, uurin Uku Masingu kogo \u201dSaadik Magellani pilvedest\u201d tagap\u00f5hjo.<\/p>\n<p>Muusiga ni lauluga l\u00fc\u00fc t\u00e4 \u00fcten punden Kago, Liinatsuraq ja Ytsiots\u00f5. Sommeri Lauri om tenn\u00fc vai s\u00e4\u00e4dn\u00fc laul\u00f5 ka uman keelen.<\/p>\n<p>Klassikaraadion om t\u00e4 tenn\u00fc saatit murd\u00f5luul\u00f5st (L\u00e4ttem\u00e4e, Baturin).<\/p>\n<p>2011. aastagal kirotas kodokotuss\u00f5raamatut Juhan Jaigi elo ni loominguga k\u00f6\u00fcd\u00fcssen.<\/p>\n<h3>Looming<\/h3>\n<p>Luul\u00f5kogo:<\/p>\n<p>&#8220;Laurila&#8221; (1998)<\/p>\n<p>&#8220;Raagraamis poiss&#8221; (2000)<\/p>\n<p>&#8220;N\u00f5idade \u00f5rnus&#8221; (2004)<\/p>\n<p>&#8220;K., L. ja N.&#8221; (2008)<\/p>\n<p>&#8220;kunagi&#8221; (2015)<\/p>\n<p>T\u00f5lknu Guillauime APOLLINAIRE\u00b4i seto kiilde Ninniku 2004 nr 6<\/p>\n<p>T\u00f5lknu ja kirotanu per\u00e4s\u00f5na: Richard Brautigan &#8220;Hanguga elavh\u00f5bedat pildudes&#8221; (2007)<\/p>\n<p>Kokko pannu ja per\u00e4s\u00f5na kirotanu: Andres Allan &#8220;\u00d6\u00f6tr\u00fckid&#8221; (2009)<\/p>\n<p>T\u00f5lknu Brautigani romaani &#8220;Et tuul seda \u00e4ra ei puhuks&#8221; (2010)<\/p>\n<p>Matsuo B\u0100SHO haikuvalimik (kaudt\u00f5g\u00f5) Tiivaalune 2011<\/p>\n<p>Proosa:<\/p>\n<p>\u00abKa pungi tee j\u00e4tab j\u00e4lje\u00bb Vikerkaar 2007, nr 6<\/p>\n<p>\u00abLapsep\u00f5lv haigla taustal\u00bb Looming 2007, nr 5<\/p>\n<p>\u00abTsalga rahvas\u00bb Sirp 15. VIII 2008<\/p>\n<p>\u201dKylask\u00e4ik\u201d Vikerkaar 2008, nr 6, lk 32-45<\/p>\n<p>\u201dAnd\u201d Looming 2009, nr 6, lk 744-763<\/p>\n<p>&#8220;Kolm yksiklast&#8221; (2010)<\/p>\n<p>&#8220;R\u00e4estu raamat&#8221; (2012)<\/p>\n<p>&#8220;Sealpool sood&#8221; (2014)<\/p>\n<p>&#8220;Lugusid l\u00f5unast&#8221; (2016)<\/p>\n<p>Artikli:<\/p>\n<p>Ymberlaulatus [Kauksi Ylle luul\u00f5kogost \u201cN\u00f5s\u00f5q r\u00f5\u00f5mu m\u00f5rsija\u201d] Looming 2002, nr 3<\/p>\n<p>Lats\u00f5p\u00f5li S\u00e4nn\u00e4h. Peko Hel\u00fc 2006, nr 1 ja 2, lk 22- 24; lk 28-30<\/p>\n<p>Eha L\u00e4ttem\u00e4e seisab mitme kultuuri veerel. Sakala 20.II 2008, lk 6<\/p>\n<p>Laulan, kuni elan \u2013 kuugu, kooni kool\u00f5 [ Laulmisest kui olemise viisist, Eesti rahvalaulust]. Epifanio 2008, nr 9, lk 10-11<\/p>\n<p>Sinivalla serval \u2013 Nikas luuletajana (raamatun \u00abRetked avarilmadest \u2013 m\u00f5tisklusi Nikolai Baturini loomingust\u00bb EKS, 2009)<\/p>\n<p>L\u00f5una-Eesti m\u00e4rgid Bernard Kangro loomingus. Sirp 5. XI 2010, lk 6-7<\/p>\n<p>Uku hilisluule elutundest. Inimesepoeg Valgel laeval: Uku Masing 100. Tartu, 2010. Lk 354-371<\/p>\n<p>Mida ta n\u00e4idanud on: Jaan Kaplinski 70. Looming 2011, nr 1, lk 96-104<\/p>\n<p>Raadiosaat\u00f5:<\/p>\n<p>http:\/\/arhiiv.err.ee.\/otsi\/lauri%20sommer<\/p>\n<p>Tim\u00e4 loomingu kotsile om luk\u00f5:<\/p>\n<p>Matsin, P. M\u00f5ningaid kohtumisi, lende ja nokat\u00e4isi Sommeriga. Sirp 11. IV 2008.<\/p>\n<p>Kaus, J. Voolavus ja ekstaas. Sirp, 26.II 2010<\/p>\n<p>Kaints, H. Lugemisaasta lugemisi. Eestikeelne proosakirjandus 2010. Looming 2011 nr 3, lk 407<\/p>\n<p>Vikergallup. Eesti kirjandus 2010. Vikarkaar 2011 nr 3, lk 118- 128<\/p>\n<p>Vint, T. [Lauri Sommer. Kolm yksiklast]. Eesti Ekspress 11. III 2010, lk 34<\/p>\n<p>Helme. P. [Lauri Sommer. Kolm yksiklast]. Eesti Ekspress 25.III 2010, lk 28<\/p>\n<p>J\u00fcrna, A.\u00a0Lugu \u00fcksildusest ja armastusest.\u00a0[Lauri Sommer. Kolm yksiklast] Eesti P\u00e4evaleht 12.II 2010<\/p>\n<p>\u00d5nnepalu, T. Uus tase uues dokumentaalproosas. http:\/\/blog.varrak.ee\/?p=2556<\/p>\n<p>Klemet, M-L.\u00a0Mis on kodu, kus on kodu, kus on kodukoht? [Lauri Sommer. R\u00e4estu raamat] Sirp 9.VIII 2012<\/p>\n<p>Ala, J. R\u00e4estu r\u00e4-r\u00e4-r\u00e4-r\u00e4gastikud. Vikerkaar\u00a02012, nr\u00a010\u201311, lk\u00a0179.<\/p>\n<p>Melts, B. Loominguline aruanne l\u00f5unakaarest. Sirp 25.XI 2016<\/p>\n<p>http:\/\/kirjandusjakeel.blogspot.com\/2010\/05\/lauri-sommer-kolm-yksiklast.html<\/p>\n<p>Intervjuu jms<\/p>\n<p>\u00dcksinduse vaatleja. Sommeri Lauri k\u00e4est k\u00fcs\u00fcs tim\u00e4 loomingu kotsile Jan Kaus. Sirp 19. XI 2010, lk 8<\/p>\n<p>Sibrits, H. Lauri Sommer: iga elu on jutustus. Postimees 2.\u00a0XI\u00a02016.<\/p>\n<p class=\"main-title\">\n","protected":false},"excerpt":{"rendered":"<p>Sommeri Lauri s\u00fcnd\u00fc 2. mahlakuu (aprilli) p\u00e4\u00e4v\u00e4l 1973. aastagal J\u00e4mejala k\u00fcl\u00e4n Vil\u00e4ndi k\u00fcle all. T\u00e4 es \u00fctles jutun \u201dLats\u00f5p\u00f5li S\u00e4nn\u00e4h\u201d nii: \u201dMino elo om \u00e4rq m\u00e4\u00e4r\u00e4n\u00fcq kats paika \u2013 edim\u00e4lt, Vil\u00e4ndi k\u00fcle alon\u00f5 J\u00e4mmejala uma aia ni pargiga. S\u00e4\u00e4l ma elli nelli edim\u00e4st eloaastakka. Ja t\u00f5s\u00f5s, V\u00f5romain\u00f5 S\u00e4nn\u00e4, koh olli lats\u00f5p\u00f5lv\u00f5h 70ndite l\u00f5pu ni 80ndide [&hellip;]<\/p>\n","protected":false},"author":1,"featured_media":0,"parent":9,"menu_order":41,"comment_status":"closed","ping_status":"closed","template":"","meta":{"footnotes":""},"class_list":["post-192","page","type-page","status-publish","hentry"],"yoast_head":"<!-- This site is optimized with the Yoast SEO plugin v27.4 - https:\/\/yoast.com\/product\/yoast-seo-wordpress\/ -->\n<title>Lauri Sommer - V\u00f5ro kir\u00e4nd\u00fcs<\/title>\n<meta name=\"robots\" content=\"index, follow, max-snippet:-1, max-image-preview:large, max-video-preview:-1\" \/>\n<link rel=\"canonical\" href=\"https:\/\/wi.ee\/voro\/kiranigu\/lauri-sommer\/\" \/>\n<meta property=\"og:locale\" content=\"et_EE\" \/>\n<meta property=\"og:type\" content=\"article\" \/>\n<meta property=\"og:title\" content=\"Lauri Sommer - V\u00f5ro kir\u00e4nd\u00fcs\" \/>\n<meta property=\"og:description\" content=\"Sommeri Lauri s\u00fcnd\u00fc 2. mahlakuu (aprilli) p\u00e4\u00e4v\u00e4l 1973. aastagal J\u00e4mejala k\u00fcl\u00e4n Vil\u00e4ndi k\u00fcle all. T\u00e4 es \u00fctles jutun \u201dLats\u00f5p\u00f5li S\u00e4nn\u00e4h\u201d nii: \u201dMino elo om \u00e4rq m\u00e4\u00e4r\u00e4n\u00fcq kats paika \u2013 edim\u00e4lt, Vil\u00e4ndi k\u00fcle alon\u00f5 J\u00e4mmejala uma aia ni pargiga. S\u00e4\u00e4l ma elli nelli edim\u00e4st eloaastakka. Ja t\u00f5s\u00f5s, V\u00f5romain\u00f5 S\u00e4nn\u00e4, koh olli lats\u00f5p\u00f5lv\u00f5h 70ndite l\u00f5pu ni 80ndide [&hellip;]\" \/>\n<meta property=\"og:url\" content=\"https:\/\/wi.ee\/voro\/kiranigu\/lauri-sommer\/\" \/>\n<meta property=\"og:site_name\" content=\"V\u00f5ro kir\u00e4nd\u00fcs\" \/>\n<meta property=\"article:modified_time\" content=\"2018-06-29T12:29:35+00:00\" \/>\n<meta property=\"og:image\" content=\"http:\/\/wi.ee\/voro\/wp-content\/uploads\/2016\/02\/lauri-sommer-300x288.jpg\" \/>\n<meta name=\"twitter:card\" content=\"summary_large_image\" \/>\n<meta name=\"twitter:label1\" content=\"Est. reading time\" \/>\n\t<meta name=\"twitter:data1\" content=\"3 minutit\" \/>\n<script type=\"application\/ld+json\" class=\"yoast-schema-graph\">{\"@context\":\"https:\\\/\\\/schema.org\",\"@graph\":[{\"@type\":\"WebPage\",\"@id\":\"https:\\\/\\\/wi.ee\\\/voro\\\/kiranigu\\\/lauri-sommer\\\/\",\"url\":\"https:\\\/\\\/wi.ee\\\/voro\\\/kiranigu\\\/lauri-sommer\\\/\",\"name\":\"Lauri Sommer - V\u00f5ro kir\u00e4nd\u00fcs\",\"isPartOf\":{\"@id\":\"https:\\\/\\\/wi.ee\\\/voro\\\/#website\"},\"primaryImageOfPage\":{\"@id\":\"https:\\\/\\\/wi.ee\\\/voro\\\/kiranigu\\\/lauri-sommer\\\/#primaryimage\"},\"image\":{\"@id\":\"https:\\\/\\\/wi.ee\\\/voro\\\/kiranigu\\\/lauri-sommer\\\/#primaryimage\"},\"thumbnailUrl\":\"http:\\\/\\\/wi.ee\\\/voro\\\/wp-content\\\/uploads\\\/2016\\\/02\\\/lauri-sommer-300x288.jpg\",\"datePublished\":\"2016-02-02T10:02:32+00:00\",\"dateModified\":\"2018-06-29T12:29:35+00:00\",\"breadcrumb\":{\"@id\":\"https:\\\/\\\/wi.ee\\\/voro\\\/kiranigu\\\/lauri-sommer\\\/#breadcrumb\"},\"inLanguage\":\"et\",\"potentialAction\":[{\"@type\":\"ReadAction\",\"target\":[\"https:\\\/\\\/wi.ee\\\/voro\\\/kiranigu\\\/lauri-sommer\\\/\"]}]},{\"@type\":\"ImageObject\",\"inLanguage\":\"et\",\"@id\":\"https:\\\/\\\/wi.ee\\\/voro\\\/kiranigu\\\/lauri-sommer\\\/#primaryimage\",\"url\":\"http:\\\/\\\/wi.ee\\\/voro\\\/wp-content\\\/uploads\\\/2016\\\/02\\\/lauri-sommer-300x288.jpg\",\"contentUrl\":\"http:\\\/\\\/wi.ee\\\/voro\\\/wp-content\\\/uploads\\\/2016\\\/02\\\/lauri-sommer-300x288.jpg\"},{\"@type\":\"BreadcrumbList\",\"@id\":\"https:\\\/\\\/wi.ee\\\/voro\\\/kiranigu\\\/lauri-sommer\\\/#breadcrumb\",\"itemListElement\":[{\"@type\":\"ListItem\",\"position\":1,\"name\":\"Home\",\"item\":\"https:\\\/\\\/wi.ee\\\/voro\\\/\"},{\"@type\":\"ListItem\",\"position\":2,\"name\":\"KI\u00c4 OMMA V\u00d5RO KIR\u00c4NIGU\",\"item\":\"https:\\\/\\\/wi.ee\\\/voro\\\/kiranigu\\\/\"},{\"@type\":\"ListItem\",\"position\":3,\"name\":\"Lauri Sommer\"}]},{\"@type\":\"WebSite\",\"@id\":\"https:\\\/\\\/wi.ee\\\/voro\\\/#website\",\"url\":\"https:\\\/\\\/wi.ee\\\/voro\\\/\",\"name\":\"V\u00f5ro kir\u00e4nd\u00fcs\",\"description\":\"V\u00f5ro kir\u00e4nd\u00fcse kodoleht\",\"potentialAction\":[{\"@type\":\"SearchAction\",\"target\":{\"@type\":\"EntryPoint\",\"urlTemplate\":\"https:\\\/\\\/wi.ee\\\/voro\\\/?s={search_term_string}\"},\"query-input\":{\"@type\":\"PropertyValueSpecification\",\"valueRequired\":true,\"valueName\":\"search_term_string\"}}],\"inLanguage\":\"et\"}]}<\/script>\n<!-- \/ Yoast SEO plugin. -->","yoast_head_json":{"title":"Lauri Sommer - V\u00f5ro kir\u00e4nd\u00fcs","robots":{"index":"index","follow":"follow","max-snippet":"max-snippet:-1","max-image-preview":"max-image-preview:large","max-video-preview":"max-video-preview:-1"},"canonical":"https:\/\/wi.ee\/voro\/kiranigu\/lauri-sommer\/","og_locale":"et_EE","og_type":"article","og_title":"Lauri Sommer - V\u00f5ro kir\u00e4nd\u00fcs","og_description":"Sommeri Lauri s\u00fcnd\u00fc 2. mahlakuu (aprilli) p\u00e4\u00e4v\u00e4l 1973. aastagal J\u00e4mejala k\u00fcl\u00e4n Vil\u00e4ndi k\u00fcle all. T\u00e4 es \u00fctles jutun \u201dLats\u00f5p\u00f5li S\u00e4nn\u00e4h\u201d nii: \u201dMino elo om \u00e4rq m\u00e4\u00e4r\u00e4n\u00fcq kats paika \u2013 edim\u00e4lt, Vil\u00e4ndi k\u00fcle alon\u00f5 J\u00e4mmejala uma aia ni pargiga. S\u00e4\u00e4l ma elli nelli edim\u00e4st eloaastakka. Ja t\u00f5s\u00f5s, V\u00f5romain\u00f5 S\u00e4nn\u00e4, koh olli lats\u00f5p\u00f5lv\u00f5h 70ndite l\u00f5pu ni 80ndide [&hellip;]","og_url":"https:\/\/wi.ee\/voro\/kiranigu\/lauri-sommer\/","og_site_name":"V\u00f5ro kir\u00e4nd\u00fcs","article_modified_time":"2018-06-29T12:29:35+00:00","og_image":[{"url":"http:\/\/wi.ee\/voro\/wp-content\/uploads\/2016\/02\/lauri-sommer-300x288.jpg","type":"","width":"","height":""}],"twitter_card":"summary_large_image","twitter_misc":{"Est. reading time":"3 minutit"},"schema":{"@context":"https:\/\/schema.org","@graph":[{"@type":"WebPage","@id":"https:\/\/wi.ee\/voro\/kiranigu\/lauri-sommer\/","url":"https:\/\/wi.ee\/voro\/kiranigu\/lauri-sommer\/","name":"Lauri Sommer - V\u00f5ro kir\u00e4nd\u00fcs","isPartOf":{"@id":"https:\/\/wi.ee\/voro\/#website"},"primaryImageOfPage":{"@id":"https:\/\/wi.ee\/voro\/kiranigu\/lauri-sommer\/#primaryimage"},"image":{"@id":"https:\/\/wi.ee\/voro\/kiranigu\/lauri-sommer\/#primaryimage"},"thumbnailUrl":"http:\/\/wi.ee\/voro\/wp-content\/uploads\/2016\/02\/lauri-sommer-300x288.jpg","datePublished":"2016-02-02T10:02:32+00:00","dateModified":"2018-06-29T12:29:35+00:00","breadcrumb":{"@id":"https:\/\/wi.ee\/voro\/kiranigu\/lauri-sommer\/#breadcrumb"},"inLanguage":"et","potentialAction":[{"@type":"ReadAction","target":["https:\/\/wi.ee\/voro\/kiranigu\/lauri-sommer\/"]}]},{"@type":"ImageObject","inLanguage":"et","@id":"https:\/\/wi.ee\/voro\/kiranigu\/lauri-sommer\/#primaryimage","url":"http:\/\/wi.ee\/voro\/wp-content\/uploads\/2016\/02\/lauri-sommer-300x288.jpg","contentUrl":"http:\/\/wi.ee\/voro\/wp-content\/uploads\/2016\/02\/lauri-sommer-300x288.jpg"},{"@type":"BreadcrumbList","@id":"https:\/\/wi.ee\/voro\/kiranigu\/lauri-sommer\/#breadcrumb","itemListElement":[{"@type":"ListItem","position":1,"name":"Home","item":"https:\/\/wi.ee\/voro\/"},{"@type":"ListItem","position":2,"name":"KI\u00c4 OMMA V\u00d5RO KIR\u00c4NIGU","item":"https:\/\/wi.ee\/voro\/kiranigu\/"},{"@type":"ListItem","position":3,"name":"Lauri Sommer"}]},{"@type":"WebSite","@id":"https:\/\/wi.ee\/voro\/#website","url":"https:\/\/wi.ee\/voro\/","name":"V\u00f5ro kir\u00e4nd\u00fcs","description":"V\u00f5ro kir\u00e4nd\u00fcse kodoleht","potentialAction":[{"@type":"SearchAction","target":{"@type":"EntryPoint","urlTemplate":"https:\/\/wi.ee\/voro\/?s={search_term_string}"},"query-input":{"@type":"PropertyValueSpecification","valueRequired":true,"valueName":"search_term_string"}}],"inLanguage":"et"}]}},"_links":{"self":[{"href":"https:\/\/wi.ee\/voro\/wp-json\/wp\/v2\/pages\/192","targetHints":{"allow":["GET"]}}],"collection":[{"href":"https:\/\/wi.ee\/voro\/wp-json\/wp\/v2\/pages"}],"about":[{"href":"https:\/\/wi.ee\/voro\/wp-json\/wp\/v2\/types\/page"}],"author":[{"embeddable":true,"href":"https:\/\/wi.ee\/voro\/wp-json\/wp\/v2\/users\/1"}],"replies":[{"embeddable":true,"href":"https:\/\/wi.ee\/voro\/wp-json\/wp\/v2\/comments?post=192"}],"version-history":[{"count":4,"href":"https:\/\/wi.ee\/voro\/wp-json\/wp\/v2\/pages\/192\/revisions"}],"predecessor-version":[{"id":427,"href":"https:\/\/wi.ee\/voro\/wp-json\/wp\/v2\/pages\/192\/revisions\/427"}],"up":[{"embeddable":true,"href":"https:\/\/wi.ee\/voro\/wp-json\/wp\/v2\/pages\/9"}],"wp:attachment":[{"href":"https:\/\/wi.ee\/voro\/wp-json\/wp\/v2\/media?parent=192"}],"curies":[{"name":"wp","href":"https:\/\/api.w.org\/{rel}","templated":true}]}}