{"id":190,"date":"2016-02-02T11:59:03","date_gmt":"2016-02-02T09:59:03","guid":{"rendered":"http:\/\/wi.ee\/voro\/?page_id=190"},"modified":"2023-01-19T16:44:43","modified_gmt":"2023-01-19T14:44:43","slug":"johannes-siska","status":"publish","type":"page","link":"https:\/\/wi.ee\/voro\/kiranigu\/johannes-siska\/","title":{"rendered":"Johannes Siska"},"content":{"rendered":"<p>R\u00f5ug\u00f5 vallan Hino k\u00fcl\u00e4n 29.III 1913 s\u00fcnd\u00fcn\u00fc V\u00f5ro luul\u00f5taja <strong>Johannes Siska<\/strong> lats\u00f5p\u00f5lv\u00f5kodo oll Siberin. Sattu sinn\u00e4 tuuper\u00e4st et tim\u00e4 es\u00e4 l\u00e4ts edim\u00e4dse ilmas\u00f5a aigu rinde as\u00f5mal Kaug-Itta. Tagasi tull pere 1921. aasta s\u00fcg\u00fcse, kui luul\u00f5taja oll 8 aastan\u00f5.<\/p>\n<p>Per\u00e4st kar\u2019as\u00f5p\u00f5lv\u00f5 tull hind\u00e4le esi leib\u00e4 tiini, esialgu k\u00fctjana laiva p\u00e4\u00e4l. 33. a. tiinse sundaigu Eesti Vabariigi merev\u00e4en.<\/p>\n<p>1940 a. l\u00f5p\u00f5t t\u00e4 eksternina g\u00fcmnaasiumi Tallinnan. Tuusama aasta ast Tallinna Tehnika\u00fclikuuli. Kor\u00f5mba haridus\u00f5 sai TPI \u00f5dakuds\u00f5n sektorin masinaehit\u00fcsen.T\u00fc\u00fct mitmide laivu p\u00e4\u00e4l.<\/p>\n<p>Siska kirot v\u00f5rokiilsid luul\u00f5tuisi ja aolehile artiklid. T\u00e4 oll kir\u00e4vahetus\u00f5n Artur Adsoni ja Hella Keemaga.<\/p>\n<p>Heino Sika andmil um t\u00e4l korat 24 luul\u00f5tust, a noid v\u00f5i inemisi k\u00e4en viil lisas olla. Siska um suuvnu uma v\u00f5rokiilse kogu v\u00e4ll\u00e4andmist. P\u00e4\u00e4lkirigi um ol\u00f5man: \u201cKodov\u00e4reti\u2019\u201d<\/p>\n<p>Kuuli 13. mail 1973 infarkti Talina Meremuuseumin, kos t\u00e4 valvurina t\u00fc\u00fct. Mat\u00f5t R\u00f5ug\u00f5l\u00f5 Jaani-Peebu kalmistul\u00f5.<\/p>\n<h3>Looming<\/h3>\n<p>&#8220;Kodov\u00e4reti'&#8221; (V\u00f5ro Instituut 2008)<\/p>\n","protected":false},"excerpt":{"rendered":"<p>R\u00f5ug\u00f5 vallan Hino k\u00fcl\u00e4n 29.III 1913 s\u00fcnd\u00fcn\u00fc V\u00f5ro luul\u00f5taja Johannes Siska lats\u00f5p\u00f5lv\u00f5kodo oll Siberin. Sattu sinn\u00e4 tuuper\u00e4st et tim\u00e4 es\u00e4 l\u00e4ts edim\u00e4dse ilmas\u00f5a aigu rinde as\u00f5mal Kaug-Itta. Tagasi tull pere 1921. aasta s\u00fcg\u00fcse, kui luul\u00f5taja oll 8 aastan\u00f5. Per\u00e4st kar\u2019as\u00f5p\u00f5lv\u00f5 tull hind\u00e4le esi leib\u00e4 tiini, esialgu k\u00fctjana laiva p\u00e4\u00e4l. 33. a. tiinse sundaigu Eesti Vabariigi [&hellip;]<\/p>\n","protected":false},"author":1,"featured_media":0,"parent":9,"menu_order":40,"comment_status":"closed","ping_status":"closed","template":"","meta":{"footnotes":""},"class_list":["post-190","page","type-page","status-publish","hentry"],"yoast_head":"<!-- This site is optimized with the Yoast SEO plugin v27.4 - https:\/\/yoast.com\/product\/yoast-seo-wordpress\/ -->\n<title>Johannes Siska - V\u00f5ro kir\u00e4nd\u00fcs<\/title>\n<meta name=\"robots\" content=\"index, follow, max-snippet:-1, max-image-preview:large, max-video-preview:-1\" \/>\n<link rel=\"canonical\" href=\"https:\/\/wi.ee\/voro\/kiranigu\/johannes-siska\/\" \/>\n<meta property=\"og:locale\" content=\"et_EE\" \/>\n<meta property=\"og:type\" content=\"article\" \/>\n<meta property=\"og:title\" content=\"Johannes Siska - V\u00f5ro kir\u00e4nd\u00fcs\" \/>\n<meta property=\"og:description\" content=\"R\u00f5ug\u00f5 vallan Hino k\u00fcl\u00e4n 29.III 1913 s\u00fcnd\u00fcn\u00fc V\u00f5ro luul\u00f5taja Johannes Siska lats\u00f5p\u00f5lv\u00f5kodo oll Siberin. Sattu sinn\u00e4 tuuper\u00e4st et tim\u00e4 es\u00e4 l\u00e4ts edim\u00e4dse ilmas\u00f5a aigu rinde as\u00f5mal Kaug-Itta. Tagasi tull pere 1921. aasta s\u00fcg\u00fcse, kui luul\u00f5taja oll 8 aastan\u00f5. Per\u00e4st kar\u2019as\u00f5p\u00f5lv\u00f5 tull hind\u00e4le esi leib\u00e4 tiini, esialgu k\u00fctjana laiva p\u00e4\u00e4l. 33. a. tiinse sundaigu Eesti Vabariigi [&hellip;]\" \/>\n<meta property=\"og:url\" content=\"https:\/\/wi.ee\/voro\/kiranigu\/johannes-siska\/\" \/>\n<meta property=\"og:site_name\" content=\"V\u00f5ro kir\u00e4nd\u00fcs\" \/>\n<meta property=\"article:modified_time\" content=\"2023-01-19T14:44:43+00:00\" \/>\n<meta name=\"twitter:card\" content=\"summary_large_image\" \/>\n<meta name=\"twitter:label1\" content=\"Est. reading time\" \/>\n\t<meta name=\"twitter:data1\" content=\"1 minut\" \/>\n<script type=\"application\/ld+json\" class=\"yoast-schema-graph\">{\"@context\":\"https:\\\/\\\/schema.org\",\"@graph\":[{\"@type\":\"WebPage\",\"@id\":\"https:\\\/\\\/wi.ee\\\/voro\\\/kiranigu\\\/johannes-siska\\\/\",\"url\":\"https:\\\/\\\/wi.ee\\\/voro\\\/kiranigu\\\/johannes-siska\\\/\",\"name\":\"Johannes Siska - V\u00f5ro kir\u00e4nd\u00fcs\",\"isPartOf\":{\"@id\":\"https:\\\/\\\/wi.ee\\\/voro\\\/#website\"},\"datePublished\":\"2016-02-02T09:59:03+00:00\",\"dateModified\":\"2023-01-19T14:44:43+00:00\",\"breadcrumb\":{\"@id\":\"https:\\\/\\\/wi.ee\\\/voro\\\/kiranigu\\\/johannes-siska\\\/#breadcrumb\"},\"inLanguage\":\"et\",\"potentialAction\":[{\"@type\":\"ReadAction\",\"target\":[\"https:\\\/\\\/wi.ee\\\/voro\\\/kiranigu\\\/johannes-siska\\\/\"]}]},{\"@type\":\"BreadcrumbList\",\"@id\":\"https:\\\/\\\/wi.ee\\\/voro\\\/kiranigu\\\/johannes-siska\\\/#breadcrumb\",\"itemListElement\":[{\"@type\":\"ListItem\",\"position\":1,\"name\":\"Home\",\"item\":\"https:\\\/\\\/wi.ee\\\/voro\\\/\"},{\"@type\":\"ListItem\",\"position\":2,\"name\":\"KI\u00c4 OMMA V\u00d5RO KIR\u00c4NIGU\",\"item\":\"https:\\\/\\\/wi.ee\\\/voro\\\/kiranigu\\\/\"},{\"@type\":\"ListItem\",\"position\":3,\"name\":\"Johannes Siska\"}]},{\"@type\":\"WebSite\",\"@id\":\"https:\\\/\\\/wi.ee\\\/voro\\\/#website\",\"url\":\"https:\\\/\\\/wi.ee\\\/voro\\\/\",\"name\":\"V\u00f5ro kir\u00e4nd\u00fcs\",\"description\":\"V\u00f5ro kir\u00e4nd\u00fcse kodoleht\",\"potentialAction\":[{\"@type\":\"SearchAction\",\"target\":{\"@type\":\"EntryPoint\",\"urlTemplate\":\"https:\\\/\\\/wi.ee\\\/voro\\\/?s={search_term_string}\"},\"query-input\":{\"@type\":\"PropertyValueSpecification\",\"valueRequired\":true,\"valueName\":\"search_term_string\"}}],\"inLanguage\":\"et\"}]}<\/script>\n<!-- \/ Yoast SEO plugin. -->","yoast_head_json":{"title":"Johannes Siska - V\u00f5ro kir\u00e4nd\u00fcs","robots":{"index":"index","follow":"follow","max-snippet":"max-snippet:-1","max-image-preview":"max-image-preview:large","max-video-preview":"max-video-preview:-1"},"canonical":"https:\/\/wi.ee\/voro\/kiranigu\/johannes-siska\/","og_locale":"et_EE","og_type":"article","og_title":"Johannes Siska - V\u00f5ro kir\u00e4nd\u00fcs","og_description":"R\u00f5ug\u00f5 vallan Hino k\u00fcl\u00e4n 29.III 1913 s\u00fcnd\u00fcn\u00fc V\u00f5ro luul\u00f5taja Johannes Siska lats\u00f5p\u00f5lv\u00f5kodo oll Siberin. Sattu sinn\u00e4 tuuper\u00e4st et tim\u00e4 es\u00e4 l\u00e4ts edim\u00e4dse ilmas\u00f5a aigu rinde as\u00f5mal Kaug-Itta. Tagasi tull pere 1921. aasta s\u00fcg\u00fcse, kui luul\u00f5taja oll 8 aastan\u00f5. Per\u00e4st kar\u2019as\u00f5p\u00f5lv\u00f5 tull hind\u00e4le esi leib\u00e4 tiini, esialgu k\u00fctjana laiva p\u00e4\u00e4l. 33. a. tiinse sundaigu Eesti Vabariigi [&hellip;]","og_url":"https:\/\/wi.ee\/voro\/kiranigu\/johannes-siska\/","og_site_name":"V\u00f5ro kir\u00e4nd\u00fcs","article_modified_time":"2023-01-19T14:44:43+00:00","twitter_card":"summary_large_image","twitter_misc":{"Est. reading time":"1 minut"},"schema":{"@context":"https:\/\/schema.org","@graph":[{"@type":"WebPage","@id":"https:\/\/wi.ee\/voro\/kiranigu\/johannes-siska\/","url":"https:\/\/wi.ee\/voro\/kiranigu\/johannes-siska\/","name":"Johannes Siska - V\u00f5ro kir\u00e4nd\u00fcs","isPartOf":{"@id":"https:\/\/wi.ee\/voro\/#website"},"datePublished":"2016-02-02T09:59:03+00:00","dateModified":"2023-01-19T14:44:43+00:00","breadcrumb":{"@id":"https:\/\/wi.ee\/voro\/kiranigu\/johannes-siska\/#breadcrumb"},"inLanguage":"et","potentialAction":[{"@type":"ReadAction","target":["https:\/\/wi.ee\/voro\/kiranigu\/johannes-siska\/"]}]},{"@type":"BreadcrumbList","@id":"https:\/\/wi.ee\/voro\/kiranigu\/johannes-siska\/#breadcrumb","itemListElement":[{"@type":"ListItem","position":1,"name":"Home","item":"https:\/\/wi.ee\/voro\/"},{"@type":"ListItem","position":2,"name":"KI\u00c4 OMMA V\u00d5RO KIR\u00c4NIGU","item":"https:\/\/wi.ee\/voro\/kiranigu\/"},{"@type":"ListItem","position":3,"name":"Johannes Siska"}]},{"@type":"WebSite","@id":"https:\/\/wi.ee\/voro\/#website","url":"https:\/\/wi.ee\/voro\/","name":"V\u00f5ro kir\u00e4nd\u00fcs","description":"V\u00f5ro kir\u00e4nd\u00fcse kodoleht","potentialAction":[{"@type":"SearchAction","target":{"@type":"EntryPoint","urlTemplate":"https:\/\/wi.ee\/voro\/?s={search_term_string}"},"query-input":{"@type":"PropertyValueSpecification","valueRequired":true,"valueName":"search_term_string"}}],"inLanguage":"et"}]}},"_links":{"self":[{"href":"https:\/\/wi.ee\/voro\/wp-json\/wp\/v2\/pages\/190","targetHints":{"allow":["GET"]}}],"collection":[{"href":"https:\/\/wi.ee\/voro\/wp-json\/wp\/v2\/pages"}],"about":[{"href":"https:\/\/wi.ee\/voro\/wp-json\/wp\/v2\/types\/page"}],"author":[{"embeddable":true,"href":"https:\/\/wi.ee\/voro\/wp-json\/wp\/v2\/users\/1"}],"replies":[{"embeddable":true,"href":"https:\/\/wi.ee\/voro\/wp-json\/wp\/v2\/comments?post=190"}],"version-history":[{"count":3,"href":"https:\/\/wi.ee\/voro\/wp-json\/wp\/v2\/pages\/190\/revisions"}],"predecessor-version":[{"id":991,"href":"https:\/\/wi.ee\/voro\/wp-json\/wp\/v2\/pages\/190\/revisions\/991"}],"up":[{"embeddable":true,"href":"https:\/\/wi.ee\/voro\/wp-json\/wp\/v2\/pages\/9"}],"wp:attachment":[{"href":"https:\/\/wi.ee\/voro\/wp-json\/wp\/v2\/media?parent=190"}],"curies":[{"name":"wp","href":"https:\/\/api.w.org\/{rel}","templated":true}]}}