{"id":188,"date":"2016-02-02T11:57:49","date_gmt":"2016-02-02T09:57:49","guid":{"rendered":"http:\/\/wi.ee\/voro\/?page_id=188"},"modified":"2023-01-19T16:43:08","modified_gmt":"2023-01-19T14:43:08","slug":"heino-sikk","status":"publish","type":"page","link":"https:\/\/wi.ee\/voro\/kiranigu\/heino-sikk\/","title":{"rendered":"Heino Sikk"},"content":{"rendered":"<p><strong>Heino Sikk<\/strong> (HS) s\u00fcnd\u00fc 11. m\u00e4rdikuu p\u00e4\u00e4v\u00e4l 1933 Vana-Saalus\u00f5 k\u00fcl\u00e4n taloperen. V\u00f5romaa mehess j\u00e4i t\u00e4\u00e4 uma elo otsani. Olk\u00f5 et t\u00e4\u00e4 esiq kah pall&#8217;o kir\u00e4t\u00fc\u00fcd om tenn\u00fc, om vast t\u00e4hts\u00e4mb tim\u00e4 tegev\u00fcs V\u00f5romaa kultuurielo organisiirmisel ja joba tett\u00fcl silmi p\u00e4\u00e4l hoitmisel. Kir\u00e4nd\u00fcse kandi p\u00e4\u00e4lt om HS v\u00f5rok\u00f5isil\u00f5 sama, mis Fr. Tuglas vai B. Kangro eestl\u00e4isile.<\/p>\n<p>HS opse 1941-49 Vana-Saalus\u00f5 algkoolin, 19 V\u00f5ro t\u00f6\u00f6stustehnikumin. 1983 l\u00f5p\u00f5t t\u00e4 V\u00f5ro kaugopp\u00f5keskkooli.<\/p>\n<p>T\u00fc\u00fct\u00e4nu om HS Vahtseliina haiglan, 1960-85 V\u00f5ro Spordikomiteen (esimiiss), 1985- V\u00f5ro tr\u00fck\u00fckoan. T\u00e4\u00e4 om juhtnu V\u00f5romaa Raamadu\u00fchingut ja V\u00f5ro Raamaduklupi. 1989 lei HS A\/S Viruskundra, mink p\u00e4\u00e4tegev\u00fcsess oll samanimelidse vanaraamadupoodi pid\u00e4mine. Samma nimme kand ka v\u00f5rok\u00f5isi kuuleht, mid\u00e4 HS toim\u00f5nd 1989 kuni surmani 1994. Tuuaig oll \u201dViruskundra\u201d ka suur\u00f5lt osalt v\u00f5rokiilne leht.<\/p>\n<p>T\u00e4hts\u00e4 om HS tegev\u00fcs kodoluu-uurjana. Kultuuriluuliisi artikliid V\u00f5romaalt peri kir\u00e4miihi, kunstnig\u00f5, teedl\u00e4isi jt. kotsile avald t\u00e4\u00e4 V\u00f5ro rajoonilehen, hildampa \u201cViruskundran\u201d ja eg\u00e4tsugu almanahhen. V\u00f5ro lug\u00f5mikun om artikli Vahts\u00f5-Saalus\u00f5 m\u00f5isa aoluust (lk. 88-90). \u00dcten Enno Piiriga om kirot\u00f5t raamat Orelimeistrid Kriisad Kokem\u00e4elt, viil om HS v\u00e4ll\u00e4 andnu tr\u00fck\u00fcaoluulids\u00f5 vihu V\u00f5ron tr\u00fckit raamatide kotsil\u00f5.<\/p>\n<p>V\u00f5romaa kir\u00e4nige ja kir\u00e4nd\u00fcse uurmise k\u00f5rvalt nakas HS esiqki v\u00e4rsse ja jutt\u00f5 kirotama.1992. aastagal v\u00f5its\u00f5 t\u00e4\u00e4 K. E. S\u00f6\u00f6di juub\u00f5liss k\u00f5rrald\u00f5t luul\u00f5v\u00f5istlus\u00f5l avvuhinna.<\/p>\n<p>HS luul\u00f5tuisi om ilmunu V\u00f5romaa aolehin, osast ka Reinhold Salu v\u00f5lssnimme all,<br \/>\numaette raamaduna om ilmunu \u00f5nn\u00f5 poeem V\u00f5rok\u00f5st\u00f5l\u00f5.<\/p>\n<p>Jaan Kaplinski juub\u00f5lis om HS t\u00f5lknu veit\u00fc tim\u00e4 v\u00e4rsse.<\/p>\n<p>HS sai hukka \u201cEstonia\u201d laivaynn\u00f5tus\u00f5n 28. IX 1994, syit\u00f5n V\u00f5ro liinavolikogo esind\u00fcsen Ruutsi. Er\u00e4ndligult om tim\u00e4 saanu postuums\u00f5 Bernard Kangro preemija (1995), ni V\u00f5ro liina teenetem\u00e4rgi. Samal aastagal p\u00fchendeti Vill\u00e4ndi vanaraamatup\u00e4iv HS m\u00e4leht\u00fcsele, Volemar Raidaru p\u00fchend t\u00e4lle uma m\u00e4leht\u00fcisiraamadu &#8220;Mo s\u00fc\u00e4men ja meelen&#8221;.<\/p>\n<h3>HS raamadu:<\/h3>\n<p>V\u00f5ru tr\u00fckiste kronoloogiline nimestik 1880-1940<br \/>\nOrelimeistrid Kriisad Kokem\u00e4elt (\u00fcten Enno Piiriga)<br \/>\nV\u00f5rok\u00f5st\u00f5l\u00f5. Poeem Viruskundra 1994<\/p>\n<h3>HS kotsil\u00f5:<\/h3>\n<p>VT 2. II 1993 (L. Kivi)<br \/>\nVi XII 1993 (\u00f5nn\u00f5suuv)<br \/>\nVi VI 1994 (L. Valper)<br \/>\nVi VIII 1994 (O. Kruus)<br \/>\nVT 1. X 1994 (M. Kriis)<br \/>\nLng X 1994 (O. Kruus)<br \/>\nVi IX 1994 (V. Uibopuu)<br \/>\nMl 7. IX 1995 (R. Raudvere)<br \/>\nLK 28. IX 1995 (V. P\u00e4\u00e4rt)<br \/>\nEPl 12. X 1995 (A. Kivistik)<br \/>\nVi IX 1996 (R. Susi)<br \/>\nVi XI 1998 (L. Valper)<\/p>\n<h3>Heino Sika luul\u00f5tuisi<\/h3>\n<p>MAARJAL\u00d5<\/p>\n<p>Kui ma \u00e4mm\u00e4t\u00fct\u00e4rt n\u00e4ie,<br \/>\nt\u00e4lle pik\u00e4lt p\u00e4\u00e4le kaie.<br \/>\nTahts\u00f5 aija t\u00e4\u00e4ga juttu,<br \/>\nk\u00f5g\u00f5st v\u00e4est \u00f5ks ted\u00e4 puttu.<\/p>\n<p>Kuiss mu im\u00e4 siss hag\u00f5si,<br \/>\nmina \u00f5ks kotost pag\u00f5si.<br \/>\n\u00dc\u00fc \u00e4r Maarja man magasi,<br \/>\nhummogus t\u00fcrkse tagasi.<\/p>\n<p>Es mii pelg\u00e4 k\u00fclm\u00e4 \u00f5hku,<br \/>\nku oll k\u00fc\u00fcnih hainu, p\u00f5hku.<br \/>\nNii tuu armuv\u00e4gi paisu,<br \/>\nmii \u00f5ks t\u00f5n\u00f5-t\u00f5s\u00f5 kaisuh.<\/p>\n<p>Oi oll illos kevv\u00e4i, suvi,<br \/>\nmii ku paarilidse tuvi.<br \/>\nTaht m\u00e4nguasju \u00f5ga lats,<br \/>\na mii jo suur\u00f5, meid oll kats.<\/p>\n<p>Nii sai elok\u00f5st alost\u00f5t,<br \/>\npallo sildu \u00e4r palot\u00f5t.<br \/>\nVast om s\u00f5b\u00f5r meeleh sullgi,<br \/>\nkuiss tuu oll ja kuiss t\u00e4\u00e4 tullgi?<\/p>\n<p>TAMULA OM TAR\u00d5 TAKAH&#8230;<\/p>\n<p>El\u00e4 ma R\u00f5nga liinah &#8211; s\u00e4\u00e4l,<br \/>\nkos Tamula om tar\u00f5 takah<br \/>\nja Vagula Voo veere p\u00e4\u00e4l &#8211;<br \/>\nkaes Munam\u00e4gi taiva lakast.<\/p>\n<p>Om Kirump\u00e4\u00e4st \u00f5ks k\u00f5n\u00f5ldu,<br \/>\nsiin sakst\u00f5l vanast sais \u00fcts kants.<br \/>\nTuu per\u00e4st pallo s\u00f5n\u00f5ldu &#8211;<br \/>\ns\u00f5it \u00fcmbrets\u00f5\u00f5ri s\u00f5atants.<\/p>\n<p>Siss Katariina k\u00e4su ands\u00f5:<br \/>\nviil s\u00fcnd\u00fcgu \u00fcts vastn\u00f5 liin!<br \/>\nVon Browne tuu asa paika pands\u00f5,<br \/>\nt\u00e4 t\u00e4\u00e4mb\u00e4dseni sais n\u00fc\u00fcd siin.<\/p>\n<p>Tull Laulues\u00e4 Virost V\u00f5rro<br \/>\nja h\u00e4ste tunds\u00f5 arstit\u00fc\u00fcd.<br \/>\nSei v\u00f5rdl\u00f5misi leib\u00e4 m\u00f5rro,<br \/>\nl\u00f5i Kal\u00f5vipoiga viil puul \u00fc\u00fcd.<\/p>\n<p>Sai Eesti rahval eepos umas<br \/>\nja Kreutzwald istus sambal siih.<br \/>\nViil saandit tim\u00e4 sais ja kumas,<br \/>\nmeil t\u00e4\u00e4mb\u00e4, humm\u00f5n&#8230; silmi iih.<\/p>\n<p>28.V 1987<\/p>\n<p>S\u00dcG\u00dcSENE<\/p>\n<p>J\u00e4lki s\u00fck\u00fcs akn\u00f5 takan,<br \/>\nv\u00e4l\u00e4n \u00fc\u00fc om p\u00fcmme, must.<br \/>\nV\u00e4l\u00e4n \u00fc\u00fc om &#8211; ma ei maka&#8230;<br \/>\nTorm tuu kraap mu tar\u00f5 ust.<\/p>\n<p>V\u00f5ta raamatu, et l\u00fcvv\u00e4q<br \/>\nvalla tutva k\u00f5rra p\u00e4\u00e4lt.<br \/>\nAga kuiss ma ka ei p\u00fcvv\u00e4s,<br \/>\ns\u00f5nnagi ei loe ma s\u00e4\u00e4lt.<\/p>\n<p>M\u00f5tt\u00f5 tul\u00f5va ja l\u00e4\u00e4v\u00e4,<br \/>\nsuur\u00f5st suv\u00f5st m\u00f5tl\u00f5 ma.<br \/>\nK\u00f5ik ku filmin ritta s\u00e4\u00e4 n\u00e4&#8230;<br \/>\nKas ka kaema tul\u00f5t Sa?<\/p>\n<p>Kas Sa tul\u00f5t, nigu toona?<br \/>\nTsireliselt \u00f5rn om tooga.<br \/>\nKed\u00e4 Luuja k\u00f5rd om loonu<br \/>\nmull\u00f5 &#8211; kes ma ol\u00f5-ei jooga.<\/p>\n<p>Tahas, et tuu ol\u00f5s uni,<br \/>\nmid\u00e4 lahutai seo torm,<br \/>\nj\u00e4\u00e4si meile \u00f5ks mii suvi&#8230;<br \/>\nEt mu miil ei ol\u00f5s morn.<\/p>\n<p>12.XI 1988<\/p>\n<p>S\u00c4NN\u00c4 TRUBADUURIL\u00d5<\/p>\n<p>Sa Tartun ilmavalgust n\u00e4it,<br \/>\nt\u00f5i pallo mur\u00f5t majja&#8230;<br \/>\nMis tet\u00e4 n\u00fc\u00fcd, kost abi saija?<br \/>\nL\u00e4ts V\u00f5ro-S\u00e4nn\u00e4 pool\u00f5 s\u00f5it.<\/p>\n<p>S\u00e4\u00e4l t\u00e4dikene Roosi elli,<br \/>\nt\u00e4 perr\u00e4 kaije, toht\u00f5rd, koolit&#8230;<br \/>\nS\u00e4\u00e4l t\u00f5isigi su iist viil hoolits &#8211;<br \/>\nnuu sugulas\u00f5, s\u00f5bra, selli.<\/p>\n<p>Jo tsiakar&#8217;angi sul laabu,<br \/>\n\u00e4r p\u00e4stse suurviist sitasitka<br \/>\nja sisski viil es nakka ikma,<br \/>\nku immis sei \u00e4r ol\u00f5st kaabu.<\/p>\n<p>Ao l\u00e4tsiv\u00e4 ja noor\u00f5lt joba<br \/>\nkoolink\u00e4vvengi es ol\u00f5 toro.<br \/>\nNu kooli: Tartu, S\u00e4nn\u00e4, V\u00f5ro&#8230;<br \/>\nsai m\u00e4nguriistas s\u00f5b\u00f5r truba.<\/p>\n<p>Kos tuuk\u00f5rd m\u00f5\u00f5ts\u00f5 pikki maid<br \/>\nsa nel\u00e4 veski p\u00e4\u00e4le jalksi<br \/>\nja per\u00e4st tuud viil minn\u00e4 julksi&#8230;<br \/>\nmaam\u00f5\u00f5dupapr\u00f5 Pihkvast sai.<\/p>\n<p>Vesiveski jahvadai viild\u00e4<br \/>\nega tuul\u00f5veski tuul\u00f5lda.<br \/>\nKas saki tahtnu luul\u00f5ta,<br \/>\nku m\u00f5istnu-\u00f5s v\u00f5rok\u00f5st\u00f5 kiilt?<\/p>\n<p>Sa ol\u00f5t v\u00f5rok\u00f5st\u00f5 uhkus,<br \/>\nnii armas, kallis luul\u00f5tai.<br \/>\nSull&#8217; elop\u00e4\u00e4v\u00e4 es tiiq pai&#8230;<br \/>\nja v\u00f5\u00f5ran mullan anti puhkus.<\/p>\n<p>28.I 1989<\/p>\n<p>AASTAVAHETUS\u00d5S<\/p>\n<p>Aasta tul\u00f5va ja l\u00e4\u00e4v\u00e4,<br \/>\naigupiten m\u00fc\u00fcd\u00e4 k\u00e4\u00e4v\u00e4.<br \/>\nH\u00e4r\u00e4, roti, tiigri, kassi,<br \/>\nei n\u00e4\u00e4 \u00fctski kavv\u00f5mb passi.<br \/>\n\u00d5gal uma aasta antu,<br \/>\nper\u00e4st tuud saa maaha kantus<br \/>\neg\u00e4 j\u00fcr\u00e4j\u00e4 ja puskja,<br \/>\nkargaja, vai muido kiskja.<br \/>\n\u00d5nn\u00f5 inemisel lastas,<br \/>\npit\u00e4 veid\u00fc pikemb k\u00f5n\u00f5.<br \/>\nKellel v\u00e4h\u00e4gi om aimu,<br \/>\ntul\u00f5 umad\u00f5ga toim\u00f5.<\/p>\n<p>V\u00d5ROK\u00d5S\u00d5L\u00d5<\/p>\n<p>Kes mi olnu,<br \/>\nkost mi tulnu,<br \/>\nkuiss mi sii\u00e4q sadanu?<br \/>\nKes seo h\u00f5imu<br \/>\nkokko p\u00f5imnu,<br \/>\nV\u00f5romaal\u00f5 vid\u00e4n\u00fc?<\/p>\n<p>M\u00e4ki taad\u00f5, org\u00f5 p\u00f5hja,<br \/>\ns\u00fcv\u00e4 m\u00f5tsa s\u00fc\u00e4mehe<br \/>\neloas\u00f5 sai otsitus,<br \/>\np\u00fcstkoda paika pantus&#8230;<\/p>\n<p>Es mi tul\u00f5-\u00f5s tuld tuuma,<br \/>\nkellegile k\u00f5rda kluuma,<br \/>\nhuvi per\u00e4st hirmutama,<br \/>\nv\u00f5\u00f5rid velju vemmeld\u00e4m\u00e4.<\/p>\n<p>Ol\u00f5-es meid pallo,<br \/>\nol\u00f5-es v\u00e4h\u00e4,<br \/>\nmeid oll peris parajahe.<\/p>\n<p>Raads\u00f5 m\u00f5tsa,<br \/>\npeimi p\u00f5ldu,<br \/>\nkellegile ol\u00f5-es v\u00f5lgu&#8230;<\/p>\n<p>Nii mi elli,<br \/>\npeimi peret,<br \/>\np\u00e4iv l\u00e4ts luuja,<br \/>\nr\u00f5\u00f5msalt heret&#8230;<\/p>\n<p>Meil oll hop\u00f5n<br \/>\nhuun\u00f5st v\u00f5tta,<br \/>\nlehmki laudan<br \/>\nlast\u00f5 r\u00f5\u00f5mus.<\/p>\n<p>Meil oll lambit,<br \/>\nmeil oll langa,<br \/>\nmeil oll linna,<br \/>\nmeil oll l\u00f5im\u00f5&#8230;<br \/>\nTuu mi kalli kaasak\u00f5s\u00f5<br \/>\nkaunis kangas kudasi.<\/p>\n<p>Kaarap\u00fc\u00fcr\u00fcst kahru k\u00e4\u00e4ndse,<br \/>\np\u00f5dra puhmap\u00e4\u00e4lsit p\u00f6ie&#8230;<br \/>\nRavvast teimiq raoriista,<br \/>\ns\u00f5amehil s\u00f5ariista&#8230;<br \/>\nEt saas kari kar&#8217;an k\u00e4vv\u00fc,<br \/>\nlats\u00f5 l\u00e4vel lusti l\u00fcvv\u00e4&#8230;<\/p>\n<p>Soe siss s\u00fclge s\u00fcl\u00e4ssi,<br \/>\nvainlan\u00f5 vahel vinn\u00fct vipu&#8230;<br \/>\nK\u00f5ik sai kimm\u00e4lt karist\u00f5dus,<br \/>\ntargalt tagasi t\u00f5r\u00f5ldus.<\/p>\n<p>Nii l\u00e4ts p\u00e4ivi,<br \/>\nnii l\u00e4ts aastit,<br \/>\nsaandist saiva tuhand\u00f5&#8230;<\/p>\n<p>Tuust saiq s\u00e4ks s\u00f5numit<br \/>\nja vinne v\u00fcrsti vihats\u00f5s.<\/p>\n<p>Tull n\u00e4id \u00f5dagust,<br \/>\ntull idast,<br \/>\nkar&#8217;aviisi \u00f5gast kandist<br \/>\nRikkust r\u00fc\u00fcvm\u00e4,<br \/>\nor\u00e4s viim\u00e4,<br \/>\nrahva r\u00f5\u00f5mu r\u00fcvet\u00e4m\u00e4&#8230;<\/p>\n<p>Raudr\u00fc\u00fctli siss ragosi<br \/>\npallo mehi magama,<br \/>\nvinne v\u00fcrsti vitsodi,<br \/>\nVinnemaal\u00f5 vid\u00e4si&#8230;<\/p>\n<p>Meid om Hitler hirmutanu,<br \/>\nStalin Siberihe saatnu&#8230;<br \/>\nAga mi es heid\u00e4 hinge,<br \/>\nsugu saa&#8217;s surmatus.<\/p>\n<p>Haakrist jovva-es haard\u00f5n hoita,<br \/>\nviisnurk viies vinn\u00fct\u00e4&#8230;<\/p>\n<p>19.III 1989.a.<\/p>\n<p>KI\u00c4 NUU EDIM\u00c4DSSE OLLI?<\/p>\n<p>Tulli sii\u00e4 Tuul\u00f5maal\u00f5<br \/>\nm\u00f5tsapinne malgutama<br \/>\nkahruka&#8217;aga kakl\u00f5ma.<br \/>\nKi\u00e4 nuuq edim\u00e4dse olli?<\/p>\n<p>Taha&#8217;s umas ordumehi<br \/>\n\u00f5ga veles venel\u00e4si<br \/>\npi\u00e4s pallo pohlakist.<br \/>\nKi\u00e4 nuu edim\u00e4dse olli?<\/p>\n<p>Teiv\u00e4 tul\u00f5 tuul\u00f5 p\u00e4\u00e4le<br \/>\nelokuva \u00f5vve p\u00e4\u00e4le<br \/>\nt\u00f5isi huunit hoovi p\u00e4\u00e4le.<br \/>\nKi\u00e4 nuu edim\u00e4dse olli?<\/p>\n<p>Ravvar\u00fc\u00fctlit raputi<br \/>\nKaupo-mehi karisti<br \/>\nvinne v\u00fcrste veristi.<br \/>\nKi\u00e4 nuu edim\u00e4dse olli?<\/p>\n<p>Umbli lipu umal rahval<br \/>\nsini-musta-valg\u00f5 &#8211; vahva<br \/>\nrahval ig\u00e4vedses aos.<br \/>\nKi\u00e4 nuu edim\u00e4dse olli?<\/p>\n<p>Vahvalt lippu lehvitiv\u00e4<br \/>\nTuump\u00e4\u00e4 tornin tervitiv\u00e4<br \/>\nTuul\u00f5maal\u00f5 truudust vands\u00f5.<br \/>\nKi\u00e4 nuu edim\u00e4dse olli?<br \/>\nN\u00e4nn\u00fc l\u00f5ppu &#8211; n\u00e4nn\u00fc algust<br \/>\nkostki j\u00e4lki paistu valgust<br \/>\njulgust eesti rahval and.<br \/>\nKas k\u00f5ik edim\u00e4dse omma?<\/p>\n<p>1.II 92 (Viruskundra veebr. 1992)<\/p>\n<p>P\u00d6\u00d6RIP\u00c4\u00c4VANE TAHTMINE<\/p>\n<p>Tul\u00f5 jo tul\u00f5 talv\u00f5k\u00f5n\u00f5<br \/>\nlang\u00f5 lag&#8217;a lum\u00f5k\u00f5n\u00f5<br \/>\nsadag\u00f5 sor\u00f5da sad\u00f5m\u00f5<\/p>\n<p>Lang\u00f5 laja laan\u00f5 p\u00e4\u00e4le<br \/>\nveid\u00fc pik\u00e4 p\u00f5llu p\u00e4\u00e4le<br \/>\nsata suu ja saar\u00f5 sisse<\/p>\n<p>Et saass katus kinni kat\u00f5t<br \/>\nmaa ja m\u00f5tsa maaha mat\u00f5t<br \/>\ntiikese t\u00e4\u00fcs tuisatus<\/p>\n<p>Sis saass j\u00e4nes j\u00e4lgi j\u00e4tt\u00e4<br \/>\noras\u00f5 veid\u00fc undki n\u00e4t\u00e4<br \/>\npuu ja puhma p\u00f5\u00f5nutada<\/p>\n<p>Sis saass saani s\u00f5itma s\u00e4\u00e4d\u00e4<br \/>\nv\u00f5igu vehmre vahel k\u00e4\u00e4nd\u00e4<br \/>\nkrallq kaala k\u00f5lis\u00f5ma<\/p>\n<p>Lats\u00f5 liugu-laugu laskma<br \/>\numma liuv\u00e4lj\u00e4 kastma<br \/>\nkarussellil keerutama<\/p>\n<p>K\u00fclh ol\u00f5s l\u00f5pu lusti lajalt<br \/>\nkavv\u00f5ltki ol\u00f5s kin\u00e4 kaia<br \/>\nei saass esiki pid\u00e4m\u00e4<\/p>\n","protected":false},"excerpt":{"rendered":"<p>Heino Sikk (HS) s\u00fcnd\u00fc 11. m\u00e4rdikuu p\u00e4\u00e4v\u00e4l 1933 Vana-Saalus\u00f5 k\u00fcl\u00e4n taloperen. V\u00f5romaa mehess j\u00e4i t\u00e4\u00e4 uma elo otsani. Olk\u00f5 et t\u00e4\u00e4 esiq kah pall&#8217;o kir\u00e4t\u00fc\u00fcd om tenn\u00fc, om vast t\u00e4hts\u00e4mb tim\u00e4 tegev\u00fcs V\u00f5romaa kultuurielo organisiirmisel ja joba tett\u00fcl silmi p\u00e4\u00e4l hoitmisel. Kir\u00e4nd\u00fcse kandi p\u00e4\u00e4lt om HS v\u00f5rok\u00f5isil\u00f5 sama, mis Fr. Tuglas vai B. Kangro eestl\u00e4isile. [&hellip;]<\/p>\n","protected":false},"author":1,"featured_media":0,"parent":9,"menu_order":39,"comment_status":"closed","ping_status":"closed","template":"","meta":{"footnotes":""},"class_list":["post-188","page","type-page","status-publish","hentry"],"yoast_head":"<!-- This site is optimized with the Yoast SEO plugin v27.4 - https:\/\/yoast.com\/product\/yoast-seo-wordpress\/ -->\n<title>Heino Sikk - V\u00f5ro kir\u00e4nd\u00fcs<\/title>\n<meta name=\"robots\" content=\"index, follow, max-snippet:-1, max-image-preview:large, max-video-preview:-1\" \/>\n<link rel=\"canonical\" href=\"https:\/\/wi.ee\/voro\/kiranigu\/heino-sikk\/\" \/>\n<meta property=\"og:locale\" content=\"et_EE\" \/>\n<meta property=\"og:type\" content=\"article\" \/>\n<meta property=\"og:title\" content=\"Heino Sikk - V\u00f5ro kir\u00e4nd\u00fcs\" \/>\n<meta property=\"og:description\" content=\"Heino Sikk (HS) s\u00fcnd\u00fc 11. m\u00e4rdikuu p\u00e4\u00e4v\u00e4l 1933 Vana-Saalus\u00f5 k\u00fcl\u00e4n taloperen. V\u00f5romaa mehess j\u00e4i t\u00e4\u00e4 uma elo otsani. Olk\u00f5 et t\u00e4\u00e4 esiq kah pall&#8217;o kir\u00e4t\u00fc\u00fcd om tenn\u00fc, om vast t\u00e4hts\u00e4mb tim\u00e4 tegev\u00fcs V\u00f5romaa kultuurielo organisiirmisel ja joba tett\u00fcl silmi p\u00e4\u00e4l hoitmisel. Kir\u00e4nd\u00fcse kandi p\u00e4\u00e4lt om HS v\u00f5rok\u00f5isil\u00f5 sama, mis Fr. Tuglas vai B. Kangro eestl\u00e4isile. [&hellip;]\" \/>\n<meta property=\"og:url\" content=\"https:\/\/wi.ee\/voro\/kiranigu\/heino-sikk\/\" \/>\n<meta property=\"og:site_name\" content=\"V\u00f5ro kir\u00e4nd\u00fcs\" \/>\n<meta property=\"article:modified_time\" content=\"2023-01-19T14:43:08+00:00\" \/>\n<meta name=\"twitter:card\" content=\"summary_large_image\" \/>\n<meta name=\"twitter:label1\" content=\"Est. reading time\" \/>\n\t<meta name=\"twitter:data1\" content=\"7 minutit\" \/>\n<script type=\"application\/ld+json\" class=\"yoast-schema-graph\">{\"@context\":\"https:\\\/\\\/schema.org\",\"@graph\":[{\"@type\":\"WebPage\",\"@id\":\"https:\\\/\\\/wi.ee\\\/voro\\\/kiranigu\\\/heino-sikk\\\/\",\"url\":\"https:\\\/\\\/wi.ee\\\/voro\\\/kiranigu\\\/heino-sikk\\\/\",\"name\":\"Heino Sikk - V\u00f5ro kir\u00e4nd\u00fcs\",\"isPartOf\":{\"@id\":\"https:\\\/\\\/wi.ee\\\/voro\\\/#website\"},\"datePublished\":\"2016-02-02T09:57:49+00:00\",\"dateModified\":\"2023-01-19T14:43:08+00:00\",\"breadcrumb\":{\"@id\":\"https:\\\/\\\/wi.ee\\\/voro\\\/kiranigu\\\/heino-sikk\\\/#breadcrumb\"},\"inLanguage\":\"et\",\"potentialAction\":[{\"@type\":\"ReadAction\",\"target\":[\"https:\\\/\\\/wi.ee\\\/voro\\\/kiranigu\\\/heino-sikk\\\/\"]}]},{\"@type\":\"BreadcrumbList\",\"@id\":\"https:\\\/\\\/wi.ee\\\/voro\\\/kiranigu\\\/heino-sikk\\\/#breadcrumb\",\"itemListElement\":[{\"@type\":\"ListItem\",\"position\":1,\"name\":\"Home\",\"item\":\"https:\\\/\\\/wi.ee\\\/voro\\\/\"},{\"@type\":\"ListItem\",\"position\":2,\"name\":\"KI\u00c4 OMMA V\u00d5RO KIR\u00c4NIGU\",\"item\":\"https:\\\/\\\/wi.ee\\\/voro\\\/kiranigu\\\/\"},{\"@type\":\"ListItem\",\"position\":3,\"name\":\"Heino Sikk\"}]},{\"@type\":\"WebSite\",\"@id\":\"https:\\\/\\\/wi.ee\\\/voro\\\/#website\",\"url\":\"https:\\\/\\\/wi.ee\\\/voro\\\/\",\"name\":\"V\u00f5ro kir\u00e4nd\u00fcs\",\"description\":\"V\u00f5ro kir\u00e4nd\u00fcse kodoleht\",\"potentialAction\":[{\"@type\":\"SearchAction\",\"target\":{\"@type\":\"EntryPoint\",\"urlTemplate\":\"https:\\\/\\\/wi.ee\\\/voro\\\/?s={search_term_string}\"},\"query-input\":{\"@type\":\"PropertyValueSpecification\",\"valueRequired\":true,\"valueName\":\"search_term_string\"}}],\"inLanguage\":\"et\"}]}<\/script>\n<!-- \/ Yoast SEO plugin. -->","yoast_head_json":{"title":"Heino Sikk - V\u00f5ro kir\u00e4nd\u00fcs","robots":{"index":"index","follow":"follow","max-snippet":"max-snippet:-1","max-image-preview":"max-image-preview:large","max-video-preview":"max-video-preview:-1"},"canonical":"https:\/\/wi.ee\/voro\/kiranigu\/heino-sikk\/","og_locale":"et_EE","og_type":"article","og_title":"Heino Sikk - V\u00f5ro kir\u00e4nd\u00fcs","og_description":"Heino Sikk (HS) s\u00fcnd\u00fc 11. m\u00e4rdikuu p\u00e4\u00e4v\u00e4l 1933 Vana-Saalus\u00f5 k\u00fcl\u00e4n taloperen. V\u00f5romaa mehess j\u00e4i t\u00e4\u00e4 uma elo otsani. Olk\u00f5 et t\u00e4\u00e4 esiq kah pall&#8217;o kir\u00e4t\u00fc\u00fcd om tenn\u00fc, om vast t\u00e4hts\u00e4mb tim\u00e4 tegev\u00fcs V\u00f5romaa kultuurielo organisiirmisel ja joba tett\u00fcl silmi p\u00e4\u00e4l hoitmisel. Kir\u00e4nd\u00fcse kandi p\u00e4\u00e4lt om HS v\u00f5rok\u00f5isil\u00f5 sama, mis Fr. Tuglas vai B. Kangro eestl\u00e4isile. [&hellip;]","og_url":"https:\/\/wi.ee\/voro\/kiranigu\/heino-sikk\/","og_site_name":"V\u00f5ro kir\u00e4nd\u00fcs","article_modified_time":"2023-01-19T14:43:08+00:00","twitter_card":"summary_large_image","twitter_misc":{"Est. reading time":"7 minutit"},"schema":{"@context":"https:\/\/schema.org","@graph":[{"@type":"WebPage","@id":"https:\/\/wi.ee\/voro\/kiranigu\/heino-sikk\/","url":"https:\/\/wi.ee\/voro\/kiranigu\/heino-sikk\/","name":"Heino Sikk - V\u00f5ro kir\u00e4nd\u00fcs","isPartOf":{"@id":"https:\/\/wi.ee\/voro\/#website"},"datePublished":"2016-02-02T09:57:49+00:00","dateModified":"2023-01-19T14:43:08+00:00","breadcrumb":{"@id":"https:\/\/wi.ee\/voro\/kiranigu\/heino-sikk\/#breadcrumb"},"inLanguage":"et","potentialAction":[{"@type":"ReadAction","target":["https:\/\/wi.ee\/voro\/kiranigu\/heino-sikk\/"]}]},{"@type":"BreadcrumbList","@id":"https:\/\/wi.ee\/voro\/kiranigu\/heino-sikk\/#breadcrumb","itemListElement":[{"@type":"ListItem","position":1,"name":"Home","item":"https:\/\/wi.ee\/voro\/"},{"@type":"ListItem","position":2,"name":"KI\u00c4 OMMA V\u00d5RO KIR\u00c4NIGU","item":"https:\/\/wi.ee\/voro\/kiranigu\/"},{"@type":"ListItem","position":3,"name":"Heino Sikk"}]},{"@type":"WebSite","@id":"https:\/\/wi.ee\/voro\/#website","url":"https:\/\/wi.ee\/voro\/","name":"V\u00f5ro kir\u00e4nd\u00fcs","description":"V\u00f5ro kir\u00e4nd\u00fcse kodoleht","potentialAction":[{"@type":"SearchAction","target":{"@type":"EntryPoint","urlTemplate":"https:\/\/wi.ee\/voro\/?s={search_term_string}"},"query-input":{"@type":"PropertyValueSpecification","valueRequired":true,"valueName":"search_term_string"}}],"inLanguage":"et"}]}},"_links":{"self":[{"href":"https:\/\/wi.ee\/voro\/wp-json\/wp\/v2\/pages\/188","targetHints":{"allow":["GET"]}}],"collection":[{"href":"https:\/\/wi.ee\/voro\/wp-json\/wp\/v2\/pages"}],"about":[{"href":"https:\/\/wi.ee\/voro\/wp-json\/wp\/v2\/types\/page"}],"author":[{"embeddable":true,"href":"https:\/\/wi.ee\/voro\/wp-json\/wp\/v2\/users\/1"}],"replies":[{"embeddable":true,"href":"https:\/\/wi.ee\/voro\/wp-json\/wp\/v2\/comments?post=188"}],"version-history":[{"count":4,"href":"https:\/\/wi.ee\/voro\/wp-json\/wp\/v2\/pages\/188\/revisions"}],"predecessor-version":[{"id":989,"href":"https:\/\/wi.ee\/voro\/wp-json\/wp\/v2\/pages\/188\/revisions\/989"}],"up":[{"embeddable":true,"href":"https:\/\/wi.ee\/voro\/wp-json\/wp\/v2\/pages\/9"}],"wp:attachment":[{"href":"https:\/\/wi.ee\/voro\/wp-json\/wp\/v2\/media?parent=188"}],"curies":[{"name":"wp","href":"https:\/\/api.w.org\/{rel}","templated":true}]}}