{"id":186,"date":"2016-02-02T11:56:04","date_gmt":"2016-02-02T09:56:04","guid":{"rendered":"http:\/\/wi.ee\/voro\/?page_id=186"},"modified":"2023-01-19T16:28:57","modified_gmt":"2023-01-19T14:28:57","slug":"johann-schwelle","status":"publish","type":"page","link":"https:\/\/wi.ee\/voro\/kiranigu\/johann-schwelle\/","title":{"rendered":"Johann Schwelle"},"content":{"rendered":"<p>Tiidm\u00e4ld\u00e4 peritollu <strong>J. Schwelle<\/strong> oll kuulmeistre L\u00f5una-Eestin, ki\u00e4 avald Tartun 1838-1855 l\u00f5unaeesti keelen 15 rahvaraamatut, suur\u00f5mb jago olli t\u00f5lk\u00f5.<\/p>\n<h3>Looming:<\/h3>\n<p>Puhtvaimuligu teoss\u00f5 omma \u201cWaimolik teejuhhataja\u2026\u201d ni \u201c \u00d5nnisteggija Kopputaminne\u2026\u201d (1839).<\/p>\n<h3>Op\u00f5tligu raamadu:<\/h3>\n<p>\u201cJohann Bunjani ello-k\u00e4\u00fck\u2026\u201d (1838)<\/p>\n<p>\u201cS\u00fcndinud luggud wannembide s\u00f6\u00e4mlikkust nink tullitsest armust laste wasta nink muud h\u00fcwwiusse eenkojod\u201d (1839)<\/p>\n<p>\u201cM\u00f6nned juttud nortele ja wannadele armsaks aja wiiteks\u201d (1844)<\/p>\n<p>\u201cW\u00e4ekauba wisil Abbiellusse-Sundiminne\u2026\u201d (1844)<\/p>\n<p>\u201cIllus Kullane Pegel\u2026\u201d (1847)<\/p>\n<p>\u201cSe h\u00e4 Neitsik Armelle- Nikolas\u2026\u201d(1850)<\/p>\n<h3>V\u00e4rsiraamadu:<\/h3>\n<p>\u201cW\u00e4ega tullolikko nink kennad, \u00f6ppetlikkud laulud nink juttud\u201d (1850)<\/p>\n<p>\u201cKuus waimolikko laulu\u201d (1852)<\/p>\n<p>\u201cKaunid wastsed lustilikkud r\u00f6molaulud ning \u00fcts illus ennemuistne jut\u201d (1852)<\/p>\n<p>\u201cWastsed lustilikkud r\u00f6mo-laulud\u201d (1855)<\/p>\n<p>Opik \u201cWeike wenne kele ABD-ramat\u201d 1844.<\/p>\n<p>Schwelle kogusi P\u00f5h&#8217;a-Tartumaal \u00d5ESil\u00f5 rahvaluul\u00f5t, muistendid.<\/p>\n<h3>Tim\u00e4 kotsil\u00f5 kae:<\/h3>\n<p>M. Kampmann \u201cEesti vanem ilukirjandus\u201d (1908)<\/p>\n<p>A. Vinkel \u201cEesti rahvaraamat\u201d (1966)<\/p>\n","protected":false},"excerpt":{"rendered":"<p>Tiidm\u00e4ld\u00e4 peritollu J. Schwelle oll kuulmeistre L\u00f5una-Eestin, ki\u00e4 avald Tartun 1838-1855 l\u00f5unaeesti keelen 15 rahvaraamatut, suur\u00f5mb jago olli t\u00f5lk\u00f5. Looming: Puhtvaimuligu teoss\u00f5 omma \u201cWaimolik teejuhhataja\u2026\u201d ni \u201c \u00d5nnisteggija Kopputaminne\u2026\u201d (1839). Op\u00f5tligu raamadu: \u201cJohann Bunjani ello-k\u00e4\u00fck\u2026\u201d (1838) \u201cS\u00fcndinud luggud wannembide s\u00f6\u00e4mlikkust nink tullitsest armust laste wasta nink muud h\u00fcwwiusse eenkojod\u201d (1839) \u201cM\u00f6nned juttud nortele ja wannadele [&hellip;]<\/p>\n","protected":false},"author":1,"featured_media":0,"parent":9,"menu_order":38,"comment_status":"closed","ping_status":"closed","template":"","meta":{"footnotes":""},"class_list":["post-186","page","type-page","status-publish","hentry"],"yoast_head":"<!-- This site is optimized with the Yoast SEO plugin v27.4 - https:\/\/yoast.com\/product\/yoast-seo-wordpress\/ -->\n<title>Johann Schwelle - V\u00f5ro kir\u00e4nd\u00fcs<\/title>\n<meta name=\"robots\" content=\"index, follow, max-snippet:-1, max-image-preview:large, max-video-preview:-1\" \/>\n<link rel=\"canonical\" href=\"https:\/\/wi.ee\/voro\/kiranigu\/johann-schwelle\/\" \/>\n<meta property=\"og:locale\" content=\"et_EE\" \/>\n<meta property=\"og:type\" content=\"article\" \/>\n<meta property=\"og:title\" content=\"Johann Schwelle - V\u00f5ro kir\u00e4nd\u00fcs\" \/>\n<meta property=\"og:description\" content=\"Tiidm\u00e4ld\u00e4 peritollu J. Schwelle oll kuulmeistre L\u00f5una-Eestin, ki\u00e4 avald Tartun 1838-1855 l\u00f5unaeesti keelen 15 rahvaraamatut, suur\u00f5mb jago olli t\u00f5lk\u00f5. Looming: Puhtvaimuligu teoss\u00f5 omma \u201cWaimolik teejuhhataja\u2026\u201d ni \u201c \u00d5nnisteggija Kopputaminne\u2026\u201d (1839). Op\u00f5tligu raamadu: \u201cJohann Bunjani ello-k\u00e4\u00fck\u2026\u201d (1838) \u201cS\u00fcndinud luggud wannembide s\u00f6\u00e4mlikkust nink tullitsest armust laste wasta nink muud h\u00fcwwiusse eenkojod\u201d (1839) \u201cM\u00f6nned juttud nortele ja wannadele [&hellip;]\" \/>\n<meta property=\"og:url\" content=\"https:\/\/wi.ee\/voro\/kiranigu\/johann-schwelle\/\" \/>\n<meta property=\"og:site_name\" content=\"V\u00f5ro kir\u00e4nd\u00fcs\" \/>\n<meta property=\"article:modified_time\" content=\"2023-01-19T14:28:57+00:00\" \/>\n<meta name=\"twitter:card\" content=\"summary_large_image\" \/>\n<meta name=\"twitter:label1\" content=\"Est. reading time\" \/>\n\t<meta name=\"twitter:data1\" content=\"1 minut\" \/>\n<script type=\"application\/ld+json\" class=\"yoast-schema-graph\">{\"@context\":\"https:\\\/\\\/schema.org\",\"@graph\":[{\"@type\":\"WebPage\",\"@id\":\"https:\\\/\\\/wi.ee\\\/voro\\\/kiranigu\\\/johann-schwelle\\\/\",\"url\":\"https:\\\/\\\/wi.ee\\\/voro\\\/kiranigu\\\/johann-schwelle\\\/\",\"name\":\"Johann Schwelle - V\u00f5ro kir\u00e4nd\u00fcs\",\"isPartOf\":{\"@id\":\"https:\\\/\\\/wi.ee\\\/voro\\\/#website\"},\"datePublished\":\"2016-02-02T09:56:04+00:00\",\"dateModified\":\"2023-01-19T14:28:57+00:00\",\"breadcrumb\":{\"@id\":\"https:\\\/\\\/wi.ee\\\/voro\\\/kiranigu\\\/johann-schwelle\\\/#breadcrumb\"},\"inLanguage\":\"et\",\"potentialAction\":[{\"@type\":\"ReadAction\",\"target\":[\"https:\\\/\\\/wi.ee\\\/voro\\\/kiranigu\\\/johann-schwelle\\\/\"]}]},{\"@type\":\"BreadcrumbList\",\"@id\":\"https:\\\/\\\/wi.ee\\\/voro\\\/kiranigu\\\/johann-schwelle\\\/#breadcrumb\",\"itemListElement\":[{\"@type\":\"ListItem\",\"position\":1,\"name\":\"Home\",\"item\":\"https:\\\/\\\/wi.ee\\\/voro\\\/\"},{\"@type\":\"ListItem\",\"position\":2,\"name\":\"KI\u00c4 OMMA V\u00d5RO KIR\u00c4NIGU\",\"item\":\"https:\\\/\\\/wi.ee\\\/voro\\\/kiranigu\\\/\"},{\"@type\":\"ListItem\",\"position\":3,\"name\":\"Johann Schwelle\"}]},{\"@type\":\"WebSite\",\"@id\":\"https:\\\/\\\/wi.ee\\\/voro\\\/#website\",\"url\":\"https:\\\/\\\/wi.ee\\\/voro\\\/\",\"name\":\"V\u00f5ro kir\u00e4nd\u00fcs\",\"description\":\"V\u00f5ro kir\u00e4nd\u00fcse kodoleht\",\"potentialAction\":[{\"@type\":\"SearchAction\",\"target\":{\"@type\":\"EntryPoint\",\"urlTemplate\":\"https:\\\/\\\/wi.ee\\\/voro\\\/?s={search_term_string}\"},\"query-input\":{\"@type\":\"PropertyValueSpecification\",\"valueRequired\":true,\"valueName\":\"search_term_string\"}}],\"inLanguage\":\"et\"}]}<\/script>\n<!-- \/ Yoast SEO plugin. -->","yoast_head_json":{"title":"Johann Schwelle - V\u00f5ro kir\u00e4nd\u00fcs","robots":{"index":"index","follow":"follow","max-snippet":"max-snippet:-1","max-image-preview":"max-image-preview:large","max-video-preview":"max-video-preview:-1"},"canonical":"https:\/\/wi.ee\/voro\/kiranigu\/johann-schwelle\/","og_locale":"et_EE","og_type":"article","og_title":"Johann Schwelle - V\u00f5ro kir\u00e4nd\u00fcs","og_description":"Tiidm\u00e4ld\u00e4 peritollu J. Schwelle oll kuulmeistre L\u00f5una-Eestin, ki\u00e4 avald Tartun 1838-1855 l\u00f5unaeesti keelen 15 rahvaraamatut, suur\u00f5mb jago olli t\u00f5lk\u00f5. Looming: Puhtvaimuligu teoss\u00f5 omma \u201cWaimolik teejuhhataja\u2026\u201d ni \u201c \u00d5nnisteggija Kopputaminne\u2026\u201d (1839). Op\u00f5tligu raamadu: \u201cJohann Bunjani ello-k\u00e4\u00fck\u2026\u201d (1838) \u201cS\u00fcndinud luggud wannembide s\u00f6\u00e4mlikkust nink tullitsest armust laste wasta nink muud h\u00fcwwiusse eenkojod\u201d (1839) \u201cM\u00f6nned juttud nortele ja wannadele [&hellip;]","og_url":"https:\/\/wi.ee\/voro\/kiranigu\/johann-schwelle\/","og_site_name":"V\u00f5ro kir\u00e4nd\u00fcs","article_modified_time":"2023-01-19T14:28:57+00:00","twitter_card":"summary_large_image","twitter_misc":{"Est. reading time":"1 minut"},"schema":{"@context":"https:\/\/schema.org","@graph":[{"@type":"WebPage","@id":"https:\/\/wi.ee\/voro\/kiranigu\/johann-schwelle\/","url":"https:\/\/wi.ee\/voro\/kiranigu\/johann-schwelle\/","name":"Johann Schwelle - V\u00f5ro kir\u00e4nd\u00fcs","isPartOf":{"@id":"https:\/\/wi.ee\/voro\/#website"},"datePublished":"2016-02-02T09:56:04+00:00","dateModified":"2023-01-19T14:28:57+00:00","breadcrumb":{"@id":"https:\/\/wi.ee\/voro\/kiranigu\/johann-schwelle\/#breadcrumb"},"inLanguage":"et","potentialAction":[{"@type":"ReadAction","target":["https:\/\/wi.ee\/voro\/kiranigu\/johann-schwelle\/"]}]},{"@type":"BreadcrumbList","@id":"https:\/\/wi.ee\/voro\/kiranigu\/johann-schwelle\/#breadcrumb","itemListElement":[{"@type":"ListItem","position":1,"name":"Home","item":"https:\/\/wi.ee\/voro\/"},{"@type":"ListItem","position":2,"name":"KI\u00c4 OMMA V\u00d5RO KIR\u00c4NIGU","item":"https:\/\/wi.ee\/voro\/kiranigu\/"},{"@type":"ListItem","position":3,"name":"Johann Schwelle"}]},{"@type":"WebSite","@id":"https:\/\/wi.ee\/voro\/#website","url":"https:\/\/wi.ee\/voro\/","name":"V\u00f5ro kir\u00e4nd\u00fcs","description":"V\u00f5ro kir\u00e4nd\u00fcse kodoleht","potentialAction":[{"@type":"SearchAction","target":{"@type":"EntryPoint","urlTemplate":"https:\/\/wi.ee\/voro\/?s={search_term_string}"},"query-input":{"@type":"PropertyValueSpecification","valueRequired":true,"valueName":"search_term_string"}}],"inLanguage":"et"}]}},"_links":{"self":[{"href":"https:\/\/wi.ee\/voro\/wp-json\/wp\/v2\/pages\/186","targetHints":{"allow":["GET"]}}],"collection":[{"href":"https:\/\/wi.ee\/voro\/wp-json\/wp\/v2\/pages"}],"about":[{"href":"https:\/\/wi.ee\/voro\/wp-json\/wp\/v2\/types\/page"}],"author":[{"embeddable":true,"href":"https:\/\/wi.ee\/voro\/wp-json\/wp\/v2\/users\/1"}],"replies":[{"embeddable":true,"href":"https:\/\/wi.ee\/voro\/wp-json\/wp\/v2\/comments?post=186"}],"version-history":[{"count":2,"href":"https:\/\/wi.ee\/voro\/wp-json\/wp\/v2\/pages\/186\/revisions"}],"predecessor-version":[{"id":986,"href":"https:\/\/wi.ee\/voro\/wp-json\/wp\/v2\/pages\/186\/revisions\/986"}],"up":[{"embeddable":true,"href":"https:\/\/wi.ee\/voro\/wp-json\/wp\/v2\/pages\/9"}],"wp:attachment":[{"href":"https:\/\/wi.ee\/voro\/wp-json\/wp\/v2\/media?parent=186"}],"curies":[{"name":"wp","href":"https:\/\/api.w.org\/{rel}","templated":true}]}}