{"id":184,"date":"2016-02-02T11:54:54","date_gmt":"2016-02-02T09:54:54","guid":{"rendered":"http:\/\/wi.ee\/voro\/?page_id=184"},"modified":"2016-02-02T11:54:54","modified_gmt":"2016-02-02T09:54:54","slug":"johann-georg-schwarts","status":"publish","type":"page","link":"https:\/\/wi.ee\/voro\/kiranigu\/johann-georg-schwarts\/","title":{"rendered":"Johann Georg Schwarts"},"content":{"rendered":"<p>Koolikir\u00e4nik <strong>Johann Georg Schwartz<\/strong> s\u00fcnd\u00fc 13. VI 1793 Riian raeherr\u00e4 pujana. Ops\u00f5 Riia Toomkoolin ja g\u00fcmnaasiumin ni 1812-14 Tartu \u00fclikoolin teoloogiat. L\u00f5pueksamiq tekk` 1918. a. T\u00fc\u00fct` 1814 kodoop\u00f5tajana L\u00e4timaal Ruhjan ja 6 aastat V\u00e4ndra m\u00f5isan von Ditmari man.<\/p>\n<p>1820 P\u00f5lva pastor (1838. aastagani ametlikult abipastor)<\/p>\n<p>1840-1849 vaimulik koolirevident<\/p>\n<p>1849-1852 V\u00f5rumaa praosti kt.<\/p>\n<p>Emiteeru 1868.<\/p>\n<p>Kuuli 19. III 1874 P\u00f5lvan. Mat\u00f5t P\u00f5lva surnuaida.<\/p>\n<h3>Looming:<\/h3>\n<p>Toim\u00f5tanuq kooliraamatide seeri\u00e4 \u201cKoli ramat\u201d(I-VII, Tartu 1852-61), millele Schwartz esiq kirot` edim\u00e4dse jao \u201cL\u00fchhikenne \u00f5ppetus \u00f6igest kirjotamissest\u201d (1852), VI jao \u201cWisika ehk \u00f6ppetus lodud asjade issewisidest ja w\u00e4ggedest\u201d (1855) ja VII jao, mia om aoluu- ja keriguluu\u00f5pik \u201cS\u00fcndinud asjade juttustaminne\u201d (kat\u00f5n osan 1858 ja 1861).<\/p>\n<p>\u201cSaksakeele \u00d5pimise-raamat\u201d (Tartu 1866)<\/p>\n<p>\u201cEesti Laste s\u00f5ber\u201d (Tartu 1873, 2. tr 1875) &#8211; l\u00f5unaeestikiilne lug\u00f5mik<\/p>\n<h3>Tim\u00e4 kotsil\u00f5:<\/h3>\n<p>\u201cRaamatu osa Eesti arengus\u201d (Tartu 1935, J. Tork)<\/p>\n<p>L. Andresen \u201cEesti rahvakoolid 19. sajandil\u201d (1974)<\/p>\n<p>\u201cEesti raamat 1525-1975\u201d (1978)<\/p>\n<p>L. Andresen \u201cEesti kooli vanem ajalugu\u201d (1985)<\/p>\n","protected":false},"excerpt":{"rendered":"<p>Koolikir\u00e4nik Johann Georg Schwartz s\u00fcnd\u00fc 13. VI 1793 Riian raeherr\u00e4 pujana. Ops\u00f5 Riia Toomkoolin ja g\u00fcmnaasiumin ni 1812-14 Tartu \u00fclikoolin teoloogiat. L\u00f5pueksamiq tekk` 1918. a. T\u00fc\u00fct` 1814 kodoop\u00f5tajana L\u00e4timaal Ruhjan ja 6 aastat V\u00e4ndra m\u00f5isan von Ditmari man. 1820 P\u00f5lva pastor (1838. aastagani ametlikult abipastor) 1840-1849 vaimulik koolirevident 1849-1852 V\u00f5rumaa praosti kt. Emiteeru 1868. Kuuli [&hellip;]<\/p>\n","protected":false},"author":1,"featured_media":0,"parent":9,"menu_order":37,"comment_status":"closed","ping_status":"closed","template":"","meta":{"footnotes":""},"class_list":["post-184","page","type-page","status-publish","hentry"],"yoast_head":"<!-- This site is optimized with the Yoast SEO plugin v27.3 - https:\/\/yoast.com\/product\/yoast-seo-wordpress\/ -->\n<title>Johann Georg Schwarts - V\u00f5ro kir\u00e4nd\u00fcs<\/title>\n<meta name=\"robots\" content=\"index, follow, max-snippet:-1, max-image-preview:large, max-video-preview:-1\" \/>\n<link rel=\"canonical\" href=\"https:\/\/wi.ee\/voro\/kiranigu\/johann-georg-schwarts\/\" \/>\n<meta property=\"og:locale\" content=\"et_EE\" \/>\n<meta property=\"og:type\" content=\"article\" \/>\n<meta property=\"og:title\" content=\"Johann Georg Schwarts - V\u00f5ro kir\u00e4nd\u00fcs\" \/>\n<meta property=\"og:description\" content=\"Koolikir\u00e4nik Johann Georg Schwartz s\u00fcnd\u00fc 13. VI 1793 Riian raeherr\u00e4 pujana. Ops\u00f5 Riia Toomkoolin ja g\u00fcmnaasiumin ni 1812-14 Tartu \u00fclikoolin teoloogiat. L\u00f5pueksamiq tekk` 1918. a. T\u00fc\u00fct` 1814 kodoop\u00f5tajana L\u00e4timaal Ruhjan ja 6 aastat V\u00e4ndra m\u00f5isan von Ditmari man. 1820 P\u00f5lva pastor (1838. aastagani ametlikult abipastor) 1840-1849 vaimulik koolirevident 1849-1852 V\u00f5rumaa praosti kt. Emiteeru 1868. Kuuli [&hellip;]\" \/>\n<meta property=\"og:url\" content=\"https:\/\/wi.ee\/voro\/kiranigu\/johann-georg-schwarts\/\" \/>\n<meta property=\"og:site_name\" content=\"V\u00f5ro kir\u00e4nd\u00fcs\" \/>\n<meta name=\"twitter:card\" content=\"summary_large_image\" \/>\n<meta name=\"twitter:label1\" content=\"Est. reading time\" \/>\n\t<meta name=\"twitter:data1\" content=\"1 minut\" \/>\n<script type=\"application\/ld+json\" class=\"yoast-schema-graph\">{\"@context\":\"https:\\\/\\\/schema.org\",\"@graph\":[{\"@type\":\"WebPage\",\"@id\":\"https:\\\/\\\/wi.ee\\\/voro\\\/kiranigu\\\/johann-georg-schwarts\\\/\",\"url\":\"https:\\\/\\\/wi.ee\\\/voro\\\/kiranigu\\\/johann-georg-schwarts\\\/\",\"name\":\"Johann Georg Schwarts - V\u00f5ro kir\u00e4nd\u00fcs\",\"isPartOf\":{\"@id\":\"https:\\\/\\\/wi.ee\\\/voro\\\/#website\"},\"datePublished\":\"2016-02-02T09:54:54+00:00\",\"breadcrumb\":{\"@id\":\"https:\\\/\\\/wi.ee\\\/voro\\\/kiranigu\\\/johann-georg-schwarts\\\/#breadcrumb\"},\"inLanguage\":\"et\",\"potentialAction\":[{\"@type\":\"ReadAction\",\"target\":[\"https:\\\/\\\/wi.ee\\\/voro\\\/kiranigu\\\/johann-georg-schwarts\\\/\"]}]},{\"@type\":\"BreadcrumbList\",\"@id\":\"https:\\\/\\\/wi.ee\\\/voro\\\/kiranigu\\\/johann-georg-schwarts\\\/#breadcrumb\",\"itemListElement\":[{\"@type\":\"ListItem\",\"position\":1,\"name\":\"Home\",\"item\":\"https:\\\/\\\/wi.ee\\\/voro\\\/\"},{\"@type\":\"ListItem\",\"position\":2,\"name\":\"KI\u00c4 OMMA V\u00d5RO KIR\u00c4NIGU\",\"item\":\"https:\\\/\\\/wi.ee\\\/voro\\\/kiranigu\\\/\"},{\"@type\":\"ListItem\",\"position\":3,\"name\":\"Johann Georg Schwarts\"}]},{\"@type\":\"WebSite\",\"@id\":\"https:\\\/\\\/wi.ee\\\/voro\\\/#website\",\"url\":\"https:\\\/\\\/wi.ee\\\/voro\\\/\",\"name\":\"V\u00f5ro kir\u00e4nd\u00fcs\",\"description\":\"V\u00f5ro kir\u00e4nd\u00fcse kodoleht\",\"potentialAction\":[{\"@type\":\"SearchAction\",\"target\":{\"@type\":\"EntryPoint\",\"urlTemplate\":\"https:\\\/\\\/wi.ee\\\/voro\\\/?s={search_term_string}\"},\"query-input\":{\"@type\":\"PropertyValueSpecification\",\"valueRequired\":true,\"valueName\":\"search_term_string\"}}],\"inLanguage\":\"et\"}]}<\/script>\n<!-- \/ Yoast SEO plugin. -->","yoast_head_json":{"title":"Johann Georg Schwarts - V\u00f5ro kir\u00e4nd\u00fcs","robots":{"index":"index","follow":"follow","max-snippet":"max-snippet:-1","max-image-preview":"max-image-preview:large","max-video-preview":"max-video-preview:-1"},"canonical":"https:\/\/wi.ee\/voro\/kiranigu\/johann-georg-schwarts\/","og_locale":"et_EE","og_type":"article","og_title":"Johann Georg Schwarts - V\u00f5ro kir\u00e4nd\u00fcs","og_description":"Koolikir\u00e4nik Johann Georg Schwartz s\u00fcnd\u00fc 13. VI 1793 Riian raeherr\u00e4 pujana. Ops\u00f5 Riia Toomkoolin ja g\u00fcmnaasiumin ni 1812-14 Tartu \u00fclikoolin teoloogiat. L\u00f5pueksamiq tekk` 1918. a. T\u00fc\u00fct` 1814 kodoop\u00f5tajana L\u00e4timaal Ruhjan ja 6 aastat V\u00e4ndra m\u00f5isan von Ditmari man. 1820 P\u00f5lva pastor (1838. aastagani ametlikult abipastor) 1840-1849 vaimulik koolirevident 1849-1852 V\u00f5rumaa praosti kt. Emiteeru 1868. Kuuli [&hellip;]","og_url":"https:\/\/wi.ee\/voro\/kiranigu\/johann-georg-schwarts\/","og_site_name":"V\u00f5ro kir\u00e4nd\u00fcs","twitter_card":"summary_large_image","twitter_misc":{"Est. reading time":"1 minut"},"schema":{"@context":"https:\/\/schema.org","@graph":[{"@type":"WebPage","@id":"https:\/\/wi.ee\/voro\/kiranigu\/johann-georg-schwarts\/","url":"https:\/\/wi.ee\/voro\/kiranigu\/johann-georg-schwarts\/","name":"Johann Georg Schwarts - V\u00f5ro kir\u00e4nd\u00fcs","isPartOf":{"@id":"https:\/\/wi.ee\/voro\/#website"},"datePublished":"2016-02-02T09:54:54+00:00","breadcrumb":{"@id":"https:\/\/wi.ee\/voro\/kiranigu\/johann-georg-schwarts\/#breadcrumb"},"inLanguage":"et","potentialAction":[{"@type":"ReadAction","target":["https:\/\/wi.ee\/voro\/kiranigu\/johann-georg-schwarts\/"]}]},{"@type":"BreadcrumbList","@id":"https:\/\/wi.ee\/voro\/kiranigu\/johann-georg-schwarts\/#breadcrumb","itemListElement":[{"@type":"ListItem","position":1,"name":"Home","item":"https:\/\/wi.ee\/voro\/"},{"@type":"ListItem","position":2,"name":"KI\u00c4 OMMA V\u00d5RO KIR\u00c4NIGU","item":"https:\/\/wi.ee\/voro\/kiranigu\/"},{"@type":"ListItem","position":3,"name":"Johann Georg Schwarts"}]},{"@type":"WebSite","@id":"https:\/\/wi.ee\/voro\/#website","url":"https:\/\/wi.ee\/voro\/","name":"V\u00f5ro kir\u00e4nd\u00fcs","description":"V\u00f5ro kir\u00e4nd\u00fcse kodoleht","potentialAction":[{"@type":"SearchAction","target":{"@type":"EntryPoint","urlTemplate":"https:\/\/wi.ee\/voro\/?s={search_term_string}"},"query-input":{"@type":"PropertyValueSpecification","valueRequired":true,"valueName":"search_term_string"}}],"inLanguage":"et"}]}},"_links":{"self":[{"href":"https:\/\/wi.ee\/voro\/wp-json\/wp\/v2\/pages\/184","targetHints":{"allow":["GET"]}}],"collection":[{"href":"https:\/\/wi.ee\/voro\/wp-json\/wp\/v2\/pages"}],"about":[{"href":"https:\/\/wi.ee\/voro\/wp-json\/wp\/v2\/types\/page"}],"author":[{"embeddable":true,"href":"https:\/\/wi.ee\/voro\/wp-json\/wp\/v2\/users\/1"}],"replies":[{"embeddable":true,"href":"https:\/\/wi.ee\/voro\/wp-json\/wp\/v2\/comments?post=184"}],"version-history":[{"count":1,"href":"https:\/\/wi.ee\/voro\/wp-json\/wp\/v2\/pages\/184\/revisions"}],"predecessor-version":[{"id":185,"href":"https:\/\/wi.ee\/voro\/wp-json\/wp\/v2\/pages\/184\/revisions\/185"}],"up":[{"embeddable":true,"href":"https:\/\/wi.ee\/voro\/wp-json\/wp\/v2\/pages\/9"}],"wp:attachment":[{"href":"https:\/\/wi.ee\/voro\/wp-json\/wp\/v2\/media?parent=184"}],"curies":[{"name":"wp","href":"https:\/\/api.w.org\/{rel}","templated":true}]}}