{"id":178,"date":"2016-02-02T11:51:29","date_gmt":"2016-02-02T09:51:29","guid":{"rendered":"http:\/\/wi.ee\/voro\/?page_id=178"},"modified":"2023-01-19T16:25:29","modified_gmt":"2023-01-19T14:25:29","slug":"jaan-rappo","status":"publish","type":"page","link":"https:\/\/wi.ee\/voro\/kiranigu\/jaan-rappo\/","title":{"rendered":"Jaan R\u00e4ppo"},"content":{"rendered":"<p><strong><img loading=\"lazy\" decoding=\"async\" class=\"alignleft size-full wp-image-179\" src=\"http:\/\/wi.ee\/voro\/wp-content\/uploads\/2016\/02\/jaan-rappo.jpg\" alt=\"jaan-rappo\" width=\"139\" height=\"180\" \/>Jaan R\u00e4ppo<\/strong> om v\u00f5ro kir\u00e4nd\u00fcse laulumeistrede si\u00e4n klassik uma \u201cHaani mehe\u201d ni seto h\u00fcmniga.<\/p>\n<p>Jaan R\u00e4ppo (Rjappo) s\u00fcnd\u00fc 11. aprillil 1880 V\u00f5romaal Kasaritsa valla vaes\u00f5 talunigu pojana. Opp\u00f5 Sammuka vallakoolin ja V\u00f5ro liinakoolin.<\/p>\n<p>1898 l\u00e4ts Peterburgi ja l\u00f5p\u00f5t eksternina g\u00fcmnaasiumi.<\/p>\n<p>1904-09 opp\u00f5 Peterburi \u00fclikooli aoluu-keeletiid\u00fcskonnan, l\u00f5p\u00f5t idamaa kiili ja hiina filosoofia alal. Ku R\u00e4ppo l\u00e4ts 1898 Peterburgi, s\u00f5s t\u00fc\u00fct t\u00e4 s\u00e4\u00e4l piduritehas\u00f5n.<\/p>\n<p>1908 p\u00e4ssi t\u00e4 tsaarivalitsus\u00f5 Hiina missiooni t\u00f5lgis ja t\u00e4 l\u00e4ts reism\u00e4 (Konstantinoopol &#8211; Tseilon &#8211; Singapur &#8211; Nagasaki &#8211; Peking).<\/p>\n<p>1910 pidi t\u00e4 revolutsiooni tegemise per\u00e4st pag\u00f5ma Poola.<\/p>\n<p>Poolan abiellu t\u00e4 L\u00f5una-Ukrainast peri op\u00f5tajanna Anfissa Hrom\u00f5hhiga. 1914 l\u00e4ts naas\u00f5ga L\u00f5una-Ukrainal\u00f5 Nikolajevi liina.<\/p>\n<p>1915 mobiliseeriti R\u00e4ppo tsaariarmeesse, 1917 valiti Nikolajevi kohaliku liinan\u00f5ukogu esimehes.<\/p>\n<p>1917-20 punatside juht ja s\u00f5av\u00e4e k\u00f5rraldaja<\/p>\n<p>1920 Odessa kubermangu s\u00f5akomissar<\/p>\n<p>1921-28 Ukraina NSV haridus\u00f5 rahvakomissari as\u00f5t\u00e4\u00fctj\u00e4<\/p>\n<p>1922-27 toim\u00f5t pedagoogilist aokirja<\/p>\n<p>Oll ka opp\u00f5j\u00f5ud Harkovi korgin kool\u00f5n<\/p>\n<p>1941 k\u00f5rrald Ukraina latsi s\u00f5a iist \u00e4r saatmist Ba\u0161kiirial\u00f5<\/p>\n<p>1943 l\u00e4ts Ufaast Moskval\u00f5 Ukraina kooliraamatid v\u00e4ll\u00e4 andma<\/p>\n<p>1944-48 oll Kiievin Ukraina NSV Haridusministeeriumi metoodikakabineti direktor.<\/p>\n<p>Jaan R\u00e4ppo kuuli 14. IV 1958 Kiievin. Havva p\u00e4\u00e4le om m\u00e4lest\u00fcsm\u00e4rk pant, niisama V\u00f5romaal s\u00fcnnikotus\u00f5n R\u00e4po k\u00fcl\u00e4n (1970).<\/p>\n<h3>Kir\u00e4nd\u00fcs<\/h3>\n<p>V\u00f5ru ja seto kir\u00e4nd\u00fcisi jaoss om R\u00e4ppo t\u00e4hts\u00e4 tuuper\u00e4st, et om loonu v\u00f5rokiilsid rahvalikk\u00f5 laul\u00f5.<\/p>\n<p>1897 \u201cHaani miis vidi lubjakivve\u2026\u201d om avald\u00f5t lendlehe p\u00e4\u00e4l ja per\u00e4n rahvasuun l\u00fchenemist saanu rahvalikus laulus<\/p>\n<p>1909 \u201cKat\u00f5 ilma veere p\u00e4\u00e4l\u201d ilmu Petseri Postimehen, per\u00e4n Seto lug\u00f5mikun, ildamb sai rahvasuun seto h\u00fcmnis.<\/p>\n<p>R\u00e4ppo t\u00f5lks\u00f5 Lermontovi, Pushkinit ja t\u00f5isi.<\/p>\n<p>Jaan R\u00e4ppo alostas \u00fcten naasega 1936 \u201cKalevipoja\u201d t\u00f5lkmist ukraina kiilde. Anfissa R\u00e4ppo l\u00f5p\u00f5tas t\u00f5lkmise 1967. aastal. \u201cKalevipoig\u201d ilmus 1981. aastal.<\/p>\n<p>R\u00e4ppo kirot as&#8217;aarmastajide jaoss neli n\u00e4idendit.<\/p>\n<p>Reisikir\u00e4 ilmuva Tartu aolehin ja lisad\u00f5n \u201cElu\u201d1908 III kvartal, Postimees 1908 sept-okt, 1910 jaan, mai ja 1911 jaan &#8211; veebr.<\/p>\n<h3>Tim\u00e4 kotsil\u00f5 saa luk\u00f5:<\/h3>\n<p>\u00d5igus (Tallinn 28.IV 1908)<\/p>\n<p>P\u00e4evaleht 8.VI 1921<\/p>\n<p>Edasi 11. I 1976 (Elmo Ploom, Rudolf P\u00f5ldm\u00e4e)<\/p>\n<p>Sirp ja Vasar 11. IV 1980 (Elmo Ploom)<\/p>\n<p>Rahva H\u00e4\u00e4l 11. IV 1980 (R.Oras)<\/p>\n<p>Edasi 22. IV 1980(V. P\u00fctsep)<\/p>\n<p>Keel ja Kirjandus 1980-4 (Elmo Ploom)<\/p>\n<p>Ukrainskaja sov. entsikl. 9 (Kiiev 1983)<\/p>\n<p><a href=\"http:\/\/haldjas.folklore.ee\/tagused\/nr10\/snd\/05.mp3\" target=\"_blank\" rel=\"noopener\">Kull\u00f5q: Haani miiss Ummamuudu esitusen &gt;&gt;<\/a><\/p>\n","protected":false},"excerpt":{"rendered":"<p>Jaan R\u00e4ppo om v\u00f5ro kir\u00e4nd\u00fcse laulumeistrede si\u00e4n klassik uma \u201cHaani mehe\u201d ni seto h\u00fcmniga. Jaan R\u00e4ppo (Rjappo) s\u00fcnd\u00fc 11. aprillil 1880 V\u00f5romaal Kasaritsa valla vaes\u00f5 talunigu pojana. Opp\u00f5 Sammuka vallakoolin ja V\u00f5ro liinakoolin. 1898 l\u00e4ts Peterburgi ja l\u00f5p\u00f5t eksternina g\u00fcmnaasiumi. 1904-09 opp\u00f5 Peterburi \u00fclikooli aoluu-keeletiid\u00fcskonnan, l\u00f5p\u00f5t idamaa kiili ja hiina filosoofia alal. Ku R\u00e4ppo l\u00e4ts [&hellip;]<\/p>\n","protected":false},"author":1,"featured_media":0,"parent":9,"menu_order":35,"comment_status":"closed","ping_status":"closed","template":"","meta":{"footnotes":""},"class_list":["post-178","page","type-page","status-publish","hentry"],"yoast_head":"<!-- This site is optimized with the Yoast SEO plugin v27.4 - https:\/\/yoast.com\/product\/yoast-seo-wordpress\/ -->\n<title>Jaan R\u00e4ppo - V\u00f5ro kir\u00e4nd\u00fcs<\/title>\n<meta name=\"robots\" content=\"index, follow, max-snippet:-1, max-image-preview:large, max-video-preview:-1\" \/>\n<link rel=\"canonical\" href=\"https:\/\/wi.ee\/voro\/kiranigu\/jaan-rappo\/\" \/>\n<meta property=\"og:locale\" content=\"et_EE\" \/>\n<meta property=\"og:type\" content=\"article\" \/>\n<meta property=\"og:title\" content=\"Jaan R\u00e4ppo - V\u00f5ro kir\u00e4nd\u00fcs\" \/>\n<meta property=\"og:description\" content=\"Jaan R\u00e4ppo om v\u00f5ro kir\u00e4nd\u00fcse laulumeistrede si\u00e4n klassik uma \u201cHaani mehe\u201d ni seto h\u00fcmniga. Jaan R\u00e4ppo (Rjappo) s\u00fcnd\u00fc 11. aprillil 1880 V\u00f5romaal Kasaritsa valla vaes\u00f5 talunigu pojana. Opp\u00f5 Sammuka vallakoolin ja V\u00f5ro liinakoolin. 1898 l\u00e4ts Peterburgi ja l\u00f5p\u00f5t eksternina g\u00fcmnaasiumi. 1904-09 opp\u00f5 Peterburi \u00fclikooli aoluu-keeletiid\u00fcskonnan, l\u00f5p\u00f5t idamaa kiili ja hiina filosoofia alal. Ku R\u00e4ppo l\u00e4ts [&hellip;]\" \/>\n<meta property=\"og:url\" content=\"https:\/\/wi.ee\/voro\/kiranigu\/jaan-rappo\/\" \/>\n<meta property=\"og:site_name\" content=\"V\u00f5ro kir\u00e4nd\u00fcs\" \/>\n<meta property=\"article:modified_time\" content=\"2023-01-19T14:25:29+00:00\" \/>\n<meta property=\"og:image\" content=\"http:\/\/wi.ee\/voro\/wp-content\/uploads\/2016\/02\/jaan-rappo.jpg\" \/>\n<meta name=\"twitter:card\" content=\"summary_large_image\" \/>\n<meta name=\"twitter:label1\" content=\"Est. reading time\" \/>\n\t<meta name=\"twitter:data1\" content=\"3 minutit\" \/>\n<script type=\"application\/ld+json\" class=\"yoast-schema-graph\">{\"@context\":\"https:\\\/\\\/schema.org\",\"@graph\":[{\"@type\":\"WebPage\",\"@id\":\"https:\\\/\\\/wi.ee\\\/voro\\\/kiranigu\\\/jaan-rappo\\\/\",\"url\":\"https:\\\/\\\/wi.ee\\\/voro\\\/kiranigu\\\/jaan-rappo\\\/\",\"name\":\"Jaan R\u00e4ppo - V\u00f5ro kir\u00e4nd\u00fcs\",\"isPartOf\":{\"@id\":\"https:\\\/\\\/wi.ee\\\/voro\\\/#website\"},\"primaryImageOfPage\":{\"@id\":\"https:\\\/\\\/wi.ee\\\/voro\\\/kiranigu\\\/jaan-rappo\\\/#primaryimage\"},\"image\":{\"@id\":\"https:\\\/\\\/wi.ee\\\/voro\\\/kiranigu\\\/jaan-rappo\\\/#primaryimage\"},\"thumbnailUrl\":\"http:\\\/\\\/wi.ee\\\/voro\\\/wp-content\\\/uploads\\\/2016\\\/02\\\/jaan-rappo.jpg\",\"datePublished\":\"2016-02-02T09:51:29+00:00\",\"dateModified\":\"2023-01-19T14:25:29+00:00\",\"breadcrumb\":{\"@id\":\"https:\\\/\\\/wi.ee\\\/voro\\\/kiranigu\\\/jaan-rappo\\\/#breadcrumb\"},\"inLanguage\":\"et\",\"potentialAction\":[{\"@type\":\"ReadAction\",\"target\":[\"https:\\\/\\\/wi.ee\\\/voro\\\/kiranigu\\\/jaan-rappo\\\/\"]}]},{\"@type\":\"ImageObject\",\"inLanguage\":\"et\",\"@id\":\"https:\\\/\\\/wi.ee\\\/voro\\\/kiranigu\\\/jaan-rappo\\\/#primaryimage\",\"url\":\"http:\\\/\\\/wi.ee\\\/voro\\\/wp-content\\\/uploads\\\/2016\\\/02\\\/jaan-rappo.jpg\",\"contentUrl\":\"http:\\\/\\\/wi.ee\\\/voro\\\/wp-content\\\/uploads\\\/2016\\\/02\\\/jaan-rappo.jpg\"},{\"@type\":\"BreadcrumbList\",\"@id\":\"https:\\\/\\\/wi.ee\\\/voro\\\/kiranigu\\\/jaan-rappo\\\/#breadcrumb\",\"itemListElement\":[{\"@type\":\"ListItem\",\"position\":1,\"name\":\"Home\",\"item\":\"https:\\\/\\\/wi.ee\\\/voro\\\/\"},{\"@type\":\"ListItem\",\"position\":2,\"name\":\"KI\u00c4 OMMA V\u00d5RO KIR\u00c4NIGU\",\"item\":\"https:\\\/\\\/wi.ee\\\/voro\\\/kiranigu\\\/\"},{\"@type\":\"ListItem\",\"position\":3,\"name\":\"Jaan R\u00e4ppo\"}]},{\"@type\":\"WebSite\",\"@id\":\"https:\\\/\\\/wi.ee\\\/voro\\\/#website\",\"url\":\"https:\\\/\\\/wi.ee\\\/voro\\\/\",\"name\":\"V\u00f5ro kir\u00e4nd\u00fcs\",\"description\":\"V\u00f5ro kir\u00e4nd\u00fcse kodoleht\",\"potentialAction\":[{\"@type\":\"SearchAction\",\"target\":{\"@type\":\"EntryPoint\",\"urlTemplate\":\"https:\\\/\\\/wi.ee\\\/voro\\\/?s={search_term_string}\"},\"query-input\":{\"@type\":\"PropertyValueSpecification\",\"valueRequired\":true,\"valueName\":\"search_term_string\"}}],\"inLanguage\":\"et\"}]}<\/script>\n<!-- \/ Yoast SEO plugin. -->","yoast_head_json":{"title":"Jaan R\u00e4ppo - V\u00f5ro kir\u00e4nd\u00fcs","robots":{"index":"index","follow":"follow","max-snippet":"max-snippet:-1","max-image-preview":"max-image-preview:large","max-video-preview":"max-video-preview:-1"},"canonical":"https:\/\/wi.ee\/voro\/kiranigu\/jaan-rappo\/","og_locale":"et_EE","og_type":"article","og_title":"Jaan R\u00e4ppo - V\u00f5ro kir\u00e4nd\u00fcs","og_description":"Jaan R\u00e4ppo om v\u00f5ro kir\u00e4nd\u00fcse laulumeistrede si\u00e4n klassik uma \u201cHaani mehe\u201d ni seto h\u00fcmniga. Jaan R\u00e4ppo (Rjappo) s\u00fcnd\u00fc 11. aprillil 1880 V\u00f5romaal Kasaritsa valla vaes\u00f5 talunigu pojana. Opp\u00f5 Sammuka vallakoolin ja V\u00f5ro liinakoolin. 1898 l\u00e4ts Peterburgi ja l\u00f5p\u00f5t eksternina g\u00fcmnaasiumi. 1904-09 opp\u00f5 Peterburi \u00fclikooli aoluu-keeletiid\u00fcskonnan, l\u00f5p\u00f5t idamaa kiili ja hiina filosoofia alal. Ku R\u00e4ppo l\u00e4ts [&hellip;]","og_url":"https:\/\/wi.ee\/voro\/kiranigu\/jaan-rappo\/","og_site_name":"V\u00f5ro kir\u00e4nd\u00fcs","article_modified_time":"2023-01-19T14:25:29+00:00","og_image":[{"url":"http:\/\/wi.ee\/voro\/wp-content\/uploads\/2016\/02\/jaan-rappo.jpg","type":"","width":"","height":""}],"twitter_card":"summary_large_image","twitter_misc":{"Est. reading time":"3 minutit"},"schema":{"@context":"https:\/\/schema.org","@graph":[{"@type":"WebPage","@id":"https:\/\/wi.ee\/voro\/kiranigu\/jaan-rappo\/","url":"https:\/\/wi.ee\/voro\/kiranigu\/jaan-rappo\/","name":"Jaan R\u00e4ppo - V\u00f5ro kir\u00e4nd\u00fcs","isPartOf":{"@id":"https:\/\/wi.ee\/voro\/#website"},"primaryImageOfPage":{"@id":"https:\/\/wi.ee\/voro\/kiranigu\/jaan-rappo\/#primaryimage"},"image":{"@id":"https:\/\/wi.ee\/voro\/kiranigu\/jaan-rappo\/#primaryimage"},"thumbnailUrl":"http:\/\/wi.ee\/voro\/wp-content\/uploads\/2016\/02\/jaan-rappo.jpg","datePublished":"2016-02-02T09:51:29+00:00","dateModified":"2023-01-19T14:25:29+00:00","breadcrumb":{"@id":"https:\/\/wi.ee\/voro\/kiranigu\/jaan-rappo\/#breadcrumb"},"inLanguage":"et","potentialAction":[{"@type":"ReadAction","target":["https:\/\/wi.ee\/voro\/kiranigu\/jaan-rappo\/"]}]},{"@type":"ImageObject","inLanguage":"et","@id":"https:\/\/wi.ee\/voro\/kiranigu\/jaan-rappo\/#primaryimage","url":"http:\/\/wi.ee\/voro\/wp-content\/uploads\/2016\/02\/jaan-rappo.jpg","contentUrl":"http:\/\/wi.ee\/voro\/wp-content\/uploads\/2016\/02\/jaan-rappo.jpg"},{"@type":"BreadcrumbList","@id":"https:\/\/wi.ee\/voro\/kiranigu\/jaan-rappo\/#breadcrumb","itemListElement":[{"@type":"ListItem","position":1,"name":"Home","item":"https:\/\/wi.ee\/voro\/"},{"@type":"ListItem","position":2,"name":"KI\u00c4 OMMA V\u00d5RO KIR\u00c4NIGU","item":"https:\/\/wi.ee\/voro\/kiranigu\/"},{"@type":"ListItem","position":3,"name":"Jaan R\u00e4ppo"}]},{"@type":"WebSite","@id":"https:\/\/wi.ee\/voro\/#website","url":"https:\/\/wi.ee\/voro\/","name":"V\u00f5ro kir\u00e4nd\u00fcs","description":"V\u00f5ro kir\u00e4nd\u00fcse kodoleht","potentialAction":[{"@type":"SearchAction","target":{"@type":"EntryPoint","urlTemplate":"https:\/\/wi.ee\/voro\/?s={search_term_string}"},"query-input":{"@type":"PropertyValueSpecification","valueRequired":true,"valueName":"search_term_string"}}],"inLanguage":"et"}]}},"_links":{"self":[{"href":"https:\/\/wi.ee\/voro\/wp-json\/wp\/v2\/pages\/178","targetHints":{"allow":["GET"]}}],"collection":[{"href":"https:\/\/wi.ee\/voro\/wp-json\/wp\/v2\/pages"}],"about":[{"href":"https:\/\/wi.ee\/voro\/wp-json\/wp\/v2\/types\/page"}],"author":[{"embeddable":true,"href":"https:\/\/wi.ee\/voro\/wp-json\/wp\/v2\/users\/1"}],"replies":[{"embeddable":true,"href":"https:\/\/wi.ee\/voro\/wp-json\/wp\/v2\/comments?post=178"}],"version-history":[{"count":4,"href":"https:\/\/wi.ee\/voro\/wp-json\/wp\/v2\/pages\/178\/revisions"}],"predecessor-version":[{"id":983,"href":"https:\/\/wi.ee\/voro\/wp-json\/wp\/v2\/pages\/178\/revisions\/983"}],"up":[{"embeddable":true,"href":"https:\/\/wi.ee\/voro\/wp-json\/wp\/v2\/pages\/9"}],"wp:attachment":[{"href":"https:\/\/wi.ee\/voro\/wp-json\/wp\/v2\/media?parent=178"}],"curies":[{"name":"wp","href":"https:\/\/api.w.org\/{rel}","templated":true}]}}