{"id":175,"date":"2016-02-02T11:49:23","date_gmt":"2016-02-02T09:49:23","guid":{"rendered":"http:\/\/wi.ee\/voro\/?page_id=175"},"modified":"2023-01-19T15:45:47","modified_gmt":"2023-01-19T13:45:47","slug":"hando-runnel","status":"publish","type":"page","link":"https:\/\/wi.ee\/voro\/kiranigu\/hando-runnel\/","title":{"rendered":"Hando Runnel"},"content":{"rendered":"<p><img loading=\"lazy\" decoding=\"async\" class=\"alignleft size-full wp-image-176\" src=\"http:\/\/wi.ee\/voro\/wp-content\/uploads\/2016\/02\/hando-runnel.jpg\" alt=\"hando-runnel\" width=\"182\" height=\"227\" \/>Olk\u00f5 et Hando Runnel (s. 24. 11. 1938) om ummi v\u00e4rsse perr\u00e4 t\u00f5t\u00f5 l\u00f5unaeestl\u00e4ne, \u00fctlese targa raamadu, et t\u00e4\u00e4 om s\u00fcnd\u00fcn\u00fc ja kasunu J\u00e4rvamaal,V\u00f5hmuta vallan Liutsaku k\u00fcl\u00e4n. Tim\u00e4 van\u00f5mba olli J\u00e4rvamaal\u00f5 r\u00e4nn\u00e4n\u00fc V\u00f5romaalt ja HR m\u00e4let\u00e4s, et muu k\u00fcl\u00e4rahva seen oll veid\u00fc nigu v\u00f5\u00f5ra tunn\u00f5. HRi es\u00e4 kuuli inne, ku poiss 5. klassi l\u00e4ts, a oll joudnu her\u00e4ht\u00e4 huvvi kir\u00e4nd\u00fcse ja kultuuri vasta. V\u00f5iolla selle, et kodokiil oll t\u00f5n\u00f5 ku muijal, omgi HR v\u00f5rokeelitsit luul\u00f5tuisi pannu k\u00f5g\u00f5p\u00e4\u00e4lt latsiraamatihe.<\/p>\n<p>A v\u00e4ega ei massa vahet tet\u00e4 latsi- ja suurikir\u00e4nd\u00fcse vaihh\u00f5l, ku HR esiki om avaldanu sammu tekste nii latsil\u00f5 ku &#8220;peris&#8221;- kogoden.<\/p>\n<p>Alg- ni p\u00f5hikoolitus\u00f5 sai HR 1945-52 Jalgsema k\u00fcl\u00e4koolin, J\u00e4rva-Jaani ja Ambla al\u00f5vikuul\u00f5n, keskhariduse 1952-56 Tartu I ja Paide keskkuul\u00f5n. 1957-62 ops\u00f5 EPA kaugopp\u00f5n maaharimist. 1956-66 oll HR t\u00fc\u00fcl kodokolhoosen, 1966-71 t\u00fc\u00fct Talinan Loomingu toim\u00f5ndus\u00f5n. P\u00e4\u00e4le toda oll priikir\u00e4nik. 1973. aastagast, ku naas\u00f5 (luul\u00f5taja Katre Ligi) v\u00f5tt, el\u00e4s Tartun. Perren om 6 last. 1988-90 oll HR ajakir\u00e4 Akadeemia alostamise ja v\u00e4ll\u00e4andmise man, 1992. a-l kir\u00e4st\u00fcse Ilmamaa \u00fcts asutajid ni omanikk\u00f5. Tuustaost tegeles \u201cEesti m\u00f5tt\u00f5luu\u201d sarjaga.<\/p>\n<p>Luul\u00f5tama nakass HR \u00fclikooli-aigu, 1963 ilmusiq edim\u00e4dseq v\u00e4rsiq aokir\u00e4nd\u00fcsen, 1965 tull edim\u00e4ne kogo. Edim\u00e4dse v\u00f5rokeelidse v\u00e4rsi omma ilmunu latsikogon \u201cMere \u00e4\u00e4res, metsa taga\u201d. V\u00f5rokeelitsit luul\u00f5tuisi v\u00f5it l\u00f6\u00fcd\u00e4 viil kogod\u00f5st \u201cKiikajon ja kaalepuu\u201d, \u201c\u00dcle Alpide\u201d ni \u201cHaruldused\u201d.<\/p>\n<p>HR \u00fctes t\u00e4hts\u00e4mb\u00e4s m\u00f5otajass v\u00f5i pit\u00e4 mulgi luul\u00f5tajat Henrik Adamsonni. P\u00e4\u00e4le tim\u00e4 ja viil pal&#8217;od\u00f5 Eesti kir\u00e4miihi om HR uurnu ja k\u00e4siteln\u00fc Paul Haavaoksa ja Jaan Lattikut. Viim\u00e4tse kogot jutu (\u201cKui meil veel p\u00fcksa ei olnud\u201d, Ilmamaa 1998) omma HRi toim\u00f5nd\u00f5t.<\/p>\n<h3>Luul\u00f5:<\/h3>\n<p>Maa lapsed ER 1965<br \/>\nLaulud t\u00fcdrukuga ER 1967<br \/>\nAvalikud laulud Perioodika 1970<br \/>\nLauluraamat ehk M\u00f5\u00f5ganeelaja ehk Kurbade kaitseks<br \/>\nPerioodika 1972<br \/>\nMiks ja miks ER 1973<br \/>\nM\u00f5ru ning m\u00f6\u00f6duja Perioodika 1976<br \/>\nMere \u00e4\u00e4res, metsa taga ER 1977<br \/>\nKodu-k\u00e4ija ER 1978<br \/>\nM\u00f5telda on m\u00f5nus ER 1982<br \/>\nPunaste \u00f5htute purpur ER 1982<br \/>\nLaulud eestiaegsetele meestele Perioodika 1988<br \/>\nTaadi t\u00fctar ER 1989<br \/>\nKiikajon ja kaalepuu ER 1991<br \/>\nOli kevad, oli suvi ER 1992<br \/>\n\u00dcle Alpide Ilmamaa 1997<br \/>\nHaruldused SE&amp;JS 1998<br \/>\nMa tean, et ma tulen kord j\u00e4lle Ilmamaa 1998<\/p>\n<h3>N\u00e4\u00fcdendi:<\/h3>\n<p>K\u00fc\u00fcni t\u00e4itmine (HR &amp; Madis K\u00f5iv) Ilmamaa 1998<\/p>\n<h3>Jutuq, esee:<\/h3>\n<p>Ei h\u00f5bedat, kulda ER 1984<br \/>\nJuturaamat ER 1986<br \/>\nM\u00f5\u00f5k ja peegel (esseeq v\u00e4rssen) ER 1988<br \/>\nIsamaavajadus Perioodika 1991<br \/>\nJooksu pealt suudeldud Ilmamaa 1998<\/p>\n<h3>Er\u00e4lde om viil v\u00e4ll\u00e4 antu k\u00f5n\u00f5:<\/h3>\n<p>\u201cJuhan Luiga ja Vene k\u00fcsimus: Avalik loeng<br \/>\nTartu \u00dclikooli Arstiteaduskonna aulas 8. okt.<br \/>\n1993\u201d (1993)<\/p>\n<p>HR kotsil\u00f5 luk\u00f5q om pal&#8217;o. Nuuq paar luul\u00f5koko, mid\u00e4<br \/>\nn\u00f5ukogod\u00f5 v\u00f5im umal aol nimmadaq es lupa, omma kah<br \/>\ntakkaperr\u00e4 \u00e4r arvust\u00f5t. V\u00e4iku valik ol\u00f5s:<\/p>\n<p>KK XII 1970 (S. Nagelmaa)<br \/>\nKK XII 1973 (esiqhind\u00e4st)<br \/>\nLng IV 1977 (M. M\u00e4ger)<br \/>\nKK IX 1980 (L. Iher)<br \/>\nKK IV 1985 (A. Langemets)<br \/>\nLng VIII 1987 (R. Mirov)<br \/>\nVk VIII 1987 (esiqhind\u00e4st)<br \/>\nVk XI 1988 (H. Krull)<br \/>\nLng XII 1991 (A. Ehin)<br \/>\nPm 14. IX 1992 (P. K\u00fcnstler)<br \/>\nKK XI 1992 (V. Vahing)<br \/>\nEkspress 23. I 1998 (K: Kesk\u00fcla)<br \/>\nMaaleht 19. XI 1998 (intervjuu)<br \/>\nPpl 22. XI 1998 (A. L\u00f5hmus)<\/p>\n<p>Viil om HRist pik\u00e4lt juttu \u201cEesti kir\u00e4nd\u00fcse aoluu\u201d<br \/>\n5. osa t\u00f5s\u00f5n raamadun.<\/p>\n<h3>Hando Runneli v\u00f5rokiilse v\u00e4rsi<\/h3>\n<p>VELLOK\u00d5N\u00d5, TILLOK\u00d5N\u00d5<\/p>\n<p>Vellok\u00f5n\u00f5, tillok\u00f5n\u00f5<br \/>\nullik\u00f5n\u00f5, ubinak\u00f5n\u00f5,<br \/>\nk\u00fcll sa makat magusal\u00f5,<br \/>\nk\u00fcll sa iket halusal\u00f5,<br \/>\nku sa \u00fcles her\u00e4net,<br \/>\n\u00e4r sa joht ikku ilmahki,<br \/>\nnaara \u00f5ks eg\u00e4 asa p\u00e4\u00e4le<br \/>\nummi pakso p\u00f5skiga,<br \/>\nts\u00f5\u00f5rikide silmiga,<br \/>\ns\u00f5ss sinno im\u00e4 \u00fcs\u00e4ht\u00e4s,<br \/>\nmaamak\u00f5n\u00f5 mudsahtas.<\/p>\n<p>KU MA TARTOST P\u00d5LVA L\u00c4TSI<\/p>\n<p>Ku ma Tartost P\u00f5lva l\u00e4tsi,<br \/>\nTii p\u00e4\u00e4l oll kari latsi,<br \/>\n\u00dcts lats l\u00e4ts pussi ala,<br \/>\nV\u00e4ll\u00e4 tull ku latik-kala.<\/p>\n<p>MAA \u00d5NNISTAMINE<\/p>\n<p>ma tiia k\u00fclh,<br \/>\nma esi olli<br \/>\nnoil aol<br \/>\nnoide m\u00e4ki p\u00e4\u00e4l!<\/p>\n<p>Mi lauls\u00f5mi,<br \/>\nnink oro p\u00f5hja<br \/>\nku k\u00f5lahti<br \/>\nmi illos hel\u00fc!<\/p>\n<p>V\u00f5i, taivas,<br \/>\nsa&#8217;ki sais\u00f5t tan<br \/>\nmi man!<\/p>\n<p>LATS L\u00c4TS NURM\u00d5<\/p>\n<p>Lats l\u00e4ts nurm\u00f5 vikatiga<br \/>\nt\u00f5ugu pandma v\u00e4led\u00e4le,<br \/>\nvilist nurm\u00f5st veledele:<br \/>\ntulk\u00f5 ti kah vikatiga<br \/>\nteemi t\u00fc\u00fc \u00e4r k\u00e4sik\u00e4si!<br \/>\nTuu es m\u00f5ika veledele,<br \/>\nmagajide mal\u00f5val\u00f5,<br \/>\nlats j\u00e4ie \u00fctsi vikatiga,<br \/>\nnakas ikma hal\u00f5dal\u00f5.<\/p>\n<p>V\u00d5IB-OLLA<\/p>\n<p>V\u00f5i olla om V\u00f5romaa m\u00f5tsu se&#8217;en<br \/>\nparhilla noid pantiite?<br \/>\nAga \u00fctegi m\u00f5tsa veere p\u00e4\u00e4l<br \/>\nei ole joht s\u00e4\u00e4netsit viitu&#8230;?<\/p>\n<p>S\u00d5ASALM<\/p>\n<p>Ku s\u00f5idime sillol<br \/>\nvai k\u00f5ndsemi munnel,<br \/>\n\u00f5ks tassa, \u00f5ks targo! &#8211;<br \/>\nes oppa joht Runnel!<\/p>\n<p>BALLAAD SEEREST JA PILVEVEEREST<br \/>\n(Mart Trummali \u00f5hutusel herra Riho Illakule)<\/p>\n<p>Ingel tsusass uma seere<br \/>\n\u00fcle paksu pilveveere.<br \/>\n\u00dctel, Riho, kos sa olet,<br \/>\nkas sa minno kaema tulet?<\/p>\n<p>Riho vasta: kossa hukan,<br \/>\nkae, mo elo k\u00f5ik om hukan,<br \/>\nmine kaiba rektorile,<br \/>\ntim\u00e4 and&#8217; mul vett ja vilet.<\/p>\n<p>Ilmamaa on kah \u00fcts h\u00e4d\u00e4,<br \/>\npoputa ja kaitsa ted\u00e4,<br \/>\nkui tast asjast asja saase.<br \/>\nSiski &#8211; miild\u00fcse s\u00e4\u00e4l naase&#8217;!<\/p>\n<p>Homm\u00f5n l\u00e4\u00e4 ma v\u00f5ro poole,<br \/>\nku&#8217;ma \u00f5kvalt \u00e4r&#8217; ei koole!<br \/>\nV\u00e4imelan vai Tilleoron<br \/>\nooda minno, moka&#8217; toron.<\/p>\n<p>Kui sa aiet t\u00fchj\u00e4 loba<br \/>\nja ei tul\u00f5&#8217; sis ma joba<br \/>\ntii\u00e4 tuud ja naka uskma:<br \/>\nAivo L\u00f5hmus j\u00e4l&#8217; om tsuskman&#8230;<\/p>\n<p>Sis ma h\u00e4\u00f6t\u00e4 su ku roti,<br \/>\nhevva p\u00e4\u00e4le Pavarotti<br \/>\ntelli laulma, las ta ikes,<br \/>\nlas mu hall\u00f5 s\u00fc\u00e4 l\u00e4t likes&#8230;<\/p>\n<p>Ingel tsusass uma seere<br \/>\n\u00fcle paksu pilveveere.<br \/>\n\u00dctel, Riho, kos sa olet,<br \/>\nKas sa minno kaema tulet?<\/p>\n","protected":false},"excerpt":{"rendered":"<p>Olk\u00f5 et Hando Runnel (s. 24. 11. 1938) om ummi v\u00e4rsse perr\u00e4 t\u00f5t\u00f5 l\u00f5unaeestl\u00e4ne, \u00fctlese targa raamadu, et t\u00e4\u00e4 om s\u00fcnd\u00fcn\u00fc ja kasunu J\u00e4rvamaal,V\u00f5hmuta vallan Liutsaku k\u00fcl\u00e4n. Tim\u00e4 van\u00f5mba olli J\u00e4rvamaal\u00f5 r\u00e4nn\u00e4n\u00fc V\u00f5romaalt ja HR m\u00e4let\u00e4s, et muu k\u00fcl\u00e4rahva seen oll veid\u00fc nigu v\u00f5\u00f5ra tunn\u00f5. HRi es\u00e4 kuuli inne, ku poiss 5. klassi l\u00e4ts, a [&hellip;]<\/p>\n","protected":false},"author":1,"featured_media":0,"parent":9,"menu_order":34,"comment_status":"closed","ping_status":"closed","template":"","meta":{"footnotes":""},"class_list":["post-175","page","type-page","status-publish","hentry"],"yoast_head":"<!-- This site is optimized with the Yoast SEO plugin v27.3 - https:\/\/yoast.com\/product\/yoast-seo-wordpress\/ -->\n<title>Hando Runnel - V\u00f5ro kir\u00e4nd\u00fcs<\/title>\n<meta name=\"robots\" content=\"index, follow, max-snippet:-1, max-image-preview:large, max-video-preview:-1\" \/>\n<link rel=\"canonical\" href=\"https:\/\/wi.ee\/voro\/kiranigu\/hando-runnel\/\" \/>\n<meta property=\"og:locale\" content=\"et_EE\" \/>\n<meta property=\"og:type\" content=\"article\" \/>\n<meta property=\"og:title\" content=\"Hando Runnel - V\u00f5ro kir\u00e4nd\u00fcs\" \/>\n<meta property=\"og:description\" content=\"Olk\u00f5 et Hando Runnel (s. 24. 11. 1938) om ummi v\u00e4rsse perr\u00e4 t\u00f5t\u00f5 l\u00f5unaeestl\u00e4ne, \u00fctlese targa raamadu, et t\u00e4\u00e4 om s\u00fcnd\u00fcn\u00fc ja kasunu J\u00e4rvamaal,V\u00f5hmuta vallan Liutsaku k\u00fcl\u00e4n. Tim\u00e4 van\u00f5mba olli J\u00e4rvamaal\u00f5 r\u00e4nn\u00e4n\u00fc V\u00f5romaalt ja HR m\u00e4let\u00e4s, et muu k\u00fcl\u00e4rahva seen oll veid\u00fc nigu v\u00f5\u00f5ra tunn\u00f5. HRi es\u00e4 kuuli inne, ku poiss 5. klassi l\u00e4ts, a [&hellip;]\" \/>\n<meta property=\"og:url\" content=\"https:\/\/wi.ee\/voro\/kiranigu\/hando-runnel\/\" \/>\n<meta property=\"og:site_name\" content=\"V\u00f5ro kir\u00e4nd\u00fcs\" \/>\n<meta property=\"article:modified_time\" content=\"2023-01-19T13:45:47+00:00\" \/>\n<meta property=\"og:image\" content=\"http:\/\/wi.ee\/voro\/wp-content\/uploads\/2016\/02\/hando-runnel.jpg\" \/>\n<meta name=\"twitter:card\" content=\"summary_large_image\" \/>\n<meta name=\"twitter:label1\" content=\"Est. reading time\" \/>\n\t<meta name=\"twitter:data1\" content=\"5 minutit\" \/>\n<script type=\"application\/ld+json\" class=\"yoast-schema-graph\">{\"@context\":\"https:\\\/\\\/schema.org\",\"@graph\":[{\"@type\":\"WebPage\",\"@id\":\"https:\\\/\\\/wi.ee\\\/voro\\\/kiranigu\\\/hando-runnel\\\/\",\"url\":\"https:\\\/\\\/wi.ee\\\/voro\\\/kiranigu\\\/hando-runnel\\\/\",\"name\":\"Hando Runnel - V\u00f5ro kir\u00e4nd\u00fcs\",\"isPartOf\":{\"@id\":\"https:\\\/\\\/wi.ee\\\/voro\\\/#website\"},\"primaryImageOfPage\":{\"@id\":\"https:\\\/\\\/wi.ee\\\/voro\\\/kiranigu\\\/hando-runnel\\\/#primaryimage\"},\"image\":{\"@id\":\"https:\\\/\\\/wi.ee\\\/voro\\\/kiranigu\\\/hando-runnel\\\/#primaryimage\"},\"thumbnailUrl\":\"http:\\\/\\\/wi.ee\\\/voro\\\/wp-content\\\/uploads\\\/2016\\\/02\\\/hando-runnel.jpg\",\"datePublished\":\"2016-02-02T09:49:23+00:00\",\"dateModified\":\"2023-01-19T13:45:47+00:00\",\"breadcrumb\":{\"@id\":\"https:\\\/\\\/wi.ee\\\/voro\\\/kiranigu\\\/hando-runnel\\\/#breadcrumb\"},\"inLanguage\":\"et\",\"potentialAction\":[{\"@type\":\"ReadAction\",\"target\":[\"https:\\\/\\\/wi.ee\\\/voro\\\/kiranigu\\\/hando-runnel\\\/\"]}]},{\"@type\":\"ImageObject\",\"inLanguage\":\"et\",\"@id\":\"https:\\\/\\\/wi.ee\\\/voro\\\/kiranigu\\\/hando-runnel\\\/#primaryimage\",\"url\":\"http:\\\/\\\/wi.ee\\\/voro\\\/wp-content\\\/uploads\\\/2016\\\/02\\\/hando-runnel.jpg\",\"contentUrl\":\"http:\\\/\\\/wi.ee\\\/voro\\\/wp-content\\\/uploads\\\/2016\\\/02\\\/hando-runnel.jpg\"},{\"@type\":\"BreadcrumbList\",\"@id\":\"https:\\\/\\\/wi.ee\\\/voro\\\/kiranigu\\\/hando-runnel\\\/#breadcrumb\",\"itemListElement\":[{\"@type\":\"ListItem\",\"position\":1,\"name\":\"Home\",\"item\":\"https:\\\/\\\/wi.ee\\\/voro\\\/\"},{\"@type\":\"ListItem\",\"position\":2,\"name\":\"KI\u00c4 OMMA V\u00d5RO KIR\u00c4NIGU\",\"item\":\"https:\\\/\\\/wi.ee\\\/voro\\\/kiranigu\\\/\"},{\"@type\":\"ListItem\",\"position\":3,\"name\":\"Hando Runnel\"}]},{\"@type\":\"WebSite\",\"@id\":\"https:\\\/\\\/wi.ee\\\/voro\\\/#website\",\"url\":\"https:\\\/\\\/wi.ee\\\/voro\\\/\",\"name\":\"V\u00f5ro kir\u00e4nd\u00fcs\",\"description\":\"V\u00f5ro kir\u00e4nd\u00fcse kodoleht\",\"potentialAction\":[{\"@type\":\"SearchAction\",\"target\":{\"@type\":\"EntryPoint\",\"urlTemplate\":\"https:\\\/\\\/wi.ee\\\/voro\\\/?s={search_term_string}\"},\"query-input\":{\"@type\":\"PropertyValueSpecification\",\"valueRequired\":true,\"valueName\":\"search_term_string\"}}],\"inLanguage\":\"et\"}]}<\/script>\n<!-- \/ Yoast SEO plugin. -->","yoast_head_json":{"title":"Hando Runnel - V\u00f5ro kir\u00e4nd\u00fcs","robots":{"index":"index","follow":"follow","max-snippet":"max-snippet:-1","max-image-preview":"max-image-preview:large","max-video-preview":"max-video-preview:-1"},"canonical":"https:\/\/wi.ee\/voro\/kiranigu\/hando-runnel\/","og_locale":"et_EE","og_type":"article","og_title":"Hando Runnel - V\u00f5ro kir\u00e4nd\u00fcs","og_description":"Olk\u00f5 et Hando Runnel (s. 24. 11. 1938) om ummi v\u00e4rsse perr\u00e4 t\u00f5t\u00f5 l\u00f5unaeestl\u00e4ne, \u00fctlese targa raamadu, et t\u00e4\u00e4 om s\u00fcnd\u00fcn\u00fc ja kasunu J\u00e4rvamaal,V\u00f5hmuta vallan Liutsaku k\u00fcl\u00e4n. Tim\u00e4 van\u00f5mba olli J\u00e4rvamaal\u00f5 r\u00e4nn\u00e4n\u00fc V\u00f5romaalt ja HR m\u00e4let\u00e4s, et muu k\u00fcl\u00e4rahva seen oll veid\u00fc nigu v\u00f5\u00f5ra tunn\u00f5. HRi es\u00e4 kuuli inne, ku poiss 5. klassi l\u00e4ts, a [&hellip;]","og_url":"https:\/\/wi.ee\/voro\/kiranigu\/hando-runnel\/","og_site_name":"V\u00f5ro kir\u00e4nd\u00fcs","article_modified_time":"2023-01-19T13:45:47+00:00","og_image":[{"url":"http:\/\/wi.ee\/voro\/wp-content\/uploads\/2016\/02\/hando-runnel.jpg","type":"","width":"","height":""}],"twitter_card":"summary_large_image","twitter_misc":{"Est. reading time":"5 minutit"},"schema":{"@context":"https:\/\/schema.org","@graph":[{"@type":"WebPage","@id":"https:\/\/wi.ee\/voro\/kiranigu\/hando-runnel\/","url":"https:\/\/wi.ee\/voro\/kiranigu\/hando-runnel\/","name":"Hando Runnel - V\u00f5ro kir\u00e4nd\u00fcs","isPartOf":{"@id":"https:\/\/wi.ee\/voro\/#website"},"primaryImageOfPage":{"@id":"https:\/\/wi.ee\/voro\/kiranigu\/hando-runnel\/#primaryimage"},"image":{"@id":"https:\/\/wi.ee\/voro\/kiranigu\/hando-runnel\/#primaryimage"},"thumbnailUrl":"http:\/\/wi.ee\/voro\/wp-content\/uploads\/2016\/02\/hando-runnel.jpg","datePublished":"2016-02-02T09:49:23+00:00","dateModified":"2023-01-19T13:45:47+00:00","breadcrumb":{"@id":"https:\/\/wi.ee\/voro\/kiranigu\/hando-runnel\/#breadcrumb"},"inLanguage":"et","potentialAction":[{"@type":"ReadAction","target":["https:\/\/wi.ee\/voro\/kiranigu\/hando-runnel\/"]}]},{"@type":"ImageObject","inLanguage":"et","@id":"https:\/\/wi.ee\/voro\/kiranigu\/hando-runnel\/#primaryimage","url":"http:\/\/wi.ee\/voro\/wp-content\/uploads\/2016\/02\/hando-runnel.jpg","contentUrl":"http:\/\/wi.ee\/voro\/wp-content\/uploads\/2016\/02\/hando-runnel.jpg"},{"@type":"BreadcrumbList","@id":"https:\/\/wi.ee\/voro\/kiranigu\/hando-runnel\/#breadcrumb","itemListElement":[{"@type":"ListItem","position":1,"name":"Home","item":"https:\/\/wi.ee\/voro\/"},{"@type":"ListItem","position":2,"name":"KI\u00c4 OMMA V\u00d5RO KIR\u00c4NIGU","item":"https:\/\/wi.ee\/voro\/kiranigu\/"},{"@type":"ListItem","position":3,"name":"Hando Runnel"}]},{"@type":"WebSite","@id":"https:\/\/wi.ee\/voro\/#website","url":"https:\/\/wi.ee\/voro\/","name":"V\u00f5ro kir\u00e4nd\u00fcs","description":"V\u00f5ro kir\u00e4nd\u00fcse kodoleht","potentialAction":[{"@type":"SearchAction","target":{"@type":"EntryPoint","urlTemplate":"https:\/\/wi.ee\/voro\/?s={search_term_string}"},"query-input":{"@type":"PropertyValueSpecification","valueRequired":true,"valueName":"search_term_string"}}],"inLanguage":"et"}]}},"_links":{"self":[{"href":"https:\/\/wi.ee\/voro\/wp-json\/wp\/v2\/pages\/175","targetHints":{"allow":["GET"]}}],"collection":[{"href":"https:\/\/wi.ee\/voro\/wp-json\/wp\/v2\/pages"}],"about":[{"href":"https:\/\/wi.ee\/voro\/wp-json\/wp\/v2\/types\/page"}],"author":[{"embeddable":true,"href":"https:\/\/wi.ee\/voro\/wp-json\/wp\/v2\/users\/1"}],"replies":[{"embeddable":true,"href":"https:\/\/wi.ee\/voro\/wp-json\/wp\/v2\/comments?post=175"}],"version-history":[{"count":4,"href":"https:\/\/wi.ee\/voro\/wp-json\/wp\/v2\/pages\/175\/revisions"}],"predecessor-version":[{"id":980,"href":"https:\/\/wi.ee\/voro\/wp-json\/wp\/v2\/pages\/175\/revisions\/980"}],"up":[{"embeddable":true,"href":"https:\/\/wi.ee\/voro\/wp-json\/wp\/v2\/pages\/9"}],"wp:attachment":[{"href":"https:\/\/wi.ee\/voro\/wp-json\/wp\/v2\/media?parent=175"}],"curies":[{"name":"wp","href":"https:\/\/api.w.org\/{rel}","templated":true}]}}