{"id":169,"date":"2016-02-02T11:45:34","date_gmt":"2016-02-02T09:45:34","guid":{"rendered":"http:\/\/wi.ee\/voro\/?page_id=169"},"modified":"2023-01-19T12:02:35","modified_gmt":"2023-01-19T10:02:35","slug":"olavi-ruitlane","status":"publish","type":"page","link":"https:\/\/wi.ee\/voro\/kiranigu\/olavi-ruitlane\/","title":{"rendered":"Olavi Ruitlane"},"content":{"rendered":"<p><strong><img loading=\"lazy\" decoding=\"async\" class=\"alignleft size-full wp-image-173\" src=\"http:\/\/wi.ee\/voro\/wp-content\/uploads\/2016\/02\/olavi-ruitlane.jpg\" alt=\"olavi-ruitlane\" width=\"180\" height=\"211\" \/>Olavi Ruitlane<\/strong> s\u00fcnd\u00fc 1.juulil 1969 Tartu liinan V\u00f5romaalt peri t\u00fc\u00fcliste perren. Kat\u00f5- kuuds\u00f5lt kolisi el\u00e4m\u00e4 V\u00f5ro liina. Es\u00e4 um peri Varstu vallast M\u00f5tstagast, im\u00e4 van\u00f5mba Murati l\u00e4hk\u00fclt. Ruitlane l\u00f5p\u00f5t V\u00f5ru I 8-klassilidse kooli ni k\u00e4ve kolm aastagat V\u00f5ru T\u00f6\u00f6stustehnikumin. L\u00f5p\u00f5t V\u00f5ru kaugopp\u00f5keskkooli. Ruitlane om olnu ehit\u00fcsmaalri, treial, autujuht, katlak\u00fctj\u00e4, valvur, t\u00fc\u00fckua meistre, varustaja, kar&#8217;us.<\/p>\n<h3>Kuuluvus:<\/h3>\n<p>Eesti Kirjanike Liidu liige<br \/>\nTartu Noorte Autorite liige<br \/>\nEesti Autorite \u00dchingu liige<\/p>\n<h3>Looming:<\/h3>\n<p>\u201cInemise sisu&#8221; Tartu 1998 (Luuletus\u00f5 v\u00f5ro- ja eesti keeli)<\/p>\n<p>&#8220;kaera jaan ja mister propper&#8221; V\u00f5ro 1999 (Luuletus\u00f5 v\u00f5ro- ja eesti keeli)<\/p>\n<p>Latsiromaan \u201cKail\u201d (2000).<\/p>\n<p>\u201cVolli\u201d: Metsavelledraama \u00fcten vaatusen, viieteistk\u00fcmn\u00f5n pildin. V\u00f5ro, 2004. \u2013 64 lk (Lavastati 2004 Metsavelle talon Vahtse-Roosan V\u00f5ru Teatriateljee poolt.<\/p>\n<p>\u201cKroonu\u201d (2005) Vinne s\u00f5av\u00e4est k\u00f5n\u00f5lav romaan, 2004 a. romaaniv\u00f5istlusel 2 kotussega hinnatu t\u00fc\u00fc.<\/p>\n<p>\u201cPeko\u201d (2005) N\u00e4\u00fcdendik\u00e4sikiri setode nurmejumnal Pekost. (\u00dctist\u00fc\u00fcn\u00e4 Kauksi \u00dcllega.)<\/p>\n<p>&#8220;Naine&#8221; (2009) Kaasaign\u00f5 rumaan.<\/p>\n<p>&#8220;Vee peal&#8221; (2015) Raamatun kujut\u00f5t s\u00fcndmus\u00f5 toimus\u00f5 V\u00f5ro liinan aastil 1981-1982.<\/p>\n<p>&nbsp;<\/p>\n<h3>Avaldatu kogumiken:<\/h3>\n<p>\u201cHea raamat\u201d Tartu 1998 (NAKi proosakogumikun jutt)<\/p>\n<p>&#8220;Tagasi pr\u00fcgim\u00e4ele&#8221; (Eesti punkluul\u00f5 antoloogia, koostanu J. Rooste, kirj\u00e4stus &#8220;T\u00e4nap\u00e4ev&#8221; 2000)<\/p>\n<p>&#8220;Viie tunni tee \/ Five Hours Away&#8221; (P\u00f5hjamaade Ministrite N\u00f5ukogu Tallinna Infob\u00fcroo ja AcrossWords 2001)<\/p>\n<p>&#8220;Ime k\u00fctken t\u00e4he poole kist&#8221; (Eesti murdeluule antoloogia, koostanu Siim K\u00e4rner, Print Best Viljandi 2002)<\/p>\n<p>\u201cEmaj\u00f5e kondor \u201c (2002) NAK- I kogomik, Ruitlas\u00f5lt valik luuletuisi.<\/p>\n<p>\u201cV\u00e4in\u00e4m\u00f6isen paluu\u201d (2002) Soome-Ugri kiilten kirotajaide antoloogia. Ruitlas\u00f5lt valik luuletuisi.<\/p>\n<p>Antoloogia \u201cTallinnasta pois\u201d Absurdia, Helsinki 2003. Ruitlas\u00f5lt novell President (Soome kiilde t\u00f5lknu Raija H\u00e4m\u00e4l\u00e4inen.)<\/p>\n<p>&#8220;Viie P\u00e4\u00e4le &#8221; (v\u00f5rokiilne luuletuisi ja laulutekste kogo + CD; kaasautoriq Contra, Aapo Ilves, Jan Rahman ja Pulga Jaan. V\u00e4iku V\u00e4ll\u00e4andja 2005).<\/p>\n<p>________________________<\/p>\n<p>Luul\u00f5t, proosat, artikleid, arvustusi vms avaldanu: Vikerkaaren, Eesti Ekspressin, Sirbon, Eesti P\u00e4evalehen, V\u00f5romaa Ti\u00e4tajan, DI-n jne.<\/p>\n<p>Kirotanu laulutekste ansamblitele ja kollektiivele Kala, Koer, Mtj, Orelipoiss, Bernhard, Ummamuudu, Pixels, Eliit, L\u00f5k\u00f5riq.<\/p>\n<h3>P\u00e4lvnu:<\/h3>\n<p>1. koht aokor\u00e4 \u201cKalastaja\u201d puult k\u00f5rraldatu kalastusteemalisel kir\u00e4ndusv\u00f5istlusel \u201cKalamehejutt\u201d (2001)<\/p>\n<p>4. koht Kalevala MM-il Espoon. (2002)<\/p>\n<p>2. koht 2004 a romaaniv\u00f5istlusel romaaniga \u201cKroonu\u201d<\/p>\n<p>Bernard Kangro kir\u00e4nd\u00fcspreemia (2004)<\/p>\n<h3>Ruitlas\u00f5 (loomingu) kotsil\u00f5 om luk\u00f5:<\/h3>\n<p><strong>S\u00e4rg, T.<\/strong> Naer on puhas: eri elementide naljakas segunemine uuemates lauludes. V\u00f5ro kir\u00e4nd\u00fcse luumine. V\u00f5ro Instituut 2000, lk 217-233<br \/>\n<strong>S\u00e4rg, T.<\/strong> T\u00e4nap\u00e4eva folkloor ja Tartu noorte kirjanike laulud. Akadeemia 2001, nr 6, lk 1099-1115; nr 7, lk 1416-1430<br \/>\n<strong>M\u00e4rka, V.<\/strong> S\u00f5jardeist ja kelmidest, Ruitlasest eriti &#8211; romaan &#8220;Kroonu&#8221; eesti s\u00f5jav\u00e4ekirjanduse taustal. Sirp, 5. VIII 2005, lk 6-7<br \/>\n<strong>Teder, T.<\/strong> Ega tola ole loll. Rmt: Ruitlane, O. Kroonu. R\u00e4pina, 2005. Looming 2005, nr 8, lk 1270-1273<br \/>\n<strong>Kalkun, A.<\/strong> Trubaduurid ja rahvalaulikud L\u00f5unast. Rmt: Viie p\u00e4\u00e4le. R\u00e4pina, 2005. Looming 2005, nr 12, lk 1899-1901<br \/>\n<strong>Bristol, P.<\/strong> Kirjanik vormib kunstit\u00f5e ise. Tartu Maakohus sundis kirjanik Olavi Ruitlast blogi sulgema. Tartu Postimees, 4. IV 2008, lk 5<br \/>\n<strong>Hanson, R.<\/strong> V\u00f5\u00f5psu ajalugu mahub lodjale. Olavi Ruitlase ja Aapo Ilvese n\u00e4idendi &#8220;Pristan&#8221; vaba\u00f5hulavastusest. Tartu Postimees 10. VI 2008, lk 7<br \/>\n<strong>V\u00f5soberg, V.<\/strong> Ruitlane lasi Mehe kapist v\u00e4lja. L\u00f5unaLeht, 27. VIII 2009<br \/>\n<strong>Vaher, B.<\/strong> Vembuvana lood. Olavi Ruitlane. Naine. 2009. Sirp, 25. sept 2009, lk 6<\/p>\n<p><strong>Sibrits, H<\/strong>. T\u00e4iuslik raamat. Olavi Ruitlane. Vee peal. 2015. Postimees Kultuur, 4. sept 2015<\/p>\n<h1 class=\"article__headline\"><\/h1>\n<h3>Intervjuu Ruitlas\u00f5 Olaviga:<\/h3>\n<p><strong>Zirnask, M.<\/strong> Kogemata mees\u00f5iguslaseks. Eesti Ekspressi Areen, 30. VII 2009, lk B1-B3<br \/>\n<strong>Peegel, M.<\/strong> Olavi Ruitlane: minu raamatus r\u00e4\u00e4gib Mees! Eesti P\u00e4evaleht, 28. VIII 2009, lk 11<\/p>\n<p><a href=\"http:\/\/wi.ee\/voro\/kiranigu\/olavi-ruitlane\/ruitlaso-olavi-luulotuisi\/\">Olavi Ruitlas\u00f5 luul\u00f5tuisi &gt;&gt;<\/a><\/p>\n","protected":false},"excerpt":{"rendered":"<p>Olavi Ruitlane s\u00fcnd\u00fc 1.juulil 1969 Tartu liinan V\u00f5romaalt peri t\u00fc\u00fcliste perren. Kat\u00f5- kuuds\u00f5lt kolisi el\u00e4m\u00e4 V\u00f5ro liina. Es\u00e4 um peri Varstu vallast M\u00f5tstagast, im\u00e4 van\u00f5mba Murati l\u00e4hk\u00fclt. Ruitlane l\u00f5p\u00f5t V\u00f5ru I 8-klassilidse kooli ni k\u00e4ve kolm aastagat V\u00f5ru T\u00f6\u00f6stustehnikumin. L\u00f5p\u00f5t V\u00f5ru kaugopp\u00f5keskkooli. Ruitlane om olnu ehit\u00fcsmaalri, treial, autujuht, katlak\u00fctj\u00e4, valvur, t\u00fc\u00fckua meistre, varustaja, kar&#8217;us. Kuuluvus: [&hellip;]<\/p>\n","protected":false},"author":1,"featured_media":0,"parent":9,"menu_order":33,"comment_status":"closed","ping_status":"closed","template":"","meta":{"footnotes":""},"class_list":["post-169","page","type-page","status-publish","hentry"],"yoast_head":"<!-- This site is optimized with the Yoast SEO plugin v27.4 - https:\/\/yoast.com\/product\/yoast-seo-wordpress\/ -->\n<title>Olavi Ruitlane - V\u00f5ro kir\u00e4nd\u00fcs<\/title>\n<meta name=\"robots\" content=\"index, follow, max-snippet:-1, max-image-preview:large, max-video-preview:-1\" \/>\n<link rel=\"canonical\" href=\"https:\/\/wi.ee\/voro\/kiranigu\/olavi-ruitlane\/\" \/>\n<meta property=\"og:locale\" content=\"et_EE\" \/>\n<meta property=\"og:type\" content=\"article\" \/>\n<meta property=\"og:title\" content=\"Olavi Ruitlane - V\u00f5ro kir\u00e4nd\u00fcs\" \/>\n<meta property=\"og:description\" content=\"Olavi Ruitlane s\u00fcnd\u00fc 1.juulil 1969 Tartu liinan V\u00f5romaalt peri t\u00fc\u00fcliste perren. Kat\u00f5- kuuds\u00f5lt kolisi el\u00e4m\u00e4 V\u00f5ro liina. Es\u00e4 um peri Varstu vallast M\u00f5tstagast, im\u00e4 van\u00f5mba Murati l\u00e4hk\u00fclt. Ruitlane l\u00f5p\u00f5t V\u00f5ru I 8-klassilidse kooli ni k\u00e4ve kolm aastagat V\u00f5ru T\u00f6\u00f6stustehnikumin. L\u00f5p\u00f5t V\u00f5ru kaugopp\u00f5keskkooli. Ruitlane om olnu ehit\u00fcsmaalri, treial, autujuht, katlak\u00fctj\u00e4, valvur, t\u00fc\u00fckua meistre, varustaja, kar&#8217;us. Kuuluvus: [&hellip;]\" \/>\n<meta property=\"og:url\" content=\"https:\/\/wi.ee\/voro\/kiranigu\/olavi-ruitlane\/\" \/>\n<meta property=\"og:site_name\" content=\"V\u00f5ro kir\u00e4nd\u00fcs\" \/>\n<meta property=\"article:modified_time\" content=\"2023-01-19T10:02:35+00:00\" \/>\n<meta property=\"og:image\" content=\"http:\/\/wi.ee\/voro\/wp-content\/uploads\/2016\/02\/olavi-ruitlane.jpg\" \/>\n<meta name=\"twitter:card\" content=\"summary_large_image\" \/>\n<meta name=\"twitter:label1\" content=\"Est. reading time\" \/>\n\t<meta name=\"twitter:data1\" content=\"4 minutit\" \/>\n<script type=\"application\/ld+json\" class=\"yoast-schema-graph\">{\"@context\":\"https:\\\/\\\/schema.org\",\"@graph\":[{\"@type\":\"WebPage\",\"@id\":\"https:\\\/\\\/wi.ee\\\/voro\\\/kiranigu\\\/olavi-ruitlane\\\/\",\"url\":\"https:\\\/\\\/wi.ee\\\/voro\\\/kiranigu\\\/olavi-ruitlane\\\/\",\"name\":\"Olavi Ruitlane - V\u00f5ro kir\u00e4nd\u00fcs\",\"isPartOf\":{\"@id\":\"https:\\\/\\\/wi.ee\\\/voro\\\/#website\"},\"primaryImageOfPage\":{\"@id\":\"https:\\\/\\\/wi.ee\\\/voro\\\/kiranigu\\\/olavi-ruitlane\\\/#primaryimage\"},\"image\":{\"@id\":\"https:\\\/\\\/wi.ee\\\/voro\\\/kiranigu\\\/olavi-ruitlane\\\/#primaryimage\"},\"thumbnailUrl\":\"http:\\\/\\\/wi.ee\\\/voro\\\/wp-content\\\/uploads\\\/2016\\\/02\\\/olavi-ruitlane.jpg\",\"datePublished\":\"2016-02-02T09:45:34+00:00\",\"dateModified\":\"2023-01-19T10:02:35+00:00\",\"breadcrumb\":{\"@id\":\"https:\\\/\\\/wi.ee\\\/voro\\\/kiranigu\\\/olavi-ruitlane\\\/#breadcrumb\"},\"inLanguage\":\"et\",\"potentialAction\":[{\"@type\":\"ReadAction\",\"target\":[\"https:\\\/\\\/wi.ee\\\/voro\\\/kiranigu\\\/olavi-ruitlane\\\/\"]}]},{\"@type\":\"ImageObject\",\"inLanguage\":\"et\",\"@id\":\"https:\\\/\\\/wi.ee\\\/voro\\\/kiranigu\\\/olavi-ruitlane\\\/#primaryimage\",\"url\":\"http:\\\/\\\/wi.ee\\\/voro\\\/wp-content\\\/uploads\\\/2016\\\/02\\\/olavi-ruitlane.jpg\",\"contentUrl\":\"http:\\\/\\\/wi.ee\\\/voro\\\/wp-content\\\/uploads\\\/2016\\\/02\\\/olavi-ruitlane.jpg\"},{\"@type\":\"BreadcrumbList\",\"@id\":\"https:\\\/\\\/wi.ee\\\/voro\\\/kiranigu\\\/olavi-ruitlane\\\/#breadcrumb\",\"itemListElement\":[{\"@type\":\"ListItem\",\"position\":1,\"name\":\"Home\",\"item\":\"https:\\\/\\\/wi.ee\\\/voro\\\/\"},{\"@type\":\"ListItem\",\"position\":2,\"name\":\"KI\u00c4 OMMA V\u00d5RO KIR\u00c4NIGU\",\"item\":\"https:\\\/\\\/wi.ee\\\/voro\\\/kiranigu\\\/\"},{\"@type\":\"ListItem\",\"position\":3,\"name\":\"Olavi Ruitlane\"}]},{\"@type\":\"WebSite\",\"@id\":\"https:\\\/\\\/wi.ee\\\/voro\\\/#website\",\"url\":\"https:\\\/\\\/wi.ee\\\/voro\\\/\",\"name\":\"V\u00f5ro kir\u00e4nd\u00fcs\",\"description\":\"V\u00f5ro kir\u00e4nd\u00fcse kodoleht\",\"potentialAction\":[{\"@type\":\"SearchAction\",\"target\":{\"@type\":\"EntryPoint\",\"urlTemplate\":\"https:\\\/\\\/wi.ee\\\/voro\\\/?s={search_term_string}\"},\"query-input\":{\"@type\":\"PropertyValueSpecification\",\"valueRequired\":true,\"valueName\":\"search_term_string\"}}],\"inLanguage\":\"et\"}]}<\/script>\n<!-- \/ Yoast SEO plugin. -->","yoast_head_json":{"title":"Olavi Ruitlane - V\u00f5ro kir\u00e4nd\u00fcs","robots":{"index":"index","follow":"follow","max-snippet":"max-snippet:-1","max-image-preview":"max-image-preview:large","max-video-preview":"max-video-preview:-1"},"canonical":"https:\/\/wi.ee\/voro\/kiranigu\/olavi-ruitlane\/","og_locale":"et_EE","og_type":"article","og_title":"Olavi Ruitlane - V\u00f5ro kir\u00e4nd\u00fcs","og_description":"Olavi Ruitlane s\u00fcnd\u00fc 1.juulil 1969 Tartu liinan V\u00f5romaalt peri t\u00fc\u00fcliste perren. Kat\u00f5- kuuds\u00f5lt kolisi el\u00e4m\u00e4 V\u00f5ro liina. Es\u00e4 um peri Varstu vallast M\u00f5tstagast, im\u00e4 van\u00f5mba Murati l\u00e4hk\u00fclt. Ruitlane l\u00f5p\u00f5t V\u00f5ru I 8-klassilidse kooli ni k\u00e4ve kolm aastagat V\u00f5ru T\u00f6\u00f6stustehnikumin. L\u00f5p\u00f5t V\u00f5ru kaugopp\u00f5keskkooli. Ruitlane om olnu ehit\u00fcsmaalri, treial, autujuht, katlak\u00fctj\u00e4, valvur, t\u00fc\u00fckua meistre, varustaja, kar&#8217;us. Kuuluvus: [&hellip;]","og_url":"https:\/\/wi.ee\/voro\/kiranigu\/olavi-ruitlane\/","og_site_name":"V\u00f5ro kir\u00e4nd\u00fcs","article_modified_time":"2023-01-19T10:02:35+00:00","og_image":[{"url":"http:\/\/wi.ee\/voro\/wp-content\/uploads\/2016\/02\/olavi-ruitlane.jpg","type":"","width":"","height":""}],"twitter_card":"summary_large_image","twitter_misc":{"Est. reading time":"4 minutit"},"schema":{"@context":"https:\/\/schema.org","@graph":[{"@type":"WebPage","@id":"https:\/\/wi.ee\/voro\/kiranigu\/olavi-ruitlane\/","url":"https:\/\/wi.ee\/voro\/kiranigu\/olavi-ruitlane\/","name":"Olavi Ruitlane - V\u00f5ro kir\u00e4nd\u00fcs","isPartOf":{"@id":"https:\/\/wi.ee\/voro\/#website"},"primaryImageOfPage":{"@id":"https:\/\/wi.ee\/voro\/kiranigu\/olavi-ruitlane\/#primaryimage"},"image":{"@id":"https:\/\/wi.ee\/voro\/kiranigu\/olavi-ruitlane\/#primaryimage"},"thumbnailUrl":"http:\/\/wi.ee\/voro\/wp-content\/uploads\/2016\/02\/olavi-ruitlane.jpg","datePublished":"2016-02-02T09:45:34+00:00","dateModified":"2023-01-19T10:02:35+00:00","breadcrumb":{"@id":"https:\/\/wi.ee\/voro\/kiranigu\/olavi-ruitlane\/#breadcrumb"},"inLanguage":"et","potentialAction":[{"@type":"ReadAction","target":["https:\/\/wi.ee\/voro\/kiranigu\/olavi-ruitlane\/"]}]},{"@type":"ImageObject","inLanguage":"et","@id":"https:\/\/wi.ee\/voro\/kiranigu\/olavi-ruitlane\/#primaryimage","url":"http:\/\/wi.ee\/voro\/wp-content\/uploads\/2016\/02\/olavi-ruitlane.jpg","contentUrl":"http:\/\/wi.ee\/voro\/wp-content\/uploads\/2016\/02\/olavi-ruitlane.jpg"},{"@type":"BreadcrumbList","@id":"https:\/\/wi.ee\/voro\/kiranigu\/olavi-ruitlane\/#breadcrumb","itemListElement":[{"@type":"ListItem","position":1,"name":"Home","item":"https:\/\/wi.ee\/voro\/"},{"@type":"ListItem","position":2,"name":"KI\u00c4 OMMA V\u00d5RO KIR\u00c4NIGU","item":"https:\/\/wi.ee\/voro\/kiranigu\/"},{"@type":"ListItem","position":3,"name":"Olavi Ruitlane"}]},{"@type":"WebSite","@id":"https:\/\/wi.ee\/voro\/#website","url":"https:\/\/wi.ee\/voro\/","name":"V\u00f5ro kir\u00e4nd\u00fcs","description":"V\u00f5ro kir\u00e4nd\u00fcse kodoleht","potentialAction":[{"@type":"SearchAction","target":{"@type":"EntryPoint","urlTemplate":"https:\/\/wi.ee\/voro\/?s={search_term_string}"},"query-input":{"@type":"PropertyValueSpecification","valueRequired":true,"valueName":"search_term_string"}}],"inLanguage":"et"}]}},"_links":{"self":[{"href":"https:\/\/wi.ee\/voro\/wp-json\/wp\/v2\/pages\/169","targetHints":{"allow":["GET"]}}],"collection":[{"href":"https:\/\/wi.ee\/voro\/wp-json\/wp\/v2\/pages"}],"about":[{"href":"https:\/\/wi.ee\/voro\/wp-json\/wp\/v2\/types\/page"}],"author":[{"embeddable":true,"href":"https:\/\/wi.ee\/voro\/wp-json\/wp\/v2\/users\/1"}],"replies":[{"embeddable":true,"href":"https:\/\/wi.ee\/voro\/wp-json\/wp\/v2\/comments?post=169"}],"version-history":[{"count":5,"href":"https:\/\/wi.ee\/voro\/wp-json\/wp\/v2\/pages\/169\/revisions"}],"predecessor-version":[{"id":977,"href":"https:\/\/wi.ee\/voro\/wp-json\/wp\/v2\/pages\/169\/revisions\/977"}],"up":[{"embeddable":true,"href":"https:\/\/wi.ee\/voro\/wp-json\/wp\/v2\/pages\/9"}],"wp:attachment":[{"href":"https:\/\/wi.ee\/voro\/wp-json\/wp\/v2\/media?parent=169"}],"curies":[{"name":"wp","href":"https:\/\/api.w.org\/{rel}","templated":true}]}}