{"id":167,"date":"2016-02-02T11:42:52","date_gmt":"2016-02-02T09:42:52","guid":{"rendered":"http:\/\/wi.ee\/voro\/?page_id=167"},"modified":"2023-01-16T14:33:55","modified_gmt":"2023-01-16T12:33:55","slug":"voldemar-raidaru","status":"publish","type":"page","link":"https:\/\/wi.ee\/voro\/kiranigu\/voldemar-raidaru\/","title":{"rendered":"Voldemar Raidaru"},"content":{"rendered":"<p><strong>Voldemar Raidaru<\/strong> (VR) om s\u00fcnd\u00fcn\u00fc 11. radokuu p\u00e4\u00e4v\u00e4l 1913. aastagal V\u00f5ro liinan puusep\u00e4 pojana. VR lahku V\u00f5romaalt joba noor\u00f5st p\u00e4\u00e4st, a uma loomingu tuntumban osan om t\u00e4 tagasi lats\u00f5p\u00f5lv\u00f5liinan. P\u00f5hiharidus\u00f5 sai VR V\u00f5ro algkoolin 1920-27. Edesi ops\u00f5 Tarto \u00d5dagug\u00fcmnaasiumin 1929-38, p\u00e4\u00e4lt tuud \u00fclikoolin majandustiid\u00fcst.<\/p>\n<p>Leiba tiinm\u00e4 nakas VR v\u00e4ega varra &#8211; joba 9-aastagads\u00f5lt. Poisk\u00f5s\u00f5st p\u00e4\u00e4st t\u00fc\u00fct t\u00e4 saekaatrin ja turbasuun, oll ajalehepoisk\u00f5n\u00f5 ja reklaamikliipj\u00e4. Tartun tiinse kooli- ja el\u00e4miserahha juuss\u00f5l\u00f5ikajana, vinne v\u00f5imu aigu oll VR l\u00fchk\u00fcst aigu kortinaam\u00f5tnik, 1946-82 Tartu kliinilis\u00f5 s\u00fcnn\u00fct\u00fcsmaja statistik ja arhiivipid\u00e4j\u00e4, ka raamadukogohoitja.<\/p>\n<p>VR kir\u00e4nd\u00fcshuvi tekk\u00fc g\u00fcmnaasiumi kir\u00e4nd\u00fcstunn\u00f5n, kooli almanahhin \u201cRada\u201d omma ilmunu tuuaigs\u00f5 avvuhindu v\u00f5itnu luul\u00f5tus\u00f5 ni l\u00fch\u00fcjutu. 1956. aastagal ilmu kir\u00e4kiilne nuursuujutustus \u201cPoisid t\u00e4navalt\u201d, kon tegev\u00fcspaik om vabariigiaign\u00f5 V\u00f5ro liin. Jutustus oll populaarn\u00f5 ja om tr\u00fckit vahts\u00f5st 1959 ja 1976. Kir\u00e4keelitsit novelle om VR-l ilmunu Edasin, Tartu Rahvateatri om m\u00e4ngn\u00fc tim\u00e4 n\u00e4\u00fctem\u00e4ng\u00f5 ja tim\u00e4 teosside p\u00f5h&#8217;al tett dramatiseeringit.<\/p>\n<p>VR \u201ct\u00f5n\u00f5 tul\u00f5min\u00f5\u201d nakas V\u00f5ro her\u00e4nemisaoga. V\u00f5rokiilne m\u00e4lest\u00fcisiraamat \u201cMo s\u00fc\u00e4men ja meelen\u201d koosn\u00f5s \u201cViruskundra\u201d algusaastil ilmunu jutt\u00f5st. Raamat om p\u00fchendet Heino Sikal\u00f5. VR kolmas raamat \u201cH\u00f5belusikad\u201d om krimka, kon tegel\u00e4isi jutt om in\u00e4mbjaolt v\u00f5rokiilne. Aokir\u00e4nd\u00fcsen ilmus edesi nii v\u00f5ro- ku eestikiilsit jutt\u00f5. 1998. aastagal sai VR III kotuss\u00f5 v\u00f5rokiilsid\u00f5 n\u00e4\u00fctem\u00e4nge v\u00f5istlus\u00f5l n\u00e4\u00fcdendiga \u201cKu maa palli\u201d. 1998. aastagal sai VR Bernard Kangro kir\u00e4nd\u00fcspreemia.<\/p>\n<p>Voldemar Raidaru kuuli 10. p\u00f5imukuu p\u00e4\u00e4v\u00e4l 2006. aastagal Tartun.<\/p>\n<p>&nbsp;<\/p>\n<h3>Looming:<\/h3>\n<p>&#8220;Poisid t\u00e4navalt&#8221; ER 1956 (2. tr\u00fckk ER 1976)<br \/>\n&#8220;Mo s\u00fc\u00e4men ja meelen&#8221; 1997<br \/>\n&#8220;H\u00f5belusikad&#8221; V\u00f5ru lasteraamatukogu 1998<\/p>\n<h3>VR kotsil\u00f5 omma kirotanu:<\/h3>\n<p>\u00d5l. 29.XI 1956 (U. Liivaku)<br \/>\nEdasi 9. XII 1956 (E. Hameri)<br \/>\nEdasi 17. II 1963 (E. Teder)<br \/>\nElu 30. XI 1996 (R. Susi)<br \/>\nVir. IV 1997 (L. Valper)<br \/>\nPm. 4. IV 1997 (R. Krusten)<br \/>\nVT. 19. IX 1998 (L. Valper)<\/p>\n<h3>Voldemar Raidaru loomingut<\/h3>\n<p><strong>POPKA<\/strong><\/p>\n<p>Kas sa popkat m\u00e4ngi m\u00f5istat? Ei m\u00f5ista! Oi, tuust um k\u00fclh per\u00e4t\u00fclt kah&#8217;o. Tahat, ma oppa sull\u00f5?<\/p>\n<p>K\u00f5g\u00f5p\u00e4\u00e4lt pi\u00e4t \u00f5ks popka ol\u00f5ma. Tuu um \u00fcts plekist tuus. T\u00e4\u00e4 v\u00f5i ka roost\u00f5n\u00f5 olla vai loppi pest\u00fc, p\u00e4\u00e4asi \u00f5nn\u00f5gi um tuu, et t\u00e4\u00e4 pist\u00fc sais ja ted\u00e4 saibaga l\u00fcvv\u00e4 saa. T\u00f5s\u00f5s pi\u00e4t eg\u00e4l \u00fctel h\u00e4\u00e4 saivas vai nui ol\u00f5ma. S\u00f5s saa nakada m\u00e4ngm\u00e4.<\/p>\n<p>Mii m\u00e4nge popkat \u00f5ks Koreli krundi aia veeren. S\u00e4\u00e4lt es ol\u00f5 Petseri huulitsat viil pr\u00fcg\u00fctet ja sinn\u00e4q oll h\u00e4\u00e4 maa p\u00e4\u00e4le juunt t\u00f5mmada. K\u00f5g\u00f5p\u00e4\u00e4lt tul\u00f5 tet\u00e4q \u00fcts ts\u00f5\u00f5r. Sinn\u00e4 pandas popka pist\u00fc. Ts\u00f5\u00f5ri mant kolm\u00f5 sammu kavvus\u00f5l\u00f5 t\u00f5mmatas juun, s\u00f5s viil kats sammu kavv\u00f5mbal\u00f5 ja t\u00f5n\u00f5 juun, kolmas tul\u00f5 vit\u00e4 viil kat\u00f5 sammu perr\u00e4. Kae, no um k\u00f5ik valmis. No um \u00f5nn\u00f5 popkavahti vajja. A tuud l\u00f6\u00fcd\u00e4s niimuudu: tuu popkaviskamise nui pandas \u00fcte otsaga varba p\u00e4\u00e4le, t\u00f5s\u00f5st otsast pi\u00e4t n\u00e4puga kinni. Saisat per\u00e4m\u00e4dse joon\u00f5 takan ja viskat nuia jalaga hind\u00e4st kavv\u00f5mbal\u00f5. Kink nui k\u00f5g\u00f5 l\u00e4h\u00e4mb\u00e4le j\u00e4\u00e4ss, tuust saagi popkavaht. Ku no Lulu m\u00e4ngm\u00e4 tull, s\u00f5s oll \u00f5ks tim\u00e4 tuu. T\u00e4\u00e4 oll k\u00f5g\u00f5 v\u00e4h\u00e4mb ja jovva-s nuia nii kavv\u00f5he visada ku t\u00f5s\u00f5.<\/p>\n<p>No tul\u00f5 \u00f5nn\u00f5gi tuu popka s\u00e4\u00e4lt ts\u00f5\u00f5rist nuiaga v\u00e4ll\u00e4 l\u00fcvv\u00e4. Kink nui no varba p\u00e4\u00e4lt k\u00f5g\u00f5 kavv\u00f5mbahe l\u00e4ts, tuu visas k\u00f5g\u00f5 inne. Ku popkal\u00f5 k\u00fclge sait ja tuu ts\u00f5\u00f5rist v\u00e4ll\u00e4 l\u00e4ts, s\u00f5s tull kip\u00f5st\u00f5 nuia perr\u00e4 juusk\u00f5. Tuuaig ku popkavaht popkat ts\u00f5\u00f5ri tagasi s\u00e4\u00e4de, tohe es t\u00e4\u00e4 sinno puttu, a nigu popka ts\u00f5\u00f5rin oll, nii tohts\u00f5 t\u00e4\u00e4 sinno nuiaga tsusada, popka v\u00e4ll\u00e4 l\u00fcvv\u00e4 ja s\u00f5s pidi tuu \u201c\u00e4rtsusatu\u201d esi popkavahis nakkama. Ku no tuu edim\u00e4ne viskaja popkal\u00f5 k\u00fclge es saa, s\u00f5s visas t\u00f5\u00f5n\u00f5, ja nii edesi, kooni k\u00f5ik uma nuia \u00e4r pilnu olli. Alati saaki-s popkal\u00f5 ki\u00e4ki k\u00fclge, s\u00f5s sais\u00f5 popkavaht keset noid nui\u00f5 ja ki\u00e4 mano tull, tuud tsusas, ja t\u00f5s\u00f5 matsuga p\u00f5rot popka \u00f5kva ts\u00f5\u00f5rist v\u00e4ll\u00e4.<\/p>\n<p>Tuu k\u00f5g\u00f5 man l\u00e4tsimi t\u00fcll\u00fc kah.<\/p>\n<p>\u201cSa es tsuska minno!\u201d<\/p>\n<p>\u201cTsusksi jah!\u201d<\/p>\n<p>\u201c\u00c4r v\u00f5lssku, es tsuska.\u201d<\/p>\n<p>Lulu oll v\u00e4ikuk\u00f5n\u00f5 ja mii t\u00fckemi t\u00e4lle \u00f5ks \u00fclekohot tegem\u00e4. Tuup\u00e4\u00e4le nakas t\u00e4\u00e4 ikma ja r\u00fc\u00fcke:<\/p>\n<p>\u201cMa ei m\u00e4ngiki tiika!\u201d<\/p>\n<p>S\u00f5s \u00fctel m\u00f5ni suur\u00f5mb. \u201cH\u00e4\u00e4 k\u00fclh, Lulu, sul um \u00f5igus. Ma esi n\u00e4i, kuis sa \u00e4r tsusksit.\u201d<\/p>\n<p>\u201cEs tsuska, mis sa v\u00f5lsit,\u201d ai t\u00f5n\u00f5 vasta. \u201cMine esi popkavahis ku tahat.\u201d<\/p>\n<p>M\u00e4ngurahu per\u00e4st tullgi tuul t\u00f5s\u00f5l popkavahis minn\u00e4.<\/p>\n<p>A m\u00f5nik\u00f5rd l\u00e4ts m\u00e4ng nii huugu, et naksimi h\u00e4\u00e4meele per\u00e4st r\u00fc\u00fckm\u00e4. Tuu oll s\u00f5s, ku popka h\u00e4ste kavv\u00f5he linnas ja k\u00f5ik nuia kergehe k\u00e4tte saimi, vai m\u00f5n\u00f5 muu as&#8217;a per\u00e4st kah. Mii m\u00e4nguplats oll piaaigu kuulmeistri Tedre aknid\u00f5 all. Ku no r\u00fc\u00fckmine nii k\u00f5vas l\u00e4ts, et huulits j\u00e4rvest ujani tuud t\u00e4\u00fcs oll, s\u00f5s tetti kuulmeistri ak\u00f5n vallal\u00f5 ja h\u00f5igati:<\/p>\n<p>\u201cLulu, tul\u00f5 tarr\u00f5!\u201d<\/p>\n<p>Lulu v\u00f5tt uma nuia ja l\u00e4t\u00b4 \u00e4rq. Noq oll vahts\u00f5t popkavahti vajja. Tull vahts\u00f5n\u00f5 varbap\u00e4\u00e4lt nuiaviskamine, vahts\u00f5 pahandus\u00f5 ja vahts\u00f5n\u00f5 r\u00fc\u00fckmine. M\u00f5nik\u00f5rd tsusas Soola mamma v\u00e4rti vaih\u00f5lt p\u00e4\u00e4 v\u00e4ll\u00e4 ja kamand:<\/p>\n<p>\u201cAksel, vii tsial\u00f5 s\u00fc\u00fck ette.\u201d Aksel l\u00e4tski tsial\u00f5 tsolki viim\u00e4. In\u00e4mbide es saaki tagasi tulla. Pidi nakkama peedilehti tsagama.<\/p>\n<p>Tull tuud kah ette, et varba veritses leit. S\u00f5s kussimi p\u00e4\u00e4le. Ku esi es saa, s\u00f5s teiv\u00e4 t\u00f5s\u00f5. Tuu pidi k\u00f5g\u00f5 par\u00f5mb rohi ol\u00f5ma.<\/p>\n<p>Ku no mitu aigu vihma es ol\u00f5 tulnq, s\u00f5s ai tuu m\u00e4nguplats hirmsahe tolmu \u00fcles. Per\u00e4n m\u00e4ngu ollimi mii musta nigu rehetondi. S\u00f5s muu es avida ku tull tsukl\u00f5ma minn\u00e4. Inne tull \u00f5ks popka \u00e4r k\u00e4kki. Tsusksimi kohegil\u00f5 viilavva veere ala. S\u00e4\u00e4lt oll h\u00e4\u00e4 v\u00f5tta, ku no t\u00f5n\u00f5k\u00f5rd j\u00e4lki vajja l\u00e4ts. Varba tulliva kah inne uut m\u00e4ngmist \u00e4r praavita. A Petseri huulitsan elliv\u00e4 \u00f5ks h\u00e4\u00e4q inemise. Es tul\u00f5 meid ki\u00e4ki \u00e4r ajama vai m\u00e4ngmist kiildm\u00e4.<\/p>\n<p>Uma lats\u00f5, kohe sa n\u00e4id \u00f5ks ajat.<\/p>\n<p><strong>AMEERIGA ABI VAI MINO HIMORUUG<\/strong><\/p>\n<p>Tuu oll \u00f5kva per\u00e4st Vabaduss\u00f5ta, ku no liina vaes\u00f5mbide inemiisi latsil\u00f5 v\u00e4l\u00e4k\u00f6\u00f6gist l\u00f5unaaigu suppi jaati. Tuu pidi ol\u00f5ma Ameeriga abi mii vaes\u00f5l\u00f5 rahval\u00f5, ki\u00e4 \u00f5kva priiss oll saanu.<\/p>\n<p>Ma s\u00e4\u00e4lt l\u00f5unaaigu suppi es saa. Mul oll es\u00e4 ja im\u00e4, nuu pidiv\u00e4 ummi latsi iist esi huult kandma. A mu k\u00f5g\u00f5 van\u00f5mbal s\u00f5saral oll t\u00fct\u00e4r, kinkal ol\u00f5-s ess\u00e4. Tuuper\u00e4st tim\u00e4 sai v\u00e4l\u00e4k\u00f6\u00f6gist s\u00fcvv\u00e4. Veerak\u00f5s\u00f5l oll k\u00fclh es\u00e4, a n\u00e4\u00e4 vist tii\u00e4 es tuud. Tim\u00e4 es\u00e4 oll s\u00f5aaigu Vinnemaal\u00f5 j\u00e4\u00e4n\u00fc.<\/p>\n<p>Eg\u00e4 p\u00e4iv l\u00f5una paiku tull kreiskooli hoovi p\u00e4\u00e4le supil\u00f5 perr\u00e4 minn\u00e4. In\u00e4mbide k\u00e4ve s\u00e4\u00e4l \u00f5ks vanaim\u00e4, tuu t\u00e4hend\u00e4s mino im\u00e4. A ku tim\u00e4l aigu ol\u00f5-s, tull \u00f5ks mul juusk\u00f5.<\/p>\n<p>\u00dctsk\u00f5rd oll l\u00f5unas keedet\u00fc riisisuppi. M\u00f5tl\u00f5 umm\u00f5ht\u00f5gi! Joba pool\u00f5 turuplatsi p\u00e4\u00e4le oll l\u00f5hn tunda, a tuu ai mu suu v\u00e4ega vesitses.<\/p>\n<p>Kreiskooli hoovi p\u00e4\u00e4l s\u00f5s n\u00f5st\u00f5ti kulbiga tsilgak\u00f5n\u00f5 karra sisse. No vaest n\u00e4\u00e4 \u00f5ks tiidsev\u00e4 kah, pall&#8217;o anda tull, a mull\u00f5 paistu tuud k\u00fclh v\u00e4ega veid\u00fckene oll\u00f5v.<\/p>\n<p>Kodotii p\u00e4\u00e4l ai tuu kard mu n\u00e4po otsan s\u00e4\u00e4nest h\u00f5ngu v\u00e4ll\u00e4, et jovva-s in\u00e4mb vasta panda. Tahts\u00f5 \u00f5ks \u00f5nn\u00f5gi tsipak\u00f5s\u00f5 pruuvi, kas taa supp um kah nii h\u00e4\u00e4 nigu taa l\u00f5hn um.<\/p>\n<p>T\u00e4\u00e4 oll viil par\u00f5mb ku ma arvssi!<\/p>\n<p>L\u00e4tsi edesi ja s\u00f5s pruuv\u00f5 viil veid\u00fckese. Mis \u00f5ks h\u00e4\u00e4, tuu h\u00e4\u00e4. Tii\u00e4-s ma joht, et mu k\u00f5tt kunagi t\u00e4\u00fcs ol\u00f5s olnu. \u00d5ks j\u00e4i s\u00fc\u00fcmist tsipak\u00f5s\u00f5 napis.<\/p>\n<p>J\u00fcri huulits um pikk ja ma sai viil mitu k\u00f5rda suppi mekki. Jo kodo ligi ma kai anomahe sisse kah. Sa sunnik, nii veid\u00fckene oll perr\u00e4 j\u00e4\u00e4n\u00fcq, et h\u00e4b\u00fc nakas kaia.<\/p>\n<p>Petseri huulidsa nuka p\u00e4\u00e4l oll tuuk\u00f5rd kaiv, kost k\u00f5ik aig vett v\u00e4ll\u00e4 juusk. Ma m\u00f5tli, et l\u00e4\u00e4 ja las\u00f5 tsilgak\u00f5s\u00f5 vett mano taal\u00f5 supil\u00f5. Ma s\u00f5s tsusksigi plekiveere kraani ala. A vesi tull s\u00e4\u00e4ntse vurhviga, et inne ku ma no arvu sai, oll annom veereni vett t\u00e4\u00fcs. M\u00f5n\u00f5q arm\u00f5du riisiter\u00e4kese \u00f5nn\u00f5gi tulli p\u00e4\u00e4le. Lasi s\u00f5s s\u00f5rmi vaih\u00f5lt veid\u00fckese vett maaha juusk\u00f5, a tuust ol\u00f5-s kah suurt api mid\u00e4gi. Tull \u00f5ks \u00f5nn\u00f5gi kodo minn\u00e4.<\/p>\n<p>No, kullak\u00f5s\u00f5, saagu eg\u00e4\u00fcts arvu, et taal\u00f5 luul\u00f5 tul\u00f5 siinkottal ots p\u00e4\u00e4le tet\u00e4. K\u00f5g\u00f5st t\u00fch\u00e4st-t\u00e4h\u00e4st, mi\u00e4 elon v\u00f5i ette tulla, massa-i kah k\u00f5n\u00f5lda.<\/p>\n","protected":false},"excerpt":{"rendered":"<p>Voldemar Raidaru (VR) om s\u00fcnd\u00fcn\u00fc 11. radokuu p\u00e4\u00e4v\u00e4l 1913. aastagal V\u00f5ro liinan puusep\u00e4 pojana. VR lahku V\u00f5romaalt joba noor\u00f5st p\u00e4\u00e4st, a uma loomingu tuntumban osan om t\u00e4 tagasi lats\u00f5p\u00f5lv\u00f5liinan. P\u00f5hiharidus\u00f5 sai VR V\u00f5ro algkoolin 1920-27. Edesi ops\u00f5 Tarto \u00d5dagug\u00fcmnaasiumin 1929-38, p\u00e4\u00e4lt tuud \u00fclikoolin majandustiid\u00fcst. Leiba tiinm\u00e4 nakas VR v\u00e4ega varra &#8211; joba 9-aastagads\u00f5lt. Poisk\u00f5s\u00f5st p\u00e4\u00e4st [&hellip;]<\/p>\n","protected":false},"author":1,"featured_media":0,"parent":9,"menu_order":32,"comment_status":"closed","ping_status":"closed","template":"","meta":{"footnotes":""},"class_list":["post-167","page","type-page","status-publish","hentry"],"yoast_head":"<!-- This site is optimized with the Yoast SEO plugin v27.4 - https:\/\/yoast.com\/product\/yoast-seo-wordpress\/ -->\n<title>Voldemar Raidaru - V\u00f5ro kir\u00e4nd\u00fcs<\/title>\n<meta name=\"robots\" content=\"index, follow, max-snippet:-1, max-image-preview:large, max-video-preview:-1\" \/>\n<link rel=\"canonical\" href=\"https:\/\/wi.ee\/voro\/kiranigu\/voldemar-raidaru\/\" \/>\n<meta property=\"og:locale\" content=\"et_EE\" \/>\n<meta property=\"og:type\" content=\"article\" \/>\n<meta property=\"og:title\" content=\"Voldemar Raidaru - V\u00f5ro kir\u00e4nd\u00fcs\" \/>\n<meta property=\"og:description\" content=\"Voldemar Raidaru (VR) om s\u00fcnd\u00fcn\u00fc 11. radokuu p\u00e4\u00e4v\u00e4l 1913. aastagal V\u00f5ro liinan puusep\u00e4 pojana. VR lahku V\u00f5romaalt joba noor\u00f5st p\u00e4\u00e4st, a uma loomingu tuntumban osan om t\u00e4 tagasi lats\u00f5p\u00f5lv\u00f5liinan. P\u00f5hiharidus\u00f5 sai VR V\u00f5ro algkoolin 1920-27. Edesi ops\u00f5 Tarto \u00d5dagug\u00fcmnaasiumin 1929-38, p\u00e4\u00e4lt tuud \u00fclikoolin majandustiid\u00fcst. Leiba tiinm\u00e4 nakas VR v\u00e4ega varra &#8211; joba 9-aastagads\u00f5lt. Poisk\u00f5s\u00f5st p\u00e4\u00e4st [&hellip;]\" \/>\n<meta property=\"og:url\" content=\"https:\/\/wi.ee\/voro\/kiranigu\/voldemar-raidaru\/\" \/>\n<meta property=\"og:site_name\" content=\"V\u00f5ro kir\u00e4nd\u00fcs\" \/>\n<meta property=\"article:modified_time\" content=\"2023-01-16T12:33:55+00:00\" \/>\n<meta name=\"twitter:card\" content=\"summary_large_image\" \/>\n<meta name=\"twitter:label1\" content=\"Est. reading time\" \/>\n\t<meta name=\"twitter:data1\" content=\"7 minutit\" \/>\n<script type=\"application\/ld+json\" class=\"yoast-schema-graph\">{\"@context\":\"https:\\\/\\\/schema.org\",\"@graph\":[{\"@type\":\"WebPage\",\"@id\":\"https:\\\/\\\/wi.ee\\\/voro\\\/kiranigu\\\/voldemar-raidaru\\\/\",\"url\":\"https:\\\/\\\/wi.ee\\\/voro\\\/kiranigu\\\/voldemar-raidaru\\\/\",\"name\":\"Voldemar Raidaru - V\u00f5ro kir\u00e4nd\u00fcs\",\"isPartOf\":{\"@id\":\"https:\\\/\\\/wi.ee\\\/voro\\\/#website\"},\"datePublished\":\"2016-02-02T09:42:52+00:00\",\"dateModified\":\"2023-01-16T12:33:55+00:00\",\"breadcrumb\":{\"@id\":\"https:\\\/\\\/wi.ee\\\/voro\\\/kiranigu\\\/voldemar-raidaru\\\/#breadcrumb\"},\"inLanguage\":\"et\",\"potentialAction\":[{\"@type\":\"ReadAction\",\"target\":[\"https:\\\/\\\/wi.ee\\\/voro\\\/kiranigu\\\/voldemar-raidaru\\\/\"]}]},{\"@type\":\"BreadcrumbList\",\"@id\":\"https:\\\/\\\/wi.ee\\\/voro\\\/kiranigu\\\/voldemar-raidaru\\\/#breadcrumb\",\"itemListElement\":[{\"@type\":\"ListItem\",\"position\":1,\"name\":\"Home\",\"item\":\"https:\\\/\\\/wi.ee\\\/voro\\\/\"},{\"@type\":\"ListItem\",\"position\":2,\"name\":\"KI\u00c4 OMMA V\u00d5RO KIR\u00c4NIGU\",\"item\":\"https:\\\/\\\/wi.ee\\\/voro\\\/kiranigu\\\/\"},{\"@type\":\"ListItem\",\"position\":3,\"name\":\"Voldemar Raidaru\"}]},{\"@type\":\"WebSite\",\"@id\":\"https:\\\/\\\/wi.ee\\\/voro\\\/#website\",\"url\":\"https:\\\/\\\/wi.ee\\\/voro\\\/\",\"name\":\"V\u00f5ro kir\u00e4nd\u00fcs\",\"description\":\"V\u00f5ro kir\u00e4nd\u00fcse kodoleht\",\"potentialAction\":[{\"@type\":\"SearchAction\",\"target\":{\"@type\":\"EntryPoint\",\"urlTemplate\":\"https:\\\/\\\/wi.ee\\\/voro\\\/?s={search_term_string}\"},\"query-input\":{\"@type\":\"PropertyValueSpecification\",\"valueRequired\":true,\"valueName\":\"search_term_string\"}}],\"inLanguage\":\"et\"}]}<\/script>\n<!-- \/ Yoast SEO plugin. -->","yoast_head_json":{"title":"Voldemar Raidaru - V\u00f5ro kir\u00e4nd\u00fcs","robots":{"index":"index","follow":"follow","max-snippet":"max-snippet:-1","max-image-preview":"max-image-preview:large","max-video-preview":"max-video-preview:-1"},"canonical":"https:\/\/wi.ee\/voro\/kiranigu\/voldemar-raidaru\/","og_locale":"et_EE","og_type":"article","og_title":"Voldemar Raidaru - V\u00f5ro kir\u00e4nd\u00fcs","og_description":"Voldemar Raidaru (VR) om s\u00fcnd\u00fcn\u00fc 11. radokuu p\u00e4\u00e4v\u00e4l 1913. aastagal V\u00f5ro liinan puusep\u00e4 pojana. VR lahku V\u00f5romaalt joba noor\u00f5st p\u00e4\u00e4st, a uma loomingu tuntumban osan om t\u00e4 tagasi lats\u00f5p\u00f5lv\u00f5liinan. P\u00f5hiharidus\u00f5 sai VR V\u00f5ro algkoolin 1920-27. Edesi ops\u00f5 Tarto \u00d5dagug\u00fcmnaasiumin 1929-38, p\u00e4\u00e4lt tuud \u00fclikoolin majandustiid\u00fcst. Leiba tiinm\u00e4 nakas VR v\u00e4ega varra &#8211; joba 9-aastagads\u00f5lt. Poisk\u00f5s\u00f5st p\u00e4\u00e4st [&hellip;]","og_url":"https:\/\/wi.ee\/voro\/kiranigu\/voldemar-raidaru\/","og_site_name":"V\u00f5ro kir\u00e4nd\u00fcs","article_modified_time":"2023-01-16T12:33:55+00:00","twitter_card":"summary_large_image","twitter_misc":{"Est. reading time":"7 minutit"},"schema":{"@context":"https:\/\/schema.org","@graph":[{"@type":"WebPage","@id":"https:\/\/wi.ee\/voro\/kiranigu\/voldemar-raidaru\/","url":"https:\/\/wi.ee\/voro\/kiranigu\/voldemar-raidaru\/","name":"Voldemar Raidaru - V\u00f5ro kir\u00e4nd\u00fcs","isPartOf":{"@id":"https:\/\/wi.ee\/voro\/#website"},"datePublished":"2016-02-02T09:42:52+00:00","dateModified":"2023-01-16T12:33:55+00:00","breadcrumb":{"@id":"https:\/\/wi.ee\/voro\/kiranigu\/voldemar-raidaru\/#breadcrumb"},"inLanguage":"et","potentialAction":[{"@type":"ReadAction","target":["https:\/\/wi.ee\/voro\/kiranigu\/voldemar-raidaru\/"]}]},{"@type":"BreadcrumbList","@id":"https:\/\/wi.ee\/voro\/kiranigu\/voldemar-raidaru\/#breadcrumb","itemListElement":[{"@type":"ListItem","position":1,"name":"Home","item":"https:\/\/wi.ee\/voro\/"},{"@type":"ListItem","position":2,"name":"KI\u00c4 OMMA V\u00d5RO KIR\u00c4NIGU","item":"https:\/\/wi.ee\/voro\/kiranigu\/"},{"@type":"ListItem","position":3,"name":"Voldemar Raidaru"}]},{"@type":"WebSite","@id":"https:\/\/wi.ee\/voro\/#website","url":"https:\/\/wi.ee\/voro\/","name":"V\u00f5ro kir\u00e4nd\u00fcs","description":"V\u00f5ro kir\u00e4nd\u00fcse kodoleht","potentialAction":[{"@type":"SearchAction","target":{"@type":"EntryPoint","urlTemplate":"https:\/\/wi.ee\/voro\/?s={search_term_string}"},"query-input":{"@type":"PropertyValueSpecification","valueRequired":true,"valueName":"search_term_string"}}],"inLanguage":"et"}]}},"_links":{"self":[{"href":"https:\/\/wi.ee\/voro\/wp-json\/wp\/v2\/pages\/167","targetHints":{"allow":["GET"]}}],"collection":[{"href":"https:\/\/wi.ee\/voro\/wp-json\/wp\/v2\/pages"}],"about":[{"href":"https:\/\/wi.ee\/voro\/wp-json\/wp\/v2\/types\/page"}],"author":[{"embeddable":true,"href":"https:\/\/wi.ee\/voro\/wp-json\/wp\/v2\/users\/1"}],"replies":[{"embeddable":true,"href":"https:\/\/wi.ee\/voro\/wp-json\/wp\/v2\/comments?post=167"}],"version-history":[{"count":5,"href":"https:\/\/wi.ee\/voro\/wp-json\/wp\/v2\/pages\/167\/revisions"}],"predecessor-version":[{"id":974,"href":"https:\/\/wi.ee\/voro\/wp-json\/wp\/v2\/pages\/167\/revisions\/974"}],"up":[{"embeddable":true,"href":"https:\/\/wi.ee\/voro\/wp-json\/wp\/v2\/pages\/9"}],"wp:attachment":[{"href":"https:\/\/wi.ee\/voro\/wp-json\/wp\/v2\/media?parent=167"}],"curies":[{"name":"wp","href":"https:\/\/api.w.org\/{rel}","templated":true}]}}