{"id":165,"date":"2016-02-02T11:41:13","date_gmt":"2016-02-02T09:41:13","guid":{"rendered":"http:\/\/wi.ee\/voro\/?page_id=165"},"modified":"2016-02-02T11:41:13","modified_gmt":"2016-02-02T09:41:13","slug":"johann-cristian-quant","status":"publish","type":"page","link":"https:\/\/wi.ee\/voro\/kiranigu\/johann-cristian-quant\/","title":{"rendered":"Johann Cristian Quant"},"content":{"rendered":"<h3>JOHANN CHRISTIAN QUANDT van\u00f5mb<\/h3>\n<p>Hernhuutlik kir\u00e4nik Johann Christian Quandt van\u00f5mb kirot` vagajutt\u00f5 ja laul\u00f5. T\u00e4 s\u00fcnd\u00fc 29. XI 1704 Wolfswendan T\u00fc\u00fcringin. Ops\u00f5 teoloogiat Jena \u00fclikoolin ni 1732. aastast nikagu surmani oll` Urvast\u00f5 pastor. Quandt v\u00f5id\u00f5l` rahvakombide ja rahvaluul\u00f5 vasta. 1740 ast` velistekogodust\u00f5. Kuuli 1750. a m\u00e4rdsikuu.<\/p>\n<p><strong>Looming:<\/strong><\/p>\n<p>1737 Talinan tr\u00fckit l\u00f5unaeestikiilne vagats\u00f5v juturaamat, kon oll\u00f5v kolm t\u00f5lgit juttu. Alal\u00f5 ei ol\u00f5q.<\/p>\n<p>1741 and v\u00e4ll\u00e4 edim\u00e4dse hernhuutliku lauluraamadu.<\/p>\n<h3>JOHANN CHRISTIAN QUANDT noor\u00f5mb<\/h3>\n<p>Noor\u00f5mb Quandt s\u00fcnd\u00fc 1733. aastagal ni jakas` es\u00e4 tegevust.<\/p>\n<p>Kirot` \u201cM\u00f5nne wastse Waimolikko Laulo\u201d 1802 Barby ni and` v\u00e4ll\u00e4 velistekogodus\u00f5 litaanijid ja liturgijid l\u00f5unaeesti keeli.<\/p>\n<p><strong>Quandt\u00f5 kotsil\u00f5:<\/strong><\/p>\n<p>\u201cRaamatu osa Eesti arengus\u201d (1935 Gustav Suits)<\/p>\n<p>Eesti Keel 1936-6 ja 1936-7 (Rudolf P\u00f5ldm\u00e4e)<\/p>\n<p>J. Hiiemets \u201c\u00d5petaja Quandti rasked p\u00e4evad\u201d (Tartu 1940)<\/p>\n<p>A. Vinkel \u201cEesti rahvaraamat\u201d (1966)<\/p>\n","protected":false},"excerpt":{"rendered":"<p>JOHANN CHRISTIAN QUANDT van\u00f5mb Hernhuutlik kir\u00e4nik Johann Christian Quandt van\u00f5mb kirot` vagajutt\u00f5 ja laul\u00f5. T\u00e4 s\u00fcnd\u00fc 29. XI 1704 Wolfswendan T\u00fc\u00fcringin. Ops\u00f5 teoloogiat Jena \u00fclikoolin ni 1732. aastast nikagu surmani oll` Urvast\u00f5 pastor. Quandt v\u00f5id\u00f5l` rahvakombide ja rahvaluul\u00f5 vasta. 1740 ast` velistekogodust\u00f5. Kuuli 1750. a m\u00e4rdsikuu. Looming: 1737 Talinan tr\u00fckit l\u00f5unaeestikiilne vagats\u00f5v juturaamat, kon oll\u00f5v [&hellip;]<\/p>\n","protected":false},"author":1,"featured_media":0,"parent":9,"menu_order":31,"comment_status":"closed","ping_status":"closed","template":"","meta":{"footnotes":""},"class_list":["post-165","page","type-page","status-publish","hentry"],"yoast_head":"<!-- This site is optimized with the Yoast SEO plugin v27.4 - https:\/\/yoast.com\/product\/yoast-seo-wordpress\/ -->\n<title>Johann Cristian Quant - V\u00f5ro kir\u00e4nd\u00fcs<\/title>\n<meta name=\"robots\" content=\"index, follow, max-snippet:-1, max-image-preview:large, max-video-preview:-1\" \/>\n<link rel=\"canonical\" href=\"https:\/\/wi.ee\/voro\/kiranigu\/johann-cristian-quant\/\" \/>\n<meta property=\"og:locale\" content=\"et_EE\" \/>\n<meta property=\"og:type\" content=\"article\" \/>\n<meta property=\"og:title\" content=\"Johann Cristian Quant - V\u00f5ro kir\u00e4nd\u00fcs\" \/>\n<meta property=\"og:description\" content=\"JOHANN CHRISTIAN QUANDT van\u00f5mb Hernhuutlik kir\u00e4nik Johann Christian Quandt van\u00f5mb kirot` vagajutt\u00f5 ja laul\u00f5. T\u00e4 s\u00fcnd\u00fc 29. XI 1704 Wolfswendan T\u00fc\u00fcringin. Ops\u00f5 teoloogiat Jena \u00fclikoolin ni 1732. aastast nikagu surmani oll` Urvast\u00f5 pastor. Quandt v\u00f5id\u00f5l` rahvakombide ja rahvaluul\u00f5 vasta. 1740 ast` velistekogodust\u00f5. Kuuli 1750. a m\u00e4rdsikuu. Looming: 1737 Talinan tr\u00fckit l\u00f5unaeestikiilne vagats\u00f5v juturaamat, kon oll\u00f5v [&hellip;]\" \/>\n<meta property=\"og:url\" content=\"https:\/\/wi.ee\/voro\/kiranigu\/johann-cristian-quant\/\" \/>\n<meta property=\"og:site_name\" content=\"V\u00f5ro kir\u00e4nd\u00fcs\" \/>\n<meta name=\"twitter:card\" content=\"summary_large_image\" \/>\n<meta name=\"twitter:label1\" content=\"Est. reading time\" \/>\n\t<meta name=\"twitter:data1\" content=\"1 minut\" \/>\n<script type=\"application\/ld+json\" class=\"yoast-schema-graph\">{\"@context\":\"https:\\\/\\\/schema.org\",\"@graph\":[{\"@type\":\"WebPage\",\"@id\":\"https:\\\/\\\/wi.ee\\\/voro\\\/kiranigu\\\/johann-cristian-quant\\\/\",\"url\":\"https:\\\/\\\/wi.ee\\\/voro\\\/kiranigu\\\/johann-cristian-quant\\\/\",\"name\":\"Johann Cristian Quant - V\u00f5ro kir\u00e4nd\u00fcs\",\"isPartOf\":{\"@id\":\"https:\\\/\\\/wi.ee\\\/voro\\\/#website\"},\"datePublished\":\"2016-02-02T09:41:13+00:00\",\"breadcrumb\":{\"@id\":\"https:\\\/\\\/wi.ee\\\/voro\\\/kiranigu\\\/johann-cristian-quant\\\/#breadcrumb\"},\"inLanguage\":\"et\",\"potentialAction\":[{\"@type\":\"ReadAction\",\"target\":[\"https:\\\/\\\/wi.ee\\\/voro\\\/kiranigu\\\/johann-cristian-quant\\\/\"]}]},{\"@type\":\"BreadcrumbList\",\"@id\":\"https:\\\/\\\/wi.ee\\\/voro\\\/kiranigu\\\/johann-cristian-quant\\\/#breadcrumb\",\"itemListElement\":[{\"@type\":\"ListItem\",\"position\":1,\"name\":\"Home\",\"item\":\"https:\\\/\\\/wi.ee\\\/voro\\\/\"},{\"@type\":\"ListItem\",\"position\":2,\"name\":\"KI\u00c4 OMMA V\u00d5RO KIR\u00c4NIGU\",\"item\":\"https:\\\/\\\/wi.ee\\\/voro\\\/kiranigu\\\/\"},{\"@type\":\"ListItem\",\"position\":3,\"name\":\"Johann Cristian Quant\"}]},{\"@type\":\"WebSite\",\"@id\":\"https:\\\/\\\/wi.ee\\\/voro\\\/#website\",\"url\":\"https:\\\/\\\/wi.ee\\\/voro\\\/\",\"name\":\"V\u00f5ro kir\u00e4nd\u00fcs\",\"description\":\"V\u00f5ro kir\u00e4nd\u00fcse kodoleht\",\"potentialAction\":[{\"@type\":\"SearchAction\",\"target\":{\"@type\":\"EntryPoint\",\"urlTemplate\":\"https:\\\/\\\/wi.ee\\\/voro\\\/?s={search_term_string}\"},\"query-input\":{\"@type\":\"PropertyValueSpecification\",\"valueRequired\":true,\"valueName\":\"search_term_string\"}}],\"inLanguage\":\"et\"}]}<\/script>\n<!-- \/ Yoast SEO plugin. -->","yoast_head_json":{"title":"Johann Cristian Quant - V\u00f5ro kir\u00e4nd\u00fcs","robots":{"index":"index","follow":"follow","max-snippet":"max-snippet:-1","max-image-preview":"max-image-preview:large","max-video-preview":"max-video-preview:-1"},"canonical":"https:\/\/wi.ee\/voro\/kiranigu\/johann-cristian-quant\/","og_locale":"et_EE","og_type":"article","og_title":"Johann Cristian Quant - V\u00f5ro kir\u00e4nd\u00fcs","og_description":"JOHANN CHRISTIAN QUANDT van\u00f5mb Hernhuutlik kir\u00e4nik Johann Christian Quandt van\u00f5mb kirot` vagajutt\u00f5 ja laul\u00f5. T\u00e4 s\u00fcnd\u00fc 29. XI 1704 Wolfswendan T\u00fc\u00fcringin. Ops\u00f5 teoloogiat Jena \u00fclikoolin ni 1732. aastast nikagu surmani oll` Urvast\u00f5 pastor. Quandt v\u00f5id\u00f5l` rahvakombide ja rahvaluul\u00f5 vasta. 1740 ast` velistekogodust\u00f5. Kuuli 1750. a m\u00e4rdsikuu. Looming: 1737 Talinan tr\u00fckit l\u00f5unaeestikiilne vagats\u00f5v juturaamat, kon oll\u00f5v [&hellip;]","og_url":"https:\/\/wi.ee\/voro\/kiranigu\/johann-cristian-quant\/","og_site_name":"V\u00f5ro kir\u00e4nd\u00fcs","twitter_card":"summary_large_image","twitter_misc":{"Est. reading time":"1 minut"},"schema":{"@context":"https:\/\/schema.org","@graph":[{"@type":"WebPage","@id":"https:\/\/wi.ee\/voro\/kiranigu\/johann-cristian-quant\/","url":"https:\/\/wi.ee\/voro\/kiranigu\/johann-cristian-quant\/","name":"Johann Cristian Quant - V\u00f5ro kir\u00e4nd\u00fcs","isPartOf":{"@id":"https:\/\/wi.ee\/voro\/#website"},"datePublished":"2016-02-02T09:41:13+00:00","breadcrumb":{"@id":"https:\/\/wi.ee\/voro\/kiranigu\/johann-cristian-quant\/#breadcrumb"},"inLanguage":"et","potentialAction":[{"@type":"ReadAction","target":["https:\/\/wi.ee\/voro\/kiranigu\/johann-cristian-quant\/"]}]},{"@type":"BreadcrumbList","@id":"https:\/\/wi.ee\/voro\/kiranigu\/johann-cristian-quant\/#breadcrumb","itemListElement":[{"@type":"ListItem","position":1,"name":"Home","item":"https:\/\/wi.ee\/voro\/"},{"@type":"ListItem","position":2,"name":"KI\u00c4 OMMA V\u00d5RO KIR\u00c4NIGU","item":"https:\/\/wi.ee\/voro\/kiranigu\/"},{"@type":"ListItem","position":3,"name":"Johann Cristian Quant"}]},{"@type":"WebSite","@id":"https:\/\/wi.ee\/voro\/#website","url":"https:\/\/wi.ee\/voro\/","name":"V\u00f5ro kir\u00e4nd\u00fcs","description":"V\u00f5ro kir\u00e4nd\u00fcse kodoleht","potentialAction":[{"@type":"SearchAction","target":{"@type":"EntryPoint","urlTemplate":"https:\/\/wi.ee\/voro\/?s={search_term_string}"},"query-input":{"@type":"PropertyValueSpecification","valueRequired":true,"valueName":"search_term_string"}}],"inLanguage":"et"}]}},"_links":{"self":[{"href":"https:\/\/wi.ee\/voro\/wp-json\/wp\/v2\/pages\/165","targetHints":{"allow":["GET"]}}],"collection":[{"href":"https:\/\/wi.ee\/voro\/wp-json\/wp\/v2\/pages"}],"about":[{"href":"https:\/\/wi.ee\/voro\/wp-json\/wp\/v2\/types\/page"}],"author":[{"embeddable":true,"href":"https:\/\/wi.ee\/voro\/wp-json\/wp\/v2\/users\/1"}],"replies":[{"embeddable":true,"href":"https:\/\/wi.ee\/voro\/wp-json\/wp\/v2\/comments?post=165"}],"version-history":[{"count":1,"href":"https:\/\/wi.ee\/voro\/wp-json\/wp\/v2\/pages\/165\/revisions"}],"predecessor-version":[{"id":166,"href":"https:\/\/wi.ee\/voro\/wp-json\/wp\/v2\/pages\/165\/revisions\/166"}],"up":[{"embeddable":true,"href":"https:\/\/wi.ee\/voro\/wp-json\/wp\/v2\/pages\/9"}],"wp:attachment":[{"href":"https:\/\/wi.ee\/voro\/wp-json\/wp\/v2\/media?parent=165"}],"curies":[{"name":"wp","href":"https:\/\/api.w.org\/{rel}","templated":true}]}}