{"id":152,"date":"2016-02-02T11:29:29","date_gmt":"2016-02-02T09:29:29","guid":{"rendered":"http:\/\/wi.ee\/voro\/?page_id=152"},"modified":"2016-02-02T11:29:29","modified_gmt":"2016-02-02T09:29:29","slug":"enno-piiri-luulotuisi","status":"publish","type":"page","link":"https:\/\/wi.ee\/voro\/kiranigu\/enno-piir\/enno-piiri-luulotuisi\/","title":{"rendered":"Enno Piiri luul\u00f5tuisi"},"content":{"rendered":"<p>KES VII LILLI&#8217; IM\u00c4LE?<\/p>\n<p>Ei ol\u00f5&#8217; kerges lats\u00f5 ilmatul\u00f5k luudu &#8211;<br \/>\nn\u00f5ud pall\u00f6 ohvrit maimuk\u00f5s\u00f5 s\u00fcnd.<br \/>\nKu&#8217; hulga kirst\u00f5 um tuuper\u00e4st kokko l\u00fc\u00fcd\u00fc,<br \/>\nkohn im\u00e4 sisse pant &#8211; tapp noor\u00f5-elo sund.<\/p>\n<p>Om veid\u00fc t\u00f5ist ni&#8217; valurikast s\u00f5ta,<br \/>\nku vahts\u00f5-elo s\u00fcnn\u00fct\u00e4miss\u00e4ng\u00fc seehn.<br \/>\nEi kaalu&#8217; t\u00f5\u00f5s\u00f5&#8217; kannatus\u00f5&#8217; toda h\u00e4t\u00e4 &#8211;<br \/>\nku&#8217; im\u00e4 kool\u00f5s ello and\u00f5n &#8211; silma&#8217; viihn.<\/p>\n<p>Ei kao&#8217; maailmast s\u00f5a&#8217;, iks veritseb\u00e4s l\u00e4tv\u00e4.<br \/>\nN\u00f5ud miljuniid &#8211; k\u00f5ik im\u00e4 ilmatuudu nuu&#8217;<br \/>\nja suur\u00f5s kasvat\u00f5du, k\u00f5g\u00f5&#8217; im\u00e4lt \u00e4r&#8217; n\u00e4\u00e4&#8217; v\u00f5tva &#8211;<br \/>\nnuu&#8217; miini-, pommiohvriss &#8211; im\u00e4 latsi luu&#8217;.<\/p>\n<p>Kes vii&#8217; siss im\u00e4 havva p\u00e4\u00e4le lilli&#8217;,<br \/>\nku&#8217; puja&#8217; mulla ala&#8217; m\u00fcrs\u00fcmulku j\u00e4i&#8217;?!<\/p>\n<p>Antslas, 16. Aprillil 1946<\/p>\n<p>KODO AHIVARR\u00d5L<\/p>\n<p>Mu&#8217; kotost r\u00e4\u00fcss om \u00fcle l\u00e4nn\u00fc&#8217;,<br \/>\nr\u00f5\u00f5m el\u00e4s viil soejulussin.<br \/>\nMu&#8217; lats\u00f5&#8217; tuhat h\u00e4t\u00e4 n\u00e4nn\u00fc,<br \/>\nn\u00e4il elo om p\u00e4\u00e4p\u00f5lussin,<br \/>\nn\u00e4il t\u00fchi k\u00f5tt, ant sandikott.<br \/>\nK\u00f5rv tahass t\u00f5tt! R\u00fc\u00fck n\u00e4l\u00e4hn rott.<br \/>\nOm j\u00e4\u00e4n\u00fc&#8217; tuhkhaud-lak\u00f5 maa,<br \/>\ntuud vantkja saa&#8217;-kii&#8217; rohk\u00f5p &#8220;vabasta&#8221;!<\/p>\n<p>Mii&#8217; riigist pruum tekk&#8217; hooramaja &#8211;<br \/>\nt\u00f5ust vahts\u00f5st himo suur oll&#8217; t\u00e4l.<br \/>\nVerd verev\u00e4l oll&#8217; hulga vaja &#8211;<br \/>\nno&#8217; maa ku&#8217; liina &#8211; tapitall.<br \/>\nOm kaonu lust&#8217; mii&#8217; rahva luist.<br \/>\nK\u00f5ik elo must, saa&#8217; huuli muist.<br \/>\nP\u00e4tt purjohn v\u00f5i noh h\u00f5isada:<br \/>\n&#8220;Aig anttu t\u00f5ist\u00f5 teht\u00fct priisada!&#8221;<\/p>\n<p>Mu&#8217; rahvas paklakuutslis kakut,<br \/>\nt\u00e4\u00e4 m\u00f5istust raudu needit\u00e4s,<br \/>\nom juua poslamaslat pakut,<br \/>\nmis Kremli katlahn keedet\u00e4s &#8211;<br \/>\ntuu purjo pand, v\u00f5lssuskku and,<br \/>\nparteihte kand, et ribahn hand &#8211;<br \/>\nnii Eesti Rahvast mat\u00f5tas &#8211;<br \/>\nlaud Moskva marupinil kat\u00f5tas.<\/p>\n<p>Mult kodo r\u00f6\u00f6vit. Riik om h\u00e4\u00f6tet.<br \/>\nMu&#8217; rahvas Kolgatal\u00f5 kant &#8230;<br \/>\nViil ainus luutus &#8211; mis om paot\u00f5t<br \/>\ntuu im\u00e4piim\u00e4h h\u00e4ll\u00fc pant,<br \/>\ns\u00e4\u00e4lt kasus p\u00f5lv ki\u00e4 vantkja p\u00f5lg<br \/>\ns\u00f5kk nurm\u00f5n\u00f5lv&#8217; j\u00e4ll&#8217; t\u0161uhna jalg.<br \/>\nP\u00e4iv, tuul, \u00f5hk, taivat\u00e4he&#8217; andva&#8217;<br \/>\nviil uskku: haldja&#8217; humm\u00f5liste kandva!<\/p>\n<p>Viitina-Muduril, 28. 01. 1946<\/p>\n<p>&#8220;VALIMISE&#8221; P\u00c4\u00c4V\u00c4ST<\/p>\n<p>Sugrates (1), M\u00f5nd\u00f5sk\u00f6\u00f6 (2), Sekspiir(3) ja R\u00f6\u00f6lin (4)<br \/>\nMuhamiit (5), Lut\u00f5rus (6), Kr\u00f5stus7 ja Kalvin8 \u2026<br \/>\nKuulsussi teot\u00f5das,<br \/>\nv\u00f5lssus\u00f5n leot\u00f5das \u2013<br \/>\nvana ao ask tuu oll.<br \/>\nKremlist no\u2019 \u00f5ig\u00f5 tull.<\/p>\n<p>Pulganinn (9), Andrij\u00f5hv (10), Sakarohv (14), Pupohv (11), Pudjunnui (12), Pervuuhin (15), Kuusmiin (13), Akrupuhv (15) \u2026<br \/>\nMustmiljun s\u00e4ndsit t\u00e4l,<br \/>\nkos pangar\u00fc\u00fcvliil h\u00e4ll \u2013<br \/>\nn\u00e4il Joos\u00f5p \u2013 Paater Maks (16),<br \/>\nt\u00e4l usues\u00e4s Marks (17)<\/p>\n<p>Jaagopsuun (18), Koidula, Vilde, Laipmann;<br \/>\nTammsaar\u00f5 (19), Reitsvalt (20) ja laulumemm H\u00e4rm\u00e4nn (21) \u2026<br \/>\ntuhnidu\u2019 mulla alt \u2013<br \/>\nl\u00f5vv\u00e4t n\u00e4il saina p\u00e4\u00e4lt<br \/>\nr\u00fc\u00fckki nuu\u2019 vasta saa\u2019 \u2013<br \/>\nteotta nii kuulnuid h\u00e4\u00e4.<\/p>\n<p>Muhust Muul (22), Saar\u00f5st Kaal, Vinnemaalt Kotta \u2013 vorppva no\u2019 v\u00f5imul\u00f5 ood\u00f5 ja jutt\u00f5,<br \/>\ns\u00f5imas s\u00e4\u00e4l mehe iist<br \/>\neka tunt Eesti miist<br \/>\nkroosvaaterlandi &#8220;kits&#8221; \u2013<br \/>\nLeida Kip\u00f5vits (23).<\/p>\n<p>Tiimant 824), P\u00e4ts, T\u00f5nissuun (25), Laidun\u00e4\u00e4r (26), Riek (27), Lill, Orasmaa, Viirma (28), Piip, Iinpalu (29), Kornel \u2013<br \/>\nelosalt m\u00e4\u00e4ted\u00e4s,<br \/>\nn\u00e4idega v\u00e4eted\u00e4s<br \/>\nUuralin-m\u00e4ki maid. \u2013<br \/>\nNii tegi Taalin (30) paid.<\/p>\n<p>L\u00f6\u00fct\u00fc um n\u00e4ide iist: Iiv\u00e4nohv (31), Orlohv (32),<br \/>\nAndrupohv (33), Jevremohv (34), Torhv, T\u00fcrg\u00fcstaanohv (35) \u2013 eestl\u00e4si ol\u00f5-\u00f5s,<br \/>\nMoskvast tull abi siss \u2013<br \/>\ntetti nii suur lament \u2013<br \/>\nEestile parlament.<\/p>\n<p>\u00dc\u00fc&#8220;, p\u00e4\u00e4v\u00e4` &#8211; aladi sais mul iks meelehn<br \/>\nteotusp\u00e4iv mii` rahval\u00f5 &#8211; &#8220;v\u00f5it&#8221; n\u00e4ide keelehn.<br \/>\nV\u00f5im rahvalt v\u00f5tt mis taht &#8211;<br \/>\nk\u00e4\u00fc h\u00e4\u00e4li klap\u00f5rjaht.<\/p>\n<p>M\u00f5tsmehel om miil h\u00e4\u00e4 &#8211;<br \/>\nsaamalda` j\u00e4i t\u00e4\u00e4 h\u00e4\u00e4l.<\/p>\n<p>T\u00e4higem\u00e4el, veebruar, 1946<\/p>\n<p>Nimede seletuseks:<\/p>\n<p>1 &#8211; Sokrates (469-399 e. Kr.) &#8211; kreeka filosoof. 2 &#8211; Charles de Montesquieu (1689-1755) &#8211; prantsuse filosoof. 3 &#8211; William Shakespeare (1564-1616) &#8211; inglise luuletaja. 4 &#8211; Johann Reuchlin (1455-1522) &#8211; saksa humanist. 5 &#8211; Muhamed (570-632) &#8211; islami rajaja. 6 &#8211; Martin Luther (1483-1546) &#8211; saksa usureformaator. 7 &#8211; Jeesus Kristus (u. 5 e. Kr. &#8211; u. 30 p. Kr.) &#8211; ristiusu alustaja. 8 &#8211; Johann Calvin (1509-1564) &#8211; usu reformaator. 9 &#8211; Nikolai Bulganin (1895-1975). 10 &#8211; Andrei Andrejev (1895-1971). 11 &#8211; Markian Popov (1902-1969). 12 &#8211; Semjon Budjonn\u00f5i (1883-1973). 13 &#8211; Dimitri Kuzmin (1908-?) &#8211; k\u00f5ik kommunistlikud poliitilised suurused. 14 &#8211; Andrei Sahharov (1921-1989) &#8211; tuumaf\u00fc\u00fcsik. 15 &#8211; Pervuhhin ja Akropov &#8211; v\u00e4iksemate tegelaste nimed, kes kandideerisid ja &#8220;valiti&#8221;. 16 &#8211; Jossif &#8211; Isa \u00dclim (D\u017euga\u0161vili pilkenimi). 17 &#8211; Karl Marx (1818-1883) &#8211; saksa poliitik. 18 &#8211; Carl Robert Jakobson. 19 &#8211; Anton Hansen Tammsaare. 20 &#8211; Friedrich Reinhold Kreutzwald, 21 &#8211; Miina H\u00e4rma &#8211; eesti kultuuritegelaste pilte kasutati punanurkades suitsukatteks kommunismi propageerimisel. 22 &#8211; Johannes Schmuul. 23 &#8211; Leida Kibuvits &#8211; oli sakslastele t\u00f5lgiks ja venelaste ajal r\u00fcndas patrioote. 24 &#8211; Jaan Teemant, 25 &#8211; Jaan T\u00f5nisson, 26 &#8211; Johan Laidoner, 27 &#8211; Nikolai Reek, 28 &#8211; Richard Veermaa, 29 &#8211; Kaarel Eenpalu jt. viidi Venemaa vangilaagritesse. 30 &#8211; J. F. Stalin, 31 &#8211; J. Ivanov, 32 &#8211; J. Orlov, 33 &#8211; J. Andropov, 34 &#8211; N. Jefremov, 35 &#8211; P. Turkestanov &#8211; ajalehe andmetel &#8220;valitud&#8221; deputaadid.<\/p>\n<p>LEENINI(SMI) \u00d5NNISTUS<\/p>\n<p>R\u00f5ipp\u00f5haukkana Vinnemaal aeli<br \/>\nLeenin &#8211; tsaarimaast eedeni tek&#8217;k.<br \/>\nN\u00e4lg koloosihn ja` t\u00fc\u00fclisil vaeli<br \/>\nk\u00e4e` ja hamba &#8211; \u00e4run\u00f5ht\u00f5t pekk.<\/p>\n<p>S\u00f5ta uuts\u00f5 maa &#8211; p\u00e4ses vast h\u00e4d\u00e4st<br \/>\nrahvas, Leenin ja Taalin kos k\u00f6\u00fct;<br \/>\nsaasi` raputa kommona-m\u00e4d\u00e4st<br \/>\nvaimu &#8211; verist, mis komparteil l\u00f6\u00fct!<\/p>\n<p>Hitler kuulut: &#8220;Est alea jakta!&#8221; (1)<br \/>\nLeenin edesi kodod\u00f5hn hiil,<br \/>\ns\u00f5da l\u00f5p\u00f5da-es h\u00e4ti &#8211; &#8220;at akta&#8221; (2),<br \/>\nl\u00f5pu kommonal kirot t\u00e4\u00e4 viil.<\/p>\n<p>Otsa jakati vaiva &#8211; t\u00e4\u00fcskvoorum<br \/>\nohvrit ol\u00f5-\u00f5s, murr\u00f5ga katt<br \/>\nlehti &#8220;kommona liiber liboorum&#8221; (3)<br \/>\nvindl\u00e4st leeninism hoobis \u00e4r`&#8217; matt.<\/p>\n<p>Leenin inimsuul viletsust kands\u00f5,<br \/>\njorro jakas, mis alost juut Marks;<br \/>\nterve maailma verd juuksma pands\u00f5<br \/>\nTaalin t\u00e4toviir: leeninism &#8211; &#8220;krusk&#8221; (4).<\/p>\n<p>K\u00f5ikk\u00f5 hirmsat, mis kommonism toonu`:<br \/>\nvargust, n\u00e4lg\u00e4 ja kottp\u00fcmme \u00fc\u00fc &#8230;<br \/>\nLeenin vahts\u00f5ao kuradi loonu` &#8211;<br \/>\nTaalin Kremlihn um Leenini t\u00fc\u00fc.<\/p>\n<p>L\u00f5p\u00f5`vilets\u00fcs inne, ku` hiidet<br \/>\nm\u00f5ist\u00f5`&#8217; &#8211; leeninism &#8211; tuhkhauda om,<br \/>\nk\u00fcl\u00e4t esiki` aigu jo` viidet &#8211;<br \/>\naastit surmast t\u00e4l katsk\u00fcmmend kolm.<\/p>\n<p>Ivvan Hirmus, Heroodes ja Neero,<br \/>\npiiblist Aadam\u00f5 t\u00f5\u00f5n\u00f5 poig Kain &#8211;<br \/>\nnoid\u00f5 k\u00f5rva saa Leenin au-kergo,<br \/>\nkata` tek\u00f5 t\u00e4l un\u00f5htus-hain.<\/p>\n<p>M\u00f5isak\u00fclas, 21. Jaanuaril 1947<\/p>\n<p>1 &#8211; &#8220;Alea jacta est&#8221; &#8211; &#8220;liisk on heidetud&#8221; &#8211; Caesari tuntud lause, mida ta \u00fctles Rubico j\u00f5est \u00fcle minnes v\u00f5itlema Pompeiuse vastu 49. a. e. Kr.<br \/>\n2 &#8211; &#8220;Ad acta&#8221; &#8211; toimikutesse panema, tagaj\u00e4rjeta j\u00e4tma.<br \/>\n3 &#8211; &#8220;Liber libroorum&#8221; &#8211; &#8220;raamatute raamat&#8221; (kommunistlik piibel)<br \/>\n4 &#8211; &#8220;crux&#8221; &#8211; rist (raskus, vaev &#8230;)<\/p>\n<p>KOLM KUUD TETT T\u00dcHJE V\u00c4RSSE<\/p>\n<p>Jo&#8217; humm\u00f5l Jaanip\u00e4iv, om joundnu&#8217; p\u00e4\u00e4v\u00e4k\u00e4\u00e4ndj\u00e4 &#8211;<br \/>\n\u00fc\u00fc&#8217; l\u00e4\u00e4v\u00e4&#8217; pikemb\u00e4s, sis kund\u00f5l p\u00f5\u00f5nuta om h\u00fc\u00e4.<br \/>\nSeol aastal kasuk saaki-s s\u00e4l\u00e4st. Ilmaandja<br \/>\n\u00e4r&#8217; pahandit &#8211; mul selle rapusk\u00fclm\u00e4st s\u00fc\u00e4.<\/p>\n<p>Ku&#8217; edim\u00e4dse&#8217; v\u00e4rsi&#8217; tei, kolm kuud tuust tagasi,<br \/>\nkah sis oll p\u00e4\u00e4v\u00e4k\u00e4\u00e4ndj\u00e4 &#8211; kevv\u00e4i sisse murd.<br \/>\nSis usks\u00f5mi&#8217;: joud Jaanip\u00e4iv &#8211; saa olla vagusi<br \/>\nja kuurma kahan\u00f5s. Ei! Kasvi mitm\u00f5v\u00f5rd. &#8211;<\/p>\n<p>um l\u00e4nn\u00fc&#8217; luutus t\u00fchj\u00e4 &#8211; mugu&#8217; kinnited\u00e4s v\u00f5imu.<br \/>\nEi in\u00e4p kavva vast\u00f5 pan\u00f5&#8217; &#8211; murdus rahvas\u00e4lg!<br \/>\nEi selget p\u00e4iv\u00e4 ol\u00f5&#8217;, k\u00f5ik aig satas ross\u00f5t, s\u00f5imu,<br \/>\nmis tege rahvast lak\u00f5s maa ja k\u00f5igil tul\u00f5 n\u00e4lg.<\/p>\n<p>Ma&#8217; ol\u00f5 tenn\u00fc&#8217; t\u00fchje v\u00e4rsse, hind\u00e4pet\u00fcst.<br \/>\nEi ol\u00f5&#8217; t\u00e4\u00fcde l\u00e4nn\u00fc&#8217; suuv. Hulk papr\u00f5viiri raisat.<br \/>\nMu&#8217; v\u00e4rsi&#8217; tuima&#8217;, vesidse&#8217;, ei ol\u00f5&#8217; kitust<br \/>\ns\u00e4\u00e4l Kremli v\u00fcrstile &#8211; k\u00f5ik maailm segi paisat.<\/p>\n<p>Kolm kuud tett t\u00fchje v\u00e4rsse! M\u00f5tl\u00f5: kuiss saa edesi?<br \/>\nEi m\u00f5ista&#8217; tool\u00f5 kosta &#8211; r\u00e4nk um siss ku&#8217; p\u00e4ivi andas.<br \/>\nIks usu: p\u00e4\u00e4v\u00e4k\u00e4\u00e4ndjit um kah iihnpuul ridasi.<br \/>\nMa&#8217; usu: \u00fctsk\u00f5rd v\u00f5lssus h\u00e4b\u00fcpinki pandas!<\/p>\n<p>Plaanil, 22. Juunil 1945<\/p>\n<p>NII K\u00c4SKN\u00dc ELL\u00c4V LOODUS<\/p>\n<p>Kolmk\u00fcmmend aastat ron\u00f5&#8217; iks m\u00e4e otsa.<br \/>\nTii vinderd-v\u00e4nderd tekk, l\u00e4ts m\u00fc\u00fcd\u00e4 kivve-kand\u00f5.<br \/>\nM\u00e4e otsan tasats\u00f5p v\u00f5i olla siinpuul m\u00f5tsa,<br \/>\nv\u00f5i k\u00fcmmend paar viil versta ummi &#8220;patt\u00f5&#8221; kanda.<\/p>\n<p>&#8220;Ku&#8217; tuud m\u00f5tsa iin ei ol\u00f5s!&#8221; &#8211; n\u00e4e-ei&#8217; taad\u00e4 sinn\u00e4&#8217;,<br \/>\nkunas tii k\u00e4\u00e4nd alla m\u00e4ke, mis om \u00e4kiline.<br \/>\nM\u00e4\u00e4nes om ta s\u00e4\u00e4l, kas saat ka sammu minn\u00e4<br \/>\nvai pi\u00e4t laskma tsiat\u00fcrku &#8211; om nii pakiline?<\/p>\n<p>Sul vasta tul\u00f5 reisjit &#8211; egal k\u00e4vv\u00fc uma tii<br \/>\nja t\u00e4\u00fct\u00e4 \u00fclesanne, mid\u00e4 Saatus ette n\u00e4nn\u00fc.<br \/>\nK\u00f5ik omma s\u00fcdi n\u00f5vvo andma: &#8220;Tii iks nii, tii&#8217; nii!&#8221;<br \/>\nja per\u00e4st virga tsiit\u00e4m\u00e4: &#8220;Ols iks t\u00f5isto tenn\u00fc!&#8221;<\/p>\n<p>\u00dcts k\u00e4rn\u00e4n p\u00f5rss sais suur\u00f5 kivi man jalg perr\u00e4 l\u00fc\u00fcd,<br \/>\nn\u00e4go l\u00e4mm\u00e4st pundsun, ka t\u00e4 virk n\u00f5vvo andma:<br \/>\n&#8220;Sa, Elvi, olt seo-aoni tenn\u00fc hulga t\u00fc\u00fcd,<br \/>\nv\u00f5i&#8217; tuud joht salada &#8211; olt tragi latsi nukka pandma,<\/p>\n<p>kes oll tuud \u00e4ra tiinn\u00fc&#8217;. Tuu om k\u00f5ik poolik t\u00fc\u00fc!<br \/>\nIks m\u00f5tl\u00f5 perist\u00fc\u00fcd, minkper\u00e4st ilma tultu.<br \/>\nOm hummog m\u00fc\u00fcd, joba keskp\u00e4iv k\u00e4en, \u00f5dag joud, t\u00e4ll takan \u00fc\u00fc.<br \/>\nKu&#8217; miilt ei muuda, sis omm nii &#8211; ku&#8217; ei olski oltu.<\/p>\n<p>Sa kasvatat noid latsi, tiid noorikit ja pruut\u00f5.<br \/>\nTuu k\u00f5ik h\u00e4\u00e4 om, t\u00e4 Sul tul\u00f5 s\u00fc\u00e4mest.<br \/>\nPerist\u00fc\u00fc &#8211; Eesti im\u00e4 &#8211; n\u00f5ud kosilas\u00f5 kodo laskmist uut\u00f5,<br \/>\nj\u00e4t\u00e4t tegemalda tuu &#8211; elli as\u00e4nda &#8211; Sul es ol\u00f5 last!<\/p>\n<p>Tuu suuv ei ol\u00f5 vahts\u00f5n\u00f5, om v\u00e4ega vana &#8211;<br \/>\nni&#8217; vana ku&#8217; inemine m\u00f5tl\u00f5s ja k\u00e4skn\u00fc ell\u00e4v loodus.<br \/>\nTuud h\u00fc\u00e4n m\u00f5tt\u00f5n miildetul\u00f5di &#8211; ma p\u00e4\u00e4ld\u00e4&#8217; kana.<br \/>\nLasku-i&#8217; tuuper\u00e4st tujju rikku, mis om saanu&#8217; moodus.<\/p>\n<p>Saa&#8217; kang\u00f5las\u00f5s! Im\u00e4s, saa kah sis, ku&#8217; ei l\u00f6\u00fcd\u00fc miist<br \/>\nkinka ello m\u00fc\u00fcda saadat \u00fctitselt. Saa&#8217; h\u00fcv\u00e4s im\u00e4s!<br \/>\nEi v\u00f5i ohvris tuvva im\u00e4-\u00f5igust halva abielo iist!<br \/>\n(- Nii m\u00f5tl\u00f5s Sinu juubelil ja Sull\u00f5 soovi &#8211;<br \/>\n\u00e4r pangu pahas ega v\u00f5tku vihas!)<\/p>\n<p>Kolleeg Elvi S.-le<br \/>\nAntsla P\u00f5llumajandus Tehnikumis, 1945<\/p>\n<p>VANA LAUT<\/p>\n<p>Pallo aastit, vana lehm\u00e4laut, sa&#8217; k\u00fcll k\u00fck\u00fct\u00e4t,<br \/>\nkeset muatust paiu all v\u00e4s\u00fcm\u00fcst pikutat?<br \/>\nHundament h\u00f6\u00f6rikist kivest sul sop\u00f5rd\u00f5t &#8211;<br \/>\nsisse saass&#8217; vihm ja v\u00e4ll\u00e4 juusk virdsavett.<br \/>\nSainapalk Roobim\u00f5tsast sinn\u00e4&#8217; talv\u00f5l um k\u00f5kut\u00f5t.<br \/>\nSaag\u00f5 es tunda&#8217; siss &#8211; k\u00f5ik om siin kirv\u00f5ga ts\u00e4kut\u00f5t.<br \/>\nLaehirre&#8217; saviga kokko p\u00e4\u00e4lt pl\u00e4tserdet.<br \/>\nSelg\u00fcspuu&#8217; paar\u00f5ga kadajidega vitsut\u00f5t.<br \/>\nLep\u00e4dse malga&#8217; paijuvitsuga roovis om &#8220;naglud\u00f5t&#8221;,<br \/>\ntuu koor\u00f5 all saist\u00f5n om sapakus vaglud\u00f5t.<br \/>\nNapukatus p\u00f5hja puult hall\u00e4s om samm\u00f5ld\u00f5t,<br \/>\nt\u00f5\u00f5sist k\u00fclist last\u00f5 ja kivvega klamm\u00f5rdit.<br \/>\nSaivas tuk\u00f5 l\u00e4vemulkku &#8211; puust hingiga sagard\u00f5t.<br \/>\nValgust paist egalt puult, mis rot\u00f5l saina oherdet &#8230;<br \/>\nVana lehm\u00e4laut, aigu pallo sa&#8217; s\u00e4ndsena k\u00fck\u00fctit,<br \/>\nrahul olli&#8217; hind\u00e4ga, ku&#8217; mualumbin pikutit.<\/p>\n<p>***<\/p>\n<p>Tiik\u00e4\u00fcj\u00e4 m\u00fc\u00fcda minnen su&#8217; ol\u00f5mist irvidi &#8211;<br \/>\nku&#8217; sa&#8217; h\u00e4itsi ja narm\u00f5ndi &#8211; nigu tsirguhirmutus urvidi.<br \/>\nNuu&#8217; tiiaki\u00f5s pallo aastit sa&#8217; tallo olt or\u00e4nu,<br \/>\npallo k\u00f5rdu sa lehmi olt r\u00e4\u00fcs\u00e4 iist var&#8217;\u00e4nu.<br \/>\nAastat s\u00e4idsek\u00fcmmend egap\u00e4iv peret olt s\u00fc\u00fctn\u00fc,<br \/>\nl\u00e4mm\u00e4 piimaga latsi ja vasikit juutnu.<br \/>\nOlli vabrik, mis v\u00e4ll\u00e4 and kuussada-tuhat tuuppi<br \/>\nvatutavat piim\u00e4 &#8211; m\u00fcts maahha! &#8211; tuu tul\u00f5-\u00f5s huuppi!<br \/>\nTossin vagonit piim\u00e4 su&#8217; sainu vah\u00f5l n\u00fcstt\u00fc &#8211;<br \/>\nega s\u00f6\u00f6m\u00e4aig k\u00f5tu&#8217; piim\u00e4st t\u00e4us omma&#8217; &#8220;m\u00f5sttu&#8221;.<br \/>\nViistuhat kuurmat lehm\u00e4-k\u00fclealust ands\u00f5&#8217;,<br \/>\nmis joukust t\u00f5i tallo &#8211; vil\u00e4 mustama pands\u00f5.<br \/>\nVill\u00e4 sai s\u00fcvv\u00e4&#8217; ja mis \u00fcle j\u00e4i &#8211; m\u00fcvv\u00e4&#8217;.<br \/>\nTetti han&#8217;sas ja oll\u00f5s &#8211; mid\u00e4 mehil k\u00f5lvas juvva&#8217;.<br \/>\nOlli&#8217;haigemajas, kon elosit ilmma tuud satu,<br \/>\nhinnd\u00e4-k\u00e4est \u00e4mm\u00e4muur, ol\u00f5-\u00f5s tohtrit &#8211; a&#8217; veid\u00fc&#8217; oll&#8217; katu.<br \/>\nKui v\u00f5hlusilm kaenu oll&#8217; lehm\u00e4l\u00f5 k\u00f5\u00f5rdu &#8211;<br \/>\nsiss viivlist ja juudisitast sai savvu ku&#8217; s\u00f5\u00f5rdu,<br \/>\nku&#8217; peoga tuu p\u00fchkse k\u00f5ik h\u00e4d\u00e4&#8217; ja t\u00f5v\u00f5&#8217; &#8211;<br \/>\nrotiki&#8217; pag\u00f5si&#8217; &#8211; patsiirman kes laudap\u00e4\u00e4l k\u00e4ve&#8217;.<br \/>\nPeeti s\u00f5ta, lahingide m\u00fcrrin mitu kuud oll&#8217; \u00fcmberts\u00f5\u00f5ri &#8211;<br \/>\nsu&#8217; sainveerehn Valgj\u00e4rve s\u00f5amiiss sai kuuli hingel\u00f5\u00f5ri.<br \/>\nS\u00e4\u00e4ne ollgi su&#8217; t\u00fc\u00fc-elo ajalugu, umal-aol niimuudu eleti,<br \/>\naoviites kirodi &#8211; tool\u00f5 ki\u00e4 lug\u00f5 &#8211; tool\u00f5 ma&#8217; seleti.<\/p>\n<p>Savim\u00e4el, 2. Augustil 1945<\/p>\n","protected":false},"excerpt":{"rendered":"<p>KES VII LILLI&#8217; IM\u00c4LE? Ei ol\u00f5&#8217; kerges lats\u00f5 ilmatul\u00f5k luudu &#8211; n\u00f5ud pall\u00f6 ohvrit maimuk\u00f5s\u00f5 s\u00fcnd. Ku&#8217; hulga kirst\u00f5 um tuuper\u00e4st kokko l\u00fc\u00fcd\u00fc, kohn im\u00e4 sisse pant &#8211; tapp noor\u00f5-elo sund. Om veid\u00fc t\u00f5ist ni&#8217; valurikast s\u00f5ta, ku vahts\u00f5-elo s\u00fcnn\u00fct\u00e4miss\u00e4ng\u00fc seehn. Ei kaalu&#8217; t\u00f5\u00f5s\u00f5&#8217; kannatus\u00f5&#8217; toda h\u00e4t\u00e4 &#8211; ku&#8217; im\u00e4 kool\u00f5s ello and\u00f5n &#8211; silma&#8217; [&hellip;]<\/p>\n","protected":false},"author":1,"featured_media":0,"parent":150,"menu_order":0,"comment_status":"closed","ping_status":"closed","template":"","meta":{"footnotes":""},"class_list":["post-152","page","type-page","status-publish","hentry"],"yoast_head":"<!-- This site is optimized with the Yoast SEO plugin v27.4 - https:\/\/yoast.com\/product\/yoast-seo-wordpress\/ -->\n<title>Enno Piiri luul\u00f5tuisi - V\u00f5ro kir\u00e4nd\u00fcs<\/title>\n<meta name=\"robots\" content=\"index, follow, max-snippet:-1, max-image-preview:large, max-video-preview:-1\" \/>\n<link rel=\"canonical\" href=\"https:\/\/wi.ee\/voro\/kiranigu\/enno-piir\/enno-piiri-luulotuisi\/\" \/>\n<meta property=\"og:locale\" content=\"et_EE\" \/>\n<meta property=\"og:type\" content=\"article\" \/>\n<meta property=\"og:title\" content=\"Enno Piiri luul\u00f5tuisi - V\u00f5ro kir\u00e4nd\u00fcs\" \/>\n<meta property=\"og:description\" content=\"KES VII LILLI&#8217; IM\u00c4LE? Ei ol\u00f5&#8217; kerges lats\u00f5 ilmatul\u00f5k luudu &#8211; n\u00f5ud pall\u00f6 ohvrit maimuk\u00f5s\u00f5 s\u00fcnd. Ku&#8217; hulga kirst\u00f5 um tuuper\u00e4st kokko l\u00fc\u00fcd\u00fc, kohn im\u00e4 sisse pant &#8211; tapp noor\u00f5-elo sund. Om veid\u00fc t\u00f5ist ni&#8217; valurikast s\u00f5ta, ku vahts\u00f5-elo s\u00fcnn\u00fct\u00e4miss\u00e4ng\u00fc seehn. Ei kaalu&#8217; t\u00f5\u00f5s\u00f5&#8217; kannatus\u00f5&#8217; toda h\u00e4t\u00e4 &#8211; ku&#8217; im\u00e4 kool\u00f5s ello and\u00f5n &#8211; silma&#8217; [&hellip;]\" \/>\n<meta property=\"og:url\" content=\"https:\/\/wi.ee\/voro\/kiranigu\/enno-piir\/enno-piiri-luulotuisi\/\" \/>\n<meta property=\"og:site_name\" content=\"V\u00f5ro kir\u00e4nd\u00fcs\" \/>\n<meta name=\"twitter:card\" content=\"summary_large_image\" \/>\n<meta name=\"twitter:label1\" content=\"Est. reading time\" \/>\n\t<meta name=\"twitter:data1\" content=\"10 minutit\" \/>\n<script type=\"application\/ld+json\" class=\"yoast-schema-graph\">{\"@context\":\"https:\\\/\\\/schema.org\",\"@graph\":[{\"@type\":\"WebPage\",\"@id\":\"https:\\\/\\\/wi.ee\\\/voro\\\/kiranigu\\\/enno-piir\\\/enno-piiri-luulotuisi\\\/\",\"url\":\"https:\\\/\\\/wi.ee\\\/voro\\\/kiranigu\\\/enno-piir\\\/enno-piiri-luulotuisi\\\/\",\"name\":\"Enno Piiri luul\u00f5tuisi - V\u00f5ro kir\u00e4nd\u00fcs\",\"isPartOf\":{\"@id\":\"https:\\\/\\\/wi.ee\\\/voro\\\/#website\"},\"datePublished\":\"2016-02-02T09:29:29+00:00\",\"breadcrumb\":{\"@id\":\"https:\\\/\\\/wi.ee\\\/voro\\\/kiranigu\\\/enno-piir\\\/enno-piiri-luulotuisi\\\/#breadcrumb\"},\"inLanguage\":\"et\",\"potentialAction\":[{\"@type\":\"ReadAction\",\"target\":[\"https:\\\/\\\/wi.ee\\\/voro\\\/kiranigu\\\/enno-piir\\\/enno-piiri-luulotuisi\\\/\"]}]},{\"@type\":\"BreadcrumbList\",\"@id\":\"https:\\\/\\\/wi.ee\\\/voro\\\/kiranigu\\\/enno-piir\\\/enno-piiri-luulotuisi\\\/#breadcrumb\",\"itemListElement\":[{\"@type\":\"ListItem\",\"position\":1,\"name\":\"Home\",\"item\":\"https:\\\/\\\/wi.ee\\\/voro\\\/\"},{\"@type\":\"ListItem\",\"position\":2,\"name\":\"KI\u00c4 OMMA V\u00d5RO KIR\u00c4NIGU\",\"item\":\"https:\\\/\\\/wi.ee\\\/voro\\\/kiranigu\\\/\"},{\"@type\":\"ListItem\",\"position\":3,\"name\":\"Enno Piir\",\"item\":\"https:\\\/\\\/wi.ee\\\/voro\\\/kiranigu\\\/enno-piir\\\/\"},{\"@type\":\"ListItem\",\"position\":4,\"name\":\"Enno Piiri luul\u00f5tuisi\"}]},{\"@type\":\"WebSite\",\"@id\":\"https:\\\/\\\/wi.ee\\\/voro\\\/#website\",\"url\":\"https:\\\/\\\/wi.ee\\\/voro\\\/\",\"name\":\"V\u00f5ro kir\u00e4nd\u00fcs\",\"description\":\"V\u00f5ro kir\u00e4nd\u00fcse kodoleht\",\"potentialAction\":[{\"@type\":\"SearchAction\",\"target\":{\"@type\":\"EntryPoint\",\"urlTemplate\":\"https:\\\/\\\/wi.ee\\\/voro\\\/?s={search_term_string}\"},\"query-input\":{\"@type\":\"PropertyValueSpecification\",\"valueRequired\":true,\"valueName\":\"search_term_string\"}}],\"inLanguage\":\"et\"}]}<\/script>\n<!-- \/ Yoast SEO plugin. -->","yoast_head_json":{"title":"Enno Piiri luul\u00f5tuisi - V\u00f5ro kir\u00e4nd\u00fcs","robots":{"index":"index","follow":"follow","max-snippet":"max-snippet:-1","max-image-preview":"max-image-preview:large","max-video-preview":"max-video-preview:-1"},"canonical":"https:\/\/wi.ee\/voro\/kiranigu\/enno-piir\/enno-piiri-luulotuisi\/","og_locale":"et_EE","og_type":"article","og_title":"Enno Piiri luul\u00f5tuisi - V\u00f5ro kir\u00e4nd\u00fcs","og_description":"KES VII LILLI&#8217; IM\u00c4LE? Ei ol\u00f5&#8217; kerges lats\u00f5 ilmatul\u00f5k luudu &#8211; n\u00f5ud pall\u00f6 ohvrit maimuk\u00f5s\u00f5 s\u00fcnd. Ku&#8217; hulga kirst\u00f5 um tuuper\u00e4st kokko l\u00fc\u00fcd\u00fc, kohn im\u00e4 sisse pant &#8211; tapp noor\u00f5-elo sund. Om veid\u00fc t\u00f5ist ni&#8217; valurikast s\u00f5ta, ku vahts\u00f5-elo s\u00fcnn\u00fct\u00e4miss\u00e4ng\u00fc seehn. Ei kaalu&#8217; t\u00f5\u00f5s\u00f5&#8217; kannatus\u00f5&#8217; toda h\u00e4t\u00e4 &#8211; ku&#8217; im\u00e4 kool\u00f5s ello and\u00f5n &#8211; silma&#8217; [&hellip;]","og_url":"https:\/\/wi.ee\/voro\/kiranigu\/enno-piir\/enno-piiri-luulotuisi\/","og_site_name":"V\u00f5ro kir\u00e4nd\u00fcs","twitter_card":"summary_large_image","twitter_misc":{"Est. reading time":"10 minutit"},"schema":{"@context":"https:\/\/schema.org","@graph":[{"@type":"WebPage","@id":"https:\/\/wi.ee\/voro\/kiranigu\/enno-piir\/enno-piiri-luulotuisi\/","url":"https:\/\/wi.ee\/voro\/kiranigu\/enno-piir\/enno-piiri-luulotuisi\/","name":"Enno Piiri luul\u00f5tuisi - V\u00f5ro kir\u00e4nd\u00fcs","isPartOf":{"@id":"https:\/\/wi.ee\/voro\/#website"},"datePublished":"2016-02-02T09:29:29+00:00","breadcrumb":{"@id":"https:\/\/wi.ee\/voro\/kiranigu\/enno-piir\/enno-piiri-luulotuisi\/#breadcrumb"},"inLanguage":"et","potentialAction":[{"@type":"ReadAction","target":["https:\/\/wi.ee\/voro\/kiranigu\/enno-piir\/enno-piiri-luulotuisi\/"]}]},{"@type":"BreadcrumbList","@id":"https:\/\/wi.ee\/voro\/kiranigu\/enno-piir\/enno-piiri-luulotuisi\/#breadcrumb","itemListElement":[{"@type":"ListItem","position":1,"name":"Home","item":"https:\/\/wi.ee\/voro\/"},{"@type":"ListItem","position":2,"name":"KI\u00c4 OMMA V\u00d5RO KIR\u00c4NIGU","item":"https:\/\/wi.ee\/voro\/kiranigu\/"},{"@type":"ListItem","position":3,"name":"Enno Piir","item":"https:\/\/wi.ee\/voro\/kiranigu\/enno-piir\/"},{"@type":"ListItem","position":4,"name":"Enno Piiri luul\u00f5tuisi"}]},{"@type":"WebSite","@id":"https:\/\/wi.ee\/voro\/#website","url":"https:\/\/wi.ee\/voro\/","name":"V\u00f5ro kir\u00e4nd\u00fcs","description":"V\u00f5ro kir\u00e4nd\u00fcse kodoleht","potentialAction":[{"@type":"SearchAction","target":{"@type":"EntryPoint","urlTemplate":"https:\/\/wi.ee\/voro\/?s={search_term_string}"},"query-input":{"@type":"PropertyValueSpecification","valueRequired":true,"valueName":"search_term_string"}}],"inLanguage":"et"}]}},"_links":{"self":[{"href":"https:\/\/wi.ee\/voro\/wp-json\/wp\/v2\/pages\/152","targetHints":{"allow":["GET"]}}],"collection":[{"href":"https:\/\/wi.ee\/voro\/wp-json\/wp\/v2\/pages"}],"about":[{"href":"https:\/\/wi.ee\/voro\/wp-json\/wp\/v2\/types\/page"}],"author":[{"embeddable":true,"href":"https:\/\/wi.ee\/voro\/wp-json\/wp\/v2\/users\/1"}],"replies":[{"embeddable":true,"href":"https:\/\/wi.ee\/voro\/wp-json\/wp\/v2\/comments?post=152"}],"version-history":[{"count":1,"href":"https:\/\/wi.ee\/voro\/wp-json\/wp\/v2\/pages\/152\/revisions"}],"predecessor-version":[{"id":153,"href":"https:\/\/wi.ee\/voro\/wp-json\/wp\/v2\/pages\/152\/revisions\/153"}],"up":[{"embeddable":true,"href":"https:\/\/wi.ee\/voro\/wp-json\/wp\/v2\/pages\/150"}],"wp:attachment":[{"href":"https:\/\/wi.ee\/voro\/wp-json\/wp\/v2\/media?parent=152"}],"curies":[{"name":"wp","href":"https:\/\/api.w.org\/{rel}","templated":true}]}}