{"id":150,"date":"2016-02-02T11:29:09","date_gmt":"2016-02-02T09:29:09","guid":{"rendered":"http:\/\/wi.ee\/voro\/?page_id=150"},"modified":"2023-01-15T14:50:54","modified_gmt":"2023-01-15T12:50:54","slug":"enno-piir","status":"publish","type":"page","link":"https:\/\/wi.ee\/voro\/kiranigu\/enno-piir\/","title":{"rendered":"Enno Piir"},"content":{"rendered":"<p><strong><img loading=\"lazy\" decoding=\"async\" class=\"alignleft size-full wp-image-154\" src=\"http:\/\/wi.ee\/voro\/wp-content\/uploads\/2016\/02\/enno-piir.jpg\" alt=\"enno-piir\" width=\"166\" height=\"208\" \/>Enno Piir<\/strong> om v\u00f5rokiilse m\u00f5tsavelleluul\u00f5 luuja. Niisama om t\u00e4 t\u00e4hts\u00e4 kodoluu-alatside teosside toim\u00f5ndaja ni v\u00e4ll\u00e4andja.<\/p>\n<p>Enno Piir (1936. aastagani Edgar) s\u00fcnd\u00fc 15. jaanuaril 1910 (vana kalendri perr\u00e4 2. jaanuaril 1910. aastagal) V\u00f5romaal R\u00f5ug\u00f5 kihlkunna Haani valla Kok\u00f5m\u00e4e k\u00fcl\u00e4n Vihtla j\u00e4rve veeren Kusma talu suidsutar\u00f5n. Es\u00e4 ja im\u00e4 olli talupid\u00e4j\u00e4. 1918 alost Kok\u00f5 algkoolin, 1922 l\u00e4ts V\u00f5ro keskkuuli, pidi tuu vaesus\u00f5 per\u00e4st pool\u00f5l\u00f5 j\u00e4tm\u00e4. Per\u00e4n tuud k\u00e4ve aastaga V\u00e4imela P\u00f5llut\u00fc\u00fckoolin. 1929-1932 ops\u00f5 J\u00e4neda P\u00f5llut\u00fc\u00fckeskkoolin. T\u00fc\u00fct V\u00f5ru-, Valga- ja Petserimaal V\u00f5ru P\u00f5llumeeste Konvendi man P\u00f5llut\u00fc\u00fckuan maanuuri instruktorina. Samal aol oll ka aolehe ELU<br \/>\np\u00f5llumajandusosakonna toim\u00f5taja. Abiellu 3. augustil 1935. Abielu p\u00fchitsedi taaralaisi hiien. Perre s\u00fcnd\u00fc t\u00fct\u00e4r ja poig.<\/p>\n<p>Illats\u00f5mbal aol om olnuq Haani rahvaraamatukogu ja kohaliku kodomuuseumi juhataja. Haani Seltse Liidu juhatus\u00f5 abiesimiis. Enno Piir kuulu taaralaisi \u201cP\u00fch\u00e4j\u00f5e Hiide\u201d. 1941 varjas hinn\u00e4st m\u00f5tsan, a 1942 juhat Munam\u00e4el lahut Vabadussya monumendi taastamist. Tim\u00e4 sul\u00f5st ilmu m\u00e4lest\u00fcsalbum \u201cVabal Munam\u00e4el\u201d.<\/p>\n<p>1944 p\u00fc\u00fcnd paeda l\u00e4\u00e4nde, a es \u00f5nn\u00f5stu ja nakas m\u00f5tsavelles.<\/p>\n<p>1947 mur\u00f5ts v\u00f5lsspassi ja nakas t\u00fc\u00fcle Vil\u00e4ndin sordiar\u00f5tuspunktin.<\/p>\n<p>27. mail 1952 v\u00f5eti t\u00fc\u00fc man kinni ja V\u00f5ru vanglan m\u00e4\u00e4r\u00e4ti 25 aastat t\u00fc\u00fcparanduslaagriin ja j\u00e4eti viies aastas viil \u00f5igusist ilma.<\/p>\n<p>Karistust kand Enno Piir Inta vangilaagriin. Pidi laagrip\u00e4ivikid.<\/p>\n<p>Vabas sai 2. sept 1957. Per\u00e4npool\u00f5 t\u00fc\u00fct Viljandi sovhoosin ja pensionip\u00f5lv\u00f5n t\u00fc\u00fct\u00e4s J\u00e4mejala Ps\u00fchhoneuroloogiahaiglan t\u00fc\u00fcravi instruktorina.<\/p>\n<p>Enno Piir kuuli\u00a0 1. mahlakuu p\u00e4\u00e4v\u00e4l 2006.<\/p>\n<h3>Kir\u00e4nd\u00fcs<\/h3>\n<p>Alost kodokanti tutvustavide v\u00e4ll\u00e4ann\u00f5t\u00f5 koostaja ja toim\u00f5tajana.<\/p>\n<p>\u201cHaanja Munam\u00e4gi &#8211; turistide Mekka\u201d 1935<br \/>\n\u201cSuur Munam\u00e4gi piltides\u201d (4-keelne voldik, 1935)<br \/>\n\u201cTuristide Kodu Munam\u00e4el\u201d 1937<br \/>\n\u201cV\u00f5rumaa P\u00f5llumajanduse Aastaraamat I (1938)<\/p>\n<p>M\u00f5tsavellep\u00e4ivil, mil t\u00e4 varjas hinn\u00e4st L\u00f5una Eesti m\u00f5tsun, nakas t\u00e4 v\u00f5ro keeli luul\u00f5tama.<\/p>\n<p>Vangilaagrin pidi p\u00e4ivikid, koost vang\u00f5 loomingust kogomiku \u201cTormist pillatud\u201d<\/p>\n<p>Alost \u201cKalevipoja\u201d indekss\u00f5nastiku koostamist.<\/p>\n<p>Tegeli ka Viljandimaalt represseerit\u00fcide m\u00e4lest\u00fcsraamatusarja kogoteoss\u00f5 koostamisega.<\/p>\n<h3>Seeni ilmunu:<\/h3>\n<p>\u201cHalliste kihelkond\u201d 1991<\/p>\n<p>\u201cK\u00f5pu kihelkond\u201d 1993<\/p>\n<p>\u201cPaistu kihelkond\u201d I ja II 1994<\/p>\n<p>Tarvastu, Viljandi, Suure-Jaani jt. tul\u00f5man.<\/p>\n<p>\u201cSunnit\u00f6\u00f6lise Mekka\u201d ilmu Viljandin 1994 (koostaja Viljar Ansko), mille edim\u00e4ne jago \u201cKodo Ahivarr\u00f5l\u201d (Metsavennaluulet 1945-47) om v\u00f5rokiilne.<\/p>\n<p><a href=\"http:\/\/wi.ee\/voro\/kiranigu\/enno-piir\/enno-piiri-luulotuisi\/\">Enno Piiri luul\u00f5tuisi &gt;&gt;<\/a><\/p>\n","protected":false},"excerpt":{"rendered":"<p>Enno Piir om v\u00f5rokiilse m\u00f5tsavelleluul\u00f5 luuja. Niisama om t\u00e4 t\u00e4hts\u00e4 kodoluu-alatside teosside toim\u00f5ndaja ni v\u00e4ll\u00e4andja. Enno Piir (1936. aastagani Edgar) s\u00fcnd\u00fc 15. jaanuaril 1910 (vana kalendri perr\u00e4 2. jaanuaril 1910. aastagal) V\u00f5romaal R\u00f5ug\u00f5 kihlkunna Haani valla Kok\u00f5m\u00e4e k\u00fcl\u00e4n Vihtla j\u00e4rve veeren Kusma talu suidsutar\u00f5n. Es\u00e4 ja im\u00e4 olli talupid\u00e4j\u00e4. 1918 alost Kok\u00f5 algkoolin, 1922 l\u00e4ts [&hellip;]<\/p>\n","protected":false},"author":1,"featured_media":0,"parent":9,"menu_order":29,"comment_status":"closed","ping_status":"closed","template":"","meta":{"footnotes":""},"class_list":["post-150","page","type-page","status-publish","hentry"],"yoast_head":"<!-- This site is optimized with the Yoast SEO plugin v27.4 - https:\/\/yoast.com\/product\/yoast-seo-wordpress\/ -->\n<title>Enno Piir - V\u00f5ro kir\u00e4nd\u00fcs<\/title>\n<meta name=\"robots\" content=\"index, follow, max-snippet:-1, max-image-preview:large, max-video-preview:-1\" \/>\n<link rel=\"canonical\" href=\"https:\/\/wi.ee\/voro\/kiranigu\/enno-piir\/\" \/>\n<meta property=\"og:locale\" content=\"et_EE\" \/>\n<meta property=\"og:type\" content=\"article\" \/>\n<meta property=\"og:title\" content=\"Enno Piir - V\u00f5ro kir\u00e4nd\u00fcs\" \/>\n<meta property=\"og:description\" content=\"Enno Piir om v\u00f5rokiilse m\u00f5tsavelleluul\u00f5 luuja. Niisama om t\u00e4 t\u00e4hts\u00e4 kodoluu-alatside teosside toim\u00f5ndaja ni v\u00e4ll\u00e4andja. Enno Piir (1936. aastagani Edgar) s\u00fcnd\u00fc 15. jaanuaril 1910 (vana kalendri perr\u00e4 2. jaanuaril 1910. aastagal) V\u00f5romaal R\u00f5ug\u00f5 kihlkunna Haani valla Kok\u00f5m\u00e4e k\u00fcl\u00e4n Vihtla j\u00e4rve veeren Kusma talu suidsutar\u00f5n. Es\u00e4 ja im\u00e4 olli talupid\u00e4j\u00e4. 1918 alost Kok\u00f5 algkoolin, 1922 l\u00e4ts [&hellip;]\" \/>\n<meta property=\"og:url\" content=\"https:\/\/wi.ee\/voro\/kiranigu\/enno-piir\/\" \/>\n<meta property=\"og:site_name\" content=\"V\u00f5ro kir\u00e4nd\u00fcs\" \/>\n<meta property=\"article:modified_time\" content=\"2023-01-15T12:50:54+00:00\" \/>\n<meta property=\"og:image\" content=\"http:\/\/wi.ee\/voro\/wp-content\/uploads\/2016\/02\/enno-piir.jpg\" \/>\n<meta name=\"twitter:card\" content=\"summary_large_image\" \/>\n<meta name=\"twitter:label1\" content=\"Est. reading time\" \/>\n\t<meta name=\"twitter:data1\" content=\"2 minutit\" \/>\n<script type=\"application\/ld+json\" class=\"yoast-schema-graph\">{\"@context\":\"https:\\\/\\\/schema.org\",\"@graph\":[{\"@type\":\"WebPage\",\"@id\":\"https:\\\/\\\/wi.ee\\\/voro\\\/kiranigu\\\/enno-piir\\\/\",\"url\":\"https:\\\/\\\/wi.ee\\\/voro\\\/kiranigu\\\/enno-piir\\\/\",\"name\":\"Enno Piir - V\u00f5ro kir\u00e4nd\u00fcs\",\"isPartOf\":{\"@id\":\"https:\\\/\\\/wi.ee\\\/voro\\\/#website\"},\"primaryImageOfPage\":{\"@id\":\"https:\\\/\\\/wi.ee\\\/voro\\\/kiranigu\\\/enno-piir\\\/#primaryimage\"},\"image\":{\"@id\":\"https:\\\/\\\/wi.ee\\\/voro\\\/kiranigu\\\/enno-piir\\\/#primaryimage\"},\"thumbnailUrl\":\"http:\\\/\\\/wi.ee\\\/voro\\\/wp-content\\\/uploads\\\/2016\\\/02\\\/enno-piir.jpg\",\"datePublished\":\"2016-02-02T09:29:09+00:00\",\"dateModified\":\"2023-01-15T12:50:54+00:00\",\"breadcrumb\":{\"@id\":\"https:\\\/\\\/wi.ee\\\/voro\\\/kiranigu\\\/enno-piir\\\/#breadcrumb\"},\"inLanguage\":\"et\",\"potentialAction\":[{\"@type\":\"ReadAction\",\"target\":[\"https:\\\/\\\/wi.ee\\\/voro\\\/kiranigu\\\/enno-piir\\\/\"]}]},{\"@type\":\"ImageObject\",\"inLanguage\":\"et\",\"@id\":\"https:\\\/\\\/wi.ee\\\/voro\\\/kiranigu\\\/enno-piir\\\/#primaryimage\",\"url\":\"http:\\\/\\\/wi.ee\\\/voro\\\/wp-content\\\/uploads\\\/2016\\\/02\\\/enno-piir.jpg\",\"contentUrl\":\"http:\\\/\\\/wi.ee\\\/voro\\\/wp-content\\\/uploads\\\/2016\\\/02\\\/enno-piir.jpg\"},{\"@type\":\"BreadcrumbList\",\"@id\":\"https:\\\/\\\/wi.ee\\\/voro\\\/kiranigu\\\/enno-piir\\\/#breadcrumb\",\"itemListElement\":[{\"@type\":\"ListItem\",\"position\":1,\"name\":\"Home\",\"item\":\"https:\\\/\\\/wi.ee\\\/voro\\\/\"},{\"@type\":\"ListItem\",\"position\":2,\"name\":\"KI\u00c4 OMMA V\u00d5RO KIR\u00c4NIGU\",\"item\":\"https:\\\/\\\/wi.ee\\\/voro\\\/kiranigu\\\/\"},{\"@type\":\"ListItem\",\"position\":3,\"name\":\"Enno Piir\"}]},{\"@type\":\"WebSite\",\"@id\":\"https:\\\/\\\/wi.ee\\\/voro\\\/#website\",\"url\":\"https:\\\/\\\/wi.ee\\\/voro\\\/\",\"name\":\"V\u00f5ro kir\u00e4nd\u00fcs\",\"description\":\"V\u00f5ro kir\u00e4nd\u00fcse kodoleht\",\"potentialAction\":[{\"@type\":\"SearchAction\",\"target\":{\"@type\":\"EntryPoint\",\"urlTemplate\":\"https:\\\/\\\/wi.ee\\\/voro\\\/?s={search_term_string}\"},\"query-input\":{\"@type\":\"PropertyValueSpecification\",\"valueRequired\":true,\"valueName\":\"search_term_string\"}}],\"inLanguage\":\"et\"}]}<\/script>\n<!-- \/ Yoast SEO plugin. -->","yoast_head_json":{"title":"Enno Piir - V\u00f5ro kir\u00e4nd\u00fcs","robots":{"index":"index","follow":"follow","max-snippet":"max-snippet:-1","max-image-preview":"max-image-preview:large","max-video-preview":"max-video-preview:-1"},"canonical":"https:\/\/wi.ee\/voro\/kiranigu\/enno-piir\/","og_locale":"et_EE","og_type":"article","og_title":"Enno Piir - V\u00f5ro kir\u00e4nd\u00fcs","og_description":"Enno Piir om v\u00f5rokiilse m\u00f5tsavelleluul\u00f5 luuja. Niisama om t\u00e4 t\u00e4hts\u00e4 kodoluu-alatside teosside toim\u00f5ndaja ni v\u00e4ll\u00e4andja. Enno Piir (1936. aastagani Edgar) s\u00fcnd\u00fc 15. jaanuaril 1910 (vana kalendri perr\u00e4 2. jaanuaril 1910. aastagal) V\u00f5romaal R\u00f5ug\u00f5 kihlkunna Haani valla Kok\u00f5m\u00e4e k\u00fcl\u00e4n Vihtla j\u00e4rve veeren Kusma talu suidsutar\u00f5n. Es\u00e4 ja im\u00e4 olli talupid\u00e4j\u00e4. 1918 alost Kok\u00f5 algkoolin, 1922 l\u00e4ts [&hellip;]","og_url":"https:\/\/wi.ee\/voro\/kiranigu\/enno-piir\/","og_site_name":"V\u00f5ro kir\u00e4nd\u00fcs","article_modified_time":"2023-01-15T12:50:54+00:00","og_image":[{"url":"http:\/\/wi.ee\/voro\/wp-content\/uploads\/2016\/02\/enno-piir.jpg","type":"","width":"","height":""}],"twitter_card":"summary_large_image","twitter_misc":{"Est. reading time":"2 minutit"},"schema":{"@context":"https:\/\/schema.org","@graph":[{"@type":"WebPage","@id":"https:\/\/wi.ee\/voro\/kiranigu\/enno-piir\/","url":"https:\/\/wi.ee\/voro\/kiranigu\/enno-piir\/","name":"Enno Piir - V\u00f5ro kir\u00e4nd\u00fcs","isPartOf":{"@id":"https:\/\/wi.ee\/voro\/#website"},"primaryImageOfPage":{"@id":"https:\/\/wi.ee\/voro\/kiranigu\/enno-piir\/#primaryimage"},"image":{"@id":"https:\/\/wi.ee\/voro\/kiranigu\/enno-piir\/#primaryimage"},"thumbnailUrl":"http:\/\/wi.ee\/voro\/wp-content\/uploads\/2016\/02\/enno-piir.jpg","datePublished":"2016-02-02T09:29:09+00:00","dateModified":"2023-01-15T12:50:54+00:00","breadcrumb":{"@id":"https:\/\/wi.ee\/voro\/kiranigu\/enno-piir\/#breadcrumb"},"inLanguage":"et","potentialAction":[{"@type":"ReadAction","target":["https:\/\/wi.ee\/voro\/kiranigu\/enno-piir\/"]}]},{"@type":"ImageObject","inLanguage":"et","@id":"https:\/\/wi.ee\/voro\/kiranigu\/enno-piir\/#primaryimage","url":"http:\/\/wi.ee\/voro\/wp-content\/uploads\/2016\/02\/enno-piir.jpg","contentUrl":"http:\/\/wi.ee\/voro\/wp-content\/uploads\/2016\/02\/enno-piir.jpg"},{"@type":"BreadcrumbList","@id":"https:\/\/wi.ee\/voro\/kiranigu\/enno-piir\/#breadcrumb","itemListElement":[{"@type":"ListItem","position":1,"name":"Home","item":"https:\/\/wi.ee\/voro\/"},{"@type":"ListItem","position":2,"name":"KI\u00c4 OMMA V\u00d5RO KIR\u00c4NIGU","item":"https:\/\/wi.ee\/voro\/kiranigu\/"},{"@type":"ListItem","position":3,"name":"Enno Piir"}]},{"@type":"WebSite","@id":"https:\/\/wi.ee\/voro\/#website","url":"https:\/\/wi.ee\/voro\/","name":"V\u00f5ro kir\u00e4nd\u00fcs","description":"V\u00f5ro kir\u00e4nd\u00fcse kodoleht","potentialAction":[{"@type":"SearchAction","target":{"@type":"EntryPoint","urlTemplate":"https:\/\/wi.ee\/voro\/?s={search_term_string}"},"query-input":{"@type":"PropertyValueSpecification","valueRequired":true,"valueName":"search_term_string"}}],"inLanguage":"et"}]}},"_links":{"self":[{"href":"https:\/\/wi.ee\/voro\/wp-json\/wp\/v2\/pages\/150","targetHints":{"allow":["GET"]}}],"collection":[{"href":"https:\/\/wi.ee\/voro\/wp-json\/wp\/v2\/pages"}],"about":[{"href":"https:\/\/wi.ee\/voro\/wp-json\/wp\/v2\/types\/page"}],"author":[{"embeddable":true,"href":"https:\/\/wi.ee\/voro\/wp-json\/wp\/v2\/users\/1"}],"replies":[{"embeddable":true,"href":"https:\/\/wi.ee\/voro\/wp-json\/wp\/v2\/comments?post=150"}],"version-history":[{"count":4,"href":"https:\/\/wi.ee\/voro\/wp-json\/wp\/v2\/pages\/150\/revisions"}],"predecessor-version":[{"id":968,"href":"https:\/\/wi.ee\/voro\/wp-json\/wp\/v2\/pages\/150\/revisions\/968"}],"up":[{"embeddable":true,"href":"https:\/\/wi.ee\/voro\/wp-json\/wp\/v2\/pages\/9"}],"wp:attachment":[{"href":"https:\/\/wi.ee\/voro\/wp-json\/wp\/v2\/media?parent=150"}],"curies":[{"name":"wp","href":"https:\/\/api.w.org\/{rel}","templated":true}]}}