{"id":138,"date":"2016-02-02T11:23:46","date_gmt":"2016-02-02T09:23:46","guid":{"rendered":"http:\/\/wi.ee\/voro\/?page_id=138"},"modified":"2016-02-02T11:23:46","modified_gmt":"2016-02-02T09:23:46","slug":"milvi-panga","status":"publish","type":"page","link":"https:\/\/wi.ee\/voro\/kiranigu\/milvi-panga\/","title":{"rendered":"Milvi Panga"},"content":{"rendered":"<p><strong><img loading=\"lazy\" decoding=\"async\" class=\"alignleft size-full wp-image-139\" src=\"http:\/\/wi.ee\/voro\/wp-content\/uploads\/2016\/02\/milvi-panga.jpg\" alt=\"milvi-panga\" width=\"132\" height=\"177\" \/>Milvi Panga<\/strong> s\u00fcnd\u00fc 22. aprillil 1945 Antsla valla Oe k\u00fcl\u00e4n.L\u00f5p\u00f5t\u00b4 Kaika 7-klassilidse kooli 1959. a-l ja Antsla keskkooli 1963. a-l. 1965. a-l l\u00f5p\u00f5t\u00b4 t\u00e4 ETKVLi kooperatiivkooli ja tuust aost p\u00e4\u00e4le el\u00e4s ja t\u00fc\u00fct\u00e4s Rapla maakunnan. Om t\u00fc\u00fct\u00e4n\u00fcq kokana ja tul\u00f5t\u00f5rj\u00f5n dispet\u0161erin\u00e4, 1998. a-st p\u00e4\u00e4le om Rapla haiglan sanitar.<\/p>\n<p>Abielun 1966. a-st. Om kat\u00f5 t\u00fctre ja poja im\u00e4 ni 6-a Kaarli vanaim\u00e4.<\/p>\n<p>Luul\u00f5tama nakas\u00b4 uma t\u00fctre soovitus\u00f5l, ku oll\u00b4 40. aastin. Luul\u00f5tuisi om t\u00e4\u00e4mb\u00e4dses avald\u00f5t 350 \u00fcmbre. Noid om avald\u00f5t<\/p>\n<p>Rapla, V\u00f5ru ja Vill\u00e4ndi maakunna lehin 1984. a-st p\u00e4\u00e4le ni T\u00e4hekesen 1988. aastagast p\u00e4\u00e4le. 1991. a-l sai M. Panga K-E. S\u00f6\u00f6di latsiluul\u00f5 preemia, 1992. a-l sai III kotuss\u00f5 \u201cLaulur\u00e4st\u00e4\u201d luul\u00f5konkursil. H. Adamsoni nimelidsel murd\u00f5luul\u00f5v\u00f5istlus\u00f5l joud\u00b4 1996. a-l edim\u00e4dse nell\u00e4 sekk\u00e4, 1998. a-l edim\u00e4dse kolm\u00f5 sekk\u00e4. M. Panga \u00fctles, et kuigina t\u00e4 ei ol\u00f5q V\u00f5rumaal 1965. a-st p\u00e4\u00e4le el\u00e4n\u00fc, om t\u00e4 hind\u00e4n p\u00fc\u00fcdn\u00fc v\u00f5rumaalast yks alal\u00f5 hoita ja tim\u00e4 salmiqki ommaq peri umast kodupaigast<\/p>\n<h3>Avald\u00f5t raamaduq:<\/h3>\n<p>\u201cPesamunale\u201d (Varrak 1995)<br \/>\n\u201cJ\u00f5ulust Jaani\u201d (Varrak 1998)<\/p>\n<p>&#8220;See, kes lustib&#8221; (Tiritamm 2004)<\/p>\n<p>&#8220;L\u00e4\u00e4mi kaemi&#8221; (V\u00f5ro Selts VKKF 2005)<\/p>\n<p>&#8220;L\u00e4ki \u00f5ue l\u00e4kil\u00e4ki!&#8221; (TEA 2007)<\/p>\n<h3>Milvi Panga luul\u00f5tuisi<\/h3>\n<p>TUL\u00d5 MAN<\/p>\n<p>K\u00fc\u00fcndletull\u00f5 kaet ja<br \/>\npelg\u00e4t hing\u00e4te. \u00c4r kistus.<\/p>\n<p>Ol\u00f5tuli nii suur\u00f5lin\u00f5<br \/>\ns\u00e4\u00e4lsaman esihindest h\u00e4\u00f6ss.<\/p>\n<p>Jaanituli. P\u00fch\u00e4 tuli.<br \/>\nIllus \u00f5dak hummukuni<br \/>\n\u00fc\u00fc puhtas, valg\u00f5s palut\u00f5s.<\/p>\n<p>Oll\u00b4 meil ka ig\u00e4vene tuli.<br \/>\nOll\u00b4 veid\u00fckene aigu.<br \/>\nOi, vill\u00e4nd sai<br \/>\ntuud ig\u00e4vedse haisu!<br \/>\nVanaes\u00e4le<\/p>\n<p>K\u00fcl\u00e4 ilusambaq<br \/>\nolliva Haavistu<br \/>\nr\u00fc\u00e4hakiq.<br \/>\nKyigist sillembes<br \/>\nriibutu niid\u00fcq.<br \/>\nUmas arvati<br \/>\ntuu talu<br \/>\nperemiist.<br \/>\nJa umm\u00f5t\u00f5gi om<br \/>\nt\u00f5t\u00f5, et nii<br \/>\nm\u00f5n\u00f5stki arvajast<br \/>\nkavv\u00f5mbal\u00f5<br \/>\nk\u00fc\u00fcn\u00fcs<br \/>\nHaavistu Jaani<br \/>\nandjak\u00e4si.<\/p>\n<p>PUUL\u00b4P\u00c4IV<\/p>\n<p>Sannaahu palas,<br \/>\nsaiatainas n\u00f5s\u00f5s.<br \/>\nK\u00fcrvitsepuul\u00b4<br \/>\nku s\u00e4ll\u00fcle kuu,<br \/>\nt\u00f5ist puult sysarag\u00f5<br \/>\nkatski l\u00f5ikami.<br \/>\nPed\u00e4jide puult puhk<br \/>\npehmekene tuul\u00b4<br \/>\nkimalas\u00f5 kardina k\u00fclge<br \/>\nsynna tuuma.<br \/>\nMeil kummalgi ei ol\u00f5q<br \/>\nviil puultki ellu elet\u00fc.<br \/>\nMi kumbki ei kull\u00f5<br \/>\npuultki t\u00e4 juttu.<\/p>\n<p>LUUVALUP\u00c4IV<\/p>\n<p>Nii v\u00e4s\u00fcn\u00fc,<br \/>\nviil v\u00e4s\u00fcn\u00fc<br \/>\npaistus p\u00e4iv.<br \/>\nOmgi jo viil<br \/>\nluuvalup\u00e4iv.<br \/>\nVaivalt uibu latva<br \/>\nj\u00f5ud n\u00f5sta<br \/>\nku taaruspidi<br \/>\nm\u00f5tsa h\u00e4ll\u00fc vaoss.<br \/>\nSa usut et tim\u00e4gi<br \/>\nv\u00f5tt huugu<br \/>\nuvv\u00f5 kev\u00e4je jaoss.<\/p>\n<p>P\u00c4\u00c4LIINANK\u00c4\u00dcK\u00b4<\/p>\n<p>L\u00e4tsi liina, tahts\u00f5 kaupa<br \/>\ntet\u00e4q pool\u00f5 nagla kaupa.<br \/>\n(Taskup\u00f5hjan ruhmikut\u00e4\u00fcs<br \/>\nter\u00e4keisi lauluvakka).<br \/>\nJuhat\u00f5di nuka takka<br \/>\nkirjastuist\u00f5 &#8220;K\u00e4sikivi&#8221;.<br \/>\nL\u00e4tsigi. Ja oll\u00b4gi t\u00f5t\u00f5.<br \/>\nL\u00e4mmi kivi. T\u00fc\u00fc ei l\u00f5p\u00f5q.<br \/>\nPernaist\u00f5l peo seen m\u00f5hnaq,<br \/>\nagaq \u00f5hun leev\u00e4l\u00f5hnaq.<\/p>\n<p>1993. a<\/p>\n<p>LUGU JUURILD\u00d5 PUUST<\/p>\n<p>Tuu oll\u00b4 \u00fcteld\u00fc<br \/>\nheldest suust:<br \/>\ntahat, peremiis\u00b4,<br \/>\njuurild\u00f5 puud!<br \/>\nAnna t\u00e4 muiduq,<br \/>\np\u00e4\u00e4le kauba.<br \/>\nYnnis olguq<br \/>\nt\u00e4\u00e4mb\u00e4 su laub\u00e4.<br \/>\nSai mulda<br \/>\npuuk\u00f5n\u00f5 juurild\u00f5.<br \/>\nTuu kevv\u00e4i tull\u00b4<br \/>\ntasads\u00f5 tuurig\u00f5.<br \/>\nJa terveq pere<br \/>\nsis silm\u00e4ge silits\u00b4<br \/>\nja mustr\u00e4st\u00e4ski<br \/>\nuuts\u00f5 ja vilist\u00b4.<br \/>\nNakas\u00b4 mi uibu<br \/>\ns\u00fc\u00e4 l\u00fc\u00fcm\u00e4.<br \/>\n\u00dcts\u00b4 imeq ei k\u00e4\u00fcq<br \/>\njo uskjast m\u00fc\u00fcd\u00e4.<\/p>\n<p>PIKN\u00d5Q<\/p>\n<p>Pikn\u00f5q ei ol\u00f5q p\u00f5hjus,<br \/>\npikn\u00f5q om tagaj\u00e4rg.<br \/>\nT\u00e4 om k\u00fctses saanuq<br \/>\nillus armun\u00e4lg\u00b4.<\/p>\n<p>Per\u00e4st piks\u00f5t teg\u00fcnes<br \/>\nhulga siini, latsi.<br \/>\n\u00d5hk om makus hing\u00e4te<br \/>\npraavus, mis kats\u00b4ki.<\/p>\n","protected":false},"excerpt":{"rendered":"<p>Milvi Panga s\u00fcnd\u00fc 22. aprillil 1945 Antsla valla Oe k\u00fcl\u00e4n.L\u00f5p\u00f5t\u00b4 Kaika 7-klassilidse kooli 1959. a-l ja Antsla keskkooli 1963. a-l. 1965. a-l l\u00f5p\u00f5t\u00b4 t\u00e4 ETKVLi kooperatiivkooli ja tuust aost p\u00e4\u00e4le el\u00e4s ja t\u00fc\u00fct\u00e4s Rapla maakunnan. Om t\u00fc\u00fct\u00e4n\u00fcq kokana ja tul\u00f5t\u00f5rj\u00f5n dispet\u0161erin\u00e4, 1998. a-st p\u00e4\u00e4le om Rapla haiglan sanitar. Abielun 1966. a-st. Om kat\u00f5 t\u00fctre ja [&hellip;]<\/p>\n","protected":false},"author":1,"featured_media":0,"parent":9,"menu_order":27,"comment_status":"closed","ping_status":"closed","template":"","meta":{"footnotes":""},"class_list":["post-138","page","type-page","status-publish","hentry"],"yoast_head":"<!-- This site is optimized with the Yoast SEO plugin v27.4 - https:\/\/yoast.com\/product\/yoast-seo-wordpress\/ -->\n<title>Milvi Panga - V\u00f5ro kir\u00e4nd\u00fcs<\/title>\n<meta name=\"robots\" content=\"index, follow, max-snippet:-1, max-image-preview:large, max-video-preview:-1\" \/>\n<link rel=\"canonical\" href=\"https:\/\/wi.ee\/voro\/kiranigu\/milvi-panga\/\" \/>\n<meta property=\"og:locale\" content=\"et_EE\" \/>\n<meta property=\"og:type\" content=\"article\" \/>\n<meta property=\"og:title\" content=\"Milvi Panga - V\u00f5ro kir\u00e4nd\u00fcs\" \/>\n<meta property=\"og:description\" content=\"Milvi Panga s\u00fcnd\u00fc 22. aprillil 1945 Antsla valla Oe k\u00fcl\u00e4n.L\u00f5p\u00f5t\u00b4 Kaika 7-klassilidse kooli 1959. a-l ja Antsla keskkooli 1963. a-l. 1965. a-l l\u00f5p\u00f5t\u00b4 t\u00e4 ETKVLi kooperatiivkooli ja tuust aost p\u00e4\u00e4le el\u00e4s ja t\u00fc\u00fct\u00e4s Rapla maakunnan. Om t\u00fc\u00fct\u00e4n\u00fcq kokana ja tul\u00f5t\u00f5rj\u00f5n dispet\u0161erin\u00e4, 1998. a-st p\u00e4\u00e4le om Rapla haiglan sanitar. Abielun 1966. a-st. Om kat\u00f5 t\u00fctre ja [&hellip;]\" \/>\n<meta property=\"og:url\" content=\"https:\/\/wi.ee\/voro\/kiranigu\/milvi-panga\/\" \/>\n<meta property=\"og:site_name\" content=\"V\u00f5ro kir\u00e4nd\u00fcs\" \/>\n<meta property=\"og:image\" content=\"http:\/\/wi.ee\/voro\/wp-content\/uploads\/2016\/02\/milvi-panga.jpg\" \/>\n<meta name=\"twitter:card\" content=\"summary_large_image\" \/>\n<meta name=\"twitter:label1\" content=\"Est. reading time\" \/>\n\t<meta name=\"twitter:data1\" content=\"3 minutit\" \/>\n<script type=\"application\/ld+json\" class=\"yoast-schema-graph\">{\"@context\":\"https:\\\/\\\/schema.org\",\"@graph\":[{\"@type\":\"WebPage\",\"@id\":\"https:\\\/\\\/wi.ee\\\/voro\\\/kiranigu\\\/milvi-panga\\\/\",\"url\":\"https:\\\/\\\/wi.ee\\\/voro\\\/kiranigu\\\/milvi-panga\\\/\",\"name\":\"Milvi Panga - V\u00f5ro kir\u00e4nd\u00fcs\",\"isPartOf\":{\"@id\":\"https:\\\/\\\/wi.ee\\\/voro\\\/#website\"},\"primaryImageOfPage\":{\"@id\":\"https:\\\/\\\/wi.ee\\\/voro\\\/kiranigu\\\/milvi-panga\\\/#primaryimage\"},\"image\":{\"@id\":\"https:\\\/\\\/wi.ee\\\/voro\\\/kiranigu\\\/milvi-panga\\\/#primaryimage\"},\"thumbnailUrl\":\"http:\\\/\\\/wi.ee\\\/voro\\\/wp-content\\\/uploads\\\/2016\\\/02\\\/milvi-panga.jpg\",\"datePublished\":\"2016-02-02T09:23:46+00:00\",\"breadcrumb\":{\"@id\":\"https:\\\/\\\/wi.ee\\\/voro\\\/kiranigu\\\/milvi-panga\\\/#breadcrumb\"},\"inLanguage\":\"et\",\"potentialAction\":[{\"@type\":\"ReadAction\",\"target\":[\"https:\\\/\\\/wi.ee\\\/voro\\\/kiranigu\\\/milvi-panga\\\/\"]}]},{\"@type\":\"ImageObject\",\"inLanguage\":\"et\",\"@id\":\"https:\\\/\\\/wi.ee\\\/voro\\\/kiranigu\\\/milvi-panga\\\/#primaryimage\",\"url\":\"http:\\\/\\\/wi.ee\\\/voro\\\/wp-content\\\/uploads\\\/2016\\\/02\\\/milvi-panga.jpg\",\"contentUrl\":\"http:\\\/\\\/wi.ee\\\/voro\\\/wp-content\\\/uploads\\\/2016\\\/02\\\/milvi-panga.jpg\"},{\"@type\":\"BreadcrumbList\",\"@id\":\"https:\\\/\\\/wi.ee\\\/voro\\\/kiranigu\\\/milvi-panga\\\/#breadcrumb\",\"itemListElement\":[{\"@type\":\"ListItem\",\"position\":1,\"name\":\"Home\",\"item\":\"https:\\\/\\\/wi.ee\\\/voro\\\/\"},{\"@type\":\"ListItem\",\"position\":2,\"name\":\"KI\u00c4 OMMA V\u00d5RO KIR\u00c4NIGU\",\"item\":\"https:\\\/\\\/wi.ee\\\/voro\\\/kiranigu\\\/\"},{\"@type\":\"ListItem\",\"position\":3,\"name\":\"Milvi Panga\"}]},{\"@type\":\"WebSite\",\"@id\":\"https:\\\/\\\/wi.ee\\\/voro\\\/#website\",\"url\":\"https:\\\/\\\/wi.ee\\\/voro\\\/\",\"name\":\"V\u00f5ro kir\u00e4nd\u00fcs\",\"description\":\"V\u00f5ro kir\u00e4nd\u00fcse kodoleht\",\"potentialAction\":[{\"@type\":\"SearchAction\",\"target\":{\"@type\":\"EntryPoint\",\"urlTemplate\":\"https:\\\/\\\/wi.ee\\\/voro\\\/?s={search_term_string}\"},\"query-input\":{\"@type\":\"PropertyValueSpecification\",\"valueRequired\":true,\"valueName\":\"search_term_string\"}}],\"inLanguage\":\"et\"}]}<\/script>\n<!-- \/ Yoast SEO plugin. -->","yoast_head_json":{"title":"Milvi Panga - V\u00f5ro kir\u00e4nd\u00fcs","robots":{"index":"index","follow":"follow","max-snippet":"max-snippet:-1","max-image-preview":"max-image-preview:large","max-video-preview":"max-video-preview:-1"},"canonical":"https:\/\/wi.ee\/voro\/kiranigu\/milvi-panga\/","og_locale":"et_EE","og_type":"article","og_title":"Milvi Panga - V\u00f5ro kir\u00e4nd\u00fcs","og_description":"Milvi Panga s\u00fcnd\u00fc 22. aprillil 1945 Antsla valla Oe k\u00fcl\u00e4n.L\u00f5p\u00f5t\u00b4 Kaika 7-klassilidse kooli 1959. a-l ja Antsla keskkooli 1963. a-l. 1965. a-l l\u00f5p\u00f5t\u00b4 t\u00e4 ETKVLi kooperatiivkooli ja tuust aost p\u00e4\u00e4le el\u00e4s ja t\u00fc\u00fct\u00e4s Rapla maakunnan. Om t\u00fc\u00fct\u00e4n\u00fcq kokana ja tul\u00f5t\u00f5rj\u00f5n dispet\u0161erin\u00e4, 1998. a-st p\u00e4\u00e4le om Rapla haiglan sanitar. Abielun 1966. a-st. Om kat\u00f5 t\u00fctre ja [&hellip;]","og_url":"https:\/\/wi.ee\/voro\/kiranigu\/milvi-panga\/","og_site_name":"V\u00f5ro kir\u00e4nd\u00fcs","og_image":[{"url":"http:\/\/wi.ee\/voro\/wp-content\/uploads\/2016\/02\/milvi-panga.jpg","type":"","width":"","height":""}],"twitter_card":"summary_large_image","twitter_misc":{"Est. reading time":"3 minutit"},"schema":{"@context":"https:\/\/schema.org","@graph":[{"@type":"WebPage","@id":"https:\/\/wi.ee\/voro\/kiranigu\/milvi-panga\/","url":"https:\/\/wi.ee\/voro\/kiranigu\/milvi-panga\/","name":"Milvi Panga - V\u00f5ro kir\u00e4nd\u00fcs","isPartOf":{"@id":"https:\/\/wi.ee\/voro\/#website"},"primaryImageOfPage":{"@id":"https:\/\/wi.ee\/voro\/kiranigu\/milvi-panga\/#primaryimage"},"image":{"@id":"https:\/\/wi.ee\/voro\/kiranigu\/milvi-panga\/#primaryimage"},"thumbnailUrl":"http:\/\/wi.ee\/voro\/wp-content\/uploads\/2016\/02\/milvi-panga.jpg","datePublished":"2016-02-02T09:23:46+00:00","breadcrumb":{"@id":"https:\/\/wi.ee\/voro\/kiranigu\/milvi-panga\/#breadcrumb"},"inLanguage":"et","potentialAction":[{"@type":"ReadAction","target":["https:\/\/wi.ee\/voro\/kiranigu\/milvi-panga\/"]}]},{"@type":"ImageObject","inLanguage":"et","@id":"https:\/\/wi.ee\/voro\/kiranigu\/milvi-panga\/#primaryimage","url":"http:\/\/wi.ee\/voro\/wp-content\/uploads\/2016\/02\/milvi-panga.jpg","contentUrl":"http:\/\/wi.ee\/voro\/wp-content\/uploads\/2016\/02\/milvi-panga.jpg"},{"@type":"BreadcrumbList","@id":"https:\/\/wi.ee\/voro\/kiranigu\/milvi-panga\/#breadcrumb","itemListElement":[{"@type":"ListItem","position":1,"name":"Home","item":"https:\/\/wi.ee\/voro\/"},{"@type":"ListItem","position":2,"name":"KI\u00c4 OMMA V\u00d5RO KIR\u00c4NIGU","item":"https:\/\/wi.ee\/voro\/kiranigu\/"},{"@type":"ListItem","position":3,"name":"Milvi Panga"}]},{"@type":"WebSite","@id":"https:\/\/wi.ee\/voro\/#website","url":"https:\/\/wi.ee\/voro\/","name":"V\u00f5ro kir\u00e4nd\u00fcs","description":"V\u00f5ro kir\u00e4nd\u00fcse kodoleht","potentialAction":[{"@type":"SearchAction","target":{"@type":"EntryPoint","urlTemplate":"https:\/\/wi.ee\/voro\/?s={search_term_string}"},"query-input":{"@type":"PropertyValueSpecification","valueRequired":true,"valueName":"search_term_string"}}],"inLanguage":"et"}]}},"_links":{"self":[{"href":"https:\/\/wi.ee\/voro\/wp-json\/wp\/v2\/pages\/138","targetHints":{"allow":["GET"]}}],"collection":[{"href":"https:\/\/wi.ee\/voro\/wp-json\/wp\/v2\/pages"}],"about":[{"href":"https:\/\/wi.ee\/voro\/wp-json\/wp\/v2\/types\/page"}],"author":[{"embeddable":true,"href":"https:\/\/wi.ee\/voro\/wp-json\/wp\/v2\/users\/1"}],"replies":[{"embeddable":true,"href":"https:\/\/wi.ee\/voro\/wp-json\/wp\/v2\/comments?post=138"}],"version-history":[{"count":1,"href":"https:\/\/wi.ee\/voro\/wp-json\/wp\/v2\/pages\/138\/revisions"}],"predecessor-version":[{"id":140,"href":"https:\/\/wi.ee\/voro\/wp-json\/wp\/v2\/pages\/138\/revisions\/140"}],"up":[{"embeddable":true,"href":"https:\/\/wi.ee\/voro\/wp-json\/wp\/v2\/pages\/9"}],"wp:attachment":[{"href":"https:\/\/wi.ee\/voro\/wp-json\/wp\/v2\/media?parent=138"}],"curies":[{"name":"wp","href":"https:\/\/api.w.org\/{rel}","templated":true}]}}