{"id":136,"date":"2016-02-02T11:21:36","date_gmt":"2016-02-02T09:21:36","guid":{"rendered":"http:\/\/wi.ee\/voro\/?page_id=136"},"modified":"2016-02-02T11:21:36","modified_gmt":"2016-02-02T09:21:36","slug":"gustav-adolph-oldekop","status":"publish","type":"page","link":"https:\/\/wi.ee\/voro\/kiranigu\/gustav-adolph-oldekop\/","title":{"rendered":"Gustav Adolph Oldekop"},"content":{"rendered":"<p>V\u00f5rokiilne luul\u00f5taja ja aolehetoim\u00f5taja Gustav Adolph Oldekop t\u00fc\u00fct\u00b4 suur\u00f5mba osa uma elost P\u00f5lvan pastorina, a tim\u00e4 luul\u00f5looming s\u00fcnd\u00fc ilmalik\u00f5 koorilaul\u00f5 synnu vajadus\u00f5st sysaramehe J. Ph. Rothi p\u00e4\u00e4lek\u00e4\u00fcmisel.<\/p>\n<p>Gustav Adolph Oldekop s\u00fcnd\u00fc 2. joulukuu p\u00e4\u00e4v\u00e4l (vana kallendri perr\u00e4 21. XI) 1755 Haapsalun. Oldekopp\u00f5 suguv\u00f5sa om peri Hildensheimist (Alam-Saksist). Oldekopi es\u00e4 Hans Heinrich t\u00fc\u00fct\u00b4 Haapsalun rektori ja sekret\u00e4rin\u00e4. G. A. Oldekop opp\u00f5 Talina toomkoolin, 1774-1780 Halle \u00fclikoolin ja sai teoloogiakandidaadi kraadi. 1781-1820 oll\u00b4 P\u00f5lva pastor. 1782 abiellu Oldekop uma s\u00f5bra J. Ph. Rothi sysara Dorothea Elisabeth Mariaga. 1804 naan\u00f5 kuuli. 1820 pidi Oldekop P\u00f5lvast \u00e4rq minem\u00e4, selle et per\u00e4st naas\u00f5 kuulmist elli t\u00e4 kokko kerigum\u00f5isa majapid\u00e4j\u00e4, uma latsi hooldaja Dorothea J\u00fcrgensigaq. 1809-1919 s\u00fcnd\u00fc Dorothea J\u00fcrgensile s\u00e4idse vallaslast. Abiellu saij\u00f5 n\u00e4\u00e4q tuuaigs\u00f5 k\u00f5rra perr\u00e4 per\u00e4st pastori kotus\u00f5 p\u00e4\u00e4lt \u00e4rq minekit ja Tartohe kolimist. Oldekopi elu l\u00f5ppi 8.V (vk 26. IV) 1838. Kolm n\u00e4d\u00e4lit ildampa mat\u00f5ti t\u00e4 P\u00f5lva surnuaida.<\/p>\n<h3>Looming:<\/h3>\n<p>M.G. Grenzius\u00f5 \u201cEesti-Ma Rahwa Kalendri\u201d kat\u00f5 edim\u00e4dse aastak\u00e4\u00fcgi (1796, 1797) kokkos\u00e4\u00e4dj\u00e4.<\/p>\n<p>1806 and\u00b4 Oldekop \u00fcten J. Ph. von Rothi ja V\u00f5ru kuul\u00f5 inspektori G. Ph. A.von Rothi abiga v\u00e4ll\u00e4 edim\u00e4st Eeesti aolehte \u201cTarto maa rahwa N\u00e4dali-Leht\u201d.<\/p>\n<p>1820 ja 1821 ilmu Oldekopi t\u00f5lgit\u00b4 \u201cLiiwlandi marahwa se\u00e4dus\u201d.<\/p>\n<p>1824 and\u00b4 Oldekop v\u00e4ll\u00e4 viis\u00b4 numm\u00f5rd tartukiilset ametlikku \u201cKulutamisse Lehte\u201d.<\/p>\n<p>Luul\u00f5tama nakas\u00b4 Oldekop vast sysaramehe J. Ph. von Rothi palv\u00f5l, oll\u00b4 jo Roth asutanuq Kan\u00b4epihe poiss\u00f5kooli ja t\u00e4l oll\u00b4 vaija ilmaliku koorilaulu jaoss synnu.<\/p>\n<p>Lauluq miild\u00fcq rahval\u00f5 ja noid opiti ja kirot\u00f5diq hulga \u00fcmbre. Pall\u00b4oq j\u00f5vviq laulikiden Kir\u00e4nd\u00fcsmuuseumi ilma autori nimeld\u00e4.<\/p>\n<p>Oldekopi laul\u00f5 kyg\u00f5 t\u00e4vvelikumb \u00fcmbrekirotus om peri J. H. Rosenpl\u00e4nteri k\u00e4est, ki\u00e4 tegi Oldekopi k\u00e4sikir\u00e4st \u00fcmbrekirotus\u00f5.<\/p>\n<p>1823. aastal Beitr\u00e4ge XVI vihtun om neli Old\u00f5kopi luul\u00f5tust tr\u00fckit.<\/p>\n<p>1985.aastal ilmu Aarne Vinkeli koost\u00f5t Oldekopi luul\u00f5tuisi kogo \u201cSuve \u00f5dang\u201d. Aarne Vinkeli \u00fclevaat\u00f5n om kir\u00e4n nii eluloo ku loomingu kotsil\u00f5 tiid\u00e4qoll\u00f5v.<\/p>\n<h3>Tim\u00e4 kotsil\u00f5 v\u00f5it viil luk\u00f5q:<\/h3>\n<p>Keel ja Kirjandus 1967-6 (S. Issakov, J. Peegel)<\/p>\n<p>Keel ja Kirjandus 1968-5 (L. Anvelt)<\/p>\n<p>L. Anvelt \u201cO. W. Masing ja kaasaegsed\u201d 1979<\/p>\n<p>Looming 1969-11 (A. Vinkel)<\/p>\n<p>A. Vinkel \u201cKirjandus, aeg, inimene\u201d (1970)<\/p>\n<h3>WARBLANNE<\/h3>\n<p>1.<\/p>\n<p>Sa ollet, ausa warblanne,<br \/>\n\u00fcts h\u00e4bbematta zirgoke(,)<br \/>\nKe minno wisna marju s\u00f6\u00f6p<br \/>\nNink hernil&#8217; kurja teep.<\/p>\n<p>2.<\/p>\n<p>Kui tulles sinna \u00fctsinda,<br \/>\nSis lasses minna s\u00fcndida;<br \/>\nEnt sa toot \u00fctten welliksid<br \/>\nNink s\u00f6ssarid ja k\u00e4ll\u00fcksid.<\/p>\n<p>3.<\/p>\n<p>Sa korjat sis neid parrembid<br \/>\nNink j\u00e4ttat mul neid halwembid.<br \/>\nSa zaunat siin nink zaunat s\u00e4\u00e4l,<br \/>\nL\u00e4\u00e4t \u00fcttest \u00e4rra t\u00e4ise p\u00e4\u00e4l&#8217;.<\/p>\n<p>4.<\/p>\n<p>Mo hirmotajid teotat<br \/>\nSa kurjaste nink irwitat(,)<br \/>\nKui minna henda pahhanda<br \/>\nNink mant so tahha ajada.<\/p>\n<p>5.<\/p>\n<p>Kui kawwa minna kannata<br \/>\nSo omme kurja kombega?<br \/>\nJa et saq essi narat weel,<br \/>\nKui ollet herne warre p\u00e4\u00e4l.<\/p>\n<p>6.<\/p>\n<p>Kas om sis sul kik \u00e4igus k\u00e4en?<br \/>\nKui ma (und) n\u00e4 walge een(,)<br \/>\nSis tullet sinna ruttoga<br \/>\nHend t\u00e4\u00fctma minno warraga.<\/p>\n<p>7.<\/p>\n<p>Siski &#8211; oot &#8211; minna m\u00e4tle n\u00fc\u00fcd &#8211;<br \/>\nEt anna andis &#8211; mul om s\u00fc\u00fcd &#8211;<br \/>\nSe, kel meist m\u00f5llembist om hool(,)<br \/>\nSe juhhatap so minno pool&#8217;.<\/p>\n<p>8.<\/p>\n<p>Mo aid om ka so p\u00f5llo maa<br \/>\nNink sinno teolinne ma,<br \/>\nMe peame sis m\u00f5llemba<br \/>\nSiin \u00fctten koon ellama.<\/p>\n<p>9.<\/p>\n<p>Sis w\u00f6tta, welli warblane,<br \/>\nNink t\u00e4\u00fcd\u00e4 k\u00f5tto r\u00f5\u00f5msaste;<br \/>\nEnt sedda enne palle ma,<br \/>\nEt j\u00e4tta ossast mulle ka.<\/p>\n<p>10.<\/p>\n<p>Ma anna sulle ennembe<br \/>\nKui kurja innimissille,<br \/>\nKel moistust om nink joudo ka(,)<br \/>\nEnt siski w\u00f5twa laiselda.<\/p>\n","protected":false},"excerpt":{"rendered":"<p>V\u00f5rokiilne luul\u00f5taja ja aolehetoim\u00f5taja Gustav Adolph Oldekop t\u00fc\u00fct\u00b4 suur\u00f5mba osa uma elost P\u00f5lvan pastorina, a tim\u00e4 luul\u00f5looming s\u00fcnd\u00fc ilmalik\u00f5 koorilaul\u00f5 synnu vajadus\u00f5st sysaramehe J. Ph. Rothi p\u00e4\u00e4lek\u00e4\u00fcmisel. Gustav Adolph Oldekop s\u00fcnd\u00fc 2. joulukuu p\u00e4\u00e4v\u00e4l (vana kallendri perr\u00e4 21. XI) 1755 Haapsalun. Oldekopp\u00f5 suguv\u00f5sa om peri Hildensheimist (Alam-Saksist). Oldekopi es\u00e4 Hans Heinrich t\u00fc\u00fct\u00b4 Haapsalun rektori ja [&hellip;]<\/p>\n","protected":false},"author":1,"featured_media":0,"parent":9,"menu_order":26,"comment_status":"closed","ping_status":"closed","template":"","meta":{"footnotes":""},"class_list":["post-136","page","type-page","status-publish","hentry"],"yoast_head":"<!-- This site is optimized with the Yoast SEO plugin v27.4 - https:\/\/yoast.com\/product\/yoast-seo-wordpress\/ -->\n<title>Gustav Adolph Oldekop - V\u00f5ro kir\u00e4nd\u00fcs<\/title>\n<meta name=\"robots\" content=\"index, follow, max-snippet:-1, max-image-preview:large, max-video-preview:-1\" \/>\n<link rel=\"canonical\" href=\"https:\/\/wi.ee\/voro\/kiranigu\/gustav-adolph-oldekop\/\" \/>\n<meta property=\"og:locale\" content=\"et_EE\" \/>\n<meta property=\"og:type\" content=\"article\" \/>\n<meta property=\"og:title\" content=\"Gustav Adolph Oldekop - V\u00f5ro kir\u00e4nd\u00fcs\" \/>\n<meta property=\"og:description\" content=\"V\u00f5rokiilne luul\u00f5taja ja aolehetoim\u00f5taja Gustav Adolph Oldekop t\u00fc\u00fct\u00b4 suur\u00f5mba osa uma elost P\u00f5lvan pastorina, a tim\u00e4 luul\u00f5looming s\u00fcnd\u00fc ilmalik\u00f5 koorilaul\u00f5 synnu vajadus\u00f5st sysaramehe J. Ph. Rothi p\u00e4\u00e4lek\u00e4\u00fcmisel. Gustav Adolph Oldekop s\u00fcnd\u00fc 2. joulukuu p\u00e4\u00e4v\u00e4l (vana kallendri perr\u00e4 21. XI) 1755 Haapsalun. Oldekopp\u00f5 suguv\u00f5sa om peri Hildensheimist (Alam-Saksist). Oldekopi es\u00e4 Hans Heinrich t\u00fc\u00fct\u00b4 Haapsalun rektori ja [&hellip;]\" \/>\n<meta property=\"og:url\" content=\"https:\/\/wi.ee\/voro\/kiranigu\/gustav-adolph-oldekop\/\" \/>\n<meta property=\"og:site_name\" content=\"V\u00f5ro kir\u00e4nd\u00fcs\" \/>\n<meta name=\"twitter:card\" content=\"summary_large_image\" \/>\n<meta name=\"twitter:label1\" content=\"Est. reading time\" \/>\n\t<meta name=\"twitter:data1\" content=\"3 minutit\" \/>\n<script type=\"application\/ld+json\" class=\"yoast-schema-graph\">{\"@context\":\"https:\\\/\\\/schema.org\",\"@graph\":[{\"@type\":\"WebPage\",\"@id\":\"https:\\\/\\\/wi.ee\\\/voro\\\/kiranigu\\\/gustav-adolph-oldekop\\\/\",\"url\":\"https:\\\/\\\/wi.ee\\\/voro\\\/kiranigu\\\/gustav-adolph-oldekop\\\/\",\"name\":\"Gustav Adolph Oldekop - V\u00f5ro kir\u00e4nd\u00fcs\",\"isPartOf\":{\"@id\":\"https:\\\/\\\/wi.ee\\\/voro\\\/#website\"},\"datePublished\":\"2016-02-02T09:21:36+00:00\",\"breadcrumb\":{\"@id\":\"https:\\\/\\\/wi.ee\\\/voro\\\/kiranigu\\\/gustav-adolph-oldekop\\\/#breadcrumb\"},\"inLanguage\":\"et\",\"potentialAction\":[{\"@type\":\"ReadAction\",\"target\":[\"https:\\\/\\\/wi.ee\\\/voro\\\/kiranigu\\\/gustav-adolph-oldekop\\\/\"]}]},{\"@type\":\"BreadcrumbList\",\"@id\":\"https:\\\/\\\/wi.ee\\\/voro\\\/kiranigu\\\/gustav-adolph-oldekop\\\/#breadcrumb\",\"itemListElement\":[{\"@type\":\"ListItem\",\"position\":1,\"name\":\"Home\",\"item\":\"https:\\\/\\\/wi.ee\\\/voro\\\/\"},{\"@type\":\"ListItem\",\"position\":2,\"name\":\"KI\u00c4 OMMA V\u00d5RO KIR\u00c4NIGU\",\"item\":\"https:\\\/\\\/wi.ee\\\/voro\\\/kiranigu\\\/\"},{\"@type\":\"ListItem\",\"position\":3,\"name\":\"Gustav Adolph Oldekop\"}]},{\"@type\":\"WebSite\",\"@id\":\"https:\\\/\\\/wi.ee\\\/voro\\\/#website\",\"url\":\"https:\\\/\\\/wi.ee\\\/voro\\\/\",\"name\":\"V\u00f5ro kir\u00e4nd\u00fcs\",\"description\":\"V\u00f5ro kir\u00e4nd\u00fcse kodoleht\",\"potentialAction\":[{\"@type\":\"SearchAction\",\"target\":{\"@type\":\"EntryPoint\",\"urlTemplate\":\"https:\\\/\\\/wi.ee\\\/voro\\\/?s={search_term_string}\"},\"query-input\":{\"@type\":\"PropertyValueSpecification\",\"valueRequired\":true,\"valueName\":\"search_term_string\"}}],\"inLanguage\":\"et\"}]}<\/script>\n<!-- \/ Yoast SEO plugin. -->","yoast_head_json":{"title":"Gustav Adolph Oldekop - V\u00f5ro kir\u00e4nd\u00fcs","robots":{"index":"index","follow":"follow","max-snippet":"max-snippet:-1","max-image-preview":"max-image-preview:large","max-video-preview":"max-video-preview:-1"},"canonical":"https:\/\/wi.ee\/voro\/kiranigu\/gustav-adolph-oldekop\/","og_locale":"et_EE","og_type":"article","og_title":"Gustav Adolph Oldekop - V\u00f5ro kir\u00e4nd\u00fcs","og_description":"V\u00f5rokiilne luul\u00f5taja ja aolehetoim\u00f5taja Gustav Adolph Oldekop t\u00fc\u00fct\u00b4 suur\u00f5mba osa uma elost P\u00f5lvan pastorina, a tim\u00e4 luul\u00f5looming s\u00fcnd\u00fc ilmalik\u00f5 koorilaul\u00f5 synnu vajadus\u00f5st sysaramehe J. Ph. Rothi p\u00e4\u00e4lek\u00e4\u00fcmisel. Gustav Adolph Oldekop s\u00fcnd\u00fc 2. joulukuu p\u00e4\u00e4v\u00e4l (vana kallendri perr\u00e4 21. XI) 1755 Haapsalun. Oldekopp\u00f5 suguv\u00f5sa om peri Hildensheimist (Alam-Saksist). Oldekopi es\u00e4 Hans Heinrich t\u00fc\u00fct\u00b4 Haapsalun rektori ja [&hellip;]","og_url":"https:\/\/wi.ee\/voro\/kiranigu\/gustav-adolph-oldekop\/","og_site_name":"V\u00f5ro kir\u00e4nd\u00fcs","twitter_card":"summary_large_image","twitter_misc":{"Est. reading time":"3 minutit"},"schema":{"@context":"https:\/\/schema.org","@graph":[{"@type":"WebPage","@id":"https:\/\/wi.ee\/voro\/kiranigu\/gustav-adolph-oldekop\/","url":"https:\/\/wi.ee\/voro\/kiranigu\/gustav-adolph-oldekop\/","name":"Gustav Adolph Oldekop - V\u00f5ro kir\u00e4nd\u00fcs","isPartOf":{"@id":"https:\/\/wi.ee\/voro\/#website"},"datePublished":"2016-02-02T09:21:36+00:00","breadcrumb":{"@id":"https:\/\/wi.ee\/voro\/kiranigu\/gustav-adolph-oldekop\/#breadcrumb"},"inLanguage":"et","potentialAction":[{"@type":"ReadAction","target":["https:\/\/wi.ee\/voro\/kiranigu\/gustav-adolph-oldekop\/"]}]},{"@type":"BreadcrumbList","@id":"https:\/\/wi.ee\/voro\/kiranigu\/gustav-adolph-oldekop\/#breadcrumb","itemListElement":[{"@type":"ListItem","position":1,"name":"Home","item":"https:\/\/wi.ee\/voro\/"},{"@type":"ListItem","position":2,"name":"KI\u00c4 OMMA V\u00d5RO KIR\u00c4NIGU","item":"https:\/\/wi.ee\/voro\/kiranigu\/"},{"@type":"ListItem","position":3,"name":"Gustav Adolph Oldekop"}]},{"@type":"WebSite","@id":"https:\/\/wi.ee\/voro\/#website","url":"https:\/\/wi.ee\/voro\/","name":"V\u00f5ro kir\u00e4nd\u00fcs","description":"V\u00f5ro kir\u00e4nd\u00fcse kodoleht","potentialAction":[{"@type":"SearchAction","target":{"@type":"EntryPoint","urlTemplate":"https:\/\/wi.ee\/voro\/?s={search_term_string}"},"query-input":{"@type":"PropertyValueSpecification","valueRequired":true,"valueName":"search_term_string"}}],"inLanguage":"et"}]}},"_links":{"self":[{"href":"https:\/\/wi.ee\/voro\/wp-json\/wp\/v2\/pages\/136","targetHints":{"allow":["GET"]}}],"collection":[{"href":"https:\/\/wi.ee\/voro\/wp-json\/wp\/v2\/pages"}],"about":[{"href":"https:\/\/wi.ee\/voro\/wp-json\/wp\/v2\/types\/page"}],"author":[{"embeddable":true,"href":"https:\/\/wi.ee\/voro\/wp-json\/wp\/v2\/users\/1"}],"replies":[{"embeddable":true,"href":"https:\/\/wi.ee\/voro\/wp-json\/wp\/v2\/comments?post=136"}],"version-history":[{"count":1,"href":"https:\/\/wi.ee\/voro\/wp-json\/wp\/v2\/pages\/136\/revisions"}],"predecessor-version":[{"id":137,"href":"https:\/\/wi.ee\/voro\/wp-json\/wp\/v2\/pages\/136\/revisions\/137"}],"up":[{"embeddable":true,"href":"https:\/\/wi.ee\/voro\/wp-json\/wp\/v2\/pages\/9"}],"wp:attachment":[{"href":"https:\/\/wi.ee\/voro\/wp-json\/wp\/v2\/media?parent=136"}],"curies":[{"name":"wp","href":"https:\/\/api.w.org\/{rel}","templated":true}]}}