{"id":134,"date":"2016-02-02T11:19:36","date_gmt":"2016-02-02T09:19:36","guid":{"rendered":"http:\/\/wi.ee\/voro\/?page_id=134"},"modified":"2016-02-02T11:19:36","modified_gmt":"2016-02-02T09:19:36","slug":"aili-naruski","status":"publish","type":"page","link":"https:\/\/wi.ee\/voro\/kiranigu\/aili-naruski\/","title":{"rendered":"Aili Naruski"},"content":{"rendered":"<p>Aili Naruski el\u00e4s Kassirattal. Oll pikk\u00e4 aigu P\u00f5lvamaa luul\u00f5klubi Helem liig\u00f5q. Lats\u00f5p\u00f5lv\u00f5n kasvi vanaim\u00e4 man Rosmal.<\/p>\n<p>V\u00f5rokiilsid luul\u00f5tuisi avaldanuq aolehin Koit ja Kodumaa ja Loomingu Raamatukogu S\u00f5na erinumbrin.<\/p>\n<p>*<\/p>\n<p>V\u00d5RDT\u00c4HTS\u00c4 M\u00d5L\u00d5MBA<\/p>\n<p>Tii\u00e4q kas tet\u00e4q murd\u00f5luku<br \/>\nvai tuuaq m\u00f5tsast luuahaku<br \/>\nV\u00f5rdt\u00e4hts\u00e4 ommaq vast m\u00f5l\u00f5mbaq<br \/>\n\u00fctelgu targaq ki\u00e4q k\u00f5v\u00f5mbaq<\/p>\n<p>*<\/p>\n<p>S\u00c4\u00c4NE OLL\u00b4 MU IM\u00c4KIIL<\/p>\n<p>Tekku p\u00e4\u00e4legi Tartoh keelemiis<br \/>\nliina m\u00fc\u00fcre vaih\u00f5l v\u00f5rokiilt.<br \/>\nEg\u00e4 L\u00f5una-Eesti k\u00fcl\u00e4<br \/>\nk\u00f5n\u00f5l\u00f5s umma murr\u00f5t.<br \/>\nParaku ei tiiq maq<br \/>\nhind\u00e4le tuust mur\u00f5t.<br \/>\nKu mina k\u00f5n\u00f5l\u00f5 umma kodomurr\u00f5t,<br \/>\nh\u00e4ll\u00fcst armast ja havvani torr\u00f5t,<br \/>\nom t\u00e4\u00e4 sis tuu \u00f5ig\u00f5 v\u00f5rokiil&#8230;<br \/>\nMa tii\u00e4 &#8211; s\u00e4\u00e4ne oll\u00b4 mu im\u00e4kiil!<br \/>\n(Hella Keema kull\u00f5ld\u00f5n)<\/p>\n<p>*<\/p>\n<p>\u00d5DAGSAIEH<\/p>\n<p>\u00d5dagsaieh h\u00e4mm\u00e4r olli<br \/>\neidekeseq kokko tulliq<br \/>\nahosuuiih jahvativaq<br \/>\nvahel naarma pahvativaq<br \/>\nvidevik sai viidet\u00fcs<br \/>\nm\u00f5ni taiva kitet\u00fcs<br \/>\nt\u00f5n\u00f5 maani laid\u00f5tus<br \/>\nahi \u00e4r\u00e4q k\u00fctet\u00fcs<br \/>\nun\u00f5htu sis h\u00fcdset\u00fcs<br \/>\nlamp kui panti palama<br \/>\nkands\u00f5 kodo jalaq naaq<br \/>\n(1990)<\/p>\n<p>*<br \/>\nTUISK<\/p>\n<p>H\u00f5loss mu pool\u00f5<br \/>\nsilm\u00e4q krillih,<br \/>\nei el\u00e4q, ei kool\u00f5q,<br \/>\npimme ja prillih.<\/p>\n<p>H\u00f5lotas h\u00f5lsti<br \/>\nm\u00e4e p\u00e4\u00e4lt orgo.<br \/>\nLas aga pulsti,<br \/>\nk\u00fcll j\u00e4\u00e4s norgo.<\/p>\n<p>And \u00f5kva haali<br \/>\nharg\u00f5ni lum\u00f5h.<br \/>\nM\u00f5istas ma maali<br \/>\nillo ku un\u00f5h!<br \/>\n(1988)<\/p>\n<p>*<br \/>\nM\u00d5ISTAS KU&#8230;<\/p>\n<p>M\u00f5istas ku kogoda hind\u00e4he<br \/>\nloodus\u00f5 ol\u00f5misrahhu<br \/>\ntunn\u00f5s sis hinn\u00e4stki kimm\u00e4he<br \/>\ntul\u00f5s-\u00f5i m\u00f5ttitki pahhu<br \/>\nel\u00e4s ja ol\u00f5s ja t\u00fc\u00fct\u00e4si<br \/>\ns\u00e4\u00e4l kohe om luudu minno<br \/>\nhinn\u00e4st k\u00fcll rahuga r\u00fc\u00fct\u00e4si<br \/>\nkistomada lemme rinnoh<\/p>\n<p>(1999)<br \/>\n*<br \/>\nSILMITSI MAAGA<\/p>\n<p>V\u00f5taq<br \/>\nuibo alt<br \/>\np\u00f5rknapindre p\u00e4\u00e4lt<br \/>\npeoga mulda<br \/>\nja maidsaq &#8211;<br \/>\nkas tiit mulla<br \/>\nja mulla vahel vahet?<\/p>\n<p>Kui l\u00f6\u00fc\u00e4t<br \/>\nubina,<br \/>\np\u00f5rkna,<br \/>\nploomi,<br \/>\npeedi<br \/>\nmaits\u00f5,<br \/>\nsis loeq hinn\u00e4st<br \/>\nloodus\u00f5 kuningas!<br \/>\nSeni ol\u00f5q kuss &#8211;<br \/>\nsilmitsi maaga,<br \/>\nkeksp\u00fcks!<\/p>\n<p>*<br \/>\nVASKAKETIT\u00c4MINE<\/p>\n<p>Ei liiguq paigast<br \/>\nvaskas\u00f5g\u00f5,<br \/>\njalg keti takah<br \/>\nheegeln\u00f5g\u00f5l.<br \/>\nK\u00fcll t\u00f5mba, tiri, sikuta,<br \/>\nkui tahat sii\u00e4q tikuta.<br \/>\nTaa sais ja kull\u00f5s,<br \/>\nkolmjalg s\u00e4\u00e4ne,<br \/>\nvaht otsa mull\u00f5 &#8211;<br \/>\nol\u00f5 m\u00e4\u00e4ne!<\/p>\n<p>*<br \/>\nKAEQ KOS TEMP!<\/p>\n<p>Memm tull lauda mant<br \/>\nkass kar\u00f5l kanglah.<br \/>\nK\u00e4pp oll\u00b4 kassil pant<br \/>\nraud\u00f5vahel vanglah.<\/p>\n<p>&#8220;Ai imeh, kuis t\u00e4\u00e4 topp<br \/>\ntahaq uma k\u00e4p\u00e4!<br \/>\nOi Issand, sjo om temp<br \/>\nkasvai mano l\u00f5p\u00f5q!&#8221;<\/p>\n<p>V\u00e4\u00fcl kistu t\u00f5mmat tikk<br \/>\nkuulde ku et \u00e4mm ikk.<br \/>\nP\u00e4ste kassi tuhkruravvast,<br \/>\n\u00e4mm\u00e4 kimm\u00e4st hukuhavvast.<\/p>\n<p>(1980)<\/p>\n<p>*<br \/>\nOI H\u00c4T\u00c4 JA H\u00c4P\u00dc<\/p>\n<p>Undrek om umm\u00f5lus\u00f5st vallal\u00f5<br \/>\nja kurd\u00f5 om kaonu,<br \/>\nk\u00e4ng\u00e4q jalga \u00e4r laonu,<br \/>\nperis halusa tallal\u00f5.<br \/>\nSokikundsaq maah,<br \/>\njalakunds villih,<br \/>\nmiil t\u00fctrekul krillih.<br \/>\nIm\u00e4 kah ei n\u00e4eq:<br \/>\nlats\u00f5l meheleminek k\u00e4eh.<br \/>\n&#8220;Poiss p\u00f5lg sed\u00e4viisi minno,<br \/>\noh tsuska, im\u00e4, k\u00fcll sinno!&#8221;<\/p>\n<p>*<br \/>\nKOHE TUU NUURUS J\u00c4I<\/p>\n<p>Ei tii\u00e4q, kas oll\u00b4 ilmsi vai un\u00f5h tuu:<br \/>\nma olli nii \u00f5nn\u00f5lik, illos ja nuur,<br \/>\nmu k\u00f5rval oll nuurmiis<br \/>\n\u00f5rn, armas ja truu.<br \/>\nMiiq armastus olle nii l\u00f5pmadaq suur.<\/p>\n<p>Sis katt\u00f5 ma esiq koskile ruttu,<br \/>\nt\u00e4 haihtu peris ku hajonu uttu.<br \/>\nN\u00fc\u00fcd l\u00f6\u00fcdse, et ol\u00f5 pr\u00f5llaq k\u00fcll siin,<br \/>\na s\u00fc\u00e4meh om hallus ja hingeh piin.<br \/>\nK\u00f5ik olle nii illos,<br \/>\nmiiq armastus suur.<br \/>\nKohe umm\u00f5ht tu nuurus<br \/>\nnii \u00e4kki j\u00e4i<br \/>\nm\u00f5tl\u00f5 tan \u00fctsind\u00e4 norohp\u00e4i?<\/p>\n<p>*<br \/>\n\u00dcTS M\u00c4LEST\u00dcS<\/p>\n<p>Tsura kuts\u00f5 minno suur\u00f5 kivi otsa,<br \/>\nmille seeh oll\u00b4 lohk ja lohuh loik.<br \/>\nPand\u00b4 mino hargikall\u00f5 loigu viirde istma,<br \/>\ntsusas peio mull\u00f5 vallalidse saksav\u00e4idse.<br \/>\nK\u00e4skse sis mul loigu sisse h\u00e4ste virka ts\u00e4rki,<br \/>\nnii, et tim\u00e4 k\u00e4ega vett \u00e4rq ei saassi p\u00fchki.<br \/>\nMina kahelsi ja pelksi, et l\u00e4tt \u00e4kki k\u00e4tte.<br \/>\nViim\u00e4t\u00e4, kui joba tsipa julksi julg\u00f5lt ts\u00e4rki,<br \/>\nhaars\u00f5 tim\u00e4 mino jalost,<br \/>\nt\u00f5mmas l\u00e4bi lombi.<br \/>\nMino p\u00fcksiperseq tsilku,<br \/>\ntim\u00e4 r\u00f5\u00f5must naardaq ilku.<br \/>\nTuu vana kar\u00b4alugu<br \/>\ntull\u00b4 miilde Hiiumaal,<br \/>\nkon oll\u00b4 s\u00e4\u00e4ne lugu<br \/>\net paists\u00f5 laiumaa<br \/>\nja l\u00e4bi mere k\u00e4ve<br \/>\nsinn\u00e4q jalatii.<br \/>\nS\u00e4\u00e4l rannah sais\u00f5 Ave<br \/>\nja k\u00e4sut umb\u00f5s nii, et v\u00f5taq<br \/>\nv\u00e4its ja ts\u00e4rgiq<br \/>\nja n\u00f5nna edesi&#8230;<\/p>\n<p>*<br \/>\nIM\u00c4<\/p>\n<p>Ku im\u00e4 tei sousti sag\u00f5da<br \/>\nvai kiitse kartoli mag\u00f5da<br \/>\nk\u00fcll oll\u00b4 sis \u00fctel \u00fcteld\u00e4<br \/>\nja t\u00f5s\u00f5l takah tap\u00f5lda<\/p>\n<p>es tul\u00f5q t\u00e4ll p\u00e4h\u00e4q pag\u00f5da<br \/>\n\u00fcle kes\u00e4de lag\u00f5da<br \/>\nt\u00e4l tull\u00b4 latsi hag\u00f5da<br \/>\nihost-hingest rab\u00f5lda<\/p>\n<p>nii pidosit ku p\u00fch\u00e4p\u00e4iv\u00e4<br \/>\nnii harva tim\u00e4 silm\u00e4q n\u00e4iv\u00e4q<br \/>\nt\u00fc\u00fc juusks\u00f5 lusti lauluga<br \/>\nkitm\u00e4t\u00e4 t\u00e4\u00fcs auruga<\/p>\n<p>es k\u00e4\u00fcq t\u00e4 k\u00fcll\u00e4 kaibama<br \/>\nei t\u00f5isi takah laimama<br \/>\nm\u00f5stu m\u00f5su oll\u00b4 t\u00e4 eheq<br \/>\n\u00f5nn oll\u00b4 &#8211; salv\u00f5 pest\u00fc reheq<\/p>\n<p>*<br \/>\nT\u00f5si mia t\u00f5si<\/p>\n<p>V\u00e4hk v\u00f5tt\u00b4 im\u00e4<br \/>\n\u00e4ij\u00e4-\u00e4mm\u00e4<br \/>\nveli surri<br \/>\nsuitsuv\u00e4hki<br \/>\nes\u00e4 tsukrut\u00f5bi vei<br \/>\nsugulan\u00f5 surnus j\u00f5i<br \/>\nmis noist leinajitest sai<br \/>\nkirotas ki\u00e4 perr\u00e4 j\u00e4i<br \/>\n(1998)<\/p>\n<p>*<br \/>\nUMA LIINA RAHVA<\/p>\n<p>Uma P\u00f5lva liina rahva<br \/>\n\u00fcte kaupa ma p\u00fcvv\u00e4s kahva,<br \/>\nkui koto n\u00e4\u00e4q j\u00e4tt\u00e4 tahtva<br \/>\nja v\u00f5\u00f5rit liino vahtva.<\/p>\n<p>L\u00f6vv\u00e4-\u00f5iq parembat P\u00f5lvast<br \/>\nt\u00f5s\u00f5s mi\u00e4 eg\u00e4st n\u00f5lvast,<br \/>\nIntsikurmu vai Ihamarru,<br \/>\nTarto p\u00e4\u00e4le vai V\u00f5rro.<\/p>\n<p>K\u00e4vv\u00e4s tast seemet otsma<br \/>\nter\u00e4- ja kunsti vil\u00e4l.<br \/>\nP\u00f5lvahe tuldas kosja.<br \/>\nMina tuu lilli im\u00e4l.<br \/>\n*<br \/>\nK\u00f5tuhalu<\/p>\n<p>Lats takast tar\u00f5st imm\u00e4 uigas,<br \/>\net halutama naanu k\u00f5tt.<br \/>\nJah naba k\u00f5rvalt k\u00f5vva tuigas,<br \/>\ntull im\u00e4l tunnistadaq t\u00f5tt,<\/p>\n<p>ku lats oll\u00b4 s\u00e4ng\u00fch s\u00e4ll\u00fcle<br \/>\np\u00f5lv\u00f5k\u00f5s\u00f5q kr\u00f5nksu t\u00f5mmat.<br \/>\nSis im\u00e4 napa tasosi<br \/>\nja k\u00f5tuh\u00e4d\u00e4 kadosi.<\/p>\n<p>A t\u00f5n\u00f5k\u00f5rd es jakku aiga<br \/>\ntoll im\u00e4l tullaq tasoma.<br \/>\nL\u00e4ts kup\u00f5rpalli teteh haigus &#8211;<br \/>\nj\u00e4i tiritammi kasoma!<br \/>\n(1998)<\/p>\n<p>*<br \/>\nPERNAANE<\/p>\n<p>Kitur kui p\u00f5vvap\u00e4\u00e4lne \u00e4t\u00e4l<br \/>\nkasvi ma p\u00e4\u00e4lts\u00f5a lats<br \/>\nell\u00e4v ja nirgin\u00e4oline n\u00e4t\u00e4q<br \/>\nhiust\u00f5h\u00f5 pletit\u00fc pats<\/p>\n<p>Liinapreilit minost es saaki<br \/>\nLiinav\u00e4rjeil ol\u00f5es haaki<br \/>\nMu iih oll\u00b4 maailm viil lai<\/p>\n<p>Mittekoskilt es tul\u00f5q auta<br \/>\nMaaelo hind\u00e4le tei<br \/>\nAastit k\u00e4ve hool\u00f5ga lauta<br \/>\ntuuts\u00f5 lihha ja piim\u00e4 vei<\/p>\n<p>Lihha tuuts\u00f5 rikkust uuts\u00f5<br \/>\ns\u00f5rmivaih\u00f5l sitta puuts\u00f5<br \/>\nLehmi tsiko lambit kanno<br \/>\npull\u00f5 v\u00e4ikesi ja vanno<\/p>\n<p>kul\u00b4uk\u00f5isi partse hann\u00f5<br \/>\nvanast laudast vahts\u00f5 kann\u00f5<br \/>\nP\u00f5hku terri jauhha haino<br \/>\nsillo suula maits\u00f5ain\u00f5<\/p>\n<p>K\u00f5kk\u00f5 n\u00e4ile s\u00fcvv\u00e4q ands\u00f5<br \/>\n\u00fctteluku ette kands\u00f5<br \/>\nT\u00e4\u00e4mp\u00e4 peris tuluta<br \/>\niks viil hinn\u00e4st kuluta<\/p>\n<p>Jalaq kiskva \u00fc\u00fcse krampi<br \/>\nK\u00e4eq om surnuq kogoni<br \/>\nKaal ei kannaq t\u00fc\u00fcde tampi<br \/>\nig\u00e4vedse kodoni<br \/>\n(1999, jaanuar)<br \/>\n*<br \/>\n\u00dcTS ELOT\u00d5D\u00d5<\/p>\n<p>Jo omgi mino hiuss\u00f5q h\u00e4rm\u00e4halliq<br \/>\nja \u00f5takpuuld\u00f5 vajos mino p\u00e4iv.<br \/>\n\u00dctst\u00f5s\u00f5l\u00f5 noq ol\u00f5ssi nii kalliq,<br \/>\net nakas tagurperi k\u00e4\u00fcm\u00e4 p\u00e4iv.<\/p>\n<p>Jah, omgi mino hiust\u00f5h h\u00e4rm\u00e4halli,<br \/>\nnii nigu mino im\u00e4l olle vast.<br \/>\nEi tunn\u00f5q umm\u00f5ht toda korg\u00f5t valli,<br \/>\nmia t\u00fckse im\u00e4st lahotama last.<\/p>\n<p>Sis im\u00e4 oll\u00b4 iks im\u00e4, muud ei miskit.<br \/>\nEss p\u00fcvv\u00e4q mina ted\u00e4 m\u00f5ista vist.<br \/>\nK\u00fcll silm\u00e4q p\u00e4\u00e4st viil per\u00e4st imm\u00e4 ikit,<br \/>\nmia avit tuu, ku im\u00e4 havval rist.<\/p>\n<p>J\u00e4i leinap\u00f5lv\u00f5st peio mull\u00f5 nasa,<br \/>\nom vig\u00f5l last\u00f5 k\u00e4tte \u00e4r\u00e4q kist.<br \/>\nN\u00fc\u00fcd umaq lats\u00f5q teev\u00e4q haavaq tasa,<br \/>\nmia im\u00e4 rindo mino s\u00f5na pist.<\/p>\n<p>K\u00fcll oppa ummi latsi arvo saama,<br \/>\net im\u00e4 inemine peris om,<br \/>\net k\u00f5rd ka nim\u00e4q suur\u00f5s v\u00f5ivaq saada<br \/>\nja m\u00f5istus tul\u00f5 sis, ku ilda om.<\/p>\n<p>&#8220;Kas im\u00e4 juttu keski huul vai kull\u00f5s,&#8221;<br \/>\njo k\u00f5n\u00f5l im\u00e4 mull\u00f5 umal aol.<br \/>\n&#8220;K\u00fcll sino lats\u00f5q teev\u00e4q tasa sull\u00f5,<br \/>\nsiitilmast miski peris \u00e4rq ei kaoq&#8230;&#8221;<\/p>\n<p>Jo omgi mino hiuss\u00f5 h\u00e4rm\u00e4halliq<br \/>\nja \u00f5takpuuld\u00f5 vajos mino p\u00e4iv.<br \/>\n\u00dctst\u00f5s\u00f5l\u00f5 n\u00fc\u00fcd ol\u00f5ssi nii kalliq,<br \/>\net nakas tagurperi k\u00e4\u00fcm\u00e4 p\u00e4iv.<\/p>\n<p>*<br \/>\nT\u00c4\u00c4MP\u00c4<\/p>\n<p>T\u00e4\u00e4mp\u00e4 om pilvepada kummal\u00f5 kukkunuq,<br \/>\nilmamaa kui kookon unds\u00f5halli nukkunuq.<br \/>\nMorop\u00e4\u00e4l ja k\u00fcl\u00e4tiidel valits\u00f5s noq i\u00e4,<br \/>\nked\u00e4gi meist t\u00e4\u00e4 k\u00fcll kinniq viil ei pi\u00e4q.<\/p>\n<p>Kui om vaja, minn\u00e4q tul\u00f5 kasvai roomat\u00f5h.<br \/>\nI\u00e4 jo nilb\u00f5, k\u00fclm ja lik\u00f5 lumi hoomat\u00f5h.<br \/>\nMis s\u00e4\u00e4l iks nii pik\u00e4lt pallo sop\u00f5rdada,<br \/>\npimmeh hull\u00f5mb om viil kodo kop\u00f5rdada.<\/p>\n<p>(21.1 1999)<\/p>\n<p>*<br \/>\nJUHUS<\/p>\n<p>Juhus om pimme<br \/>\nvai tull\u00b4 t\u00e4 nimme,<br \/>\ntii\u00e4q-es luuta,<br \/>\nei ted\u00e4 uuta.<br \/>\nSaisi nii \u00fctsi,<br \/>\nvahe vist platsi,<br \/>\noodi kah bussi.<br \/>\nKeski sis tsusksi<br \/>\numa k\u00e4e mull\u00f5<br \/>\nterek\u00e4e peijo.<br \/>\n\u00dctel, et:&#8221;Juhus,<br \/>\nhei-hoo<br \/>\ntervist t\u00f5i sull\u00f5!&#8221;<\/p>\n<p>*<br \/>\nPARADIISIH<\/p>\n<p>V\u00e4ikoh Rosmah<br \/>\nkon &#8220;j\u00e4nes juk\u00f5rt j\u00f5k\u00f5 pite<br \/>\nmina P\u00e4k\u00e4m\u00e4ke pite&#8221;<br \/>\n(rahvasuust)<\/p>\n<p>Uttu ojoss\u00f5 lats\u00f5p\u00f5lv\u00f5 m\u00e4ngomaaq m\u00e4luh<br \/>\n\u00e4rkvel om vahts\u00f5q r\u00e4nnuraaq maasikav\u00e4luq<br \/>\nammuq jo vab\u00f5rnaraeq looduss\u00f5 hell\u00e4q k\u00e4eq<br \/>\nvalass\u00f5 heldelt ande oroq ja m\u00e4eq<br \/>\ntoon\u00f5kur\u00f5pes\u00e4 toom\u00f5q Peri oja vesi<br \/>\neg\u00e4l hummogul kast\u00f5s\u00f5l P\u00e4k\u00e4m\u00e4el<br \/>\np\u00e4\u00e4v\u00e4ts\u00f5\u00f5r hind\u00e4 pesi<br \/>\nvirgut k\u00fcll\u00e4 ja l\u00f5unast iids\u00f5l Liinam\u00e4el<br \/>\nkuus\u00f5kuk\u00f5l\u00f5 toet tim\u00e4 kuumaq k\u00e4eq<br \/>\nsiblisiv\u00e4q paloliivah and\u00f5h p\u00e4ivit\u00fcsepruuni<br \/>\nlaotus\u00f5 ala kogun\u00f5si tum\u00f5dit pilvi l\u00e4mbit tuuli<br \/>\nk\u00fc\u00fcnd\u00fc maal\u00f5 vihmav\u00e4rskit kruusal\u00f5hna<br \/>\nvanal V\u00f5ro tiil Intsikurmust j\u00f5uds\u00f5 \u00f5hta<br \/>\np\u00e4iv prantsast Raudsilla m\u00e4est<br \/>\nkolinal Ora j\u00f5kk\u00f5<br \/>\n*<br \/>\nPUULP\u00c4IV\u00c4H<\/p>\n<p>N\u00fcssikuga \u00fcle moro<br \/>\naoh\u00e4m\u00fch l\u00e4tsit.<br \/>\nTullit varsti, m\u00f5sit viin\u00f5uq,<br \/>\nkaivost vett sis v\u00e4ntsit.<\/p>\n<p>Koobast tsiakartol patta,<br \/>\ntuli pliidi alaq.<br \/>\nRuttu p\u00f5rssahaina kakma<br \/>\nmar\u00b4apuhmu alaq.<\/p>\n<p>Kari m\u00f5tsa kopli p\u00e4\u00e4le,<br \/>\nperet her\u00e4t\u00e4m\u00e4.<br \/>\nPenni tsuiatad\u00f5h h\u00e4\u00e4le<br \/>\nlasit k\u00e4r\u00e4t\u00e4m\u00e4.<\/p>\n<p>S\u00fcvv\u00e4q teit ja n\u00f5usit m\u00f5sit,<br \/>\nlatsi h\u00e4\u00e4le nuums\u00f5t.<br \/>\nVaehtep\u00e4\u00e4l viil laulu lasit,<br \/>\nk\u00f5kk\u00f5 n\u00e4it ja kuuls\u00f5t.<\/p>\n<p>\u00d5takpool\u00f5h sanna k\u00fctset,<br \/>\ntarr\u00f5 r\u00fchkset m\u00f5sk\u00f5.<br \/>\nPer\u00e4st kaasikuhe l\u00e4tsit<br \/>\ntuuma k\u00f5o oss\u00f5.<\/p>\n<p>Suurmitega sak\u00f5 kapstas<br \/>\nedepaast ai l\u00f5hna.<br \/>\nTiigivesi takast labsas<br \/>\ntuur\u00f5 kala lehka.<\/p>\n<p>Loogust\u00f5ga sannast l\u00e4tsit,<br \/>\ntakah pangi kollin.<br \/>\nLombipervel mahaq k\u00fcksit,<br \/>\nkosts\u00f5 vaikn\u00f5 tsollin.<\/p>\n<p>Paariq \u00fcle ola hiitset,<br \/>\nsirgu aiet piha.<br \/>\nTullit keset moroh\u00e4itset,<br \/>\nsilmih pun\u00f5t eha.<\/p>\n<p>Talitus\u00f5q \u00e4r\u00e4q j\u00f5uds\u00f5t,<br \/>\npiim j\u00e4i kurnamadaq.<br \/>\nJoba pereq m\u00f5su n\u00f5uds\u00f5q,<br \/>\ntihas pahandadaq.<\/p>\n<p>Kesk\u00fc\u00fc-saien t\u00e4nos\u00f5nno<br \/>\nsannav\u00fc\u00fcr\u00fcs kuuls\u00f5.<br \/>\nPer\u00e4m\u00e4ne sannahk\u00e4\u00fcj\u00e4<br \/>\nham\u00f5ht s\u00e4lg\u00e4 nuuls\u00f5.<br \/>\n*<br \/>\nLEEV\u00c4TEGO<\/p>\n<p>Leev\u00e4lapju ja aholuud &#8211;<br \/>\nnuuq olliq mino hool\u00f5s.<br \/>\nIm\u00e4 t\u00f5mmas lapiga ahosuud &#8211;<br \/>\nnii saivaq t\u00fc\u00fcq meil pool\u00f5s.<\/p>\n<p>Lik\u00f5 lehtseviht puhast pae,<br \/>\nvilunu im\u00e4 k\u00e4teh.<br \/>\nLeev\u00e4lapjul\u00f5 hannatoes<br \/>\nkerk saie mino n\u00e4teh.<\/p>\n<p>Im\u00e4 tirisi \u00fcs\u00e4ga m\u00f5het,<br \/>\n\u00e4rq minno jalost es ajaq.<br \/>\nMina tormassi tuuma vett-<br \/>\nk\u00e4ssi jo kasta om vaja.<\/p>\n<p>Im\u00e4 m\u00f5hele lapjo pand,<br \/>\nkergol\u00f5 toetusi hand.<br \/>\nLapjo p\u00e4\u00e4le t\u00e4\u00e4 raput jahhu,<br \/>\nt\u00f5ste tainast h\u00e4\u00e4 p\u00e4tsi mahu.<\/p>\n<p>K\u00e4ssi lik\u00f5s teije, p\u00e4tsi pait.<br \/>\n(ma k\u00fck\u00fcti, suu ammul\u00f5, vait).<br \/>\nEg\u00e4 p\u00e4tsi p\u00e4\u00e4le risti leije,<br \/>\nnii mu armas im\u00e4 leib\u00e4 teije.<\/p>\n<p>P\u00e4tsi takah p\u00e4ts ahjo l\u00e4ts,<br \/>\nl\u00f5pus j\u00e4ije tet\u00e4q viil \u00fcts p\u00e4ts<br \/>\nJoosi otsma munn\u00f5, silgup\u00e4id,<br \/>\npekiraas\u00f5, soolataid.<\/p>\n<p>Im\u00e4 vuulse imep\u00e4tsi,<br \/>\nlast\u00f5pere r\u00f5\u00f5mup\u00e4tsi.<br \/>\nRist viil heit\u00e4 aho uss\u00f5 ette<br \/>\nja ma saije m\u00f5he hind\u00e4 k\u00e4tte.<\/p>\n<p>Oi tuu tainas, leev\u00e4tainas,<br \/>\nolle kistumadaq h\u00e4\u00e4.<br \/>\nIm\u00e4 keel\u00e4-es k\u00fcll tainast,<br \/>\npelksi &#8211; juur\u00f5tust ei j\u00e4\u00e4q.<\/p>\n<p>Mineq otsiq sis leev\u00e4juurt<br \/>\nk\u00fcll\u00e4piteh ku sant.<br \/>\nTed\u00e4 l\u00e4\u00e4-\u00f5i tii\u00e4q ku suurt<br \/>\ninnemb olguq iks hind\u00e4l pant.<\/p>\n<p>*<br \/>\nVANAIM\u00c4 JA MINA<\/p>\n<p>Kes om \u00e4r\u00e4q pahanu?<br \/>\nLats om \u00e4r\u00e4q pahanu.<br \/>\nMinka ted\u00e4 meel\u00fct\u00e4d\u00e4?<br \/>\nM\u00e4d\u00e4n\u00fcste munn\u00f5ga,<br \/>\nkak\u00f5nust\u00f5 kannoga&#8230;<br \/>\n(vanaim\u00e4aign\u00f5 meel\u00fct\u00fcslaul)<\/p>\n<p>Vanaim\u00e4 mesikiilne<br \/>\nmina plika esimiilne<br \/>\njoristi kuis j\u00f5udu olle<br \/>\niks\u00f5 nii kuis jonni tulle<br \/>\ntahts\u00f5 kodo im\u00e4 mano<br \/>\np\u00f5rmandul\u00f5 visksi tano<br \/>\nhelmeq katski tirisi<br \/>\nhind\u00e4ette virisi<br \/>\nvana lubas m\u00e4d\u00e4munn\u00f5<br \/>\npaks\u00f5 kak\u00f5nuisi kanno<br \/>\np\u00fc\u00fcdse naarma aijaq minno<br \/>\ns\u00e4\u00e4dse \u00fctsi-t\u00f5isi s\u00f5nno<br \/>\ntim\u00e4 olle mesikiilne<br \/>\nmina plika esimiilne<br \/>\njoristi kuis j\u00f5udu olle<br \/>\niks\u00f5 nii kuis jonni tulle<br \/>\nl\u00f5puss Vana k\u00fc\u00fcki l\u00e4tse<br \/>\ntii\u00e4q mis t\u00e4\u00e4 mull\u00f5 otse<br \/>\nmina tahts\u00f5 takah minn\u00e4q<br \/>\nuss oll kinniq es p\u00e4seq sinn\u00e4q<br \/>\ntar\u00f5 ahost tuhka v\u00f5ts\u00f5<br \/>\nk\u00fc\u00fcki uss\u00f5 vahelt tops\u00f5<br \/>\nsilm\u00e4q ikust kuivas p\u00fchkse<br \/>\nahoh k\u00f5tukile n\u00fchkse<br \/>\n_<br \/>\nIm\u00e4 es\u00e4ga om kaonu<br \/>\nkodomaja mulda vaonu<br \/>\nvanaim\u00e4 ammuq havvah<br \/>\nnoq v\u00f5i r\u00fc\u00fcki kuitaht<br \/>\nkavva<br \/>\n*<br \/>\n\u00dcTLE<\/p>\n<p>\u00dctle mu papi<br \/>\ntark miis<br \/>\nkuis mina<br \/>\nkaarajahust<br \/>\nkiislat tiis<br \/>\nkuis mina<br \/>\nkesv\u00e4jahust<br \/>\nk\u00e4kk\u00fc tiis<br \/>\nkuis mina<br \/>\nr\u00fc\u00e4jahust<br \/>\nleib\u00e4 tiis<br \/>\nku nu vedroq<br \/>\n\u00e4gliq ja adraq<br \/>\nmaamulda<br \/>\nsu l\u00e4bi<br \/>\nes saanuq<br \/>\nkui k\u00fclimit<br \/>\nol\u00f5s aita j\u00e4\u00e4n\u00fcq<br \/>\nja mammi tsirp<br \/>\nsainaprakku<br \/>\nt\u00fc\u00fcpakku-<br \/>\nsis ol\u00f5ss<br \/>\nol\u00f5mada<br \/>\nk\u00f5ik aunaq<br \/>\nja hakiq<br \/>\nrihepess\u00fcq<br \/>\nja vil\u00e4salv\u00f5q<br \/>\nk\u00e4sikiviq<br \/>\nja jahuastjaq<br \/>\nleev\u00e4m\u00f5heq<br \/>\nja k\u00f5ik taa muu<br \/>\nmillest n\u00fc\u00fcd<br \/>\ns\u00fc\u00fc<br \/>\nja laul mu suu<\/p>\n","protected":false},"excerpt":{"rendered":"<p>Aili Naruski el\u00e4s Kassirattal. Oll pikk\u00e4 aigu P\u00f5lvamaa luul\u00f5klubi Helem liig\u00f5q. Lats\u00f5p\u00f5lv\u00f5n kasvi vanaim\u00e4 man Rosmal. V\u00f5rokiilsid luul\u00f5tuisi avaldanuq aolehin Koit ja Kodumaa ja Loomingu Raamatukogu S\u00f5na erinumbrin. * V\u00d5RDT\u00c4HTS\u00c4 M\u00d5L\u00d5MBA Tii\u00e4q kas tet\u00e4q murd\u00f5luku vai tuuaq m\u00f5tsast luuahaku V\u00f5rdt\u00e4hts\u00e4 ommaq vast m\u00f5l\u00f5mbaq \u00fctelgu targaq ki\u00e4q k\u00f5v\u00f5mbaq * S\u00c4\u00c4NE OLL\u00b4 MU IM\u00c4KIIL Tekku p\u00e4\u00e4legi Tartoh [&hellip;]<\/p>\n","protected":false},"author":1,"featured_media":0,"parent":9,"menu_order":25,"comment_status":"closed","ping_status":"closed","template":"","meta":{"footnotes":""},"class_list":["post-134","page","type-page","status-publish","hentry"],"yoast_head":"<!-- This site is optimized with the Yoast SEO plugin v27.4 - https:\/\/yoast.com\/product\/yoast-seo-wordpress\/ -->\n<title>Aili Naruski - V\u00f5ro kir\u00e4nd\u00fcs<\/title>\n<meta name=\"robots\" content=\"index, follow, max-snippet:-1, max-image-preview:large, max-video-preview:-1\" \/>\n<link rel=\"canonical\" href=\"https:\/\/wi.ee\/voro\/kiranigu\/aili-naruski\/\" \/>\n<meta property=\"og:locale\" content=\"et_EE\" \/>\n<meta property=\"og:type\" content=\"article\" \/>\n<meta property=\"og:title\" content=\"Aili Naruski - V\u00f5ro kir\u00e4nd\u00fcs\" \/>\n<meta property=\"og:description\" content=\"Aili Naruski el\u00e4s Kassirattal. Oll pikk\u00e4 aigu P\u00f5lvamaa luul\u00f5klubi Helem liig\u00f5q. Lats\u00f5p\u00f5lv\u00f5n kasvi vanaim\u00e4 man Rosmal. V\u00f5rokiilsid luul\u00f5tuisi avaldanuq aolehin Koit ja Kodumaa ja Loomingu Raamatukogu S\u00f5na erinumbrin. * V\u00d5RDT\u00c4HTS\u00c4 M\u00d5L\u00d5MBA Tii\u00e4q kas tet\u00e4q murd\u00f5luku vai tuuaq m\u00f5tsast luuahaku V\u00f5rdt\u00e4hts\u00e4 ommaq vast m\u00f5l\u00f5mbaq \u00fctelgu targaq ki\u00e4q k\u00f5v\u00f5mbaq * S\u00c4\u00c4NE OLL\u00b4 MU IM\u00c4KIIL Tekku p\u00e4\u00e4legi Tartoh [&hellip;]\" \/>\n<meta property=\"og:url\" content=\"https:\/\/wi.ee\/voro\/kiranigu\/aili-naruski\/\" \/>\n<meta property=\"og:site_name\" content=\"V\u00f5ro kir\u00e4nd\u00fcs\" \/>\n<meta name=\"twitter:card\" content=\"summary_large_image\" \/>\n<meta name=\"twitter:label1\" content=\"Est. reading time\" \/>\n\t<meta name=\"twitter:data1\" content=\"11 minutit\" \/>\n<script type=\"application\/ld+json\" class=\"yoast-schema-graph\">{\"@context\":\"https:\\\/\\\/schema.org\",\"@graph\":[{\"@type\":\"WebPage\",\"@id\":\"https:\\\/\\\/wi.ee\\\/voro\\\/kiranigu\\\/aili-naruski\\\/\",\"url\":\"https:\\\/\\\/wi.ee\\\/voro\\\/kiranigu\\\/aili-naruski\\\/\",\"name\":\"Aili Naruski - V\u00f5ro kir\u00e4nd\u00fcs\",\"isPartOf\":{\"@id\":\"https:\\\/\\\/wi.ee\\\/voro\\\/#website\"},\"datePublished\":\"2016-02-02T09:19:36+00:00\",\"breadcrumb\":{\"@id\":\"https:\\\/\\\/wi.ee\\\/voro\\\/kiranigu\\\/aili-naruski\\\/#breadcrumb\"},\"inLanguage\":\"et\",\"potentialAction\":[{\"@type\":\"ReadAction\",\"target\":[\"https:\\\/\\\/wi.ee\\\/voro\\\/kiranigu\\\/aili-naruski\\\/\"]}]},{\"@type\":\"BreadcrumbList\",\"@id\":\"https:\\\/\\\/wi.ee\\\/voro\\\/kiranigu\\\/aili-naruski\\\/#breadcrumb\",\"itemListElement\":[{\"@type\":\"ListItem\",\"position\":1,\"name\":\"Home\",\"item\":\"https:\\\/\\\/wi.ee\\\/voro\\\/\"},{\"@type\":\"ListItem\",\"position\":2,\"name\":\"KI\u00c4 OMMA V\u00d5RO KIR\u00c4NIGU\",\"item\":\"https:\\\/\\\/wi.ee\\\/voro\\\/kiranigu\\\/\"},{\"@type\":\"ListItem\",\"position\":3,\"name\":\"Aili Naruski\"}]},{\"@type\":\"WebSite\",\"@id\":\"https:\\\/\\\/wi.ee\\\/voro\\\/#website\",\"url\":\"https:\\\/\\\/wi.ee\\\/voro\\\/\",\"name\":\"V\u00f5ro kir\u00e4nd\u00fcs\",\"description\":\"V\u00f5ro kir\u00e4nd\u00fcse kodoleht\",\"potentialAction\":[{\"@type\":\"SearchAction\",\"target\":{\"@type\":\"EntryPoint\",\"urlTemplate\":\"https:\\\/\\\/wi.ee\\\/voro\\\/?s={search_term_string}\"},\"query-input\":{\"@type\":\"PropertyValueSpecification\",\"valueRequired\":true,\"valueName\":\"search_term_string\"}}],\"inLanguage\":\"et\"}]}<\/script>\n<!-- \/ Yoast SEO plugin. -->","yoast_head_json":{"title":"Aili Naruski - V\u00f5ro kir\u00e4nd\u00fcs","robots":{"index":"index","follow":"follow","max-snippet":"max-snippet:-1","max-image-preview":"max-image-preview:large","max-video-preview":"max-video-preview:-1"},"canonical":"https:\/\/wi.ee\/voro\/kiranigu\/aili-naruski\/","og_locale":"et_EE","og_type":"article","og_title":"Aili Naruski - V\u00f5ro kir\u00e4nd\u00fcs","og_description":"Aili Naruski el\u00e4s Kassirattal. Oll pikk\u00e4 aigu P\u00f5lvamaa luul\u00f5klubi Helem liig\u00f5q. Lats\u00f5p\u00f5lv\u00f5n kasvi vanaim\u00e4 man Rosmal. V\u00f5rokiilsid luul\u00f5tuisi avaldanuq aolehin Koit ja Kodumaa ja Loomingu Raamatukogu S\u00f5na erinumbrin. * V\u00d5RDT\u00c4HTS\u00c4 M\u00d5L\u00d5MBA Tii\u00e4q kas tet\u00e4q murd\u00f5luku vai tuuaq m\u00f5tsast luuahaku V\u00f5rdt\u00e4hts\u00e4 ommaq vast m\u00f5l\u00f5mbaq \u00fctelgu targaq ki\u00e4q k\u00f5v\u00f5mbaq * S\u00c4\u00c4NE OLL\u00b4 MU IM\u00c4KIIL Tekku p\u00e4\u00e4legi Tartoh [&hellip;]","og_url":"https:\/\/wi.ee\/voro\/kiranigu\/aili-naruski\/","og_site_name":"V\u00f5ro kir\u00e4nd\u00fcs","twitter_card":"summary_large_image","twitter_misc":{"Est. reading time":"11 minutit"},"schema":{"@context":"https:\/\/schema.org","@graph":[{"@type":"WebPage","@id":"https:\/\/wi.ee\/voro\/kiranigu\/aili-naruski\/","url":"https:\/\/wi.ee\/voro\/kiranigu\/aili-naruski\/","name":"Aili Naruski - V\u00f5ro kir\u00e4nd\u00fcs","isPartOf":{"@id":"https:\/\/wi.ee\/voro\/#website"},"datePublished":"2016-02-02T09:19:36+00:00","breadcrumb":{"@id":"https:\/\/wi.ee\/voro\/kiranigu\/aili-naruski\/#breadcrumb"},"inLanguage":"et","potentialAction":[{"@type":"ReadAction","target":["https:\/\/wi.ee\/voro\/kiranigu\/aili-naruski\/"]}]},{"@type":"BreadcrumbList","@id":"https:\/\/wi.ee\/voro\/kiranigu\/aili-naruski\/#breadcrumb","itemListElement":[{"@type":"ListItem","position":1,"name":"Home","item":"https:\/\/wi.ee\/voro\/"},{"@type":"ListItem","position":2,"name":"KI\u00c4 OMMA V\u00d5RO KIR\u00c4NIGU","item":"https:\/\/wi.ee\/voro\/kiranigu\/"},{"@type":"ListItem","position":3,"name":"Aili Naruski"}]},{"@type":"WebSite","@id":"https:\/\/wi.ee\/voro\/#website","url":"https:\/\/wi.ee\/voro\/","name":"V\u00f5ro kir\u00e4nd\u00fcs","description":"V\u00f5ro kir\u00e4nd\u00fcse kodoleht","potentialAction":[{"@type":"SearchAction","target":{"@type":"EntryPoint","urlTemplate":"https:\/\/wi.ee\/voro\/?s={search_term_string}"},"query-input":{"@type":"PropertyValueSpecification","valueRequired":true,"valueName":"search_term_string"}}],"inLanguage":"et"}]}},"_links":{"self":[{"href":"https:\/\/wi.ee\/voro\/wp-json\/wp\/v2\/pages\/134","targetHints":{"allow":["GET"]}}],"collection":[{"href":"https:\/\/wi.ee\/voro\/wp-json\/wp\/v2\/pages"}],"about":[{"href":"https:\/\/wi.ee\/voro\/wp-json\/wp\/v2\/types\/page"}],"author":[{"embeddable":true,"href":"https:\/\/wi.ee\/voro\/wp-json\/wp\/v2\/users\/1"}],"replies":[{"embeddable":true,"href":"https:\/\/wi.ee\/voro\/wp-json\/wp\/v2\/comments?post=134"}],"version-history":[{"count":1,"href":"https:\/\/wi.ee\/voro\/wp-json\/wp\/v2\/pages\/134\/revisions"}],"predecessor-version":[{"id":135,"href":"https:\/\/wi.ee\/voro\/wp-json\/wp\/v2\/pages\/134\/revisions\/135"}],"up":[{"embeddable":true,"href":"https:\/\/wi.ee\/voro\/wp-json\/wp\/v2\/pages\/9"}],"wp:attachment":[{"href":"https:\/\/wi.ee\/voro\/wp-json\/wp\/v2\/media?parent=134"}],"curies":[{"name":"wp","href":"https:\/\/api.w.org\/{rel}","templated":true}]}}