{"id":126,"date":"2016-02-02T11:16:36","date_gmt":"2016-02-02T09:16:36","guid":{"rendered":"http:\/\/wi.ee\/voro\/?page_id=126"},"modified":"2016-02-02T11:16:36","modified_gmt":"2016-02-02T09:16:36","slug":"aivo-lohmus","status":"publish","type":"page","link":"https:\/\/wi.ee\/voro\/kiranigu\/aivo-lohmus\/","title":{"rendered":"Aivo L\u00f5hmus"},"content":{"rendered":"<p><strong><img loading=\"lazy\" decoding=\"async\" class=\"alignleft size-full wp-image-127\" src=\"http:\/\/wi.ee\/voro\/wp-content\/uploads\/2016\/02\/aivo-lohmus.gif\" alt=\"aivo-lohmus\" width=\"136\" height=\"187\" \/>Aivo L\u00f5hmus<\/strong> s\u00fcnd\u00fc 21. hainakuu p\u00e4\u00e4v\u00e4l 1950. a Varbus\u00f5 k\u00fcl\u00e4n Tille m\u00f6ldre perren. Kodokandin sai L\u00f5hmus ka p\u00f5hiharidus\u00f5, p\u00e4\u00e4leq tuud ops\u00f5 ja tekk&#8217; t\u00fc\u00fcd muial. Aivo L\u00f5hmus om \u00fcteln\u00fcq, et noor\u00f5p\u00f5lv\u00f5n sai hind\u00e4le lubatuq kodomail\u00f5 tull\u00f5n yks maakiilt kyn\u00f5ldaq ja et tuust lubadus\u00f5st om kinniq kah peet. Ehkk\u00e4 rohk\u00f5mb om Aivo L\u00f5hmus kirotanuq p\u00f5haeesti keelen, om tim\u00e4 eestikeelitsen luul\u00f5ngi tundaq V\u00f5romaa vaimu.<\/p>\n<p>Aivo L\u00f5hmus k\u00e4ve 1957-65 Karaski 8-kl. koolin, sys l\u00e4ts&#8217; opma Talina Pol\u00fctehnikummi, mille l\u00f5p\u00f5t&#8217; 1969 ja 15. T\u00fc\u00fclisnoori keskkooli 1970. Samal aastagal asts\u00f5 tehnikaharidus\u00f5 saanuq Aivo L\u00f5hmus Tartu Riiklikku \u00dclikuuli, mink l\u00f5p\u00f5t&#8217; 1976 eesti filolooginaq.<\/p>\n<p>P\u00e4\u00e4leq Pol\u00fctehnikummi ja inne TR\u00dcd oll&#8217; L\u00f5hmus Ehit\u00fcse Tiid\u00fcsliku Uurmise Instituudi ja Balti Raudtii palgal. 1974-79 oll&#8217; Tartu Edasin kulduuriaokir\u00e4nik, p\u00e4\u00e4leq tuud Eesti Raadio-Telekeskuse Tartu tsehhi meistri. 1985. a-st Kir\u00e4nike Liidu Tartu osakunna konsultant&#8217;. Oll&#8217; Tartu Kir\u00e4nike maja aktiivne \u00e4rqv\u00f5tja KGB-KaPo k\u00e4est ja s\u00e4\u00e4l majan joba Ilmamaa kir\u00e4st\u00fcse ni \u201cEesti m\u00f5tteluu\u201d sarja luumise man.<\/p>\n<p>Luul\u00f5tamist alost&#8217; Aivo L\u00f5hmus 10-aastagads\u00f5lt, t\u00f5sits\u00f5mpa noor\u00f5p\u00f5lv\u00f5n, tr\u00fckk\u00fc p\u00e4ssi edim\u00e4lt 1969. Aiv\u00f5 L\u00f5hmuss\u00f5 kat\u00f5n edimedsen kogon v\u00f5rokeelidsit v\u00e4rsse ol\u00f5-iq, kolmandan \u201cN\u00fc\u00fcd ja enne, siin ja mujal\u201d om ts\u00fckli &#8220;P\u00e4iv&#8221;, 6 l\u00fchk\u00fcst v\u00f5rokeelist teksti. Ka V\u00f5ro lug\u00f5mikun om \u00fcts&#8217; L\u00f5hmuss\u00f5 luul\u00f5tus. V\u00f5ro kir\u00e4nd\u00fcsluu kotuss\u00f5 p\u00e4\u00e4lt om kyg\u00f5 t\u00e4hts\u00e4mb muidogi \u00fcten Madis K\u00f5ivuga kirot\u00f5t edimene v\u00f5rokiilne n\u00e4\u00fctem\u00e4ng \u201cP\u00f5ud ja vihm P\u00f5lva kihelkonnan nel\u00e4t\u00f5istk\u00fcmnend\u00e4m\u00e4 aasta suv\u00f5l\u201d, mink Ingo Normet 1993. aastagal teatritud\u00f5ngid\u00f5ga lava p\u00e4\u00e4le t\u00f5i.<\/p>\n<p>Aivo L\u00f5hmus om viil kirotanuq \u00fcte eestikeelidse romaani, soom\u00f5keelidse luul\u00f5kogo ja hulga kir\u00e4nd\u00fcs-, teatri-, filmipublitsistikat ja poliidilist publitsistikat.<\/p>\n<p>Aivo L\u00f5hmus kuuli 2005. aastaga 28. paastukuu p\u00e4\u00e4v\u00e4l Tarton.<\/p>\n<h3>Luul\u00f5q:<\/h3>\n<p>Aastarangid ER 1976<\/p>\n<p>Puumaamees ER 1978<\/p>\n<p>N\u00fc\u00fcd ja enne, siin ja mujal ER 1982<\/p>\n<p>Kysymyksi\u00e4 presidentille Jyv\u00e4skyl\u00e4 1991<\/p>\n<p>Romaan`: Alla orgu ja \u00fcle j\u00f5e ER 1988<\/p>\n<p>N\u00e4\u00fctem\u00e4ng: P\u00f5ud ja vihm P\u00f5lva kihelkonnan nel\u00e4t\u00f5istk\u00fcmnend\u00e4m\u00e4 aasta suv\u00f5l (AL ja Madis K\u00f5iv) ER 1987 lav. Ingo Normet TMA lavakunstikateedrin 1993<\/p>\n<p>Ku AL Soom\u00f5n kogo v\u00e4ll\u00e4 and`, teiv\u00e4q suumlaseq tim\u00e4st filmi &#8220;Aivo Tartusta&#8221;.<\/p>\n<h3>AL kotsil\u00f5 saa luk\u00f5q:<\/h3>\n<p>Lng X 1976 (A. Oja)<\/p>\n<p>Edasi 30. X 1982 (K. Pruul)<\/p>\n<p>S&amp;V 28. I 1983 (S. Olesk)<\/p>\n<p>Lng X 1987 (Kauksi \u00dclle)<\/p>\n<p>Lng X 1987 (M. Hint)<\/p>\n<p>S&amp;V 18. XII 1987 (\u00dc. Tonts)<\/p>\n<p>S&amp;V 12. VIII 1988 (intervjuu)<\/p>\n<p>Lng XII 1988 (M: Hint)<\/p>\n<p>Tulimuld II 1990 (I. Gr\u00fcnthal<\/p>\n<p>Lng VI 1991 (S: Kiin)<\/p>\n<p>Pm Extra 6. VIII 1994 (intervjuu)<\/p>\n<h3>Aivo L\u00f5hmuse luulet<\/h3>\n<p>Nahk nii hille ja sille<br \/>\niho nii muhhe ja mahhe<br \/>\ntissiq nii \u00fcm\u00e4riguq<br \/>\neg\u00e4lt puult muialt<br \/>\nkah illos ja \u00f5rn<br \/>\nkyg\u00f5 ilosamb<br \/>\nkyg\u00f5 \u00f5rn\u00f5mb<br \/>\ns\u00e4\u00e4lt<br \/>\nkohe kyg\u00f5 rohk\u00f5mb<br \/>\ntahassi kaiaq<br \/>\nja kaotsihe minn\u00e4q<\/p>\n","protected":false},"excerpt":{"rendered":"<p>Aivo L\u00f5hmus s\u00fcnd\u00fc 21. hainakuu p\u00e4\u00e4v\u00e4l 1950. a Varbus\u00f5 k\u00fcl\u00e4n Tille m\u00f6ldre perren. Kodokandin sai L\u00f5hmus ka p\u00f5hiharidus\u00f5, p\u00e4\u00e4leq tuud ops\u00f5 ja tekk&#8217; t\u00fc\u00fcd muial. Aivo L\u00f5hmus om \u00fcteln\u00fcq, et noor\u00f5p\u00f5lv\u00f5n sai hind\u00e4le lubatuq kodomail\u00f5 tull\u00f5n yks maakiilt kyn\u00f5ldaq ja et tuust lubadus\u00f5st om kinniq kah peet. Ehkk\u00e4 rohk\u00f5mb om Aivo L\u00f5hmus kirotanuq p\u00f5haeesti keelen, [&hellip;]<\/p>\n","protected":false},"author":1,"featured_media":0,"parent":9,"menu_order":23,"comment_status":"closed","ping_status":"closed","template":"","meta":{"footnotes":""},"class_list":["post-126","page","type-page","status-publish","hentry"],"yoast_head":"<!-- This site is optimized with the Yoast SEO plugin v27.3 - https:\/\/yoast.com\/product\/yoast-seo-wordpress\/ -->\n<title>Aivo L\u00f5hmus - V\u00f5ro kir\u00e4nd\u00fcs<\/title>\n<meta name=\"robots\" content=\"index, follow, max-snippet:-1, max-image-preview:large, max-video-preview:-1\" \/>\n<link rel=\"canonical\" href=\"https:\/\/wi.ee\/voro\/kiranigu\/aivo-lohmus\/\" \/>\n<meta property=\"og:locale\" content=\"et_EE\" \/>\n<meta property=\"og:type\" content=\"article\" \/>\n<meta property=\"og:title\" content=\"Aivo L\u00f5hmus - V\u00f5ro kir\u00e4nd\u00fcs\" \/>\n<meta property=\"og:description\" content=\"Aivo L\u00f5hmus s\u00fcnd\u00fc 21. hainakuu p\u00e4\u00e4v\u00e4l 1950. a Varbus\u00f5 k\u00fcl\u00e4n Tille m\u00f6ldre perren. Kodokandin sai L\u00f5hmus ka p\u00f5hiharidus\u00f5, p\u00e4\u00e4leq tuud ops\u00f5 ja tekk&#8217; t\u00fc\u00fcd muial. Aivo L\u00f5hmus om \u00fcteln\u00fcq, et noor\u00f5p\u00f5lv\u00f5n sai hind\u00e4le lubatuq kodomail\u00f5 tull\u00f5n yks maakiilt kyn\u00f5ldaq ja et tuust lubadus\u00f5st om kinniq kah peet. Ehkk\u00e4 rohk\u00f5mb om Aivo L\u00f5hmus kirotanuq p\u00f5haeesti keelen, [&hellip;]\" \/>\n<meta property=\"og:url\" content=\"https:\/\/wi.ee\/voro\/kiranigu\/aivo-lohmus\/\" \/>\n<meta property=\"og:site_name\" content=\"V\u00f5ro kir\u00e4nd\u00fcs\" \/>\n<meta property=\"og:image\" content=\"http:\/\/wi.ee\/voro\/wp-content\/uploads\/2016\/02\/aivo-lohmus.gif\" \/>\n<meta name=\"twitter:card\" content=\"summary_large_image\" \/>\n<meta name=\"twitter:label1\" content=\"Est. reading time\" \/>\n\t<meta name=\"twitter:data1\" content=\"3 minutit\" \/>\n<script type=\"application\/ld+json\" class=\"yoast-schema-graph\">{\"@context\":\"https:\\\/\\\/schema.org\",\"@graph\":[{\"@type\":\"WebPage\",\"@id\":\"https:\\\/\\\/wi.ee\\\/voro\\\/kiranigu\\\/aivo-lohmus\\\/\",\"url\":\"https:\\\/\\\/wi.ee\\\/voro\\\/kiranigu\\\/aivo-lohmus\\\/\",\"name\":\"Aivo L\u00f5hmus - V\u00f5ro kir\u00e4nd\u00fcs\",\"isPartOf\":{\"@id\":\"https:\\\/\\\/wi.ee\\\/voro\\\/#website\"},\"primaryImageOfPage\":{\"@id\":\"https:\\\/\\\/wi.ee\\\/voro\\\/kiranigu\\\/aivo-lohmus\\\/#primaryimage\"},\"image\":{\"@id\":\"https:\\\/\\\/wi.ee\\\/voro\\\/kiranigu\\\/aivo-lohmus\\\/#primaryimage\"},\"thumbnailUrl\":\"http:\\\/\\\/wi.ee\\\/voro\\\/wp-content\\\/uploads\\\/2016\\\/02\\\/aivo-lohmus.gif\",\"datePublished\":\"2016-02-02T09:16:36+00:00\",\"breadcrumb\":{\"@id\":\"https:\\\/\\\/wi.ee\\\/voro\\\/kiranigu\\\/aivo-lohmus\\\/#breadcrumb\"},\"inLanguage\":\"et\",\"potentialAction\":[{\"@type\":\"ReadAction\",\"target\":[\"https:\\\/\\\/wi.ee\\\/voro\\\/kiranigu\\\/aivo-lohmus\\\/\"]}]},{\"@type\":\"ImageObject\",\"inLanguage\":\"et\",\"@id\":\"https:\\\/\\\/wi.ee\\\/voro\\\/kiranigu\\\/aivo-lohmus\\\/#primaryimage\",\"url\":\"http:\\\/\\\/wi.ee\\\/voro\\\/wp-content\\\/uploads\\\/2016\\\/02\\\/aivo-lohmus.gif\",\"contentUrl\":\"http:\\\/\\\/wi.ee\\\/voro\\\/wp-content\\\/uploads\\\/2016\\\/02\\\/aivo-lohmus.gif\"},{\"@type\":\"BreadcrumbList\",\"@id\":\"https:\\\/\\\/wi.ee\\\/voro\\\/kiranigu\\\/aivo-lohmus\\\/#breadcrumb\",\"itemListElement\":[{\"@type\":\"ListItem\",\"position\":1,\"name\":\"Home\",\"item\":\"https:\\\/\\\/wi.ee\\\/voro\\\/\"},{\"@type\":\"ListItem\",\"position\":2,\"name\":\"KI\u00c4 OMMA V\u00d5RO KIR\u00c4NIGU\",\"item\":\"https:\\\/\\\/wi.ee\\\/voro\\\/kiranigu\\\/\"},{\"@type\":\"ListItem\",\"position\":3,\"name\":\"Aivo L\u00f5hmus\"}]},{\"@type\":\"WebSite\",\"@id\":\"https:\\\/\\\/wi.ee\\\/voro\\\/#website\",\"url\":\"https:\\\/\\\/wi.ee\\\/voro\\\/\",\"name\":\"V\u00f5ro kir\u00e4nd\u00fcs\",\"description\":\"V\u00f5ro kir\u00e4nd\u00fcse kodoleht\",\"potentialAction\":[{\"@type\":\"SearchAction\",\"target\":{\"@type\":\"EntryPoint\",\"urlTemplate\":\"https:\\\/\\\/wi.ee\\\/voro\\\/?s={search_term_string}\"},\"query-input\":{\"@type\":\"PropertyValueSpecification\",\"valueRequired\":true,\"valueName\":\"search_term_string\"}}],\"inLanguage\":\"et\"}]}<\/script>\n<!-- \/ Yoast SEO plugin. -->","yoast_head_json":{"title":"Aivo L\u00f5hmus - V\u00f5ro kir\u00e4nd\u00fcs","robots":{"index":"index","follow":"follow","max-snippet":"max-snippet:-1","max-image-preview":"max-image-preview:large","max-video-preview":"max-video-preview:-1"},"canonical":"https:\/\/wi.ee\/voro\/kiranigu\/aivo-lohmus\/","og_locale":"et_EE","og_type":"article","og_title":"Aivo L\u00f5hmus - V\u00f5ro kir\u00e4nd\u00fcs","og_description":"Aivo L\u00f5hmus s\u00fcnd\u00fc 21. hainakuu p\u00e4\u00e4v\u00e4l 1950. a Varbus\u00f5 k\u00fcl\u00e4n Tille m\u00f6ldre perren. Kodokandin sai L\u00f5hmus ka p\u00f5hiharidus\u00f5, p\u00e4\u00e4leq tuud ops\u00f5 ja tekk&#8217; t\u00fc\u00fcd muial. Aivo L\u00f5hmus om \u00fcteln\u00fcq, et noor\u00f5p\u00f5lv\u00f5n sai hind\u00e4le lubatuq kodomail\u00f5 tull\u00f5n yks maakiilt kyn\u00f5ldaq ja et tuust lubadus\u00f5st om kinniq kah peet. Ehkk\u00e4 rohk\u00f5mb om Aivo L\u00f5hmus kirotanuq p\u00f5haeesti keelen, [&hellip;]","og_url":"https:\/\/wi.ee\/voro\/kiranigu\/aivo-lohmus\/","og_site_name":"V\u00f5ro kir\u00e4nd\u00fcs","og_image":[{"url":"http:\/\/wi.ee\/voro\/wp-content\/uploads\/2016\/02\/aivo-lohmus.gif","type":"","width":"","height":""}],"twitter_card":"summary_large_image","twitter_misc":{"Est. reading time":"3 minutit"},"schema":{"@context":"https:\/\/schema.org","@graph":[{"@type":"WebPage","@id":"https:\/\/wi.ee\/voro\/kiranigu\/aivo-lohmus\/","url":"https:\/\/wi.ee\/voro\/kiranigu\/aivo-lohmus\/","name":"Aivo L\u00f5hmus - V\u00f5ro kir\u00e4nd\u00fcs","isPartOf":{"@id":"https:\/\/wi.ee\/voro\/#website"},"primaryImageOfPage":{"@id":"https:\/\/wi.ee\/voro\/kiranigu\/aivo-lohmus\/#primaryimage"},"image":{"@id":"https:\/\/wi.ee\/voro\/kiranigu\/aivo-lohmus\/#primaryimage"},"thumbnailUrl":"http:\/\/wi.ee\/voro\/wp-content\/uploads\/2016\/02\/aivo-lohmus.gif","datePublished":"2016-02-02T09:16:36+00:00","breadcrumb":{"@id":"https:\/\/wi.ee\/voro\/kiranigu\/aivo-lohmus\/#breadcrumb"},"inLanguage":"et","potentialAction":[{"@type":"ReadAction","target":["https:\/\/wi.ee\/voro\/kiranigu\/aivo-lohmus\/"]}]},{"@type":"ImageObject","inLanguage":"et","@id":"https:\/\/wi.ee\/voro\/kiranigu\/aivo-lohmus\/#primaryimage","url":"http:\/\/wi.ee\/voro\/wp-content\/uploads\/2016\/02\/aivo-lohmus.gif","contentUrl":"http:\/\/wi.ee\/voro\/wp-content\/uploads\/2016\/02\/aivo-lohmus.gif"},{"@type":"BreadcrumbList","@id":"https:\/\/wi.ee\/voro\/kiranigu\/aivo-lohmus\/#breadcrumb","itemListElement":[{"@type":"ListItem","position":1,"name":"Home","item":"https:\/\/wi.ee\/voro\/"},{"@type":"ListItem","position":2,"name":"KI\u00c4 OMMA V\u00d5RO KIR\u00c4NIGU","item":"https:\/\/wi.ee\/voro\/kiranigu\/"},{"@type":"ListItem","position":3,"name":"Aivo L\u00f5hmus"}]},{"@type":"WebSite","@id":"https:\/\/wi.ee\/voro\/#website","url":"https:\/\/wi.ee\/voro\/","name":"V\u00f5ro kir\u00e4nd\u00fcs","description":"V\u00f5ro kir\u00e4nd\u00fcse kodoleht","potentialAction":[{"@type":"SearchAction","target":{"@type":"EntryPoint","urlTemplate":"https:\/\/wi.ee\/voro\/?s={search_term_string}"},"query-input":{"@type":"PropertyValueSpecification","valueRequired":true,"valueName":"search_term_string"}}],"inLanguage":"et"}]}},"_links":{"self":[{"href":"https:\/\/wi.ee\/voro\/wp-json\/wp\/v2\/pages\/126","targetHints":{"allow":["GET"]}}],"collection":[{"href":"https:\/\/wi.ee\/voro\/wp-json\/wp\/v2\/pages"}],"about":[{"href":"https:\/\/wi.ee\/voro\/wp-json\/wp\/v2\/types\/page"}],"author":[{"embeddable":true,"href":"https:\/\/wi.ee\/voro\/wp-json\/wp\/v2\/users\/1"}],"replies":[{"embeddable":true,"href":"https:\/\/wi.ee\/voro\/wp-json\/wp\/v2\/comments?post=126"}],"version-history":[{"count":1,"href":"https:\/\/wi.ee\/voro\/wp-json\/wp\/v2\/pages\/126\/revisions"}],"predecessor-version":[{"id":128,"href":"https:\/\/wi.ee\/voro\/wp-json\/wp\/v2\/pages\/126\/revisions\/128"}],"up":[{"embeddable":true,"href":"https:\/\/wi.ee\/voro\/wp-json\/wp\/v2\/pages\/9"}],"wp:attachment":[{"href":"https:\/\/wi.ee\/voro\/wp-json\/wp\/v2\/media?parent=126"}],"curies":[{"name":"wp","href":"https:\/\/api.w.org\/{rel}","templated":true}]}}