{"id":124,"date":"2016-02-02T11:14:34","date_gmt":"2016-02-02T09:14:34","guid":{"rendered":"http:\/\/wi.ee\/voro\/?page_id=124"},"modified":"2016-02-02T11:14:34","modified_gmt":"2016-02-02T09:14:34","slug":"peeter-lindsaar","status":"publish","type":"page","link":"https:\/\/wi.ee\/voro\/kiranigu\/peeter-lindsaar\/","title":{"rendered":"Peeter Lindsaar"},"content":{"rendered":"<p><strong>Peeter Lindsaar<\/strong> om uma v\u00f5ro- ja eestikiilsin jut\u00f5n kujutanuq V\u00f5romaad ja tim\u00e4 inemiisi.<\/p>\n<p>Peeter Lindsaar (oll` kuni 1935. aastagani Lindseer) s\u00fcnd\u00fc 12. VII 1906 Urvast\u00f5 kihelkonnan Vastse-Antsla valla Kuldre k\u00fcl\u00e4 Hansi talu peremehe pojana. Ops\u00f5 Vastse-Antsla vallakoolin 1915-1917, Otep\u00e4\u00e4 prog\u00fcmnaasiumin 1917-1922, Valga poiglatsi g\u00fcmnaasiumin 1922-1927, Tartu \u00fclikooli filosoofiatiid\u00fcskonnan 1937-1938 ja \u00f5igustiid\u00fcskonnan 1938-41. Korporatsioon \u201cUgala\u201d liig\u00f5q aastast 1935. 1931 l\u00f5p\u00f5t` Tondil syakooli. Per\u00e4n syakuul\u00f5 l\u00f5p\u00f5tamist oll` syav\u00e4eteenist\u00fcsen Talinan, V\u00f5rol ja Petserin. Pag\u00f5si 1944 L\u00e4ti kaudu Saksamaal\u00f5, oll` syavangin USA tsoonin. 1948 l\u00e4ts` Saksamaalt Austraalial\u00f5. Austraalian oll` t\u00e4 Sydney syav\u00e4ehaigla sanitar ja 1949-1951 aolehe \u201cMeie kodu\u201d tehniline toim\u00f5taja, edesi 1951-1955 tegevtoim\u00f5taja.<\/p>\n<p>1955-1971 Sydney Mitchelli-nimelise riikligu raamatukogu ametnik.<\/p>\n<p>Peeter Lindsaar kuuli 6. XI 1990 Sydneyn.<\/p>\n<h3>Looming:<\/h3>\n<p>\u201cVana hobune\u201d 1950 Sydney (l\u00fch\u00fcjutt\u00f5 ja jutt\u00f5 kogomik, kohati v\u00f5rokiilne)<br \/>\n\u201cKoduk\u00fcla\u201d 1954 Lund(l\u00fch\u00fcjutuq V\u00f5romaa vanaaolidsest k\u00fcl\u00e4elust)<\/p>\n<h3>S\u00f5av\u00e4eromaan\u00f5 sari:<\/h3>\n<p>\u201c\u2026ja s\u00f5durid laulavad\u201d I-II (1959-1962) Lund<br \/>\n\u201cPaelamehed\u201d 1967 Lund<br \/>\n\u201c\u00d5rn armastus\u201d 1970 Lund<br \/>\n\u201cH\u00e4rrad ohvitserid\u201d 1974 Lund<br \/>\n\u201cV\u00e4rska\u201d 1977 Lund<\/p>\n<p>\u201cKoolilinn Valga\u201d 1984 Lund (kaasautor m\u00e4lest\u00fcstekogomikun)<br \/>\n\u201cNeptuun ilmus laevale\u201d 1951 Sydney reisikiri<br \/>\n\u201cMardus kiljatas\u201d 1964 Lund &#8211; m\u00e4lest\u00fcisi kogo<br \/>\n\u201cKannatustee\u201d 1983 Lund<\/p>\n<p>N\u00e4\u00fctem\u00e4ngis tenn\u00fcq jutu \u201cVana hobune\u201d p\u00e4\u00e4lkir\u00e4ga \u201cEmaarmastus\u201d.<\/p>\n<h3>Tim\u00e4 kotsil\u00f5 saa luk\u00f5q:<\/h3>\n<p>H. Eller \u201cPeeter Lindsaar\u201d (Lund 1970)<br \/>\nPeeter Lindsaare bibliograafia, Sydney 1987<br \/>\nTulimuld 1951-1 (Raimond Kolk)<br \/>\nKirjanikult lugejale (Lund 1952) &#8211; memuaariq<br \/>\nTulimuld 1954-3 (Raimond Kolk)<br \/>\nMana 1960-1 (A. Reinans)<br \/>\n\u201cMinu noorusmaa\u201d Lund 1964 m\u00e4lest\u00fcseq<br \/>\nBernard Kangro \u201cH\u00e4itsmemehi ja p\u00e4rlip\u00fc\u00fcdjaid I\u201d (Lund 1978)<br \/>\nTulimuld 1983-2<br \/>\nReede 16. XI 1990 (nekroloog)<br \/>\nLooming 1990-12 (A. Valmas)<br \/>\nKeel ja Kirjandus 1991-3 (E. Teder)<br \/>\nPioneer 1988-4 nekroloog<\/p>\n","protected":false},"excerpt":{"rendered":"<p>Peeter Lindsaar om uma v\u00f5ro- ja eestikiilsin jut\u00f5n kujutanuq V\u00f5romaad ja tim\u00e4 inemiisi. Peeter Lindsaar (oll` kuni 1935. aastagani Lindseer) s\u00fcnd\u00fc 12. VII 1906 Urvast\u00f5 kihelkonnan Vastse-Antsla valla Kuldre k\u00fcl\u00e4 Hansi talu peremehe pojana. Ops\u00f5 Vastse-Antsla vallakoolin 1915-1917, Otep\u00e4\u00e4 prog\u00fcmnaasiumin 1917-1922, Valga poiglatsi g\u00fcmnaasiumin 1922-1927, Tartu \u00fclikooli filosoofiatiid\u00fcskonnan 1937-1938 ja \u00f5igustiid\u00fcskonnan 1938-41. Korporatsioon \u201cUgala\u201d liig\u00f5q [&hellip;]<\/p>\n","protected":false},"author":1,"featured_media":0,"parent":9,"menu_order":22,"comment_status":"closed","ping_status":"closed","template":"","meta":{"footnotes":""},"class_list":["post-124","page","type-page","status-publish","hentry"],"yoast_head":"<!-- This site is optimized with the Yoast SEO plugin v27.4 - https:\/\/yoast.com\/product\/yoast-seo-wordpress\/ -->\n<title>Peeter Lindsaar - V\u00f5ro kir\u00e4nd\u00fcs<\/title>\n<meta name=\"robots\" content=\"index, follow, max-snippet:-1, max-image-preview:large, max-video-preview:-1\" \/>\n<link rel=\"canonical\" href=\"https:\/\/wi.ee\/voro\/kiranigu\/peeter-lindsaar\/\" \/>\n<meta property=\"og:locale\" content=\"et_EE\" \/>\n<meta property=\"og:type\" content=\"article\" \/>\n<meta property=\"og:title\" content=\"Peeter Lindsaar - V\u00f5ro kir\u00e4nd\u00fcs\" \/>\n<meta property=\"og:description\" content=\"Peeter Lindsaar om uma v\u00f5ro- ja eestikiilsin jut\u00f5n kujutanuq V\u00f5romaad ja tim\u00e4 inemiisi. Peeter Lindsaar (oll` kuni 1935. aastagani Lindseer) s\u00fcnd\u00fc 12. VII 1906 Urvast\u00f5 kihelkonnan Vastse-Antsla valla Kuldre k\u00fcl\u00e4 Hansi talu peremehe pojana. Ops\u00f5 Vastse-Antsla vallakoolin 1915-1917, Otep\u00e4\u00e4 prog\u00fcmnaasiumin 1917-1922, Valga poiglatsi g\u00fcmnaasiumin 1922-1927, Tartu \u00fclikooli filosoofiatiid\u00fcskonnan 1937-1938 ja \u00f5igustiid\u00fcskonnan 1938-41. Korporatsioon \u201cUgala\u201d liig\u00f5q [&hellip;]\" \/>\n<meta property=\"og:url\" content=\"https:\/\/wi.ee\/voro\/kiranigu\/peeter-lindsaar\/\" \/>\n<meta property=\"og:site_name\" content=\"V\u00f5ro kir\u00e4nd\u00fcs\" \/>\n<meta name=\"twitter:card\" content=\"summary_large_image\" \/>\n<meta name=\"twitter:label1\" content=\"Est. reading time\" \/>\n\t<meta name=\"twitter:data1\" content=\"1 minut\" \/>\n<script type=\"application\/ld+json\" class=\"yoast-schema-graph\">{\"@context\":\"https:\\\/\\\/schema.org\",\"@graph\":[{\"@type\":\"WebPage\",\"@id\":\"https:\\\/\\\/wi.ee\\\/voro\\\/kiranigu\\\/peeter-lindsaar\\\/\",\"url\":\"https:\\\/\\\/wi.ee\\\/voro\\\/kiranigu\\\/peeter-lindsaar\\\/\",\"name\":\"Peeter Lindsaar - V\u00f5ro kir\u00e4nd\u00fcs\",\"isPartOf\":{\"@id\":\"https:\\\/\\\/wi.ee\\\/voro\\\/#website\"},\"datePublished\":\"2016-02-02T09:14:34+00:00\",\"breadcrumb\":{\"@id\":\"https:\\\/\\\/wi.ee\\\/voro\\\/kiranigu\\\/peeter-lindsaar\\\/#breadcrumb\"},\"inLanguage\":\"et\",\"potentialAction\":[{\"@type\":\"ReadAction\",\"target\":[\"https:\\\/\\\/wi.ee\\\/voro\\\/kiranigu\\\/peeter-lindsaar\\\/\"]}]},{\"@type\":\"BreadcrumbList\",\"@id\":\"https:\\\/\\\/wi.ee\\\/voro\\\/kiranigu\\\/peeter-lindsaar\\\/#breadcrumb\",\"itemListElement\":[{\"@type\":\"ListItem\",\"position\":1,\"name\":\"Home\",\"item\":\"https:\\\/\\\/wi.ee\\\/voro\\\/\"},{\"@type\":\"ListItem\",\"position\":2,\"name\":\"KI\u00c4 OMMA V\u00d5RO KIR\u00c4NIGU\",\"item\":\"https:\\\/\\\/wi.ee\\\/voro\\\/kiranigu\\\/\"},{\"@type\":\"ListItem\",\"position\":3,\"name\":\"Peeter Lindsaar\"}]},{\"@type\":\"WebSite\",\"@id\":\"https:\\\/\\\/wi.ee\\\/voro\\\/#website\",\"url\":\"https:\\\/\\\/wi.ee\\\/voro\\\/\",\"name\":\"V\u00f5ro kir\u00e4nd\u00fcs\",\"description\":\"V\u00f5ro kir\u00e4nd\u00fcse kodoleht\",\"potentialAction\":[{\"@type\":\"SearchAction\",\"target\":{\"@type\":\"EntryPoint\",\"urlTemplate\":\"https:\\\/\\\/wi.ee\\\/voro\\\/?s={search_term_string}\"},\"query-input\":{\"@type\":\"PropertyValueSpecification\",\"valueRequired\":true,\"valueName\":\"search_term_string\"}}],\"inLanguage\":\"et\"}]}<\/script>\n<!-- \/ Yoast SEO plugin. -->","yoast_head_json":{"title":"Peeter Lindsaar - V\u00f5ro kir\u00e4nd\u00fcs","robots":{"index":"index","follow":"follow","max-snippet":"max-snippet:-1","max-image-preview":"max-image-preview:large","max-video-preview":"max-video-preview:-1"},"canonical":"https:\/\/wi.ee\/voro\/kiranigu\/peeter-lindsaar\/","og_locale":"et_EE","og_type":"article","og_title":"Peeter Lindsaar - V\u00f5ro kir\u00e4nd\u00fcs","og_description":"Peeter Lindsaar om uma v\u00f5ro- ja eestikiilsin jut\u00f5n kujutanuq V\u00f5romaad ja tim\u00e4 inemiisi. Peeter Lindsaar (oll` kuni 1935. aastagani Lindseer) s\u00fcnd\u00fc 12. VII 1906 Urvast\u00f5 kihelkonnan Vastse-Antsla valla Kuldre k\u00fcl\u00e4 Hansi talu peremehe pojana. Ops\u00f5 Vastse-Antsla vallakoolin 1915-1917, Otep\u00e4\u00e4 prog\u00fcmnaasiumin 1917-1922, Valga poiglatsi g\u00fcmnaasiumin 1922-1927, Tartu \u00fclikooli filosoofiatiid\u00fcskonnan 1937-1938 ja \u00f5igustiid\u00fcskonnan 1938-41. Korporatsioon \u201cUgala\u201d liig\u00f5q [&hellip;]","og_url":"https:\/\/wi.ee\/voro\/kiranigu\/peeter-lindsaar\/","og_site_name":"V\u00f5ro kir\u00e4nd\u00fcs","twitter_card":"summary_large_image","twitter_misc":{"Est. reading time":"1 minut"},"schema":{"@context":"https:\/\/schema.org","@graph":[{"@type":"WebPage","@id":"https:\/\/wi.ee\/voro\/kiranigu\/peeter-lindsaar\/","url":"https:\/\/wi.ee\/voro\/kiranigu\/peeter-lindsaar\/","name":"Peeter Lindsaar - V\u00f5ro kir\u00e4nd\u00fcs","isPartOf":{"@id":"https:\/\/wi.ee\/voro\/#website"},"datePublished":"2016-02-02T09:14:34+00:00","breadcrumb":{"@id":"https:\/\/wi.ee\/voro\/kiranigu\/peeter-lindsaar\/#breadcrumb"},"inLanguage":"et","potentialAction":[{"@type":"ReadAction","target":["https:\/\/wi.ee\/voro\/kiranigu\/peeter-lindsaar\/"]}]},{"@type":"BreadcrumbList","@id":"https:\/\/wi.ee\/voro\/kiranigu\/peeter-lindsaar\/#breadcrumb","itemListElement":[{"@type":"ListItem","position":1,"name":"Home","item":"https:\/\/wi.ee\/voro\/"},{"@type":"ListItem","position":2,"name":"KI\u00c4 OMMA V\u00d5RO KIR\u00c4NIGU","item":"https:\/\/wi.ee\/voro\/kiranigu\/"},{"@type":"ListItem","position":3,"name":"Peeter Lindsaar"}]},{"@type":"WebSite","@id":"https:\/\/wi.ee\/voro\/#website","url":"https:\/\/wi.ee\/voro\/","name":"V\u00f5ro kir\u00e4nd\u00fcs","description":"V\u00f5ro kir\u00e4nd\u00fcse kodoleht","potentialAction":[{"@type":"SearchAction","target":{"@type":"EntryPoint","urlTemplate":"https:\/\/wi.ee\/voro\/?s={search_term_string}"},"query-input":{"@type":"PropertyValueSpecification","valueRequired":true,"valueName":"search_term_string"}}],"inLanguage":"et"}]}},"_links":{"self":[{"href":"https:\/\/wi.ee\/voro\/wp-json\/wp\/v2\/pages\/124","targetHints":{"allow":["GET"]}}],"collection":[{"href":"https:\/\/wi.ee\/voro\/wp-json\/wp\/v2\/pages"}],"about":[{"href":"https:\/\/wi.ee\/voro\/wp-json\/wp\/v2\/types\/page"}],"author":[{"embeddable":true,"href":"https:\/\/wi.ee\/voro\/wp-json\/wp\/v2\/users\/1"}],"replies":[{"embeddable":true,"href":"https:\/\/wi.ee\/voro\/wp-json\/wp\/v2\/comments?post=124"}],"version-history":[{"count":1,"href":"https:\/\/wi.ee\/voro\/wp-json\/wp\/v2\/pages\/124\/revisions"}],"predecessor-version":[{"id":125,"href":"https:\/\/wi.ee\/voro\/wp-json\/wp\/v2\/pages\/124\/revisions\/125"}],"up":[{"embeddable":true,"href":"https:\/\/wi.ee\/voro\/wp-json\/wp\/v2\/pages\/9"}],"wp:attachment":[{"href":"https:\/\/wi.ee\/voro\/wp-json\/wp\/v2\/media?parent=124"}],"curies":[{"name":"wp","href":"https:\/\/api.w.org\/{rel}","templated":true}]}}