{"id":121,"date":"2016-02-02T11:12:15","date_gmt":"2016-02-02T09:12:15","guid":{"rendered":"http:\/\/wi.ee\/voro\/?page_id=121"},"modified":"2016-02-02T11:12:15","modified_gmt":"2016-02-02T09:12:15","slug":"jaan-lattiku-jutto-2","status":"publish","type":"page","link":"https:\/\/wi.ee\/voro\/kiranigu\/jaan-lattik\/jaan-lattiku-jutto-2\/","title":{"rendered":"Jaan Lattiku jutt\u00f5 2"},"content":{"rendered":"<h3>EDIM\u00c4NE ARMASTUS<\/h3>\n<p>\u201cV\u00e4rdi, kas sul pruuti kah um?\u201d<\/p>\n<p>\u201cOm tj\u00fcll.\u201d<\/p>\n<p>\u201cKi\u00e4 su pruut\u00b4 sys um?\u201d<\/p>\n<p>\u201cEeva.\u201d<\/p>\n<p>\u201cKuis nii, sa tahts\u00f5t jo Liisit v\u00f5tta?\u201d<\/p>\n<p>\u201cMaq Liisit \u00e4mp ei v\u00f5taq.\u201d<\/p>\n<p>\u201cA mille?\u201d<\/p>\n<p>\u201cLiisil ei ol\u00f5q saapit.\u201d<\/p>\n<p>\u201c\u00d5ig\u00f5 mul miis\u00b4s, kas sa sys s\u00e4\u00e4ntse t\u00fch\u00e4 a\u00b4sa per\u00e4st pruudi maaha j\u00e4t\u00e4t. Kas Eeval ummaq saapaq?\u201d<\/p>\n<p>\u201cEeval um kat\u00b4s paari, t\u00f5s\u00f5q vahts\u00f5q, t\u00f5s\u00f5q vanaq; vanul\u00f5 lastas, ku k\u00e4ngsepp tul\u00f5, vahts\u00f5 pool\u00f5tallaq alaq panda.\u201d<\/p>\n<p>\u201cA ku Liisa kah vahts\u00f5 saapaq saa, verivahts\u00f5, &#8212; mis sa sys tiit?\u201d<\/p>\n<p>\u201c\u00dctskiik\u00b4.\u201d<\/p>\n<p>\u201cMis tuu t\u00e4hend\u00e4s \u201c\u00fctskiik\u00b4\u201d &#8212; kas sys v\u00f5tat Liisi?\u201d<\/p>\n<p>\u201cEi maq Liisit ei v\u00f5taq.\u201d<\/p>\n<p>\u201cA ku Liisile kat\u00b4s paari vahtsit saapit ost\u00f5tas?\u201d<\/p>\n<p>\u201c\u00dctskiik\u00b4, \u00f5gas mul ti\u00e4 saapit vaja ei ol\u00f5q, \u00f5\u00f5s nuuq mull\u00f5 jalga ei l\u00e4h\u00e4q, tel um till\u00b4uk\u00f5n\u00f5 jalg.\u201d<\/p>\n<p>\u201cKas Eeva saapaq l\u00e4\u00e4v\u00e4q sull\u00f5 jalga?\u201d<\/p>\n<p>\u201cVanaq pitsit\u00e4seq tsipak\u00f5s\u00f5, vahts\u00f5 ummaq \u00fcte paari sukk\u00f5ga parra.\u201d<\/p>\n<p>\u201c&#8230;! Sa sys Liisit ei armasta?\u201d<\/p>\n<p>\u201cEi armast\u00f5.\u201d<\/p>\n<p>\u201cSa armastat sys Eevat?\u201d<\/p>\n<p>\u201cEi armast\u00f5 Eevat kah.\u201d<\/p>\n<p>\u201cA kudas sa ted\u00e4 sys v\u00f5tat?\u201d<\/p>\n<p>\u201c\u00dctskiik\u00b4&#8230;\u201d<\/p>\n<p>K\u00fcs\u00fcj\u00e4 jutu eesti keelest v\u00f5ro kiilde \u00fcmbre pandnu Ants K\u00f5iv.<\/p>\n<h3>NUURI SOOVIQ<\/h3>\n<p>\u201cKusti, mis sa hinele ostat, ku sa suur\u00f5s saat,\u201d k\u00fcsse V\u00e4rdi.<\/p>\n<p>\u201cMaq osta kat\u00f5 raaga p\u00fcss\u00e4 ja naka m\u00f5tsavahis,\u201d kost\u00f5 Kusti.<\/p>\n<p>\u201cAadu, mis saq ostat, ku sa suur\u00f5s saat,\u201d k\u00fcsse V\u00e4rdi Aadu k\u00e4est.<\/p>\n<p>\u201cMaq osta h\u00e4rmooniku ja naka m\u00e4ngm\u00e4,\u201d kitt\u00b4 Aadu.<\/p>\n<p>\u201cMaq k\u00fclq ei ostaq p\u00fcss\u00e4, ei ostaq h\u00e4rmoonikut kah, mis ma nuid\u00f5g\u00f5 tii, maq osta hulga pap\u00f5rt ja naka ajalehte kirut\u00f5m\u00f5,\u201d \u00fctel\u00b4 V\u00e4rdi, tsusa\u00b4s k\u00e4eq p\u00fckse karmanihe ja keerut\u00b4 hinn\u00e4st paa\u00b4r k\u00f5rd h\u00fc\u00e4 jala kundsa p\u00e4\u00e4l \u00fcmbre.<\/p>\n<p>\u201cKaeq, kos ajalehti kirutaja,\u201d t\u00b4sauna\u00b4s Kusti, \u201ckis tuu sis ajalehti kirut\u00f5s, ig\u00e4\u00fcts tiid, et ajalehti tr\u00fckit\u00e4s, saq ei tii\u00e4q viil tuudki&#8230; ma v\u00f5ta p\u00fcss\u00e4 ja las\u00f5 su ajalehest mulgu l\u00e4bi, loeq sis viil.\u201d<\/p>\n<p>\u201cJa maq v\u00f5ta h\u00e4rmooniku ja m\u00e4ngi su tseitungi kat\u00b4ski,\u201d irv\u00e4\u00b4s Aadu, \u201cja kis tuu su lehti lug\u00f5, ei ki\u00e4ki, maq ei loeq&#8230;\u201d<\/p>\n<p>\u201cSaq ei m\u00f5istaqki luk\u00f5q; s\u00e4\u00e4rtsele, nigu saq olt, maq ei annaqki luk\u00f5q; maq pan\u00f5 ajalehe kappi, las\u00f5q sis viil p\u00fcss\u00e4ga kat\u00b4ski, saq ei jouaqki kat\u00b4ski lask\u00f5, maq tii lehe k\u00f5vast papr\u00f5st, su es\u00e4 ka ei jouaq, hop\u00f5\u00b4ngi ei jouaq&#8230;\u201d<\/p>\n<p>Kustil\u00f5 ja Aadul\u00f5 es miild\u00fc taa sukugi, et V\u00e4rdi yks t\u00f5isist in\u00e4mb tahts\u00f5 ollaq; oll\u00b4 asi suu\u00b4r vai v\u00e4ikene, V\u00e4rdi pidi yks in\u00e4mb tahtma vai tiidm\u00e4. T\u00f5s\u00f5q vaidli vasta, sunn\u00f5q ku vajja, rusikidega V\u00e4rdit alla andma. Es ol\u00f5s ka t\u00e4\u00e4mb\u00e4 ilma tap\u00f5lus\u00f5lda l\u00e4nn\u00fcq &#8212; poisiq s\u00fcl\u00e4ssi jo \u00fctst\u00f5s\u00f5l\u00f5 n\u00e4kko, &#8212; ku mitte Liisi tasads\u00f5 hel\u00fcga vahele es ol\u00f5s nakanu<br \/>\nkyn\u00f5l\u00f5ma.<\/p>\n<p>\u201cMaq osta hinele vahts\u00f5 tanu ja Tsiiuni lauliku,\u201d kyn\u00f5l\u00b4 t\u00e4\u00e4, ilma et ki\u00e4 t\u00e4\u00e4<br \/>\nk\u00e4est ol\u00f5s k\u00fcs\u00fcn\u00fc, \u201cp\u00fch\u00e4be, ku t\u00f5s\u00f5q kerkul\u00f5 l\u00e4\u00e4v\u00e4q, sis maq pan\u00f5 tanu p\u00e4h\u00e4q, istu s\u00e4ng\u00fc veere p\u00e4\u00e4le ja naka laulma.&#8217;<\/p>\n<p>Liisi tasan\u00f5 jutt m\u00f5iu poi\u00b4sk\u00f5isil\u00f5 nigu un\u00f5roht. \u201cT\u00fcdriklat\u00b4s om rummal\u00b4,\u201d naariq poisiq, un\u00f5hti t\u00fcl\u00fc ja vainu.<\/p>\n<p>N\u00e4\u00e4q es pi\u00e4q Liisist tiid ku suurt luku, olliq syski tim\u00e4ga lepligu, selle et Liisi oll\u00b4 pehme s\u00fc\u00e4mega lat\u00b4s, kaiba\u00b4s harva poiss\u00f5 p\u00e4\u00e4le. Mynik\u00f5rd k\u00e4r\u00e4t\u00b4 k\u00fclh V\u00e4rdi, ku Liisi vahel\u00f5 kyn\u00f5l\u00b4 vai umma arvamist \u00fctel\u00b4:<\/p>\n<p>\u201cT\u00fcdriklat\u00b4s, kasiq uma nyna ja sis mi&#8217; paklit ketrama!\u201d, per\u00e4st oll\u00b4 t\u00e4\u00e4 tim\u00e4 vasta j\u00e4lleki h\u00e4\u00e4.<\/p>\n<p>K\u00f5rd aigu l\u00e4t\u00b4s m\u00fc\u00fcd\u00e4, poisiq olliq vaiki ja pahanu. V\u00e4rdi h\u00fcp\u00e4\u00b4s \u00fcte jala p\u00e4\u00e4l edesi ja vilist\u00b4; Liisi sais\u00f5 veid\u00fcq maad kavv\u00f5mban ja p\u00fchke r\u00e4ti nuka sisse nynna; Kusti lam\u00f5sk\u00f5lli puul\u00b4k\u00fcll\u00fctsi muro p\u00e4\u00e4l ja vaht\u00f5 p\u00e4\u00e4sok\u00f5s\u00f5l\u00f5 perr\u00e4, ki\u00e4 lauda pool\u00f5q linna\u00b4s; Aadu ots\u00f5 maast parra kivikese ja visa\u00b4s \u00fcle aida katuss\u00f5, viskamise man avit\u00b4 jalaga takast.<\/p>\n<p>\u201cLiisi, tul\u00f5q liivahauda m\u00e4ngm\u00e4,\u201d \u00fctel\u00b4 viim\u00e4te V\u00e4rdi.<\/p>\n<p>Tuu p\u00e4\u00e4le tinge Liisi: \u201cKu saq mull\u00f5 ummi lehti luk\u00f5q annat, sis ma tul\u00f5.\u201d &#8212;<\/p>\n<p>\u201cK\u00fclq ma anna, ma anna Kustil\u00f5 ja Aadul\u00f5 kah.\u201d<\/p>\n<p>Tuuga oll\u00b4 sis k\u00e4si lep\u00fct\u00fcses ant. Kusti k\u00e4\u00e4nd\u00b4 hind\u00e4 s\u00e4ll\u00fcle, ai jalaq pist\u00fc ja \u00fctel\u00b4, ilma et t\u00e4\u00e4 V\u00e4rdi pool\u00f5 ol\u00f5s kaenuq:<\/p>\n<p>\u201cMis miiq sis m\u00e4ngi?\u201d<\/p>\n<p>\u201cM\u00e4ngimi pulm\u00f5, maq ol\u00f5 pillimiis\u00b4s,\u201d \u00fctel\u00b4 Aadu ja pruum\u00f5 kivikeist, mi\u00e4 t\u00e4l suur\u00f5 varba vaih\u00f5l oll\u00b4, \u00f5hku visada.<\/p>\n<p>\u201cM\u00e4ngimi, m\u00e4ngimi!\u201d h\u00f5iksi kyik \u00fctest suust.<\/p>\n<p>Poisiq ast\u00f5 kokko pulmapido iiskavva m\u00e4rkm\u00e4. Kusti plaa\u00b4n v\u00f5eti \u00fctel meelel vasta: \u201cV\u00e4rdi om peigmiis\u00b4s, Liisi m\u00f5rsja, Aadu pillimiis\u00b4s ja maq ol\u00f5 viguritegij\u00e4; maq pan\u00f5 v\u00e4rte kinniq, ku tiiq s\u00f5idat.\u201d &#8212; H\u00f5issa, pulmaq! H\u00f5issa!<\/p>\n<p>Kusti pidi edim\u00e4dsen\u00e4 pulmamajja joudma, et nuu\u00b4rpaaril\u00f5 ving\u00f5rpussi m\u00e4ngi: tii kinniq panda. T\u00e4\u00e4 haard\u00b4 aia veerest nuia, ist\u00f5 s\u00e4lg\u00e4 ja ratsut\u00b4 hirnaht\u00f5ll\u00f5n liivahavva pool\u00f5.<\/p>\n<p>T\u00f5s\u00f5q pidoliseq s\u00e4iq hinn\u00e4st ritta. V\u00e4rdi Liisiga iin, n\u00e4ide s\u00e4l\u00e4 takan Aadu. &#8212;<\/p>\n<p>Ja s\u00f5it l\u00e4t\u00b4s pulmamaja pool\u00f5. V\u00e4rdi pesse jalgoga \u00fcles ja hirn\u00f5, Liisi t\u00e4\u00e4 k\u00f5rval s\u00f5it\u00b4 parast traavi; Aadu tekk\u00b4 k\u00e4ssiga h\u00e4rmoonika m\u00e4ngmise liigutuisi ja laul\u00b4: \u201cSavitanuq, kuatanuq vinel\u00e4ni, minutanuq t\u00fctre kosilani, aivadi rallalaa.\u201d<\/p>\n<p>Liivahavva man pand\u00b4 Kusti pulmalisiil\u00f5 tii kinniq. Nuu\u00b4rpaa\u00b4r pruum\u00f5 t\u00f5ist tiid piten majja sisse saiaq; a Kusti sais\u00f5 eg\u00e4l puul iin, hirn\u00f5 ja tramp\u00f5 jalgoga. Suur\u00f5 vaivaga p\u00e4ssi pidoron\u00b4g viim\u00e4te liivahauda.<\/p>\n<p>\u201cAng\u00f5q olut, toog\u00f5q viina!\u201d r\u00f6\u00f6geq kyik l\u00e4bisegi.<\/p>\n<p>Liisi v\u00f5tt\u00b4 maast kivikese ja pakk\u00b4 tuuga pulmaliisile viina. Edim\u00e4dsen\u00e4 j\u00f5i peigmiis\u00b4s, sis t\u00f5s\u00f5q.<\/p>\n<p>Aadu serb\u00e4\u00b4s, tekk\u00b4 m\u00f5ro n\u00e4o, s\u00fcl\u00e4\u00b4s ja naka\u00b4s sis kyg\u00f5st joust pilli t\u00f5mbama.<\/p>\n<p>Kusti v\u00f5tt\u00b4 hob\u00f5s\u00f5 jalgo vaih\u00f5lt ja lask\u00b4 tuuga pauku. Paari paugu perr\u00e4 virot\u00b4 t\u00e4\u00e4 p\u00fcss\u00e4 nukka ja naka\u00b4s pidosaali m\u00fc\u00fcd\u00e4 \u00fcmbre juuskma ja r\u00fc\u00fcke kyg\u00f5st hingest: \u201cToog\u00f5q v\u00e4its ja vereannum!\u201d<\/p>\n<p>Nuu\u00b4rpaa\u00b4r tands\u00f5. Noorik v\u00e4ss\u00fc pia \u00e4rq.<\/p>\n<p>\u201cTiimi par\u00f5mb tsyyri,\u201d \u00fctel\u00b4 t\u00e4\u00e4. Pulmaliseq v\u00f5tiq \u00fctst\u00f5s\u00f5 k\u00e4est kinniq ja lauliq: \u201cAadamil oll\u00b4 s\u00e4idse poiga, s\u00e4idse poiga Aadamil&#8230;\u201d<\/p>\n<p>Ku rin\u00b4gm\u00e4ng l\u00f5ppi, \u00fctel\u00b4 Liisi: \u201cOl\u00f5mi nu juubnu kah.\u201d Toll\u00f5ga olliq kyik n\u00f5un.<\/p>\n<p>Aadu pitsit\u00b4 h\u00fc\u00e4 k\u00e4e rusikal\u00f5 ja r\u00fc\u00fcb\u00e4\u00b4s \u00fctteluku rusiga seest tuud vanna-kib\u00f5dat.<\/p>\n<p>\u201cKuradi sitt viin, a juvvaq k\u00f5lbas!\u201d tsiuna\u00b4s t\u00e4\u00e4 ja kap\u00f5rd\u00b4 pu\u00b4ron mehe muudu.<\/p>\n<p>Kusti m\u00e4nge h\u00fc\u00e4 k\u00e4ega kura k\u00e4evarr\u00f5 p\u00e4\u00e4l viiolit, vangut\u00b4 p\u00e4\u00e4ga ettepool\u00f5 ja trall\u00b4a\u00b4s: \u201cOtsan oll\u00b4 tuu p\u00f5drajaht\u00b4, kurvalt k\u00f5nds\u00f5 m\u00f5tsavaht\u00b4, ai vai rudira&#8230;\u201d<\/p>\n<p>V\u00e4rdi p\u00fc\u00fcde Liisi kinniq ja r\u00fc\u00fcke t\u00e4lle k\u00f5rva sisse: \u201cNoorik, annaq suud!\u201d<\/p>\n<p>Liisi k\u00e4\u00e4nd\u00b4 h\u00e4benden p\u00e4\u00e4 k\u00f5rval\u00f5.<\/p>\n<p>\u201cM\u00e4ngumiis\u00b4s um v\u00e4s\u00fcn\u00fc,\u201d l\u00e4ll\u00fct\u00b4 Aadu, tuig\u00f5rd\u00b4 ja satt\u00f5 maaha.<\/p>\n<p>\u201cL\u00e4keq magal\u00f5, pulmal\u00f5s\u00f5q, magam\u00f5!\u201d r\u00f6\u00f6geq t\u00f5s\u00f5q takkaperr\u00e4 ja hiid\u00e4ssiv\u00e4q<br \/>\nliiva p\u00e4\u00e4le. V\u00e4rdi v\u00f5tt\u00b4 Liisu h\u00f5lma. Aadu naka\u00b4s norskama, Kusti vilist\u00b4 l\u00e4bi un\u00f5&#8230;<\/p>\n<p>Liivahavvan, pehme liiva p\u00e4\u00e4l magava miiq noor\u00f5q, v\u00e4s\u00fcn\u00fc pulmapidost, ja ku n\u00e4\u00e4q \u00fcles her\u00e4se, sys&#8230; v\u00f5tt Aadu h\u00e4rmoonika, m\u00e4ng tuu p\u00e4\u00e4l ilosit lugusit; Kusti lask p\u00fcss\u00fc; V\u00e4rdi kirotas aolehte ja tim\u00e4 nuu\u00b4r naan\u00f5 istus s\u00e4ng\u00fcveere p\u00e4\u00e4l, puhas valg\u00f5 tano p\u00e4\u00e4n ja laul Tsiioni laulikust.<\/p>\n<p><em>Kir\u00e4mehe jutu eesti keelest v\u00f5ro kiilde \u00fcmbre pandnu Kauksi \u00dclle.<\/em><\/p>\n","protected":false},"excerpt":{"rendered":"<p>EDIM\u00c4NE ARMASTUS \u201cV\u00e4rdi, kas sul pruuti kah um?\u201d \u201cOm tj\u00fcll.\u201d \u201cKi\u00e4 su pruut\u00b4 sys um?\u201d \u201cEeva.\u201d \u201cKuis nii, sa tahts\u00f5t jo Liisit v\u00f5tta?\u201d \u201cMaq Liisit \u00e4mp ei v\u00f5taq.\u201d \u201cA mille?\u201d \u201cLiisil ei ol\u00f5q saapit.\u201d \u201c\u00d5ig\u00f5 mul miis\u00b4s, kas sa sys s\u00e4\u00e4ntse t\u00fch\u00e4 a\u00b4sa per\u00e4st pruudi maaha j\u00e4t\u00e4t. Kas Eeval ummaq saapaq?\u201d \u201cEeval um kat\u00b4s paari, [&hellip;]<\/p>\n","protected":false},"author":1,"featured_media":0,"parent":117,"menu_order":0,"comment_status":"closed","ping_status":"closed","template":"","meta":{"footnotes":""},"class_list":["post-121","page","type-page","status-publish","hentry"],"yoast_head":"<!-- This site is optimized with the Yoast SEO plugin v27.3 - https:\/\/yoast.com\/product\/yoast-seo-wordpress\/ -->\n<title>Jaan Lattiku jutt\u00f5 2 - V\u00f5ro kir\u00e4nd\u00fcs<\/title>\n<meta name=\"robots\" content=\"index, follow, max-snippet:-1, max-image-preview:large, max-video-preview:-1\" \/>\n<link rel=\"canonical\" href=\"https:\/\/wi.ee\/voro\/kiranigu\/jaan-lattik\/jaan-lattiku-jutto-2\/\" \/>\n<meta property=\"og:locale\" content=\"et_EE\" \/>\n<meta property=\"og:type\" content=\"article\" \/>\n<meta property=\"og:title\" content=\"Jaan Lattiku jutt\u00f5 2 - V\u00f5ro kir\u00e4nd\u00fcs\" \/>\n<meta property=\"og:description\" content=\"EDIM\u00c4NE ARMASTUS \u201cV\u00e4rdi, kas sul pruuti kah um?\u201d \u201cOm tj\u00fcll.\u201d \u201cKi\u00e4 su pruut\u00b4 sys um?\u201d \u201cEeva.\u201d \u201cKuis nii, sa tahts\u00f5t jo Liisit v\u00f5tta?\u201d \u201cMaq Liisit \u00e4mp ei v\u00f5taq.\u201d \u201cA mille?\u201d \u201cLiisil ei ol\u00f5q saapit.\u201d \u201c\u00d5ig\u00f5 mul miis\u00b4s, kas sa sys s\u00e4\u00e4ntse t\u00fch\u00e4 a\u00b4sa per\u00e4st pruudi maaha j\u00e4t\u00e4t. Kas Eeval ummaq saapaq?\u201d \u201cEeval um kat\u00b4s paari, [&hellip;]\" \/>\n<meta property=\"og:url\" content=\"https:\/\/wi.ee\/voro\/kiranigu\/jaan-lattik\/jaan-lattiku-jutto-2\/\" \/>\n<meta property=\"og:site_name\" content=\"V\u00f5ro kir\u00e4nd\u00fcs\" \/>\n<meta name=\"twitter:card\" content=\"summary_large_image\" \/>\n<meta name=\"twitter:label1\" content=\"Est. reading time\" \/>\n\t<meta name=\"twitter:data1\" content=\"7 minutit\" \/>\n<script type=\"application\/ld+json\" class=\"yoast-schema-graph\">{\"@context\":\"https:\\\/\\\/schema.org\",\"@graph\":[{\"@type\":\"WebPage\",\"@id\":\"https:\\\/\\\/wi.ee\\\/voro\\\/kiranigu\\\/jaan-lattik\\\/jaan-lattiku-jutto-2\\\/\",\"url\":\"https:\\\/\\\/wi.ee\\\/voro\\\/kiranigu\\\/jaan-lattik\\\/jaan-lattiku-jutto-2\\\/\",\"name\":\"Jaan Lattiku jutt\u00f5 2 - V\u00f5ro kir\u00e4nd\u00fcs\",\"isPartOf\":{\"@id\":\"https:\\\/\\\/wi.ee\\\/voro\\\/#website\"},\"datePublished\":\"2016-02-02T09:12:15+00:00\",\"breadcrumb\":{\"@id\":\"https:\\\/\\\/wi.ee\\\/voro\\\/kiranigu\\\/jaan-lattik\\\/jaan-lattiku-jutto-2\\\/#breadcrumb\"},\"inLanguage\":\"et\",\"potentialAction\":[{\"@type\":\"ReadAction\",\"target\":[\"https:\\\/\\\/wi.ee\\\/voro\\\/kiranigu\\\/jaan-lattik\\\/jaan-lattiku-jutto-2\\\/\"]}]},{\"@type\":\"BreadcrumbList\",\"@id\":\"https:\\\/\\\/wi.ee\\\/voro\\\/kiranigu\\\/jaan-lattik\\\/jaan-lattiku-jutto-2\\\/#breadcrumb\",\"itemListElement\":[{\"@type\":\"ListItem\",\"position\":1,\"name\":\"Home\",\"item\":\"https:\\\/\\\/wi.ee\\\/voro\\\/\"},{\"@type\":\"ListItem\",\"position\":2,\"name\":\"KI\u00c4 OMMA V\u00d5RO KIR\u00c4NIGU\",\"item\":\"https:\\\/\\\/wi.ee\\\/voro\\\/kiranigu\\\/\"},{\"@type\":\"ListItem\",\"position\":3,\"name\":\"Jaan Lattik\",\"item\":\"https:\\\/\\\/wi.ee\\\/voro\\\/kiranigu\\\/jaan-lattik\\\/\"},{\"@type\":\"ListItem\",\"position\":4,\"name\":\"Jaan Lattiku jutt\u00f5 2\"}]},{\"@type\":\"WebSite\",\"@id\":\"https:\\\/\\\/wi.ee\\\/voro\\\/#website\",\"url\":\"https:\\\/\\\/wi.ee\\\/voro\\\/\",\"name\":\"V\u00f5ro kir\u00e4nd\u00fcs\",\"description\":\"V\u00f5ro kir\u00e4nd\u00fcse kodoleht\",\"potentialAction\":[{\"@type\":\"SearchAction\",\"target\":{\"@type\":\"EntryPoint\",\"urlTemplate\":\"https:\\\/\\\/wi.ee\\\/voro\\\/?s={search_term_string}\"},\"query-input\":{\"@type\":\"PropertyValueSpecification\",\"valueRequired\":true,\"valueName\":\"search_term_string\"}}],\"inLanguage\":\"et\"}]}<\/script>\n<!-- \/ Yoast SEO plugin. -->","yoast_head_json":{"title":"Jaan Lattiku jutt\u00f5 2 - V\u00f5ro kir\u00e4nd\u00fcs","robots":{"index":"index","follow":"follow","max-snippet":"max-snippet:-1","max-image-preview":"max-image-preview:large","max-video-preview":"max-video-preview:-1"},"canonical":"https:\/\/wi.ee\/voro\/kiranigu\/jaan-lattik\/jaan-lattiku-jutto-2\/","og_locale":"et_EE","og_type":"article","og_title":"Jaan Lattiku jutt\u00f5 2 - V\u00f5ro kir\u00e4nd\u00fcs","og_description":"EDIM\u00c4NE ARMASTUS \u201cV\u00e4rdi, kas sul pruuti kah um?\u201d \u201cOm tj\u00fcll.\u201d \u201cKi\u00e4 su pruut\u00b4 sys um?\u201d \u201cEeva.\u201d \u201cKuis nii, sa tahts\u00f5t jo Liisit v\u00f5tta?\u201d \u201cMaq Liisit \u00e4mp ei v\u00f5taq.\u201d \u201cA mille?\u201d \u201cLiisil ei ol\u00f5q saapit.\u201d \u201c\u00d5ig\u00f5 mul miis\u00b4s, kas sa sys s\u00e4\u00e4ntse t\u00fch\u00e4 a\u00b4sa per\u00e4st pruudi maaha j\u00e4t\u00e4t. Kas Eeval ummaq saapaq?\u201d \u201cEeval um kat\u00b4s paari, [&hellip;]","og_url":"https:\/\/wi.ee\/voro\/kiranigu\/jaan-lattik\/jaan-lattiku-jutto-2\/","og_site_name":"V\u00f5ro kir\u00e4nd\u00fcs","twitter_card":"summary_large_image","twitter_misc":{"Est. reading time":"7 minutit"},"schema":{"@context":"https:\/\/schema.org","@graph":[{"@type":"WebPage","@id":"https:\/\/wi.ee\/voro\/kiranigu\/jaan-lattik\/jaan-lattiku-jutto-2\/","url":"https:\/\/wi.ee\/voro\/kiranigu\/jaan-lattik\/jaan-lattiku-jutto-2\/","name":"Jaan Lattiku jutt\u00f5 2 - V\u00f5ro kir\u00e4nd\u00fcs","isPartOf":{"@id":"https:\/\/wi.ee\/voro\/#website"},"datePublished":"2016-02-02T09:12:15+00:00","breadcrumb":{"@id":"https:\/\/wi.ee\/voro\/kiranigu\/jaan-lattik\/jaan-lattiku-jutto-2\/#breadcrumb"},"inLanguage":"et","potentialAction":[{"@type":"ReadAction","target":["https:\/\/wi.ee\/voro\/kiranigu\/jaan-lattik\/jaan-lattiku-jutto-2\/"]}]},{"@type":"BreadcrumbList","@id":"https:\/\/wi.ee\/voro\/kiranigu\/jaan-lattik\/jaan-lattiku-jutto-2\/#breadcrumb","itemListElement":[{"@type":"ListItem","position":1,"name":"Home","item":"https:\/\/wi.ee\/voro\/"},{"@type":"ListItem","position":2,"name":"KI\u00c4 OMMA V\u00d5RO KIR\u00c4NIGU","item":"https:\/\/wi.ee\/voro\/kiranigu\/"},{"@type":"ListItem","position":3,"name":"Jaan Lattik","item":"https:\/\/wi.ee\/voro\/kiranigu\/jaan-lattik\/"},{"@type":"ListItem","position":4,"name":"Jaan Lattiku jutt\u00f5 2"}]},{"@type":"WebSite","@id":"https:\/\/wi.ee\/voro\/#website","url":"https:\/\/wi.ee\/voro\/","name":"V\u00f5ro kir\u00e4nd\u00fcs","description":"V\u00f5ro kir\u00e4nd\u00fcse kodoleht","potentialAction":[{"@type":"SearchAction","target":{"@type":"EntryPoint","urlTemplate":"https:\/\/wi.ee\/voro\/?s={search_term_string}"},"query-input":{"@type":"PropertyValueSpecification","valueRequired":true,"valueName":"search_term_string"}}],"inLanguage":"et"}]}},"_links":{"self":[{"href":"https:\/\/wi.ee\/voro\/wp-json\/wp\/v2\/pages\/121","targetHints":{"allow":["GET"]}}],"collection":[{"href":"https:\/\/wi.ee\/voro\/wp-json\/wp\/v2\/pages"}],"about":[{"href":"https:\/\/wi.ee\/voro\/wp-json\/wp\/v2\/types\/page"}],"author":[{"embeddable":true,"href":"https:\/\/wi.ee\/voro\/wp-json\/wp\/v2\/users\/1"}],"replies":[{"embeddable":true,"href":"https:\/\/wi.ee\/voro\/wp-json\/wp\/v2\/comments?post=121"}],"version-history":[{"count":1,"href":"https:\/\/wi.ee\/voro\/wp-json\/wp\/v2\/pages\/121\/revisions"}],"predecessor-version":[{"id":122,"href":"https:\/\/wi.ee\/voro\/wp-json\/wp\/v2\/pages\/121\/revisions\/122"}],"up":[{"embeddable":true,"href":"https:\/\/wi.ee\/voro\/wp-json\/wp\/v2\/pages\/117"}],"wp:attachment":[{"href":"https:\/\/wi.ee\/voro\/wp-json\/wp\/v2\/media?parent=121"}],"curies":[{"name":"wp","href":"https:\/\/api.w.org\/{rel}","templated":true}]}}