{"id":117,"date":"2016-02-02T11:10:01","date_gmt":"2016-02-02T09:10:01","guid":{"rendered":"http:\/\/wi.ee\/voro\/?page_id=117"},"modified":"2016-02-02T11:13:00","modified_gmt":"2016-02-02T09:13:00","slug":"jaan-lattik","status":"publish","type":"page","link":"https:\/\/wi.ee\/voro\/kiranigu\/jaan-lattik\/","title":{"rendered":"Jaan Lattik"},"content":{"rendered":"<p><strong>Jaan Lattik<\/strong> om v\u00f5rokiilse proosakir\u00e4nd\u00fcse klassik. Tim\u00e4 Karula-kandi poisk\u00f5isi elust kirot\u00f5t jutuvara om hinnat ja tul\u00f5 esitlemiste ka t\u00e4\u00e4mb\u00e4idsi koolilatsi si\u00e4n.<\/p>\n<p>Jaan Lattik s\u00fcnd\u00fc 22. viinakuu p\u00e4\u00e4v\u00e4l 1878 Karula vallan M\u00e4giste talon rentnigu pujana. S\u00e4\u00e4lsaman kasvi t\u00e4 ka \u00fcles. Uma kasvukotust om Lattik esiq el\u00e4v\u00e4s kirotanuq uma nooril\u00f5 m\u00e4rgit jut\u00f5n, esiqer\u00e4nis \u201cMeie noored\u201d,\u201cMinu kodust\u201d ja \u201cMets\u201d. Lattiku es\u00e4 Taavet oll\u00b4 viil innembi Luttik, a t\u00e4l ynn\u00f5stu valla as\u00b4amehen\u00e4 u-t\u00e4ht\u00b4 a-s tet\u00e4q. P\u00e4\u00e4le Karula kohalikk\u00f5 kuul\u00f5 ops\u00f5 J. Lattik 1893-94 Tartun H. Treffneri er\u00e4g\u00fcmnaasiumin, 1896-1902 Tartu kroonug\u00fcmnaasiumin ja 1902-1908 Tartu \u00fclikooli usutiid\u00fcskonnan, mille t\u00e4 l\u00f5p\u00f5t\u00b4 kandidaadikraadiga. 1909-1944 oll\u00b4 Lattik Viljandi maakogudus\u00f5 pastor, 1909-1912 ka s\u00e4\u00e4lse prog\u00fcmnaasiumi juhataja.<\/p>\n<p>Lattik oll\u00b4 Eesti Vabariigi Asutava Kogu ja I-IV Riigikogu liig\u00f5q, kristligu er\u00e4konna asutajid ni juht\u00f5 kah.<\/p>\n<p>Haridusministre oll\u00b4 t\u00e4 1926-1927 ja v\u00e4lisministre 1928-31.<\/p>\n<p>1939-40 oll\u00b4 Lattik Eesti Vabariigi saadik Leedun.<\/p>\n<p>Pidi 1944 aastani Kamja kihlkunna Mutiko tallu. Kirot\u00b4 aolehile.<\/p>\n<p>Lattiku \u00fcts t\u00fct\u00e4r Helga Alice l\u00e4ts\u00b4 mehele P\u00e4tsi pojal\u00f5 ja saad\u00f5ti tim\u00e4ga \u00fcten Siberihe.<\/p>\n<p>J. Lattik pag\u00f5si 1944 Ruutsi, kon t\u00fc\u00fct\u00b4 pastorinaq. Reise ka Kanadan, USAn ja Saksamaal. Jaan Lattik kuuli 27. juunil 1967 Stockholmin.<\/p>\n<h3>Kir\u00e4nd\u00fcs:<\/h3>\n<p>Lattikul om hulga v\u00f5rokiilsid vai tug\u00f5va V\u00f5romaa rahvaluul\u00f5 ni m\u00fcstilis-religiooss\u00f5 m\u00f5otus\u00f5ga jutt\u00f5.<\/p>\n<p>1907 \u201cMeie noored\u201d noort\u00f5jutu<br \/>\n1921 \u201cMinu kodust\u201d noort\u00f5jutuq<br \/>\n1924 \u201cSurnu pruut ja Katkised k\u00e4ed\u201d juturaamat<br \/>\n1928 \u201cSurnu pruut\u201d<br \/>\n1924 \u201cMartin Luter\u201d-biograafia<br \/>\n1925 \u201cL\u00f5unamaal\u00f5\u201d -reisikiri<br \/>\n1928 \u201cKoolipoisid\u201d jutustus\u00f5q. 1988 k\u00f5rdustr\u00fckk<br \/>\n1928 \u201cMets\u201d -jutustus\u00f5q<br \/>\n1932 \u201cElavad s\u00f6ed\u201d jutlus\u00f5q<br \/>\n1946 \u201cR\u00e4\u00e4gi mulle \u00fcks jutt\u201d &#8211; muistendiq ja l\u00fchk\u00fcq jutuq<br \/>\n1988 \u201cViljandi kirikum\u00f5is k\u00f5neleb\u201d &#8211; m\u00e4lest\u00fcseq, 1993 k\u00f5rdustr\u00fckk<br \/>\n1950 \u201cTeekond l\u00e4bi \u00f6\u00f6\u201d I &#8211; m\u00e4lest\u00fcseq saandi algus\u00f5st Eesti allutamiseni<br \/>\n1951 \u201cM\u00f5rsjap\u00e4rg\u201d &#8211; jutustus\u00f5q<br \/>\n1952 \u201cMeie noored\u201d &#8211; kogomik raamatist \u201cMeie noored\u201d, \u201cMinu kodu\u201d, \u201cMets\u201d<br \/>\n1952 \u201cTeekond l\u00e4bi \u00f6\u00f6\u201d II &#8211; m\u00e4lest\u00fcseq Eesti allutamisest ja II ilmasyast<br \/>\n1953 \u201cTalupoja laul\u201d jutustus\u00f5q<br \/>\n1955 \u201cTeekond l\u00e4bi \u00f6\u00f6\u201d III m\u00e4lest\u00fcseq, USA-Kanada reis<br \/>\n1958 \u201cTeekond l\u00e4bi \u00f6\u00f6\u201d IV m\u00e4lest\u00fcseq Rootsist, Saksamaalt<br \/>\n1960 \u201cMinu album\u201d m\u00e4lest\u00fcseq<br \/>\n1961 \u201cTulge vee juurde\u201d jutlus\u00f5q<br \/>\n1964 \u201cTeda ei ole siin\u201d -romaan<br \/>\n1998 \u201cKui meil veel p\u00fcksa ei olnud\u201d Hando Runneli koost\u00f5t valikkogu Lattiku jut\u00f5st<\/p>\n<h3>Tim\u00e4 kotsil\u00f5 v\u00f5i luk\u00f5q:<\/h3>\n<p>Jaan Lattikule 80.s\u00fcnnip\u00e4eval Stockholm 1958<br \/>\nLooming 1938-8 (J. Parij\u00f5gi)<br \/>\nEesti Kirjandus 1938-11 (Marta Sillaots)<br \/>\nVaramu 1938-9 (M. J\u00fcrma)<br \/>\nEesti S\u00f5na 23.X 1943 (intrervjuu)<br \/>\nPost 24. X 1943 (J. Roos)<br \/>\nEesti kirjanikud paguluses (Lund 1973)<br \/>\nSirp ja Vasar 3.III 1989 (M. Liivamets)<\/p>\n<p><a href=\"http:\/\/wi.ee\/voro\/kiranigu\/jaan-lattik\/jaan-lattiku-jutto-1\/\">Jaan Lattiku jutt\u00f5 1 &gt;&gt;<\/a><br \/>\n<a href=\"http:\/\/wi.ee\/voro\/kiranigu\/jaan-lattik\/jaan-lattiku-jutto-2\/\">Jaan Lattiku jutt\u00f5 2 &gt;&gt;<\/a><\/p>\n","protected":false},"excerpt":{"rendered":"<p>Jaan Lattik om v\u00f5rokiilse proosakir\u00e4nd\u00fcse klassik. Tim\u00e4 Karula-kandi poisk\u00f5isi elust kirot\u00f5t jutuvara om hinnat ja tul\u00f5 esitlemiste ka t\u00e4\u00e4mb\u00e4idsi koolilatsi si\u00e4n. Jaan Lattik s\u00fcnd\u00fc 22. viinakuu p\u00e4\u00e4v\u00e4l 1878 Karula vallan M\u00e4giste talon rentnigu pujana. S\u00e4\u00e4lsaman kasvi t\u00e4 ka \u00fcles. Uma kasvukotust om Lattik esiq el\u00e4v\u00e4s kirotanuq uma nooril\u00f5 m\u00e4rgit jut\u00f5n, esiqer\u00e4nis \u201cMeie noored\u201d,\u201cMinu kodust\u201d ja [&hellip;]<\/p>\n","protected":false},"author":1,"featured_media":0,"parent":9,"menu_order":21,"comment_status":"closed","ping_status":"closed","template":"","meta":{"footnotes":""},"class_list":["post-117","page","type-page","status-publish","hentry"],"yoast_head":"<!-- This site is optimized with the Yoast SEO plugin v27.3 - https:\/\/yoast.com\/product\/yoast-seo-wordpress\/ -->\n<title>Jaan Lattik - V\u00f5ro kir\u00e4nd\u00fcs<\/title>\n<meta name=\"robots\" content=\"index, follow, max-snippet:-1, max-image-preview:large, max-video-preview:-1\" \/>\n<link rel=\"canonical\" href=\"https:\/\/wi.ee\/voro\/kiranigu\/jaan-lattik\/\" \/>\n<meta property=\"og:locale\" content=\"et_EE\" \/>\n<meta property=\"og:type\" content=\"article\" \/>\n<meta property=\"og:title\" content=\"Jaan Lattik - V\u00f5ro kir\u00e4nd\u00fcs\" \/>\n<meta property=\"og:description\" content=\"Jaan Lattik om v\u00f5rokiilse proosakir\u00e4nd\u00fcse klassik. Tim\u00e4 Karula-kandi poisk\u00f5isi elust kirot\u00f5t jutuvara om hinnat ja tul\u00f5 esitlemiste ka t\u00e4\u00e4mb\u00e4idsi koolilatsi si\u00e4n. Jaan Lattik s\u00fcnd\u00fc 22. viinakuu p\u00e4\u00e4v\u00e4l 1878 Karula vallan M\u00e4giste talon rentnigu pujana. S\u00e4\u00e4lsaman kasvi t\u00e4 ka \u00fcles. Uma kasvukotust om Lattik esiq el\u00e4v\u00e4s kirotanuq uma nooril\u00f5 m\u00e4rgit jut\u00f5n, esiqer\u00e4nis \u201cMeie noored\u201d,\u201cMinu kodust\u201d ja [&hellip;]\" \/>\n<meta property=\"og:url\" content=\"https:\/\/wi.ee\/voro\/kiranigu\/jaan-lattik\/\" \/>\n<meta property=\"og:site_name\" content=\"V\u00f5ro kir\u00e4nd\u00fcs\" \/>\n<meta property=\"article:modified_time\" content=\"2016-02-02T09:13:00+00:00\" \/>\n<meta name=\"twitter:card\" content=\"summary_large_image\" \/>\n<meta name=\"twitter:label1\" content=\"Est. reading time\" \/>\n\t<meta name=\"twitter:data1\" content=\"2 minutit\" \/>\n<script type=\"application\/ld+json\" class=\"yoast-schema-graph\">{\"@context\":\"https:\\\/\\\/schema.org\",\"@graph\":[{\"@type\":\"WebPage\",\"@id\":\"https:\\\/\\\/wi.ee\\\/voro\\\/kiranigu\\\/jaan-lattik\\\/\",\"url\":\"https:\\\/\\\/wi.ee\\\/voro\\\/kiranigu\\\/jaan-lattik\\\/\",\"name\":\"Jaan Lattik - V\u00f5ro kir\u00e4nd\u00fcs\",\"isPartOf\":{\"@id\":\"https:\\\/\\\/wi.ee\\\/voro\\\/#website\"},\"datePublished\":\"2016-02-02T09:10:01+00:00\",\"dateModified\":\"2016-02-02T09:13:00+00:00\",\"breadcrumb\":{\"@id\":\"https:\\\/\\\/wi.ee\\\/voro\\\/kiranigu\\\/jaan-lattik\\\/#breadcrumb\"},\"inLanguage\":\"et\",\"potentialAction\":[{\"@type\":\"ReadAction\",\"target\":[\"https:\\\/\\\/wi.ee\\\/voro\\\/kiranigu\\\/jaan-lattik\\\/\"]}]},{\"@type\":\"BreadcrumbList\",\"@id\":\"https:\\\/\\\/wi.ee\\\/voro\\\/kiranigu\\\/jaan-lattik\\\/#breadcrumb\",\"itemListElement\":[{\"@type\":\"ListItem\",\"position\":1,\"name\":\"Home\",\"item\":\"https:\\\/\\\/wi.ee\\\/voro\\\/\"},{\"@type\":\"ListItem\",\"position\":2,\"name\":\"KI\u00c4 OMMA V\u00d5RO KIR\u00c4NIGU\",\"item\":\"https:\\\/\\\/wi.ee\\\/voro\\\/kiranigu\\\/\"},{\"@type\":\"ListItem\",\"position\":3,\"name\":\"Jaan Lattik\"}]},{\"@type\":\"WebSite\",\"@id\":\"https:\\\/\\\/wi.ee\\\/voro\\\/#website\",\"url\":\"https:\\\/\\\/wi.ee\\\/voro\\\/\",\"name\":\"V\u00f5ro kir\u00e4nd\u00fcs\",\"description\":\"V\u00f5ro kir\u00e4nd\u00fcse kodoleht\",\"potentialAction\":[{\"@type\":\"SearchAction\",\"target\":{\"@type\":\"EntryPoint\",\"urlTemplate\":\"https:\\\/\\\/wi.ee\\\/voro\\\/?s={search_term_string}\"},\"query-input\":{\"@type\":\"PropertyValueSpecification\",\"valueRequired\":true,\"valueName\":\"search_term_string\"}}],\"inLanguage\":\"et\"}]}<\/script>\n<!-- \/ Yoast SEO plugin. -->","yoast_head_json":{"title":"Jaan Lattik - V\u00f5ro kir\u00e4nd\u00fcs","robots":{"index":"index","follow":"follow","max-snippet":"max-snippet:-1","max-image-preview":"max-image-preview:large","max-video-preview":"max-video-preview:-1"},"canonical":"https:\/\/wi.ee\/voro\/kiranigu\/jaan-lattik\/","og_locale":"et_EE","og_type":"article","og_title":"Jaan Lattik - V\u00f5ro kir\u00e4nd\u00fcs","og_description":"Jaan Lattik om v\u00f5rokiilse proosakir\u00e4nd\u00fcse klassik. Tim\u00e4 Karula-kandi poisk\u00f5isi elust kirot\u00f5t jutuvara om hinnat ja tul\u00f5 esitlemiste ka t\u00e4\u00e4mb\u00e4idsi koolilatsi si\u00e4n. Jaan Lattik s\u00fcnd\u00fc 22. viinakuu p\u00e4\u00e4v\u00e4l 1878 Karula vallan M\u00e4giste talon rentnigu pujana. S\u00e4\u00e4lsaman kasvi t\u00e4 ka \u00fcles. Uma kasvukotust om Lattik esiq el\u00e4v\u00e4s kirotanuq uma nooril\u00f5 m\u00e4rgit jut\u00f5n, esiqer\u00e4nis \u201cMeie noored\u201d,\u201cMinu kodust\u201d ja [&hellip;]","og_url":"https:\/\/wi.ee\/voro\/kiranigu\/jaan-lattik\/","og_site_name":"V\u00f5ro kir\u00e4nd\u00fcs","article_modified_time":"2016-02-02T09:13:00+00:00","twitter_card":"summary_large_image","twitter_misc":{"Est. reading time":"2 minutit"},"schema":{"@context":"https:\/\/schema.org","@graph":[{"@type":"WebPage","@id":"https:\/\/wi.ee\/voro\/kiranigu\/jaan-lattik\/","url":"https:\/\/wi.ee\/voro\/kiranigu\/jaan-lattik\/","name":"Jaan Lattik - V\u00f5ro kir\u00e4nd\u00fcs","isPartOf":{"@id":"https:\/\/wi.ee\/voro\/#website"},"datePublished":"2016-02-02T09:10:01+00:00","dateModified":"2016-02-02T09:13:00+00:00","breadcrumb":{"@id":"https:\/\/wi.ee\/voro\/kiranigu\/jaan-lattik\/#breadcrumb"},"inLanguage":"et","potentialAction":[{"@type":"ReadAction","target":["https:\/\/wi.ee\/voro\/kiranigu\/jaan-lattik\/"]}]},{"@type":"BreadcrumbList","@id":"https:\/\/wi.ee\/voro\/kiranigu\/jaan-lattik\/#breadcrumb","itemListElement":[{"@type":"ListItem","position":1,"name":"Home","item":"https:\/\/wi.ee\/voro\/"},{"@type":"ListItem","position":2,"name":"KI\u00c4 OMMA V\u00d5RO KIR\u00c4NIGU","item":"https:\/\/wi.ee\/voro\/kiranigu\/"},{"@type":"ListItem","position":3,"name":"Jaan Lattik"}]},{"@type":"WebSite","@id":"https:\/\/wi.ee\/voro\/#website","url":"https:\/\/wi.ee\/voro\/","name":"V\u00f5ro kir\u00e4nd\u00fcs","description":"V\u00f5ro kir\u00e4nd\u00fcse kodoleht","potentialAction":[{"@type":"SearchAction","target":{"@type":"EntryPoint","urlTemplate":"https:\/\/wi.ee\/voro\/?s={search_term_string}"},"query-input":{"@type":"PropertyValueSpecification","valueRequired":true,"valueName":"search_term_string"}}],"inLanguage":"et"}]}},"_links":{"self":[{"href":"https:\/\/wi.ee\/voro\/wp-json\/wp\/v2\/pages\/117","targetHints":{"allow":["GET"]}}],"collection":[{"href":"https:\/\/wi.ee\/voro\/wp-json\/wp\/v2\/pages"}],"about":[{"href":"https:\/\/wi.ee\/voro\/wp-json\/wp\/v2\/types\/page"}],"author":[{"embeddable":true,"href":"https:\/\/wi.ee\/voro\/wp-json\/wp\/v2\/users\/1"}],"replies":[{"embeddable":true,"href":"https:\/\/wi.ee\/voro\/wp-json\/wp\/v2\/comments?post=117"}],"version-history":[{"count":2,"href":"https:\/\/wi.ee\/voro\/wp-json\/wp\/v2\/pages\/117\/revisions"}],"predecessor-version":[{"id":123,"href":"https:\/\/wi.ee\/voro\/wp-json\/wp\/v2\/pages\/117\/revisions\/123"}],"up":[{"embeddable":true,"href":"https:\/\/wi.ee\/voro\/wp-json\/wp\/v2\/pages\/9"}],"wp:attachment":[{"href":"https:\/\/wi.ee\/voro\/wp-json\/wp\/v2\/media?parent=117"}],"curies":[{"name":"wp","href":"https:\/\/api.w.org\/{rel}","templated":true}]}}