{"id":110,"date":"2016-02-02T11:02:36","date_gmt":"2016-02-02T09:02:36","guid":{"rendered":"http:\/\/wi.ee\/voro\/?page_id=110"},"modified":"2023-01-11T16:41:37","modified_gmt":"2023-01-11T14:41:37","slug":"lembit-kurvits","status":"publish","type":"page","link":"https:\/\/wi.ee\/voro\/kiranigu\/lembit-kurvits\/","title":{"rendered":"Lembit Kurvits"},"content":{"rendered":"<p><img loading=\"lazy\" decoding=\"async\" class=\"alignleft size-full wp-image-112\" src=\"http:\/\/wi.ee\/voro\/wp-content\/uploads\/2016\/02\/lembit-kurvits.jpg\" alt=\"lembit-kurvits\" width=\"186\" height=\"222\" \/>Lembit Kurvits (LK) om s\u00fcnd\u00fcn\u00fc 15. lehekuu p\u00e4\u00e4v\u00e4l 1954 koloosnige peren P\u00f5lva k\u00fcle all Mammast\u00f5n. Tim\u00e4 kiriv\u00e4st elost om rass\u00f5 m\u00fc\u00fcd\u00e4 kaia eski luul\u00f5st k\u00f5n\u00f5ld\u00f5n. 13-aastagats\u00f5na panni van\u00f5mba t\u00e4\u00e4 P\u00e4rnul\u00f5 latsikotto, hildampagi om LK tundnu l\u00e4hk\u00f6tside suhtid\u00f5 katsipidis\u00fcst. P\u00f5h&#8217;a-v\u00f5romaalas\u00f5na kireld\u00e4s LK kodomaa maastikk\u00f5, suuri ni v\u00e4ikeisi inemiisi, hengeas&#8217;ost om t\u00e4\u00e4 meistri \u00fctsiol\u00f5kist kirotamis\u00f5l.<\/p>\n<p>LK om opnu 1961-65 Mammaste algkoolin, 1965-67 P\u00f5lva keskkoolin, 1967-70 P\u00e4rnu V algkoolin ja 1975-78 P\u00f5lva kaugopp\u00f5keskkoolin. \u00dcte aasta ops\u00f5 t\u00e4\u00e4 viil Pedan kultuurharidust.<\/p>\n<p>1970-72 t\u00fc\u00fct LK P\u00f5lva piim\u00e4kombinaadin ja<br \/>\nlin\u00e4vabrigun (laatja ni eelektriguna), p\u00e4\u00e4lt s\u00f5av\u00e4ke Taevaskoa raamadukogon. 1978-80 oll LK P\u00f5ltsamaa kuts\u00f5kooli juhataja V\u00e4ike-Kamarin, 1979 N\u00f5o keskooli laborant, 1981 etnograafijamuuseumi teed\u00fcr. K\u00f5iki LK t\u00fc\u00fckotussid j\u00f5vva-i tankotsil nimmada, \u00fctlemi \u00f5nn\u00f5, et t\u00e4\u00e4 om viilmitm\u00f5l puul tenn\u00fc valvuri, korrektori ja amm\u00f5tnigut\u00fc\u00fcd.<\/p>\n<p>S\u00e4idsmek\u00fcmnendist p\u00e4\u00e4le om LK kirotanu luul\u00f5tuisi ja l\u00fchembit jutt\u00f5, ildampa ka kir\u00e4nd\u00fcskriitikat. 199? visass t\u00e4\u00e4 hulka k\u00e4sikirju ahjo, tul\u00f5 leppi tuuga, mis kogod\u00f5n ja aokir\u00e4nd\u00fcsen alal\u00f5 vai mis p\u00e4\u00e4le tuud aastakka kirot\u00f5t. V\u00f5rokeelitsid v\u00e4rsse ol\u00f5-i s\u00e4\u00e4l pallo, kogod\u00f5n &#8220;Armastuseta&#8221;, &#8220;Meie \u00fchine vend armastus&#8221; ja &#8220;Matle laul&#8221;, eg\u00e4n \u00fcten \u00fcts. Kat\u00f5n viim\u00e4te nimetet raamadun ka luul\u00f5tuisi, kon im\u00e4keel p\u00f5imit kir\u00e4keeleg\u00e4. Jutukogon &#8220;Vanad Soome saapad&#8221;, kon kireldet V\u00f5romaa maastikk\u00f5, tul\u00f5 tegel\u00e4isi suust ka v\u00f5rokeelitsid s\u00f5nnu vai lausitki.<\/p>\n<p><strong>LK luul\u00f5- ni m\u00f5tt\u00f5terrikogo:<\/strong><\/p>\n<p>V\u00e4ike-Kamari \u00f5htud ER 1981<br \/>\nT\u00fchermaa ER 1986 lk. 20<br \/>\nArmastuseta ER 1990 27; (35;69)<br \/>\nMeie \u00fchine vend armastus Koda 1991 68; 70<br \/>\nMatle laul Elmatar 1994<\/p>\n<p><strong>Juturaamadu:<\/strong><\/p>\n<p>Taevaskojalapsed Tiritamm 1993<br \/>\nVanad Soome saapad Elmatar 1997<\/p>\n<p><strong>LK kotsil\u00f5 om kirot\u00f5t:<\/strong><\/p>\n<p>SV 18. IX 1981 (S. Olesk)<br \/>\nEdasi (LK) 25. II 1990 (vestus)<br \/>\nSirp 12. IV 1991 (A. Kull)<br \/>\nK&amp;K I 1993 (L. Viitol)<br \/>\nKl 12. VIII 1994 (P. Beier)<br \/>\nRH 13. VIII 1994 (V. Vahing)<br \/>\nEPl 27. X 1997 (T. Teder)<br \/>\nPm 7. XII 1997 (M. Kivastik)<\/p>\n","protected":false},"excerpt":{"rendered":"<p>Lembit Kurvits (LK) om s\u00fcnd\u00fcn\u00fc 15. lehekuu p\u00e4\u00e4v\u00e4l 1954 koloosnige peren P\u00f5lva k\u00fcle all Mammast\u00f5n. Tim\u00e4 kiriv\u00e4st elost om rass\u00f5 m\u00fc\u00fcd\u00e4 kaia eski luul\u00f5st k\u00f5n\u00f5ld\u00f5n. 13-aastagats\u00f5na panni van\u00f5mba t\u00e4\u00e4 P\u00e4rnul\u00f5 latsikotto, hildampagi om LK tundnu l\u00e4hk\u00f6tside suhtid\u00f5 katsipidis\u00fcst. P\u00f5h&#8217;a-v\u00f5romaalas\u00f5na kireld\u00e4s LK kodomaa maastikk\u00f5, suuri ni v\u00e4ikeisi inemiisi, hengeas&#8217;ost om t\u00e4\u00e4 meistri \u00fctsiol\u00f5kist kirotamis\u00f5l. LK om [&hellip;]<\/p>\n","protected":false},"author":1,"featured_media":0,"parent":9,"menu_order":19,"comment_status":"closed","ping_status":"closed","template":"","meta":{"footnotes":""},"class_list":["post-110","page","type-page","status-publish","hentry"],"yoast_head":"<!-- This site is optimized with the Yoast SEO plugin v27.3 - https:\/\/yoast.com\/product\/yoast-seo-wordpress\/ -->\n<title>Lembit Kurvits - V\u00f5ro kir\u00e4nd\u00fcs<\/title>\n<meta name=\"robots\" content=\"index, follow, max-snippet:-1, max-image-preview:large, max-video-preview:-1\" \/>\n<link rel=\"canonical\" href=\"https:\/\/wi.ee\/voro\/kiranigu\/lembit-kurvits\/\" \/>\n<meta property=\"og:locale\" content=\"et_EE\" \/>\n<meta property=\"og:type\" content=\"article\" \/>\n<meta property=\"og:title\" content=\"Lembit Kurvits - V\u00f5ro kir\u00e4nd\u00fcs\" \/>\n<meta property=\"og:description\" content=\"Lembit Kurvits (LK) om s\u00fcnd\u00fcn\u00fc 15. lehekuu p\u00e4\u00e4v\u00e4l 1954 koloosnige peren P\u00f5lva k\u00fcle all Mammast\u00f5n. Tim\u00e4 kiriv\u00e4st elost om rass\u00f5 m\u00fc\u00fcd\u00e4 kaia eski luul\u00f5st k\u00f5n\u00f5ld\u00f5n. 13-aastagats\u00f5na panni van\u00f5mba t\u00e4\u00e4 P\u00e4rnul\u00f5 latsikotto, hildampagi om LK tundnu l\u00e4hk\u00f6tside suhtid\u00f5 katsipidis\u00fcst. P\u00f5h&#8217;a-v\u00f5romaalas\u00f5na kireld\u00e4s LK kodomaa maastikk\u00f5, suuri ni v\u00e4ikeisi inemiisi, hengeas&#8217;ost om t\u00e4\u00e4 meistri \u00fctsiol\u00f5kist kirotamis\u00f5l. LK om [&hellip;]\" \/>\n<meta property=\"og:url\" content=\"https:\/\/wi.ee\/voro\/kiranigu\/lembit-kurvits\/\" \/>\n<meta property=\"og:site_name\" content=\"V\u00f5ro kir\u00e4nd\u00fcs\" \/>\n<meta property=\"article:modified_time\" content=\"2023-01-11T14:41:37+00:00\" \/>\n<meta property=\"og:image\" content=\"http:\/\/wi.ee\/voro\/wp-content\/uploads\/2016\/02\/lembit-kurvits.jpg\" \/>\n<meta name=\"twitter:card\" content=\"summary_large_image\" \/>\n<meta name=\"twitter:label1\" content=\"Est. reading time\" \/>\n\t<meta name=\"twitter:data1\" content=\"2 minutit\" \/>\n<script type=\"application\/ld+json\" class=\"yoast-schema-graph\">{\"@context\":\"https:\\\/\\\/schema.org\",\"@graph\":[{\"@type\":\"WebPage\",\"@id\":\"https:\\\/\\\/wi.ee\\\/voro\\\/kiranigu\\\/lembit-kurvits\\\/\",\"url\":\"https:\\\/\\\/wi.ee\\\/voro\\\/kiranigu\\\/lembit-kurvits\\\/\",\"name\":\"Lembit Kurvits - V\u00f5ro kir\u00e4nd\u00fcs\",\"isPartOf\":{\"@id\":\"https:\\\/\\\/wi.ee\\\/voro\\\/#website\"},\"primaryImageOfPage\":{\"@id\":\"https:\\\/\\\/wi.ee\\\/voro\\\/kiranigu\\\/lembit-kurvits\\\/#primaryimage\"},\"image\":{\"@id\":\"https:\\\/\\\/wi.ee\\\/voro\\\/kiranigu\\\/lembit-kurvits\\\/#primaryimage\"},\"thumbnailUrl\":\"http:\\\/\\\/wi.ee\\\/voro\\\/wp-content\\\/uploads\\\/2016\\\/02\\\/lembit-kurvits.jpg\",\"datePublished\":\"2016-02-02T09:02:36+00:00\",\"dateModified\":\"2023-01-11T14:41:37+00:00\",\"breadcrumb\":{\"@id\":\"https:\\\/\\\/wi.ee\\\/voro\\\/kiranigu\\\/lembit-kurvits\\\/#breadcrumb\"},\"inLanguage\":\"et\",\"potentialAction\":[{\"@type\":\"ReadAction\",\"target\":[\"https:\\\/\\\/wi.ee\\\/voro\\\/kiranigu\\\/lembit-kurvits\\\/\"]}]},{\"@type\":\"ImageObject\",\"inLanguage\":\"et\",\"@id\":\"https:\\\/\\\/wi.ee\\\/voro\\\/kiranigu\\\/lembit-kurvits\\\/#primaryimage\",\"url\":\"http:\\\/\\\/wi.ee\\\/voro\\\/wp-content\\\/uploads\\\/2016\\\/02\\\/lembit-kurvits.jpg\",\"contentUrl\":\"http:\\\/\\\/wi.ee\\\/voro\\\/wp-content\\\/uploads\\\/2016\\\/02\\\/lembit-kurvits.jpg\"},{\"@type\":\"BreadcrumbList\",\"@id\":\"https:\\\/\\\/wi.ee\\\/voro\\\/kiranigu\\\/lembit-kurvits\\\/#breadcrumb\",\"itemListElement\":[{\"@type\":\"ListItem\",\"position\":1,\"name\":\"Home\",\"item\":\"https:\\\/\\\/wi.ee\\\/voro\\\/\"},{\"@type\":\"ListItem\",\"position\":2,\"name\":\"KI\u00c4 OMMA V\u00d5RO KIR\u00c4NIGU\",\"item\":\"https:\\\/\\\/wi.ee\\\/voro\\\/kiranigu\\\/\"},{\"@type\":\"ListItem\",\"position\":3,\"name\":\"Lembit Kurvits\"}]},{\"@type\":\"WebSite\",\"@id\":\"https:\\\/\\\/wi.ee\\\/voro\\\/#website\",\"url\":\"https:\\\/\\\/wi.ee\\\/voro\\\/\",\"name\":\"V\u00f5ro kir\u00e4nd\u00fcs\",\"description\":\"V\u00f5ro kir\u00e4nd\u00fcse kodoleht\",\"potentialAction\":[{\"@type\":\"SearchAction\",\"target\":{\"@type\":\"EntryPoint\",\"urlTemplate\":\"https:\\\/\\\/wi.ee\\\/voro\\\/?s={search_term_string}\"},\"query-input\":{\"@type\":\"PropertyValueSpecification\",\"valueRequired\":true,\"valueName\":\"search_term_string\"}}],\"inLanguage\":\"et\"}]}<\/script>\n<!-- \/ Yoast SEO plugin. -->","yoast_head_json":{"title":"Lembit Kurvits - V\u00f5ro kir\u00e4nd\u00fcs","robots":{"index":"index","follow":"follow","max-snippet":"max-snippet:-1","max-image-preview":"max-image-preview:large","max-video-preview":"max-video-preview:-1"},"canonical":"https:\/\/wi.ee\/voro\/kiranigu\/lembit-kurvits\/","og_locale":"et_EE","og_type":"article","og_title":"Lembit Kurvits - V\u00f5ro kir\u00e4nd\u00fcs","og_description":"Lembit Kurvits (LK) om s\u00fcnd\u00fcn\u00fc 15. lehekuu p\u00e4\u00e4v\u00e4l 1954 koloosnige peren P\u00f5lva k\u00fcle all Mammast\u00f5n. Tim\u00e4 kiriv\u00e4st elost om rass\u00f5 m\u00fc\u00fcd\u00e4 kaia eski luul\u00f5st k\u00f5n\u00f5ld\u00f5n. 13-aastagats\u00f5na panni van\u00f5mba t\u00e4\u00e4 P\u00e4rnul\u00f5 latsikotto, hildampagi om LK tundnu l\u00e4hk\u00f6tside suhtid\u00f5 katsipidis\u00fcst. P\u00f5h&#8217;a-v\u00f5romaalas\u00f5na kireld\u00e4s LK kodomaa maastikk\u00f5, suuri ni v\u00e4ikeisi inemiisi, hengeas&#8217;ost om t\u00e4\u00e4 meistri \u00fctsiol\u00f5kist kirotamis\u00f5l. LK om [&hellip;]","og_url":"https:\/\/wi.ee\/voro\/kiranigu\/lembit-kurvits\/","og_site_name":"V\u00f5ro kir\u00e4nd\u00fcs","article_modified_time":"2023-01-11T14:41:37+00:00","og_image":[{"url":"http:\/\/wi.ee\/voro\/wp-content\/uploads\/2016\/02\/lembit-kurvits.jpg","type":"","width":"","height":""}],"twitter_card":"summary_large_image","twitter_misc":{"Est. reading time":"2 minutit"},"schema":{"@context":"https:\/\/schema.org","@graph":[{"@type":"WebPage","@id":"https:\/\/wi.ee\/voro\/kiranigu\/lembit-kurvits\/","url":"https:\/\/wi.ee\/voro\/kiranigu\/lembit-kurvits\/","name":"Lembit Kurvits - V\u00f5ro kir\u00e4nd\u00fcs","isPartOf":{"@id":"https:\/\/wi.ee\/voro\/#website"},"primaryImageOfPage":{"@id":"https:\/\/wi.ee\/voro\/kiranigu\/lembit-kurvits\/#primaryimage"},"image":{"@id":"https:\/\/wi.ee\/voro\/kiranigu\/lembit-kurvits\/#primaryimage"},"thumbnailUrl":"http:\/\/wi.ee\/voro\/wp-content\/uploads\/2016\/02\/lembit-kurvits.jpg","datePublished":"2016-02-02T09:02:36+00:00","dateModified":"2023-01-11T14:41:37+00:00","breadcrumb":{"@id":"https:\/\/wi.ee\/voro\/kiranigu\/lembit-kurvits\/#breadcrumb"},"inLanguage":"et","potentialAction":[{"@type":"ReadAction","target":["https:\/\/wi.ee\/voro\/kiranigu\/lembit-kurvits\/"]}]},{"@type":"ImageObject","inLanguage":"et","@id":"https:\/\/wi.ee\/voro\/kiranigu\/lembit-kurvits\/#primaryimage","url":"http:\/\/wi.ee\/voro\/wp-content\/uploads\/2016\/02\/lembit-kurvits.jpg","contentUrl":"http:\/\/wi.ee\/voro\/wp-content\/uploads\/2016\/02\/lembit-kurvits.jpg"},{"@type":"BreadcrumbList","@id":"https:\/\/wi.ee\/voro\/kiranigu\/lembit-kurvits\/#breadcrumb","itemListElement":[{"@type":"ListItem","position":1,"name":"Home","item":"https:\/\/wi.ee\/voro\/"},{"@type":"ListItem","position":2,"name":"KI\u00c4 OMMA V\u00d5RO KIR\u00c4NIGU","item":"https:\/\/wi.ee\/voro\/kiranigu\/"},{"@type":"ListItem","position":3,"name":"Lembit Kurvits"}]},{"@type":"WebSite","@id":"https:\/\/wi.ee\/voro\/#website","url":"https:\/\/wi.ee\/voro\/","name":"V\u00f5ro kir\u00e4nd\u00fcs","description":"V\u00f5ro kir\u00e4nd\u00fcse kodoleht","potentialAction":[{"@type":"SearchAction","target":{"@type":"EntryPoint","urlTemplate":"https:\/\/wi.ee\/voro\/?s={search_term_string}"},"query-input":{"@type":"PropertyValueSpecification","valueRequired":true,"valueName":"search_term_string"}}],"inLanguage":"et"}]}},"_links":{"self":[{"href":"https:\/\/wi.ee\/voro\/wp-json\/wp\/v2\/pages\/110","targetHints":{"allow":["GET"]}}],"collection":[{"href":"https:\/\/wi.ee\/voro\/wp-json\/wp\/v2\/pages"}],"about":[{"href":"https:\/\/wi.ee\/voro\/wp-json\/wp\/v2\/types\/page"}],"author":[{"embeddable":true,"href":"https:\/\/wi.ee\/voro\/wp-json\/wp\/v2\/users\/1"}],"replies":[{"embeddable":true,"href":"https:\/\/wi.ee\/voro\/wp-json\/wp\/v2\/comments?post=110"}],"version-history":[{"count":4,"href":"https:\/\/wi.ee\/voro\/wp-json\/wp\/v2\/pages\/110\/revisions"}],"predecessor-version":[{"id":956,"href":"https:\/\/wi.ee\/voro\/wp-json\/wp\/v2\/pages\/110\/revisions\/956"}],"up":[{"embeddable":true,"href":"https:\/\/wi.ee\/voro\/wp-json\/wp\/v2\/pages\/9"}],"wp:attachment":[{"href":"https:\/\/wi.ee\/voro\/wp-json\/wp\/v2\/media?parent=110"}],"curies":[{"name":"wp","href":"https:\/\/api.w.org\/{rel}","templated":true}]}}