{"id":108,"date":"2016-02-02T11:01:05","date_gmt":"2016-02-02T09:01:05","guid":{"rendered":"http:\/\/wi.ee\/voro\/?page_id=108"},"modified":"2023-01-11T16:35:01","modified_gmt":"2023-01-11T14:35:01","slug":"raimond-kolk","status":"publish","type":"page","link":"https:\/\/wi.ee\/voro\/kiranigu\/raimond-kolk\/","title":{"rendered":"Raimond Kolk"},"content":{"rendered":"<p><strong>Raimond Kolk<\/strong> om v\u00f5ro luul\u00f5taja, ki\u00e4 in\u00e4mb\u00fcse uma luul\u00f5st kirot saru murrakun. Tim\u00e4 proosa om eestikiilne, a osa romaan\u00f5 omma v\u00f5roain\u00f5lidse.<\/p>\n<p>Raimond Kolk s\u00fcnd\u00fc Sarun Tammi talun vallasekret\u00e4ri pojana 8. II 1924. Edim\u00e4lt opp\u00f5 Saru algkoolin, 1937-42 Valga reaalkoolin ja Valga \u00fchisg\u00fcmnaasiumin, 1942-43 Tartu \u00d5petajate Seminarin. Korgharidus\u00f5 sai Stockholmi \u00fclikooli humanitaartiid\u00fcskonnan, filosoofiakandidaadis sai 1963.<\/p>\n<p>Joba karjan k\u00e4\u00fcven miild\u00fc poisil\u00f5 hirmutud\u00f5 luk\u00f5 ja nii t\u00e4 \u201cun\u00f5tki\u201d hinn\u00e4st sak\u00f5st lug\u00f5ma.<\/p>\n<p>1943 oll Kolk V\u00f5romaal Kuldrin algkooliop\u00f5taja, a sis pidi s\u00e4\u00e4lt pag\u00f5ma algul Tartud\u00f5, sis Talliina saksa mobilisatsiooni iist. \u00dcten Raimond Kaugveri ja Ain Kaalepiga ast Kolk Soom\u00f5 s\u00f5av\u00e4kke, kon n\u00e4\u00e4 andi v\u00e4ll\u00e4 k\u00e4sikir\u00e4list almanahhi \u201cQuasimodo\u201d. Varsti pag\u00f5si t\u00e4 Soom\u00f5st edesi Ruutsi, kon n\u00e4id v\u00f5eti vasta l\u00e4mm\u00e4 kakao ja v\u00f5iuleibiga. Algul sai t\u00fc\u00fcd m\u00f5tsat\u00fc\u00fclisena, 1945. aastagal nakas Ulricehamni sukavabrikun t\u00fc\u00fcle, edesi viil G\u00f6teborgi ketrusvabrikun, kon sai tutvas uma tul\u00f5vads\u00f5 naas\u00f5 Ellen R\u00e4\u00e4bisega; Stockholmi haiglan, raadiovabrikun ja tolmuimej\u00e4tehas\u00f5n, 1948-58 t\u00fc\u00fct rauatreialina. 1962 sai teenist\u00fcst Rootsi p\u00f5llumajandusministeeriumin. 1972-89 t\u00fc\u00fct Uppsalan Rootsi Toiduain\u00f5t\u00f5valitsus\u00f5 majandusdirektorina.<\/p>\n<p>Kolk abiellu 1947. aastagal ja tim\u00e4 perre s\u00fcnd\u00fc kats poiga Ellen ja Jaan.<\/p>\n<p>Raimond Kolk kuuli 3. novvembril 1992 Stockholmin ja om mat\u00f5t Liding\u00f6 surnuaida.<\/p>\n<h3>Looming:<\/h3>\n<p>Om toim\u00f5tanu poliitikaaokirj\u00e4 Side 1956-92.<\/p>\n<p>Raimond Kolk nakas luul\u00f5tama kooliaastil, t\u00e4 v\u00e4rsse om avald\u00f5t 1938. aastagal Tartun \u201c\u00d5pilaslehen\u201d ja 1942 \u201cPostimehen\u201d.<\/p>\n<p>1945. aastal \u00fchinesi t\u00e4 kir\u00e4nd\u00fcsr\u00fchmit\u00fcsega \u201cTuulisui\u201d, mis oll asut\u00f5t Tartun 1940.<\/p>\n<h3>Raamadu:<\/h3>\n<p>\u201c\u00dctsik t\u00e4ht\u201d 1946 Stocholm &#8211; v\u00f5rokiilne luul\u00f5kogo<br \/>\n\u201cK\u00f5iv akn\u00f5 all\u201d 1952 Lund &#8211; in\u00e4mb\u00fcste v\u00f5rokiilne luul\u00f5kogo<\/p>\n<h3>Illats\u00f5mbin kogod\u00f5n om v\u00f5ro kiil taanduman, a siski l\u00f6vv\u00fcs kogomik\u00f5n:<\/h3>\n<p>\u201cM\u00fc\u00fcdud s\u00f5rmus\u201d 1957 Lund<br \/>\n\u201cKiri\u201d 1977 Lund<\/p>\n<h3>In\u00e4mb\u00fcste v\u00f5rokiilse omma valit luul\u00f5raamaduq:<\/h3>\n<p>\u201cV\u00f5\u00f5ral maal kirjutatud laulud. Luulekogumik 1940-1983\u201d 1984 Lund<br \/>\n\u201c\u00dctsik t\u00e4ht\u201d 1989 Tallinn<\/p>\n<p>\u201ePeo p\u00e4\u00e4l\u00a0elu\u00a0h\u00f5p\u00f5\u201c 2018\u00a0 V\u00f5ro Instituut<\/p>\n<h3>Romaani ei ol\u00f5q v\u00f5rokiilse, a s\u00e4\u00e4l om mitmin paigavaimu kujut\u00f5t:<\/h3>\n<p>\u201cK\u00fcla p\u00f5leb kahest otsast\u201d 1955 Lund<br \/>\n\u201cSulaj\u00e4\u00e4\u201d 1958 Lund<\/p>\n<h3>Stockholmi triloogia kujutas pagulaisi saatust:<\/h3>\n<p>\u201cEt mitte kunagi v\u00f5ita\u201d 1969 Lund<br \/>\n\u201cM\u00f5ned p\u00e4evad septembris\u201d 1972 Lund<br \/>\n\u201cTruudus elu vastu\u201d 1976 Lund<\/p>\n<h3>Kolmikraamat:<\/h3>\n<p>\u201cVallavanema p\u00e4randustomp\u201d 1983 Lund<br \/>\n\u201cElu edeneb\u201d 1984 Lund<br \/>\n\u201cAjad muutuvad\u201d 1989 Lund<\/p>\n<h3>Novelli:<\/h3>\n<p>\u201cV\u00e4ikemees, miks nutad?\u201d 1960 Lund<br \/>\n\u201cUskumatu Toomas\u201d 1981 Lund<br \/>\n\u201cLestakala otsimas ja teisi jutte\u201d 1987 Lund<br \/>\n\u201cTuulisui ja teised\u201d (Stockholm 1980)<br \/>\n\u201cV\u00e4hikuningas\u201d 1957 Lund<\/p>\n<p>Kirotanu ka n\u00e4idendi ja hulga arvustuisi pagulaslehin. Raimond Kolk om saanu Eesti Kultuuri Koondise (Stockholm) auhinna 1980 ja Bernard Kangro nimelise preemia 1992.<\/p>\n<p>Oskar Kruus om tim\u00e4st kirotanu magistriv\u00e4itekir\u00e4 1993<\/p>\n<h3>Raimond Kolga (loomingu) kotsil\u00f5 om luk\u00f5:<\/h3>\n<p><strong>V\u00e4\u00e4ri, R.<\/strong> \u00dctsik t\u00e4ht ku essn\u00fc ut\u00f5 : Raimond Kolga murdeluule. IV V\u00e4lis-Eesti kongressi kogumik. Tln, 1999 lk 120-121<\/p>\n<p><strong>Grabbi, H.<\/strong> Paar haugatust vai ka n\u00e4ugatust Raimond Kolgi iin. Tulgu uus taevas : m\u00f5tteid viiek\u00fcmnest kirjanikust. Tln 1999, lk 88-94<br \/>\nLuulen\u00e4ited tekstis. Varem ilmunud Mana nr 55, 1986. Rmt: Kolk, Raimond. V\u00f5\u00f5ral maal kirjutatud laulud. Lund 1984)<\/p>\n<p><strong>Leosk, A.<\/strong> Raimond Kolga esimene (tundmatu) luulekogu. V\u00f4rumaa Teataja kultuurilisa Viruskundra veebr 1999, lk 3 (Rmt &#8220;Vaesumised. Lahtisi lehti 1941-1944&#8221;)<\/p>\n<p><strong>Kruus, O.<\/strong> Raimond Kolga seltsi veedetud tunde. V\u00f4rumaa Teataja kultuurilisa Viruskundra veebr 1999, lk 3<\/p>\n<p><strong>Prees, A.<\/strong> Kirjamehed paguluses: Juhan Jaik ja Raimond Kolk said v\u00f5\u00f5rsil l\u00e4hedaseks. V\u00f5rumaa Teataja 2. II 1999, lk 6<\/p>\n<p><strong>Valper, L.<\/strong> \u00dctsiku t\u00e4he valgus: Raimond Kolga m\u00e4lestusp\u00e4ev V\u00f5rumaa keskraamatukogus. V\u00f5rumaa Teataja 23. II 1999, lk 3<\/p>\n<p><strong>Kruus, O.<\/strong> Kardinad viisid abieluni : Raimond Kolk ja Ellen R\u00e4\u00e4bis. Elukiri 2000 nr 12, lk 42-43 (Ilmunud ka kogumikus: Kruus, Oskar. Kaksk\u00fcmmend \u00fcks pulma ja \u00fcksteist surma. Tln 2003, lk 117-122)<\/p>\n<p><strong>Muru, K.<\/strong> Eelistavalt neljast j\u00f5ululaulust. Luuleseletamine. Tartu 2001, lk 422-436 (Varem ilmunud: Keel ja Kirjandus 1989 nr 12. Gustav Suitsu, Marie Underi, Henrik Visnapuu ja Raimond Kolgi j\u00f5ululuuletustest)<\/p>\n<p>\u201cKeel ja Kirjandus\u201d 1993-2 (Oskar Kruus)<\/p>\n<p>O. Kruus \u201cKirjanik Raimond Kolk\u201d Tallinn 1995<\/p>\n<p><strong>J\u00f5gi, M.<\/strong> Tuulisui ja eesti pagulaskirjanduse algus. Intervjuu Raimond Kolgaga. K\u00f5nelesid: jutuajamisi kirjarahva ja teadlastega aastatest 1979-2006. Tln 2007, lk 225-231<\/p>\n<p>\u201cKirjanikult lugejale\u201d (Lund 1952)<br \/>\n\u201cParnasso\u201d 1955-5 (M. Koski)<br \/>\n\u201cMaailman kirjat ja kirjailijat\u201d (Helsingi 1957)<br \/>\n\u201cTulimuld\u201d 1958-3 (A.M\u00e4gi)<br \/>\n\u201cMinu noorusmaa\u201d (Lund 1964)<br \/>\n\u201cEesti kirjandus paguluses\u201d (Lund 1973)<br \/>\n\u201cTeataja\u201d 9.VII 1977 (A. Lepik)<br \/>\n\u201cKodumaa\u201d 19. IV 1978 (M. Oja)<\/p>\n<p>Bernard Kangro \u201cH\u00e4itsmemehi ja p\u00e4rlip\u00fc\u00fcdjaid\u201d (Lund 1978)<br \/>\nBernard Kangro \u201cArbujad\u201d (Lund 1981)<\/p>\n<p>\u201cTulimuld 1958-1 (A. M\u00e4gi)<br \/>\n\u201cMana\u201d 1986-55 (H.Grabbi)<br \/>\n\u201cMana\u201d 1987-55 (H.Brabbi)<br \/>\n\u201cKeel ja Kirjandus\u201d 1989-5 (E. Mallene)<br \/>\n\u201cEdasi\u201d 26.VIII 1989 (intervjuu)<br \/>\n\u201cLooming\u201d 1989-8 (Oskar Kruus, \u00dclo Tonts)<br \/>\n\u201cKeel ja Kirjandus\u201d 1989-11 (Oskar Kruus)<br \/>\n\u201cKeel ja Kirjandus\u201d 1989-12 (Karl Muru)<br \/>\n\u201cKeel ja Kirjandus\u201d 1993-2 (Oskar Kruus)<\/p>\n<p>O. Kruus \u201cKirjanik Raimond Kolk\u201d Tallinn1995<\/p>\n<h3>Raimond Kolga luul\u00f5t<\/h3>\n<p>VANALELL<\/p>\n<p>Im\u00e4 \u00fctl\u00e4s, \u00e4r\u00e4 sa<br \/>\nminn\u00fc en\u00e4mb k\u00f5rtsi,<br \/>\nkiskma kip\u00f5t tubakat,<br \/>\njuuma \u00f5ll\u00f5l\u00f6rtsi.<\/p>\n<p>T\u00f5si, ega topka mass<br \/>\nperis pall&#8217;u raha.<br \/>\nAga kuis ma muidu saass<br \/>\nollaq nigu taha.<\/p>\n<p>Meile kutsk\u00f5 istuma<br \/>\nkyik tuu k\u00f5rdsirahvas!<br \/>\nSis saa jutt\u00f5 jutusta,<br \/>\nminu miil l\u00e4tt lahvas.<\/p>\n<p>L\u00d5UN\u00d5MAA<\/p>\n<p>H\u00e4mm\u00e4r h\u00e4\u00f6ss ja p\u00fcmme vaoss,<br \/>\nk\u00fclm saina viirde saistus.<br \/>\nLatsi l\u00e4mmist\u00e4mm\u00e4 j\u00e4\u00e4ss<br \/>\nahupaistus.<\/p>\n<p>Hanirasva h\u00f5\u00f5rutas<br \/>\nahupaist\u00f5l lats\u00f5 rinda.<br \/>\nRinna sisen hani esiq<br \/>\nkr\u00f5\u00f5ks! ja kr\u00f5\u00f5ks! k\u00f5\u00f5rutas.<br \/>\nLats\u00f5 t\u00fc\u00fcss<br \/>\ntalv\u00f5 aol om r\u00fc\u00fcss.<\/p>\n<p>Lats ei tii\u00e4 l\u00f5un\u00f5maast,<br \/>\nrasva rinda h\u00f5\u00f5rutas.<br \/>\nHani tiid k\u00fcl l\u00f5un\u00f5maast,<br \/>\nhani rinnun k\u00f5\u00f5rutas.<\/p>\n<p>K\u00d5IV AKNA ALL<\/p>\n<p>Mii lats\u00f5 l\u00e4tsi und n\u00e4gem\u00e4.<br \/>\nTuul j\u00e4igi viil t\u00fc\u00fche:<br \/>\nk\u00f5ost k\u00f5llats\u00f5st luuda tegem\u00e4<br \/>\np\u00fcmehede \u00fc\u00fche.<\/p>\n<p>\u00fc\u00fc var&#8217;un minem\u00e4 robistas,<br \/>\nkis esi ei linda.<br \/>\nMaa p\u00e4\u00e4le kokku kobistas<br \/>\nviim\u00e4tse meelekindla.<\/p>\n<p>Mii un\u00f5st l\u00e4bi kirvend\u00e4s<br \/>\nhallakatk ja kadu.<br \/>\n\u00fcle mii maja virvend\u00e4s<br \/>\nk\u00f5llan\u00f5 sadu.<\/p>\n<p>P\u00d6\u00d6RIP\u00c4\u00c4VANE TAHTMINE<\/p>\n<p>Tul\u00f5 jo tul\u00f5 talv\u00f5k\u00f5n\u00f5<br \/>\nlang\u00f5 lag&#8217;a lum\u00f5k\u00f5n\u00f5<br \/>\nsadag\u00f5 sor\u00f5da sad\u00f5m\u00f5<\/p>\n<p>Lang\u00f5 laja laan\u00f5 p\u00e4\u00e4le<br \/>\nveid\u00fc pik\u00e4 p\u00f5llu p\u00e4\u00e4le<br \/>\nsata suu ja saar\u00f5 sisse<\/p>\n<p>Et saass katus kinni kat\u00f5t<br \/>\nmaa ja m\u00f5tsa maaha mat\u00f5t<br \/>\ntiikese t\u00e4\u00fcs tuisatus<\/p>\n<p>Sis saass j\u00e4nes j\u00e4lgi j\u00e4tt\u00e4<br \/>\noras\u00f5 veid\u00fc undki n\u00e4t\u00e4q<br \/>\npuu ja puhma p\u00f5\u00f5nutada<\/p>\n<p>Sis saass saani s\u00f5itma s\u00e4\u00e4d\u00e4<br \/>\nv\u00f5igu vehmre vahel k\u00e4\u00e4nd\u00e4<br \/>\nkralli kaala k\u00f5lis\u00f5ma<\/p>\n<p>Lats\u00f5 liugu-laugu laskma<br \/>\numma liuv\u00e4lj\u00e4 kastma<br \/>\nkarussellil keerutama<\/p>\n<p>K\u00fclh ol\u00f5s l\u00f5pu lusti lajalt<br \/>\nkavv\u00f5ltki ol\u00f5s kin\u00e4 kaia<br \/>\nei saass esiki pid\u00e4m\u00e4<\/p>\n","protected":false},"excerpt":{"rendered":"<p>Raimond Kolk om v\u00f5ro luul\u00f5taja, ki\u00e4 in\u00e4mb\u00fcse uma luul\u00f5st kirot saru murrakun. Tim\u00e4 proosa om eestikiilne, a osa romaan\u00f5 omma v\u00f5roain\u00f5lidse. Raimond Kolk s\u00fcnd\u00fc Sarun Tammi talun vallasekret\u00e4ri pojana 8. II 1924. Edim\u00e4lt opp\u00f5 Saru algkoolin, 1937-42 Valga reaalkoolin ja Valga \u00fchisg\u00fcmnaasiumin, 1942-43 Tartu \u00d5petajate Seminarin. Korgharidus\u00f5 sai Stockholmi \u00fclikooli humanitaartiid\u00fcskonnan, filosoofiakandidaadis sai 1963. Joba [&hellip;]<\/p>\n","protected":false},"author":1,"featured_media":0,"parent":9,"menu_order":18,"comment_status":"closed","ping_status":"closed","template":"","meta":{"footnotes":""},"class_list":["post-108","page","type-page","status-publish","hentry"],"yoast_head":"<!-- This site is optimized with the Yoast SEO plugin v27.4 - https:\/\/yoast.com\/product\/yoast-seo-wordpress\/ -->\n<title>Raimond Kolk - V\u00f5ro kir\u00e4nd\u00fcs<\/title>\n<meta name=\"robots\" content=\"index, follow, max-snippet:-1, max-image-preview:large, max-video-preview:-1\" \/>\n<link rel=\"canonical\" href=\"https:\/\/wi.ee\/voro\/kiranigu\/raimond-kolk\/\" \/>\n<meta property=\"og:locale\" content=\"et_EE\" \/>\n<meta property=\"og:type\" content=\"article\" \/>\n<meta property=\"og:title\" content=\"Raimond Kolk - V\u00f5ro kir\u00e4nd\u00fcs\" \/>\n<meta property=\"og:description\" content=\"Raimond Kolk om v\u00f5ro luul\u00f5taja, ki\u00e4 in\u00e4mb\u00fcse uma luul\u00f5st kirot saru murrakun. Tim\u00e4 proosa om eestikiilne, a osa romaan\u00f5 omma v\u00f5roain\u00f5lidse. Raimond Kolk s\u00fcnd\u00fc Sarun Tammi talun vallasekret\u00e4ri pojana 8. II 1924. Edim\u00e4lt opp\u00f5 Saru algkoolin, 1937-42 Valga reaalkoolin ja Valga \u00fchisg\u00fcmnaasiumin, 1942-43 Tartu \u00d5petajate Seminarin. Korgharidus\u00f5 sai Stockholmi \u00fclikooli humanitaartiid\u00fcskonnan, filosoofiakandidaadis sai 1963. Joba [&hellip;]\" \/>\n<meta property=\"og:url\" content=\"https:\/\/wi.ee\/voro\/kiranigu\/raimond-kolk\/\" \/>\n<meta property=\"og:site_name\" content=\"V\u00f5ro kir\u00e4nd\u00fcs\" \/>\n<meta property=\"article:modified_time\" content=\"2023-01-11T14:35:01+00:00\" \/>\n<meta name=\"twitter:card\" content=\"summary_large_image\" \/>\n<meta name=\"twitter:label1\" content=\"Est. reading time\" \/>\n\t<meta name=\"twitter:data1\" content=\"6 minutit\" \/>\n<script type=\"application\/ld+json\" class=\"yoast-schema-graph\">{\"@context\":\"https:\\\/\\\/schema.org\",\"@graph\":[{\"@type\":\"WebPage\",\"@id\":\"https:\\\/\\\/wi.ee\\\/voro\\\/kiranigu\\\/raimond-kolk\\\/\",\"url\":\"https:\\\/\\\/wi.ee\\\/voro\\\/kiranigu\\\/raimond-kolk\\\/\",\"name\":\"Raimond Kolk - V\u00f5ro kir\u00e4nd\u00fcs\",\"isPartOf\":{\"@id\":\"https:\\\/\\\/wi.ee\\\/voro\\\/#website\"},\"datePublished\":\"2016-02-02T09:01:05+00:00\",\"dateModified\":\"2023-01-11T14:35:01+00:00\",\"breadcrumb\":{\"@id\":\"https:\\\/\\\/wi.ee\\\/voro\\\/kiranigu\\\/raimond-kolk\\\/#breadcrumb\"},\"inLanguage\":\"et\",\"potentialAction\":[{\"@type\":\"ReadAction\",\"target\":[\"https:\\\/\\\/wi.ee\\\/voro\\\/kiranigu\\\/raimond-kolk\\\/\"]}]},{\"@type\":\"BreadcrumbList\",\"@id\":\"https:\\\/\\\/wi.ee\\\/voro\\\/kiranigu\\\/raimond-kolk\\\/#breadcrumb\",\"itemListElement\":[{\"@type\":\"ListItem\",\"position\":1,\"name\":\"Home\",\"item\":\"https:\\\/\\\/wi.ee\\\/voro\\\/\"},{\"@type\":\"ListItem\",\"position\":2,\"name\":\"KI\u00c4 OMMA V\u00d5RO KIR\u00c4NIGU\",\"item\":\"https:\\\/\\\/wi.ee\\\/voro\\\/kiranigu\\\/\"},{\"@type\":\"ListItem\",\"position\":3,\"name\":\"Raimond Kolk\"}]},{\"@type\":\"WebSite\",\"@id\":\"https:\\\/\\\/wi.ee\\\/voro\\\/#website\",\"url\":\"https:\\\/\\\/wi.ee\\\/voro\\\/\",\"name\":\"V\u00f5ro kir\u00e4nd\u00fcs\",\"description\":\"V\u00f5ro kir\u00e4nd\u00fcse kodoleht\",\"potentialAction\":[{\"@type\":\"SearchAction\",\"target\":{\"@type\":\"EntryPoint\",\"urlTemplate\":\"https:\\\/\\\/wi.ee\\\/voro\\\/?s={search_term_string}\"},\"query-input\":{\"@type\":\"PropertyValueSpecification\",\"valueRequired\":true,\"valueName\":\"search_term_string\"}}],\"inLanguage\":\"et\"}]}<\/script>\n<!-- \/ Yoast SEO plugin. -->","yoast_head_json":{"title":"Raimond Kolk - V\u00f5ro kir\u00e4nd\u00fcs","robots":{"index":"index","follow":"follow","max-snippet":"max-snippet:-1","max-image-preview":"max-image-preview:large","max-video-preview":"max-video-preview:-1"},"canonical":"https:\/\/wi.ee\/voro\/kiranigu\/raimond-kolk\/","og_locale":"et_EE","og_type":"article","og_title":"Raimond Kolk - V\u00f5ro kir\u00e4nd\u00fcs","og_description":"Raimond Kolk om v\u00f5ro luul\u00f5taja, ki\u00e4 in\u00e4mb\u00fcse uma luul\u00f5st kirot saru murrakun. Tim\u00e4 proosa om eestikiilne, a osa romaan\u00f5 omma v\u00f5roain\u00f5lidse. Raimond Kolk s\u00fcnd\u00fc Sarun Tammi talun vallasekret\u00e4ri pojana 8. II 1924. Edim\u00e4lt opp\u00f5 Saru algkoolin, 1937-42 Valga reaalkoolin ja Valga \u00fchisg\u00fcmnaasiumin, 1942-43 Tartu \u00d5petajate Seminarin. Korgharidus\u00f5 sai Stockholmi \u00fclikooli humanitaartiid\u00fcskonnan, filosoofiakandidaadis sai 1963. Joba [&hellip;]","og_url":"https:\/\/wi.ee\/voro\/kiranigu\/raimond-kolk\/","og_site_name":"V\u00f5ro kir\u00e4nd\u00fcs","article_modified_time":"2023-01-11T14:35:01+00:00","twitter_card":"summary_large_image","twitter_misc":{"Est. reading time":"6 minutit"},"schema":{"@context":"https:\/\/schema.org","@graph":[{"@type":"WebPage","@id":"https:\/\/wi.ee\/voro\/kiranigu\/raimond-kolk\/","url":"https:\/\/wi.ee\/voro\/kiranigu\/raimond-kolk\/","name":"Raimond Kolk - V\u00f5ro kir\u00e4nd\u00fcs","isPartOf":{"@id":"https:\/\/wi.ee\/voro\/#website"},"datePublished":"2016-02-02T09:01:05+00:00","dateModified":"2023-01-11T14:35:01+00:00","breadcrumb":{"@id":"https:\/\/wi.ee\/voro\/kiranigu\/raimond-kolk\/#breadcrumb"},"inLanguage":"et","potentialAction":[{"@type":"ReadAction","target":["https:\/\/wi.ee\/voro\/kiranigu\/raimond-kolk\/"]}]},{"@type":"BreadcrumbList","@id":"https:\/\/wi.ee\/voro\/kiranigu\/raimond-kolk\/#breadcrumb","itemListElement":[{"@type":"ListItem","position":1,"name":"Home","item":"https:\/\/wi.ee\/voro\/"},{"@type":"ListItem","position":2,"name":"KI\u00c4 OMMA V\u00d5RO KIR\u00c4NIGU","item":"https:\/\/wi.ee\/voro\/kiranigu\/"},{"@type":"ListItem","position":3,"name":"Raimond Kolk"}]},{"@type":"WebSite","@id":"https:\/\/wi.ee\/voro\/#website","url":"https:\/\/wi.ee\/voro\/","name":"V\u00f5ro kir\u00e4nd\u00fcs","description":"V\u00f5ro kir\u00e4nd\u00fcse kodoleht","potentialAction":[{"@type":"SearchAction","target":{"@type":"EntryPoint","urlTemplate":"https:\/\/wi.ee\/voro\/?s={search_term_string}"},"query-input":{"@type":"PropertyValueSpecification","valueRequired":true,"valueName":"search_term_string"}}],"inLanguage":"et"}]}},"_links":{"self":[{"href":"https:\/\/wi.ee\/voro\/wp-json\/wp\/v2\/pages\/108","targetHints":{"allow":["GET"]}}],"collection":[{"href":"https:\/\/wi.ee\/voro\/wp-json\/wp\/v2\/pages"}],"about":[{"href":"https:\/\/wi.ee\/voro\/wp-json\/wp\/v2\/types\/page"}],"author":[{"embeddable":true,"href":"https:\/\/wi.ee\/voro\/wp-json\/wp\/v2\/users\/1"}],"replies":[{"embeddable":true,"href":"https:\/\/wi.ee\/voro\/wp-json\/wp\/v2\/comments?post=108"}],"version-history":[{"count":3,"href":"https:\/\/wi.ee\/voro\/wp-json\/wp\/v2\/pages\/108\/revisions"}],"predecessor-version":[{"id":954,"href":"https:\/\/wi.ee\/voro\/wp-json\/wp\/v2\/pages\/108\/revisions\/954"}],"up":[{"embeddable":true,"href":"https:\/\/wi.ee\/voro\/wp-json\/wp\/v2\/pages\/9"}],"wp:attachment":[{"href":"https:\/\/wi.ee\/voro\/wp-json\/wp\/v2\/media?parent=108"}],"curies":[{"name":"wp","href":"https:\/\/api.w.org\/{rel}","templated":true}]}}