{"id":1027,"date":"2023-04-10T10:54:45","date_gmt":"2023-04-10T07:54:45","guid":{"rendered":"https:\/\/wi.ee\/voro\/?page_id=1027"},"modified":"2023-06-02T11:39:25","modified_gmt":"2023-06-02T08:39:25","slug":"kiranigu-evar-saar","status":"publish","type":"page","link":"https:\/\/wi.ee\/voro\/kiranigu\/kiranigu-evar-saar\/","title":{"rendered":"Evar Saar"},"content":{"rendered":"<p><img loading=\"lazy\" decoding=\"async\" class=\"alignnone size-medium wp-image-1044\" src=\"https:\/\/wi.ee\/voro\/wp-content\/uploads\/2023\/06\/evar_saar-210x300.jpg\" alt=\"\" width=\"210\" height=\"300\" srcset=\"https:\/\/wi.ee\/voro\/wp-content\/uploads\/2023\/06\/evar_saar-210x300.jpg 210w, https:\/\/wi.ee\/voro\/wp-content\/uploads\/2023\/06\/evar_saar.jpg 524w\" sizes=\"auto, (max-width: 210px) 100vw, 210px\" \/><\/p>\n<p>Saar\u00f5 Evar s\u00fcnd\u00fc 16. p\u00f5imukuu p\u00e4\u00e4v\u00e4l 1969. aastaga Urvast\u00f5 kihlkunnan Liinam\u00e4el.<\/p>\n<p>P\u00f5hiharidus\u00f5 sai Osola p\u00f5hikoolist, Kreutzwaldi-nimelidse V\u00f5ro 1. keskkooli l\u00f5p\u00f5t 1987. aastaga.<\/p>\n<p>Tarto \u00fclikoolin ops\u00f5 balalaureus\u00f5-astm\u00f5n aokir\u00e4nd\u00fcst (1987\u20131996) ni magistrikraadi sai eesti ja l\u00e4\u00e4nemeresoome keeletiid\u00fcse erialal (1997\u20132001). Saar\u00f5 magistrit\u00fc\u00fc oll R\u00e4pin\u00e4 ja Vahts\u00f5liina\u00a0 kotus\u00f5nimmist, filosoofiadoktori kraadi sai 2008. aastaga t\u00fc\u00fcga &#8220;V\u00f5rumaa kohanimede anal\u00fc\u00fcs enamlevinud nimeosade p\u00f5hjal ja traditsioonilise kogukonna nimes\u00fcsteem&#8221;. Saar\u00f5 Evar om \u00fcts Eesti kotus\u00f5nimmi-raamadu (2016) autur.<\/p>\n<p>V\u00f5ro instituudin t\u00fc\u00fct\u00e4s t\u00e4 1995. aastagast p\u00e4\u00e4le, p\u00f5him\u00e4dses t\u00fc\u00fcs om kotuss\u00f5- ja inemisenimmi uurmin\u00f5. Evar om ka \u00fcts edim\u00e4dse v\u00f5rokiilse aolehe Uma Leht alustajist 2000. aastagal.<\/p>\n<p>Evari luul\u00f5kogo \u201eK\u00f5n\u00f5la m\u00f5tsan m\u00e4d\u00e4n\u00fc puuga\u201c (2014) sisaldas luul\u00f5tuisi aastaist 1991-2014.<\/p>\n<p>Om avaldanu ka l\u00fchk\u00fcid jutt\u00f5 V\u00f5ro-Seto t\u00e4htraamatun.<\/p>\n<p>Parla avaldas luul\u00f5tuisi p\u00e4\u00e4midselt fb-n ehk Moloraamatun, nisamat\u00f5 kirotas arvustuisi ni raamatututvustuisi nigu n\u00e4\u00fctes 2022. aasta jaanuari Uman Lehen Vladislav\u00a0<em>Kor\u017eetsi<\/em> kokko pant kalaluul\u00f5 antoloogia kotsil\u00f5: <a href=\"https:\/\/umaleht.ee\/article\/kalaluulo-olo-ei-kalaluu\/\">https:\/\/umaleht.ee\/article\/kalaluulo-olo-ei-kalaluu\/<\/a><\/p>\n<p>Abielon Fastr\u00f5 Marikoga, kolm\u00f5 lats\u00f5 es\u00e4 (Hipp 2001, Hindrik 2009 ja Hilda Marin 2014).<\/p>\n<ol start=\"2004\">\n<li>aastaga p\u00e4lvse Eesti riigilt Valg\u00f5t\u00e4he V klassi tiinidem\u00e4rgi\u00a0 Vana V\u00f5romaa kotuss\u00f5nimmi kokkukorjamis\u00f5 iist 1995\u20132003.<\/li>\n<li><\/li>\n<\/ol>\n<p>&nbsp;<\/p>\n<p>&nbsp;<\/p>\n<h3>Valik luul\u00f5t\u00a0aastast 2022<\/h3>\n<p>&nbsp;<\/p>\n<p>T\u00f5mpsi sae k\u00e4\u00fcm\u00e4.<\/p>\n<p>K\u00f5okannuq olliq korg\u00f5s j\u00e4\u00e4n\u00fcq.<\/p>\n<p>Ku pakuq kodu vii\u00e4q s\u00f5s<\/p>\n<p>k\u00f5g\u00f5 suur\u00f5mbast pakust saa<\/p>\n<p>kats korvit\u00e4\u00fct halg\u00f5,<\/p>\n<p>kats ahut\u00e4\u00fct k\u00fclm\u00e4 talv\u00f5 p\u00e4ivil.<\/p>\n<p>Mille p\u00e4\u00e4le tiiq viim\u00e4dsel n\u00e4d\u00e4lil<\/p>\n<p>sae k\u00e4\u00fcm\u00e4 t\u00f5mpsit?<\/p>\n<p><em>Fb-n 30.10.2022<\/em><\/p>\n<p>&nbsp;<\/p>\n<p>Saa arvu \u2013 saa eiq<\/p>\n<p>(her\u00e4nemisao stiilin)<\/p>\n<p>Saa arvu \u2013 kaova keele mur\u00f5q hingen<\/p>\n<p>om hulgal inemisil V\u00f5rumaal.<\/p>\n<p>A mille kiilt ei l\u00f6vv\u00fcq lahenduisi pinge-<\/p>\n<p>rian, mid\u00e4 tet\u00e4s \u2013 arvu ma ei saaq?<\/p>\n<p>Ku pall ei p\u00f5rkaq, veet\u00e4s miitre ruusa<\/p>\n<p>kunstmurru, geotekstiili \u2013 p\u00f5rkas j\u00e4lq.<\/p>\n<p>Ku koolin v\u00f5ru keele oppus l\u00f5p\u00f5s,<\/p>\n<p>kas j\u00e4\u00e4s vai pingiklapi sisse ts\u00e4lk?<\/p>\n<p>Tan ehited\u00e4s sad\u00f5m\u00f5viikraav\u00f5<\/p>\n<p>ja \u00e4r\u00e4qjuhtmisteid ja kontoriid.<\/p>\n<p>Ku s\u00e4et\u00e4s kokku k\u00fcmne aasta plaan\u00f5<\/p>\n<p>s\u00e4\u00e4l kasuma k\u00e4\u00e4nd rahvaarv ja miil.<\/p>\n<p>L\u00e4tt saali ette miis ja \u00fctles: \u201eV\u00f5ru<\/p>\n<p>kiil minul\u00f5gi im\u00e4keeles oll\u00b4!<\/p>\n<p>A jakka riigikeelen n\u00fc\u00fcd, et k\u00f5ik saaks aru.\u201c<\/p>\n<p>Ei saaq ma arvu, om \u00fcts \u201emull-mull-mull\u201c.<\/p>\n<p><em>Fb-n 7.11.2022<\/em><\/p>\n<p>&nbsp;<\/p>\n<p>Iisp\u00e4\u00e4v\u00e4ne<\/p>\n<p>&nbsp;<\/p>\n<p>Lamba vanaq ja noor\u00f5q,<\/p>\n<p>kanas\u00f6\u00f6giq ja munakoor\u00f5q,<\/p>\n<p>t\u00fc\u00fchop\u00f5\u0144 laudal\u00f5 eheq,<\/p>\n<p>seod farmi pid\u00e4v\u00e4 keelemeheq.<\/p>\n<p>Umlaut.<\/p>\n<p>Um laut!<\/p>\n<p>&nbsp;<\/p>\n<p><em>Fb-n 23.01.2023<\/em><\/p>\n<p>&nbsp;<\/p>\n<p>Remiks<\/p>\n<p>&nbsp;<\/p>\n<p>Kas kroonu ehit\u00e4s<\/p>\n<p>Vahts\u00f5-L\u00fckk\u00e4 k\u00fcl\u00e4?<\/p>\n<p>V\u00f5issi jo ehit\u00e4q<\/p>\n<p>V\u00f5rul\u00f5 ligemb\u00e4le<\/p>\n<p>kroonu ped\u00e4j\u00e4m\u00f5tsa.<\/p>\n<p>Kas kroonu kahitsas,<\/p>\n<p>ku el\u00e4nik saa viis k\u00f5rda kallimba kinnisvara?<\/p>\n<p>Mitte 30 protsenti.<\/p>\n<p>Kahitsas,<\/p>\n<p>kahitsamin\u00f5 om s\u00e4\u00e4d\u00fcsega kimm\u00e4tet,<\/p>\n<p>kahitsas \u00e4rq.<\/p>\n<p>&nbsp;<\/p>\n<p><em>Fb-n 23.11.2022<\/em><\/p>\n<p><em>\u00a0<\/em><\/p>\n<p>\u00d5u vand\u00f5n\u00f5u, \u00f5u vand\u00f5n\u00f5u,<\/p>\n<p>sul ommaq hall\u00b4aq ossaq.<\/p>\n<p>\u00d5u vand\u00f5n\u00f5u, \u00f5u vand\u00f5n\u00f5u,<\/p>\n<p>kos l\u00e4\u00e4v\u00e4q sinu juur\u00f5q?<\/p>\n<p>Sa ajat noil\u00f5 ajju k\u00e4eq,<\/p>\n<p>kes mitte essugi ei n\u00e4eq.<\/p>\n<p>\u00d5u vand\u00f5n\u00f5u, \u00f5u vand\u00f5n\u00f5u,<\/p>\n<p>sa las\u00f5t n\u00e4ivust paistu.<\/p>\n<p>Ma sinu plaan\u00f5st arvu saa!<\/p>\n<p>Mul abis om teooria!<\/p>\n<p>\u00d5u vand\u00f5n\u00f5u, \u00f5u vand\u00f5n\u00f5u,<\/p>\n<p>mu tarkus mull\u00f5 armas!<\/p>\n<p>&nbsp;<\/p>\n<p><em>Fb-n 3.11.2022<\/em><\/p>\n<p><em>\u00a0<\/em><\/p>\n<p>oodat vastust<\/p>\n<p>muiduki<\/p>\n<p>ma kuuli su k\u00fcs\u00fcmist<\/p>\n<p>vastust<\/p>\n<p>ei ol\u00f5q ka hind\u00e4l viil<\/p>\n<p>a ma tii joba t\u00fc\u00fcd seo m\u00f5tt\u00f5ga<\/p>\n<p>nigu iks, oll\u00b4 su k\u00fcs\u00fcmine naglap\u00e4\u00e4 pihta<\/p>\n<p>(mu k\u00f5g\u00f5 par\u00f5mb n\u00f5unik, a tuud ma ei \u00fctle<\/p>\n<p>ei poeq!)<\/p>\n<p>p\u00e4\u00e4 korjas m\u00f5ttit ja fakt\u00f5 osan<\/p>\n<p>tahassi mid\u00e4gi netist kaiaq<\/p>\n<p>saada eiq ma sull\u00f5 autumaat-vastust<\/p>\n<p>et tiiq k\u00fcs\u00fcm\u00fcs om k\u00e4tte saad<\/p>\n<p>ja laa-laa-laa<\/p>\n<p>kuigi tuu annassi signaali<\/p>\n<p>et vaikiol\u00f5k ei tul\u00f5q trotsist<\/p>\n<p>ma tii joba t\u00fc\u00fcd seo m\u00f5tt\u00f5ga<\/p>\n<p>ja p\u00e4\u00e4midse a\u015ba olt sa jo k\u00fcs\u00fcn\u00fc<\/p>\n<p>\u00e4rq<\/p>\n<p>muiduki armasta sinnu<\/p>\n<p>seod ma v\u00f5i k\u00f5rrataq<\/p>\n<p>k\u00fcmme k\u00f5rd p\u00e4\u00e4v\u00e4n<\/p>\n<p>nigu itaallan\u00f5<\/p>\n<p>kinka stiili vastataq<\/p>\n<p>ma muidu ei hinda<\/p>\n<p>introvertne eesti mii\u015b<\/p>\n<p><em>\u00a0<\/em><\/p>\n<p><em>Fb-n 9.11.22<\/em><\/p>\n<p>&nbsp;<\/p>\n<p>&nbsp;<\/p>\n<p>hirmsa<\/p>\n<p>kas seo om minevik<\/p>\n<p>ja tul\u00f5vikun iin<\/p>\n<p>ommaq hirmuq?<\/p>\n<p>mul om k\u00fclh neid hirmsa hirmudu<\/p>\n<p>(\u00fcliv\u00e4ega pall\u00b4u hargl\u00f5 keelen)<\/p>\n<p>peris hirmsat om antu n\u00e4t\u00e4q \u00f5nn\u00f5s veid\u00fcq<\/p>\n<p>\u00fcten un\u00f5n\u00e4on ma mata lagunuid kuulnuid<\/p>\n<p>vinna hauda<\/p>\n<p>konk\u015b om tuusama<\/p>\n<p>mi\u00e4 saekaadrin palke jaos<\/p>\n<p>ei tii\u00e4, kost tuu tul\u00f5<\/p>\n<p>m\u00f5n\u00f5st eelmidsest elust<\/p>\n<p>l\u00e4hk\u00fcn om tuu n\u00fc\u00fct<\/p>\n<p>kuigi vanaim\u00e4 oll\u00b4 hulga l\u00e4hemb\u00e4l<\/p>\n<p>l\u00e4ts l\u00e4bi frondi<\/p>\n<p>Liinam\u00e4elt Viitinn\u00e4<\/p>\n<p>ja n\u00e4kse rohk\u00f5mb kuulnuid<\/p>\n<p>ku vanaes\u00e4 terve s\u00f5an oltu ao<\/p>\n<p>(mid\u00e4 es ol\u00f5q kah kuigi pall\u00b4u)<\/p>\n<p>hirmudu tragi naan\u00f5<\/p>\n<p>a mitte hirmulda<\/p>\n<p>peris hirmsa a\u015baq tulliq t\u00e4lle per\u00e4n<\/p>\n<p>ja s\u00e4\u00e4ltpuult kost uutagi es m\u00f5istaq<\/p>\n<p>hirmsast tulnuid\u00f5 hirm\u00f5 vasta avit kir\u00e4nd\u00fcs<\/p>\n<p>ps\u00fchholoogi es tii\u00e4q viil tahtaq<\/p>\n<p>\u00fctsk\u00f5rd<\/p>\n<p>vanaim\u00e4 lugi \u0160olohhovi<\/p>\n<p>ja and\u00b4 mull\u00f5gi m\u00f5nt hirmsambat kotust luk\u00f5q<\/p>\n<p>jaetu hirmsa om iks puul hirmsat<\/p>\n<p>per\u00e4n kat\u00f5k\u00f5ist\u00f5 tett\u00fc pannkoogiq<\/p>\n<p>top\u00f5lt meks\u00e4mb\u00e4q<\/p>\n<p>&nbsp;<\/p>\n<p><em>Fb-n 17.11.2022<\/em><\/p>\n<p>&nbsp;<\/p>\n<p>K\u00e4ng\u00e4 seen om jalg,<\/p>\n<p>a k\u00e4ng\u00e4q pandas jalga.<\/p>\n<p>M\u00fcts\u00fc seen om p\u00e4\u00e4,<\/p>\n<p>a p\u00e4h\u00e4q pandas m\u00fct\u015b.<\/p>\n<p>S\u00f6\u00f6gi seen om tsukur,<\/p>\n<p>ku pall\u00b4o s\u00fc\u00fct, l\u00e4\u00e4t rasva.<\/p>\n<p>Ku joht ei s\u00fc\u00fcq, l\u00e4\u00e4t v\u00e4ll\u00e4<\/p>\n<p>ja satat maahha: M\u00fcts!<\/p>\n<p>Kinnas k\u00e4tte l\u00e4tt,<\/p>\n<p>a s\u00f5rm\u00f5q s\u00f5rmist m\u00fc\u00fcde.<\/p>\n<p>Kaalan sall &#8211; om h\u00e4\u00e4,<\/p>\n<p>l\u00e4tt upin kaala &#8211; h\u00f5el.<\/p>\n<p>Opit kooniq el\u00e4t,<\/p>\n<p>keelest saa ei m\u00fc\u00fcde.<\/p>\n<p>Keele seen om t\u00f5n\u00f5<\/p>\n<p>n\u00e4gu lihtsal t\u00f5el.<\/p>\n<p>&nbsp;<\/p>\n<p><em>Fb-n 13.11.2022<\/em><\/p>\n<p><em>\u00a0<\/em><\/p>\n<p><em>\u00a0<\/em>sa k\u00fcs\u00fct<\/p>\n<p>mid\u00e4 mul ei ol\u00f5q<\/p>\n<p>t\u00e4hts\u00e4mb\u00e4 a\u015baq<\/p>\n<p>ommaq iks viil ol\u00f5man<\/p>\n<p>vai joba<\/p>\n<p>mur\u00f5t om hulga<\/p>\n<p>ol\u00f5 ei veid\u00fcq<\/p>\n<p>tiid om k\u00e4vv\u00fc<\/p>\n<p>a k\u00e4\u00fcmist veid\u00fcq<\/p>\n<p>hel\u00fc<\/p>\n<p>tuuga om halvast\u00f5<\/p>\n<p>siseorkestri<\/p>\n<p>eg\u00e4 j\u00e4rgm\u00e4ne pillimiis<\/p>\n<p>saistas \u00fcles ja pand<\/p>\n<p>noodipaki kokku<\/p>\n<p>l\u00e4tt \u00e4rq<\/p>\n<p>lamp j\u00e4\u00e4s palama<\/p>\n<p>vaikus j\u00e4\u00e4s kandma<\/p>\n<p>noor\u00f5p\u00f5lv\u00f5 naglapill<\/p>\n<p>ei tii\u00e4q, kas oll\u00b4 iks naglapill?<\/p>\n<p>tasalik pinnin<\/p>\n<p>tuud ma v\u00f5i viil kuuldaq<\/p>\n<p>ku hool\u00f5ga kuulata<\/p>\n<p>usu et<\/p>\n<p>mid\u00e4gi j\u00e4\u00e4s<\/p>\n<p>&nbsp;<\/p>\n<p><em>Fb-n 4.11.22<\/em><\/p>\n<p>&nbsp;<\/p>\n<p>&nbsp;<\/p>\n<p>&nbsp;<\/p>\n<p>&nbsp;<\/p>\n<p>&nbsp;<\/p>\n<p>&nbsp;<\/p>\n","protected":false},"excerpt":{"rendered":"<p>Saar\u00f5 Evar s\u00fcnd\u00fc 16. p\u00f5imukuu p\u00e4\u00e4v\u00e4l 1969. aastaga Urvast\u00f5 kihlkunnan Liinam\u00e4el. P\u00f5hiharidus\u00f5 sai Osola p\u00f5hikoolist, Kreutzwaldi-nimelidse V\u00f5ro 1. keskkooli l\u00f5p\u00f5t 1987. aastaga. Tarto \u00fclikoolin ops\u00f5 balalaureus\u00f5-astm\u00f5n aokir\u00e4nd\u00fcst (1987\u20131996) ni magistrikraadi sai eesti ja l\u00e4\u00e4nemeresoome keeletiid\u00fcse erialal (1997\u20132001). Saar\u00f5 magistrit\u00fc\u00fc oll R\u00e4pin\u00e4 ja Vahts\u00f5liina\u00a0 kotus\u00f5nimmist, filosoofiadoktori kraadi sai 2008. aastaga t\u00fc\u00fcga &#8220;V\u00f5rumaa kohanimede anal\u00fc\u00fcs enamlevinud nimeosade [&hellip;]<\/p>\n","protected":false},"author":2,"featured_media":0,"parent":9,"menu_order":36,"comment_status":"closed","ping_status":"closed","template":"","meta":{"footnotes":""},"class_list":["post-1027","page","type-page","status-publish","hentry"],"yoast_head":"<!-- This site is optimized with the Yoast SEO plugin v27.4 - https:\/\/yoast.com\/product\/yoast-seo-wordpress\/ -->\n<title>Evar Saar - V\u00f5ro kir\u00e4nd\u00fcs<\/title>\n<meta name=\"robots\" content=\"index, follow, max-snippet:-1, max-image-preview:large, max-video-preview:-1\" \/>\n<link rel=\"canonical\" href=\"https:\/\/wi.ee\/voro\/kiranigu\/kiranigu-evar-saar\/\" \/>\n<meta property=\"og:locale\" content=\"et_EE\" \/>\n<meta property=\"og:type\" content=\"article\" \/>\n<meta property=\"og:title\" content=\"Evar Saar - V\u00f5ro kir\u00e4nd\u00fcs\" \/>\n<meta property=\"og:description\" content=\"Saar\u00f5 Evar s\u00fcnd\u00fc 16. p\u00f5imukuu p\u00e4\u00e4v\u00e4l 1969. aastaga Urvast\u00f5 kihlkunnan Liinam\u00e4el. P\u00f5hiharidus\u00f5 sai Osola p\u00f5hikoolist, Kreutzwaldi-nimelidse V\u00f5ro 1. keskkooli l\u00f5p\u00f5t 1987. aastaga. Tarto \u00fclikoolin ops\u00f5 balalaureus\u00f5-astm\u00f5n aokir\u00e4nd\u00fcst (1987\u20131996) ni magistrikraadi sai eesti ja l\u00e4\u00e4nemeresoome keeletiid\u00fcse erialal (1997\u20132001). Saar\u00f5 magistrit\u00fc\u00fc oll R\u00e4pin\u00e4 ja Vahts\u00f5liina\u00a0 kotus\u00f5nimmist, filosoofiadoktori kraadi sai 2008. aastaga t\u00fc\u00fcga &#8220;V\u00f5rumaa kohanimede anal\u00fc\u00fcs enamlevinud nimeosade [&hellip;]\" \/>\n<meta property=\"og:url\" content=\"https:\/\/wi.ee\/voro\/kiranigu\/kiranigu-evar-saar\/\" \/>\n<meta property=\"og:site_name\" content=\"V\u00f5ro kir\u00e4nd\u00fcs\" \/>\n<meta property=\"article:modified_time\" content=\"2023-06-02T08:39:25+00:00\" \/>\n<meta property=\"og:image\" content=\"https:\/\/wi.ee\/voro\/wp-content\/uploads\/2023\/06\/evar_saar-210x300.jpg\" \/>\n<meta name=\"twitter:card\" content=\"summary_large_image\" \/>\n<meta name=\"twitter:label1\" content=\"Est. reading time\" \/>\n\t<meta name=\"twitter:data1\" content=\"5 minutit\" \/>\n<script type=\"application\/ld+json\" class=\"yoast-schema-graph\">{\"@context\":\"https:\\\/\\\/schema.org\",\"@graph\":[{\"@type\":\"WebPage\",\"@id\":\"https:\\\/\\\/wi.ee\\\/voro\\\/kiranigu\\\/kiranigu-evar-saar\\\/\",\"url\":\"https:\\\/\\\/wi.ee\\\/voro\\\/kiranigu\\\/kiranigu-evar-saar\\\/\",\"name\":\"Evar Saar - V\u00f5ro kir\u00e4nd\u00fcs\",\"isPartOf\":{\"@id\":\"https:\\\/\\\/wi.ee\\\/voro\\\/#website\"},\"primaryImageOfPage\":{\"@id\":\"https:\\\/\\\/wi.ee\\\/voro\\\/kiranigu\\\/kiranigu-evar-saar\\\/#primaryimage\"},\"image\":{\"@id\":\"https:\\\/\\\/wi.ee\\\/voro\\\/kiranigu\\\/kiranigu-evar-saar\\\/#primaryimage\"},\"thumbnailUrl\":\"https:\\\/\\\/wi.ee\\\/voro\\\/wp-content\\\/uploads\\\/2023\\\/06\\\/evar_saar-210x300.jpg\",\"datePublished\":\"2023-04-10T07:54:45+00:00\",\"dateModified\":\"2023-06-02T08:39:25+00:00\",\"breadcrumb\":{\"@id\":\"https:\\\/\\\/wi.ee\\\/voro\\\/kiranigu\\\/kiranigu-evar-saar\\\/#breadcrumb\"},\"inLanguage\":\"et\",\"potentialAction\":[{\"@type\":\"ReadAction\",\"target\":[\"https:\\\/\\\/wi.ee\\\/voro\\\/kiranigu\\\/kiranigu-evar-saar\\\/\"]}]},{\"@type\":\"ImageObject\",\"inLanguage\":\"et\",\"@id\":\"https:\\\/\\\/wi.ee\\\/voro\\\/kiranigu\\\/kiranigu-evar-saar\\\/#primaryimage\",\"url\":\"https:\\\/\\\/wi.ee\\\/voro\\\/wp-content\\\/uploads\\\/2023\\\/06\\\/evar_saar.jpg\",\"contentUrl\":\"https:\\\/\\\/wi.ee\\\/voro\\\/wp-content\\\/uploads\\\/2023\\\/06\\\/evar_saar.jpg\",\"width\":524,\"height\":747},{\"@type\":\"BreadcrumbList\",\"@id\":\"https:\\\/\\\/wi.ee\\\/voro\\\/kiranigu\\\/kiranigu-evar-saar\\\/#breadcrumb\",\"itemListElement\":[{\"@type\":\"ListItem\",\"position\":1,\"name\":\"Home\",\"item\":\"https:\\\/\\\/wi.ee\\\/voro\\\/\"},{\"@type\":\"ListItem\",\"position\":2,\"name\":\"KI\u00c4 OMMA V\u00d5RO KIR\u00c4NIGU\",\"item\":\"https:\\\/\\\/wi.ee\\\/voro\\\/kiranigu\\\/\"},{\"@type\":\"ListItem\",\"position\":3,\"name\":\"Evar Saar\"}]},{\"@type\":\"WebSite\",\"@id\":\"https:\\\/\\\/wi.ee\\\/voro\\\/#website\",\"url\":\"https:\\\/\\\/wi.ee\\\/voro\\\/\",\"name\":\"V\u00f5ro kir\u00e4nd\u00fcs\",\"description\":\"V\u00f5ro kir\u00e4nd\u00fcse kodoleht\",\"potentialAction\":[{\"@type\":\"SearchAction\",\"target\":{\"@type\":\"EntryPoint\",\"urlTemplate\":\"https:\\\/\\\/wi.ee\\\/voro\\\/?s={search_term_string}\"},\"query-input\":{\"@type\":\"PropertyValueSpecification\",\"valueRequired\":true,\"valueName\":\"search_term_string\"}}],\"inLanguage\":\"et\"}]}<\/script>\n<!-- \/ Yoast SEO plugin. -->","yoast_head_json":{"title":"Evar Saar - V\u00f5ro kir\u00e4nd\u00fcs","robots":{"index":"index","follow":"follow","max-snippet":"max-snippet:-1","max-image-preview":"max-image-preview:large","max-video-preview":"max-video-preview:-1"},"canonical":"https:\/\/wi.ee\/voro\/kiranigu\/kiranigu-evar-saar\/","og_locale":"et_EE","og_type":"article","og_title":"Evar Saar - V\u00f5ro kir\u00e4nd\u00fcs","og_description":"Saar\u00f5 Evar s\u00fcnd\u00fc 16. p\u00f5imukuu p\u00e4\u00e4v\u00e4l 1969. aastaga Urvast\u00f5 kihlkunnan Liinam\u00e4el. P\u00f5hiharidus\u00f5 sai Osola p\u00f5hikoolist, Kreutzwaldi-nimelidse V\u00f5ro 1. keskkooli l\u00f5p\u00f5t 1987. aastaga. Tarto \u00fclikoolin ops\u00f5 balalaureus\u00f5-astm\u00f5n aokir\u00e4nd\u00fcst (1987\u20131996) ni magistrikraadi sai eesti ja l\u00e4\u00e4nemeresoome keeletiid\u00fcse erialal (1997\u20132001). Saar\u00f5 magistrit\u00fc\u00fc oll R\u00e4pin\u00e4 ja Vahts\u00f5liina\u00a0 kotus\u00f5nimmist, filosoofiadoktori kraadi sai 2008. aastaga t\u00fc\u00fcga &#8220;V\u00f5rumaa kohanimede anal\u00fc\u00fcs enamlevinud nimeosade [&hellip;]","og_url":"https:\/\/wi.ee\/voro\/kiranigu\/kiranigu-evar-saar\/","og_site_name":"V\u00f5ro kir\u00e4nd\u00fcs","article_modified_time":"2023-06-02T08:39:25+00:00","og_image":[{"url":"https:\/\/wi.ee\/voro\/wp-content\/uploads\/2023\/06\/evar_saar-210x300.jpg","type":"","width":"","height":""}],"twitter_card":"summary_large_image","twitter_misc":{"Est. reading time":"5 minutit"},"schema":{"@context":"https:\/\/schema.org","@graph":[{"@type":"WebPage","@id":"https:\/\/wi.ee\/voro\/kiranigu\/kiranigu-evar-saar\/","url":"https:\/\/wi.ee\/voro\/kiranigu\/kiranigu-evar-saar\/","name":"Evar Saar - V\u00f5ro kir\u00e4nd\u00fcs","isPartOf":{"@id":"https:\/\/wi.ee\/voro\/#website"},"primaryImageOfPage":{"@id":"https:\/\/wi.ee\/voro\/kiranigu\/kiranigu-evar-saar\/#primaryimage"},"image":{"@id":"https:\/\/wi.ee\/voro\/kiranigu\/kiranigu-evar-saar\/#primaryimage"},"thumbnailUrl":"https:\/\/wi.ee\/voro\/wp-content\/uploads\/2023\/06\/evar_saar-210x300.jpg","datePublished":"2023-04-10T07:54:45+00:00","dateModified":"2023-06-02T08:39:25+00:00","breadcrumb":{"@id":"https:\/\/wi.ee\/voro\/kiranigu\/kiranigu-evar-saar\/#breadcrumb"},"inLanguage":"et","potentialAction":[{"@type":"ReadAction","target":["https:\/\/wi.ee\/voro\/kiranigu\/kiranigu-evar-saar\/"]}]},{"@type":"ImageObject","inLanguage":"et","@id":"https:\/\/wi.ee\/voro\/kiranigu\/kiranigu-evar-saar\/#primaryimage","url":"https:\/\/wi.ee\/voro\/wp-content\/uploads\/2023\/06\/evar_saar.jpg","contentUrl":"https:\/\/wi.ee\/voro\/wp-content\/uploads\/2023\/06\/evar_saar.jpg","width":524,"height":747},{"@type":"BreadcrumbList","@id":"https:\/\/wi.ee\/voro\/kiranigu\/kiranigu-evar-saar\/#breadcrumb","itemListElement":[{"@type":"ListItem","position":1,"name":"Home","item":"https:\/\/wi.ee\/voro\/"},{"@type":"ListItem","position":2,"name":"KI\u00c4 OMMA V\u00d5RO KIR\u00c4NIGU","item":"https:\/\/wi.ee\/voro\/kiranigu\/"},{"@type":"ListItem","position":3,"name":"Evar Saar"}]},{"@type":"WebSite","@id":"https:\/\/wi.ee\/voro\/#website","url":"https:\/\/wi.ee\/voro\/","name":"V\u00f5ro kir\u00e4nd\u00fcs","description":"V\u00f5ro kir\u00e4nd\u00fcse kodoleht","potentialAction":[{"@type":"SearchAction","target":{"@type":"EntryPoint","urlTemplate":"https:\/\/wi.ee\/voro\/?s={search_term_string}"},"query-input":{"@type":"PropertyValueSpecification","valueRequired":true,"valueName":"search_term_string"}}],"inLanguage":"et"}]}},"_links":{"self":[{"href":"https:\/\/wi.ee\/voro\/wp-json\/wp\/v2\/pages\/1027","targetHints":{"allow":["GET"]}}],"collection":[{"href":"https:\/\/wi.ee\/voro\/wp-json\/wp\/v2\/pages"}],"about":[{"href":"https:\/\/wi.ee\/voro\/wp-json\/wp\/v2\/types\/page"}],"author":[{"embeddable":true,"href":"https:\/\/wi.ee\/voro\/wp-json\/wp\/v2\/users\/2"}],"replies":[{"embeddable":true,"href":"https:\/\/wi.ee\/voro\/wp-json\/wp\/v2\/comments?post=1027"}],"version-history":[{"count":5,"href":"https:\/\/wi.ee\/voro\/wp-json\/wp\/v2\/pages\/1027\/revisions"}],"predecessor-version":[{"id":1045,"href":"https:\/\/wi.ee\/voro\/wp-json\/wp\/v2\/pages\/1027\/revisions\/1045"}],"up":[{"embeddable":true,"href":"https:\/\/wi.ee\/voro\/wp-json\/wp\/v2\/pages\/9"}],"wp:attachment":[{"href":"https:\/\/wi.ee\/voro\/wp-json\/wp\/v2\/media?parent=1027"}],"curies":[{"name":"wp","href":"https:\/\/api.w.org\/{rel}","templated":true}]}}