{"id":9952,"date":"2021-10-05T13:59:32","date_gmt":"2021-10-05T11:59:32","guid":{"rendered":"https:\/\/wi.ee\/?page_id=9952"},"modified":"2021-10-05T13:59:32","modified_gmt":"2021-10-05T11:59:32","slug":"voro-keele-nadalast-2020","status":"publish","type":"page","link":"https:\/\/wi.ee\/et\/tegemised\/voru-keele-nadal-2021\/voro-keele-nadalast-2020\/","title":{"rendered":"V\u00f5ro keele n\u00e4dalast 2020"},"content":{"rendered":"<h3><span style=\"color: #008000;\"><strong>V\u00d5RO KEELE N\u00c4DALA KOKKUV\u00d5TE<img loading=\"lazy\" decoding=\"async\" class=\"size-medium wp-image-7757 alignright\" src=\"https:\/\/wi.ee\/wp-content\/uploads\/2020\/09\/voromark_valgetaust_veebi-300x300.jpg\" alt=\"\" width=\"300\" height=\"300\" srcset=\"https:\/\/wi.ee\/wp-content\/uploads\/2020\/09\/voromark_valgetaust_veebi-300x300.jpg 300w, https:\/\/wi.ee\/wp-content\/uploads\/2020\/09\/voromark_valgetaust_veebi.jpg 709w\" sizes=\"auto, (max-width: 300px) 100vw, 300px\" \/><\/strong><\/span><\/h3>\n<h4><span style=\"color: #800000;\"><strong><em>V\u00f5ro keele n\u00e4t\u00e4l<\/em><\/strong><strong>\u00a0 pakkus v\u00f5rokestele rohkelt v\u00f5imalusi <em>umma kiilt kuulda ja k\u00f5n\u00f5lda<\/em><\/strong><\/span><\/h4>\n<p><strong>\u00a0<\/strong><strong>Iga aasta novembrikuu esimesel n\u00e4dalal on v\u00f5ru keele n\u00e4dal, sel aastal toimus see juba 16. korda. 2.-8. novembril olnud v\u00f5ru keele n\u00e4dala \u00fcleskutse oli \u201eK\u00f5n\u00f5l\u00f5 mukka v\u00f5ro kiilt!\u201c. N\u00e4dala jooksul tegutses ligi 300 v\u00f5ru keele agenti, kes olid eeskujuks v\u00f5ru keele igap\u00e4evasel kasutamisel. Algajad v\u00f5ru keele r\u00e4\u00e4kijad said end proovile panna m\u00e4ngus \u201eV\u00f5rok\u00f5s\u00f5 v\u00e4ll\u00e4kuts\u00f5\u201c lihtsaid \u00fclesandeid t\u00e4ites. N\u00e4dala jooksul toimus palju v\u00f5rukeelseid s\u00fcndmusi ning v\u00f5ru keelt oli tavap\u00e4rasest rohkem kuulda ka \u00fcleriigilises meedias. <\/strong><\/p>\n<p>Et v\u00f5ru keel on rahvakeel, t\u00f5estasid ligi 300 v\u00f5ru keele agenti, kes said innustust oma tegevust \u2013 v\u00f5ru keele igap\u00e4evast kasutamist \u2013 ka p\u00e4rast v\u00f5ru keele n\u00e4dalat j\u00e4tkata. V\u00f5ru keele agendid olid aktiivsed ja julged, mitmed neist panid oma t\u00f6\u00f6koha uksele ja mujale v\u00f5rukeelseid silte ja teateid ja korraldasid oma t\u00f6\u00f6l v\u00f5i pereringis v\u00e4ikesi s\u00fcndmusi (\u00f5nneloos, lauam\u00e4ngud, jutuvestmine jne).<\/p>\n<p>Juba enne v\u00f5ru keele n\u00e4dalat algas m\u00e4ng \u201eV\u00f5rok\u00f5s\u00f5 v\u00e4ll\u00e4kuts\u00f5\u201c, mis kutsus nii algajaid kui edasij\u00f5udnuid t\u00e4itma lihtsaid ja l\u00f5busaid \u00fclesandeid, mis t\u00f5estavad, et iga\u00fcks saab v\u00f5ru keele k\u00f5nelemist praktiseerides oma keeleoskust parandada. M\u00e4ngijaid kogunes sadakond, kuid lisaks tegid paljud \u00fclesandeid enda r\u00f5\u00f5muks ilma tulemusi \u00e4ra saatmata. Elevust sotsiaalmeedias tekitasid n\u00e4iteks \u00fclesanded \u201ek\u00f5n\u00f5l\u00f5 vai postita \u00fcts nali vai lugu v\u00f5ro keelen\u201c, tii \u00fcts v\u00f5rokeeline silt nt uss\u00f5, purgi vms p\u00e4\u00e4le\u201c ja \u201etii uma poodinimekiri v\u00f5ro keelen\u201c. M\u00e4ngu auhinnasaajad kuulutatakse v\u00e4lja 19. novembri Uma Lehes.<\/p>\n<p>Need, kes soovisid teistele m\u00e4rku anda oma soovist, et nendega v\u00f5ru keelt r\u00e4\u00e4gitaks, said seda teha rinnam\u00e4rgiga v\u00f5i FB profiilipildi raamiga \u201eK\u00f5n\u00f5l\u00f5 mukka v\u00f5ro kiilt!\u201c. M\u00e4rgi s\u00f5num sobib k\u00f5igile, nii v\u00f5ru keele igap\u00e4evastele kasutajatele kui ka neile, kes v\u00f5ru keelt veel ise ei oska.<\/p>\n<p>V\u00f5ru keelest peetakse lugu ka Vana-V\u00f5romaa koolides ja lasteaedades. K\u00fclla oli kutsutud esinejaid, \u00f5petajad pidasid v\u00f5rukeelseid muinasjututunde ja esitasid n\u00e4idendeid ja t\u00f5lkisid nt lasteaia n\u00e4dala men\u00fc\u00fc v\u00f5ru keelde.<\/p>\n<p>Vana-V\u00f5romaa kultuurikojas avati v\u00f5ru keele ajaloo ekspositsioon ning Vana-V\u00f5romaa muuseumid r\u00f5\u00f5mustasid huvilisi p\u00f5nevate v\u00f5rukeelsete programmidega (m\u00e4ngud, muinasjututunnid, orienteerumine).<\/p>\n<p>6. novembril V\u00f5ru kultuurimajas Kannel toimunud <em>v\u00f5ro keele n\u00e4d\u00e4li ilo\u00f5dagul<\/em> seoti kokku kirjas\u00f5na, elav s\u00f5na, muusika ja film. Tutvustati tr\u00fckisooja raamatut \u201eV\u00f5rukeelseid vanas\u00f5nu\u201c, mille p\u00f5hjal koostatud l\u00fchikavaga esinesid V\u00f5ru draamastuudio noored. \u00d5htu elavale pildile p\u00fchendatud jaos vaadati Adsoni luulelugemisv\u00f5istluse paremaid videoid ja v\u00f5rokestest filmire\u017eiss\u00f6\u00f6ride Anna Hintsi ja Kerli Kirch Schneideri rahvusvahelist t\u00e4helepanu p\u00e4lvinud l\u00fchifilme.<\/p>\n<p>V\u00f5ru keelt v\u00f5is kuulda mitmetes populaarsetes tele- ja raadiosaadetes: Aktuaalse Kaamera ilmateade, ETV Ringvaade, Raadio 2 Meloturniir, Vikerraadios Andres Oja muusikasaade ja Vikerhommik, Delta saade Klassikaraadios jne. V\u00f5ru keele n\u00e4dala tegemisi kajastas ka tr\u00fckimeedia, n\u00e4iteks Uma Leht, L\u00f5unaleht, L\u00f5una-Eesti Postimees ja Eesti Ekspress.<\/p>\n<p>Korraldajad t\u00e4navad s\u00fcdamest k\u00f5iki v\u00f5ru keele n\u00e4dala tegemistesse panustanuid! <em>Hoiami \u00f5ks v\u00f5rok\u00f5s\u00f5 vaimu virg\u00f5 ja lustilids\u00f5 \u2013 nii p\u00fcs\u00fcs ilm ja p\u00fcs\u00fcmi esi!<\/em><\/p>\n<p>V\u00f5ru keele n\u00e4dal tuleb j\u00e4lle! 1.-7. novembril 2021 peetakse seda juba 17. korda.<\/p>\n<p>Lisainfo:<br \/>\nRainer Kuuba<br \/>\nV\u00f5ro Instituudi direktor<br \/>\ntel 5645 1444, &#x72;&#x61;&#x69;&#x6e;&#101;&#114;&#46;&#107;uub&#x61;&#x40;&#x77;&#x69;&#x2e;&#101;&#101;<\/p>\n<h3><\/h3>\n<h3><span style=\"color: #008000;\"><strong>KAE JA LOE TAKASTPERR\u00c4:\u00a0<\/strong><\/span><\/h3>\n<h4><span style=\"color: #008000;\"><strong>V\u00f5ro keelest ja n\u00e4d\u00e4list kir\u00e4s\u00f5nan:<\/strong><\/span><\/h4>\n<p>* Uma Leht 8. okt, artikli <strong>\u201eOtsitas v\u00f5ro keele agente\u201c<\/strong>: <a href=\"https:\/\/umaleht.ee\/article\/otsitas-voro-keele-agente\/\" target=\"_blank\" rel=\"noopener noreferrer\">https:\/\/umaleht.ee\/article\/otsitas-voro-keele-agente\/<\/a><\/p>\n<p>* Uma Leht 22. okt, artikli <strong>\u201eM\u00e4rdikuu edim\u00e4ne n\u00e4t\u00e4l om v\u00f5ro keele n\u00e4t\u00e4l\u201c:<\/strong> <a href=\"https:\/\/umaleht.ee\/article\/mardikuu-edimane-natal-om-voro-keele-natal\/\" target=\"_blank\" rel=\"noopener noreferrer\">https:\/\/umaleht.ee\/article\/mardikuu-edimane-natal-om-voro-keele-natal\/<\/a><\/p>\n<p>* L\u00f5unaleht 22. okt, artikli <strong>\u201eKampaania k\u00e4igus v\u00e4rvati mitusada v\u00f5ro keele agenti\u201c<\/strong>: <a href=\"http:\/\/www.lounaleht.ee\/index.php?page=1&amp;id=29961&amp;type=2\" target=\"_blank\" rel=\"noopener noreferrer\">http:\/\/www.lounaleht.ee\/index.php?page=1&amp;id=29961&amp;type=2<\/a><\/p>\n<p>* L\u00f5una-Eesti Postimees 23. okt, artikli <strong>\u201eV\u00f5rokesed v\u00f5tavad vastu v\u00e4ljakutseid\u201c<\/strong><\/p>\n<p>* L\u00f5una-Eesti Postimees 24. okt, artikli <strong>\u201eM\u00e4ng esitab v\u00f5rokestele v\u00e4ljakutse \u2013 r\u00e4\u00e4kida rohkem v\u00f5ro keelt\u201c<\/strong>: <a href=\"https:\/\/lounapostimees.postimees.ee\/7093413\/mang-esitab-vorokestele-valjakutse-raakida-rohkem-voro-keelt\" target=\"_blank\" rel=\"noopener noreferrer\">https:\/\/lounapostimees.postimees.ee\/7093413\/mang-esitab-vorokestele-valjakutse-raakida-rohkem-voro-keelt<\/a><\/p>\n<p>* L\u00f5una-Eesti Postimees 30 okt, \u00a0ilmu <a href=\"https:\/\/wi.ee\/wp-content\/uploads\/2020\/11\/Voro-keele-nadali-erileht-LE-Postimehe-vaihel_peramane_min.pdf\" target=\"_blank\" rel=\"noopener noreferrer\"><strong>v\u00f5ro keele n\u00e4d\u00e4li erileht<\/strong><\/a> 4 lehek\u00fclge, lehte loe <span style=\"color: #0000ff;\"><strong><a style=\"color: #0000ff;\" href=\"https:\/\/wi.ee\/wp-content\/uploads\/2020\/11\/Voro-keele-nadali-erileht-LE-Postimehe-vaihel_peramane_min.pdf\" target=\"_blank\" rel=\"noopener noreferrer\">TAST<\/a><\/strong><\/span>.<\/p>\n<p>* Uma Leht 5. nov, juhtkiri <strong>\u201eTrummi ja vilega n\u00e4t\u00e4l\u201c:<\/strong> <a href=\"https:\/\/umaleht.ee\/article\/trummi-ja-vilega-natal\/\" target=\"_blank\" rel=\"noopener noreferrer\">https:\/\/umaleht.ee\/article\/trummi-ja-vilega-natal\/<\/a><\/p>\n<p>* Uma Leht 5. nov, m\u00e4ng \u00a0<strong>\u201eV\u00f5rok\u00f5s\u00f5 v\u00e4ll\u00e4kuts\u00f5\u201c:<\/strong> <a href=\"https:\/\/umaleht.ee\/article\/vorokoso-vallakutso\/\" target=\"_blank\" rel=\"noopener noreferrer\">https:\/\/umaleht.ee\/article\/vorokoso-vallakutso\/<\/a><\/p>\n<p>* Uma Leht 5. nov, artikli <strong>\u201eAdsoni-v\u00f5istlus videon\u201c<\/strong>: \u00a0<a href=\"https:\/\/umaleht.ee\/article\/adsoni-voistlus-videon\/\" target=\"_blank\" rel=\"noopener noreferrer\">https:\/\/umaleht.ee\/article\/adsoni-voistlus-videon\/<\/a><\/p>\n<p>* L\u00f5una-Eesti Postimees 5. nov, videolugu <strong>\u201eV\u00f5ru keel v\u00f5ib pealinlast eksitada\u201c<\/strong>: <a href=\"https:\/\/www.postimees.ee\/7103332\/voru-keel-voib-pealinlast-eksitada\" target=\"_blank\" rel=\"noopener noreferrer\">https:\/\/www.postimees.ee\/7103332\/voru-keel-voib-pealinlast-eksitada<\/a><\/p>\n<p>* L\u00f5unaleht 5. nov, artikli <strong>\u201e Elojovvulids\u00f5n v\u00f5ro keelen om v\u00f5imalik k\u00f5kk\u00f5 edesi anda\u201c<\/strong>: \u00a0<a href=\"http:\/\/www.lounaleht.ee\/index.php?page=1&amp;id=30061\" target=\"_blank\" rel=\"noopener noreferrer\">http:\/\/www.lounaleht.ee\/index.php?page=1&amp;id=30061<\/a><\/p>\n<p>* L\u00f5una-Eesti Postimees 6. nov, artikli <strong>\u201eV\u00f5ro keele agendiks hakkas ligikaudu 300 inimest\u201c<\/strong>: <a href=\"https:\/\/lounapostimees.postimees.ee\/7103282\/voro-keele-agendiks-hakkas-ligikaudu-300-inimest\" target=\"_blank\" rel=\"noopener noreferrer\">https:\/\/lounapostimees.postimees.ee\/7103282\/voro-keele-agendiks-hakkas-ligikaudu-300-inimest<\/a><\/p>\n<p>* Eesti Ekspress 11. nov, artikli <strong>\u201eV\u00f5ro keele agent 001 ehk Pondi Tseims ehk k\u00f5n\u00f5l\u00f5 mukka v\u00f5ro kiilt!\u201c<\/strong>: <a href=\"https:\/\/ekspress.delfi.ee\/elu\/voro-keele-agent-001-ehk-pondi-tseims-ehk-konolo-mukka-voro-kiilt?id=91625831\" target=\"_blank\" rel=\"noopener noreferrer\">https:\/\/ekspress.delfi.ee\/elu\/voro-keele-agent-001-ehk-pondi-tseims-ehk-konolo-mukka-voro-kiilt?id=91625831<\/a><\/p>\n<p>* V\u00f5rumaa Teataja 13. nov, artikli <strong>\u201eV\u00f5ru keele n\u00e4dal lasteaias S\u00f5leke\u201c<\/strong>: <a href=\"https:\/\/www.vorumaateataja.ee\/koik-uudised\/elu-ja-kultuur\/26002-voru-keele-nadal-lasteaias-soleke\" target=\"_blank\" rel=\"noopener noreferrer\">https:\/\/www.vorumaateataja.ee\/koik-uudised\/elu-ja-kultuur\/26002-voru-keele-nadal-lasteaias-soleke<\/a><\/p>\n<h4><\/h4>\n<h4><span style=\"color: #008000;\"><strong>V\u00f5ro keelest ja n\u00e4d\u00e4li ettev\u00f5tmiisist telen-raadion:<\/strong><\/span><\/h4>\n<p>* <strong>Vikerraadion<\/strong> 8. okt kell 18.45\u00a0 &#8220;V\u00f5rukeelsed uudised&#8221;, k\u00f5n\u00f5ldas v\u00f5ro keele agente otsmisest: <a href=\"https:\/\/vikerraadio.err.ee\/1139465\/vorukeelsed-uudised\" target=\"_blank\" rel=\"noopener noreferrer\">https:\/\/vikerraadio.err.ee\/1139465\/vorukeelsed-uudised<\/a><\/p>\n<p>* <strong>Vikerraadion<\/strong> 29. okt kell 18.45\u00a0 &#8220;V\u00f5rukeelsed uudised&#8221;, k\u00f5n\u00f5ldas, mi\u00e4 om plaanin v\u00f5ro keele n\u00e4d\u00e4lil: <a href=\"https:\/\/vikerraadio.err.ee\/1147873\" target=\"_blank\" rel=\"noopener noreferrer\">https:\/\/vikerraadio.err.ee\/1147873<\/a><\/p>\n<p><strong>* ERR<\/strong> <strong>Ringvaade<\/strong> 02. nov\u00a0 saatejuhi p\u00fc\u00fcdv\u00e4 \u00e4r arvada v\u00f5rokeelitside \u00fctel\u00fcisi t\u00e4hend\u00fcisi: <a href=\"https:\/\/etv.err.ee\/1154285\/voro-kiile-nadal\" target=\"_blank\" rel=\"noopener noreferrer\">https:\/\/etv.err.ee\/1154285\/voro-kiile-nadal<\/a><\/p>\n<p><strong>*ERR<\/strong> 2. nov\u00a0 saaten <strong>Aktuaalne Kaamera<\/strong> alostusega kell 21 oll ilmateed\u00fcs v\u00f5ro keeli.<\/p>\n<p>* <strong>Vikerraadion<\/strong> Oja Andrese muusigasaat\u00f5n:<\/p>\n<p>iisp\u00e4\u00e4v\u00e4, 2. nov\u00a0 kell 17.30 alanu saat\u00f5n oll raadiotar\u00f5n Merike Susi ja kull\u00f5lda sai v\u00f5rokeelitsit laul\u00f5: <a href=\"https:\/\/vikerraadio.err.ee\/1150897\/andres-oja-kulas-ansambel-hunta-ja-merike-susi\" target=\"_blank\" rel=\"noopener noreferrer\">https:\/\/vikerraadio.err.ee\/1150897\/andres-oja-kulas-ansambel-hunta-ja-merike-susi<\/a><\/p>\n<p>t\u00f5s\u00f5p\u00e4\u00e4v\u00e4, 3. nov\u00a0 kell 17.30 alanu saat\u00f5n olli \u00fctsjago laul\u00f5 v\u00f5ro keelen ja saat\u00f5 t\u00f5s\u00f5n tunnin oll telehvonijutuaamin\u00f5 Pulga Jaaniga: <a href=\"https:\/\/vikerraadio.err.ee\/1150912\/andres-oja-laine-60-ja-pulga-jaan\" target=\"_blank\" rel=\"noopener noreferrer\">https:\/\/vikerraadio.err.ee\/1150912\/andres-oja-laine-60-ja-pulga-jaan<\/a><\/p>\n<p><strong>* Vikerraadion <\/strong>\u00a004. nov\u00a0 oll 9.15-9.50 Vikerhummogu saat\u00f5n v\u00f5rok\u00f5n\u00f5 Kalli Kait, ki\u00e4 k\u00f5n\u00f5l v\u00f5ro keelen. <a href=\"https:\/\/vikerraadio.err.ee\/1150918\/vikerhommik-romi-hasa-ja-sten-teppan\/1109215\" target=\"_blank\" rel=\"noopener noreferrer\">https:\/\/vikerraadio.err.ee\/\u2026\/vikerhommik-romi-hasa-\u2026\/1109215<\/a><\/p>\n<p>* <strong>Klassikaraadio<\/strong> saaten Delta kolmap\u00e4iv, 04. nov kell 13 oll v\u00f5ru keele n\u00e4d\u00e4li puhul k\u00fcl\u00e4n koorijuht Kuno Kerge: <a href=\"https:\/\/klassikaraadio.err.ee\/1149683\/delta-4-novembril-tuur-ja-puur-kuno-kerge-leonhard-lapin-ekraanil\/1109310\" target=\"_blank\" rel=\"noopener noreferrer\">https:\/\/klassikaraadio.err.ee\/\u2026\/delta-4-novembril-t\u2026\/1109310<\/a><\/p>\n<p>* <strong>Vikerraadion<\/strong> 05. nov kell 18.45 &#8220;V\u00f5rukeelsed uudised&#8221;, k\u00f5n\u00f5ldas Adsoni luul\u00f5v\u00f5itlusest ja v\u00f5ro keele n\u00e4d\u00e4li ilo\u00f5dagust: <a href=\"https:\/\/vikerraadio.err.ee\/1150943\/vorukeelsed-uudised\" target=\"_blank\" rel=\"noopener noreferrer\">https:\/\/vikerraadio.err.ee\/1150943\/vorukeelsed-uudised<\/a><\/p>\n<p>* <strong>Raadio 2-n <\/strong>saad\u00f5 \u201eMeloturniir\u201c 7. nov\u00a0 \u00a0kell 12.05 oll v\u00f5ro keele n\u00e4d\u00e4li puhul katskeeline, Ilvese Aapo k\u00f5n\u00f5l \u00f5nn\u00f5 v\u00f5ro keelen: \u00a0<a href=\"https:\/\/r2.err.ee\/1151107\/meloturniir-aapo-ilves\" target=\"_blank\" rel=\"noopener noreferrer\">https:\/\/r2.err.ee\/1151107\/meloturniir-aapo-ilves<\/a><\/p>\n<p>&nbsp;<\/p>\n<h4><span style=\"color: #008000;\"><strong>Kae viil: <\/strong><\/span><\/h4>\n<p><strong>ADSON 2020.<\/strong> Noor\u00f5 v\u00f5rok\u00f5s\u00f5 lug\u00f5va v\u00f5rokiilsit luul\u00f5tuisi.<br \/>\n<a href=\"https:\/\/www.youtube.com\/channel\/UCxHfoTQLl5qsFcwCtPq3yvQ\/videos\" target=\"_blank\" rel=\"noopener noreferrer\">https:\/\/www.youtube.com\/cha\u2026\/UCxHfoTQLl5qsFcwCtPq3yvQ\/videos<\/a><\/p>\n<p>&nbsp;<\/p>\n","protected":false},"excerpt":{"rendered":"<p>V\u00d5RO KEELE N\u00c4DALA KOKKUV\u00d5TE V\u00f5ro keele n\u00e4t\u00e4l\u00a0 pakkus v\u00f5rokestele rohkelt v\u00f5imalusi umma kiilt kuulda ja k\u00f5n\u00f5lda \u00a0Iga aasta novembrikuu esimesel n\u00e4dalal on v\u00f5ru keele n\u00e4dal, sel aastal toimus see juba 16. korda. 2.-8. novembril olnud v\u00f5ru keele n\u00e4dala \u00fcleskutse oli \u201eK\u00f5n\u00f5l\u00f5 mukka v\u00f5ro kiilt!\u201c. N\u00e4dala jooksul tegutses ligi 300 v\u00f5ru keele agenti, kes olid eeskujuks [&hellip;]<\/p>\n","protected":false},"author":2,"featured_media":0,"parent":7689,"menu_order":0,"comment_status":"closed","ping_status":"closed","template":"","meta":{"_acf_changed":false,"footnotes":""},"class_list":["post-9952","page","type-page","status-publish","hentry"],"acf":[],"yoast_head":"<!-- This site is optimized with the Yoast SEO plugin v27.3 - https:\/\/yoast.com\/product\/yoast-seo-wordpress\/ -->\n<title>V\u00f5ro keele n\u00e4dalast 2020 - V\u00f5ru Instituut<\/title>\n<meta name=\"robots\" content=\"index, follow, max-snippet:-1, max-image-preview:large, max-video-preview:-1\" \/>\n<link rel=\"canonical\" href=\"https:\/\/wi.ee\/et\/tegemised\/voru-keele-nadal-2021\/voro-keele-nadalast-2020\/\" \/>\n<meta property=\"og:locale\" content=\"et_EE\" \/>\n<meta property=\"og:type\" content=\"article\" \/>\n<meta property=\"og:title\" content=\"V\u00f5ro keele n\u00e4dalast 2020 - V\u00f5ru Instituut\" \/>\n<meta property=\"og:description\" content=\"V\u00d5RO KEELE N\u00c4DALA KOKKUV\u00d5TE V\u00f5ro keele n\u00e4t\u00e4l\u00a0 pakkus v\u00f5rokestele rohkelt v\u00f5imalusi umma kiilt kuulda ja k\u00f5n\u00f5lda \u00a0Iga aasta novembrikuu esimesel n\u00e4dalal on v\u00f5ru keele n\u00e4dal, sel aastal toimus see juba 16. korda. 2.-8. novembril olnud v\u00f5ru keele n\u00e4dala \u00fcleskutse oli \u201eK\u00f5n\u00f5l\u00f5 mukka v\u00f5ro kiilt!\u201c. N\u00e4dala jooksul tegutses ligi 300 v\u00f5ru keele agenti, kes olid eeskujuks [&hellip;]\" \/>\n<meta property=\"og:url\" content=\"https:\/\/wi.ee\/et\/tegemised\/voru-keele-nadal-2021\/voro-keele-nadalast-2020\/\" \/>\n<meta property=\"og:site_name\" content=\"V\u00f5ru Instituut\" \/>\n<meta property=\"article:publisher\" content=\"https:\/\/www.facebook.com\/VoroInstituut\" \/>\n<meta property=\"og:image\" content=\"https:\/\/wi.ee\/wp-content\/uploads\/2020\/09\/voromark_valgetaust_veebi-300x300.jpg\" \/>\n<meta name=\"twitter:label1\" content=\"Est. reading time\" \/>\n\t<meta name=\"twitter:data1\" content=\"4 minutit\" \/>\n<script type=\"application\/ld+json\" class=\"yoast-schema-graph\">{\"@context\":\"https:\\\/\\\/schema.org\",\"@graph\":[{\"@type\":\"WebPage\",\"@id\":\"https:\\\/\\\/wi.ee\\\/et\\\/tegemised\\\/voru-keele-nadal-2021\\\/voro-keele-nadalast-2020\\\/\",\"url\":\"https:\\\/\\\/wi.ee\\\/et\\\/tegemised\\\/voru-keele-nadal-2021\\\/voro-keele-nadalast-2020\\\/\",\"name\":\"V\u00f5ro keele n\u00e4dalast 2020 - V\u00f5ru Instituut\",\"isPartOf\":{\"@id\":\"https:\\\/\\\/wi.ee\\\/et\\\/#website\"},\"primaryImageOfPage\":{\"@id\":\"https:\\\/\\\/wi.ee\\\/et\\\/tegemised\\\/voru-keele-nadal-2021\\\/voro-keele-nadalast-2020\\\/#primaryimage\"},\"image\":{\"@id\":\"https:\\\/\\\/wi.ee\\\/et\\\/tegemised\\\/voru-keele-nadal-2021\\\/voro-keele-nadalast-2020\\\/#primaryimage\"},\"thumbnailUrl\":\"https:\\\/\\\/wi.ee\\\/wp-content\\\/uploads\\\/2020\\\/09\\\/voromark_valgetaust_veebi-300x300.jpg\",\"datePublished\":\"2021-10-05T11:59:32+00:00\",\"breadcrumb\":{\"@id\":\"https:\\\/\\\/wi.ee\\\/et\\\/tegemised\\\/voru-keele-nadal-2021\\\/voro-keele-nadalast-2020\\\/#breadcrumb\"},\"inLanguage\":\"et\",\"potentialAction\":[{\"@type\":\"ReadAction\",\"target\":[\"https:\\\/\\\/wi.ee\\\/et\\\/tegemised\\\/voru-keele-nadal-2021\\\/voro-keele-nadalast-2020\\\/\"]}]},{\"@type\":\"ImageObject\",\"inLanguage\":\"et\",\"@id\":\"https:\\\/\\\/wi.ee\\\/et\\\/tegemised\\\/voru-keele-nadal-2021\\\/voro-keele-nadalast-2020\\\/#primaryimage\",\"url\":\"https:\\\/\\\/wi.ee\\\/wp-content\\\/uploads\\\/2020\\\/09\\\/voromark_valgetaust_veebi-300x300.jpg\",\"contentUrl\":\"https:\\\/\\\/wi.ee\\\/wp-content\\\/uploads\\\/2020\\\/09\\\/voromark_valgetaust_veebi-300x300.jpg\"},{\"@type\":\"BreadcrumbList\",\"@id\":\"https:\\\/\\\/wi.ee\\\/et\\\/tegemised\\\/voru-keele-nadal-2021\\\/voro-keele-nadalast-2020\\\/#breadcrumb\",\"itemListElement\":[{\"@type\":\"ListItem\",\"position\":1,\"name\":\"Avaleht\",\"item\":\"https:\\\/\\\/wi.ee\\\/et\\\/\"},{\"@type\":\"ListItem\",\"position\":2,\"name\":\"Tegemised\",\"item\":\"https:\\\/\\\/wi.ee\\\/et\\\/tegemised\\\/\"},{\"@type\":\"ListItem\",\"position\":3,\"name\":\"V\u00f5ru keele n\u00e4dal 2021\",\"item\":\"https:\\\/\\\/wi.ee\\\/et\\\/tegemised\\\/voru-keele-nadal-2021\\\/\"},{\"@type\":\"ListItem\",\"position\":4,\"name\":\"V\u00f5ro keele n\u00e4dalast 2020\"}]},{\"@type\":\"WebSite\",\"@id\":\"https:\\\/\\\/wi.ee\\\/et\\\/#website\",\"url\":\"https:\\\/\\\/wi.ee\\\/et\\\/\",\"name\":\"V\u00f5ru Instituut\",\"description\":\"\",\"publisher\":{\"@id\":\"https:\\\/\\\/wi.ee\\\/et\\\/#organization\"},\"potentialAction\":[{\"@type\":\"SearchAction\",\"target\":{\"@type\":\"EntryPoint\",\"urlTemplate\":\"https:\\\/\\\/wi.ee\\\/et\\\/?s={search_term_string}\"},\"query-input\":{\"@type\":\"PropertyValueSpecification\",\"valueRequired\":true,\"valueName\":\"search_term_string\"}}],\"inLanguage\":\"et\"},{\"@type\":\"Organization\",\"@id\":\"https:\\\/\\\/wi.ee\\\/et\\\/#organization\",\"name\":\"V\u00f5ru Instituut\",\"url\":\"https:\\\/\\\/wi.ee\\\/et\\\/\",\"logo\":{\"@type\":\"ImageObject\",\"inLanguage\":\"et\",\"@id\":\"https:\\\/\\\/wi.ee\\\/et\\\/#\\\/schema\\\/logo\\\/image\\\/\",\"url\":\"https:\\\/\\\/wi.ee\\\/wp-content\\\/uploads\\\/2015\\\/05\\\/logo-150507.png\",\"contentUrl\":\"https:\\\/\\\/wi.ee\\\/wp-content\\\/uploads\\\/2015\\\/05\\\/logo-150507.png\",\"width\":183,\"height\":123,\"caption\":\"V\u00f5ru Instituut\"},\"image\":{\"@id\":\"https:\\\/\\\/wi.ee\\\/et\\\/#\\\/schema\\\/logo\\\/image\\\/\"},\"sameAs\":[\"https:\\\/\\\/www.facebook.com\\\/VoroInstituut\"]}]}<\/script>\n<!-- \/ Yoast SEO plugin. -->","yoast_head_json":{"title":"V\u00f5ro keele n\u00e4dalast 2020 - V\u00f5ru Instituut","robots":{"index":"index","follow":"follow","max-snippet":"max-snippet:-1","max-image-preview":"max-image-preview:large","max-video-preview":"max-video-preview:-1"},"canonical":"https:\/\/wi.ee\/et\/tegemised\/voru-keele-nadal-2021\/voro-keele-nadalast-2020\/","og_locale":"et_EE","og_type":"article","og_title":"V\u00f5ro keele n\u00e4dalast 2020 - V\u00f5ru Instituut","og_description":"V\u00d5RO KEELE N\u00c4DALA KOKKUV\u00d5TE V\u00f5ro keele n\u00e4t\u00e4l\u00a0 pakkus v\u00f5rokestele rohkelt v\u00f5imalusi umma kiilt kuulda ja k\u00f5n\u00f5lda \u00a0Iga aasta novembrikuu esimesel n\u00e4dalal on v\u00f5ru keele n\u00e4dal, sel aastal toimus see juba 16. korda. 2.-8. novembril olnud v\u00f5ru keele n\u00e4dala \u00fcleskutse oli \u201eK\u00f5n\u00f5l\u00f5 mukka v\u00f5ro kiilt!\u201c. N\u00e4dala jooksul tegutses ligi 300 v\u00f5ru keele agenti, kes olid eeskujuks [&hellip;]","og_url":"https:\/\/wi.ee\/et\/tegemised\/voru-keele-nadal-2021\/voro-keele-nadalast-2020\/","og_site_name":"V\u00f5ru Instituut","article_publisher":"https:\/\/www.facebook.com\/VoroInstituut","og_image":[{"url":"https:\/\/wi.ee\/wp-content\/uploads\/2020\/09\/voromark_valgetaust_veebi-300x300.jpg","type":"","width":"","height":""}],"twitter_misc":{"Est. reading time":"4 minutit"},"schema":{"@context":"https:\/\/schema.org","@graph":[{"@type":"WebPage","@id":"https:\/\/wi.ee\/et\/tegemised\/voru-keele-nadal-2021\/voro-keele-nadalast-2020\/","url":"https:\/\/wi.ee\/et\/tegemised\/voru-keele-nadal-2021\/voro-keele-nadalast-2020\/","name":"V\u00f5ro keele n\u00e4dalast 2020 - V\u00f5ru Instituut","isPartOf":{"@id":"https:\/\/wi.ee\/et\/#website"},"primaryImageOfPage":{"@id":"https:\/\/wi.ee\/et\/tegemised\/voru-keele-nadal-2021\/voro-keele-nadalast-2020\/#primaryimage"},"image":{"@id":"https:\/\/wi.ee\/et\/tegemised\/voru-keele-nadal-2021\/voro-keele-nadalast-2020\/#primaryimage"},"thumbnailUrl":"https:\/\/wi.ee\/wp-content\/uploads\/2020\/09\/voromark_valgetaust_veebi-300x300.jpg","datePublished":"2021-10-05T11:59:32+00:00","breadcrumb":{"@id":"https:\/\/wi.ee\/et\/tegemised\/voru-keele-nadal-2021\/voro-keele-nadalast-2020\/#breadcrumb"},"inLanguage":"et","potentialAction":[{"@type":"ReadAction","target":["https:\/\/wi.ee\/et\/tegemised\/voru-keele-nadal-2021\/voro-keele-nadalast-2020\/"]}]},{"@type":"ImageObject","inLanguage":"et","@id":"https:\/\/wi.ee\/et\/tegemised\/voru-keele-nadal-2021\/voro-keele-nadalast-2020\/#primaryimage","url":"https:\/\/wi.ee\/wp-content\/uploads\/2020\/09\/voromark_valgetaust_veebi-300x300.jpg","contentUrl":"https:\/\/wi.ee\/wp-content\/uploads\/2020\/09\/voromark_valgetaust_veebi-300x300.jpg"},{"@type":"BreadcrumbList","@id":"https:\/\/wi.ee\/et\/tegemised\/voru-keele-nadal-2021\/voro-keele-nadalast-2020\/#breadcrumb","itemListElement":[{"@type":"ListItem","position":1,"name":"Avaleht","item":"https:\/\/wi.ee\/et\/"},{"@type":"ListItem","position":2,"name":"Tegemised","item":"https:\/\/wi.ee\/et\/tegemised\/"},{"@type":"ListItem","position":3,"name":"V\u00f5ru keele n\u00e4dal 2021","item":"https:\/\/wi.ee\/et\/tegemised\/voru-keele-nadal-2021\/"},{"@type":"ListItem","position":4,"name":"V\u00f5ro keele n\u00e4dalast 2020"}]},{"@type":"WebSite","@id":"https:\/\/wi.ee\/et\/#website","url":"https:\/\/wi.ee\/et\/","name":"V\u00f5ru Instituut","description":"","publisher":{"@id":"https:\/\/wi.ee\/et\/#organization"},"potentialAction":[{"@type":"SearchAction","target":{"@type":"EntryPoint","urlTemplate":"https:\/\/wi.ee\/et\/?s={search_term_string}"},"query-input":{"@type":"PropertyValueSpecification","valueRequired":true,"valueName":"search_term_string"}}],"inLanguage":"et"},{"@type":"Organization","@id":"https:\/\/wi.ee\/et\/#organization","name":"V\u00f5ru Instituut","url":"https:\/\/wi.ee\/et\/","logo":{"@type":"ImageObject","inLanguage":"et","@id":"https:\/\/wi.ee\/et\/#\/schema\/logo\/image\/","url":"https:\/\/wi.ee\/wp-content\/uploads\/2015\/05\/logo-150507.png","contentUrl":"https:\/\/wi.ee\/wp-content\/uploads\/2015\/05\/logo-150507.png","width":183,"height":123,"caption":"V\u00f5ru Instituut"},"image":{"@id":"https:\/\/wi.ee\/et\/#\/schema\/logo\/image\/"},"sameAs":["https:\/\/www.facebook.com\/VoroInstituut"]}]}},"_links":{"self":[{"href":"https:\/\/wi.ee\/et\/wp-json\/wp\/v2\/pages\/9952","targetHints":{"allow":["GET"]}}],"collection":[{"href":"https:\/\/wi.ee\/et\/wp-json\/wp\/v2\/pages"}],"about":[{"href":"https:\/\/wi.ee\/et\/wp-json\/wp\/v2\/types\/page"}],"author":[{"embeddable":true,"href":"https:\/\/wi.ee\/et\/wp-json\/wp\/v2\/users\/2"}],"replies":[{"embeddable":true,"href":"https:\/\/wi.ee\/et\/wp-json\/wp\/v2\/comments?post=9952"}],"version-history":[{"count":1,"href":"https:\/\/wi.ee\/et\/wp-json\/wp\/v2\/pages\/9952\/revisions"}],"predecessor-version":[{"id":9954,"href":"https:\/\/wi.ee\/et\/wp-json\/wp\/v2\/pages\/9952\/revisions\/9954"}],"up":[{"embeddable":true,"href":"https:\/\/wi.ee\/et\/wp-json\/wp\/v2\/pages\/7689"}],"wp:attachment":[{"href":"https:\/\/wi.ee\/et\/wp-json\/wp\/v2\/media?parent=9952"}],"curies":[{"name":"wp","href":"https:\/\/api.w.org\/{rel}","templated":true}]}}