{"id":91,"date":"2015-04-27T09:30:03","date_gmt":"2015-04-27T07:30:03","guid":{"rendered":"https:\/\/wi.ee\/?page_id=91"},"modified":"2015-10-23T10:10:13","modified_gmt":"2015-10-23T08:10:13","slug":"sotsioloogilised-uuringud","status":"publish","type":"page","link":"https:\/\/wi.ee\/et\/tegemised\/sotsioloogilised-uuringud\/","title":{"rendered":"Sotsioloogilised uuringud"},"content":{"rendered":"<p>Keeleuuringute k\u00f5rval on V\u00f5ru Instituut korraldanud (keele) sotsioloogilisi uuringuid Setumaal (1997), Kagu-Eestis (1998), Saare maakonnas (2001) ja ajaloolisel Mulgimaal (2002). Uuringute \u00fcheks p\u00f5hieesm\u00e4rgiks on olnud kohalike keelte praeguse seisundi kindlakstegemine . Keelekasutust m\u00e4\u00e4ravate seadusp\u00e4rade v\u00e4ljaselgitamiseks on kogutud ja anal\u00fc\u00fcsitud ajalooliste kultuuripiirkondade t\u00e4iskasvanud elanike (murde)keele kasutust ja oskust peegeldavaid empiirilisi andmeid. Selleks on k\u00fcsitud inimeste hinnanguid kohaliku keele kasutuse ja selle kasutamiseks sobilike sf\u00e4\u00e4ride, teemade ja valdkondade kohta. Nimetatud hoiakuid on anal\u00fc\u00fcsitud erinevate sotsiaaldemograafiliste n\u00e4itajate l\u00f5ikes. Peale nimetatu on erinevates uuringutes erineval m\u00e4\u00e4ral kajastatud ka eneseidentifikatsiooni ja kommete, p\u00e4ritolu ja p\u00f5lisusega seonduvat,elulaadi puutuvat jpm.<\/p>\n<p>K\u00f5igi nende uuringute tulemuste p\u00f5hjal v\u00f5ib v\u00e4ita, et kohalike keelte kasutamise seadusp\u00e4rasused on suuremal v\u00f5i v\u00e4hemal m\u00e4\u00e4ral seotud soo, vanuse ja haridustasemega. Kohalikus keeles k\u00f5nelevad sagedamini mehed, vanemad ja madalama haridustasemega inimesed. Lisaks sellele on alust arvata, et keelehoiakutes on toimunud ilmselt institutsionaalsete muutuste t\u00f5ttu mitmed nihked. Hoiakud on muutunud sallivamaks ja toetavamaks. Samas on institutsionaalseid muutusi ja nende tagaj\u00e4rgi v\u00f5imalik uurida siiski vaid pikaajalises perspektiivis. Muutused keelehoiakutes ei pruugi t\u00e4hendada positiivseid muutusi keeleoskuses, seda on vaja eraldi kontrollida.<\/p>\n<p>Ajaloolise Setumaa p\u00f5lisasustuse s\u00e4ilitamise v\u00f5imalused &#8211; 1997<\/p>\n<p>Kagueestlase keel, kombed, identiteet aastal 1998 &#8211; 1998<\/p>\n<p>Allkeelte seisundiuuring Saaremaal &#8211; 2001<\/p>\n<p>Allkeelte seisundiuuring Mulgimaal &#8211; 2002<\/p>\n<p>T\u00f6\u00f6j\u00f5u ja koolitusvajadus ning rahvastikuprognoos Kagu-Eestis &#8211; 1998<\/p>\n","protected":false},"excerpt":{"rendered":"<p>Keeleuuringute k\u00f5rval on V\u00f5ru Instituut korraldanud (keele) sotsioloogilisi uuringuid Setumaal (1997), Kagu-Eestis (1998), Saare maakonnas (2001) ja ajaloolisel Mulgimaal (2002). Uuringute \u00fcheks p\u00f5hieesm\u00e4rgiks on olnud kohalike keelte praeguse seisundi kindlakstegemine . Keelekasutust m\u00e4\u00e4ravate seadusp\u00e4rade v\u00e4ljaselgitamiseks on kogutud ja anal\u00fc\u00fcsitud ajalooliste kultuuripiirkondade t\u00e4iskasvanud elanike (murde)keele kasutust ja oskust peegeldavaid empiirilisi andmeid. Selleks on k\u00fcsitud inimeste hinnanguid [&hellip;]<\/p>\n","protected":false},"author":1,"featured_media":0,"parent":76,"menu_order":0,"comment_status":"closed","ping_status":"open","template":"","meta":{"_acf_changed":false,"footnotes":""},"class_list":["post-91","page","type-page","status-publish","hentry"],"acf":[],"yoast_head":"<!-- This site is optimized with the Yoast SEO plugin v27.3 - https:\/\/yoast.com\/product\/yoast-seo-wordpress\/ -->\n<title>Sotsioloogilised uuringud - V\u00f5ru Instituut<\/title>\n<meta name=\"robots\" content=\"index, follow, max-snippet:-1, max-image-preview:large, max-video-preview:-1\" \/>\n<link rel=\"canonical\" href=\"https:\/\/wi.ee\/et\/tegemised\/sotsioloogilised-uuringud\/\" \/>\n<meta property=\"og:locale\" content=\"et_EE\" \/>\n<meta property=\"og:type\" content=\"article\" \/>\n<meta property=\"og:title\" content=\"Sotsioloogilised uuringud - V\u00f5ru Instituut\" \/>\n<meta property=\"og:description\" content=\"Keeleuuringute k\u00f5rval on V\u00f5ru Instituut korraldanud (keele) sotsioloogilisi uuringuid Setumaal (1997), Kagu-Eestis (1998), Saare maakonnas (2001) ja ajaloolisel Mulgimaal (2002). Uuringute \u00fcheks p\u00f5hieesm\u00e4rgiks on olnud kohalike keelte praeguse seisundi kindlakstegemine . Keelekasutust m\u00e4\u00e4ravate seadusp\u00e4rade v\u00e4ljaselgitamiseks on kogutud ja anal\u00fc\u00fcsitud ajalooliste kultuuripiirkondade t\u00e4iskasvanud elanike (murde)keele kasutust ja oskust peegeldavaid empiirilisi andmeid. Selleks on k\u00fcsitud inimeste hinnanguid [&hellip;]\" \/>\n<meta property=\"og:url\" content=\"https:\/\/wi.ee\/et\/tegemised\/sotsioloogilised-uuringud\/\" \/>\n<meta property=\"og:site_name\" content=\"V\u00f5ru Instituut\" \/>\n<meta property=\"article:publisher\" content=\"https:\/\/www.facebook.com\/VoroInstituut\" \/>\n<meta property=\"article:modified_time\" content=\"2015-10-23T08:10:13+00:00\" \/>\n<meta property=\"og:image\" content=\"https:\/\/wi.ee\/wp-content\/uploads\/2015\/05\/logo-150507.png\" \/>\n\t<meta property=\"og:image:width\" content=\"183\" \/>\n\t<meta property=\"og:image:height\" content=\"123\" \/>\n\t<meta property=\"og:image:type\" content=\"image\/png\" \/>\n<meta name=\"twitter:label1\" content=\"Est. reading time\" \/>\n\t<meta name=\"twitter:data1\" content=\"1 minut\" \/>\n<script type=\"application\/ld+json\" class=\"yoast-schema-graph\">{\"@context\":\"https:\\\/\\\/schema.org\",\"@graph\":[{\"@type\":\"WebPage\",\"@id\":\"https:\\\/\\\/wi.ee\\\/et\\\/tegemised\\\/sotsioloogilised-uuringud\\\/\",\"url\":\"https:\\\/\\\/wi.ee\\\/et\\\/tegemised\\\/sotsioloogilised-uuringud\\\/\",\"name\":\"Sotsioloogilised uuringud - V\u00f5ru Instituut\",\"isPartOf\":{\"@id\":\"https:\\\/\\\/wi.ee\\\/et\\\/#website\"},\"datePublished\":\"2015-04-27T07:30:03+00:00\",\"dateModified\":\"2015-10-23T08:10:13+00:00\",\"breadcrumb\":{\"@id\":\"https:\\\/\\\/wi.ee\\\/et\\\/tegemised\\\/sotsioloogilised-uuringud\\\/#breadcrumb\"},\"inLanguage\":\"et\",\"potentialAction\":[{\"@type\":\"ReadAction\",\"target\":[\"https:\\\/\\\/wi.ee\\\/et\\\/tegemised\\\/sotsioloogilised-uuringud\\\/\"]}]},{\"@type\":\"BreadcrumbList\",\"@id\":\"https:\\\/\\\/wi.ee\\\/et\\\/tegemised\\\/sotsioloogilised-uuringud\\\/#breadcrumb\",\"itemListElement\":[{\"@type\":\"ListItem\",\"position\":1,\"name\":\"Avaleht\",\"item\":\"https:\\\/\\\/wi.ee\\\/et\\\/\"},{\"@type\":\"ListItem\",\"position\":2,\"name\":\"Tegemised\",\"item\":\"https:\\\/\\\/wi.ee\\\/et\\\/tegemised\\\/\"},{\"@type\":\"ListItem\",\"position\":3,\"name\":\"Sotsioloogilised uuringud\"}]},{\"@type\":\"WebSite\",\"@id\":\"https:\\\/\\\/wi.ee\\\/et\\\/#website\",\"url\":\"https:\\\/\\\/wi.ee\\\/et\\\/\",\"name\":\"V\u00f5ru Instituut\",\"description\":\"\",\"publisher\":{\"@id\":\"https:\\\/\\\/wi.ee\\\/et\\\/#organization\"},\"potentialAction\":[{\"@type\":\"SearchAction\",\"target\":{\"@type\":\"EntryPoint\",\"urlTemplate\":\"https:\\\/\\\/wi.ee\\\/et\\\/?s={search_term_string}\"},\"query-input\":{\"@type\":\"PropertyValueSpecification\",\"valueRequired\":true,\"valueName\":\"search_term_string\"}}],\"inLanguage\":\"et\"},{\"@type\":\"Organization\",\"@id\":\"https:\\\/\\\/wi.ee\\\/et\\\/#organization\",\"name\":\"V\u00f5ru Instituut\",\"url\":\"https:\\\/\\\/wi.ee\\\/et\\\/\",\"logo\":{\"@type\":\"ImageObject\",\"inLanguage\":\"et\",\"@id\":\"https:\\\/\\\/wi.ee\\\/et\\\/#\\\/schema\\\/logo\\\/image\\\/\",\"url\":\"https:\\\/\\\/wi.ee\\\/wp-content\\\/uploads\\\/2015\\\/05\\\/logo-150507.png\",\"contentUrl\":\"https:\\\/\\\/wi.ee\\\/wp-content\\\/uploads\\\/2015\\\/05\\\/logo-150507.png\",\"width\":183,\"height\":123,\"caption\":\"V\u00f5ru Instituut\"},\"image\":{\"@id\":\"https:\\\/\\\/wi.ee\\\/et\\\/#\\\/schema\\\/logo\\\/image\\\/\"},\"sameAs\":[\"https:\\\/\\\/www.facebook.com\\\/VoroInstituut\"]}]}<\/script>\n<!-- \/ Yoast SEO plugin. -->","yoast_head_json":{"title":"Sotsioloogilised uuringud - V\u00f5ru Instituut","robots":{"index":"index","follow":"follow","max-snippet":"max-snippet:-1","max-image-preview":"max-image-preview:large","max-video-preview":"max-video-preview:-1"},"canonical":"https:\/\/wi.ee\/et\/tegemised\/sotsioloogilised-uuringud\/","og_locale":"et_EE","og_type":"article","og_title":"Sotsioloogilised uuringud - V\u00f5ru Instituut","og_description":"Keeleuuringute k\u00f5rval on V\u00f5ru Instituut korraldanud (keele) sotsioloogilisi uuringuid Setumaal (1997), Kagu-Eestis (1998), Saare maakonnas (2001) ja ajaloolisel Mulgimaal (2002). Uuringute \u00fcheks p\u00f5hieesm\u00e4rgiks on olnud kohalike keelte praeguse seisundi kindlakstegemine . Keelekasutust m\u00e4\u00e4ravate seadusp\u00e4rade v\u00e4ljaselgitamiseks on kogutud ja anal\u00fc\u00fcsitud ajalooliste kultuuripiirkondade t\u00e4iskasvanud elanike (murde)keele kasutust ja oskust peegeldavaid empiirilisi andmeid. Selleks on k\u00fcsitud inimeste hinnanguid [&hellip;]","og_url":"https:\/\/wi.ee\/et\/tegemised\/sotsioloogilised-uuringud\/","og_site_name":"V\u00f5ru Instituut","article_publisher":"https:\/\/www.facebook.com\/VoroInstituut","article_modified_time":"2015-10-23T08:10:13+00:00","og_image":[{"width":183,"height":123,"url":"https:\/\/wi.ee\/wp-content\/uploads\/2015\/05\/logo-150507.png","type":"image\/png"}],"twitter_misc":{"Est. reading time":"1 minut"},"schema":{"@context":"https:\/\/schema.org","@graph":[{"@type":"WebPage","@id":"https:\/\/wi.ee\/et\/tegemised\/sotsioloogilised-uuringud\/","url":"https:\/\/wi.ee\/et\/tegemised\/sotsioloogilised-uuringud\/","name":"Sotsioloogilised uuringud - V\u00f5ru Instituut","isPartOf":{"@id":"https:\/\/wi.ee\/et\/#website"},"datePublished":"2015-04-27T07:30:03+00:00","dateModified":"2015-10-23T08:10:13+00:00","breadcrumb":{"@id":"https:\/\/wi.ee\/et\/tegemised\/sotsioloogilised-uuringud\/#breadcrumb"},"inLanguage":"et","potentialAction":[{"@type":"ReadAction","target":["https:\/\/wi.ee\/et\/tegemised\/sotsioloogilised-uuringud\/"]}]},{"@type":"BreadcrumbList","@id":"https:\/\/wi.ee\/et\/tegemised\/sotsioloogilised-uuringud\/#breadcrumb","itemListElement":[{"@type":"ListItem","position":1,"name":"Avaleht","item":"https:\/\/wi.ee\/et\/"},{"@type":"ListItem","position":2,"name":"Tegemised","item":"https:\/\/wi.ee\/et\/tegemised\/"},{"@type":"ListItem","position":3,"name":"Sotsioloogilised uuringud"}]},{"@type":"WebSite","@id":"https:\/\/wi.ee\/et\/#website","url":"https:\/\/wi.ee\/et\/","name":"V\u00f5ru Instituut","description":"","publisher":{"@id":"https:\/\/wi.ee\/et\/#organization"},"potentialAction":[{"@type":"SearchAction","target":{"@type":"EntryPoint","urlTemplate":"https:\/\/wi.ee\/et\/?s={search_term_string}"},"query-input":{"@type":"PropertyValueSpecification","valueRequired":true,"valueName":"search_term_string"}}],"inLanguage":"et"},{"@type":"Organization","@id":"https:\/\/wi.ee\/et\/#organization","name":"V\u00f5ru Instituut","url":"https:\/\/wi.ee\/et\/","logo":{"@type":"ImageObject","inLanguage":"et","@id":"https:\/\/wi.ee\/et\/#\/schema\/logo\/image\/","url":"https:\/\/wi.ee\/wp-content\/uploads\/2015\/05\/logo-150507.png","contentUrl":"https:\/\/wi.ee\/wp-content\/uploads\/2015\/05\/logo-150507.png","width":183,"height":123,"caption":"V\u00f5ru Instituut"},"image":{"@id":"https:\/\/wi.ee\/et\/#\/schema\/logo\/image\/"},"sameAs":["https:\/\/www.facebook.com\/VoroInstituut"]}]}},"_links":{"self":[{"href":"https:\/\/wi.ee\/et\/wp-json\/wp\/v2\/pages\/91","targetHints":{"allow":["GET"]}}],"collection":[{"href":"https:\/\/wi.ee\/et\/wp-json\/wp\/v2\/pages"}],"about":[{"href":"https:\/\/wi.ee\/et\/wp-json\/wp\/v2\/types\/page"}],"author":[{"embeddable":true,"href":"https:\/\/wi.ee\/et\/wp-json\/wp\/v2\/users\/1"}],"replies":[{"embeddable":true,"href":"https:\/\/wi.ee\/et\/wp-json\/wp\/v2\/comments?post=91"}],"version-history":[{"count":5,"href":"https:\/\/wi.ee\/et\/wp-json\/wp\/v2\/pages\/91\/revisions"}],"predecessor-version":[{"id":645,"href":"https:\/\/wi.ee\/et\/wp-json\/wp\/v2\/pages\/91\/revisions\/645"}],"up":[{"embeddable":true,"href":"https:\/\/wi.ee\/et\/wp-json\/wp\/v2\/pages\/76"}],"wp:attachment":[{"href":"https:\/\/wi.ee\/et\/wp-json\/wp\/v2\/media?parent=91"}],"curies":[{"name":"wp","href":"https:\/\/api.w.org\/{rel}","templated":true}]}}