{"id":877,"date":"2015-11-05T16:16:55","date_gmt":"2015-11-05T14:16:55","guid":{"rendered":"https:\/\/wi.ee\/?page_id=877"},"modified":"2016-02-03T15:10:45","modified_gmt":"2016-02-03T13:10:45","slug":"voru-instituudi-toimetised-16","status":"publish","type":"page","link":"https:\/\/wi.ee\/et\/voru-instituudi-toimetised-16\/","title":{"rendered":"V\u00f5ru Instituudi toimetised 16"},"content":{"rendered":"<p><em><strong>Kiil&#8217; ja hind\u00e4tiidmine\/ Keel ja identiteet<\/strong><\/em><\/p>\n<p>Pajusalu, Karl, Rahman, Jan (toim.)<br \/>\nV\u00f5ru: V\u00f5ro Instituudi Toim\u00f5ndus\u00f5 16, 2004<\/p>\n<p>Kogumikku on v\u00f5etud 2003 aasta s\u00fcgisel R\u00f5uges peetud konverentsi <em>Kiil&#8217; ja hind\u00e4tiidmine\/ Keel ja identiteet<\/em> ettekanded.<\/p>\n<h4>Artiklid<\/h4>\n<ul>\n<li>Martin Ehala &#8220;Keelehoid ja mitmikidentiteet&#8221;<\/li>\n<li>Enn Ernits &#8220;Dmitri Tsvetkovi keelekasutusest ja rahvustundest&#8221;<\/li>\n<li>Durk Gorter &#8220;Friisi keele \u00fchiskondlik staatus Madalmaades&#8221;<\/li>\n<li>Ute Hirner &#8220;Taaselustatud korni keel oma sajandal juubelil &#8211; kas v\u00f5itluse l\u00f5pp?&#8221;<\/li>\n<li>Kadri Koreinik &#8220;Keele sotsioloogilisest uurimisest V\u00f5ru, saarte ja Mulgi n\u00e4itel&#8221;<\/li>\n<li>Marjo Mela &#8220;Latvian virolaisten kielest\u00e4 ja identiteetist\u00e4&#8221;<\/li>\n<li>Peep Nemvalts &#8220;Eesti keel ja euroidentiteet&#8221;<\/li>\n<li>Annika Pasanen &#8220;Karjalaisten ja inarinsaamelaisten kielipes\u00e4toiminta ja identiteetti&#8221;<\/li>\n<li>\u00d8yvind Rang\u00f8y &#8220;Kumb norra kiil&#8217; om suur\u00f5mban ohon?&#8221;<\/li>\n<li>Kristi Salve &#8220;Vepsa keel, vepsa meel&#8221;<\/li>\n<li>Seppo Suhonen &#8220;Ajakiri L\u012bvli liivlaste ja liivi identiteedi kajastajana&#8221;<\/li>\n<li>Helena Sulkala &#8220;Uus keel v\u00f5i vana murre?&#8221;<\/li>\n<li>Aimar Ventsel &#8220;Kas Anabaril elavad dolgaanid, evengid v\u00f5i jakuudid?&#8221;<\/li>\n<li>Anna Verschik &#8220;Mitmekeelsuse uurimise perspektiive Eestis&#8221;<\/li>\n<li>Triin Vihalemm &#8220;Keelesuhted identiteediloome alusena&#8221;<\/li>\n<li>Kara D. Brown &#8220;Riigi rollist regionaalkeelte toetajana Euroopa Liidus&#8221;<\/li>\n<li>Kaido Kama &#8220;V\u00f5rokeisi hind\u00e4tiidmine ja Eesti keelepoliitiga&#8221;<\/li>\n<li>Mart Nutt &#8220;V\u00e4hemuskeelte kaitse \u00f5iguslikud aspektid&#8221;<\/li>\n<\/ul>\n","protected":false},"excerpt":{"rendered":"<p>Kiil&#8217; ja hind\u00e4tiidmine\/ Keel ja identiteet Pajusalu, Karl, Rahman, Jan (toim.) V\u00f5ru: V\u00f5ro Instituudi Toim\u00f5ndus\u00f5 16, 2004 Kogumikku on v\u00f5etud 2003 aasta s\u00fcgisel R\u00f5uges peetud konverentsi Kiil&#8217; ja hind\u00e4tiidmine\/ Keel ja identiteet ettekanded. Artiklid Martin Ehala &#8220;Keelehoid ja mitmikidentiteet&#8221; Enn Ernits &#8220;Dmitri Tsvetkovi keelekasutusest ja rahvustundest&#8221; Durk Gorter &#8220;Friisi keele \u00fchiskondlik staatus Madalmaades&#8221; Ute Hirner [&hellip;]<\/p>\n","protected":false},"author":2,"featured_media":0,"parent":0,"menu_order":0,"comment_status":"closed","ping_status":"closed","template":"","meta":{"_acf_changed":false,"footnotes":""},"class_list":["post-877","page","type-page","status-publish","hentry"],"acf":[],"yoast_head":"<!-- This site is optimized with the Yoast SEO plugin v27.3 - https:\/\/yoast.com\/product\/yoast-seo-wordpress\/ -->\n<title>V\u00f5ru Instituudi toimetised 16 - V\u00f5ru Instituut<\/title>\n<meta name=\"robots\" content=\"index, follow, max-snippet:-1, max-image-preview:large, max-video-preview:-1\" \/>\n<link rel=\"canonical\" href=\"https:\/\/wi.ee\/et\/voru-instituudi-toimetised-16\/\" \/>\n<meta property=\"og:locale\" content=\"et_EE\" \/>\n<meta property=\"og:type\" content=\"article\" \/>\n<meta property=\"og:title\" content=\"V\u00f5ru Instituudi toimetised 16 - V\u00f5ru Instituut\" \/>\n<meta property=\"og:description\" content=\"Kiil&#8217; ja hind\u00e4tiidmine\/ Keel ja identiteet Pajusalu, Karl, Rahman, Jan (toim.) V\u00f5ru: V\u00f5ro Instituudi Toim\u00f5ndus\u00f5 16, 2004 Kogumikku on v\u00f5etud 2003 aasta s\u00fcgisel R\u00f5uges peetud konverentsi Kiil&#8217; ja hind\u00e4tiidmine\/ Keel ja identiteet ettekanded. Artiklid Martin Ehala &#8220;Keelehoid ja mitmikidentiteet&#8221; Enn Ernits &#8220;Dmitri Tsvetkovi keelekasutusest ja rahvustundest&#8221; Durk Gorter &#8220;Friisi keele \u00fchiskondlik staatus Madalmaades&#8221; Ute Hirner [&hellip;]\" \/>\n<meta property=\"og:url\" content=\"https:\/\/wi.ee\/et\/voru-instituudi-toimetised-16\/\" \/>\n<meta property=\"og:site_name\" content=\"V\u00f5ru Instituut\" \/>\n<meta property=\"article:publisher\" content=\"https:\/\/www.facebook.com\/VoroInstituut\" \/>\n<meta property=\"article:modified_time\" content=\"2016-02-03T13:10:45+00:00\" \/>\n<meta property=\"og:image\" content=\"https:\/\/wi.ee\/wp-content\/uploads\/2015\/05\/logo-150507.png\" \/>\n\t<meta property=\"og:image:width\" content=\"183\" \/>\n\t<meta property=\"og:image:height\" content=\"123\" \/>\n\t<meta property=\"og:image:type\" content=\"image\/png\" \/>\n<meta name=\"twitter:label1\" content=\"Est. reading time\" \/>\n\t<meta name=\"twitter:data1\" content=\"1 minut\" \/>\n<script type=\"application\/ld+json\" class=\"yoast-schema-graph\">{\"@context\":\"https:\\\/\\\/schema.org\",\"@graph\":[{\"@type\":\"WebPage\",\"@id\":\"https:\\\/\\\/wi.ee\\\/et\\\/voru-instituudi-toimetised-16\\\/\",\"url\":\"https:\\\/\\\/wi.ee\\\/et\\\/voru-instituudi-toimetised-16\\\/\",\"name\":\"V\u00f5ru Instituudi toimetised 16 - V\u00f5ru Instituut\",\"isPartOf\":{\"@id\":\"https:\\\/\\\/wi.ee\\\/et\\\/#website\"},\"datePublished\":\"2015-11-05T14:16:55+00:00\",\"dateModified\":\"2016-02-03T13:10:45+00:00\",\"breadcrumb\":{\"@id\":\"https:\\\/\\\/wi.ee\\\/et\\\/voru-instituudi-toimetised-16\\\/#breadcrumb\"},\"inLanguage\":\"et\",\"potentialAction\":[{\"@type\":\"ReadAction\",\"target\":[\"https:\\\/\\\/wi.ee\\\/et\\\/voru-instituudi-toimetised-16\\\/\"]}]},{\"@type\":\"BreadcrumbList\",\"@id\":\"https:\\\/\\\/wi.ee\\\/et\\\/voru-instituudi-toimetised-16\\\/#breadcrumb\",\"itemListElement\":[{\"@type\":\"ListItem\",\"position\":1,\"name\":\"Avaleht\",\"item\":\"https:\\\/\\\/wi.ee\\\/et\\\/\"},{\"@type\":\"ListItem\",\"position\":2,\"name\":\"V\u00f5ru Instituudi toimetised 16\"}]},{\"@type\":\"WebSite\",\"@id\":\"https:\\\/\\\/wi.ee\\\/et\\\/#website\",\"url\":\"https:\\\/\\\/wi.ee\\\/et\\\/\",\"name\":\"V\u00f5ru Instituut\",\"description\":\"\",\"publisher\":{\"@id\":\"https:\\\/\\\/wi.ee\\\/et\\\/#organization\"},\"potentialAction\":[{\"@type\":\"SearchAction\",\"target\":{\"@type\":\"EntryPoint\",\"urlTemplate\":\"https:\\\/\\\/wi.ee\\\/et\\\/?s={search_term_string}\"},\"query-input\":{\"@type\":\"PropertyValueSpecification\",\"valueRequired\":true,\"valueName\":\"search_term_string\"}}],\"inLanguage\":\"et\"},{\"@type\":\"Organization\",\"@id\":\"https:\\\/\\\/wi.ee\\\/et\\\/#organization\",\"name\":\"V\u00f5ru Instituut\",\"url\":\"https:\\\/\\\/wi.ee\\\/et\\\/\",\"logo\":{\"@type\":\"ImageObject\",\"inLanguage\":\"et\",\"@id\":\"https:\\\/\\\/wi.ee\\\/et\\\/#\\\/schema\\\/logo\\\/image\\\/\",\"url\":\"https:\\\/\\\/wi.ee\\\/wp-content\\\/uploads\\\/2015\\\/05\\\/logo-150507.png\",\"contentUrl\":\"https:\\\/\\\/wi.ee\\\/wp-content\\\/uploads\\\/2015\\\/05\\\/logo-150507.png\",\"width\":183,\"height\":123,\"caption\":\"V\u00f5ru Instituut\"},\"image\":{\"@id\":\"https:\\\/\\\/wi.ee\\\/et\\\/#\\\/schema\\\/logo\\\/image\\\/\"},\"sameAs\":[\"https:\\\/\\\/www.facebook.com\\\/VoroInstituut\"]}]}<\/script>\n<!-- \/ Yoast SEO plugin. -->","yoast_head_json":{"title":"V\u00f5ru Instituudi toimetised 16 - V\u00f5ru Instituut","robots":{"index":"index","follow":"follow","max-snippet":"max-snippet:-1","max-image-preview":"max-image-preview:large","max-video-preview":"max-video-preview:-1"},"canonical":"https:\/\/wi.ee\/et\/voru-instituudi-toimetised-16\/","og_locale":"et_EE","og_type":"article","og_title":"V\u00f5ru Instituudi toimetised 16 - V\u00f5ru Instituut","og_description":"Kiil&#8217; ja hind\u00e4tiidmine\/ Keel ja identiteet Pajusalu, Karl, Rahman, Jan (toim.) V\u00f5ru: V\u00f5ro Instituudi Toim\u00f5ndus\u00f5 16, 2004 Kogumikku on v\u00f5etud 2003 aasta s\u00fcgisel R\u00f5uges peetud konverentsi Kiil&#8217; ja hind\u00e4tiidmine\/ Keel ja identiteet ettekanded. Artiklid Martin Ehala &#8220;Keelehoid ja mitmikidentiteet&#8221; Enn Ernits &#8220;Dmitri Tsvetkovi keelekasutusest ja rahvustundest&#8221; Durk Gorter &#8220;Friisi keele \u00fchiskondlik staatus Madalmaades&#8221; Ute Hirner [&hellip;]","og_url":"https:\/\/wi.ee\/et\/voru-instituudi-toimetised-16\/","og_site_name":"V\u00f5ru Instituut","article_publisher":"https:\/\/www.facebook.com\/VoroInstituut","article_modified_time":"2016-02-03T13:10:45+00:00","og_image":[{"width":183,"height":123,"url":"https:\/\/wi.ee\/wp-content\/uploads\/2015\/05\/logo-150507.png","type":"image\/png"}],"twitter_misc":{"Est. reading time":"1 minut"},"schema":{"@context":"https:\/\/schema.org","@graph":[{"@type":"WebPage","@id":"https:\/\/wi.ee\/et\/voru-instituudi-toimetised-16\/","url":"https:\/\/wi.ee\/et\/voru-instituudi-toimetised-16\/","name":"V\u00f5ru Instituudi toimetised 16 - V\u00f5ru Instituut","isPartOf":{"@id":"https:\/\/wi.ee\/et\/#website"},"datePublished":"2015-11-05T14:16:55+00:00","dateModified":"2016-02-03T13:10:45+00:00","breadcrumb":{"@id":"https:\/\/wi.ee\/et\/voru-instituudi-toimetised-16\/#breadcrumb"},"inLanguage":"et","potentialAction":[{"@type":"ReadAction","target":["https:\/\/wi.ee\/et\/voru-instituudi-toimetised-16\/"]}]},{"@type":"BreadcrumbList","@id":"https:\/\/wi.ee\/et\/voru-instituudi-toimetised-16\/#breadcrumb","itemListElement":[{"@type":"ListItem","position":1,"name":"Avaleht","item":"https:\/\/wi.ee\/et\/"},{"@type":"ListItem","position":2,"name":"V\u00f5ru Instituudi toimetised 16"}]},{"@type":"WebSite","@id":"https:\/\/wi.ee\/et\/#website","url":"https:\/\/wi.ee\/et\/","name":"V\u00f5ru Instituut","description":"","publisher":{"@id":"https:\/\/wi.ee\/et\/#organization"},"potentialAction":[{"@type":"SearchAction","target":{"@type":"EntryPoint","urlTemplate":"https:\/\/wi.ee\/et\/?s={search_term_string}"},"query-input":{"@type":"PropertyValueSpecification","valueRequired":true,"valueName":"search_term_string"}}],"inLanguage":"et"},{"@type":"Organization","@id":"https:\/\/wi.ee\/et\/#organization","name":"V\u00f5ru Instituut","url":"https:\/\/wi.ee\/et\/","logo":{"@type":"ImageObject","inLanguage":"et","@id":"https:\/\/wi.ee\/et\/#\/schema\/logo\/image\/","url":"https:\/\/wi.ee\/wp-content\/uploads\/2015\/05\/logo-150507.png","contentUrl":"https:\/\/wi.ee\/wp-content\/uploads\/2015\/05\/logo-150507.png","width":183,"height":123,"caption":"V\u00f5ru Instituut"},"image":{"@id":"https:\/\/wi.ee\/et\/#\/schema\/logo\/image\/"},"sameAs":["https:\/\/www.facebook.com\/VoroInstituut"]}]}},"_links":{"self":[{"href":"https:\/\/wi.ee\/et\/wp-json\/wp\/v2\/pages\/877","targetHints":{"allow":["GET"]}}],"collection":[{"href":"https:\/\/wi.ee\/et\/wp-json\/wp\/v2\/pages"}],"about":[{"href":"https:\/\/wi.ee\/et\/wp-json\/wp\/v2\/types\/page"}],"author":[{"embeddable":true,"href":"https:\/\/wi.ee\/et\/wp-json\/wp\/v2\/users\/2"}],"replies":[{"embeddable":true,"href":"https:\/\/wi.ee\/et\/wp-json\/wp\/v2\/comments?post=877"}],"version-history":[{"count":2,"href":"https:\/\/wi.ee\/et\/wp-json\/wp\/v2\/pages\/877\/revisions"}],"predecessor-version":[{"id":1233,"href":"https:\/\/wi.ee\/et\/wp-json\/wp\/v2\/pages\/877\/revisions\/1233"}],"wp:attachment":[{"href":"https:\/\/wi.ee\/et\/wp-json\/wp\/v2\/media?parent=877"}],"curies":[{"name":"wp","href":"https:\/\/api.w.org\/{rel}","templated":true}]}}