{"id":874,"date":"2015-11-05T16:07:37","date_gmt":"2015-11-05T14:07:37","guid":{"rendered":"https:\/\/wi.ee\/?page_id=874"},"modified":"2016-02-03T15:10:14","modified_gmt":"2016-02-03T13:10:14","slug":"voru-instituudi-toimetised-15","status":"publish","type":"page","link":"https:\/\/wi.ee\/et\/voru-instituudi-toimetised-15\/","title":{"rendered":"V\u00f5ru Instituudi toimetised 15"},"content":{"rendered":"<p><em><strong>\u00d5dagumeresoom\u00f5 hummogupiir&#8217; \/ L\u00e4\u00e4nemeresoome idapiir<\/strong><\/em><\/p>\n<p>Pajusalu, Karl, Rahman, Jan (toim.)<br \/>\nV\u00f5ru: V\u00f5ro Instituudi Toim\u00f5ndus\u00f5 15, 2003<\/p>\n<p>Kogumikku on v\u00f5etud 2002 aasta s\u00fcgisel R\u00f5uges peetud konverentsi <em>\u00d5dagumeresoom\u00f5 hummogupiir&#8217; \/ L\u00e4\u00e4nemeresoome idapiir<\/em> ettekanded. Kogumik j\u00e4tkab V\u00f5ro Instituudi toimetiste nr 4, nr 6, nr 10, nr 11 ja nr 14 temaatikat.<\/p>\n<h4>Artiklid<\/h4>\n<ul>\n<li>Tiit-Rein Viitso. &#8220;L\u00e4\u00e4nemeresoome idapiir&#8221;.<\/li>\n<li>Iris Audova. &#8220;Paarist l\u00e4\u00e4nemeresoome idapiiri \u00fcletavast morfoloogilisest paralleelist&#8221;.<\/li>\n<li>Enn Ernits. &#8220;T\u0161-h\u00e4\u00e4lik XVI\u2013XVII sajandi L\u00e4\u00e4ne-Ingeri nimedes: vadja keeleala piiridest&#8221;.<\/li>\n<li>Anu-Reet Hausenberg. &#8220;Areaalseid keelemuutusi P\u00f5hja-Dvinaa basseinis&#8221;.<\/li>\n<li>Heinike Heinsoo. &#8220;Onomatopoeetilised verbid vadja keeles&#8221;.<\/li>\n<li>Mall Hiiem\u00e4e. &#8220;L\u00e4\u00e4nemeresoome piiriala tunnusjooni Kirde-Eesti rahvap\u00e4rimuses&#8221;.<\/li>\n<li>Ott Kurs ja Helena Sulkala. &#8220;It\u00e4merensuomalaisia ydinalueita ja takamaita: Tornionlaakso&#8221;.<\/li>\n<li>Ago K\u00fcnnap. &#8220;L\u00e4\u00e4nemeresoome kunagine idapiir&#8221;.<\/li>\n<li>Heli Laanekask. &#8220;Tartu ja Tallinna keel 17. sajandi Liivimaal&#8221;.<\/li>\n<li>Peeter P\u00e4ll. &#8220;Petseri- ja Pihkvamaa kohanimedest&#8221;.<\/li>\n<li>Kristi Salve. &#8220;Folkloristi pilk \u00fchele piiril\u00f5igule&#8221;.<\/li>\n<li>Seppo Suhonen. &#8220;M\u00f5ned Setu eepose \u201cPeko\u201d keele iseloomulikud jooned&#8221;.<\/li>\n<li>Marju Torp-K\u00f5ivupuu. &#8221; (Sulg)looma ohverdamisest matusekombestikus&#8221;.<\/li>\n<li>Gea Troska. &#8220;Ajaloolise V\u00f5rumaa asulastikuiseloomulikest joontest XVI\u2013XX sajandil&#8221;.<\/li>\n<li>Kalle Eller. &#8220;As&#8217;aq kat\u00f5lt puult piiri&#8221;.<\/li>\n<\/ul>\n","protected":false},"excerpt":{"rendered":"<p>\u00d5dagumeresoom\u00f5 hummogupiir&#8217; \/ L\u00e4\u00e4nemeresoome idapiir Pajusalu, Karl, Rahman, Jan (toim.) V\u00f5ru: V\u00f5ro Instituudi Toim\u00f5ndus\u00f5 15, 2003 Kogumikku on v\u00f5etud 2002 aasta s\u00fcgisel R\u00f5uges peetud konverentsi \u00d5dagumeresoom\u00f5 hummogupiir&#8217; \/ L\u00e4\u00e4nemeresoome idapiir ettekanded. Kogumik j\u00e4tkab V\u00f5ro Instituudi toimetiste nr 4, nr 6, nr 10, nr 11 ja nr 14 temaatikat. Artiklid Tiit-Rein Viitso. &#8220;L\u00e4\u00e4nemeresoome idapiir&#8221;. Iris Audova. [&hellip;]<\/p>\n","protected":false},"author":2,"featured_media":0,"parent":0,"menu_order":0,"comment_status":"closed","ping_status":"closed","template":"","meta":{"_acf_changed":false,"footnotes":""},"class_list":["post-874","page","type-page","status-publish","hentry"],"acf":[],"yoast_head":"<!-- This site is optimized with the Yoast SEO plugin v27.3 - https:\/\/yoast.com\/product\/yoast-seo-wordpress\/ -->\n<title>V\u00f5ru Instituudi toimetised 15 - V\u00f5ru Instituut<\/title>\n<meta name=\"robots\" content=\"index, follow, max-snippet:-1, max-image-preview:large, max-video-preview:-1\" \/>\n<link rel=\"canonical\" href=\"https:\/\/wi.ee\/et\/voru-instituudi-toimetised-15\/\" \/>\n<meta property=\"og:locale\" content=\"et_EE\" \/>\n<meta property=\"og:type\" content=\"article\" \/>\n<meta property=\"og:title\" content=\"V\u00f5ru Instituudi toimetised 15 - V\u00f5ru Instituut\" \/>\n<meta property=\"og:description\" content=\"\u00d5dagumeresoom\u00f5 hummogupiir&#8217; \/ L\u00e4\u00e4nemeresoome idapiir Pajusalu, Karl, Rahman, Jan (toim.) V\u00f5ru: V\u00f5ro Instituudi Toim\u00f5ndus\u00f5 15, 2003 Kogumikku on v\u00f5etud 2002 aasta s\u00fcgisel R\u00f5uges peetud konverentsi \u00d5dagumeresoom\u00f5 hummogupiir&#8217; \/ L\u00e4\u00e4nemeresoome idapiir ettekanded. Kogumik j\u00e4tkab V\u00f5ro Instituudi toimetiste nr 4, nr 6, nr 10, nr 11 ja nr 14 temaatikat. Artiklid Tiit-Rein Viitso. &#8220;L\u00e4\u00e4nemeresoome idapiir&#8221;. Iris Audova. [&hellip;]\" \/>\n<meta property=\"og:url\" content=\"https:\/\/wi.ee\/et\/voru-instituudi-toimetised-15\/\" \/>\n<meta property=\"og:site_name\" content=\"V\u00f5ru Instituut\" \/>\n<meta property=\"article:publisher\" content=\"https:\/\/www.facebook.com\/VoroInstituut\" \/>\n<meta property=\"article:modified_time\" content=\"2016-02-03T13:10:14+00:00\" \/>\n<meta property=\"og:image\" content=\"https:\/\/wi.ee\/wp-content\/uploads\/2015\/05\/logo-150507.png\" \/>\n\t<meta property=\"og:image:width\" content=\"183\" \/>\n\t<meta property=\"og:image:height\" content=\"123\" \/>\n\t<meta property=\"og:image:type\" content=\"image\/png\" \/>\n<meta name=\"twitter:label1\" content=\"Est. reading time\" \/>\n\t<meta name=\"twitter:data1\" content=\"1 minut\" \/>\n<script type=\"application\/ld+json\" class=\"yoast-schema-graph\">{\"@context\":\"https:\\\/\\\/schema.org\",\"@graph\":[{\"@type\":\"WebPage\",\"@id\":\"https:\\\/\\\/wi.ee\\\/et\\\/voru-instituudi-toimetised-15\\\/\",\"url\":\"https:\\\/\\\/wi.ee\\\/et\\\/voru-instituudi-toimetised-15\\\/\",\"name\":\"V\u00f5ru Instituudi toimetised 15 - V\u00f5ru Instituut\",\"isPartOf\":{\"@id\":\"https:\\\/\\\/wi.ee\\\/et\\\/#website\"},\"datePublished\":\"2015-11-05T14:07:37+00:00\",\"dateModified\":\"2016-02-03T13:10:14+00:00\",\"breadcrumb\":{\"@id\":\"https:\\\/\\\/wi.ee\\\/et\\\/voru-instituudi-toimetised-15\\\/#breadcrumb\"},\"inLanguage\":\"et\",\"potentialAction\":[{\"@type\":\"ReadAction\",\"target\":[\"https:\\\/\\\/wi.ee\\\/et\\\/voru-instituudi-toimetised-15\\\/\"]}]},{\"@type\":\"BreadcrumbList\",\"@id\":\"https:\\\/\\\/wi.ee\\\/et\\\/voru-instituudi-toimetised-15\\\/#breadcrumb\",\"itemListElement\":[{\"@type\":\"ListItem\",\"position\":1,\"name\":\"Avaleht\",\"item\":\"https:\\\/\\\/wi.ee\\\/et\\\/\"},{\"@type\":\"ListItem\",\"position\":2,\"name\":\"V\u00f5ru Instituudi toimetised 15\"}]},{\"@type\":\"WebSite\",\"@id\":\"https:\\\/\\\/wi.ee\\\/et\\\/#website\",\"url\":\"https:\\\/\\\/wi.ee\\\/et\\\/\",\"name\":\"V\u00f5ru Instituut\",\"description\":\"\",\"publisher\":{\"@id\":\"https:\\\/\\\/wi.ee\\\/et\\\/#organization\"},\"potentialAction\":[{\"@type\":\"SearchAction\",\"target\":{\"@type\":\"EntryPoint\",\"urlTemplate\":\"https:\\\/\\\/wi.ee\\\/et\\\/?s={search_term_string}\"},\"query-input\":{\"@type\":\"PropertyValueSpecification\",\"valueRequired\":true,\"valueName\":\"search_term_string\"}}],\"inLanguage\":\"et\"},{\"@type\":\"Organization\",\"@id\":\"https:\\\/\\\/wi.ee\\\/et\\\/#organization\",\"name\":\"V\u00f5ru Instituut\",\"url\":\"https:\\\/\\\/wi.ee\\\/et\\\/\",\"logo\":{\"@type\":\"ImageObject\",\"inLanguage\":\"et\",\"@id\":\"https:\\\/\\\/wi.ee\\\/et\\\/#\\\/schema\\\/logo\\\/image\\\/\",\"url\":\"https:\\\/\\\/wi.ee\\\/wp-content\\\/uploads\\\/2015\\\/05\\\/logo-150507.png\",\"contentUrl\":\"https:\\\/\\\/wi.ee\\\/wp-content\\\/uploads\\\/2015\\\/05\\\/logo-150507.png\",\"width\":183,\"height\":123,\"caption\":\"V\u00f5ru Instituut\"},\"image\":{\"@id\":\"https:\\\/\\\/wi.ee\\\/et\\\/#\\\/schema\\\/logo\\\/image\\\/\"},\"sameAs\":[\"https:\\\/\\\/www.facebook.com\\\/VoroInstituut\"]}]}<\/script>\n<!-- \/ Yoast SEO plugin. -->","yoast_head_json":{"title":"V\u00f5ru Instituudi toimetised 15 - V\u00f5ru Instituut","robots":{"index":"index","follow":"follow","max-snippet":"max-snippet:-1","max-image-preview":"max-image-preview:large","max-video-preview":"max-video-preview:-1"},"canonical":"https:\/\/wi.ee\/et\/voru-instituudi-toimetised-15\/","og_locale":"et_EE","og_type":"article","og_title":"V\u00f5ru Instituudi toimetised 15 - V\u00f5ru Instituut","og_description":"\u00d5dagumeresoom\u00f5 hummogupiir&#8217; \/ L\u00e4\u00e4nemeresoome idapiir Pajusalu, Karl, Rahman, Jan (toim.) V\u00f5ru: V\u00f5ro Instituudi Toim\u00f5ndus\u00f5 15, 2003 Kogumikku on v\u00f5etud 2002 aasta s\u00fcgisel R\u00f5uges peetud konverentsi \u00d5dagumeresoom\u00f5 hummogupiir&#8217; \/ L\u00e4\u00e4nemeresoome idapiir ettekanded. Kogumik j\u00e4tkab V\u00f5ro Instituudi toimetiste nr 4, nr 6, nr 10, nr 11 ja nr 14 temaatikat. Artiklid Tiit-Rein Viitso. &#8220;L\u00e4\u00e4nemeresoome idapiir&#8221;. Iris Audova. [&hellip;]","og_url":"https:\/\/wi.ee\/et\/voru-instituudi-toimetised-15\/","og_site_name":"V\u00f5ru Instituut","article_publisher":"https:\/\/www.facebook.com\/VoroInstituut","article_modified_time":"2016-02-03T13:10:14+00:00","og_image":[{"width":183,"height":123,"url":"https:\/\/wi.ee\/wp-content\/uploads\/2015\/05\/logo-150507.png","type":"image\/png"}],"twitter_misc":{"Est. reading time":"1 minut"},"schema":{"@context":"https:\/\/schema.org","@graph":[{"@type":"WebPage","@id":"https:\/\/wi.ee\/et\/voru-instituudi-toimetised-15\/","url":"https:\/\/wi.ee\/et\/voru-instituudi-toimetised-15\/","name":"V\u00f5ru Instituudi toimetised 15 - V\u00f5ru Instituut","isPartOf":{"@id":"https:\/\/wi.ee\/et\/#website"},"datePublished":"2015-11-05T14:07:37+00:00","dateModified":"2016-02-03T13:10:14+00:00","breadcrumb":{"@id":"https:\/\/wi.ee\/et\/voru-instituudi-toimetised-15\/#breadcrumb"},"inLanguage":"et","potentialAction":[{"@type":"ReadAction","target":["https:\/\/wi.ee\/et\/voru-instituudi-toimetised-15\/"]}]},{"@type":"BreadcrumbList","@id":"https:\/\/wi.ee\/et\/voru-instituudi-toimetised-15\/#breadcrumb","itemListElement":[{"@type":"ListItem","position":1,"name":"Avaleht","item":"https:\/\/wi.ee\/et\/"},{"@type":"ListItem","position":2,"name":"V\u00f5ru Instituudi toimetised 15"}]},{"@type":"WebSite","@id":"https:\/\/wi.ee\/et\/#website","url":"https:\/\/wi.ee\/et\/","name":"V\u00f5ru Instituut","description":"","publisher":{"@id":"https:\/\/wi.ee\/et\/#organization"},"potentialAction":[{"@type":"SearchAction","target":{"@type":"EntryPoint","urlTemplate":"https:\/\/wi.ee\/et\/?s={search_term_string}"},"query-input":{"@type":"PropertyValueSpecification","valueRequired":true,"valueName":"search_term_string"}}],"inLanguage":"et"},{"@type":"Organization","@id":"https:\/\/wi.ee\/et\/#organization","name":"V\u00f5ru Instituut","url":"https:\/\/wi.ee\/et\/","logo":{"@type":"ImageObject","inLanguage":"et","@id":"https:\/\/wi.ee\/et\/#\/schema\/logo\/image\/","url":"https:\/\/wi.ee\/wp-content\/uploads\/2015\/05\/logo-150507.png","contentUrl":"https:\/\/wi.ee\/wp-content\/uploads\/2015\/05\/logo-150507.png","width":183,"height":123,"caption":"V\u00f5ru Instituut"},"image":{"@id":"https:\/\/wi.ee\/et\/#\/schema\/logo\/image\/"},"sameAs":["https:\/\/www.facebook.com\/VoroInstituut"]}]}},"_links":{"self":[{"href":"https:\/\/wi.ee\/et\/wp-json\/wp\/v2\/pages\/874","targetHints":{"allow":["GET"]}}],"collection":[{"href":"https:\/\/wi.ee\/et\/wp-json\/wp\/v2\/pages"}],"about":[{"href":"https:\/\/wi.ee\/et\/wp-json\/wp\/v2\/types\/page"}],"author":[{"embeddable":true,"href":"https:\/\/wi.ee\/et\/wp-json\/wp\/v2\/users\/2"}],"replies":[{"embeddable":true,"href":"https:\/\/wi.ee\/et\/wp-json\/wp\/v2\/comments?post=874"}],"version-history":[{"count":2,"href":"https:\/\/wi.ee\/et\/wp-json\/wp\/v2\/pages\/874\/revisions"}],"predecessor-version":[{"id":1232,"href":"https:\/\/wi.ee\/et\/wp-json\/wp\/v2\/pages\/874\/revisions\/1232"}],"wp:attachment":[{"href":"https:\/\/wi.ee\/et\/wp-json\/wp\/v2\/media?parent=874"}],"curies":[{"name":"wp","href":"https:\/\/api.w.org\/{rel}","templated":true}]}}