{"id":872,"date":"2015-11-05T16:06:39","date_gmt":"2015-11-05T14:06:39","guid":{"rendered":"https:\/\/wi.ee\/?page_id=872"},"modified":"2016-02-03T15:09:42","modified_gmt":"2016-02-03T13:09:42","slug":"voru-instituudi-toimetised-14","status":"publish","type":"page","link":"https:\/\/wi.ee\/et\/voru-instituudi-toimetised-14\/","title":{"rendered":"V\u00f5ru Instituudi toimetised 14"},"content":{"rendered":"<p><em><strong>V\u00e4ikeisi kiili kokkoputmis\u00f5\/V\u00e4ikeste keelte kontaktid<\/strong><\/em><\/p>\n<p>Pajusalu, Karl, Rahman, Jan (toim.)<br \/>\nV\u00f5ru: V\u00f5ro Instituudi Toim\u00f5ndus\u00f5 14, 2002<\/p>\n<ul>\n<li>Kogumikku on v\u00f5etud 2001 aasta s\u00fcgisel P\u00fchaj\u00e4rvel peetud konverentsi V\u00e4ikeisi kiili kokkoputmis\u00f5 \/ V\u00e4ikeste keelte kontaktid ettekanded. Kogumik j\u00e4tkab V\u00f5ro Instituudi toimetuste nr 4, nr 6, nr 10 ja nr 11 temaatikat.<\/li>\n<\/ul>\n<h4>Artiklid<\/h4>\n<ul>\n<li>Petar Kehayov. &#8220;Eesti keel ja makedoonia keel: arenguloolisi paralleele&#8221;.<\/li>\n<li>Vilja Oja. &#8220;Millistele kontaktidele viitab spetsiaalse kasutusega v\u00e4rvis\u00f5navara&#8221;.<\/li>\n<li>Ulla Palom\u00e4ki. &#8220;Mataltuneet diftongit suomessa ja virossa&#8221;.<\/li>\n<li>P\u00e9ter Pomozi. &#8220;V\u00f5ru ja ungari keele vokaalharmoonia \u00fchisjooni &#8211; juhus v\u00f5i ajalooline taust&#8221;.<\/li>\n<li>Eberhard Winkler. &#8220;Laens\u00f5nakihid Salatsi liivi keeles ja mis sellest j\u00e4reldub&#8221;:<\/li>\n<li>Aleksandra Belikova. &#8220;It\u00e4merensuomalaisten onomatopoeettisten verbien toinen el\u00e4m\u00e4 ven\u00e4j\u00e4n luoteismurteissa&#8221;.<\/li>\n<li>Triin Iva. &#8220;Eesti \u00fctiskeele m\u00f5otus\u00f5q v\u00f5ro keeleh&#8221;.<\/li>\n<li>Olga Karlova. &#8220;Vanhoja karjalaisia henkil\u00f6nnimi\u00e4 l(V)-nimimallin kantana&#8221;.<\/li>\n<li>Ago K\u00fcnnap. &#8220;V\u00e4ikeste uurali keelte uurimise siht Tartus&#8221;.<\/li>\n<li>Niina Aasm\u00e4e. &#8220;Ersa kirjaviisi k\u00fcsimustest&#8221;.<\/li>\n<li>Rena&#8217;te Blumberga. &#8220;Liivil\u00e4isten oma kansallinen identiteetti ja kieli&#8221;.<\/li>\n<li>K\u00fclli Eichenbaum, Kadri Koreinik. &#8220;Kiil ja p\u00f5lisus&#8221;.<\/li>\n<li>Tiiu Gr\u00fcnthal-Robert. &#8220;Bretooni identiteedist t\u00e4nap\u00e4eva Prantsusmaal&#8221;.<\/li>\n<li>Helena Sulkala. &#8220;\u00dche v\u00e4ikerahva keelehoiakuist&#8221;.<\/li>\n<li>Helle Metslang, Karl Pajusalu.&#8221;Evidensiaalsusest eesti keeles ja Tartu murde na-tunnuselisest kaudsest k\u00f5neviisist&#8221;.<\/li>\n<li>J\u00fcv\u00e4 Sull\u00f5v. &#8220;V\u00f5ro kaudus\u00f5 morfofonoloogiast&#8221;.<\/li>\n<li>Maria-Maren Sepper. &#8220;Evidentsiaalsuse v\u00e4ljendamine eesti kirjakeeles \u00fche sajandi jooksul&#8221;.<\/li>\n<\/ul>\n","protected":false},"excerpt":{"rendered":"<p>V\u00e4ikeisi kiili kokkoputmis\u00f5\/V\u00e4ikeste keelte kontaktid Pajusalu, Karl, Rahman, Jan (toim.) V\u00f5ru: V\u00f5ro Instituudi Toim\u00f5ndus\u00f5 14, 2002 Kogumikku on v\u00f5etud 2001 aasta s\u00fcgisel P\u00fchaj\u00e4rvel peetud konverentsi V\u00e4ikeisi kiili kokkoputmis\u00f5 \/ V\u00e4ikeste keelte kontaktid ettekanded. Kogumik j\u00e4tkab V\u00f5ro Instituudi toimetuste nr 4, nr 6, nr 10 ja nr 11 temaatikat. Artiklid Petar Kehayov. &#8220;Eesti keel ja makedoonia [&hellip;]<\/p>\n","protected":false},"author":2,"featured_media":0,"parent":0,"menu_order":0,"comment_status":"closed","ping_status":"closed","template":"","meta":{"_acf_changed":false,"footnotes":""},"class_list":["post-872","page","type-page","status-publish","hentry"],"acf":[],"yoast_head":"<!-- This site is optimized with the Yoast SEO plugin v27.3 - https:\/\/yoast.com\/product\/yoast-seo-wordpress\/ -->\n<title>V\u00f5ru Instituudi toimetised 14 - V\u00f5ru Instituut<\/title>\n<meta name=\"robots\" content=\"index, follow, max-snippet:-1, max-image-preview:large, max-video-preview:-1\" \/>\n<link rel=\"canonical\" href=\"https:\/\/wi.ee\/et\/voru-instituudi-toimetised-14\/\" \/>\n<meta property=\"og:locale\" content=\"et_EE\" \/>\n<meta property=\"og:type\" content=\"article\" \/>\n<meta property=\"og:title\" content=\"V\u00f5ru Instituudi toimetised 14 - V\u00f5ru Instituut\" \/>\n<meta property=\"og:description\" content=\"V\u00e4ikeisi kiili kokkoputmis\u00f5\/V\u00e4ikeste keelte kontaktid Pajusalu, Karl, Rahman, Jan (toim.) V\u00f5ru: V\u00f5ro Instituudi Toim\u00f5ndus\u00f5 14, 2002 Kogumikku on v\u00f5etud 2001 aasta s\u00fcgisel P\u00fchaj\u00e4rvel peetud konverentsi V\u00e4ikeisi kiili kokkoputmis\u00f5 \/ V\u00e4ikeste keelte kontaktid ettekanded. Kogumik j\u00e4tkab V\u00f5ro Instituudi toimetuste nr 4, nr 6, nr 10 ja nr 11 temaatikat. Artiklid Petar Kehayov. &#8220;Eesti keel ja makedoonia [&hellip;]\" \/>\n<meta property=\"og:url\" content=\"https:\/\/wi.ee\/et\/voru-instituudi-toimetised-14\/\" \/>\n<meta property=\"og:site_name\" content=\"V\u00f5ru Instituut\" \/>\n<meta property=\"article:publisher\" content=\"https:\/\/www.facebook.com\/VoroInstituut\" \/>\n<meta property=\"article:modified_time\" content=\"2016-02-03T13:09:42+00:00\" \/>\n<meta property=\"og:image\" content=\"https:\/\/wi.ee\/wp-content\/uploads\/2015\/05\/logo-150507.png\" \/>\n\t<meta property=\"og:image:width\" content=\"183\" \/>\n\t<meta property=\"og:image:height\" content=\"123\" \/>\n\t<meta property=\"og:image:type\" content=\"image\/png\" \/>\n<meta name=\"twitter:label1\" content=\"Est. reading time\" \/>\n\t<meta name=\"twitter:data1\" content=\"1 minut\" \/>\n<script type=\"application\/ld+json\" class=\"yoast-schema-graph\">{\"@context\":\"https:\\\/\\\/schema.org\",\"@graph\":[{\"@type\":\"WebPage\",\"@id\":\"https:\\\/\\\/wi.ee\\\/et\\\/voru-instituudi-toimetised-14\\\/\",\"url\":\"https:\\\/\\\/wi.ee\\\/et\\\/voru-instituudi-toimetised-14\\\/\",\"name\":\"V\u00f5ru Instituudi toimetised 14 - V\u00f5ru Instituut\",\"isPartOf\":{\"@id\":\"https:\\\/\\\/wi.ee\\\/et\\\/#website\"},\"datePublished\":\"2015-11-05T14:06:39+00:00\",\"dateModified\":\"2016-02-03T13:09:42+00:00\",\"breadcrumb\":{\"@id\":\"https:\\\/\\\/wi.ee\\\/et\\\/voru-instituudi-toimetised-14\\\/#breadcrumb\"},\"inLanguage\":\"et\",\"potentialAction\":[{\"@type\":\"ReadAction\",\"target\":[\"https:\\\/\\\/wi.ee\\\/et\\\/voru-instituudi-toimetised-14\\\/\"]}]},{\"@type\":\"BreadcrumbList\",\"@id\":\"https:\\\/\\\/wi.ee\\\/et\\\/voru-instituudi-toimetised-14\\\/#breadcrumb\",\"itemListElement\":[{\"@type\":\"ListItem\",\"position\":1,\"name\":\"Avaleht\",\"item\":\"https:\\\/\\\/wi.ee\\\/et\\\/\"},{\"@type\":\"ListItem\",\"position\":2,\"name\":\"V\u00f5ru Instituudi toimetised 14\"}]},{\"@type\":\"WebSite\",\"@id\":\"https:\\\/\\\/wi.ee\\\/et\\\/#website\",\"url\":\"https:\\\/\\\/wi.ee\\\/et\\\/\",\"name\":\"V\u00f5ru Instituut\",\"description\":\"\",\"publisher\":{\"@id\":\"https:\\\/\\\/wi.ee\\\/et\\\/#organization\"},\"potentialAction\":[{\"@type\":\"SearchAction\",\"target\":{\"@type\":\"EntryPoint\",\"urlTemplate\":\"https:\\\/\\\/wi.ee\\\/et\\\/?s={search_term_string}\"},\"query-input\":{\"@type\":\"PropertyValueSpecification\",\"valueRequired\":true,\"valueName\":\"search_term_string\"}}],\"inLanguage\":\"et\"},{\"@type\":\"Organization\",\"@id\":\"https:\\\/\\\/wi.ee\\\/et\\\/#organization\",\"name\":\"V\u00f5ru Instituut\",\"url\":\"https:\\\/\\\/wi.ee\\\/et\\\/\",\"logo\":{\"@type\":\"ImageObject\",\"inLanguage\":\"et\",\"@id\":\"https:\\\/\\\/wi.ee\\\/et\\\/#\\\/schema\\\/logo\\\/image\\\/\",\"url\":\"https:\\\/\\\/wi.ee\\\/wp-content\\\/uploads\\\/2015\\\/05\\\/logo-150507.png\",\"contentUrl\":\"https:\\\/\\\/wi.ee\\\/wp-content\\\/uploads\\\/2015\\\/05\\\/logo-150507.png\",\"width\":183,\"height\":123,\"caption\":\"V\u00f5ru Instituut\"},\"image\":{\"@id\":\"https:\\\/\\\/wi.ee\\\/et\\\/#\\\/schema\\\/logo\\\/image\\\/\"},\"sameAs\":[\"https:\\\/\\\/www.facebook.com\\\/VoroInstituut\"]}]}<\/script>\n<!-- \/ Yoast SEO plugin. -->","yoast_head_json":{"title":"V\u00f5ru Instituudi toimetised 14 - V\u00f5ru Instituut","robots":{"index":"index","follow":"follow","max-snippet":"max-snippet:-1","max-image-preview":"max-image-preview:large","max-video-preview":"max-video-preview:-1"},"canonical":"https:\/\/wi.ee\/et\/voru-instituudi-toimetised-14\/","og_locale":"et_EE","og_type":"article","og_title":"V\u00f5ru Instituudi toimetised 14 - V\u00f5ru Instituut","og_description":"V\u00e4ikeisi kiili kokkoputmis\u00f5\/V\u00e4ikeste keelte kontaktid Pajusalu, Karl, Rahman, Jan (toim.) V\u00f5ru: V\u00f5ro Instituudi Toim\u00f5ndus\u00f5 14, 2002 Kogumikku on v\u00f5etud 2001 aasta s\u00fcgisel P\u00fchaj\u00e4rvel peetud konverentsi V\u00e4ikeisi kiili kokkoputmis\u00f5 \/ V\u00e4ikeste keelte kontaktid ettekanded. Kogumik j\u00e4tkab V\u00f5ro Instituudi toimetuste nr 4, nr 6, nr 10 ja nr 11 temaatikat. Artiklid Petar Kehayov. &#8220;Eesti keel ja makedoonia [&hellip;]","og_url":"https:\/\/wi.ee\/et\/voru-instituudi-toimetised-14\/","og_site_name":"V\u00f5ru Instituut","article_publisher":"https:\/\/www.facebook.com\/VoroInstituut","article_modified_time":"2016-02-03T13:09:42+00:00","og_image":[{"width":183,"height":123,"url":"https:\/\/wi.ee\/wp-content\/uploads\/2015\/05\/logo-150507.png","type":"image\/png"}],"twitter_misc":{"Est. reading time":"1 minut"},"schema":{"@context":"https:\/\/schema.org","@graph":[{"@type":"WebPage","@id":"https:\/\/wi.ee\/et\/voru-instituudi-toimetised-14\/","url":"https:\/\/wi.ee\/et\/voru-instituudi-toimetised-14\/","name":"V\u00f5ru Instituudi toimetised 14 - V\u00f5ru Instituut","isPartOf":{"@id":"https:\/\/wi.ee\/et\/#website"},"datePublished":"2015-11-05T14:06:39+00:00","dateModified":"2016-02-03T13:09:42+00:00","breadcrumb":{"@id":"https:\/\/wi.ee\/et\/voru-instituudi-toimetised-14\/#breadcrumb"},"inLanguage":"et","potentialAction":[{"@type":"ReadAction","target":["https:\/\/wi.ee\/et\/voru-instituudi-toimetised-14\/"]}]},{"@type":"BreadcrumbList","@id":"https:\/\/wi.ee\/et\/voru-instituudi-toimetised-14\/#breadcrumb","itemListElement":[{"@type":"ListItem","position":1,"name":"Avaleht","item":"https:\/\/wi.ee\/et\/"},{"@type":"ListItem","position":2,"name":"V\u00f5ru Instituudi toimetised 14"}]},{"@type":"WebSite","@id":"https:\/\/wi.ee\/et\/#website","url":"https:\/\/wi.ee\/et\/","name":"V\u00f5ru Instituut","description":"","publisher":{"@id":"https:\/\/wi.ee\/et\/#organization"},"potentialAction":[{"@type":"SearchAction","target":{"@type":"EntryPoint","urlTemplate":"https:\/\/wi.ee\/et\/?s={search_term_string}"},"query-input":{"@type":"PropertyValueSpecification","valueRequired":true,"valueName":"search_term_string"}}],"inLanguage":"et"},{"@type":"Organization","@id":"https:\/\/wi.ee\/et\/#organization","name":"V\u00f5ru Instituut","url":"https:\/\/wi.ee\/et\/","logo":{"@type":"ImageObject","inLanguage":"et","@id":"https:\/\/wi.ee\/et\/#\/schema\/logo\/image\/","url":"https:\/\/wi.ee\/wp-content\/uploads\/2015\/05\/logo-150507.png","contentUrl":"https:\/\/wi.ee\/wp-content\/uploads\/2015\/05\/logo-150507.png","width":183,"height":123,"caption":"V\u00f5ru Instituut"},"image":{"@id":"https:\/\/wi.ee\/et\/#\/schema\/logo\/image\/"},"sameAs":["https:\/\/www.facebook.com\/VoroInstituut"]}]}},"_links":{"self":[{"href":"https:\/\/wi.ee\/et\/wp-json\/wp\/v2\/pages\/872","targetHints":{"allow":["GET"]}}],"collection":[{"href":"https:\/\/wi.ee\/et\/wp-json\/wp\/v2\/pages"}],"about":[{"href":"https:\/\/wi.ee\/et\/wp-json\/wp\/v2\/types\/page"}],"author":[{"embeddable":true,"href":"https:\/\/wi.ee\/et\/wp-json\/wp\/v2\/users\/2"}],"replies":[{"embeddable":true,"href":"https:\/\/wi.ee\/et\/wp-json\/wp\/v2\/comments?post=872"}],"version-history":[{"count":2,"href":"https:\/\/wi.ee\/et\/wp-json\/wp\/v2\/pages\/872\/revisions"}],"predecessor-version":[{"id":1231,"href":"https:\/\/wi.ee\/et\/wp-json\/wp\/v2\/pages\/872\/revisions\/1231"}],"wp:attachment":[{"href":"https:\/\/wi.ee\/et\/wp-json\/wp\/v2\/media?parent=872"}],"curies":[{"name":"wp","href":"https:\/\/api.w.org\/{rel}","templated":true}]}}