{"id":870,"date":"2015-11-05T16:05:33","date_gmt":"2015-11-05T14:05:33","guid":{"rendered":"https:\/\/wi.ee\/?page_id=870"},"modified":"2016-02-03T15:09:08","modified_gmt":"2016-02-03T13:09:08","slug":"voru-instituudi-toimetised-13","status":"publish","type":"page","link":"https:\/\/wi.ee\/et\/voru-instituudi-toimetised-13\/","title":{"rendered":"V\u00f5ru Instituudi toimetised 13"},"content":{"rendered":"<p><strong><em>V\u00f5romaa kotuss\u00f5nimmist<\/em><\/strong><\/p>\n<p>Faster, Mariko, Saar, Evar<br \/>\nToimetaja Peeter P\u00e4ll. V\u00f5ru: V\u00f5ro Instituudi Toim\u00f5ndus\u00f5 13, 2002<\/p>\n<ul>\n<li>Raamatus on avaldatud kaks iseseisvat uurimist\u00f6\u00f6d V\u00f5rumaa kohanimedest.<\/li>\n<\/ul>\n<h4>Artiklid<\/h4>\n<ul>\n<li>Mariko Faster. &#8220;\u00dclevaade ajaloolise V\u00f5romaa ja Setomaa kohanimede determinantidest&#8221;.<\/li>\n<li>Evar Saar. &#8220;R\u00e4pin\u00e4 ja Vahts\u00f5liina kohanimed. S\u00fcnkrooniline \u00fclevaade ja andmebaas&#8221;.<\/li>\n<\/ul>\n","protected":false},"excerpt":{"rendered":"<p>V\u00f5romaa kotuss\u00f5nimmist Faster, Mariko, Saar, Evar Toimetaja Peeter P\u00e4ll. V\u00f5ru: V\u00f5ro Instituudi Toim\u00f5ndus\u00f5 13, 2002 Raamatus on avaldatud kaks iseseisvat uurimist\u00f6\u00f6d V\u00f5rumaa kohanimedest. Artiklid Mariko Faster. &#8220;\u00dclevaade ajaloolise V\u00f5romaa ja Setomaa kohanimede determinantidest&#8221;. Evar Saar. &#8220;R\u00e4pin\u00e4 ja Vahts\u00f5liina kohanimed. S\u00fcnkrooniline \u00fclevaade ja andmebaas&#8221;.<\/p>\n","protected":false},"author":2,"featured_media":0,"parent":0,"menu_order":0,"comment_status":"closed","ping_status":"closed","template":"","meta":{"_acf_changed":false,"footnotes":""},"class_list":["post-870","page","type-page","status-publish","hentry"],"acf":[],"yoast_head":"<!-- This site is optimized with the Yoast SEO plugin v27.3 - https:\/\/yoast.com\/product\/yoast-seo-wordpress\/ -->\n<title>V\u00f5ru Instituudi toimetised 13 - V\u00f5ru Instituut<\/title>\n<meta name=\"robots\" content=\"index, follow, max-snippet:-1, max-image-preview:large, max-video-preview:-1\" \/>\n<link rel=\"canonical\" href=\"https:\/\/wi.ee\/et\/voru-instituudi-toimetised-13\/\" \/>\n<meta property=\"og:locale\" content=\"et_EE\" \/>\n<meta property=\"og:type\" content=\"article\" \/>\n<meta property=\"og:title\" content=\"V\u00f5ru Instituudi toimetised 13 - V\u00f5ru Instituut\" \/>\n<meta property=\"og:description\" content=\"V\u00f5romaa kotuss\u00f5nimmist Faster, Mariko, Saar, Evar Toimetaja Peeter P\u00e4ll. V\u00f5ru: V\u00f5ro Instituudi Toim\u00f5ndus\u00f5 13, 2002 Raamatus on avaldatud kaks iseseisvat uurimist\u00f6\u00f6d V\u00f5rumaa kohanimedest. Artiklid Mariko Faster. &#8220;\u00dclevaade ajaloolise V\u00f5romaa ja Setomaa kohanimede determinantidest&#8221;. Evar Saar. &#8220;R\u00e4pin\u00e4 ja Vahts\u00f5liina kohanimed. S\u00fcnkrooniline \u00fclevaade ja andmebaas&#8221;.\" \/>\n<meta property=\"og:url\" content=\"https:\/\/wi.ee\/et\/voru-instituudi-toimetised-13\/\" \/>\n<meta property=\"og:site_name\" content=\"V\u00f5ru Instituut\" \/>\n<meta property=\"article:publisher\" content=\"https:\/\/www.facebook.com\/VoroInstituut\" \/>\n<meta property=\"article:modified_time\" content=\"2016-02-03T13:09:08+00:00\" \/>\n<meta property=\"og:image\" content=\"https:\/\/wi.ee\/wp-content\/uploads\/2015\/05\/logo-150507.png\" \/>\n\t<meta property=\"og:image:width\" content=\"183\" \/>\n\t<meta property=\"og:image:height\" content=\"123\" \/>\n\t<meta property=\"og:image:type\" content=\"image\/png\" \/>\n<script type=\"application\/ld+json\" class=\"yoast-schema-graph\">{\"@context\":\"https:\\\/\\\/schema.org\",\"@graph\":[{\"@type\":\"WebPage\",\"@id\":\"https:\\\/\\\/wi.ee\\\/et\\\/voru-instituudi-toimetised-13\\\/\",\"url\":\"https:\\\/\\\/wi.ee\\\/et\\\/voru-instituudi-toimetised-13\\\/\",\"name\":\"V\u00f5ru Instituudi toimetised 13 - V\u00f5ru Instituut\",\"isPartOf\":{\"@id\":\"https:\\\/\\\/wi.ee\\\/et\\\/#website\"},\"datePublished\":\"2015-11-05T14:05:33+00:00\",\"dateModified\":\"2016-02-03T13:09:08+00:00\",\"breadcrumb\":{\"@id\":\"https:\\\/\\\/wi.ee\\\/et\\\/voru-instituudi-toimetised-13\\\/#breadcrumb\"},\"inLanguage\":\"et\",\"potentialAction\":[{\"@type\":\"ReadAction\",\"target\":[\"https:\\\/\\\/wi.ee\\\/et\\\/voru-instituudi-toimetised-13\\\/\"]}]},{\"@type\":\"BreadcrumbList\",\"@id\":\"https:\\\/\\\/wi.ee\\\/et\\\/voru-instituudi-toimetised-13\\\/#breadcrumb\",\"itemListElement\":[{\"@type\":\"ListItem\",\"position\":1,\"name\":\"Avaleht\",\"item\":\"https:\\\/\\\/wi.ee\\\/et\\\/\"},{\"@type\":\"ListItem\",\"position\":2,\"name\":\"V\u00f5ru Instituudi toimetised 13\"}]},{\"@type\":\"WebSite\",\"@id\":\"https:\\\/\\\/wi.ee\\\/et\\\/#website\",\"url\":\"https:\\\/\\\/wi.ee\\\/et\\\/\",\"name\":\"V\u00f5ru Instituut\",\"description\":\"\",\"publisher\":{\"@id\":\"https:\\\/\\\/wi.ee\\\/et\\\/#organization\"},\"potentialAction\":[{\"@type\":\"SearchAction\",\"target\":{\"@type\":\"EntryPoint\",\"urlTemplate\":\"https:\\\/\\\/wi.ee\\\/et\\\/?s={search_term_string}\"},\"query-input\":{\"@type\":\"PropertyValueSpecification\",\"valueRequired\":true,\"valueName\":\"search_term_string\"}}],\"inLanguage\":\"et\"},{\"@type\":\"Organization\",\"@id\":\"https:\\\/\\\/wi.ee\\\/et\\\/#organization\",\"name\":\"V\u00f5ru Instituut\",\"url\":\"https:\\\/\\\/wi.ee\\\/et\\\/\",\"logo\":{\"@type\":\"ImageObject\",\"inLanguage\":\"et\",\"@id\":\"https:\\\/\\\/wi.ee\\\/et\\\/#\\\/schema\\\/logo\\\/image\\\/\",\"url\":\"https:\\\/\\\/wi.ee\\\/wp-content\\\/uploads\\\/2015\\\/05\\\/logo-150507.png\",\"contentUrl\":\"https:\\\/\\\/wi.ee\\\/wp-content\\\/uploads\\\/2015\\\/05\\\/logo-150507.png\",\"width\":183,\"height\":123,\"caption\":\"V\u00f5ru Instituut\"},\"image\":{\"@id\":\"https:\\\/\\\/wi.ee\\\/et\\\/#\\\/schema\\\/logo\\\/image\\\/\"},\"sameAs\":[\"https:\\\/\\\/www.facebook.com\\\/VoroInstituut\"]}]}<\/script>\n<!-- \/ Yoast SEO plugin. -->","yoast_head_json":{"title":"V\u00f5ru Instituudi toimetised 13 - V\u00f5ru Instituut","robots":{"index":"index","follow":"follow","max-snippet":"max-snippet:-1","max-image-preview":"max-image-preview:large","max-video-preview":"max-video-preview:-1"},"canonical":"https:\/\/wi.ee\/et\/voru-instituudi-toimetised-13\/","og_locale":"et_EE","og_type":"article","og_title":"V\u00f5ru Instituudi toimetised 13 - V\u00f5ru Instituut","og_description":"V\u00f5romaa kotuss\u00f5nimmist Faster, Mariko, Saar, Evar Toimetaja Peeter P\u00e4ll. V\u00f5ru: V\u00f5ro Instituudi Toim\u00f5ndus\u00f5 13, 2002 Raamatus on avaldatud kaks iseseisvat uurimist\u00f6\u00f6d V\u00f5rumaa kohanimedest. Artiklid Mariko Faster. &#8220;\u00dclevaade ajaloolise V\u00f5romaa ja Setomaa kohanimede determinantidest&#8221;. Evar Saar. &#8220;R\u00e4pin\u00e4 ja Vahts\u00f5liina kohanimed. S\u00fcnkrooniline \u00fclevaade ja andmebaas&#8221;.","og_url":"https:\/\/wi.ee\/et\/voru-instituudi-toimetised-13\/","og_site_name":"V\u00f5ru Instituut","article_publisher":"https:\/\/www.facebook.com\/VoroInstituut","article_modified_time":"2016-02-03T13:09:08+00:00","og_image":[{"width":183,"height":123,"url":"https:\/\/wi.ee\/wp-content\/uploads\/2015\/05\/logo-150507.png","type":"image\/png"}],"schema":{"@context":"https:\/\/schema.org","@graph":[{"@type":"WebPage","@id":"https:\/\/wi.ee\/et\/voru-instituudi-toimetised-13\/","url":"https:\/\/wi.ee\/et\/voru-instituudi-toimetised-13\/","name":"V\u00f5ru Instituudi toimetised 13 - V\u00f5ru Instituut","isPartOf":{"@id":"https:\/\/wi.ee\/et\/#website"},"datePublished":"2015-11-05T14:05:33+00:00","dateModified":"2016-02-03T13:09:08+00:00","breadcrumb":{"@id":"https:\/\/wi.ee\/et\/voru-instituudi-toimetised-13\/#breadcrumb"},"inLanguage":"et","potentialAction":[{"@type":"ReadAction","target":["https:\/\/wi.ee\/et\/voru-instituudi-toimetised-13\/"]}]},{"@type":"BreadcrumbList","@id":"https:\/\/wi.ee\/et\/voru-instituudi-toimetised-13\/#breadcrumb","itemListElement":[{"@type":"ListItem","position":1,"name":"Avaleht","item":"https:\/\/wi.ee\/et\/"},{"@type":"ListItem","position":2,"name":"V\u00f5ru Instituudi toimetised 13"}]},{"@type":"WebSite","@id":"https:\/\/wi.ee\/et\/#website","url":"https:\/\/wi.ee\/et\/","name":"V\u00f5ru Instituut","description":"","publisher":{"@id":"https:\/\/wi.ee\/et\/#organization"},"potentialAction":[{"@type":"SearchAction","target":{"@type":"EntryPoint","urlTemplate":"https:\/\/wi.ee\/et\/?s={search_term_string}"},"query-input":{"@type":"PropertyValueSpecification","valueRequired":true,"valueName":"search_term_string"}}],"inLanguage":"et"},{"@type":"Organization","@id":"https:\/\/wi.ee\/et\/#organization","name":"V\u00f5ru Instituut","url":"https:\/\/wi.ee\/et\/","logo":{"@type":"ImageObject","inLanguage":"et","@id":"https:\/\/wi.ee\/et\/#\/schema\/logo\/image\/","url":"https:\/\/wi.ee\/wp-content\/uploads\/2015\/05\/logo-150507.png","contentUrl":"https:\/\/wi.ee\/wp-content\/uploads\/2015\/05\/logo-150507.png","width":183,"height":123,"caption":"V\u00f5ru Instituut"},"image":{"@id":"https:\/\/wi.ee\/et\/#\/schema\/logo\/image\/"},"sameAs":["https:\/\/www.facebook.com\/VoroInstituut"]}]}},"_links":{"self":[{"href":"https:\/\/wi.ee\/et\/wp-json\/wp\/v2\/pages\/870","targetHints":{"allow":["GET"]}}],"collection":[{"href":"https:\/\/wi.ee\/et\/wp-json\/wp\/v2\/pages"}],"about":[{"href":"https:\/\/wi.ee\/et\/wp-json\/wp\/v2\/types\/page"}],"author":[{"embeddable":true,"href":"https:\/\/wi.ee\/et\/wp-json\/wp\/v2\/users\/2"}],"replies":[{"embeddable":true,"href":"https:\/\/wi.ee\/et\/wp-json\/wp\/v2\/comments?post=870"}],"version-history":[{"count":2,"href":"https:\/\/wi.ee\/et\/wp-json\/wp\/v2\/pages\/870\/revisions"}],"predecessor-version":[{"id":1230,"href":"https:\/\/wi.ee\/et\/wp-json\/wp\/v2\/pages\/870\/revisions\/1230"}],"wp:attachment":[{"href":"https:\/\/wi.ee\/et\/wp-json\/wp\/v2\/media?parent=870"}],"curies":[{"name":"wp","href":"https:\/\/api.w.org\/{rel}","templated":true}]}}