{"id":8684,"date":"2021-04-07T14:30:58","date_gmt":"2021-04-07T12:30:58","guid":{"rendered":"https:\/\/wi.ee\/tegemised\/keelepesa\/opimaterjali\/"},"modified":"2024-12-10T16:40:26","modified_gmt":"2024-12-10T14:40:26","slug":"oppematerjal-2","status":"publish","type":"page","link":"https:\/\/wi.ee\/et\/tegemised\/keelepesa\/oppematerjal-2\/","title":{"rendered":"\u00d5ppematerjal"},"content":{"rendered":"<h4>Laulu<\/h4>\n<p><a href=\"https:\/\/wi.ee\/wp-content\/uploads\/2024\/11\/IMG_1235.mov\">K\u00fc\u00fcndlevalgus<\/a><\/p>\n<h4><\/h4>\n<h4>Luuletused<\/h4>\n<p><a href=\"https:\/\/wi.ee\/et\/aastaajad\/\" target=\"_blank\" rel=\"noopener\">Aastaajad<\/a><\/p>\n<p><a href=\"https:\/\/wi.ee\/et\/kodu\/\">Kodu<\/a><\/p>\n<p><a href=\"https:\/\/wi.ee\/et\/loodus\/\" target=\"_blank\" rel=\"noopener\">Loodus<\/a><\/p>\n<p><a href=\"https:\/\/wi.ee\/et\/lasteaed\/\">Lasteaed<\/a><\/p>\n<p><a href=\"https:\/\/wi.ee\/et\/muusika\/\" target=\"_blank\" rel=\"noopener\">Muusika<\/a><\/p>\n<p><a href=\"https:\/\/wi.ee\/et\/tahtpaevad\/\" target=\"_blank\" rel=\"noopener\">T\u00e4htp\u00e4evad<\/a><\/p>\n<p><a href=\"https:\/\/wi.ee\/et\/12-kuud\/\">12 kuud<\/a><\/p>\n<p><a href=\"https:\/\/wi.ee\/wp-content\/uploads\/2024\/12\/Luulotuso-keelepesakallondrist-2024.pdf\">Luuletused keelepesakalendrist<\/a><\/p>\n<p>&nbsp;<\/p>\n<h4>T\u00e4her\u00e4gastikud<\/h4>\n<p><a href=\"https:\/\/wi.ee\/et\/mardikad-ja-putukad\/\">Mardikad ja putukad<\/a><\/p>\n<p><a href=\"https:\/\/wi.ee\/et\/aia-ja-puuviljad-2\/\">Aia- ja puuviljad<\/a><\/p>\n<p><a href=\"https:\/\/wi.ee\/et\/marjad\/\">Marjad<\/a><\/p>\n<p><a href=\"https:\/\/wi.ee\/et\/puud\/\">Puud<\/a><\/p>\n<p><a href=\"https:\/\/wi.ee\/et\/linnud\/\">Linnud<\/a><\/p>\n","protected":false},"excerpt":{"rendered":"<p>Laulu K\u00fc\u00fcndlevalgus Luuletused Aastaajad Kodu Loodus Lasteaed Muusika T\u00e4htp\u00e4evad 12 kuud Luuletused keelepesakalendrist &nbsp; T\u00e4her\u00e4gastikud Mardikad ja putukad Aia- ja puuviljad Marjad Puud Linnud<\/p>\n","protected":false},"author":2,"featured_media":0,"parent":266,"menu_order":0,"comment_status":"closed","ping_status":"closed","template":"","meta":{"_acf_changed":false,"footnotes":""},"class_list":["post-8684","page","type-page","status-publish","hentry"],"acf":[],"yoast_head":"<!-- This site is optimized with the Yoast SEO plugin v27.4 - https:\/\/yoast.com\/product\/yoast-seo-wordpress\/ -->\n<title>\u00d5ppematerjal - V\u00f5ru Instituut<\/title>\n<meta name=\"robots\" content=\"index, follow, max-snippet:-1, max-image-preview:large, max-video-preview:-1\" \/>\n<link rel=\"canonical\" href=\"https:\/\/wi.ee\/et\/tegemised\/keelepesa\/oppematerjal-2\/\" \/>\n<meta property=\"og:locale\" content=\"et_EE\" \/>\n<meta property=\"og:type\" content=\"article\" \/>\n<meta property=\"og:title\" content=\"\u00d5ppematerjal - V\u00f5ru Instituut\" \/>\n<meta property=\"og:description\" content=\"Laulu K\u00fc\u00fcndlevalgus Luuletused Aastaajad Kodu Loodus Lasteaed Muusika T\u00e4htp\u00e4evad 12 kuud Luuletused keelepesakalendrist &nbsp; T\u00e4her\u00e4gastikud Mardikad ja putukad Aia- ja puuviljad Marjad Puud Linnud\" \/>\n<meta property=\"og:url\" content=\"https:\/\/wi.ee\/et\/tegemised\/keelepesa\/oppematerjal-2\/\" \/>\n<meta property=\"og:site_name\" content=\"V\u00f5ru Instituut\" \/>\n<meta property=\"article:publisher\" content=\"https:\/\/www.facebook.com\/VoroInstituut\" \/>\n<meta property=\"article:modified_time\" content=\"2024-12-10T14:40:26+00:00\" \/>\n<meta property=\"og:image\" content=\"https:\/\/wi.ee\/wp-content\/uploads\/2015\/05\/logo-150507.png\" \/>\n\t<meta property=\"og:image:width\" content=\"183\" \/>\n\t<meta property=\"og:image:height\" content=\"123\" \/>\n\t<meta property=\"og:image:type\" content=\"image\/png\" \/>\n<meta name=\"twitter:label1\" content=\"Est. reading time\" \/>\n\t<meta name=\"twitter:data1\" content=\"1 minut\" \/>\n<script type=\"application\/ld+json\" class=\"yoast-schema-graph\">{\"@context\":\"https:\\\/\\\/schema.org\",\"@graph\":[{\"@type\":\"WebPage\",\"@id\":\"https:\\\/\\\/wi.ee\\\/et\\\/tegemised\\\/keelepesa\\\/oppematerjal-2\\\/\",\"url\":\"https:\\\/\\\/wi.ee\\\/et\\\/tegemised\\\/keelepesa\\\/oppematerjal-2\\\/\",\"name\":\"\u00d5ppematerjal - V\u00f5ru Instituut\",\"isPartOf\":{\"@id\":\"https:\\\/\\\/wi.ee\\\/et\\\/#website\"},\"datePublished\":\"2021-04-07T12:30:58+00:00\",\"dateModified\":\"2024-12-10T14:40:26+00:00\",\"breadcrumb\":{\"@id\":\"https:\\\/\\\/wi.ee\\\/et\\\/tegemised\\\/keelepesa\\\/oppematerjal-2\\\/#breadcrumb\"},\"inLanguage\":\"et\",\"potentialAction\":[{\"@type\":\"ReadAction\",\"target\":[\"https:\\\/\\\/wi.ee\\\/et\\\/tegemised\\\/keelepesa\\\/oppematerjal-2\\\/\"]}]},{\"@type\":\"BreadcrumbList\",\"@id\":\"https:\\\/\\\/wi.ee\\\/et\\\/tegemised\\\/keelepesa\\\/oppematerjal-2\\\/#breadcrumb\",\"itemListElement\":[{\"@type\":\"ListItem\",\"position\":1,\"name\":\"Avaleht\",\"item\":\"https:\\\/\\\/wi.ee\\\/et\\\/\"},{\"@type\":\"ListItem\",\"position\":2,\"name\":\"Tegemised\",\"item\":\"https:\\\/\\\/wi.ee\\\/et\\\/tegemised\\\/\"},{\"@type\":\"ListItem\",\"position\":3,\"name\":\"Keelepesa\",\"item\":\"https:\\\/\\\/wi.ee\\\/et\\\/tegemised\\\/keelepesa\\\/\"},{\"@type\":\"ListItem\",\"position\":4,\"name\":\"\u00d5ppematerjal\"}]},{\"@type\":\"WebSite\",\"@id\":\"https:\\\/\\\/wi.ee\\\/et\\\/#website\",\"url\":\"https:\\\/\\\/wi.ee\\\/et\\\/\",\"name\":\"V\u00f5ru Instituut\",\"description\":\"\",\"publisher\":{\"@id\":\"https:\\\/\\\/wi.ee\\\/et\\\/#organization\"},\"potentialAction\":[{\"@type\":\"SearchAction\",\"target\":{\"@type\":\"EntryPoint\",\"urlTemplate\":\"https:\\\/\\\/wi.ee\\\/et\\\/?s={search_term_string}\"},\"query-input\":{\"@type\":\"PropertyValueSpecification\",\"valueRequired\":true,\"valueName\":\"search_term_string\"}}],\"inLanguage\":\"et\"},{\"@type\":\"Organization\",\"@id\":\"https:\\\/\\\/wi.ee\\\/et\\\/#organization\",\"name\":\"V\u00f5ru Instituut\",\"url\":\"https:\\\/\\\/wi.ee\\\/et\\\/\",\"logo\":{\"@type\":\"ImageObject\",\"inLanguage\":\"et\",\"@id\":\"https:\\\/\\\/wi.ee\\\/et\\\/#\\\/schema\\\/logo\\\/image\\\/\",\"url\":\"https:\\\/\\\/wi.ee\\\/wp-content\\\/uploads\\\/2015\\\/05\\\/logo-150507.png\",\"contentUrl\":\"https:\\\/\\\/wi.ee\\\/wp-content\\\/uploads\\\/2015\\\/05\\\/logo-150507.png\",\"width\":183,\"height\":123,\"caption\":\"V\u00f5ru Instituut\"},\"image\":{\"@id\":\"https:\\\/\\\/wi.ee\\\/et\\\/#\\\/schema\\\/logo\\\/image\\\/\"},\"sameAs\":[\"https:\\\/\\\/www.facebook.com\\\/VoroInstituut\"]}]}<\/script>\n<!-- \/ Yoast SEO plugin. -->","yoast_head_json":{"title":"\u00d5ppematerjal - V\u00f5ru Instituut","robots":{"index":"index","follow":"follow","max-snippet":"max-snippet:-1","max-image-preview":"max-image-preview:large","max-video-preview":"max-video-preview:-1"},"canonical":"https:\/\/wi.ee\/et\/tegemised\/keelepesa\/oppematerjal-2\/","og_locale":"et_EE","og_type":"article","og_title":"\u00d5ppematerjal - V\u00f5ru Instituut","og_description":"Laulu K\u00fc\u00fcndlevalgus Luuletused Aastaajad Kodu Loodus Lasteaed Muusika T\u00e4htp\u00e4evad 12 kuud Luuletused keelepesakalendrist &nbsp; T\u00e4her\u00e4gastikud Mardikad ja putukad Aia- ja puuviljad Marjad Puud Linnud","og_url":"https:\/\/wi.ee\/et\/tegemised\/keelepesa\/oppematerjal-2\/","og_site_name":"V\u00f5ru Instituut","article_publisher":"https:\/\/www.facebook.com\/VoroInstituut","article_modified_time":"2024-12-10T14:40:26+00:00","og_image":[{"width":183,"height":123,"url":"https:\/\/wi.ee\/wp-content\/uploads\/2015\/05\/logo-150507.png","type":"image\/png"}],"twitter_misc":{"Est. reading time":"1 minut"},"schema":{"@context":"https:\/\/schema.org","@graph":[{"@type":"WebPage","@id":"https:\/\/wi.ee\/et\/tegemised\/keelepesa\/oppematerjal-2\/","url":"https:\/\/wi.ee\/et\/tegemised\/keelepesa\/oppematerjal-2\/","name":"\u00d5ppematerjal - V\u00f5ru Instituut","isPartOf":{"@id":"https:\/\/wi.ee\/et\/#website"},"datePublished":"2021-04-07T12:30:58+00:00","dateModified":"2024-12-10T14:40:26+00:00","breadcrumb":{"@id":"https:\/\/wi.ee\/et\/tegemised\/keelepesa\/oppematerjal-2\/#breadcrumb"},"inLanguage":"et","potentialAction":[{"@type":"ReadAction","target":["https:\/\/wi.ee\/et\/tegemised\/keelepesa\/oppematerjal-2\/"]}]},{"@type":"BreadcrumbList","@id":"https:\/\/wi.ee\/et\/tegemised\/keelepesa\/oppematerjal-2\/#breadcrumb","itemListElement":[{"@type":"ListItem","position":1,"name":"Avaleht","item":"https:\/\/wi.ee\/et\/"},{"@type":"ListItem","position":2,"name":"Tegemised","item":"https:\/\/wi.ee\/et\/tegemised\/"},{"@type":"ListItem","position":3,"name":"Keelepesa","item":"https:\/\/wi.ee\/et\/tegemised\/keelepesa\/"},{"@type":"ListItem","position":4,"name":"\u00d5ppematerjal"}]},{"@type":"WebSite","@id":"https:\/\/wi.ee\/et\/#website","url":"https:\/\/wi.ee\/et\/","name":"V\u00f5ru Instituut","description":"","publisher":{"@id":"https:\/\/wi.ee\/et\/#organization"},"potentialAction":[{"@type":"SearchAction","target":{"@type":"EntryPoint","urlTemplate":"https:\/\/wi.ee\/et\/?s={search_term_string}"},"query-input":{"@type":"PropertyValueSpecification","valueRequired":true,"valueName":"search_term_string"}}],"inLanguage":"et"},{"@type":"Organization","@id":"https:\/\/wi.ee\/et\/#organization","name":"V\u00f5ru Instituut","url":"https:\/\/wi.ee\/et\/","logo":{"@type":"ImageObject","inLanguage":"et","@id":"https:\/\/wi.ee\/et\/#\/schema\/logo\/image\/","url":"https:\/\/wi.ee\/wp-content\/uploads\/2015\/05\/logo-150507.png","contentUrl":"https:\/\/wi.ee\/wp-content\/uploads\/2015\/05\/logo-150507.png","width":183,"height":123,"caption":"V\u00f5ru Instituut"},"image":{"@id":"https:\/\/wi.ee\/et\/#\/schema\/logo\/image\/"},"sameAs":["https:\/\/www.facebook.com\/VoroInstituut"]}]}},"_links":{"self":[{"href":"https:\/\/wi.ee\/et\/wp-json\/wp\/v2\/pages\/8684","targetHints":{"allow":["GET"]}}],"collection":[{"href":"https:\/\/wi.ee\/et\/wp-json\/wp\/v2\/pages"}],"about":[{"href":"https:\/\/wi.ee\/et\/wp-json\/wp\/v2\/types\/page"}],"author":[{"embeddable":true,"href":"https:\/\/wi.ee\/et\/wp-json\/wp\/v2\/users\/2"}],"replies":[{"embeddable":true,"href":"https:\/\/wi.ee\/et\/wp-json\/wp\/v2\/comments?post=8684"}],"version-history":[{"count":31,"href":"https:\/\/wi.ee\/et\/wp-json\/wp\/v2\/pages\/8684\/revisions"}],"predecessor-version":[{"id":13913,"href":"https:\/\/wi.ee\/et\/wp-json\/wp\/v2\/pages\/8684\/revisions\/13913"}],"up":[{"embeddable":true,"href":"https:\/\/wi.ee\/et\/wp-json\/wp\/v2\/pages\/266"}],"wp:attachment":[{"href":"https:\/\/wi.ee\/et\/wp-json\/wp\/v2\/media?parent=8684"}],"curies":[{"name":"wp","href":"https:\/\/api.w.org\/{rel}","templated":true}]}}