{"id":868,"date":"2015-11-05T16:04:37","date_gmt":"2015-11-05T14:04:37","guid":{"rendered":"https:\/\/wi.ee\/?page_id=868"},"modified":"2015-11-05T16:04:37","modified_gmt":"2015-11-05T14:04:37","slug":"voru-instituudi-toimetised-12","status":"publish","type":"page","link":"https:\/\/wi.ee\/et\/voru-instituudi-toimetised-12\/","title":{"rendered":"V\u00f5ru Instituudi toimetised 12"},"content":{"rendered":"<p><strong><em>V\u00f5ro-eesti synaraamat\/V\u00f5ru-eesti s\u00f5naraamat<\/em><\/strong><\/p>\n<p>J\u00fcva, Sull\u00f5v. (toim.)<br \/>\nV\u00f5ru: V\u00f5ro Instituudi Toim\u00f5ndus\u00f5q 12, 2002<\/p>\n<ul>\n<li>S\u00f5naraamatus on \u00fcle 15 000 m\u00e4rks\u00f5na, raamat annab ka k\u00f5igi m\u00e4rks\u00f5nade t\u00fc\u00fcbinumbrid ja s\u00f5nade muutmise tabelid. Lisaks on s\u00f5naraamatus v\u00e4ike kohanimeloend ja v\u00f5\u00f5rs\u00f5nade tarvitamise p\u00f5him\u00f5tted.<\/li>\n<\/ul>\n<h4>S\u00f5naraamatu peat\u00fckid<\/h4>\n<ul>\n<li>S\u00f5naraamatu kasutamisest<\/li>\n<li>L\u00fchendid<\/li>\n<li>S\u00f5naraamat<\/li>\n<li>L\u00fchike kohanimevalimik<\/li>\n<li>K\u00e4\u00e4nds\u00f5na vormistik<\/li>\n<li>P\u00f6\u00f6rds\u00f5na vormistik<\/li>\n<li>K\u00e4\u00e4nds\u00f5nat\u00fc\u00fcbid<\/li>\n<li>P\u00f6\u00f6rds\u00f5nat\u00fc\u00fcbid<\/li>\n<li>V\u00f5\u00f5rs\u00f5nade kasutamise p\u00f5him\u00f5tted<\/li>\n<li>Summary<\/li>\n<\/ul>\n","protected":false},"excerpt":{"rendered":"<p>V\u00f5ro-eesti synaraamat\/V\u00f5ru-eesti s\u00f5naraamat J\u00fcva, Sull\u00f5v. (toim.) V\u00f5ru: V\u00f5ro Instituudi Toim\u00f5ndus\u00f5q 12, 2002 S\u00f5naraamatus on \u00fcle 15 000 m\u00e4rks\u00f5na, raamat annab ka k\u00f5igi m\u00e4rks\u00f5nade t\u00fc\u00fcbinumbrid ja s\u00f5nade muutmise tabelid. Lisaks on s\u00f5naraamatus v\u00e4ike kohanimeloend ja v\u00f5\u00f5rs\u00f5nade tarvitamise p\u00f5him\u00f5tted. S\u00f5naraamatu peat\u00fckid S\u00f5naraamatu kasutamisest L\u00fchendid S\u00f5naraamat L\u00fchike kohanimevalimik K\u00e4\u00e4nds\u00f5na vormistik P\u00f6\u00f6rds\u00f5na vormistik K\u00e4\u00e4nds\u00f5nat\u00fc\u00fcbid P\u00f6\u00f6rds\u00f5nat\u00fc\u00fcbid V\u00f5\u00f5rs\u00f5nade kasutamise p\u00f5him\u00f5tted Summary<\/p>\n","protected":false},"author":2,"featured_media":0,"parent":0,"menu_order":0,"comment_status":"closed","ping_status":"closed","template":"","meta":{"_acf_changed":false,"footnotes":""},"class_list":["post-868","page","type-page","status-publish","hentry"],"acf":[],"yoast_head":"<!-- This site is optimized with the Yoast SEO plugin v27.3 - https:\/\/yoast.com\/product\/yoast-seo-wordpress\/ -->\n<title>V\u00f5ru Instituudi toimetised 12 - V\u00f5ru Instituut<\/title>\n<meta name=\"robots\" content=\"index, follow, max-snippet:-1, max-image-preview:large, max-video-preview:-1\" \/>\n<link rel=\"canonical\" href=\"https:\/\/wi.ee\/et\/voru-instituudi-toimetised-12\/\" \/>\n<meta property=\"og:locale\" content=\"et_EE\" \/>\n<meta property=\"og:type\" content=\"article\" \/>\n<meta property=\"og:title\" content=\"V\u00f5ru Instituudi toimetised 12 - V\u00f5ru Instituut\" \/>\n<meta property=\"og:description\" content=\"V\u00f5ro-eesti synaraamat\/V\u00f5ru-eesti s\u00f5naraamat J\u00fcva, Sull\u00f5v. (toim.) V\u00f5ru: V\u00f5ro Instituudi Toim\u00f5ndus\u00f5q 12, 2002 S\u00f5naraamatus on \u00fcle 15 000 m\u00e4rks\u00f5na, raamat annab ka k\u00f5igi m\u00e4rks\u00f5nade t\u00fc\u00fcbinumbrid ja s\u00f5nade muutmise tabelid. Lisaks on s\u00f5naraamatus v\u00e4ike kohanimeloend ja v\u00f5\u00f5rs\u00f5nade tarvitamise p\u00f5him\u00f5tted. S\u00f5naraamatu peat\u00fckid S\u00f5naraamatu kasutamisest L\u00fchendid S\u00f5naraamat L\u00fchike kohanimevalimik K\u00e4\u00e4nds\u00f5na vormistik P\u00f6\u00f6rds\u00f5na vormistik K\u00e4\u00e4nds\u00f5nat\u00fc\u00fcbid P\u00f6\u00f6rds\u00f5nat\u00fc\u00fcbid V\u00f5\u00f5rs\u00f5nade kasutamise p\u00f5him\u00f5tted Summary\" \/>\n<meta property=\"og:url\" content=\"https:\/\/wi.ee\/et\/voru-instituudi-toimetised-12\/\" \/>\n<meta property=\"og:site_name\" content=\"V\u00f5ru Instituut\" \/>\n<meta property=\"article:publisher\" content=\"https:\/\/www.facebook.com\/VoroInstituut\" \/>\n<meta property=\"og:image\" content=\"https:\/\/wi.ee\/wp-content\/uploads\/2015\/05\/logo-150507.png\" \/>\n\t<meta property=\"og:image:width\" content=\"183\" \/>\n\t<meta property=\"og:image:height\" content=\"123\" \/>\n\t<meta property=\"og:image:type\" content=\"image\/png\" \/>\n<script type=\"application\/ld+json\" class=\"yoast-schema-graph\">{\"@context\":\"https:\\\/\\\/schema.org\",\"@graph\":[{\"@type\":\"WebPage\",\"@id\":\"https:\\\/\\\/wi.ee\\\/et\\\/voru-instituudi-toimetised-12\\\/\",\"url\":\"https:\\\/\\\/wi.ee\\\/et\\\/voru-instituudi-toimetised-12\\\/\",\"name\":\"V\u00f5ru Instituudi toimetised 12 - V\u00f5ru Instituut\",\"isPartOf\":{\"@id\":\"https:\\\/\\\/wi.ee\\\/et\\\/#website\"},\"datePublished\":\"2015-11-05T14:04:37+00:00\",\"breadcrumb\":{\"@id\":\"https:\\\/\\\/wi.ee\\\/et\\\/voru-instituudi-toimetised-12\\\/#breadcrumb\"},\"inLanguage\":\"et\",\"potentialAction\":[{\"@type\":\"ReadAction\",\"target\":[\"https:\\\/\\\/wi.ee\\\/et\\\/voru-instituudi-toimetised-12\\\/\"]}]},{\"@type\":\"BreadcrumbList\",\"@id\":\"https:\\\/\\\/wi.ee\\\/et\\\/voru-instituudi-toimetised-12\\\/#breadcrumb\",\"itemListElement\":[{\"@type\":\"ListItem\",\"position\":1,\"name\":\"Avaleht\",\"item\":\"https:\\\/\\\/wi.ee\\\/et\\\/\"},{\"@type\":\"ListItem\",\"position\":2,\"name\":\"V\u00f5ru Instituudi toimetised 12\"}]},{\"@type\":\"WebSite\",\"@id\":\"https:\\\/\\\/wi.ee\\\/et\\\/#website\",\"url\":\"https:\\\/\\\/wi.ee\\\/et\\\/\",\"name\":\"V\u00f5ru Instituut\",\"description\":\"\",\"publisher\":{\"@id\":\"https:\\\/\\\/wi.ee\\\/et\\\/#organization\"},\"potentialAction\":[{\"@type\":\"SearchAction\",\"target\":{\"@type\":\"EntryPoint\",\"urlTemplate\":\"https:\\\/\\\/wi.ee\\\/et\\\/?s={search_term_string}\"},\"query-input\":{\"@type\":\"PropertyValueSpecification\",\"valueRequired\":true,\"valueName\":\"search_term_string\"}}],\"inLanguage\":\"et\"},{\"@type\":\"Organization\",\"@id\":\"https:\\\/\\\/wi.ee\\\/et\\\/#organization\",\"name\":\"V\u00f5ru Instituut\",\"url\":\"https:\\\/\\\/wi.ee\\\/et\\\/\",\"logo\":{\"@type\":\"ImageObject\",\"inLanguage\":\"et\",\"@id\":\"https:\\\/\\\/wi.ee\\\/et\\\/#\\\/schema\\\/logo\\\/image\\\/\",\"url\":\"https:\\\/\\\/wi.ee\\\/wp-content\\\/uploads\\\/2015\\\/05\\\/logo-150507.png\",\"contentUrl\":\"https:\\\/\\\/wi.ee\\\/wp-content\\\/uploads\\\/2015\\\/05\\\/logo-150507.png\",\"width\":183,\"height\":123,\"caption\":\"V\u00f5ru Instituut\"},\"image\":{\"@id\":\"https:\\\/\\\/wi.ee\\\/et\\\/#\\\/schema\\\/logo\\\/image\\\/\"},\"sameAs\":[\"https:\\\/\\\/www.facebook.com\\\/VoroInstituut\"]}]}<\/script>\n<!-- \/ Yoast SEO plugin. -->","yoast_head_json":{"title":"V\u00f5ru Instituudi toimetised 12 - V\u00f5ru Instituut","robots":{"index":"index","follow":"follow","max-snippet":"max-snippet:-1","max-image-preview":"max-image-preview:large","max-video-preview":"max-video-preview:-1"},"canonical":"https:\/\/wi.ee\/et\/voru-instituudi-toimetised-12\/","og_locale":"et_EE","og_type":"article","og_title":"V\u00f5ru Instituudi toimetised 12 - V\u00f5ru Instituut","og_description":"V\u00f5ro-eesti synaraamat\/V\u00f5ru-eesti s\u00f5naraamat J\u00fcva, Sull\u00f5v. (toim.) V\u00f5ru: V\u00f5ro Instituudi Toim\u00f5ndus\u00f5q 12, 2002 S\u00f5naraamatus on \u00fcle 15 000 m\u00e4rks\u00f5na, raamat annab ka k\u00f5igi m\u00e4rks\u00f5nade t\u00fc\u00fcbinumbrid ja s\u00f5nade muutmise tabelid. Lisaks on s\u00f5naraamatus v\u00e4ike kohanimeloend ja v\u00f5\u00f5rs\u00f5nade tarvitamise p\u00f5him\u00f5tted. S\u00f5naraamatu peat\u00fckid S\u00f5naraamatu kasutamisest L\u00fchendid S\u00f5naraamat L\u00fchike kohanimevalimik K\u00e4\u00e4nds\u00f5na vormistik P\u00f6\u00f6rds\u00f5na vormistik K\u00e4\u00e4nds\u00f5nat\u00fc\u00fcbid P\u00f6\u00f6rds\u00f5nat\u00fc\u00fcbid V\u00f5\u00f5rs\u00f5nade kasutamise p\u00f5him\u00f5tted Summary","og_url":"https:\/\/wi.ee\/et\/voru-instituudi-toimetised-12\/","og_site_name":"V\u00f5ru Instituut","article_publisher":"https:\/\/www.facebook.com\/VoroInstituut","og_image":[{"width":183,"height":123,"url":"https:\/\/wi.ee\/wp-content\/uploads\/2015\/05\/logo-150507.png","type":"image\/png"}],"schema":{"@context":"https:\/\/schema.org","@graph":[{"@type":"WebPage","@id":"https:\/\/wi.ee\/et\/voru-instituudi-toimetised-12\/","url":"https:\/\/wi.ee\/et\/voru-instituudi-toimetised-12\/","name":"V\u00f5ru Instituudi toimetised 12 - V\u00f5ru Instituut","isPartOf":{"@id":"https:\/\/wi.ee\/et\/#website"},"datePublished":"2015-11-05T14:04:37+00:00","breadcrumb":{"@id":"https:\/\/wi.ee\/et\/voru-instituudi-toimetised-12\/#breadcrumb"},"inLanguage":"et","potentialAction":[{"@type":"ReadAction","target":["https:\/\/wi.ee\/et\/voru-instituudi-toimetised-12\/"]}]},{"@type":"BreadcrumbList","@id":"https:\/\/wi.ee\/et\/voru-instituudi-toimetised-12\/#breadcrumb","itemListElement":[{"@type":"ListItem","position":1,"name":"Avaleht","item":"https:\/\/wi.ee\/et\/"},{"@type":"ListItem","position":2,"name":"V\u00f5ru Instituudi toimetised 12"}]},{"@type":"WebSite","@id":"https:\/\/wi.ee\/et\/#website","url":"https:\/\/wi.ee\/et\/","name":"V\u00f5ru Instituut","description":"","publisher":{"@id":"https:\/\/wi.ee\/et\/#organization"},"potentialAction":[{"@type":"SearchAction","target":{"@type":"EntryPoint","urlTemplate":"https:\/\/wi.ee\/et\/?s={search_term_string}"},"query-input":{"@type":"PropertyValueSpecification","valueRequired":true,"valueName":"search_term_string"}}],"inLanguage":"et"},{"@type":"Organization","@id":"https:\/\/wi.ee\/et\/#organization","name":"V\u00f5ru Instituut","url":"https:\/\/wi.ee\/et\/","logo":{"@type":"ImageObject","inLanguage":"et","@id":"https:\/\/wi.ee\/et\/#\/schema\/logo\/image\/","url":"https:\/\/wi.ee\/wp-content\/uploads\/2015\/05\/logo-150507.png","contentUrl":"https:\/\/wi.ee\/wp-content\/uploads\/2015\/05\/logo-150507.png","width":183,"height":123,"caption":"V\u00f5ru Instituut"},"image":{"@id":"https:\/\/wi.ee\/et\/#\/schema\/logo\/image\/"},"sameAs":["https:\/\/www.facebook.com\/VoroInstituut"]}]}},"_links":{"self":[{"href":"https:\/\/wi.ee\/et\/wp-json\/wp\/v2\/pages\/868","targetHints":{"allow":["GET"]}}],"collection":[{"href":"https:\/\/wi.ee\/et\/wp-json\/wp\/v2\/pages"}],"about":[{"href":"https:\/\/wi.ee\/et\/wp-json\/wp\/v2\/types\/page"}],"author":[{"embeddable":true,"href":"https:\/\/wi.ee\/et\/wp-json\/wp\/v2\/users\/2"}],"replies":[{"embeddable":true,"href":"https:\/\/wi.ee\/et\/wp-json\/wp\/v2\/comments?post=868"}],"version-history":[{"count":1,"href":"https:\/\/wi.ee\/et\/wp-json\/wp\/v2\/pages\/868\/revisions"}],"predecessor-version":[{"id":869,"href":"https:\/\/wi.ee\/et\/wp-json\/wp\/v2\/pages\/868\/revisions\/869"}],"wp:attachment":[{"href":"https:\/\/wi.ee\/et\/wp-json\/wp\/v2\/media?parent=868"}],"curies":[{"name":"wp","href":"https:\/\/api.w.org\/{rel}","templated":true}]}}