{"id":866,"date":"2015-11-05T16:03:51","date_gmt":"2015-11-05T14:03:51","guid":{"rendered":"https:\/\/wi.ee\/?page_id=866"},"modified":"2016-02-03T15:08:39","modified_gmt":"2016-02-03T13:08:39","slug":"voru-instituudi-toimetised-11","status":"publish","type":"page","link":"https:\/\/wi.ee\/et\/voru-instituudi-toimetised-11\/","title":{"rendered":"V\u00f5ru Instituudi toimetised 11"},"content":{"rendered":"<p><strong><em>\u00d5dagumeresoom\u00f5 \u00fctist\u00fcse \/ L\u00e4\u00e4nemeresoome \u00fchendusteed<\/em><\/strong><\/p>\n<p>Pajusalu, Karl, Rahman, Jan (toim.)<br \/>\nV\u00f5ru: V\u00f5ro Instituudi Toim\u00f5ndus\u00f5 11, 2001<\/p>\n<ul>\n<li>Kogumikku on v\u00f5etud 2000 aasta s\u00fcgisel P\u00f5lvas peetud konverentsi \u00d5dagumeresoom\u00f5 \u00fctist\u00fcse \/ L\u00e4\u00e4nemeresoome \u00fchendusteed ettekanded. Kogumik j\u00e4tkab V\u00f5ro Instituudi toimetuste nr 4, nr 6 ja nr 10 temaatikat.<\/li>\n<\/ul>\n<h4>Artiklid<\/h4>\n<ul>\n<li>Laura Assmuth. &#8220;\u00dchendavad v\u00f5i eraldavad piirid? Etnilisus ja igap\u00e4evaelu L\u00e4ti, Venemaa ja Eesti piirialadel&#8221;.<\/li>\n<li>Rena&#8217;te Bille Blumberg. &#8220;Li&#8217;vli &#8211; liivil\u00e4isten ja suomalaisten yhteishanke 1930-luvulla eli nuoruuden naivismi ja mit\u00e4 siit\u00e4 seurasi&#8221;.<\/li>\n<li>Natalia Gilojeva. &#8220;Karjalan kielen indefiniittisten pronominien muodostuminen&#8221;<\/li>\n<li>Andreas Kalkun. &#8220;Maar&#8217;a ja Essu. Anne Vabarna kristlus&#8221;.<\/li>\n<li>Kadri Koreinik. &#8220;V\u00f5rokeste keele- ja kultuurihoiakutest ning V\u00f5ru Instituudist&#8221;.<\/li>\n<li>Denis Kuzmin. &#8220;Vienankarjalaisten paikannimimallien asutushistoriallisesta taustasta&#8221;.<\/li>\n<li>Ago K\u00fcnnap. &#8220;Suomenlahti yhteystien\u00e4&#8221;.<\/li>\n<li>Mare Piho. &#8220;Rootsi aeg Siberi setude kultuuris&#8221;.<\/li>\n<li>Sarv\u00f5 \u00d5i\u00f5. &#8220;Eel\u00e4ne, t\u00e4\u00e4mb\u00e4ne ja humm\u00f5nin\u00f5 Petserimaa&#8221;.<\/li>\n<li>Helena Sulkala. &#8220;L\u00e4\u00e4nemeresoome v\u00e4ikesed kirjakeeled&#8221;.<\/li>\n<li>Jaan \u00d5ispuu. &#8220;Karjalaste \u00fchendusteed ida ja l\u00e4\u00e4ne suunal&#8221;.<\/li>\n<\/ul>\n","protected":false},"excerpt":{"rendered":"<p>\u00d5dagumeresoom\u00f5 \u00fctist\u00fcse \/ L\u00e4\u00e4nemeresoome \u00fchendusteed Pajusalu, Karl, Rahman, Jan (toim.) V\u00f5ru: V\u00f5ro Instituudi Toim\u00f5ndus\u00f5 11, 2001 Kogumikku on v\u00f5etud 2000 aasta s\u00fcgisel P\u00f5lvas peetud konverentsi \u00d5dagumeresoom\u00f5 \u00fctist\u00fcse \/ L\u00e4\u00e4nemeresoome \u00fchendusteed ettekanded. Kogumik j\u00e4tkab V\u00f5ro Instituudi toimetuste nr 4, nr 6 ja nr 10 temaatikat. Artiklid Laura Assmuth. &#8220;\u00dchendavad v\u00f5i eraldavad piirid? Etnilisus ja igap\u00e4evaelu L\u00e4ti, [&hellip;]<\/p>\n","protected":false},"author":2,"featured_media":0,"parent":0,"menu_order":0,"comment_status":"closed","ping_status":"closed","template":"","meta":{"_acf_changed":false,"footnotes":""},"class_list":["post-866","page","type-page","status-publish","hentry"],"acf":[],"yoast_head":"<!-- This site is optimized with the Yoast SEO plugin v27.3 - https:\/\/yoast.com\/product\/yoast-seo-wordpress\/ -->\n<title>V\u00f5ru Instituudi toimetised 11 - V\u00f5ru Instituut<\/title>\n<meta name=\"robots\" content=\"index, follow, max-snippet:-1, max-image-preview:large, max-video-preview:-1\" \/>\n<link rel=\"canonical\" href=\"https:\/\/wi.ee\/et\/voru-instituudi-toimetised-11\/\" \/>\n<meta property=\"og:locale\" content=\"et_EE\" \/>\n<meta property=\"og:type\" content=\"article\" \/>\n<meta property=\"og:title\" content=\"V\u00f5ru Instituudi toimetised 11 - V\u00f5ru Instituut\" \/>\n<meta property=\"og:description\" content=\"\u00d5dagumeresoom\u00f5 \u00fctist\u00fcse \/ L\u00e4\u00e4nemeresoome \u00fchendusteed Pajusalu, Karl, Rahman, Jan (toim.) V\u00f5ru: V\u00f5ro Instituudi Toim\u00f5ndus\u00f5 11, 2001 Kogumikku on v\u00f5etud 2000 aasta s\u00fcgisel P\u00f5lvas peetud konverentsi \u00d5dagumeresoom\u00f5 \u00fctist\u00fcse \/ L\u00e4\u00e4nemeresoome \u00fchendusteed ettekanded. Kogumik j\u00e4tkab V\u00f5ro Instituudi toimetuste nr 4, nr 6 ja nr 10 temaatikat. Artiklid Laura Assmuth. &#8220;\u00dchendavad v\u00f5i eraldavad piirid? Etnilisus ja igap\u00e4evaelu L\u00e4ti, [&hellip;]\" \/>\n<meta property=\"og:url\" content=\"https:\/\/wi.ee\/et\/voru-instituudi-toimetised-11\/\" \/>\n<meta property=\"og:site_name\" content=\"V\u00f5ru Instituut\" \/>\n<meta property=\"article:publisher\" content=\"https:\/\/www.facebook.com\/VoroInstituut\" \/>\n<meta property=\"article:modified_time\" content=\"2016-02-03T13:08:39+00:00\" \/>\n<meta property=\"og:image\" content=\"https:\/\/wi.ee\/wp-content\/uploads\/2015\/05\/logo-150507.png\" \/>\n\t<meta property=\"og:image:width\" content=\"183\" \/>\n\t<meta property=\"og:image:height\" content=\"123\" \/>\n\t<meta property=\"og:image:type\" content=\"image\/png\" \/>\n<meta name=\"twitter:label1\" content=\"Est. reading time\" \/>\n\t<meta name=\"twitter:data1\" content=\"1 minut\" \/>\n<script type=\"application\/ld+json\" class=\"yoast-schema-graph\">{\"@context\":\"https:\\\/\\\/schema.org\",\"@graph\":[{\"@type\":\"WebPage\",\"@id\":\"https:\\\/\\\/wi.ee\\\/et\\\/voru-instituudi-toimetised-11\\\/\",\"url\":\"https:\\\/\\\/wi.ee\\\/et\\\/voru-instituudi-toimetised-11\\\/\",\"name\":\"V\u00f5ru Instituudi toimetised 11 - V\u00f5ru Instituut\",\"isPartOf\":{\"@id\":\"https:\\\/\\\/wi.ee\\\/et\\\/#website\"},\"datePublished\":\"2015-11-05T14:03:51+00:00\",\"dateModified\":\"2016-02-03T13:08:39+00:00\",\"breadcrumb\":{\"@id\":\"https:\\\/\\\/wi.ee\\\/et\\\/voru-instituudi-toimetised-11\\\/#breadcrumb\"},\"inLanguage\":\"et\",\"potentialAction\":[{\"@type\":\"ReadAction\",\"target\":[\"https:\\\/\\\/wi.ee\\\/et\\\/voru-instituudi-toimetised-11\\\/\"]}]},{\"@type\":\"BreadcrumbList\",\"@id\":\"https:\\\/\\\/wi.ee\\\/et\\\/voru-instituudi-toimetised-11\\\/#breadcrumb\",\"itemListElement\":[{\"@type\":\"ListItem\",\"position\":1,\"name\":\"Avaleht\",\"item\":\"https:\\\/\\\/wi.ee\\\/et\\\/\"},{\"@type\":\"ListItem\",\"position\":2,\"name\":\"V\u00f5ru Instituudi toimetised 11\"}]},{\"@type\":\"WebSite\",\"@id\":\"https:\\\/\\\/wi.ee\\\/et\\\/#website\",\"url\":\"https:\\\/\\\/wi.ee\\\/et\\\/\",\"name\":\"V\u00f5ru Instituut\",\"description\":\"\",\"publisher\":{\"@id\":\"https:\\\/\\\/wi.ee\\\/et\\\/#organization\"},\"potentialAction\":[{\"@type\":\"SearchAction\",\"target\":{\"@type\":\"EntryPoint\",\"urlTemplate\":\"https:\\\/\\\/wi.ee\\\/et\\\/?s={search_term_string}\"},\"query-input\":{\"@type\":\"PropertyValueSpecification\",\"valueRequired\":true,\"valueName\":\"search_term_string\"}}],\"inLanguage\":\"et\"},{\"@type\":\"Organization\",\"@id\":\"https:\\\/\\\/wi.ee\\\/et\\\/#organization\",\"name\":\"V\u00f5ru Instituut\",\"url\":\"https:\\\/\\\/wi.ee\\\/et\\\/\",\"logo\":{\"@type\":\"ImageObject\",\"inLanguage\":\"et\",\"@id\":\"https:\\\/\\\/wi.ee\\\/et\\\/#\\\/schema\\\/logo\\\/image\\\/\",\"url\":\"https:\\\/\\\/wi.ee\\\/wp-content\\\/uploads\\\/2015\\\/05\\\/logo-150507.png\",\"contentUrl\":\"https:\\\/\\\/wi.ee\\\/wp-content\\\/uploads\\\/2015\\\/05\\\/logo-150507.png\",\"width\":183,\"height\":123,\"caption\":\"V\u00f5ru Instituut\"},\"image\":{\"@id\":\"https:\\\/\\\/wi.ee\\\/et\\\/#\\\/schema\\\/logo\\\/image\\\/\"},\"sameAs\":[\"https:\\\/\\\/www.facebook.com\\\/VoroInstituut\"]}]}<\/script>\n<!-- \/ Yoast SEO plugin. -->","yoast_head_json":{"title":"V\u00f5ru Instituudi toimetised 11 - V\u00f5ru Instituut","robots":{"index":"index","follow":"follow","max-snippet":"max-snippet:-1","max-image-preview":"max-image-preview:large","max-video-preview":"max-video-preview:-1"},"canonical":"https:\/\/wi.ee\/et\/voru-instituudi-toimetised-11\/","og_locale":"et_EE","og_type":"article","og_title":"V\u00f5ru Instituudi toimetised 11 - V\u00f5ru Instituut","og_description":"\u00d5dagumeresoom\u00f5 \u00fctist\u00fcse \/ L\u00e4\u00e4nemeresoome \u00fchendusteed Pajusalu, Karl, Rahman, Jan (toim.) V\u00f5ru: V\u00f5ro Instituudi Toim\u00f5ndus\u00f5 11, 2001 Kogumikku on v\u00f5etud 2000 aasta s\u00fcgisel P\u00f5lvas peetud konverentsi \u00d5dagumeresoom\u00f5 \u00fctist\u00fcse \/ L\u00e4\u00e4nemeresoome \u00fchendusteed ettekanded. Kogumik j\u00e4tkab V\u00f5ro Instituudi toimetuste nr 4, nr 6 ja nr 10 temaatikat. Artiklid Laura Assmuth. &#8220;\u00dchendavad v\u00f5i eraldavad piirid? Etnilisus ja igap\u00e4evaelu L\u00e4ti, [&hellip;]","og_url":"https:\/\/wi.ee\/et\/voru-instituudi-toimetised-11\/","og_site_name":"V\u00f5ru Instituut","article_publisher":"https:\/\/www.facebook.com\/VoroInstituut","article_modified_time":"2016-02-03T13:08:39+00:00","og_image":[{"width":183,"height":123,"url":"https:\/\/wi.ee\/wp-content\/uploads\/2015\/05\/logo-150507.png","type":"image\/png"}],"twitter_misc":{"Est. reading time":"1 minut"},"schema":{"@context":"https:\/\/schema.org","@graph":[{"@type":"WebPage","@id":"https:\/\/wi.ee\/et\/voru-instituudi-toimetised-11\/","url":"https:\/\/wi.ee\/et\/voru-instituudi-toimetised-11\/","name":"V\u00f5ru Instituudi toimetised 11 - V\u00f5ru Instituut","isPartOf":{"@id":"https:\/\/wi.ee\/et\/#website"},"datePublished":"2015-11-05T14:03:51+00:00","dateModified":"2016-02-03T13:08:39+00:00","breadcrumb":{"@id":"https:\/\/wi.ee\/et\/voru-instituudi-toimetised-11\/#breadcrumb"},"inLanguage":"et","potentialAction":[{"@type":"ReadAction","target":["https:\/\/wi.ee\/et\/voru-instituudi-toimetised-11\/"]}]},{"@type":"BreadcrumbList","@id":"https:\/\/wi.ee\/et\/voru-instituudi-toimetised-11\/#breadcrumb","itemListElement":[{"@type":"ListItem","position":1,"name":"Avaleht","item":"https:\/\/wi.ee\/et\/"},{"@type":"ListItem","position":2,"name":"V\u00f5ru Instituudi toimetised 11"}]},{"@type":"WebSite","@id":"https:\/\/wi.ee\/et\/#website","url":"https:\/\/wi.ee\/et\/","name":"V\u00f5ru Instituut","description":"","publisher":{"@id":"https:\/\/wi.ee\/et\/#organization"},"potentialAction":[{"@type":"SearchAction","target":{"@type":"EntryPoint","urlTemplate":"https:\/\/wi.ee\/et\/?s={search_term_string}"},"query-input":{"@type":"PropertyValueSpecification","valueRequired":true,"valueName":"search_term_string"}}],"inLanguage":"et"},{"@type":"Organization","@id":"https:\/\/wi.ee\/et\/#organization","name":"V\u00f5ru Instituut","url":"https:\/\/wi.ee\/et\/","logo":{"@type":"ImageObject","inLanguage":"et","@id":"https:\/\/wi.ee\/et\/#\/schema\/logo\/image\/","url":"https:\/\/wi.ee\/wp-content\/uploads\/2015\/05\/logo-150507.png","contentUrl":"https:\/\/wi.ee\/wp-content\/uploads\/2015\/05\/logo-150507.png","width":183,"height":123,"caption":"V\u00f5ru Instituut"},"image":{"@id":"https:\/\/wi.ee\/et\/#\/schema\/logo\/image\/"},"sameAs":["https:\/\/www.facebook.com\/VoroInstituut"]}]}},"_links":{"self":[{"href":"https:\/\/wi.ee\/et\/wp-json\/wp\/v2\/pages\/866","targetHints":{"allow":["GET"]}}],"collection":[{"href":"https:\/\/wi.ee\/et\/wp-json\/wp\/v2\/pages"}],"about":[{"href":"https:\/\/wi.ee\/et\/wp-json\/wp\/v2\/types\/page"}],"author":[{"embeddable":true,"href":"https:\/\/wi.ee\/et\/wp-json\/wp\/v2\/users\/2"}],"replies":[{"embeddable":true,"href":"https:\/\/wi.ee\/et\/wp-json\/wp\/v2\/comments?post=866"}],"version-history":[{"count":2,"href":"https:\/\/wi.ee\/et\/wp-json\/wp\/v2\/pages\/866\/revisions"}],"predecessor-version":[{"id":1229,"href":"https:\/\/wi.ee\/et\/wp-json\/wp\/v2\/pages\/866\/revisions\/1229"}],"wp:attachment":[{"href":"https:\/\/wi.ee\/et\/wp-json\/wp\/v2\/media?parent=866"}],"curies":[{"name":"wp","href":"https:\/\/api.w.org\/{rel}","templated":true}]}}